{"id":12124,"date":"2025-07-04T13:16:35","date_gmt":"2025-07-04T13:16:35","guid":{"rendered":"https:\/\/xenonkungen.com\/?post_type=product&#038;p=12124"},"modified":"2026-04-11T00:33:58","modified_gmt":"2026-04-10T23:33:58","slug":"paquete-pequeno-3d-maxpider-tesla-model-s-2021","status":"publish","type":"product","link":"https:\/\/xenonkungen.com\/es\/producto\/paquete-pequeno-3d-maxpider-tesla-model-s-2021\/","title":{"rendered":"Paquete peque\u00f1o 3D Maxpider Tesla Model S 2021+"},"content":{"rendered":"<section>\n<h2>Alfombrillas premium 3D Maxpider para Tesla Model S<\/h2>\n<p>En este paquete obtendr\u00e1 nuestro popular <strong>Alfombras 3D Maxpider<\/strong> Para el Tesla Model S: un juego completo que incluye todo el habit\u00e1culo, as\u00ed como alfombrillas tanto para la parte delantera como para el maletero.<\/p>\n<p>Gracias a <strong>El dise\u00f1o 3D<\/strong> Las alfombrillas se adaptan perfectamente al suelo del coche, lo que proporciona una <strong>M\u00e1xima protecci\u00f3n contra la suciedad, el barro, el agua y la grava.<\/strong>Los bordes altos garantizan que nada se derrame sobre el interior original del coche.<\/p>\n<p>La exclusiva <strong>el material ligero<\/strong> Combinan durabilidad y elegancia, lo que hace que las alfombras se sientan como una opci\u00f3n de primera calidad. Adem\u00e1s, son <strong>completamente inodoro<\/strong> \u2013 No hay un fuerte olor a productos qu\u00edmicos al desembalar.<\/p>\n<p><strong>El molde de fundici\u00f3n<\/strong> Est\u00e1 espec\u00edficamente adaptado para el Tesla Model S y garantiza que cada alfombrilla quede perfectamente en su lugar, sin deslizarse.<\/p>\n<h3>Este paquete incluye:<\/h3>\n<ul>\n<li>Alfombrilla para el asiento delantero (izquierda y derecha)<\/li>\n<li>Alfombrilla del suelo del asiento trasero<\/li>\n<li>Alfombrilla del maletero (trasera)<\/li>\n<li>Alfombrilla (delantera)<\/li>\n<\/ul>\n<h3>Adecuado para:<\/h3>\n<ul>\n<li>Tesla Model S (todos los a\u00f1os modelo; verifique al realizar el pedido la compatibilidad espec\u00edfica para el modelo redise\u00f1ado)<\/li>\n<\/ul>\n<p><strong>Proteja su Tesla Model S con las alfombrillas m\u00e1s exclusivas del mercado: 3D Maxpider es la elecci\u00f3n para aquellos que no renuncian a la calidad y la funcionalidad.<\/strong><\/p>\n<\/section>","protected":false},"excerpt":{"rendered":"<p>3D Maxpider \u2013 Premium golvmattor till Tesla Model S I detta paket f\u00e5r du v\u00e5ra omtyckta 3D Maxpider-mattor till Tesla Model S \u2013 ett komplett set som inkluderar hela kup\u00e9n, samt mattor till b\u00e5de frunken och bagageutrymmet. Tack vare 3D-designen formar sig mattorna exakt efter bilens golv, vilket ger ett maximalt skydd mot smuts, lera, [&hellip;]<\/p>","protected":false},"featured_media":12131,"comment_status":"open","ping_status":"closed","template":"","meta":{"_acf_changed":false,"_smort_price_nok":"3733","_smort_price_dkk":"2372","_smort_price_eur":"317.71","_smort_sale_price_nok":"","_smort_sale_price_dkk":"","_smort_sale_price_eur":"269.99","smort_restorder":"","shipmondo_restorder":"","_kad_blocks_custom_css":"","_kad_blocks_head_custom_js":"","_kad_blocks_body_custom_js":"","_kad_blocks_footer_custom_js":"","smort_custom_pricelist_1":"2516.4","smort_custom_pricelist_2":"2516.4","smort_custom_pricelist_3":"2516.4","smort_custom_pricelist_4":"2796","smort_custom_pricelist_5":"2516.4"},"anvandningsomrade":[],"bilmarken":[],"product_brand":[2792],"product_cat":[2809],"product_tag":[],"class_list":{"0":"post-12124","1":"product","2":"type-product","3":"status-publish","4":"has-post-thumbnail","6":"product_brand-tesla","7":"product_cat-mattpaket","9":"first","10":"instock","11":"taxable","12":"shipping-taxable","13":"purchasable","14":"product-type-simple"},"bundled_by":[],"bundle_stock_status":"instock","bundle_stock_quantity":1,"bundle_virtual":false,"bundle_layout":"","bundle_add_to_cart_form_location":"","bundle_editable_in_cart":false,"bundle_sold_individually_context":"","bundle_item_grouping":"","bundle_min_size":"","bundle_max_size":"","bundle_price":[],"bundled_items":[],"bundle_sell_ids":[],"acf":[],"yoast_head":"<!-- This site is optimized with the Yoast SEO plugin v27.0 - https:\/\/yoast.com\/product\/yoast-seo-wordpress\/ -->\n<title>Litet Paket 3D Maxpider Tesla Model S 2021+ - Xenonkungen<\/title>\n<meta name=\"robots\" content=\"index, follow, max-snippet:-1, max-image-preview:large, max-video-preview:-1\" \/>\n<link rel=\"canonical\" href=\"https:\/\/xenonkungen.com\/es\/producto\/paquete-pequeno-3d-maxpider-tesla-model-s-2021\/\" \/>\n<meta property=\"og:locale\" content=\"es_ES\" \/>\n<meta property=\"og:type\" content=\"article\" \/>\n<meta property=\"og:title\" content=\"Litet Paket 3D Maxpider Tesla Model S 2021+ - Xenonkungen\" \/>\n<meta property=\"og:description\" content=\"3D Maxpider \u2013 Premium golvmattor till Tesla Model S I detta paket f\u00e5r du v\u00e5ra omtyckta 3D Maxpider-mattor till Tesla Model S \u2013 ett komplett set som inkluderar hela kup\u00e9n, samt mattor till b\u00e5de frunken och bagageutrymmet. Tack vare 3D-designen formar sig mattorna exakt efter bilens golv, vilket ger ett maximalt skydd mot smuts, lera, [&hellip;]\" \/>\n<meta property=\"og:url\" content=\"https:\/\/xenonkungen.com\/es\/producto\/paquete-pequeno-3d-maxpider-tesla-model-s-2021\/\" \/>\n<meta property=\"og:site_name\" content=\"Xenonkungen\" \/>\n<meta property=\"article:modified_time\" content=\"2026-04-10T23:33:58+00:00\" \/>\n<meta property=\"og:image\" content=\"https:\/\/xenonkungen.com\/wp-content\/uploads\/2025\/07\/Skarmavbild2023-11-21kl.11.47.06.webp\" \/>\n\t<meta property=\"og:image:width\" content=\"493\" \/>\n\t<meta property=\"og:image:height\" content=\"667\" \/>\n\t<meta property=\"og:image:type\" content=\"image\/webp\" \/>\n<meta name=\"twitter:card\" content=\"summary_large_image\" \/>\n<meta name=\"twitter:label1\" content=\"Tiempo de lectura\" \/>\n\t<meta name=\"twitter:data1\" content=\"2 minutos\" \/>\n<script type=\"application\/ld+json\" class=\"yoast-schema-graph\">{\"@context\":\"https:\/\/schema.org\",\"@graph\":[{\"@type\":\"WebPage\",\"@id\":\"https:\/\/xenonkungen.com\/no\/produkt\/litet-paket-3d-maxpider-tesla-model-s-2021\/\",\"url\":\"https:\/\/xenonkungen.com\/no\/produkt\/litet-paket-3d-maxpider-tesla-model-s-2021\/\",\"name\":\"Litet Paket 3D Maxpider Tesla Model S 2021+ - Xenonkungen\",\"isPartOf\":{\"@id\":\"https:\/\/xenonkungen.com\/#website\"},\"primaryImageOfPage\":{\"@id\":\"https:\/\/xenonkungen.com\/no\/produkt\/litet-paket-3d-maxpider-tesla-model-s-2021\/#primaryimage\"},\"image\":{\"@id\":\"https:\/\/xenonkungen.com\/no\/produkt\/litet-paket-3d-maxpider-tesla-model-s-2021\/#primaryimage\"},\"thumbnailUrl\":\"https:\/\/xenonkungen.com\/wp-content\/uploads\/2025\/07\/Skarmavbild2023-11-21kl.11.47.06.webp\",\"datePublished\":\"2025-07-04T13:16:35+00:00\",\"dateModified\":\"2026-04-10T23:33:58+00:00\",\"breadcrumb\":{\"@id\":\"https:\/\/xenonkungen.com\/no\/produkt\/litet-paket-3d-maxpider-tesla-model-s-2021\/#breadcrumb\"},\"inLanguage\":\"es\",\"potentialAction\":[{\"@type\":\"ReadAction\",\"target\":[\"https:\/\/xenonkungen.com\/no\/produkt\/litet-paket-3d-maxpider-tesla-model-s-2021\/\"]}]},{\"@type\":\"ImageObject\",\"inLanguage\":\"es\",\"@id\":\"https:\/\/xenonkungen.com\/no\/produkt\/litet-paket-3d-maxpider-tesla-model-s-2021\/#primaryimage\",\"url\":\"https:\/\/xenonkungen.com\/wp-content\/uploads\/2025\/07\/Skarmavbild2023-11-21kl.11.47.06.webp\",\"contentUrl\":\"https:\/\/xenonkungen.com\/wp-content\/uploads\/2025\/07\/Skarmavbild2023-11-21kl.11.47.06.webp\",\"width\":493,\"height\":667},{\"@type\":\"BreadcrumbList\",\"@id\":\"https:\/\/xenonkungen.com\/no\/produkt\/litet-paket-3d-maxpider-tesla-model-s-2021\/#breadcrumb\",\"itemListElement\":[{\"@type\":\"ListItem\",\"position\":1,\"name\":\"Hem\",\"item\":\"https:\/\/xenonkungen.com\/\"},{\"@type\":\"ListItem\",\"position\":2,\"name\":\"Shop\",\"item\":\"https:\/\/xenonkungen.com\/shop\/\"},{\"@type\":\"ListItem\",\"position\":3,\"name\":\"Litet Paket 3D Maxpider Tesla Model S 2021+\"}]},{\"@type\":\"WebSite\",\"@id\":\"https:\/\/xenonkungen.com\/#website\",\"url\":\"https:\/\/xenonkungen.com\/\",\"name\":\"Xenonkungen\",\"description\":\"\",\"potentialAction\":[{\"@type\":\"SearchAction\",\"target\":{\"@type\":\"EntryPoint\",\"urlTemplate\":\"https:\/\/xenonkungen.com\/?s={search_term_string}\"},\"query-input\":{\"@type\":\"PropertyValueSpecification\",\"valueRequired\":true,\"valueName\":\"search_term_string\"}}],\"inLanguage\":\"es\"}]}<\/script>\n<!-- \/ Yoast SEO plugin. -->","yoast_head_json":{"title":"Paquete peque\u00f1o 3D Maxpider Tesla Model S 2021+ - Xenonkungen","robots":{"index":"index","follow":"follow","max-snippet":"max-snippet:-1","max-image-preview":"max-image-preview:large","max-video-preview":"max-video-preview:-1"},"canonical":"https:\/\/xenonkungen.com\/es\/producto\/paquete-pequeno-3d-maxpider-tesla-model-s-2021\/","og_locale":"es_ES","og_type":"article","og_title":"Litet Paket 3D Maxpider Tesla Model S 2021+ - Xenonkungen","og_description":"3D Maxpider \u2013 Premium golvmattor till Tesla Model S I detta paket f\u00e5r du v\u00e5ra omtyckta 3D Maxpider-mattor till Tesla Model S \u2013 ett komplett set som inkluderar hela kup\u00e9n, samt mattor till b\u00e5de frunken och bagageutrymmet. Tack vare 3D-designen formar sig mattorna exakt efter bilens golv, vilket ger ett maximalt skydd mot smuts, lera, [&hellip;]","og_url":"https:\/\/xenonkungen.com\/es\/producto\/paquete-pequeno-3d-maxpider-tesla-model-s-2021\/","og_site_name":"Xenonkungen","article_modified_time":"2026-04-10T23:33:58+00:00","og_image":[{"width":493,"height":667,"url":"https:\/\/xenonkungen.com\/wp-content\/uploads\/2025\/07\/Skarmavbild2023-11-21kl.11.47.06.webp","type":"image\/webp"}],"twitter_card":"summary_large_image","twitter_misc":{"Tiempo de lectura":"2 minutos"},"schema":{"@context":"https:\/\/schema.org","@graph":[{"@type":"WebPage","@id":"https:\/\/xenonkungen.com\/no\/produkt\/litet-paket-3d-maxpider-tesla-model-s-2021\/","url":"https:\/\/xenonkungen.com\/no\/produkt\/litet-paket-3d-maxpider-tesla-model-s-2021\/","name":"Paquete peque\u00f1o 3D Maxpider Tesla Model S 2021+ - Xenonkungen","isPartOf":{"@id":"https:\/\/xenonkungen.com\/#website"},"primaryImageOfPage":{"@id":"https:\/\/xenonkungen.com\/no\/produkt\/litet-paket-3d-maxpider-tesla-model-s-2021\/#primaryimage"},"image":{"@id":"https:\/\/xenonkungen.com\/no\/produkt\/litet-paket-3d-maxpider-tesla-model-s-2021\/#primaryimage"},"thumbnailUrl":"https:\/\/xenonkungen.com\/wp-content\/uploads\/2025\/07\/Skarmavbild2023-11-21kl.11.47.06.webp","datePublished":"2025-07-04T13:16:35+00:00","dateModified":"2026-04-10T23:33:58+00:00","breadcrumb":{"@id":"https:\/\/xenonkungen.com\/no\/produkt\/litet-paket-3d-maxpider-tesla-model-s-2021\/#breadcrumb"},"inLanguage":"es","potentialAction":[{"@type":"ReadAction","target":["https:\/\/xenonkungen.com\/no\/produkt\/litet-paket-3d-maxpider-tesla-model-s-2021\/"]}]},{"@type":"ImageObject","inLanguage":"es","@id":"https:\/\/xenonkungen.com\/no\/produkt\/litet-paket-3d-maxpider-tesla-model-s-2021\/#primaryimage","url":"https:\/\/xenonkungen.com\/wp-content\/uploads\/2025\/07\/Skarmavbild2023-11-21kl.11.47.06.webp","contentUrl":"https:\/\/xenonkungen.com\/wp-content\/uploads\/2025\/07\/Skarmavbild2023-11-21kl.11.47.06.webp","width":493,"height":667},{"@type":"BreadcrumbList","@id":"https:\/\/xenonkungen.com\/no\/produkt\/litet-paket-3d-maxpider-tesla-model-s-2021\/#breadcrumb","itemListElement":[{"@type":"ListItem","position":1,"name":"Hem","item":"https:\/\/xenonkungen.com\/"},{"@type":"ListItem","position":2,"name":"Shop","item":"https:\/\/xenonkungen.com\/shop\/"},{"@type":"ListItem","position":3,"name":"Litet Paket 3D Maxpider Tesla Model S 2021+"}]},{"@type":"WebSite","@id":"https:\/\/xenonkungen.com\/#website","url":"https:\/\/xenonkungen.com\/","name":"Xenonkungen","description":"","potentialAction":[{"@type":"SearchAction","target":{"@type":"EntryPoint","urlTemplate":"https:\/\/xenonkungen.com\/?s={search_term_string}"},"query-input":{"@type":"PropertyValueSpecification","valueRequired":true,"valueName":"search_term_string"}}],"inLanguage":"es"}]}},"taxonomy_info":{"product_brand":[{"value":2792,"label":"TESLA"}],"product_cat":[{"value":2809,"label":"Mattpaket"}]},"featured_image_src_large":["https:\/\/xenonkungen.com\/wp-content\/uploads\/2025\/07\/Skarmavbild2023-11-21kl.11.47.06.webp",493,667,false],"author_info":[],"comment_info":0,"_links":{"self":[{"href":"https:\/\/xenonkungen.com\/es\/wp-json\/wp\/v2\/product\/12124","targetHints":{"allow":["GET"]}}],"collection":[{"href":"https:\/\/xenonkungen.com\/es\/wp-json\/wp\/v2\/product"}],"about":[{"href":"https:\/\/xenonkungen.com\/es\/wp-json\/wp\/v2\/types\/product"}],"replies":[{"embeddable":true,"href":"https:\/\/xenonkungen.com\/es\/wp-json\/wp\/v2\/comments?post=12124"}],"wp:featuredmedia":[{"embeddable":true,"href":"https:\/\/xenonkungen.com\/es\/wp-json\/wp\/v2\/media\/12131"}],"wp:attachment":[{"href":"https:\/\/xenonkungen.com\/es\/wp-json\/wp\/v2\/media?parent=12124"}],"wp:term":[{"taxonomy":"anvandningsomrade","embeddable":true,"href":"https:\/\/xenonkungen.com\/es\/wp-json\/wp\/v2\/anvandningsomrade?post=12124"},{"taxonomy":"bilmarken","embeddable":true,"href":"https:\/\/xenonkungen.com\/es\/wp-json\/wp\/v2\/bilmarken?post=12124"},{"taxonomy":"product_brand","embeddable":true,"href":"https:\/\/xenonkungen.com\/es\/wp-json\/wp\/v2\/product_brand?post=12124"},{"taxonomy":"product_cat","embeddable":true,"href":"https:\/\/xenonkungen.com\/es\/wp-json\/wp\/v2\/product_cat?post=12124"},{"taxonomy":"product_tag","embeddable":true,"href":"https:\/\/xenonkungen.com\/es\/wp-json\/wp\/v2\/product_tag?post=12124"}],"curies":[{"name":"wp","href":"https:\/\/api.w.org\/{rel}","templated":true}]}}