{"id":1226,"date":"2025-04-15T08:01:28","date_gmt":"2025-04-15T08:01:28","guid":{"rendered":"https:\/\/xenonkungen.com\/product\/39mmc5w-super-canbus-4w\/"},"modified":"2026-04-11T00:12:56","modified_gmt":"2026-04-10T23:12:56","slug":"39-mm-c5w-super-canbus-4w","status":"publish","type":"product","link":"https:\/\/xenonkungen.com\/es\/producto\/39-mm-c5w-super-canbus-4w\/","title":{"rendered":"39mm|C5W Super Canbus | 4W"},"content":{"rendered":"<p>Nuestro super canbus 4W (C5W) de 39 mm se vende en pares y es una l\u00e1mpara de diodo que reemplaza las l\u00e1mparas hal\u00f3genas normales en la iluminaci\u00f3n de la matr\u00edcula del autom\u00f3vil o en la iluminaci\u00f3n interior.<\/p>\n<p>Estas l\u00e1mparas tienen polaridad +\/- independiente y un consumo de 4,1 W, por lo que no es necesario instalar resistencias.<br \/>Este art\u00edculo se denomina \"Super Canbus\" en parte por la potencia\/resistencia de 4,1 W en comparaci\u00f3n con las l\u00e1mparas Canbus normales que tienen unos 2-2,2 W (que para la mayor\u00eda de los coches es suficiente).<\/p>\n<p>Nuestro faro super canbus de 39 mm (C5W) corresponde a un flujo luminoso de 280 l\u00famenes con una temperatura de luz de 6500 k y tambi\u00e9n es multivoltaje, lo que significa que son igualmente adecuados para veh\u00edculos m\u00e1s pesados como camiones, dumpers, tractores, camiones gr\u00faa, etc. <\/p>\n<p>Si lo comparamos con la versi\u00f3n hal\u00f3gena original, que es de unos 45 l\u00famenes, vemos que nuestro plaf\u00f3n de 36mm (C5W) tiene una potencia mucho mayor, lo que te garantiza una luz m\u00e1s brillante y blanca.<\/p>\n<p>Este producto consta de 2 diodos Cree de 3W que contribuyen al fuerte flujo luminoso y es ign\u00edfugo, lo que significa que no sufre agotamiento por calor. Esta es una l\u00e1mpara de alta potencia para aquellos que quieren cambiar la luz de la placa de matr\u00edcula o la iluminaci\u00f3n interior a la luz blanca y tambi\u00e9n es f\u00e1cil de instalar.<\/p>\n<p><strong>Especificaciones<\/strong><\/p>\n<p>Marca: XENONKUNGEN <br \/>Modelo: Super Canbus de 39 mm <br \/>Casquillo: l\u00e1mpara de bobina SV8,5-8 (C5W)<br \/>Usos populares: iluminaci\u00f3n de se\u00f1alizaci\u00f3n, iluminaci\u00f3n interior.<br \/>Fuente de luz: LED<br \/>Brillo (Lumen): 280lm<br \/>Tensi\u00f3n: 10-32V CC <br \/>Potencia: 4,1 W<br \/>Consumo de corriente (amperios): 0,3 A a 12,6 V<br \/>Color de la luz (Kelvin): 6500K Blanco<br \/>Canbus: S\u00cd<br \/>Tama\u00f1o: 39 x 11 mm (largo x ancho)<\/p>\n<p><strong>Desviaciones<\/strong><br \/>VW Transporter 2021 se enciende pero avisa, iluminaci\u00f3n Reg<\/p>\n<p><strong>Es bueno saberlo<\/strong><br \/>garantiza que no se produzcan c\u00f3digos de aver\u00eda en el veh\u00edculo tras la instalaci\u00f3n (Canbus safe)<br \/>Sustituye a la l\u00e1mpara existente sin necesidad de accesorios, Plug n play.<\/p>\n<p><strong>Contenido de la entrega<\/strong><br \/>1 Par de l\u00e1mparas de diodos LED super Canbus 4W de 36 mm.<\/p>","protected":false},"excerpt":{"rendered":"<p>Esta potente l\u00e1mpara LED segura para Canbus tiene una potencia de 4 W y 280 l\u00famenes, lo que garantiza que no recibir\u00e1 mensajes de error en el sistema del autom\u00f3vil. <b>Pedestal<\/b> C5w - SV8.5 <b>Canbus seguro<\/b> S\u00ed <b>Multivolt<\/b> 9-30v CC <b>Temperatura de color<\/b> 6500k <b>Lumen<\/b> 280 l\u00famenes (original 45) <b>Garant\u00eda<\/b> 2 a\u00f1os<\/p>","protected":false},"featured_media":1227,"comment_status":"closed","ping_status":"open","template":"","meta":{"_acf_changed":false,"_smort_price_nok":"208","_smort_price_dkk":"132","_smort_price_eur":"17.73","_smort_sale_price_nok":"","_smort_sale_price_dkk":"","_smort_sale_price_eur":"","smort_restorder":"","shipmondo_restorder":"","_kad_blocks_custom_css":"","_kad_blocks_head_custom_js":"","_kad_blocks_body_custom_js":"","_kad_blocks_footer_custom_js":"","smort_custom_pricelist_1":"124.8","smort_custom_pricelist_2":"109.2","smort_custom_pricelist_3":"103.74","smort_custom_pricelist_4":"156","smort_custom_pricelist_5":"109.2"},"anvandningsomrade":[],"bilmarken":[],"product_brand":[117],"product_cat":[2454,2452,2459,2453,338],"product_tag":[],"class_list":{"0":"post-1226","1":"product","2":"type-product","3":"status-publish","4":"has-post-thumbnail","6":"product_brand-xenonkungen","7":"product_cat-31-42mm","8":"product_cat-c5w","9":"product_cat-c5w-canbus-diodlampor","10":"product_cat-sv85","11":"product_cat-diodlampor","12":"pa_faktisk-effekts-forbrukning-387","13":"pa_fargtemperatur-6500k","14":"pa_storlek-mm-388","15":"pa_volt-v-12-24-multivolt","17":"first","18":"instock","19":"taxable","20":"shipping-taxable","21":"purchasable","22":"product-type-simple"},"bundled_by":[],"bundle_stock_status":"instock","bundle_stock_quantity":69,"bundle_virtual":false,"bundle_layout":"","bundle_add_to_cart_form_location":"","bundle_editable_in_cart":false,"bundle_sold_individually_context":"","bundle_item_grouping":"","bundle_min_size":"","bundle_max_size":"","bundle_price":[],"bundled_items":[],"bundle_sell_ids":[],"acf":[],"yoast_head":"<!-- This site is optimized with the Yoast SEO plugin v27.0 - https:\/\/yoast.com\/product\/yoast-seo-wordpress\/ -->\n<title>39mm|C5W Super Canbus | 4W - Xenonkungen<\/title>\n<meta name=\"robots\" content=\"index, follow, max-snippet:-1, max-image-preview:large, max-video-preview:-1\" \/>\n<link rel=\"canonical\" href=\"https:\/\/xenonkungen.com\/es\/producto\/39-mm-c5w-super-canbus-4w\/\" \/>\n<meta property=\"og:locale\" content=\"es_ES\" \/>\n<meta property=\"og:type\" content=\"article\" \/>\n<meta property=\"og:title\" content=\"39mm|C5W Super Canbus | 4W - Xenonkungen\" \/>\n<meta property=\"og:description\" content=\"Denna starka Canbus-s\u00e4kra Ledlampa \u00e4r p\u00e5 hela 4w och 280 lumen. vilket s\u00e4kerst\u00e4ller att du slipper felmeddelande i bilens system. Sockel C5w - SV8.5 Canbuss\u00e4ker Ja Multivolt 9-30v DC F\u00e4rgtemperatur 6500k Lumen 280 lumen (orginal 45) Garanti 2\u00e5r\" \/>\n<meta property=\"og:url\" content=\"https:\/\/xenonkungen.com\/es\/producto\/39-mm-c5w-super-canbus-4w\/\" \/>\n<meta property=\"og:site_name\" content=\"Xenonkungen\" \/>\n<meta property=\"article:modified_time\" content=\"2026-04-10T23:12:56+00:00\" \/>\n<meta property=\"og:image\" content=\"https:\/\/xenonkungen.com\/wp-content\/uploads\/2025\/04\/169699587-origpic-442bb7.png\" \/>\n\t<meta property=\"og:image:width\" content=\"1000\" \/>\n\t<meta property=\"og:image:height\" content=\"1000\" \/>\n\t<meta property=\"og:image:type\" content=\"image\/png\" \/>\n<meta name=\"twitter:card\" content=\"summary_large_image\" \/>\n<meta name=\"twitter:label1\" content=\"Tiempo de lectura\" \/>\n\t<meta name=\"twitter:data1\" content=\"2 minutos\" \/>\n<script type=\"application\/ld+json\" class=\"yoast-schema-graph\">{\"@context\":\"https:\/\/schema.org\",\"@graph\":[{\"@type\":\"WebPage\",\"@id\":\"https:\/\/xenonkungen.com\/nl\/product\/39mmc5w-super-canbus-4w\/\",\"url\":\"https:\/\/xenonkungen.com\/nl\/product\/39mmc5w-super-canbus-4w\/\",\"name\":\"39mm|C5W Super Canbus | 4W - Xenonkungen\",\"isPartOf\":{\"@id\":\"https:\/\/xenonkungen.com\/#website\"},\"primaryImageOfPage\":{\"@id\":\"https:\/\/xenonkungen.com\/nl\/product\/39mmc5w-super-canbus-4w\/#primaryimage\"},\"image\":{\"@id\":\"https:\/\/xenonkungen.com\/nl\/product\/39mmc5w-super-canbus-4w\/#primaryimage\"},\"thumbnailUrl\":\"https:\/\/xenonkungen.com\/wp-content\/uploads\/2025\/04\/169699587-origpic-442bb7.png\",\"datePublished\":\"2025-04-15T08:01:28+00:00\",\"dateModified\":\"2026-04-10T23:12:56+00:00\",\"breadcrumb\":{\"@id\":\"https:\/\/xenonkungen.com\/nl\/product\/39mmc5w-super-canbus-4w\/#breadcrumb\"},\"inLanguage\":\"es\",\"potentialAction\":[{\"@type\":\"ReadAction\",\"target\":[\"https:\/\/xenonkungen.com\/nl\/product\/39mmc5w-super-canbus-4w\/\"]}]},{\"@type\":\"ImageObject\",\"inLanguage\":\"es\",\"@id\":\"https:\/\/xenonkungen.com\/nl\/product\/39mmc5w-super-canbus-4w\/#primaryimage\",\"url\":\"https:\/\/xenonkungen.com\/wp-content\/uploads\/2025\/04\/169699587-origpic-442bb7.png\",\"contentUrl\":\"https:\/\/xenonkungen.com\/wp-content\/uploads\/2025\/04\/169699587-origpic-442bb7.png\",\"width\":1000,\"height\":1000},{\"@type\":\"BreadcrumbList\",\"@id\":\"https:\/\/xenonkungen.com\/nl\/product\/39mmc5w-super-canbus-4w\/#breadcrumb\",\"itemListElement\":[{\"@type\":\"ListItem\",\"position\":1,\"name\":\"Hem\",\"item\":\"https:\/\/xenonkungen.com\/\"},{\"@type\":\"ListItem\",\"position\":2,\"name\":\"Shop\",\"item\":\"https:\/\/xenonkungen.com\/shop\/\"},{\"@type\":\"ListItem\",\"position\":3,\"name\":\"39mm|C5W Super Canbus | 4W\"}]},{\"@type\":\"WebSite\",\"@id\":\"https:\/\/xenonkungen.com\/#website\",\"url\":\"https:\/\/xenonkungen.com\/\",\"name\":\"Xenonkungen\",\"description\":\"\",\"potentialAction\":[{\"@type\":\"SearchAction\",\"target\":{\"@type\":\"EntryPoint\",\"urlTemplate\":\"https:\/\/xenonkungen.com\/?s={search_term_string}\"},\"query-input\":{\"@type\":\"PropertyValueSpecification\",\"valueRequired\":true,\"valueName\":\"search_term_string\"}}],\"inLanguage\":\"es\"}]}<\/script>\n<!-- \/ Yoast SEO plugin. -->","yoast_head_json":{"title":"39 mm | C5W Super Canbus | 4 W - El rey del xen\u00f3n","robots":{"index":"index","follow":"follow","max-snippet":"max-snippet:-1","max-image-preview":"max-image-preview:large","max-video-preview":"max-video-preview:-1"},"canonical":"https:\/\/xenonkungen.com\/es\/producto\/39-mm-c5w-super-canbus-4w\/","og_locale":"es_ES","og_type":"article","og_title":"39mm|C5W Super Canbus | 4W - Xenonkungen","og_description":"Denna starka Canbus-s\u00e4kra Ledlampa \u00e4r p\u00e5 hela 4w och 280 lumen. vilket s\u00e4kerst\u00e4ller att du slipper felmeddelande i bilens system. Sockel C5w - SV8.5 Canbuss\u00e4ker Ja Multivolt 9-30v DC F\u00e4rgtemperatur 6500k Lumen 280 lumen (orginal 45) Garanti 2\u00e5r","og_url":"https:\/\/xenonkungen.com\/es\/producto\/39-mm-c5w-super-canbus-4w\/","og_site_name":"Xenonkungen","article_modified_time":"2026-04-10T23:12:56+00:00","og_image":[{"width":1000,"height":1000,"url":"https:\/\/xenonkungen.com\/wp-content\/uploads\/2025\/04\/169699587-origpic-442bb7.png","type":"image\/png"}],"twitter_card":"summary_large_image","twitter_misc":{"Tiempo de lectura":"2 minutos"},"schema":{"@context":"https:\/\/schema.org","@graph":[{"@type":"WebPage","@id":"https:\/\/xenonkungen.com\/nl\/product\/39mmc5w-super-canbus-4w\/","url":"https:\/\/xenonkungen.com\/nl\/product\/39mmc5w-super-canbus-4w\/","name":"39 mm | C5W Super Canbus | 4 W - El rey del xen\u00f3n","isPartOf":{"@id":"https:\/\/xenonkungen.com\/#website"},"primaryImageOfPage":{"@id":"https:\/\/xenonkungen.com\/nl\/product\/39mmc5w-super-canbus-4w\/#primaryimage"},"image":{"@id":"https:\/\/xenonkungen.com\/nl\/product\/39mmc5w-super-canbus-4w\/#primaryimage"},"thumbnailUrl":"https:\/\/xenonkungen.com\/wp-content\/uploads\/2025\/04\/169699587-origpic-442bb7.png","datePublished":"2025-04-15T08:01:28+00:00","dateModified":"2026-04-10T23:12:56+00:00","breadcrumb":{"@id":"https:\/\/xenonkungen.com\/nl\/product\/39mmc5w-super-canbus-4w\/#breadcrumb"},"inLanguage":"es","potentialAction":[{"@type":"ReadAction","target":["https:\/\/xenonkungen.com\/nl\/product\/39mmc5w-super-canbus-4w\/"]}]},{"@type":"ImageObject","inLanguage":"es","@id":"https:\/\/xenonkungen.com\/nl\/product\/39mmc5w-super-canbus-4w\/#primaryimage","url":"https:\/\/xenonkungen.com\/wp-content\/uploads\/2025\/04\/169699587-origpic-442bb7.png","contentUrl":"https:\/\/xenonkungen.com\/wp-content\/uploads\/2025\/04\/169699587-origpic-442bb7.png","width":1000,"height":1000},{"@type":"BreadcrumbList","@id":"https:\/\/xenonkungen.com\/nl\/product\/39mmc5w-super-canbus-4w\/#breadcrumb","itemListElement":[{"@type":"ListItem","position":1,"name":"Hem","item":"https:\/\/xenonkungen.com\/"},{"@type":"ListItem","position":2,"name":"Shop","item":"https:\/\/xenonkungen.com\/shop\/"},{"@type":"ListItem","position":3,"name":"39mm|C5W Super Canbus | 4W"}]},{"@type":"WebSite","@id":"https:\/\/xenonkungen.com\/#website","url":"https:\/\/xenonkungen.com\/","name":"Xenonkungen","description":"","potentialAction":[{"@type":"SearchAction","target":{"@type":"EntryPoint","urlTemplate":"https:\/\/xenonkungen.com\/?s={search_term_string}"},"query-input":{"@type":"PropertyValueSpecification","valueRequired":true,"valueName":"search_term_string"}}],"inLanguage":"es"}]}},"taxonomy_info":{"product_brand":[{"value":117,"label":"Xenonkungen"}],"product_cat":[{"value":2454,"label":"31-42mm"},{"value":2452,"label":"C5W"},{"value":2459,"label":"C5W"},{"value":2453,"label":"SV8,5"},{"value":338,"label":"Diodlampor"}],"pa_faktisk-effekts-forbrukning":[{"value":387,"label":"4,1"}],"pa_fargtemperatur":[{"value":353,"label":"6500K"}],"pa_storlek-mm":[{"value":388,"label":"39"}],"pa_volt-v":[{"value":367,"label":"12, 24, Multivolt"}]},"featured_image_src_large":["https:\/\/xenonkungen.com\/wp-content\/uploads\/2025\/04\/169699587-origpic-442bb7.png",1000,1000,false],"author_info":[],"comment_info":0,"_links":{"self":[{"href":"https:\/\/xenonkungen.com\/es\/wp-json\/wp\/v2\/product\/1226","targetHints":{"allow":["GET"]}}],"collection":[{"href":"https:\/\/xenonkungen.com\/es\/wp-json\/wp\/v2\/product"}],"about":[{"href":"https:\/\/xenonkungen.com\/es\/wp-json\/wp\/v2\/types\/product"}],"replies":[{"embeddable":true,"href":"https:\/\/xenonkungen.com\/es\/wp-json\/wp\/v2\/comments?post=1226"}],"wp:featuredmedia":[{"embeddable":true,"href":"https:\/\/xenonkungen.com\/es\/wp-json\/wp\/v2\/media\/1227"}],"wp:attachment":[{"href":"https:\/\/xenonkungen.com\/es\/wp-json\/wp\/v2\/media?parent=1226"}],"wp:term":[{"taxonomy":"anvandningsomrade","embeddable":true,"href":"https:\/\/xenonkungen.com\/es\/wp-json\/wp\/v2\/anvandningsomrade?post=1226"},{"taxonomy":"bilmarken","embeddable":true,"href":"https:\/\/xenonkungen.com\/es\/wp-json\/wp\/v2\/bilmarken?post=1226"},{"taxonomy":"product_brand","embeddable":true,"href":"https:\/\/xenonkungen.com\/es\/wp-json\/wp\/v2\/product_brand?post=1226"},{"taxonomy":"product_cat","embeddable":true,"href":"https:\/\/xenonkungen.com\/es\/wp-json\/wp\/v2\/product_cat?post=1226"},{"taxonomy":"product_tag","embeddable":true,"href":"https:\/\/xenonkungen.com\/es\/wp-json\/wp\/v2\/product_tag?post=1226"}],"curies":[{"name":"wp","href":"https:\/\/api.w.org\/{rel}","templated":true}]}}