{"id":12319,"date":"2025-08-13T08:26:23","date_gmt":"2025-08-13T08:26:23","guid":{"rendered":"https:\/\/xenonkungen.com\/?post_type=product&#038;p=12319"},"modified":"2026-04-10T23:48:01","modified_gmt":"2026-04-10T22:48:01","slug":"lampara-led-luxtar-x6-de-60-w","status":"publish","type":"product","link":"https:\/\/xenonkungen.com\/es\/producto\/lampara-led-luxtar-x6-de-60-w\/","title":{"rendered":"LUXTAR\u00ae Ledramp X6 | Spot <21cm>"},"content":{"rendered":"<p>La rampa Luxtar X-Series LED tiene un dise\u00f1o exclusivo e incorpora reflectores con l\u00e1mparas de diodos montadas lateralmente, lo que mejora significativamente el rendimiento.<\/p>\n<p><strong>60 W | 6 000 l\u00famenes<\/strong> son los valores te\u00f3ricos de <strong>Luxtar X6<\/strong> y que puedes tener en cuenta a la hora de comparar con otras opciones del mercado (que hacen hincapi\u00e9 en los datos te\u00f3ricos).<\/p>\n<p><strong>43,2 W | 2 512 l\u00famenes<\/strong> son los valores reales de Luxtar Ledramp X6 y que puede considerar al comparar con hal\u00f3geno 55W | 1000 Lumen (+-200lm) da un poco m\u00e1s de <strong>2 veces m\u00e1s luz<\/strong>.<\/p>\n<p>Los modelos m\u00e1s peque\u00f1os de la serie X ofrecen la misma imagen luminosa agradable que el modelo X10 con marca E. Este tama\u00f1o proporciona una buena luz para veh\u00edculos m\u00e1s peque\u00f1os como ATV, quads, scooters o como complemento angular de una rampa de leds m\u00e1s grande para el coche?<\/p>\n<p><strong>Elecci\u00f3n del reflector\/patr\u00f3n de iluminaci\u00f3n<\/strong><br \/>\nSpot: optimizado para un alcance m\u00e1ximo, un patr\u00f3n de luz estrecho y largo<\/p>\n<p>La barra de luces LED Luxtar X-Series es adecuada para aquellos que dan prioridad al alcance de la luz o a velocidades m\u00e1s altas en las que la atenci\u00f3n se centra naturalmente en distancias m\u00e1s largas.<\/p>","protected":false},"excerpt":{"rendered":"<p>Rampa de leds de 206 mm que proporciona unos buenos 3232 l\u00famenes para, por ejemplo, veh\u00edculos m\u00e1s peque\u00f1os o como complemento.<\/p>","protected":false},"featured_media":12321,"comment_status":"open","ping_status":"closed","template":"","meta":{"_acf_changed":false,"_smort_price_nok":"641","_smort_price_dkk":"811","_smort_price_eur":"108.63","_smort_sale_price_nok":"641","_smort_sale_price_dkk":"","_smort_sale_price_eur":"54.54","smort_restorder":"","shipmondo_restorder":"","_kad_blocks_custom_css":"","_kad_blocks_head_custom_js":"","_kad_blocks_body_custom_js":"","_kad_blocks_footer_custom_js":"","smort_custom_pricelist_1":"764.8","smort_custom_pricelist_2":"500","smort_custom_pricelist_3":"475","smort_custom_pricelist_4":"956","smort_custom_pricelist_5":"500"},"anvandningsomrade":[],"bilmarken":[],"product_brand":[103],"product_cat":[2966,2826,2824,2161],"product_tag":[],"class_list":{"0":"post-12319","1":"product","2":"type-product","3":"status-publish","4":"has-post-thumbnail","6":"product_brand-luxtar","7":"product_cat-ledramp-rak","8":"product_cat-luxtar","9":"product_cat-luxtar-ledramper","10":"product_cat-luxtar-x-serie","12":"first","13":"outofstock","14":"sale","15":"taxable","16":"shipping-taxable","17":"purchasable","18":"product-type-simple"},"bundled_by":[],"bundle_stock_status":"outofstock","bundle_stock_quantity":-1,"bundle_virtual":false,"bundle_layout":"","bundle_add_to_cart_form_location":"","bundle_editable_in_cart":false,"bundle_sold_individually_context":"","bundle_item_grouping":"","bundle_min_size":"","bundle_max_size":"","bundle_price":[],"bundled_items":[],"bundle_sell_ids":[],"acf":[],"yoast_head":"<!-- This site is optimized with the Yoast SEO plugin v27.0 - https:\/\/yoast.com\/product\/yoast-seo-wordpress\/ -->\n<title>LUXTAR\u00ae Ledramp X6 | Spot  - Xenonkungen<\/title>\n<meta name=\"robots\" content=\"index, follow, max-snippet:-1, max-image-preview:large, max-video-preview:-1\" \/>\n<link rel=\"canonical\" href=\"https:\/\/xenonkungen.com\/es\/producto\/lampara-led-luxtar-x6-de-60-w\/\" \/>\n<meta property=\"og:locale\" content=\"es_ES\" \/>\n<meta property=\"og:type\" content=\"article\" \/>\n<meta property=\"og:title\" content=\"LUXTAR\u00ae Ledramp X6 | Spot  - Xenonkungen\" \/>\n<meta property=\"og:description\" content=\"206mm ledramp som ger goda 3232lumen f\u00f6r t.ex. mindre fordon eller som komplement.\" \/>\n<meta property=\"og:url\" content=\"https:\/\/xenonkungen.com\/es\/producto\/lampara-led-luxtar-x6-de-60-w\/\" \/>\n<meta property=\"og:site_name\" content=\"Xenonkungen\" \/>\n<meta property=\"article:modified_time\" content=\"2026-04-10T22:48:01+00:00\" \/>\n<meta property=\"og:image\" content=\"https:\/\/xenonkungen.com\/wp-content\/uploads\/2025\/08\/X6-Spot.png\" \/>\n\t<meta property=\"og:image:width\" content=\"1000\" \/>\n\t<meta property=\"og:image:height\" content=\"1000\" \/>\n\t<meta property=\"og:image:type\" content=\"image\/png\" \/>\n<meta name=\"twitter:card\" content=\"summary_large_image\" \/>\n<meta name=\"twitter:label1\" content=\"Tiempo de lectura\" \/>\n\t<meta name=\"twitter:data1\" content=\"1 minuto\" \/>\n<script type=\"application\/ld+json\" class=\"yoast-schema-graph\">{\"@context\":\"https:\/\/schema.org\",\"@graph\":[{\"@type\":\"WebPage\",\"@id\":\"https:\/\/xenonkungen.com\/produkt\/luxtar-ledramp-x6-60w\/\",\"url\":\"https:\/\/xenonkungen.com\/produkt\/luxtar-ledramp-x6-60w\/\",\"name\":\"LUXTAR\u00ae Ledramp X6 | Spot - Xenonkungen\",\"isPartOf\":{\"@id\":\"https:\/\/xenonkungen.com\/#website\"},\"primaryImageOfPage\":{\"@id\":\"https:\/\/xenonkungen.com\/produkt\/luxtar-ledramp-x6-60w\/#primaryimage\"},\"image\":{\"@id\":\"https:\/\/xenonkungen.com\/produkt\/luxtar-ledramp-x6-60w\/#primaryimage\"},\"thumbnailUrl\":\"https:\/\/xenonkungen.com\/wp-content\/uploads\/2025\/08\/X6-Spot.png\",\"datePublished\":\"2025-08-13T08:26:23+00:00\",\"dateModified\":\"2026-04-10T22:48:01+00:00\",\"breadcrumb\":{\"@id\":\"https:\/\/xenonkungen.com\/produkt\/luxtar-ledramp-x6-60w\/#breadcrumb\"},\"inLanguage\":\"es\",\"potentialAction\":[{\"@type\":\"ReadAction\",\"target\":[\"https:\/\/xenonkungen.com\/produkt\/luxtar-ledramp-x6-60w\/\"]}]},{\"@type\":\"ImageObject\",\"inLanguage\":\"es\",\"@id\":\"https:\/\/xenonkungen.com\/produkt\/luxtar-ledramp-x6-60w\/#primaryimage\",\"url\":\"https:\/\/xenonkungen.com\/wp-content\/uploads\/2025\/08\/X6-Spot.png\",\"contentUrl\":\"https:\/\/xenonkungen.com\/wp-content\/uploads\/2025\/08\/X6-Spot.png\",\"width\":1000,\"height\":1000},{\"@type\":\"BreadcrumbList\",\"@id\":\"https:\/\/xenonkungen.com\/produkt\/luxtar-ledramp-x6-60w\/#breadcrumb\",\"itemListElement\":[{\"@type\":\"ListItem\",\"position\":1,\"name\":\"Hem\",\"item\":\"https:\/\/xenonkungen.com\/\"},{\"@type\":\"ListItem\",\"position\":2,\"name\":\"Shop\",\"item\":\"https:\/\/xenonkungen.com\/shop\/\"},{\"@type\":\"ListItem\",\"position\":3,\"name\":\"LUXTAR\u00ae Ledramp X6 | Spot\"}]},{\"@type\":\"WebSite\",\"@id\":\"https:\/\/xenonkungen.com\/#website\",\"url\":\"https:\/\/xenonkungen.com\/\",\"name\":\"Xenonkungen\",\"description\":\"\",\"potentialAction\":[{\"@type\":\"SearchAction\",\"target\":{\"@type\":\"EntryPoint\",\"urlTemplate\":\"https:\/\/xenonkungen.com\/?s={search_term_string}\"},\"query-input\":{\"@type\":\"PropertyValueSpecification\",\"valueRequired\":true,\"valueName\":\"search_term_string\"}}],\"inLanguage\":\"es\"}]}<\/script>\n<!-- \/ Yoast SEO plugin. -->","yoast_head_json":{"title":"Rampa Led LUXTAR\u00ae X6 | Foco - El Rey del Xen\u00f3n","robots":{"index":"index","follow":"follow","max-snippet":"max-snippet:-1","max-image-preview":"max-image-preview:large","max-video-preview":"max-video-preview:-1"},"canonical":"https:\/\/xenonkungen.com\/es\/producto\/lampara-led-luxtar-x6-de-60-w\/","og_locale":"es_ES","og_type":"article","og_title":"LUXTAR\u00ae Ledramp X6 | Spot  - Xenonkungen","og_description":"206mm ledramp som ger goda 3232lumen f\u00f6r t.ex. mindre fordon eller som komplement.","og_url":"https:\/\/xenonkungen.com\/es\/producto\/lampara-led-luxtar-x6-de-60-w\/","og_site_name":"Xenonkungen","article_modified_time":"2026-04-10T22:48:01+00:00","og_image":[{"width":1000,"height":1000,"url":"https:\/\/xenonkungen.com\/wp-content\/uploads\/2025\/08\/X6-Spot.png","type":"image\/png"}],"twitter_card":"summary_large_image","twitter_misc":{"Tiempo de lectura":"1 minuto"},"schema":{"@context":"https:\/\/schema.org","@graph":[{"@type":"WebPage","@id":"https:\/\/xenonkungen.com\/produkt\/luxtar-ledramp-x6-60w\/","url":"https:\/\/xenonkungen.com\/produkt\/luxtar-ledramp-x6-60w\/","name":"Rampa Led LUXTAR\u00ae X6 | Foco - El Rey del Xen\u00f3n","isPartOf":{"@id":"https:\/\/xenonkungen.com\/#website"},"primaryImageOfPage":{"@id":"https:\/\/xenonkungen.com\/produkt\/luxtar-ledramp-x6-60w\/#primaryimage"},"image":{"@id":"https:\/\/xenonkungen.com\/produkt\/luxtar-ledramp-x6-60w\/#primaryimage"},"thumbnailUrl":"https:\/\/xenonkungen.com\/wp-content\/uploads\/2025\/08\/X6-Spot.png","datePublished":"2025-08-13T08:26:23+00:00","dateModified":"2026-04-10T22:48:01+00:00","breadcrumb":{"@id":"https:\/\/xenonkungen.com\/produkt\/luxtar-ledramp-x6-60w\/#breadcrumb"},"inLanguage":"es","potentialAction":[{"@type":"ReadAction","target":["https:\/\/xenonkungen.com\/produkt\/luxtar-ledramp-x6-60w\/"]}]},{"@type":"ImageObject","inLanguage":"es","@id":"https:\/\/xenonkungen.com\/produkt\/luxtar-ledramp-x6-60w\/#primaryimage","url":"https:\/\/xenonkungen.com\/wp-content\/uploads\/2025\/08\/X6-Spot.png","contentUrl":"https:\/\/xenonkungen.com\/wp-content\/uploads\/2025\/08\/X6-Spot.png","width":1000,"height":1000},{"@type":"BreadcrumbList","@id":"https:\/\/xenonkungen.com\/produkt\/luxtar-ledramp-x6-60w\/#breadcrumb","itemListElement":[{"@type":"ListItem","position":1,"name":"Hem","item":"https:\/\/xenonkungen.com\/"},{"@type":"ListItem","position":2,"name":"Shop","item":"https:\/\/xenonkungen.com\/shop\/"},{"@type":"ListItem","position":3,"name":"LUXTAR\u00ae Ledramp X6 | Spot"}]},{"@type":"WebSite","@id":"https:\/\/xenonkungen.com\/#website","url":"https:\/\/xenonkungen.com\/","name":"Xenonkungen","description":"","potentialAction":[{"@type":"SearchAction","target":{"@type":"EntryPoint","urlTemplate":"https:\/\/xenonkungen.com\/?s={search_term_string}"},"query-input":{"@type":"PropertyValueSpecification","valueRequired":true,"valueName":"search_term_string"}}],"inLanguage":"es"}]}},"taxonomy_info":{"product_brand":[{"value":103,"label":"LUXTAR"}],"product_cat":[{"value":2966,"label":"Ledramp Rak"},{"value":2826,"label":"LUXTAR"},{"value":2824,"label":"Luxtar - Ledramper"},{"value":2161,"label":"LUXTAR X-serie"}]},"featured_image_src_large":["https:\/\/xenonkungen.com\/wp-content\/uploads\/2025\/08\/X6-Spot.png",1000,1000,false],"author_info":[],"comment_info":0,"_links":{"self":[{"href":"https:\/\/xenonkungen.com\/es\/wp-json\/wp\/v2\/product\/12319","targetHints":{"allow":["GET"]}}],"collection":[{"href":"https:\/\/xenonkungen.com\/es\/wp-json\/wp\/v2\/product"}],"about":[{"href":"https:\/\/xenonkungen.com\/es\/wp-json\/wp\/v2\/types\/product"}],"replies":[{"embeddable":true,"href":"https:\/\/xenonkungen.com\/es\/wp-json\/wp\/v2\/comments?post=12319"}],"wp:featuredmedia":[{"embeddable":true,"href":"https:\/\/xenonkungen.com\/es\/wp-json\/wp\/v2\/media\/12321"}],"wp:attachment":[{"href":"https:\/\/xenonkungen.com\/es\/wp-json\/wp\/v2\/media?parent=12319"}],"wp:term":[{"taxonomy":"anvandningsomrade","embeddable":true,"href":"https:\/\/xenonkungen.com\/es\/wp-json\/wp\/v2\/anvandningsomrade?post=12319"},{"taxonomy":"bilmarken","embeddable":true,"href":"https:\/\/xenonkungen.com\/es\/wp-json\/wp\/v2\/bilmarken?post=12319"},{"taxonomy":"product_brand","embeddable":true,"href":"https:\/\/xenonkungen.com\/es\/wp-json\/wp\/v2\/product_brand?post=12319"},{"taxonomy":"product_cat","embeddable":true,"href":"https:\/\/xenonkungen.com\/es\/wp-json\/wp\/v2\/product_cat?post=12319"},{"taxonomy":"product_tag","embeddable":true,"href":"https:\/\/xenonkungen.com\/es\/wp-json\/wp\/v2\/product_tag?post=12319"}],"curies":[{"name":"wp","href":"https:\/\/api.w.org\/{rel}","templated":true}]}}