{"id":12352,"date":"2025-08-13T09:53:48","date_gmt":"2025-08-13T09:53:48","guid":{"rendered":"https:\/\/xenonkungen.com\/?post_type=product&#038;p=12352"},"modified":"2026-04-24T16:41:38","modified_gmt":"2026-04-24T15:41:38","slug":"lampara-led-luxtar-x16-spot","status":"publish","type":"product","link":"https:\/\/xenonkungen.com\/es\/producto\/lampara-led-luxtar-x16-spot\/","title":{"rendered":"LUXTAR\u00ae Ledramp X16 | Spot <47cm>"},"content":{"rendered":"<p>La barra de luces auxiliares de leds Luxtar\u00ae serie X tiene un dise\u00f1o exclusivo e incorpora reflectores con l\u00e1mparas de diodos montadas lateralmente, lo que mejora significativamente el rendimiento.<\/p>\n<p>160W | 16.000 Lumen son los valores te\u00f3ricos del foco led Luxtar X16 y que puedes tener en cuenta a la hora de comparar con otras opciones del mercado (que hacen hincapi\u00e9 en los datos te\u00f3ricos).<\/p>\n<p>120W | 8204 Lumen son los valores reales que este foco led Luxtar X16 dispara en luz. Se puede comparar con el hal\u00f3geno que con 55W tiene un valor de luz alrededor de 1.000 Lumen (+-200lm).<\/p>\n<p>Luxtar\u00ae X16 es una rampa led adecuada para coche \/ turismo o veh\u00edculos de transporte como furgonetas o una luz de acogida para un ATV, quad.<\/p>\n<p>Spot es adecuado para quienes <strong>da prioridad a la luz de largo alcance<\/strong> o a velocidades m\u00e1s altas, donde la atenci\u00f3n se centra naturalmente en distancias m\u00e1s largas.<\/p>","protected":false},"excerpt":{"rendered":"<p>LUXTAR\u00ae Ledramp X16, LED de 160W en rampa led de 466mm proporciona un total de 8.204 l\u00famenes que corresponden aproximadamente a 8 luces hal\u00f3genas adicionales.<\/p>","protected":false},"featured_media":12353,"comment_status":"open","ping_status":"closed","template":"","meta":{"_acf_changed":false,"_smort_price_nok":"2013","_smort_price_dkk":"1829","_smort_price_eur":"244.99","_smort_sale_price_nok":"2013","_smort_sale_price_dkk":"","_smort_sale_price_eur":"171.36","smort_restorder":"","shipmondo_restorder":"","_kad_blocks_custom_css":"","_kad_blocks_head_custom_js":"","_kad_blocks_body_custom_js":"","_kad_blocks_footer_custom_js":"","smort_custom_pricelist_1":"1724.8","smort_custom_pricelist_2":"1150","smort_custom_pricelist_3":"1092.5","smort_custom_pricelist_4":"2156","smort_custom_pricelist_5":"1150"},"anvandningsomrade":[],"bilmarken":[],"product_brand":[103],"product_cat":[2966,2826,2161],"product_tag":[],"class_list":{"0":"post-12352","1":"product","2":"type-product","3":"status-publish","4":"has-post-thumbnail","6":"product_brand-luxtar","7":"product_cat-ledramp-rak","8":"product_cat-luxtar","9":"product_cat-luxtar-x-serie","11":"first","12":"outofstock","13":"sale","14":"taxable","15":"shipping-taxable","16":"purchasable","17":"product-type-simple"},"bundled_by":[],"bundle_stock_status":"outofstock","bundle_stock_quantity":0,"bundle_virtual":false,"bundle_layout":"","bundle_add_to_cart_form_location":"","bundle_editable_in_cart":false,"bundle_sold_individually_context":"","bundle_item_grouping":"","bundle_min_size":"","bundle_max_size":"","bundle_price":[],"bundled_items":[],"bundle_sell_ids":[],"acf":[],"yoast_head":"<!-- This site is optimized with the Yoast SEO plugin v27.0 - https:\/\/yoast.com\/product\/yoast-seo-wordpress\/ -->\n<title>LUXTAR\u00ae Ledramp X16 | Spot  - Xenonkungen<\/title>\n<meta name=\"robots\" content=\"index, follow, max-snippet:-1, max-image-preview:large, max-video-preview:-1\" \/>\n<link rel=\"canonical\" href=\"https:\/\/xenonkungen.com\/es\/producto\/lampara-led-luxtar-x16-spot\/\" \/>\n<meta property=\"og:locale\" content=\"es_ES\" \/>\n<meta property=\"og:type\" content=\"article\" \/>\n<meta property=\"og:title\" content=\"LUXTAR\u00ae Ledramp X16 | Spot  - Xenonkungen\" \/>\n<meta property=\"og:description\" content=\"LUXTAR\u00ae Ledramp X16, 160W LED i 466mm led ramp ger hela 8 204 lumen vilket motsvarar ungef\u00e4r 8 halogen extraljus.\" \/>\n<meta property=\"og:url\" content=\"https:\/\/xenonkungen.com\/es\/producto\/lampara-led-luxtar-x16-spot\/\" \/>\n<meta property=\"og:site_name\" content=\"Xenonkungen\" \/>\n<meta property=\"article:modified_time\" content=\"2026-04-24T15:41:38+00:00\" \/>\n<meta property=\"og:image\" content=\"https:\/\/xenonkungen.com\/wp-content\/uploads\/2025\/08\/31558001-origpic-d37ce0.png\" \/>\n\t<meta property=\"og:image:width\" content=\"1000\" \/>\n\t<meta property=\"og:image:height\" content=\"1000\" \/>\n\t<meta property=\"og:image:type\" content=\"image\/png\" \/>\n<meta name=\"twitter:card\" content=\"summary_large_image\" \/>\n<meta name=\"twitter:label1\" content=\"Tiempo de lectura\" \/>\n\t<meta name=\"twitter:data1\" content=\"1 minuto\" \/>\n<script type=\"application\/ld+json\" class=\"yoast-schema-graph\">{\"@context\":\"https:\/\/schema.org\",\"@graph\":[{\"@type\":\"WebPage\",\"@id\":\"https:\/\/xenonkungen.com\/produkt\/luxtar-ledramp-x16-spot\/\",\"url\":\"https:\/\/xenonkungen.com\/produkt\/luxtar-ledramp-x16-spot\/\",\"name\":\"LUXTAR\u00ae Ledramp X16 | Spot - Xenonkungen\",\"isPartOf\":{\"@id\":\"https:\/\/xenonkungen.com\/#website\"},\"primaryImageOfPage\":{\"@id\":\"https:\/\/xenonkungen.com\/produkt\/luxtar-ledramp-x16-spot\/#primaryimage\"},\"image\":{\"@id\":\"https:\/\/xenonkungen.com\/produkt\/luxtar-ledramp-x16-spot\/#primaryimage\"},\"thumbnailUrl\":\"https:\/\/xenonkungen.com\/wp-content\/uploads\/2025\/08\/31558001-origpic-d37ce0.png\",\"datePublished\":\"2025-08-13T09:53:48+00:00\",\"dateModified\":\"2026-04-24T15:41:38+00:00\",\"breadcrumb\":{\"@id\":\"https:\/\/xenonkungen.com\/produkt\/luxtar-ledramp-x16-spot\/#breadcrumb\"},\"inLanguage\":\"es\",\"potentialAction\":[{\"@type\":\"ReadAction\",\"target\":[\"https:\/\/xenonkungen.com\/produkt\/luxtar-ledramp-x16-spot\/\"]}]},{\"@type\":\"ImageObject\",\"inLanguage\":\"es\",\"@id\":\"https:\/\/xenonkungen.com\/produkt\/luxtar-ledramp-x16-spot\/#primaryimage\",\"url\":\"https:\/\/xenonkungen.com\/wp-content\/uploads\/2025\/08\/31558001-origpic-d37ce0.png\",\"contentUrl\":\"https:\/\/xenonkungen.com\/wp-content\/uploads\/2025\/08\/31558001-origpic-d37ce0.png\",\"width\":1000,\"height\":1000},{\"@type\":\"BreadcrumbList\",\"@id\":\"https:\/\/xenonkungen.com\/produkt\/luxtar-ledramp-x16-spot\/#breadcrumb\",\"itemListElement\":[{\"@type\":\"ListItem\",\"position\":1,\"name\":\"Hem\",\"item\":\"https:\/\/xenonkungen.com\/\"},{\"@type\":\"ListItem\",\"position\":2,\"name\":\"Shop\",\"item\":\"https:\/\/xenonkungen.com\/shop\/\"},{\"@type\":\"ListItem\",\"position\":3,\"name\":\"LUXTAR\u00ae Ledramp X16 | Spot\"}]},{\"@type\":\"WebSite\",\"@id\":\"https:\/\/xenonkungen.com\/#website\",\"url\":\"https:\/\/xenonkungen.com\/\",\"name\":\"Xenonkungen\",\"description\":\"\",\"potentialAction\":[{\"@type\":\"SearchAction\",\"target\":{\"@type\":\"EntryPoint\",\"urlTemplate\":\"https:\/\/xenonkungen.com\/?s={search_term_string}\"},\"query-input\":{\"@type\":\"PropertyValueSpecification\",\"valueRequired\":true,\"valueName\":\"search_term_string\"}}],\"inLanguage\":\"es\"}]}<\/script>\n<!-- \/ Yoast SEO plugin. -->","yoast_head_json":{"title":"LUXTAR\u00ae Rampa Led X16 | Foco - El Rey del Xen\u00f3n","robots":{"index":"index","follow":"follow","max-snippet":"max-snippet:-1","max-image-preview":"max-image-preview:large","max-video-preview":"max-video-preview:-1"},"canonical":"https:\/\/xenonkungen.com\/es\/producto\/lampara-led-luxtar-x16-spot\/","og_locale":"es_ES","og_type":"article","og_title":"LUXTAR\u00ae Ledramp X16 | Spot  - Xenonkungen","og_description":"LUXTAR\u00ae Ledramp X16, 160W LED i 466mm led ramp ger hela 8 204 lumen vilket motsvarar ungef\u00e4r 8 halogen extraljus.","og_url":"https:\/\/xenonkungen.com\/es\/producto\/lampara-led-luxtar-x16-spot\/","og_site_name":"Xenonkungen","article_modified_time":"2026-04-24T15:41:38+00:00","og_image":[{"width":1000,"height":1000,"url":"https:\/\/xenonkungen.com\/wp-content\/uploads\/2025\/08\/31558001-origpic-d37ce0.png","type":"image\/png"}],"twitter_card":"summary_large_image","twitter_misc":{"Tiempo de lectura":"1 minuto"},"schema":{"@context":"https:\/\/schema.org","@graph":[{"@type":"WebPage","@id":"https:\/\/xenonkungen.com\/produkt\/luxtar-ledramp-x16-spot\/","url":"https:\/\/xenonkungen.com\/produkt\/luxtar-ledramp-x16-spot\/","name":"LUXTAR\u00ae Rampa Led X16 | Foco - El Rey del Xen\u00f3n","isPartOf":{"@id":"https:\/\/xenonkungen.com\/#website"},"primaryImageOfPage":{"@id":"https:\/\/xenonkungen.com\/produkt\/luxtar-ledramp-x16-spot\/#primaryimage"},"image":{"@id":"https:\/\/xenonkungen.com\/produkt\/luxtar-ledramp-x16-spot\/#primaryimage"},"thumbnailUrl":"https:\/\/xenonkungen.com\/wp-content\/uploads\/2025\/08\/31558001-origpic-d37ce0.png","datePublished":"2025-08-13T09:53:48+00:00","dateModified":"2026-04-24T15:41:38+00:00","breadcrumb":{"@id":"https:\/\/xenonkungen.com\/produkt\/luxtar-ledramp-x16-spot\/#breadcrumb"},"inLanguage":"es","potentialAction":[{"@type":"ReadAction","target":["https:\/\/xenonkungen.com\/produkt\/luxtar-ledramp-x16-spot\/"]}]},{"@type":"ImageObject","inLanguage":"es","@id":"https:\/\/xenonkungen.com\/produkt\/luxtar-ledramp-x16-spot\/#primaryimage","url":"https:\/\/xenonkungen.com\/wp-content\/uploads\/2025\/08\/31558001-origpic-d37ce0.png","contentUrl":"https:\/\/xenonkungen.com\/wp-content\/uploads\/2025\/08\/31558001-origpic-d37ce0.png","width":1000,"height":1000},{"@type":"BreadcrumbList","@id":"https:\/\/xenonkungen.com\/produkt\/luxtar-ledramp-x16-spot\/#breadcrumb","itemListElement":[{"@type":"ListItem","position":1,"name":"Hem","item":"https:\/\/xenonkungen.com\/"},{"@type":"ListItem","position":2,"name":"Shop","item":"https:\/\/xenonkungen.com\/shop\/"},{"@type":"ListItem","position":3,"name":"LUXTAR\u00ae Ledramp X16 | Spot"}]},{"@type":"WebSite","@id":"https:\/\/xenonkungen.com\/#website","url":"https:\/\/xenonkungen.com\/","name":"Xenonkungen","description":"","potentialAction":[{"@type":"SearchAction","target":{"@type":"EntryPoint","urlTemplate":"https:\/\/xenonkungen.com\/?s={search_term_string}"},"query-input":{"@type":"PropertyValueSpecification","valueRequired":true,"valueName":"search_term_string"}}],"inLanguage":"es"}]}},"taxonomy_info":{"product_brand":[{"value":103,"label":"LUXTAR"}],"product_cat":[{"value":2966,"label":"Ledramp Rak"},{"value":2826,"label":"LUXTAR"},{"value":2161,"label":"LUXTAR X-serie"}]},"featured_image_src_large":["https:\/\/xenonkungen.com\/wp-content\/uploads\/2025\/08\/31558001-origpic-d37ce0.png",1000,1000,false],"author_info":[],"comment_info":1,"_links":{"self":[{"href":"https:\/\/xenonkungen.com\/es\/wp-json\/wp\/v2\/product\/12352","targetHints":{"allow":["GET"]}}],"collection":[{"href":"https:\/\/xenonkungen.com\/es\/wp-json\/wp\/v2\/product"}],"about":[{"href":"https:\/\/xenonkungen.com\/es\/wp-json\/wp\/v2\/types\/product"}],"replies":[{"embeddable":true,"href":"https:\/\/xenonkungen.com\/es\/wp-json\/wp\/v2\/comments?post=12352"}],"wp:featuredmedia":[{"embeddable":true,"href":"https:\/\/xenonkungen.com\/es\/wp-json\/wp\/v2\/media\/12353"}],"wp:attachment":[{"href":"https:\/\/xenonkungen.com\/es\/wp-json\/wp\/v2\/media?parent=12352"}],"wp:term":[{"taxonomy":"anvandningsomrade","embeddable":true,"href":"https:\/\/xenonkungen.com\/es\/wp-json\/wp\/v2\/anvandningsomrade?post=12352"},{"taxonomy":"bilmarken","embeddable":true,"href":"https:\/\/xenonkungen.com\/es\/wp-json\/wp\/v2\/bilmarken?post=12352"},{"taxonomy":"product_brand","embeddable":true,"href":"https:\/\/xenonkungen.com\/es\/wp-json\/wp\/v2\/product_brand?post=12352"},{"taxonomy":"product_cat","embeddable":true,"href":"https:\/\/xenonkungen.com\/es\/wp-json\/wp\/v2\/product_cat?post=12352"},{"taxonomy":"product_tag","embeddable":true,"href":"https:\/\/xenonkungen.com\/es\/wp-json\/wp\/v2\/product_tag?post=12352"}],"curies":[{"name":"wp","href":"https:\/\/api.w.org\/{rel}","templated":true}]}}