{"id":1245,"date":"2025-04-15T08:01:28","date_gmt":"2025-04-15T08:01:28","guid":{"rendered":"https:\/\/xenonkungen.com\/product\/rorfaste-50mm\/"},"modified":"2026-02-06T16:41:52","modified_gmt":"2026-02-06T15:41:52","slug":"montaje-del-timon-de-50-mm","status":"publish","type":"product","link":"https:\/\/xenonkungen.com\/es\/producto\/montaje-del-timon-de-50-mm\/","title":{"rendered":"Soporte para tubo de 50 mm"},"content":{"rendered":"<h1>Soporte de tubo para montar luces auxiliares, rampas LED, luces de trabajo, etc. en tubos como arcos delanteros, barras antivuelco, manillares, etc.<\/h1>\n<p>\u00bfBusca un soporte para tubos? Aqu\u00ed tiene un soporte que no requiere perforaci\u00f3n, sino que se sujeta f\u00e1cilmente con los tornillos suministrados. Esto ayuda a minimizar el impacto en su m\u00e1quina y permite m\u00faltiples opciones de instalaci\u00f3n.<br \/>El montaje del tubo es universal, aseg\u00farese de ajustar la base de luz adicional correctamente para obtener la mejor imagen de luz posible.<\/p>\n<p>F\u00e1cil instalaci\u00f3n sin necesidad de otros complementos.<\/p>\n<p>Nuestro soporte de tuber\u00eda tiene un doble recubrimiento de polvo negro y est\u00e1 fabricado en aluminio, que deber\u00eda resistir todos nuestros duros entornos.<\/p>\n<p><strong>Es bueno saberlo<\/strong><br \/>Las dimensiones del soporte del tubo.<br \/>Dimensiones interiores sin goma protectora: 50 mm<br \/>Dimensiones interiores con goma protectora: 38 mm<br \/>Agujero para la l\u00e1mpara de montaje (grande): 10 mm<\/p>\n<p>Nuestro soporte para tuber\u00edas tiene su propia serie en la que hay disponibles diferentes tama\u00f1os para diferentes prop\u00f3sitos, consulte la pesta\u00f1a 'materiales de instalaci\u00f3n'.<\/p>\n<p><strong>Contenido de la entrega<\/strong><br \/>2 abrazaderas de tubo<br \/>4pcs Tornillos<br \/>2 unidades Arandelas de seguridad<br \/>2pcs Tuerca<br \/>2 piezas Goma protectora<br \/>2 llaves Allen.<\/p>\n<p><strong>Garant\u00eda<\/strong><br \/>1 a\u00f1o<\/p>","protected":false},"excerpt":{"rendered":"<p>Soporte flexible para tubos con di\u00e1metro interior de 50 mm. F\u00e1cil de usar, permite acoplar luces de trabajo, luces LED o similares sin da\u00f1ar el veh\u00edculo. Se sujeta f\u00e1cilmente a tubos de 50-52 mm de di\u00e1metro.<\/p>","protected":false},"featured_media":1246,"comment_status":"closed","ping_status":"open","template":"","meta":{"_acf_changed":false,"_smort_price_nok":"166","_smort_price_dkk":"105","_smort_price_eur":"14.09","_smort_sale_price_nok":"","_smort_sale_price_dkk":"","_smort_sale_price_eur":"","smort_restorder":"","shipmondo_restorder":"","_kad_blocks_custom_css":"","_kad_blocks_head_custom_js":"","_kad_blocks_body_custom_js":"","_kad_blocks_footer_custom_js":"","smort_custom_pricelist_1":"99.2","smort_custom_pricelist_2":"86.8","smort_custom_pricelist_3":"82.46","smort_custom_pricelist_4":"124","smort_custom_pricelist_5":"86.8"},"anvandningsomrade":[],"bilmarken":[],"product_brand":[117],"product_cat":[2841,2460,390],"product_tag":[],"class_list":{"0":"post-1245","1":"product","2":"type-product","3":"status-publish","4":"has-post-thumbnail","6":"product_brand-xenonkungen","7":"product_cat-installation-extraljus","8":"product_cat-klamfasten","9":"product_cat-installation","10":"pa_storlek-mm-395","12":"first","13":"instock","14":"taxable","15":"shipping-taxable","16":"purchasable","17":"product-type-simple"},"bundled_by":[],"bundle_stock_status":"instock","bundle_stock_quantity":57,"bundle_virtual":false,"bundle_layout":"","bundle_add_to_cart_form_location":"","bundle_editable_in_cart":false,"bundle_sold_individually_context":"","bundle_item_grouping":"","bundle_min_size":"","bundle_max_size":"","bundle_price":[],"bundled_items":[],"bundle_sell_ids":[],"acf":[],"yoast_head":"<!-- This site is optimized with the Yoast SEO plugin v27.0 - https:\/\/yoast.com\/product\/yoast-seo-wordpress\/ -->\n<title>R\u00f6rf\u00e4ste 50mm - Xenonkungen<\/title>\n<meta name=\"robots\" content=\"index, follow, max-snippet:-1, max-image-preview:large, max-video-preview:-1\" \/>\n<link rel=\"canonical\" href=\"https:\/\/xenonkungen.com\/es\/producto\/montaje-del-timon-de-50-mm\/\" \/>\n<meta property=\"og:locale\" content=\"es_ES\" \/>\n<meta property=\"og:type\" content=\"article\" \/>\n<meta property=\"og:title\" content=\"R\u00f6rf\u00e4ste 50mm - Xenonkungen\" \/>\n<meta property=\"og:description\" content=\"Smidigt r\u00f6rf\u00e4ste med 50mm innerm\u00e5tt. Enkelt att anv\u00e4nda s\u00e5 du kan f\u00e4sta arbetsbelysning, ledramp eller liknande, utan att beh\u00f6va g\u00f6ra n\u00e5gon \u00e5verkan p\u00e5 fordonet. kl\u00e4ms enkelt fast runt r\u00f6r med m\u00e5tt 50-52mm diameter.\" \/>\n<meta property=\"og:url\" content=\"https:\/\/xenonkungen.com\/es\/producto\/montaje-del-timon-de-50-mm\/\" \/>\n<meta property=\"og:site_name\" content=\"Xenonkungen\" \/>\n<meta property=\"article:modified_time\" content=\"2026-02-06T15:41:52+00:00\" \/>\n<meta property=\"og:image\" content=\"https:\/\/xenonkungen.com\/wp-content\/uploads\/2025\/04\/162632201-origpic-ba0cd5.png\" \/>\n\t<meta property=\"og:image:width\" content=\"1000\" \/>\n\t<meta property=\"og:image:height\" content=\"901\" \/>\n\t<meta property=\"og:image:type\" content=\"image\/png\" \/>\n<meta name=\"twitter:card\" content=\"summary_large_image\" \/>\n<meta name=\"twitter:label1\" content=\"Tiempo de lectura\" \/>\n\t<meta name=\"twitter:data1\" content=\"1 minuto\" \/>\n<script type=\"application\/ld+json\" class=\"yoast-schema-graph\">{\"@context\":\"https:\/\/schema.org\",\"@graph\":[{\"@type\":\"WebPage\",\"@id\":\"https:\/\/xenonkungen.com\/nl\/product\/roerbevestiging-50-mm\/\",\"url\":\"https:\/\/xenonkungen.com\/nl\/product\/roerbevestiging-50-mm\/\",\"name\":\"R\u00f6rf\u00e4ste 50mm - Xenonkungen\",\"isPartOf\":{\"@id\":\"https:\/\/xenonkungen.com\/#website\"},\"primaryImageOfPage\":{\"@id\":\"https:\/\/xenonkungen.com\/nl\/product\/roerbevestiging-50-mm\/#primaryimage\"},\"image\":{\"@id\":\"https:\/\/xenonkungen.com\/nl\/product\/roerbevestiging-50-mm\/#primaryimage\"},\"thumbnailUrl\":\"https:\/\/xenonkungen.com\/wp-content\/uploads\/2025\/04\/162632201-origpic-ba0cd5.png\",\"datePublished\":\"2025-04-15T08:01:28+00:00\",\"dateModified\":\"2026-02-06T15:41:52+00:00\",\"breadcrumb\":{\"@id\":\"https:\/\/xenonkungen.com\/nl\/product\/roerbevestiging-50-mm\/#breadcrumb\"},\"inLanguage\":\"es\",\"potentialAction\":[{\"@type\":\"ReadAction\",\"target\":[\"https:\/\/xenonkungen.com\/nl\/product\/roerbevestiging-50-mm\/\"]}]},{\"@type\":\"ImageObject\",\"inLanguage\":\"es\",\"@id\":\"https:\/\/xenonkungen.com\/nl\/product\/roerbevestiging-50-mm\/#primaryimage\",\"url\":\"https:\/\/xenonkungen.com\/wp-content\/uploads\/2025\/04\/162632201-origpic-ba0cd5.png\",\"contentUrl\":\"https:\/\/xenonkungen.com\/wp-content\/uploads\/2025\/04\/162632201-origpic-ba0cd5.png\",\"width\":1000,\"height\":901},{\"@type\":\"BreadcrumbList\",\"@id\":\"https:\/\/xenonkungen.com\/nl\/product\/roerbevestiging-50-mm\/#breadcrumb\",\"itemListElement\":[{\"@type\":\"ListItem\",\"position\":1,\"name\":\"Hem\",\"item\":\"https:\/\/xenonkungen.com\/\"},{\"@type\":\"ListItem\",\"position\":2,\"name\":\"Shop\",\"item\":\"https:\/\/xenonkungen.com\/shop\/\"},{\"@type\":\"ListItem\",\"position\":3,\"name\":\"R\u00f6rf\u00e4ste 50mm\"}]},{\"@type\":\"WebSite\",\"@id\":\"https:\/\/xenonkungen.com\/#website\",\"url\":\"https:\/\/xenonkungen.com\/\",\"name\":\"Xenonkungen\",\"description\":\"\",\"potentialAction\":[{\"@type\":\"SearchAction\",\"target\":{\"@type\":\"EntryPoint\",\"urlTemplate\":\"https:\/\/xenonkungen.com\/?s={search_term_string}\"},\"query-input\":{\"@type\":\"PropertyValueSpecification\",\"valueRequired\":true,\"valueName\":\"search_term_string\"}}],\"inLanguage\":\"es\"}]}<\/script>\n<!-- \/ Yoast SEO plugin. -->","yoast_head_json":{"title":"Soporte de tubo de 50 mm - Xenonkungen","robots":{"index":"index","follow":"follow","max-snippet":"max-snippet:-1","max-image-preview":"max-image-preview:large","max-video-preview":"max-video-preview:-1"},"canonical":"https:\/\/xenonkungen.com\/es\/producto\/montaje-del-timon-de-50-mm\/","og_locale":"es_ES","og_type":"article","og_title":"R\u00f6rf\u00e4ste 50mm - Xenonkungen","og_description":"Smidigt r\u00f6rf\u00e4ste med 50mm innerm\u00e5tt. Enkelt att anv\u00e4nda s\u00e5 du kan f\u00e4sta arbetsbelysning, ledramp eller liknande, utan att beh\u00f6va g\u00f6ra n\u00e5gon \u00e5verkan p\u00e5 fordonet. kl\u00e4ms enkelt fast runt r\u00f6r med m\u00e5tt 50-52mm diameter.","og_url":"https:\/\/xenonkungen.com\/es\/producto\/montaje-del-timon-de-50-mm\/","og_site_name":"Xenonkungen","article_modified_time":"2026-02-06T15:41:52+00:00","og_image":[{"width":1000,"height":901,"url":"https:\/\/xenonkungen.com\/wp-content\/uploads\/2025\/04\/162632201-origpic-ba0cd5.png","type":"image\/png"}],"twitter_card":"summary_large_image","twitter_misc":{"Tiempo de lectura":"1 minuto"},"schema":{"@context":"https:\/\/schema.org","@graph":[{"@type":"WebPage","@id":"https:\/\/xenonkungen.com\/nl\/product\/roerbevestiging-50-mm\/","url":"https:\/\/xenonkungen.com\/nl\/product\/roerbevestiging-50-mm\/","name":"Soporte de tubo de 50 mm - Xenonkungen","isPartOf":{"@id":"https:\/\/xenonkungen.com\/#website"},"primaryImageOfPage":{"@id":"https:\/\/xenonkungen.com\/nl\/product\/roerbevestiging-50-mm\/#primaryimage"},"image":{"@id":"https:\/\/xenonkungen.com\/nl\/product\/roerbevestiging-50-mm\/#primaryimage"},"thumbnailUrl":"https:\/\/xenonkungen.com\/wp-content\/uploads\/2025\/04\/162632201-origpic-ba0cd5.png","datePublished":"2025-04-15T08:01:28+00:00","dateModified":"2026-02-06T15:41:52+00:00","breadcrumb":{"@id":"https:\/\/xenonkungen.com\/nl\/product\/roerbevestiging-50-mm\/#breadcrumb"},"inLanguage":"es","potentialAction":[{"@type":"ReadAction","target":["https:\/\/xenonkungen.com\/nl\/product\/roerbevestiging-50-mm\/"]}]},{"@type":"ImageObject","inLanguage":"es","@id":"https:\/\/xenonkungen.com\/nl\/product\/roerbevestiging-50-mm\/#primaryimage","url":"https:\/\/xenonkungen.com\/wp-content\/uploads\/2025\/04\/162632201-origpic-ba0cd5.png","contentUrl":"https:\/\/xenonkungen.com\/wp-content\/uploads\/2025\/04\/162632201-origpic-ba0cd5.png","width":1000,"height":901},{"@type":"BreadcrumbList","@id":"https:\/\/xenonkungen.com\/nl\/product\/roerbevestiging-50-mm\/#breadcrumb","itemListElement":[{"@type":"ListItem","position":1,"name":"Hem","item":"https:\/\/xenonkungen.com\/"},{"@type":"ListItem","position":2,"name":"Shop","item":"https:\/\/xenonkungen.com\/shop\/"},{"@type":"ListItem","position":3,"name":"R\u00f6rf\u00e4ste 50mm"}]},{"@type":"WebSite","@id":"https:\/\/xenonkungen.com\/#website","url":"https:\/\/xenonkungen.com\/","name":"Xenonkungen","description":"","potentialAction":[{"@type":"SearchAction","target":{"@type":"EntryPoint","urlTemplate":"https:\/\/xenonkungen.com\/?s={search_term_string}"},"query-input":{"@type":"PropertyValueSpecification","valueRequired":true,"valueName":"search_term_string"}}],"inLanguage":"es"}]}},"taxonomy_info":{"product_brand":[{"value":117,"label":"Xenonkungen"}],"product_cat":[{"value":2841,"label":"Installation extraljus"},{"value":2460,"label":"Kl\u00e4mf\u00e4sten"},{"value":390,"label":"Installation"}],"pa_storlek-mm":[{"value":395,"label":"50"}]},"featured_image_src_large":["https:\/\/xenonkungen.com\/wp-content\/uploads\/2025\/04\/162632201-origpic-ba0cd5.png",1000,901,false],"author_info":[],"comment_info":0,"_links":{"self":[{"href":"https:\/\/xenonkungen.com\/es\/wp-json\/wp\/v2\/product\/1245","targetHints":{"allow":["GET"]}}],"collection":[{"href":"https:\/\/xenonkungen.com\/es\/wp-json\/wp\/v2\/product"}],"about":[{"href":"https:\/\/xenonkungen.com\/es\/wp-json\/wp\/v2\/types\/product"}],"replies":[{"embeddable":true,"href":"https:\/\/xenonkungen.com\/es\/wp-json\/wp\/v2\/comments?post=1245"}],"wp:featuredmedia":[{"embeddable":true,"href":"https:\/\/xenonkungen.com\/es\/wp-json\/wp\/v2\/media\/1246"}],"wp:attachment":[{"href":"https:\/\/xenonkungen.com\/es\/wp-json\/wp\/v2\/media?parent=1245"}],"wp:term":[{"taxonomy":"anvandningsomrade","embeddable":true,"href":"https:\/\/xenonkungen.com\/es\/wp-json\/wp\/v2\/anvandningsomrade?post=1245"},{"taxonomy":"bilmarken","embeddable":true,"href":"https:\/\/xenonkungen.com\/es\/wp-json\/wp\/v2\/bilmarken?post=1245"},{"taxonomy":"product_brand","embeddable":true,"href":"https:\/\/xenonkungen.com\/es\/wp-json\/wp\/v2\/product_brand?post=1245"},{"taxonomy":"product_cat","embeddable":true,"href":"https:\/\/xenonkungen.com\/es\/wp-json\/wp\/v2\/product_cat?post=1245"},{"taxonomy":"product_tag","embeddable":true,"href":"https:\/\/xenonkungen.com\/es\/wp-json\/wp\/v2\/product_tag?post=1245"}],"curies":[{"name":"wp","href":"https:\/\/api.w.org\/{rel}","templated":true}]}}