{"id":1254,"date":"2025-04-15T08:01:28","date_gmt":"2025-04-15T08:01:28","guid":{"rendered":"https:\/\/xenonkungen.com\/product\/rorfaste-76mm-2\/"},"modified":"2026-03-04T16:52:23","modified_gmt":"2026-03-04T15:52:23","slug":"montaje-del-timon-76mm-2","status":"publish","type":"product","link":"https:\/\/xenonkungen.com\/es\/producto\/montaje-del-timon-76mm-2\/","title":{"rendered":"Soporte de tubo 76 mm"},"content":{"rendered":"<h1>Soporte de tubo para montar luces auxiliares, rampas LED, luces de trabajo, etc. en tubos como arcos delanteros, barras antivuelco, manillares, etc.<\/h1>\n<p>\u00bfBusca un soporte para tubos? Aqu\u00ed tiene un soporte que no requiere perforaci\u00f3n, sino que se sujeta f\u00e1cilmente con los tornillos suministrados. Esto ayuda a minimizar el impacto en su m\u00e1quina y permite m\u00faltiples opciones de instalaci\u00f3n.<br \/>El montaje del tubo es universal, aseg\u00farese de ajustar la base de luz adicional correctamente para obtener la mejor imagen de luz posible.<\/p>\n<p>Este soporte de tubo es para montar luces auxiliares, rampas LED, luces de trabajo, etc. en tubos como arcos delanteros, barras antivuelco, manillares, etc. <\/p>\n<p>F\u00e1cil instalaci\u00f3n sin necesidad de otros complementos.<\/p>\n<p>Nuestro soporte de tuber\u00eda tiene un doble recubrimiento de polvo negro y est\u00e1 fabricado en aluminio, que deber\u00eda resistir todos nuestros duros entornos.<\/p>\n<p>Es bueno saberlo<br \/>Las dimensiones del soporte del tubo.<br \/>Dimensi\u00f3n interior sin goma protectora: 76 mm<br \/>Agujero para la l\u00e1mpara de montaje (grande): 13 mm<\/p>\n<p>Nuestra abrazadera para tubos tiene su propia gama en la que se ofrecen diferentes tama\u00f1os para diferentes fines, consulte la pesta\u00f1a \"materiales de instalaci\u00f3n\".<\/p>\n<p><strong>Contenido de la entrega<\/strong><br \/>2 abrazaderas de tubo<br \/>4pcs Tornillos<br \/>2 unidades Arandelas de seguridad<br \/>2 piezas Goma protectora<br \/>1\u00aa llave Allen.<\/p>\n<p><strong>Garant\u00eda<\/strong><br \/><span>1 a\u00f1o<\/span><\/p>","protected":false},"excerpt":{"rendered":"<p>Soporte de tubo estable para tubos con un di\u00e1metro superior a 76 mm. le permite ampliar la cantidad de luces adicionales en su arco existente o acoplar su propio sistema de luces a su gusto.<\/p>","protected":false},"featured_media":1255,"comment_status":"closed","ping_status":"open","template":"","meta":{"_acf_changed":false,"_smort_price_nok":"208","_smort_price_dkk":"132","_smort_price_eur":"17.73","_smort_sale_price_nok":"","_smort_sale_price_dkk":"","_smort_sale_price_eur":"","smort_restorder":"","shipmondo_restorder":"","_kad_blocks_custom_css":"","_kad_blocks_head_custom_js":"","_kad_blocks_body_custom_js":"","_kad_blocks_footer_custom_js":"","smort_custom_pricelist_1":"124.8","smort_custom_pricelist_2":"109.2","smort_custom_pricelist_3":"103.74","smort_custom_pricelist_4":"156","smort_custom_pricelist_5":"109.2"},"anvandningsomrade":[165,166,167],"bilmarken":[],"product_brand":[117],"product_cat":[2841,390],"product_tag":[],"class_list":{"0":"post-1254","1":"product","2":"type-product","3":"status-publish","4":"has-post-thumbnail","6":"anvandningsomrade-atv","7":"anvandningsomrade-lastbil","8":"anvandningsomrade-personbil","9":"product_brand-xenonkungen","10":"product_cat-installation-extraljus","11":"product_cat-installation","12":"pa_storlek-mm-393","14":"first","15":"instock","16":"taxable","17":"shipping-taxable","18":"purchasable","19":"product-type-simple"},"bundled_by":[],"bundle_stock_status":"instock","bundle_stock_quantity":45,"bundle_virtual":false,"bundle_layout":"","bundle_add_to_cart_form_location":"","bundle_editable_in_cart":false,"bundle_sold_individually_context":"","bundle_item_grouping":"","bundle_min_size":"","bundle_max_size":"","bundle_price":[],"bundled_items":[],"bundle_sell_ids":[],"acf":[],"yoast_head":"<!-- This site is optimized with the Yoast SEO plugin v27.0 - https:\/\/yoast.com\/product\/yoast-seo-wordpress\/ -->\n<title>R\u00f6rf\u00e4ste 76mm - Xenonkungen<\/title>\n<meta name=\"robots\" content=\"index, follow, max-snippet:-1, max-image-preview:large, max-video-preview:-1\" \/>\n<link rel=\"canonical\" href=\"https:\/\/xenonkungen.com\/es\/producto\/montaje-del-timon-76mm-2\/\" \/>\n<meta property=\"og:locale\" content=\"es_ES\" \/>\n<meta property=\"og:type\" content=\"article\" \/>\n<meta property=\"og:title\" content=\"R\u00f6rf\u00e4ste 76mm - Xenonkungen\" \/>\n<meta property=\"og:description\" content=\"Stabilt R\u00f6rf\u00e4ste f\u00f6r r\u00f6r med en diameter \u00f6ver 76mm. ger dig m\u00f6jligheten att ut\u00f6ka m\u00e4ngden extraljus i din befintliga b\u00e5ge eller f\u00e4sta ett eget system med ljus efter ditt eget tycke.\" \/>\n<meta property=\"og:url\" content=\"https:\/\/xenonkungen.com\/es\/producto\/montaje-del-timon-76mm-2\/\" \/>\n<meta property=\"og:site_name\" content=\"Xenonkungen\" \/>\n<meta property=\"article:modified_time\" content=\"2026-03-04T15:52:23+00:00\" \/>\n<meta property=\"og:image\" content=\"https:\/\/xenonkungen.com\/wp-content\/uploads\/2025\/04\/162632265-origpic-920b7b.png\" \/>\n\t<meta property=\"og:image:width\" content=\"1000\" \/>\n\t<meta property=\"og:image:height\" content=\"720\" \/>\n\t<meta property=\"og:image:type\" content=\"image\/png\" \/>\n<meta name=\"twitter:card\" content=\"summary_large_image\" \/>\n<meta name=\"twitter:label1\" content=\"Tiempo de lectura\" \/>\n\t<meta name=\"twitter:data1\" content=\"1 minuto\" \/>\n<script type=\"application\/ld+json\" class=\"yoast-schema-graph\">{\"@context\":\"https:\/\/schema.org\",\"@graph\":[{\"@type\":\"WebPage\",\"@id\":\"https:\/\/xenonkungen.com\/produkt\/rorfaste-76mm-2\/\",\"url\":\"https:\/\/xenonkungen.com\/produkt\/rorfaste-76mm-2\/\",\"name\":\"R\u00f6rf\u00e4ste 76mm - Xenonkungen\",\"isPartOf\":{\"@id\":\"https:\/\/xenonkungen.com\/#website\"},\"primaryImageOfPage\":{\"@id\":\"https:\/\/xenonkungen.com\/produkt\/rorfaste-76mm-2\/#primaryimage\"},\"image\":{\"@id\":\"https:\/\/xenonkungen.com\/produkt\/rorfaste-76mm-2\/#primaryimage\"},\"thumbnailUrl\":\"https:\/\/xenonkungen.com\/wp-content\/uploads\/2025\/04\/162632265-origpic-920b7b.png\",\"datePublished\":\"2025-04-15T08:01:28+00:00\",\"dateModified\":\"2026-03-04T15:52:23+00:00\",\"breadcrumb\":{\"@id\":\"https:\/\/xenonkungen.com\/produkt\/rorfaste-76mm-2\/#breadcrumb\"},\"inLanguage\":\"es\",\"potentialAction\":[{\"@type\":\"ReadAction\",\"target\":[\"https:\/\/xenonkungen.com\/produkt\/rorfaste-76mm-2\/\"]}]},{\"@type\":\"ImageObject\",\"inLanguage\":\"es\",\"@id\":\"https:\/\/xenonkungen.com\/produkt\/rorfaste-76mm-2\/#primaryimage\",\"url\":\"https:\/\/xenonkungen.com\/wp-content\/uploads\/2025\/04\/162632265-origpic-920b7b.png\",\"contentUrl\":\"https:\/\/xenonkungen.com\/wp-content\/uploads\/2025\/04\/162632265-origpic-920b7b.png\",\"width\":1000,\"height\":720},{\"@type\":\"BreadcrumbList\",\"@id\":\"https:\/\/xenonkungen.com\/produkt\/rorfaste-76mm-2\/#breadcrumb\",\"itemListElement\":[{\"@type\":\"ListItem\",\"position\":1,\"name\":\"Hem\",\"item\":\"https:\/\/xenonkungen.com\/\"},{\"@type\":\"ListItem\",\"position\":2,\"name\":\"Shop\",\"item\":\"https:\/\/xenonkungen.com\/shop\/\"},{\"@type\":\"ListItem\",\"position\":3,\"name\":\"R\u00f6rf\u00e4ste 76mm\"}]},{\"@type\":\"WebSite\",\"@id\":\"https:\/\/xenonkungen.com\/#website\",\"url\":\"https:\/\/xenonkungen.com\/\",\"name\":\"Xenonkungen\",\"description\":\"\",\"potentialAction\":[{\"@type\":\"SearchAction\",\"target\":{\"@type\":\"EntryPoint\",\"urlTemplate\":\"https:\/\/xenonkungen.com\/?s={search_term_string}\"},\"query-input\":{\"@type\":\"PropertyValueSpecification\",\"valueRequired\":true,\"valueName\":\"search_term_string\"}}],\"inLanguage\":\"es\"}]}<\/script>\n<!-- \/ Yoast SEO plugin. -->","yoast_head_json":{"title":"Soporte de tubo de 76 mm - Xenonkungen","robots":{"index":"index","follow":"follow","max-snippet":"max-snippet:-1","max-image-preview":"max-image-preview:large","max-video-preview":"max-video-preview:-1"},"canonical":"https:\/\/xenonkungen.com\/es\/producto\/montaje-del-timon-76mm-2\/","og_locale":"es_ES","og_type":"article","og_title":"R\u00f6rf\u00e4ste 76mm - Xenonkungen","og_description":"Stabilt R\u00f6rf\u00e4ste f\u00f6r r\u00f6r med en diameter \u00f6ver 76mm. ger dig m\u00f6jligheten att ut\u00f6ka m\u00e4ngden extraljus i din befintliga b\u00e5ge eller f\u00e4sta ett eget system med ljus efter ditt eget tycke.","og_url":"https:\/\/xenonkungen.com\/es\/producto\/montaje-del-timon-76mm-2\/","og_site_name":"Xenonkungen","article_modified_time":"2026-03-04T15:52:23+00:00","og_image":[{"width":1000,"height":720,"url":"https:\/\/xenonkungen.com\/wp-content\/uploads\/2025\/04\/162632265-origpic-920b7b.png","type":"image\/png"}],"twitter_card":"summary_large_image","twitter_misc":{"Tiempo de lectura":"1 minuto"},"schema":{"@context":"https:\/\/schema.org","@graph":[{"@type":"WebPage","@id":"https:\/\/xenonkungen.com\/produkt\/rorfaste-76mm-2\/","url":"https:\/\/xenonkungen.com\/produkt\/rorfaste-76mm-2\/","name":"Soporte de tubo de 76 mm - Xenonkungen","isPartOf":{"@id":"https:\/\/xenonkungen.com\/#website"},"primaryImageOfPage":{"@id":"https:\/\/xenonkungen.com\/produkt\/rorfaste-76mm-2\/#primaryimage"},"image":{"@id":"https:\/\/xenonkungen.com\/produkt\/rorfaste-76mm-2\/#primaryimage"},"thumbnailUrl":"https:\/\/xenonkungen.com\/wp-content\/uploads\/2025\/04\/162632265-origpic-920b7b.png","datePublished":"2025-04-15T08:01:28+00:00","dateModified":"2026-03-04T15:52:23+00:00","breadcrumb":{"@id":"https:\/\/xenonkungen.com\/produkt\/rorfaste-76mm-2\/#breadcrumb"},"inLanguage":"es","potentialAction":[{"@type":"ReadAction","target":["https:\/\/xenonkungen.com\/produkt\/rorfaste-76mm-2\/"]}]},{"@type":"ImageObject","inLanguage":"es","@id":"https:\/\/xenonkungen.com\/produkt\/rorfaste-76mm-2\/#primaryimage","url":"https:\/\/xenonkungen.com\/wp-content\/uploads\/2025\/04\/162632265-origpic-920b7b.png","contentUrl":"https:\/\/xenonkungen.com\/wp-content\/uploads\/2025\/04\/162632265-origpic-920b7b.png","width":1000,"height":720},{"@type":"BreadcrumbList","@id":"https:\/\/xenonkungen.com\/produkt\/rorfaste-76mm-2\/#breadcrumb","itemListElement":[{"@type":"ListItem","position":1,"name":"Hem","item":"https:\/\/xenonkungen.com\/"},{"@type":"ListItem","position":2,"name":"Shop","item":"https:\/\/xenonkungen.com\/shop\/"},{"@type":"ListItem","position":3,"name":"R\u00f6rf\u00e4ste 76mm"}]},{"@type":"WebSite","@id":"https:\/\/xenonkungen.com\/#website","url":"https:\/\/xenonkungen.com\/","name":"Xenonkungen","description":"","potentialAction":[{"@type":"SearchAction","target":{"@type":"EntryPoint","urlTemplate":"https:\/\/xenonkungen.com\/?s={search_term_string}"},"query-input":{"@type":"PropertyValueSpecification","valueRequired":true,"valueName":"search_term_string"}}],"inLanguage":"es"}]}},"taxonomy_info":{"anvandningsomrade":[{"value":165,"label":"ATV"},{"value":166,"label":"Lastbil"},{"value":167,"label":"PERSONBIL"}],"product_brand":[{"value":117,"label":"Xenonkungen"}],"product_cat":[{"value":2841,"label":"Installation extraljus"},{"value":390,"label":"Installation"}],"pa_storlek-mm":[{"value":393,"label":"76"}]},"featured_image_src_large":["https:\/\/xenonkungen.com\/wp-content\/uploads\/2025\/04\/162632265-origpic-920b7b.png",1000,720,false],"author_info":[],"comment_info":0,"_links":{"self":[{"href":"https:\/\/xenonkungen.com\/es\/wp-json\/wp\/v2\/product\/1254","targetHints":{"allow":["GET"]}}],"collection":[{"href":"https:\/\/xenonkungen.com\/es\/wp-json\/wp\/v2\/product"}],"about":[{"href":"https:\/\/xenonkungen.com\/es\/wp-json\/wp\/v2\/types\/product"}],"replies":[{"embeddable":true,"href":"https:\/\/xenonkungen.com\/es\/wp-json\/wp\/v2\/comments?post=1254"}],"wp:featuredmedia":[{"embeddable":true,"href":"https:\/\/xenonkungen.com\/es\/wp-json\/wp\/v2\/media\/1255"}],"wp:attachment":[{"href":"https:\/\/xenonkungen.com\/es\/wp-json\/wp\/v2\/media?parent=1254"}],"wp:term":[{"taxonomy":"anvandningsomrade","embeddable":true,"href":"https:\/\/xenonkungen.com\/es\/wp-json\/wp\/v2\/anvandningsomrade?post=1254"},{"taxonomy":"bilmarken","embeddable":true,"href":"https:\/\/xenonkungen.com\/es\/wp-json\/wp\/v2\/bilmarken?post=1254"},{"taxonomy":"product_brand","embeddable":true,"href":"https:\/\/xenonkungen.com\/es\/wp-json\/wp\/v2\/product_brand?post=1254"},{"taxonomy":"product_cat","embeddable":true,"href":"https:\/\/xenonkungen.com\/es\/wp-json\/wp\/v2\/product_cat?post=1254"},{"taxonomy":"product_tag","embeddable":true,"href":"https:\/\/xenonkungen.com\/es\/wp-json\/wp\/v2\/product_tag?post=1254"}],"curies":[{"name":"wp","href":"https:\/\/api.w.org\/{rel}","templated":true}]}}