{"id":1277,"date":"2025-04-15T08:01:28","date_gmt":"2025-04-15T08:01:28","guid":{"rendered":"https:\/\/xenonkungen.com\/product\/led-aux-9\/"},"modified":"2026-04-24T17:01:02","modified_gmt":"2026-04-24T16:01:02","slug":"led-auxiliar-9","status":"publish","type":"product","link":"https:\/\/xenonkungen.com\/es\/producto\/led-auxiliar-9\/","title":{"rendered":"LED AUX - 9\u2033 (OPCIONAL)"},"content":{"rendered":"<h1>LUZ AUXILIAR LED REDONDA DE 9&quot; \u2013 Iluminaci\u00f3n potente para todas tus aventuras<\/h1>\n<p>Salga a la carretera, dentro y fuera de ella, con confianza. Nuestro<span>\u00a0<\/span><strong>Luces auxiliares LED AUX redondas de 9 pulgadas<\/strong><span>\u00a0<\/span>Est\u00e1 dise\u00f1ada para ofrecer la m\u00e1xima visibilidad y seguridad en cualquier condici\u00f3n. Con 144 W de potencia y dos luces de posici\u00f3n, una blanca y otra naranja, esta luz no solo es funcional, sino tambi\u00e9n elegante. Adem\u00e1s, cuenta con las certificaciones CE, IP68 y R149, lo que garantiza los m\u00e1s altos est\u00e1ndares de durabilidad y rendimiento.<\/p>\n<h2>Ventajas de nuestra luz LED AUX 7\u2033 Round Extra Light:<\/h2>\n<ul>\n<li><strong>Potente 144W<\/strong>: Brillo \u00f3ptimo para hacer frente a todo tipo de entornos, desde calles urbanas hasta terrenos dif\u00edciles.<\/li>\n<li><strong>Luz de posici\u00f3n blanca y naranja<\/strong>Personalice la luz seg\u00fan sus necesidades y cree un aspecto \u00fanico para su veh\u00edculo.<\/li>\n<li><strong>Calidad y sostenibilidad<\/strong>: Fabricada con marco de aluminio duradero, lente de policarbonato y soportes de montaje de acero inoxidable para soportar condiciones duras.<\/li>\n<li><strong>Aprobado IP68 y R149<\/strong>A prueba de agua y polvo, fabricado para soportar los entornos m\u00e1s exigentes y seguro para la conducci\u00f3n tanto en carretera como fuera de ella.<\/li>\n<li><strong>Haz de carretera<\/strong>: Un haz de carretera bien equilibrado que proporciona un largo alcance y un amplio campo luminoso para una visibilidad m\u00e1xima en la oscuridad.<\/li>\n<\/ul>\n<p>Su formato compacto de 9 pulgadas facilita una instalaci\u00f3n sencilla y flexible, tanto en veh\u00edculos 4x4 como todoterrenos o camiones. El dise\u00f1o de cable abierto permite adaptarlo a la mayor\u00eda de las instalaciones, brind\u00e1ndote la libertad de personalizar la iluminaci\u00f3n de tu veh\u00edculo seg\u00fan tus necesidades espec\u00edficas.<\/p>\n<h2>\u00bfPor qu\u00e9 elegir la luz auxiliar redonda LED AUX de 9&quot;?<\/h2>\n<p>Para los que exigen la m\u00e1xima calidad y fiabilidad, esta luz ofrece una combinaci\u00f3n de iluminaci\u00f3n potente, dise\u00f1o moderno y construcci\u00f3n duradera. Cree una experiencia de conducci\u00f3n m\u00e1s segura e iluminada: invierta en una luz auxiliar que dure.<\/p>\n<p><strong>Luz auxiliar LED redonda de 9 pulgadas<\/strong><span>\u00a0<\/span>- Para el conductor exigente que busca lo mejor en funcionalidad y dise\u00f1o.<\/p>","protected":false},"excerpt":{"rendered":"<p>LED AUX &#8211; 9&#8243; RUND EXTRALJUS \u2013 Kraftfull Belysning f\u00f6r Alla \u00c4ventyr Ge dig ut p\u00e5 v\u00e4garna, b\u00e5de p\u00e5 och utanf\u00f6r, med sj\u00e4lvf\u00f6rtroende! V\u00e5rt\u00a0LED AUX 9&#8243; runda extraljus\u00a0\u00e4r utvecklat f\u00f6r att ge maximal sikt och s\u00e4kerhet under alla f\u00f6rh\u00e5llanden. Med 144W kraft och tv\u00e5 positionsljus i b\u00e5de vitt och orange, \u00e4r denna lampa inte bara [&hellip;]<\/p>","protected":false},"featured_media":1278,"comment_status":"closed","ping_status":"closed","template":"","meta":{"_acf_changed":false,"_smort_price_nok":"2112","_smort_price_dkk":"2236","_smort_price_eur":"299.53","_smort_sale_price_nok":"2112","_smort_sale_price_dkk":"","_smort_sale_price_eur":"179.72","smort_restorder":"","shipmondo_restorder":"","_kad_blocks_custom_css":"","_kad_blocks_head_custom_js":"","_kad_blocks_body_custom_js":"","_kad_blocks_footer_custom_js":"","smort_custom_pricelist_1":"2108.8","smort_custom_pricelist_2":"1845.2","smort_custom_pricelist_3":"1713.4","smort_custom_pricelist_4":"2636","smort_custom_pricelist_5":"1845.2"},"anvandningsomrade":[],"bilmarken":[],"product_brand":[2793],"product_cat":[2839,142],"product_tag":[],"class_list":{"0":"post-1277","1":"product","2":"type-product","3":"status-publish","4":"has-post-thumbnail","6":"product_brand-ovrigt","7":"product_cat-extraljus-9","8":"product_cat-extraljus","9":"pa_faktisk-effekts-forbrukning-408","10":"pa_fargtemperatur-6000k","11":"pa_fuktskydd-varde-ipxx-ip68-ip69k","12":"pa_godkannande-ece-ce-ukca-rohs-r10-r148-r149","13":"pa_lampsockel-kontakt-dt4","14":"pa_led-chips-effekt-w-407","15":"pa_ljusbild-driving","16":"pa_storlek-mm-233x218x83","17":"pa_volt-v-multivolt-10-12-18-24-30","19":"first","20":"instock","21":"taxable","22":"shipping-taxable","23":"purchasable","24":"product-type-simple"},"bundled_by":[],"bundle_stock_status":"instock","bundle_stock_quantity":11,"bundle_virtual":false,"bundle_layout":"","bundle_add_to_cart_form_location":"","bundle_editable_in_cart":false,"bundle_sold_individually_context":"","bundle_item_grouping":"","bundle_min_size":"","bundle_max_size":"","bundle_price":[],"bundled_items":[],"bundle_sell_ids":[],"acf":[],"yoast_head":"<!-- This site is optimized with the Yoast SEO plugin v27.0 - https:\/\/yoast.com\/product\/yoast-seo-wordpress\/ -->\n<title>LED AUX - 9&quot; - Xenonkungen<\/title>\n<meta name=\"robots\" content=\"index, follow, max-snippet:-1, max-image-preview:large, max-video-preview:-1\" \/>\n<link rel=\"canonical\" href=\"https:\/\/xenonkungen.com\/es\/producto\/led-auxiliar-9\/\" \/>\n<meta property=\"og:locale\" content=\"es_ES\" \/>\n<meta property=\"og:type\" content=\"article\" \/>\n<meta property=\"og:title\" content=\"LED AUX - 9&quot; - Xenonkungen\" \/>\n<meta property=\"og:description\" content=\"LED AUX &#8211; 9&#8243; RUND EXTRALJUS \u2013 Kraftfull Belysning f\u00f6r Alla \u00c4ventyr Ge dig ut p\u00e5 v\u00e4garna, b\u00e5de p\u00e5 och utanf\u00f6r, med sj\u00e4lvf\u00f6rtroende! V\u00e5rt\u00a0LED AUX 9&#8243; runda extraljus\u00a0\u00e4r utvecklat f\u00f6r att ge maximal sikt och s\u00e4kerhet under alla f\u00f6rh\u00e5llanden. Med 144W kraft och tv\u00e5 positionsljus i b\u00e5de vitt och orange, \u00e4r denna lampa inte bara [&hellip;]\" \/>\n<meta property=\"og:url\" content=\"https:\/\/xenonkungen.com\/es\/producto\/led-auxiliar-9\/\" \/>\n<meta property=\"og:site_name\" content=\"Xenonkungen\" \/>\n<meta property=\"article:modified_time\" content=\"2026-04-24T16:01:02+00:00\" \/>\n<meta property=\"og:image\" content=\"https:\/\/xenonkungen.com\/wp-content\/uploads\/2025\/04\/d16077_white_web_biais_de_face_1140x800.jpg\" \/>\n\t<meta property=\"og:image:width\" content=\"1140\" \/>\n\t<meta property=\"og:image:height\" content=\"800\" \/>\n\t<meta property=\"og:image:type\" content=\"image\/jpeg\" \/>\n<meta name=\"twitter:card\" content=\"summary_large_image\" \/>\n<meta name=\"twitter:label1\" content=\"Tiempo de lectura\" \/>\n\t<meta name=\"twitter:data1\" content=\"2 minutos\" \/>\n<script type=\"application\/ld+json\" class=\"yoast-schema-graph\">{\"@context\":\"https:\/\/schema.org\",\"@graph\":[{\"@type\":\"WebPage\",\"@id\":\"https:\/\/xenonkungen.com\/produkt\/led-aux-9\/\",\"url\":\"https:\/\/xenonkungen.com\/produkt\/led-aux-9\/\",\"name\":\"LED AUX - 9\\\" - Xenonkungen\",\"isPartOf\":{\"@id\":\"https:\/\/xenonkungen.com\/#website\"},\"primaryImageOfPage\":{\"@id\":\"https:\/\/xenonkungen.com\/produkt\/led-aux-9\/#primaryimage\"},\"image\":{\"@id\":\"https:\/\/xenonkungen.com\/produkt\/led-aux-9\/#primaryimage\"},\"thumbnailUrl\":\"https:\/\/xenonkungen.com\/wp-content\/uploads\/2025\/04\/d16077_white_web_biais_de_face_1140x800.jpg\",\"datePublished\":\"2025-04-15T08:01:28+00:00\",\"dateModified\":\"2026-04-24T16:01:02+00:00\",\"breadcrumb\":{\"@id\":\"https:\/\/xenonkungen.com\/produkt\/led-aux-9\/#breadcrumb\"},\"inLanguage\":\"es\",\"potentialAction\":[{\"@type\":\"ReadAction\",\"target\":[\"https:\/\/xenonkungen.com\/produkt\/led-aux-9\/\"]}]},{\"@type\":\"ImageObject\",\"inLanguage\":\"es\",\"@id\":\"https:\/\/xenonkungen.com\/produkt\/led-aux-9\/#primaryimage\",\"url\":\"https:\/\/xenonkungen.com\/wp-content\/uploads\/2025\/04\/d16077_white_web_biais_de_face_1140x800.jpg\",\"contentUrl\":\"https:\/\/xenonkungen.com\/wp-content\/uploads\/2025\/04\/d16077_white_web_biais_de_face_1140x800.jpg\",\"width\":1140,\"height\":800},{\"@type\":\"BreadcrumbList\",\"@id\":\"https:\/\/xenonkungen.com\/produkt\/led-aux-9\/#breadcrumb\",\"itemListElement\":[{\"@type\":\"ListItem\",\"position\":1,\"name\":\"Hem\",\"item\":\"https:\/\/xenonkungen.com\/\"},{\"@type\":\"ListItem\",\"position\":2,\"name\":\"Shop\",\"item\":\"https:\/\/xenonkungen.com\/shop\/\"},{\"@type\":\"ListItem\",\"position\":3,\"name\":\"LED AUX &#8211; 9&#8243;\"}]},{\"@type\":\"WebSite\",\"@id\":\"https:\/\/xenonkungen.com\/#website\",\"url\":\"https:\/\/xenonkungen.com\/\",\"name\":\"Xenonkungen\",\"description\":\"\",\"potentialAction\":[{\"@type\":\"SearchAction\",\"target\":{\"@type\":\"EntryPoint\",\"urlTemplate\":\"https:\/\/xenonkungen.com\/?s={search_term_string}\"},\"query-input\":{\"@type\":\"PropertyValueSpecification\",\"valueRequired\":true,\"valueName\":\"search_term_string\"}}],\"inLanguage\":\"es\"}]}<\/script>\n<!-- \/ Yoast SEO plugin. -->","yoast_head_json":{"title":"LED AUX - 9&quot; - Xen\u00f3n","robots":{"index":"index","follow":"follow","max-snippet":"max-snippet:-1","max-image-preview":"max-image-preview:large","max-video-preview":"max-video-preview:-1"},"canonical":"https:\/\/xenonkungen.com\/es\/producto\/led-auxiliar-9\/","og_locale":"es_ES","og_type":"article","og_title":"LED AUX - 9\" - Xenonkungen","og_description":"LED AUX &#8211; 9&#8243; RUND EXTRALJUS \u2013 Kraftfull Belysning f\u00f6r Alla \u00c4ventyr Ge dig ut p\u00e5 v\u00e4garna, b\u00e5de p\u00e5 och utanf\u00f6r, med sj\u00e4lvf\u00f6rtroende! V\u00e5rt\u00a0LED AUX 9&#8243; runda extraljus\u00a0\u00e4r utvecklat f\u00f6r att ge maximal sikt och s\u00e4kerhet under alla f\u00f6rh\u00e5llanden. Med 144W kraft och tv\u00e5 positionsljus i b\u00e5de vitt och orange, \u00e4r denna lampa inte bara [&hellip;]","og_url":"https:\/\/xenonkungen.com\/es\/producto\/led-auxiliar-9\/","og_site_name":"Xenonkungen","article_modified_time":"2026-04-24T16:01:02+00:00","og_image":[{"width":1140,"height":800,"url":"https:\/\/xenonkungen.com\/wp-content\/uploads\/2025\/04\/d16077_white_web_biais_de_face_1140x800.jpg","type":"image\/jpeg"}],"twitter_card":"summary_large_image","twitter_misc":{"Tiempo de lectura":"2 minutos"},"schema":{"@context":"https:\/\/schema.org","@graph":[{"@type":"WebPage","@id":"https:\/\/xenonkungen.com\/produkt\/led-aux-9\/","url":"https:\/\/xenonkungen.com\/produkt\/led-aux-9\/","name":"LED AUX - 9&quot; - Xen\u00f3n","isPartOf":{"@id":"https:\/\/xenonkungen.com\/#website"},"primaryImageOfPage":{"@id":"https:\/\/xenonkungen.com\/produkt\/led-aux-9\/#primaryimage"},"image":{"@id":"https:\/\/xenonkungen.com\/produkt\/led-aux-9\/#primaryimage"},"thumbnailUrl":"https:\/\/xenonkungen.com\/wp-content\/uploads\/2025\/04\/d16077_white_web_biais_de_face_1140x800.jpg","datePublished":"2025-04-15T08:01:28+00:00","dateModified":"2026-04-24T16:01:02+00:00","breadcrumb":{"@id":"https:\/\/xenonkungen.com\/produkt\/led-aux-9\/#breadcrumb"},"inLanguage":"es","potentialAction":[{"@type":"ReadAction","target":["https:\/\/xenonkungen.com\/produkt\/led-aux-9\/"]}]},{"@type":"ImageObject","inLanguage":"es","@id":"https:\/\/xenonkungen.com\/produkt\/led-aux-9\/#primaryimage","url":"https:\/\/xenonkungen.com\/wp-content\/uploads\/2025\/04\/d16077_white_web_biais_de_face_1140x800.jpg","contentUrl":"https:\/\/xenonkungen.com\/wp-content\/uploads\/2025\/04\/d16077_white_web_biais_de_face_1140x800.jpg","width":1140,"height":800},{"@type":"BreadcrumbList","@id":"https:\/\/xenonkungen.com\/produkt\/led-aux-9\/#breadcrumb","itemListElement":[{"@type":"ListItem","position":1,"name":"Hem","item":"https:\/\/xenonkungen.com\/"},{"@type":"ListItem","position":2,"name":"Shop","item":"https:\/\/xenonkungen.com\/shop\/"},{"@type":"ListItem","position":3,"name":"LED AUX &#8211; 9&#8243;"}]},{"@type":"WebSite","@id":"https:\/\/xenonkungen.com\/#website","url":"https:\/\/xenonkungen.com\/","name":"Xenonkungen","description":"","potentialAction":[{"@type":"SearchAction","target":{"@type":"EntryPoint","urlTemplate":"https:\/\/xenonkungen.com\/?s={search_term_string}"},"query-input":{"@type":"PropertyValueSpecification","valueRequired":true,"valueName":"search_term_string"}}],"inLanguage":"es"}]}},"taxonomy_info":{"product_brand":[{"value":2793,"label":"\u00d6VRIGT"}],"product_cat":[{"value":2839,"label":"Extraljus 9\""},{"value":142,"label":"Extraljus"}],"pa_faktisk-effekts-forbrukning":[{"value":408,"label":"131"}],"pa_fargtemperatur":[{"value":188,"label":"6000K"}],"pa_fuktskydd-varde-ipxx":[{"value":402,"label":"IP68. IP69K"}],"pa_godkannande":[{"value":405,"label":"ECE, CE, UKCA, RoHS, R10, R148, R149"}],"pa_lampsockel-kontakt":[{"value":404,"label":"DT4"}],"pa_led-chips-effekt-w":[{"value":407,"label":"144"}],"pa_ljusbild":[{"value":178,"label":"Driving"}],"pa_storlek-mm":[{"value":406,"label":"233x218x83"}],"pa_volt-v":[{"value":409,"label":"Multivolt, 10, 12, 18, 24, 30"}]},"featured_image_src_large":["https:\/\/xenonkungen.com\/wp-content\/uploads\/2025\/04\/d16077_white_web_biais_de_face_1140x800-1024x719.jpg",1024,719,true],"author_info":[],"comment_info":0,"_links":{"self":[{"href":"https:\/\/xenonkungen.com\/es\/wp-json\/wp\/v2\/product\/1277","targetHints":{"allow":["GET"]}}],"collection":[{"href":"https:\/\/xenonkungen.com\/es\/wp-json\/wp\/v2\/product"}],"about":[{"href":"https:\/\/xenonkungen.com\/es\/wp-json\/wp\/v2\/types\/product"}],"replies":[{"embeddable":true,"href":"https:\/\/xenonkungen.com\/es\/wp-json\/wp\/v2\/comments?post=1277"}],"wp:featuredmedia":[{"embeddable":true,"href":"https:\/\/xenonkungen.com\/es\/wp-json\/wp\/v2\/media\/1278"}],"wp:attachment":[{"href":"https:\/\/xenonkungen.com\/es\/wp-json\/wp\/v2\/media?parent=1277"}],"wp:term":[{"taxonomy":"anvandningsomrade","embeddable":true,"href":"https:\/\/xenonkungen.com\/es\/wp-json\/wp\/v2\/anvandningsomrade?post=1277"},{"taxonomy":"bilmarken","embeddable":true,"href":"https:\/\/xenonkungen.com\/es\/wp-json\/wp\/v2\/bilmarken?post=1277"},{"taxonomy":"product_brand","embeddable":true,"href":"https:\/\/xenonkungen.com\/es\/wp-json\/wp\/v2\/product_brand?post=1277"},{"taxonomy":"product_cat","embeddable":true,"href":"https:\/\/xenonkungen.com\/es\/wp-json\/wp\/v2\/product_cat?post=1277"},{"taxonomy":"product_tag","embeddable":true,"href":"https:\/\/xenonkungen.com\/es\/wp-json\/wp\/v2\/product_tag?post=1277"}],"curies":[{"name":"wp","href":"https:\/\/api.w.org\/{rel}","templated":true}]}}