{"id":12882,"date":"2025-08-26T12:30:27","date_gmt":"2025-08-26T12:30:27","guid":{"rendered":"https:\/\/xenonkungen.com\/?post_type=product&#038;p=12882"},"modified":"2026-05-08T13:29:28","modified_gmt":"2026-05-08T12:29:28","slug":"luxtar-pro-noir-wl90-curvo","status":"publish","type":"product","link":"https:\/\/xenonkungen.com\/es\/producto\/luxtar-pro-noir-wl90-curvo\/","title":{"rendered":"Luxtar\u00ae PRO Negro WL90 Curvo"},"content":{"rendered":"<p><b><span data-contrast=\"auto\">Potente l\u00e1mpara de trabajo con amplio haz de luz<\/span><\/b><span data-ccp-props=\"{}\">\u00a0<\/span><\/p>\n<p><span data-contrast=\"auto\">Maximiza la luz en el lugar de trabajo con <\/span><b><span data-contrast=\"auto\">Luxtar\u00ae PRO Negro WL90 Curvo<\/span><\/b><span data-contrast=\"auto\">, el modelo m\u00e1s grande y a\u00fan m\u00e1s potente de la popular serie Noir. Con <\/span><b><span data-contrast=\"auto\">9 LED Osram de alto rendimiento de 10 W<\/span><\/b><span data-contrast=\"auto\"> y avanzado <\/span><b><span data-contrast=\"auto\">\u00f3ptica de lentes TIR<\/span><\/b><span data-contrast=\"auto\"> ofrece esta robusta luz de trabajo para todo <\/span><b><span data-contrast=\"auto\">7.800 l\u00famenes reales<\/span><\/b><span data-contrast=\"auto\"> en un <\/span><b><span data-contrast=\"auto\">haz de luz de inundaci\u00f3n de 120\u00b0 de ancho<\/span><\/b><span data-contrast=\"auto\">Perfecta para veh\u00edculos pesados, maquinaria de construcci\u00f3n y uso industrial donde una iluminaci\u00f3n fiable es esencial.<\/span><span data-ccp-props=\"{}\">\u00a0<\/span><\/p>\n<p><span data-contrast=\"auto\">Al igual que sus hermanos menores construyen <\/span><b><span data-contrast=\"auto\">Serie Noir<\/span><\/b><span data-contrast=\"auto\"> Continuando con el \u00e9xito de los modelos anteriores de Luxtar, ahora con <\/span><b><span data-contrast=\"auto\">\u00d3ptica mejorada, componentes m\u00e1s resistentes y una lente tintada oscura<\/span><\/b><span data-contrast=\"auto\"> que se integra perfectamente con el dise\u00f1o moderno de los veh\u00edculos. Con su dise\u00f1o elegante y estilizado, la WL90 representa el siguiente paso en el desarrollo de la iluminaci\u00f3n de trabajo profesional.<\/span><span data-ccp-props=\"{}\">\u00a0<\/span><\/p>\n<p><span data-contrast=\"auto\">Gracias a <\/span><b><span data-contrast=\"auto\">Protecci\u00f3n IP69K<\/span><\/b><span data-contrast=\"auto\">, <\/span><b><span data-contrast=\"auto\">Gesti\u00f3n electr\u00f3nica de la calefacci\u00f3n (ETM)<\/span><\/b><span data-contrast=\"auto\"> Gracias a su robusta construcci\u00f3n, el WL90 Curved est\u00e1 dise\u00f1ado para los entornos m\u00e1s exigentes.<\/span><span data-ccp-props=\"{}\">\u00a0<\/span><\/p>\n<p><b><span data-contrast=\"auto\">Caracter\u00edsticas principales<\/span><\/b><span data-ccp-props=\"{}\">\u00a0<\/span><\/p>\n<ul>\n<li aria-setsize=\"-1\" data-leveltext=\"\uf0b7\" data-font=\"Symbol\" data-listid=\"1\" data-list-defn-props=\"{&quot;335552541&quot;:1,&quot;335559685&quot;:720,&quot;335559991&quot;:360,&quot;469769226&quot;:&quot;Symbol&quot;,&quot;469769242&quot;:[8226],&quot;469777803&quot;:&quot;left&quot;,&quot;469777804&quot;:&quot;\uf0b7&quot;,&quot;469777815&quot;:&quot;multilevel&quot;}\" data-aria-posinset=\"1\" data-aria-level=\"1\"><b><span data-contrast=\"auto\">Iluminaci\u00f3n de inundaci\u00f3n amplia<\/span><\/b><span data-contrast=\"auto\"> \u2013 Imagen de luz difusa de 120\u00b0 para un espacio de trabajo m\u00e1ximo<\/span><span data-ccp-props=\"{}\">\u00a0<\/span><\/li>\n<\/ul>\n<ul>\n<li aria-setsize=\"-1\" data-leveltext=\"\uf0b7\" data-font=\"Symbol\" data-listid=\"1\" data-list-defn-props=\"{&quot;335552541&quot;:1,&quot;335559685&quot;:720,&quot;335559991&quot;:360,&quot;469769226&quot;:&quot;Symbol&quot;,&quot;469769242&quot;:[8226],&quot;469777803&quot;:&quot;left&quot;,&quot;469777804&quot;:&quot;\uf0b7&quot;,&quot;469777815&quot;:&quot;multilevel&quot;}\" data-aria-posinset=\"2\" data-aria-level=\"1\"><b><span data-contrast=\"auto\">Enorme brillo<\/span><\/b><span data-contrast=\"auto\"> \u2013 9500 l\u00famenes brutos \/ 7800 l\u00famenes reales procedentes de 9 LED Osram de 10 W<\/span><span data-ccp-props=\"{}\">\u00a0<\/span><\/li>\n<\/ul>\n<ul>\n<li aria-setsize=\"-1\" data-leveltext=\"\uf0b7\" data-font=\"Symbol\" data-listid=\"1\" data-list-defn-props=\"{&quot;335552541&quot;:1,&quot;335559685&quot;:720,&quot;335559991&quot;:360,&quot;469769226&quot;:&quot;Symbol&quot;,&quot;469769242&quot;:[8226],&quot;469777803&quot;:&quot;left&quot;,&quot;469777804&quot;:&quot;\uf0b7&quot;,&quot;469777815&quot;:&quot;multilevel&quot;}\" data-aria-posinset=\"3\" data-aria-level=\"1\"><b><span data-contrast=\"auto\">resplandor similar a la luz del d\u00eda<\/span><\/b><span data-contrast=\"auto\"> \u2013 La luz blanca natural de 5000K reduce la fatiga ocular y proporciona una visi\u00f3n clara<\/span><span data-ccp-props=\"{}\">\u00a0<\/span><\/li>\n<\/ul>\n<ul>\n<li aria-setsize=\"-1\" data-leveltext=\"\uf0b7\" data-font=\"Symbol\" data-listid=\"1\" data-list-defn-props=\"{&quot;335552541&quot;:1,&quot;335559685&quot;:720,&quot;335559991&quot;:360,&quot;469769226&quot;:&quot;Symbol&quot;,&quot;469769242&quot;:[8226],&quot;469777803&quot;:&quot;left&quot;,&quot;469777804&quot;:&quot;\uf0b7&quot;,&quot;469777815&quot;:&quot;multilevel&quot;}\" data-aria-posinset=\"4\" data-aria-level=\"1\"><b><span data-contrast=\"auto\">Dise\u00f1o mejorado<\/span><\/b><span data-contrast=\"auto\"> \u2013 Nueva \u00f3ptica, componentes m\u00e1s resistentes y un elegante dise\u00f1o Noir con lente oscura<\/span><span data-ccp-props=\"{}\">\u00a0<\/span><\/li>\n<\/ul>\n<ul>\n<li aria-setsize=\"-1\" data-leveltext=\"\uf0b7\" data-font=\"Symbol\" data-listid=\"1\" data-list-defn-props=\"{&quot;335552541&quot;:1,&quot;335559685&quot;:720,&quot;335559991&quot;:360,&quot;469769226&quot;:&quot;Symbol&quot;,&quot;469769242&quot;:[8226],&quot;469777803&quot;:&quot;left&quot;,&quot;469777804&quot;:&quot;\uf0b7&quot;,&quot;469777815&quot;:&quot;multilevel&quot;}\" data-aria-posinset=\"5\" data-aria-level=\"1\"><b><span data-contrast=\"auto\">Foco de trabajo angular con sistema \u00f3ptico \u201c3 en 1\u201d<\/span><\/b><span data-contrast=\"auto\"> \u2013 Equilibrio \u00f3ptimo entre amplitud, intensidad y eficiencia de la luz<\/span><span data-ccp-props=\"{}\">\u00a0<\/span><\/li>\n<\/ul>\n<ul>\n<li aria-setsize=\"-1\" data-leveltext=\"\uf0b7\" data-font=\"Symbol\" data-listid=\"1\" data-list-defn-props=\"{&quot;335552541&quot;:1,&quot;335559685&quot;:720,&quot;335559991&quot;:360,&quot;469769226&quot;:&quot;Symbol&quot;,&quot;469769242&quot;:[8226],&quot;469777803&quot;:&quot;left&quot;,&quot;469777804&quot;:&quot;\uf0b7&quot;,&quot;469777815&quot;:&quot;multilevel&quot;}\" data-aria-posinset=\"6\" data-aria-level=\"1\"><b><span data-contrast=\"auto\">Gesti\u00f3n electr\u00f3nica de la calefacci\u00f3n (ETM)<\/span><\/b><span data-contrast=\"auto\"> \u2013 Protege los diodos y las placas de circuitos del sobrecalentamiento perjudicial.<\/span><span data-ccp-props=\"{}\">\u00a0<\/span><\/li>\n<\/ul>\n<ul>\n<li aria-setsize=\"-1\" data-leveltext=\"\uf0b7\" data-font=\"Symbol\" data-listid=\"1\" data-list-defn-props=\"{&quot;335552541&quot;:1,&quot;335559685&quot;:720,&quot;335559991&quot;:360,&quot;469769226&quot;:&quot;Symbol&quot;,&quot;469769242&quot;:[8226],&quot;469777803&quot;:&quot;left&quot;,&quot;469777804&quot;:&quot;\uf0b7&quot;,&quot;469777815&quot;:&quot;multilevel&quot;}\" data-aria-posinset=\"7\" data-aria-level=\"1\"><b><span data-contrast=\"auto\">Durabilidad extrema<\/span><\/b><span data-contrast=\"auto\"> \u2013 Protecci\u00f3n con clasificaci\u00f3n IP69K y carcasa robusta de aluminio para entornos hostiles<\/span><span data-ccp-props=\"{}\">\u00a0<\/span><\/li>\n<\/ul>\n<ul>\n<li aria-setsize=\"-1\" data-leveltext=\"\uf0b7\" data-font=\"Symbol\" data-listid=\"1\" data-list-defn-props=\"{&quot;335552541&quot;:1,&quot;335559685&quot;:720,&quot;335559991&quot;:360,&quot;469769226&quot;:&quot;Symbol&quot;,&quot;469769242&quot;:[8226],&quot;469777803&quot;:&quot;left&quot;,&quot;469777804&quot;:&quot;\uf0b7&quot;,&quot;469777815&quot;:&quot;multilevel&quot;}\" data-aria-posinset=\"8\" data-aria-level=\"1\"><b><span data-contrast=\"auto\">Seguridad el\u00e9ctrica inteligente<\/span><\/b><span data-contrast=\"auto\"> \u2013 Protecci\u00f3n contra polaridad inversa y sobretensi\u00f3n y subtensi\u00f3n<\/span><span data-ccp-props=\"{}\">\u00a0<\/span><\/li>\n<\/ul>\n<ul>\n<li aria-setsize=\"-1\" data-leveltext=\"\uf0b7\" data-font=\"Symbol\" data-listid=\"1\" data-list-defn-props=\"{&quot;335552541&quot;:1,&quot;335559685&quot;:720,&quot;335559991&quot;:360,&quot;469769226&quot;:&quot;Symbol&quot;,&quot;469769242&quot;:[8226],&quot;469777803&quot;:&quot;left&quot;,&quot;469777804&quot;:&quot;\uf0b7&quot;,&quot;469777815&quot;:&quot;multilevel&quot;}\" data-aria-posinset=\"9\" data-aria-level=\"1\"><b><span data-contrast=\"auto\">Perfil curvo compacto<\/span><\/b><span data-contrast=\"auto\"> \u2013 Dise\u00f1o elegante para un montaje discreto y estable<\/span><span data-ccp-props=\"{}\">\u00a0<\/span><\/li>\n<\/ul>\n<ul>\n<li aria-setsize=\"-1\" data-leveltext=\"\uf0b7\" data-font=\"Symbol\" data-listid=\"1\" data-list-defn-props=\"{&quot;335552541&quot;:1,&quot;335559685&quot;:720,&quot;335559991&quot;:360,&quot;469769226&quot;:&quot;Symbol&quot;,&quot;469769242&quot;:[8226],&quot;469777803&quot;:&quot;left&quot;,&quot;469777804&quot;:&quot;\uf0b7&quot;,&quot;469777815&quot;:&quot;multilevel&quot;}\" data-aria-posinset=\"10\" data-aria-level=\"1\"><b><span data-contrast=\"auto\">Est\u00e1ndar profesional<\/span><\/b><span data-contrast=\"auto\"> \u2013 Marcado E, CE, RoHS, EMC, ECE R10, CISPR25 Clase 3<\/span><span data-ccp-props=\"{}\">\u00a0<\/span><\/li>\n<\/ul>\n<ul>\n<li aria-setsize=\"-1\" data-leveltext=\"\uf0b7\" data-font=\"Symbol\" data-listid=\"1\" data-list-defn-props=\"{&quot;335552541&quot;:1,&quot;335559685&quot;:720,&quot;335559991&quot;:360,&quot;469769226&quot;:&quot;Symbol&quot;,&quot;469769242&quot;:[8226],&quot;469777803&quot;:&quot;left&quot;,&quot;469777804&quot;:&quot;\uf0b7&quot;,&quot;469777815&quot;:&quot;multilevel&quot;}\" data-aria-posinset=\"11\" data-aria-level=\"1\"><b><span data-contrast=\"auto\">Sujetadores de alta resistencia<\/span><\/b><span data-contrast=\"auto\"> \u2013 Soportes de montaje de acero inoxidable (SUS304)<\/span><span data-ccp-props=\"{}\">\u00a0<\/span><\/li>\n<\/ul>\n<p><span data-ccp-props=\"{}\"><br \/>\n<\/span><b><span data-contrast=\"auto\">Calidad Luxtar en la que puede confiar<\/span><\/b><span data-ccp-props=\"{}\">\u00a0<\/span><\/p>\n<p><span data-contrast=\"auto\">Dise\u00f1ado para un funcionamiento fiable en temperaturas extremas desde <\/span><b><span data-contrast=\"auto\">De \u221240 \u00b0C a +60 \u00b0C<\/span><\/b><span data-contrast=\"auto\">La WL90 Curved est\u00e1 dise\u00f1ada para una larga vida \u00fatil y un alto rendimiento. <\/span><b><span data-contrast=\"auto\">2 a\u00f1os de garant\u00eda<\/span><\/b><span data-contrast=\"auto\"> Obtendr\u00e1 seguridad y fiabilidad en todos los entornos laborales.<\/span><span data-ccp-props=\"{}\">\u00a0<\/span><\/p>\n<p><b><span data-contrast=\"auto\">Luxtar\u00ae PRO Noir WL90 Curvo: brillo sin concesiones y dise\u00f1o moderno en perfecto equilibrio.<\/span><\/b><span data-ccp-props=\"{}\">\u00a0<\/span><\/p>","protected":false},"excerpt":{"rendered":"<p>Kraftfull Arbetslampa med Bred Flood Ljusspridning\u00a0 Maximera ljuset p\u00e5 arbetsplatsen med Luxtar\u00ae PRO Noir WL90 Curved, den st\u00f6rre och \u00e4nnu mer kraftfulla modellen i den popul\u00e4ra Noir-serien. Med 9 h\u00f6gpresterande 10W Osram LED och avancerad TIR-linsoptik levererar denna robusta arbetslampa hela 7 800 faktiska lumen i en 120\u00b0 bred flood-ljusk\u00e4gla. Perfekt f\u00f6r tunga fordon, entreprenadmaskiner [&hellip;]<\/p>","protected":false},"featured_media":16758,"comment_status":"open","ping_status":"closed","template":"","meta":{"_acf_changed":false,"_smort_price_nok":"1810","_smort_price_dkk":"1150","_smort_price_eur":"154.08","_smort_sale_price_nok":"","_smort_sale_price_dkk":"","_smort_sale_price_eur":"","smort_restorder":"","shipmondo_restorder":"","_kad_blocks_custom_css":"","_kad_blocks_head_custom_js":"","_kad_blocks_body_custom_js":"","_kad_blocks_footer_custom_js":"","smort_custom_pricelist_1":"1084.8","smort_custom_pricelist_2":"881.4","smort_custom_pricelist_3":"818.82","smort_custom_pricelist_4":"1356","smort_custom_pricelist_5":"881.4"},"anvandningsomrade":[166],"bilmarken":[],"product_brand":[103],"product_cat":[2826,508],"product_tag":[],"class_list":{"0":"post-12882","1":"product","2":"type-product","3":"status-publish","4":"has-post-thumbnail","6":"anvandningsomrade-lastbil","7":"product_brand-luxtar","8":"product_cat-luxtar","9":"product_cat-arbetsbelysning","10":"pa_fargtemperatur-5000k","11":"pa_fuktskydd-varde-ipxx-ip69k","12":"pa_godkannande-cispr25-klass-5","13":"pa_godkannande-e-markt-ece-r10-rohs-ce-emc","14":"pa_volt-v-9-36","16":"first","17":"instock","18":"taxable","19":"shipping-taxable","20":"purchasable","21":"product-type-simple"},"bundled_by":[],"bundle_stock_status":"instock","bundle_stock_quantity":135,"bundle_virtual":false,"bundle_layout":"","bundle_add_to_cart_form_location":"","bundle_editable_in_cart":false,"bundle_sold_individually_context":"","bundle_item_grouping":"","bundle_min_size":"","bundle_max_size":"","bundle_price":[],"bundled_items":[],"bundle_sell_ids":[],"acf":[],"yoast_head":"<!-- This site is optimized with the Yoast SEO plugin v27.0 - https:\/\/yoast.com\/product\/yoast-seo-wordpress\/ -->\n<title>Luxtar\u00ae PRO Noir WL90 Curved - Xenonkungen<\/title>\n<meta name=\"robots\" content=\"index, follow, max-snippet:-1, max-image-preview:large, max-video-preview:-1\" \/>\n<link rel=\"canonical\" href=\"https:\/\/xenonkungen.com\/es\/producto\/luxtar-pro-noir-wl90-curvo\/\" \/>\n<meta property=\"og:locale\" content=\"es_ES\" \/>\n<meta property=\"og:type\" content=\"article\" \/>\n<meta property=\"og:title\" content=\"Luxtar\u00ae PRO Noir WL90 Curved - Xenonkungen\" \/>\n<meta property=\"og:description\" content=\"Kraftfull Arbetslampa med Bred Flood Ljusspridning\u00a0 Maximera ljuset p\u00e5 arbetsplatsen med Luxtar\u00ae PRO Noir WL90 Curved, den st\u00f6rre och \u00e4nnu mer kraftfulla modellen i den popul\u00e4ra Noir-serien. Med 9 h\u00f6gpresterande 10W Osram LED och avancerad TIR-linsoptik levererar denna robusta arbetslampa hela 7 800 faktiska lumen i en 120\u00b0 bred flood-ljusk\u00e4gla. Perfekt f\u00f6r tunga fordon, entreprenadmaskiner [&hellip;]\" \/>\n<meta property=\"og:url\" content=\"https:\/\/xenonkungen.com\/es\/producto\/luxtar-pro-noir-wl90-curvo\/\" \/>\n<meta property=\"og:site_name\" content=\"Xenonkungen\" \/>\n<meta property=\"article:modified_time\" content=\"2026-05-08T12:29:28+00:00\" \/>\n<meta property=\"og:image\" content=\"https:\/\/xenonkungen.com\/wp-content\/uploads\/2025\/10\/XK_ProNoir-1.png\" \/>\n\t<meta property=\"og:image:width\" content=\"1080\" \/>\n\t<meta property=\"og:image:height\" content=\"1080\" \/>\n\t<meta property=\"og:image:type\" content=\"image\/png\" \/>\n<meta name=\"twitter:card\" content=\"summary_large_image\" \/>\n<meta name=\"twitter:label1\" content=\"Tiempo de lectura\" \/>\n\t<meta name=\"twitter:data1\" content=\"2 minutos\" \/>\n<script type=\"application\/ld+json\" class=\"yoast-schema-graph\">{\"@context\":\"https:\/\/schema.org\",\"@graph\":[{\"@type\":\"WebPage\",\"@id\":\"https:\/\/xenonkungen.com\/produkt\/luxtar-pro-noir-wl90-curved\/\",\"url\":\"https:\/\/xenonkungen.com\/produkt\/luxtar-pro-noir-wl90-curved\/\",\"name\":\"Luxtar\u00ae PRO Noir WL90 Curved - Xenonkungen\",\"isPartOf\":{\"@id\":\"https:\/\/xenonkungen.com\/#website\"},\"primaryImageOfPage\":{\"@id\":\"https:\/\/xenonkungen.com\/produkt\/luxtar-pro-noir-wl90-curved\/#primaryimage\"},\"image\":{\"@id\":\"https:\/\/xenonkungen.com\/produkt\/luxtar-pro-noir-wl90-curved\/#primaryimage\"},\"thumbnailUrl\":\"https:\/\/xenonkungen.com\/wp-content\/uploads\/2025\/10\/XK_ProNoir-1.png\",\"datePublished\":\"2025-08-26T12:30:27+00:00\",\"dateModified\":\"2026-05-08T12:29:28+00:00\",\"breadcrumb\":{\"@id\":\"https:\/\/xenonkungen.com\/produkt\/luxtar-pro-noir-wl90-curved\/#breadcrumb\"},\"inLanguage\":\"es\",\"potentialAction\":[{\"@type\":\"ReadAction\",\"target\":[\"https:\/\/xenonkungen.com\/produkt\/luxtar-pro-noir-wl90-curved\/\"]}]},{\"@type\":\"ImageObject\",\"inLanguage\":\"es\",\"@id\":\"https:\/\/xenonkungen.com\/produkt\/luxtar-pro-noir-wl90-curved\/#primaryimage\",\"url\":\"https:\/\/xenonkungen.com\/wp-content\/uploads\/2025\/10\/XK_ProNoir-1.png\",\"contentUrl\":\"https:\/\/xenonkungen.com\/wp-content\/uploads\/2025\/10\/XK_ProNoir-1.png\",\"width\":1080,\"height\":1080},{\"@type\":\"BreadcrumbList\",\"@id\":\"https:\/\/xenonkungen.com\/produkt\/luxtar-pro-noir-wl90-curved\/#breadcrumb\",\"itemListElement\":[{\"@type\":\"ListItem\",\"position\":1,\"name\":\"Hem\",\"item\":\"https:\/\/xenonkungen.com\/\"},{\"@type\":\"ListItem\",\"position\":2,\"name\":\"Shop\",\"item\":\"https:\/\/xenonkungen.com\/shop\/\"},{\"@type\":\"ListItem\",\"position\":3,\"name\":\"Luxtar\u00ae PRO Noir WL90 Curved\"}]},{\"@type\":\"WebSite\",\"@id\":\"https:\/\/xenonkungen.com\/#website\",\"url\":\"https:\/\/xenonkungen.com\/\",\"name\":\"Xenonkungen\",\"description\":\"\",\"potentialAction\":[{\"@type\":\"SearchAction\",\"target\":{\"@type\":\"EntryPoint\",\"urlTemplate\":\"https:\/\/xenonkungen.com\/?s={search_term_string}\"},\"query-input\":{\"@type\":\"PropertyValueSpecification\",\"valueRequired\":true,\"valueName\":\"search_term_string\"}}],\"inLanguage\":\"es\"}]}<\/script>\n<!-- \/ Yoast SEO plugin. -->","yoast_head_json":{"title":"Luxtar\u00ae PRO Noir WL90 Curved - El rey del xen\u00f3n","robots":{"index":"index","follow":"follow","max-snippet":"max-snippet:-1","max-image-preview":"max-image-preview:large","max-video-preview":"max-video-preview:-1"},"canonical":"https:\/\/xenonkungen.com\/es\/producto\/luxtar-pro-noir-wl90-curvo\/","og_locale":"es_ES","og_type":"article","og_title":"Luxtar\u00ae PRO Noir WL90 Curved - Xenonkungen","og_description":"Kraftfull Arbetslampa med Bred Flood Ljusspridning\u00a0 Maximera ljuset p\u00e5 arbetsplatsen med Luxtar\u00ae PRO Noir WL90 Curved, den st\u00f6rre och \u00e4nnu mer kraftfulla modellen i den popul\u00e4ra Noir-serien. Med 9 h\u00f6gpresterande 10W Osram LED och avancerad TIR-linsoptik levererar denna robusta arbetslampa hela 7 800 faktiska lumen i en 120\u00b0 bred flood-ljusk\u00e4gla. Perfekt f\u00f6r tunga fordon, entreprenadmaskiner [&hellip;]","og_url":"https:\/\/xenonkungen.com\/es\/producto\/luxtar-pro-noir-wl90-curvo\/","og_site_name":"Xenonkungen","article_modified_time":"2026-05-08T12:29:28+00:00","og_image":[{"width":1080,"height":1080,"url":"https:\/\/xenonkungen.com\/wp-content\/uploads\/2025\/10\/XK_ProNoir-1.png","type":"image\/png"}],"twitter_card":"summary_large_image","twitter_misc":{"Tiempo de lectura":"2 minutos"},"schema":{"@context":"https:\/\/schema.org","@graph":[{"@type":"WebPage","@id":"https:\/\/xenonkungen.com\/produkt\/luxtar-pro-noir-wl90-curved\/","url":"https:\/\/xenonkungen.com\/produkt\/luxtar-pro-noir-wl90-curved\/","name":"Luxtar\u00ae PRO Noir WL90 Curved - El rey del xen\u00f3n","isPartOf":{"@id":"https:\/\/xenonkungen.com\/#website"},"primaryImageOfPage":{"@id":"https:\/\/xenonkungen.com\/produkt\/luxtar-pro-noir-wl90-curved\/#primaryimage"},"image":{"@id":"https:\/\/xenonkungen.com\/produkt\/luxtar-pro-noir-wl90-curved\/#primaryimage"},"thumbnailUrl":"https:\/\/xenonkungen.com\/wp-content\/uploads\/2025\/10\/XK_ProNoir-1.png","datePublished":"2025-08-26T12:30:27+00:00","dateModified":"2026-05-08T12:29:28+00:00","breadcrumb":{"@id":"https:\/\/xenonkungen.com\/produkt\/luxtar-pro-noir-wl90-curved\/#breadcrumb"},"inLanguage":"es","potentialAction":[{"@type":"ReadAction","target":["https:\/\/xenonkungen.com\/produkt\/luxtar-pro-noir-wl90-curved\/"]}]},{"@type":"ImageObject","inLanguage":"es","@id":"https:\/\/xenonkungen.com\/produkt\/luxtar-pro-noir-wl90-curved\/#primaryimage","url":"https:\/\/xenonkungen.com\/wp-content\/uploads\/2025\/10\/XK_ProNoir-1.png","contentUrl":"https:\/\/xenonkungen.com\/wp-content\/uploads\/2025\/10\/XK_ProNoir-1.png","width":1080,"height":1080},{"@type":"BreadcrumbList","@id":"https:\/\/xenonkungen.com\/produkt\/luxtar-pro-noir-wl90-curved\/#breadcrumb","itemListElement":[{"@type":"ListItem","position":1,"name":"Hem","item":"https:\/\/xenonkungen.com\/"},{"@type":"ListItem","position":2,"name":"Shop","item":"https:\/\/xenonkungen.com\/shop\/"},{"@type":"ListItem","position":3,"name":"Luxtar\u00ae PRO Noir WL90 Curved"}]},{"@type":"WebSite","@id":"https:\/\/xenonkungen.com\/#website","url":"https:\/\/xenonkungen.com\/","name":"Xenonkungen","description":"","potentialAction":[{"@type":"SearchAction","target":{"@type":"EntryPoint","urlTemplate":"https:\/\/xenonkungen.com\/?s={search_term_string}"},"query-input":{"@type":"PropertyValueSpecification","valueRequired":true,"valueName":"search_term_string"}}],"inLanguage":"es"}]}},"taxonomy_info":{"anvandningsomrade":[{"value":166,"label":"Lastbil"}],"product_brand":[{"value":103,"label":"LUXTAR"}],"product_cat":[{"value":2826,"label":"LUXTAR"},{"value":508,"label":"Arbetsbelysning"}],"pa_fargtemperatur":[{"value":154,"label":"5000K"}],"pa_fuktskydd-varde-ipxx":[{"value":155,"label":"IP69K"}],"pa_godkannande":[{"value":2727,"label":"CISPR25 Klass 5"},{"value":675,"label":"E-m\u00e4rkt, ECE R10, RoHs, CE, EMC"}],"pa_volt-v":[{"value":1444,"label":"9-36"}]},"featured_image_src_large":["https:\/\/xenonkungen.com\/wp-content\/uploads\/2025\/10\/XK_ProNoir-1-1024x1024.png",1024,1024,true],"author_info":[],"comment_info":0,"_links":{"self":[{"href":"https:\/\/xenonkungen.com\/es\/wp-json\/wp\/v2\/product\/12882","targetHints":{"allow":["GET"]}}],"collection":[{"href":"https:\/\/xenonkungen.com\/es\/wp-json\/wp\/v2\/product"}],"about":[{"href":"https:\/\/xenonkungen.com\/es\/wp-json\/wp\/v2\/types\/product"}],"replies":[{"embeddable":true,"href":"https:\/\/xenonkungen.com\/es\/wp-json\/wp\/v2\/comments?post=12882"}],"wp:featuredmedia":[{"embeddable":true,"href":"https:\/\/xenonkungen.com\/es\/wp-json\/wp\/v2\/media\/16758"}],"wp:attachment":[{"href":"https:\/\/xenonkungen.com\/es\/wp-json\/wp\/v2\/media?parent=12882"}],"wp:term":[{"taxonomy":"anvandningsomrade","embeddable":true,"href":"https:\/\/xenonkungen.com\/es\/wp-json\/wp\/v2\/anvandningsomrade?post=12882"},{"taxonomy":"bilmarken","embeddable":true,"href":"https:\/\/xenonkungen.com\/es\/wp-json\/wp\/v2\/bilmarken?post=12882"},{"taxonomy":"product_brand","embeddable":true,"href":"https:\/\/xenonkungen.com\/es\/wp-json\/wp\/v2\/product_brand?post=12882"},{"taxonomy":"product_cat","embeddable":true,"href":"https:\/\/xenonkungen.com\/es\/wp-json\/wp\/v2\/product_cat?post=12882"},{"taxonomy":"product_tag","embeddable":true,"href":"https:\/\/xenonkungen.com\/es\/wp-json\/wp\/v2\/product_tag?post=12882"}],"curies":[{"name":"wp","href":"https:\/\/api.w.org\/{rel}","templated":true}]}}