{"id":13431,"date":"2025-09-05T12:14:52","date_gmt":"2025-09-05T12:14:52","guid":{"rendered":"https:\/\/xenonkungen.com\/?post_type=product&#038;p=13431"},"modified":"2026-04-11T00:34:05","modified_gmt":"2026-04-10T23:34:05","slug":"paquete-de-4-protectores-antiolor-negros-mate-con-pelicula-protectora-para-tesla-model-x","status":"publish","type":"product","link":"https:\/\/xenonkungen.com\/es\/producto\/paquete-de-4-protectores-antiolor-negros-mate-con-pelicula-protectora-para-tesla-model-x\/","title":{"rendered":"Guardabarros negro mate incl. l\u00e1mina protectora Paquete de 4 Tesla Model X"},"content":{"rendered":"<p data-start=\"74\" data-end=\"170\"><strong data-start=\"74\" data-end=\"168\">Guardabarros para Tesla Model X (2021+) - Protege la pintura y mant\u00e9n el aspecto premium limpio.<\/strong><\/p>\n<p data-start=\"172\" data-end=\"531\">Proporcione a su Model X una protecci\u00f3n adicional contra los rigores de la carretera con nuestro <strong data-start=\"237\" data-end=\"265\">protectores antisalpicaduras personalizados<\/strong>. Reducen el riesgo de da\u00f1os en la pintura causados por la sal de la carretera, la gravilla, las grietas del asfalto y la suciedad que levantan las ruedas, a la vez que se integran perfectamente en el dise\u00f1o del coche. \u00bfEl resultado? Un aspecto de f\u00e1brica que se ve muy bien y protege su coche a largo plazo.<\/p>\n<p data-start=\"533\" data-end=\"568\"><strong data-start=\"533\" data-end=\"566\">Ventajas de nuestros antisalpicaduras:<\/strong><\/p>\n<ul data-start=\"569\" data-end=\"861\">\n<li data-start=\"569\" data-end=\"606\">\n<p data-start=\"571\" data-end=\"606\">Personalizado para Tesla Model X 2021+<\/p>\n<\/li>\n<li data-start=\"607\" data-end=\"658\">\n<p data-start=\"609\" data-end=\"658\">Protege eficazmente contra la suciedad, la sal y los fragmentos de piedra<\/p>\n<\/li>\n<li data-start=\"659\" data-end=\"731\">\n<p data-start=\"661\" data-end=\"731\">Dise\u00f1o discreto en pl\u00e1stico ABS negro mate: parece un accesorio original<\/p>\n<\/li>\n<li data-start=\"732\" data-end=\"797\">\n<p data-start=\"734\" data-end=\"797\">F\u00e1cil montaje en unos 10 minutos por rueda, incluso para principiantes<\/p>\n<\/li>\n<li data-start=\"798\" data-end=\"861\">\n<p data-start=\"800\" data-end=\"861\">Incluye una pel\u00edcula protectora que preserva la pintura bajo los guardabarros<\/p>\n<\/li>\n<\/ul>\n<p data-start=\"863\" data-end=\"885\"><strong data-start=\"863\" data-end=\"883\">El paquete incluye:<\/strong><\/p>\n<ul data-start=\"886\" data-end=\"997\">\n<li data-start=\"886\" data-end=\"947\">\n<p data-start=\"888\" data-end=\"947\">4 guardabarros (2 delanteros derecho\/izquierdo y 2 traseros derecho\/izquierdo)<\/p>\n<\/li>\n<li data-start=\"948\" data-end=\"971\">\n<p data-start=\"950\" data-end=\"971\">Clips para montaje<\/p>\n<\/li>\n<li data-start=\"972\" data-end=\"997\">\n<p data-start=\"974\" data-end=\"997\">Pel\u00edcula protectora para la pintura<\/p>\n<\/li>\n<\/ul>\n<p data-start=\"999\" data-end=\"1236\"><strong data-start=\"999\" data-end=\"1032\">\u00bfPor qu\u00e9 elegir nuestros antisalpicaduras?<\/strong><br data-start=\"1032\" data-end=\"1035\" \/>No s\u00f3lo son funcionales, sino tambi\u00e9n elegantes. Gracias al ajuste preciso y al material pl\u00e1stico ABS de calidad, obtendr\u00e1 una soluci\u00f3n duradera que parece una parte natural del coche.<\/p>\n<p data-start=\"1238\" data-end=\"1352\">Uno de nuestros accesorios m\u00e1s populares, proteja su Tesla Model X hoy mismo y conduzca con estilo y confianza.<\/p>","protected":false},"excerpt":{"rendered":"<p>St\u00e4nkskydd till Tesla Model X (2021+) \u2013 Skydda lacken och beh\u00e5ll det rena premiumutseendet Ge din Model X ett extra skydd mot v\u00e4gens p\u00e5frestningar med v\u00e5ra skr\u00e4ddarsydda st\u00e4nkskydd. De minskar risken f\u00f6r lackskador orsakade av v\u00e4gsalt, grus, asfaltsprickar och annan smuts som hjulen kastar upp \u2013 samtidigt som de sm\u00e4lter in perfekt i bilens design. [&hellip;]<\/p>","protected":false},"featured_media":13436,"comment_status":"open","ping_status":"closed","template":"","meta":{"_acf_changed":false,"_smort_price_nok":"742","_smort_price_dkk":"472","_smort_price_eur":"63.18","_smort_sale_price_nok":"","_smort_sale_price_dkk":"","_smort_sale_price_eur":"","smort_restorder":"","shipmondo_restorder":"","_kad_blocks_custom_css":"","_kad_blocks_head_custom_js":"","_kad_blocks_body_custom_js":"","_kad_blocks_footer_custom_js":"","smort_custom_pricelist_1":"444.8","smort_custom_pricelist_2":"444.8","smort_custom_pricelist_3":"444.8","smort_custom_pricelist_4":"556","smort_custom_pricelist_5":"444.8"},"anvandningsomrade":[],"bilmarken":[290],"product_brand":[2792],"product_cat":[16],"product_tag":[],"class_list":{"0":"post-13431","1":"product","2":"type-product","3":"status-publish","4":"has-post-thumbnail","6":"bilmarken-tesla","7":"product_brand-tesla","8":"product_cat-uncategorized","10":"first","11":"onbackorder","12":"taxable","13":"shipping-taxable","14":"purchasable","15":"product-type-simple"},"bundled_by":[],"bundle_stock_status":"onbackorder","bundle_stock_quantity":0,"bundle_virtual":false,"bundle_layout":"","bundle_add_to_cart_form_location":"","bundle_editable_in_cart":false,"bundle_sold_individually_context":"","bundle_item_grouping":"","bundle_min_size":"","bundle_max_size":"","bundle_price":[],"bundled_items":[],"bundle_sell_ids":[],"acf":[],"yoast_head":"<!-- This site is optimized with the Yoast SEO plugin v27.0 - https:\/\/yoast.com\/product\/yoast-seo-wordpress\/ -->\n<title>St\u00e4nkskydd Matt Svart inkl. Skyddsfilm 4-pack Tesla Model X - Xenonkungen<\/title>\n<meta name=\"robots\" content=\"index, follow, max-snippet:-1, max-image-preview:large, max-video-preview:-1\" \/>\n<link rel=\"canonical\" href=\"https:\/\/xenonkungen.com\/es\/producto\/paquete-de-4-protectores-antiolor-negros-mate-con-pelicula-protectora-para-tesla-model-x\/\" \/>\n<meta property=\"og:locale\" content=\"es_ES\" \/>\n<meta property=\"og:type\" content=\"article\" \/>\n<meta property=\"og:title\" content=\"St\u00e4nkskydd Matt Svart inkl. Skyddsfilm 4-pack Tesla Model X - Xenonkungen\" \/>\n<meta property=\"og:description\" content=\"St\u00e4nkskydd till Tesla Model X (2021+) \u2013 Skydda lacken och beh\u00e5ll det rena premiumutseendet Ge din Model X ett extra skydd mot v\u00e4gens p\u00e5frestningar med v\u00e5ra skr\u00e4ddarsydda st\u00e4nkskydd. De minskar risken f\u00f6r lackskador orsakade av v\u00e4gsalt, grus, asfaltsprickar och annan smuts som hjulen kastar upp \u2013 samtidigt som de sm\u00e4lter in perfekt i bilens design. [&hellip;]\" \/>\n<meta property=\"og:url\" content=\"https:\/\/xenonkungen.com\/es\/producto\/paquete-de-4-protectores-antiolor-negros-mate-con-pelicula-protectora-para-tesla-model-x\/\" \/>\n<meta property=\"og:site_name\" content=\"Xenonkungen\" \/>\n<meta property=\"article:modified_time\" content=\"2026-04-10T23:34:05+00:00\" \/>\n<meta property=\"og:image\" content=\"https:\/\/xenonkungen.com\/wp-content\/uploads\/2025\/09\/H52551.webp\" \/>\n\t<meta property=\"og:image:width\" content=\"493\" \/>\n\t<meta property=\"og:image:height\" content=\"657\" \/>\n\t<meta property=\"og:image:type\" content=\"image\/webp\" \/>\n<meta name=\"twitter:card\" content=\"summary_large_image\" \/>\n<meta name=\"twitter:label1\" content=\"Tiempo de lectura\" \/>\n\t<meta name=\"twitter:data1\" content=\"2 minutos\" \/>\n<script type=\"application\/ld+json\" class=\"yoast-schema-graph\">{\"@context\":\"https:\/\/schema.org\",\"@graph\":[{\"@type\":\"WebPage\",\"@id\":\"https:\/\/xenonkungen.com\/produkt\/stankskydd-matt-svart-inkl-skyddsfilm-4-pack-tesla-model-x\/\",\"url\":\"https:\/\/xenonkungen.com\/produkt\/stankskydd-matt-svart-inkl-skyddsfilm-4-pack-tesla-model-x\/\",\"name\":\"St\u00e4nkskydd Matt Svart inkl. Skyddsfilm 4-pack Tesla Model X - Xenonkungen\",\"isPartOf\":{\"@id\":\"https:\/\/xenonkungen.com\/#website\"},\"primaryImageOfPage\":{\"@id\":\"https:\/\/xenonkungen.com\/produkt\/stankskydd-matt-svart-inkl-skyddsfilm-4-pack-tesla-model-x\/#primaryimage\"},\"image\":{\"@id\":\"https:\/\/xenonkungen.com\/produkt\/stankskydd-matt-svart-inkl-skyddsfilm-4-pack-tesla-model-x\/#primaryimage\"},\"thumbnailUrl\":\"https:\/\/xenonkungen.com\/wp-content\/uploads\/2025\/09\/H52551.webp\",\"datePublished\":\"2025-09-05T12:14:52+00:00\",\"dateModified\":\"2026-04-10T23:34:05+00:00\",\"breadcrumb\":{\"@id\":\"https:\/\/xenonkungen.com\/produkt\/stankskydd-matt-svart-inkl-skyddsfilm-4-pack-tesla-model-x\/#breadcrumb\"},\"inLanguage\":\"es\",\"potentialAction\":[{\"@type\":\"ReadAction\",\"target\":[\"https:\/\/xenonkungen.com\/produkt\/stankskydd-matt-svart-inkl-skyddsfilm-4-pack-tesla-model-x\/\"]}]},{\"@type\":\"ImageObject\",\"inLanguage\":\"es\",\"@id\":\"https:\/\/xenonkungen.com\/produkt\/stankskydd-matt-svart-inkl-skyddsfilm-4-pack-tesla-model-x\/#primaryimage\",\"url\":\"https:\/\/xenonkungen.com\/wp-content\/uploads\/2025\/09\/H52551.webp\",\"contentUrl\":\"https:\/\/xenonkungen.com\/wp-content\/uploads\/2025\/09\/H52551.webp\",\"width\":493,\"height\":657},{\"@type\":\"BreadcrumbList\",\"@id\":\"https:\/\/xenonkungen.com\/produkt\/stankskydd-matt-svart-inkl-skyddsfilm-4-pack-tesla-model-x\/#breadcrumb\",\"itemListElement\":[{\"@type\":\"ListItem\",\"position\":1,\"name\":\"Hem\",\"item\":\"https:\/\/xenonkungen.com\/\"},{\"@type\":\"ListItem\",\"position\":2,\"name\":\"Shop\",\"item\":\"https:\/\/xenonkungen.com\/shop\/\"},{\"@type\":\"ListItem\",\"position\":3,\"name\":\"St\u00e4nkskydd Matt Svart inkl. Skyddsfilm 4-pack Tesla Model X\"}]},{\"@type\":\"WebSite\",\"@id\":\"https:\/\/xenonkungen.com\/#website\",\"url\":\"https:\/\/xenonkungen.com\/\",\"name\":\"Xenonkungen\",\"description\":\"\",\"potentialAction\":[{\"@type\":\"SearchAction\",\"target\":{\"@type\":\"EntryPoint\",\"urlTemplate\":\"https:\/\/xenonkungen.com\/?s={search_term_string}\"},\"query-input\":{\"@type\":\"PropertyValueSpecification\",\"valueRequired\":true,\"valueName\":\"search_term_string\"}}],\"inLanguage\":\"es\"}]}<\/script>\n<!-- \/ Yoast SEO plugin. -->","yoast_head_json":{"title":"Protectores contra salpicaduras en negro mate con pel\u00edcula protectora (paquete de 4) para Tesla Model X - Xenonkungen","robots":{"index":"index","follow":"follow","max-snippet":"max-snippet:-1","max-image-preview":"max-image-preview:large","max-video-preview":"max-video-preview:-1"},"canonical":"https:\/\/xenonkungen.com\/es\/producto\/paquete-de-4-protectores-antiolor-negros-mate-con-pelicula-protectora-para-tesla-model-x\/","og_locale":"es_ES","og_type":"article","og_title":"St\u00e4nkskydd Matt Svart inkl. Skyddsfilm 4-pack Tesla Model X - Xenonkungen","og_description":"St\u00e4nkskydd till Tesla Model X (2021+) \u2013 Skydda lacken och beh\u00e5ll det rena premiumutseendet Ge din Model X ett extra skydd mot v\u00e4gens p\u00e5frestningar med v\u00e5ra skr\u00e4ddarsydda st\u00e4nkskydd. De minskar risken f\u00f6r lackskador orsakade av v\u00e4gsalt, grus, asfaltsprickar och annan smuts som hjulen kastar upp \u2013 samtidigt som de sm\u00e4lter in perfekt i bilens design. [&hellip;]","og_url":"https:\/\/xenonkungen.com\/es\/producto\/paquete-de-4-protectores-antiolor-negros-mate-con-pelicula-protectora-para-tesla-model-x\/","og_site_name":"Xenonkungen","article_modified_time":"2026-04-10T23:34:05+00:00","og_image":[{"width":493,"height":657,"url":"https:\/\/xenonkungen.com\/wp-content\/uploads\/2025\/09\/H52551.webp","type":"image\/webp"}],"twitter_card":"summary_large_image","twitter_misc":{"Tiempo de lectura":"2 minutos"},"schema":{"@context":"https:\/\/schema.org","@graph":[{"@type":"WebPage","@id":"https:\/\/xenonkungen.com\/produkt\/stankskydd-matt-svart-inkl-skyddsfilm-4-pack-tesla-model-x\/","url":"https:\/\/xenonkungen.com\/produkt\/stankskydd-matt-svart-inkl-skyddsfilm-4-pack-tesla-model-x\/","name":"Protectores contra salpicaduras en negro mate con pel\u00edcula protectora (paquete de 4) para Tesla Model X - Xenonkungen","isPartOf":{"@id":"https:\/\/xenonkungen.com\/#website"},"primaryImageOfPage":{"@id":"https:\/\/xenonkungen.com\/produkt\/stankskydd-matt-svart-inkl-skyddsfilm-4-pack-tesla-model-x\/#primaryimage"},"image":{"@id":"https:\/\/xenonkungen.com\/produkt\/stankskydd-matt-svart-inkl-skyddsfilm-4-pack-tesla-model-x\/#primaryimage"},"thumbnailUrl":"https:\/\/xenonkungen.com\/wp-content\/uploads\/2025\/09\/H52551.webp","datePublished":"2025-09-05T12:14:52+00:00","dateModified":"2026-04-10T23:34:05+00:00","breadcrumb":{"@id":"https:\/\/xenonkungen.com\/produkt\/stankskydd-matt-svart-inkl-skyddsfilm-4-pack-tesla-model-x\/#breadcrumb"},"inLanguage":"es","potentialAction":[{"@type":"ReadAction","target":["https:\/\/xenonkungen.com\/produkt\/stankskydd-matt-svart-inkl-skyddsfilm-4-pack-tesla-model-x\/"]}]},{"@type":"ImageObject","inLanguage":"es","@id":"https:\/\/xenonkungen.com\/produkt\/stankskydd-matt-svart-inkl-skyddsfilm-4-pack-tesla-model-x\/#primaryimage","url":"https:\/\/xenonkungen.com\/wp-content\/uploads\/2025\/09\/H52551.webp","contentUrl":"https:\/\/xenonkungen.com\/wp-content\/uploads\/2025\/09\/H52551.webp","width":493,"height":657},{"@type":"BreadcrumbList","@id":"https:\/\/xenonkungen.com\/produkt\/stankskydd-matt-svart-inkl-skyddsfilm-4-pack-tesla-model-x\/#breadcrumb","itemListElement":[{"@type":"ListItem","position":1,"name":"Hem","item":"https:\/\/xenonkungen.com\/"},{"@type":"ListItem","position":2,"name":"Shop","item":"https:\/\/xenonkungen.com\/shop\/"},{"@type":"ListItem","position":3,"name":"St\u00e4nkskydd Matt Svart inkl. Skyddsfilm 4-pack Tesla Model X"}]},{"@type":"WebSite","@id":"https:\/\/xenonkungen.com\/#website","url":"https:\/\/xenonkungen.com\/","name":"Xenonkungen","description":"","potentialAction":[{"@type":"SearchAction","target":{"@type":"EntryPoint","urlTemplate":"https:\/\/xenonkungen.com\/?s={search_term_string}"},"query-input":{"@type":"PropertyValueSpecification","valueRequired":true,"valueName":"search_term_string"}}],"inLanguage":"es"}]}},"taxonomy_info":{"bilmarken":[{"value":290,"label":"Tesla"}],"product_brand":[{"value":2792,"label":"TESLA"}],"product_cat":[{"value":16,"label":"Uncategorized"}]},"featured_image_src_large":["https:\/\/xenonkungen.com\/wp-content\/uploads\/2025\/09\/H52551.webp",493,657,false],"author_info":[],"comment_info":0,"_links":{"self":[{"href":"https:\/\/xenonkungen.com\/es\/wp-json\/wp\/v2\/product\/13431","targetHints":{"allow":["GET"]}}],"collection":[{"href":"https:\/\/xenonkungen.com\/es\/wp-json\/wp\/v2\/product"}],"about":[{"href":"https:\/\/xenonkungen.com\/es\/wp-json\/wp\/v2\/types\/product"}],"replies":[{"embeddable":true,"href":"https:\/\/xenonkungen.com\/es\/wp-json\/wp\/v2\/comments?post=13431"}],"wp:featuredmedia":[{"embeddable":true,"href":"https:\/\/xenonkungen.com\/es\/wp-json\/wp\/v2\/media\/13436"}],"wp:attachment":[{"href":"https:\/\/xenonkungen.com\/es\/wp-json\/wp\/v2\/media?parent=13431"}],"wp:term":[{"taxonomy":"anvandningsomrade","embeddable":true,"href":"https:\/\/xenonkungen.com\/es\/wp-json\/wp\/v2\/anvandningsomrade?post=13431"},{"taxonomy":"bilmarken","embeddable":true,"href":"https:\/\/xenonkungen.com\/es\/wp-json\/wp\/v2\/bilmarken?post=13431"},{"taxonomy":"product_brand","embeddable":true,"href":"https:\/\/xenonkungen.com\/es\/wp-json\/wp\/v2\/product_brand?post=13431"},{"taxonomy":"product_cat","embeddable":true,"href":"https:\/\/xenonkungen.com\/es\/wp-json\/wp\/v2\/product_cat?post=13431"},{"taxonomy":"product_tag","embeddable":true,"href":"https:\/\/xenonkungen.com\/es\/wp-json\/wp\/v2\/product_tag?post=13431"}],"curies":[{"name":"wp","href":"https:\/\/api.w.org\/{rel}","templated":true}]}}