{"id":13831,"date":"2025-09-15T13:49:57","date_gmt":"2025-09-15T13:49:57","guid":{"rendered":"https:\/\/xenonkungen.com\/?post_type=product&#038;p=13831"},"modified":"2026-04-10T23:56:55","modified_gmt":"2026-04-10T22:56:55","slug":"tuerca-antirrobo-tfix-m10-2-piezas","status":"publish","type":"product","link":"https:\/\/xenonkungen.com\/es\/producto\/tuerca-antirrobo-tfix-m10-2-piezas\/","title":{"rendered":"Antirrobo TUERCA TFix M10 | 2pcs"},"content":{"rendered":"<div class=\"container\">\n<h1>Protecci\u00f3n antirrobo inteligente y asequible para luces adicionales y rampas LED<\/h1>\n<p>Esta exclusiva soluci\u00f3n antirrobo para faros auxiliares y rampas LED ofrece una seguridad eficaz gracias a un dise\u00f1o innovador. La tuerca antirrobo est\u00e1 dise\u00f1ada espec\u00edficamente para impedir el acceso no autorizado gracias a su dise\u00f1o biselado que elimina la posibilidad de que herramientas comunes puedan hacerse con ella.<\/p>\n<div class=\"features\">\n<h2>Caracter\u00edsticas principales:<\/h2>\n<ul>\n<li>Dise\u00f1o de tuerca biselada que desalienta e impide el uso de herramientas est\u00e1ndar.<\/li>\n<li>Para montarlo y desmontarlo se necesita una tuerca antirrobo \u00fanica, lo que aumenta la seguridad.<\/li>\n<li>Ideal para cualquiera que desee proteger su inversi\u00f3n en iluminaci\u00f3n del veh\u00edculo contra robos.<\/li>\n<\/ul>\n<\/div>\n<p>Con este sencillo y rentable sistema antirrobo, ahora puede proteger sus faros auxiliares y rampas LED sin preocupaciones. Recuerda invertir en una tuerca adicional para una funcionalidad completa y la m\u00e1xima seguridad.<\/p>\n<\/div>\n<p>Se venden por pares (=2 piezas)<br \/>\n<strong>Tama\u00f1o:<\/strong> M10<\/p>","protected":false},"excerpt":{"rendered":"<p>Haga realmente dif\u00edcil o imposible desmontar su iluminaci\u00f3n con la tuerca M10.<\/p>","protected":false},"featured_media":13832,"comment_status":"open","ping_status":"closed","template":"","meta":{"_acf_changed":false,"_smort_price_nok":"342","_smort_price_dkk":"217","_smort_price_eur":"29.09","_smort_sale_price_nok":"","_smort_sale_price_dkk":"","_smort_sale_price_eur":"","smort_restorder":"","shipmondo_restorder":"","_kad_blocks_custom_css":"","_kad_blocks_head_custom_js":"","_kad_blocks_body_custom_js":"","_kad_blocks_footer_custom_js":"","smort_custom_pricelist_1":"204.8","smort_custom_pricelist_2":"204.8","smort_custom_pricelist_3":"204.8","smort_custom_pricelist_4":"256","smort_custom_pricelist_5":"204.8"},"anvandningsomrade":[],"bilmarken":[],"product_brand":[],"product_cat":[2841,2828,2547,390],"product_tag":[],"class_list":{"0":"post-13831","1":"product","2":"type-product","3":"status-publish","4":"has-post-thumbnail","6":"product_cat-installation-extraljus","7":"product_cat-installation-led-ramper","8":"product_cat-stoldskydd-installation","9":"product_cat-installation","11":"first","12":"instock","13":"taxable","14":"shipping-taxable","15":"purchasable","16":"product-type-simple"},"bundled_by":[],"bundle_stock_status":"instock","bundle_stock_quantity":5,"bundle_virtual":false,"bundle_layout":"","bundle_add_to_cart_form_location":"","bundle_editable_in_cart":false,"bundle_sold_individually_context":"","bundle_item_grouping":"","bundle_min_size":"","bundle_max_size":"","bundle_price":[],"bundled_items":[],"bundle_sell_ids":[],"acf":[],"yoast_head":"<!-- This site is optimized with the Yoast SEO plugin v27.0 - https:\/\/yoast.com\/product\/yoast-seo-wordpress\/ -->\n<title>St\u00f6ldskyddsMUTTER TFix M10 | 2st - Xenonkungen<\/title>\n<meta name=\"robots\" content=\"index, follow, max-snippet:-1, max-image-preview:large, max-video-preview:-1\" \/>\n<link rel=\"canonical\" href=\"https:\/\/xenonkungen.com\/es\/producto\/tuerca-antirrobo-tfix-m10-2-piezas\/\" \/>\n<meta property=\"og:locale\" content=\"es_ES\" \/>\n<meta property=\"og:type\" content=\"article\" \/>\n<meta property=\"og:title\" content=\"St\u00f6ldskyddsMUTTER TFix M10 | 2st - Xenonkungen\" \/>\n<meta property=\"og:description\" content=\"G\u00f6r det riktigt sv\u00e5rt eller om\u00f6jligt att demontera din belysning med bultmutter M10.\" \/>\n<meta property=\"og:url\" content=\"https:\/\/xenonkungen.com\/es\/producto\/tuerca-antirrobo-tfix-m10-2-piezas\/\" \/>\n<meta property=\"og:site_name\" content=\"Xenonkungen\" \/>\n<meta property=\"article:modified_time\" content=\"2026-04-10T22:56:55+00:00\" \/>\n<meta property=\"og:image\" content=\"https:\/\/xenonkungen.com\/wp-content\/uploads\/2025\/09\/LM-M10-2__10014.jpg\" \/>\n\t<meta property=\"og:image:width\" content=\"1280\" \/>\n\t<meta property=\"og:image:height\" content=\"960\" \/>\n\t<meta property=\"og:image:type\" content=\"image\/jpeg\" \/>\n<meta name=\"twitter:card\" content=\"summary_large_image\" \/>\n<meta name=\"twitter:label1\" content=\"Tiempo de lectura\" \/>\n\t<meta name=\"twitter:data1\" content=\"1 minuto\" \/>\n<script type=\"application\/ld+json\" class=\"yoast-schema-graph\">{\"@context\":\"https:\/\/schema.org\",\"@graph\":[{\"@type\":\"WebPage\",\"@id\":\"https:\/\/xenonkungen.com\/dk\/vare\/tyverisikringsmotrik-tfix-m10-2-stk\/\",\"url\":\"https:\/\/xenonkungen.com\/dk\/vare\/tyverisikringsmotrik-tfix-m10-2-stk\/\",\"name\":\"St\u00f6ldskyddsMUTTER TFix M10 | 2st - Xenonkungen\",\"isPartOf\":{\"@id\":\"https:\/\/xenonkungen.com\/#website\"},\"primaryImageOfPage\":{\"@id\":\"https:\/\/xenonkungen.com\/dk\/vare\/tyverisikringsmotrik-tfix-m10-2-stk\/#primaryimage\"},\"image\":{\"@id\":\"https:\/\/xenonkungen.com\/dk\/vare\/tyverisikringsmotrik-tfix-m10-2-stk\/#primaryimage\"},\"thumbnailUrl\":\"https:\/\/xenonkungen.com\/wp-content\/uploads\/2025\/09\/LM-M10-2__10014.jpg\",\"datePublished\":\"2025-09-15T13:49:57+00:00\",\"dateModified\":\"2026-04-10T22:56:55+00:00\",\"breadcrumb\":{\"@id\":\"https:\/\/xenonkungen.com\/dk\/vare\/tyverisikringsmotrik-tfix-m10-2-stk\/#breadcrumb\"},\"inLanguage\":\"es\",\"potentialAction\":[{\"@type\":\"ReadAction\",\"target\":[\"https:\/\/xenonkungen.com\/dk\/vare\/tyverisikringsmotrik-tfix-m10-2-stk\/\"]}]},{\"@type\":\"ImageObject\",\"inLanguage\":\"es\",\"@id\":\"https:\/\/xenonkungen.com\/dk\/vare\/tyverisikringsmotrik-tfix-m10-2-stk\/#primaryimage\",\"url\":\"https:\/\/xenonkungen.com\/wp-content\/uploads\/2025\/09\/LM-M10-2__10014.jpg\",\"contentUrl\":\"https:\/\/xenonkungen.com\/wp-content\/uploads\/2025\/09\/LM-M10-2__10014.jpg\",\"width\":1280,\"height\":960},{\"@type\":\"BreadcrumbList\",\"@id\":\"https:\/\/xenonkungen.com\/dk\/vare\/tyverisikringsmotrik-tfix-m10-2-stk\/#breadcrumb\",\"itemListElement\":[{\"@type\":\"ListItem\",\"position\":1,\"name\":\"Hem\",\"item\":\"https:\/\/xenonkungen.com\/\"},{\"@type\":\"ListItem\",\"position\":2,\"name\":\"Shop\",\"item\":\"https:\/\/xenonkungen.com\/shop\/\"},{\"@type\":\"ListItem\",\"position\":3,\"name\":\"St\u00f6ldskyddsMUTTER TFix M10 | 2st\"}]},{\"@type\":\"WebSite\",\"@id\":\"https:\/\/xenonkungen.com\/#website\",\"url\":\"https:\/\/xenonkungen.com\/\",\"name\":\"Xenonkungen\",\"description\":\"\",\"potentialAction\":[{\"@type\":\"SearchAction\",\"target\":{\"@type\":\"EntryPoint\",\"urlTemplate\":\"https:\/\/xenonkungen.com\/?s={search_term_string}\"},\"query-input\":{\"@type\":\"PropertyValueSpecification\",\"valueRequired\":true,\"valueName\":\"search_term_string\"}}],\"inLanguage\":\"es\"}]}<\/script>\n<!-- \/ Yoast SEO plugin. -->","yoast_head_json":{"title":"Tuerca antirrobo TFix M10 | 2 piezas - Xenonkungen","robots":{"index":"index","follow":"follow","max-snippet":"max-snippet:-1","max-image-preview":"max-image-preview:large","max-video-preview":"max-video-preview:-1"},"canonical":"https:\/\/xenonkungen.com\/es\/producto\/tuerca-antirrobo-tfix-m10-2-piezas\/","og_locale":"es_ES","og_type":"article","og_title":"St\u00f6ldskyddsMUTTER TFix M10 | 2st - Xenonkungen","og_description":"G\u00f6r det riktigt sv\u00e5rt eller om\u00f6jligt att demontera din belysning med bultmutter M10.","og_url":"https:\/\/xenonkungen.com\/es\/producto\/tuerca-antirrobo-tfix-m10-2-piezas\/","og_site_name":"Xenonkungen","article_modified_time":"2026-04-10T22:56:55+00:00","og_image":[{"width":1280,"height":960,"url":"https:\/\/xenonkungen.com\/wp-content\/uploads\/2025\/09\/LM-M10-2__10014.jpg","type":"image\/jpeg"}],"twitter_card":"summary_large_image","twitter_misc":{"Tiempo de lectura":"1 minuto"},"schema":{"@context":"https:\/\/schema.org","@graph":[{"@type":"WebPage","@id":"https:\/\/xenonkungen.com\/dk\/vare\/tyverisikringsmotrik-tfix-m10-2-stk\/","url":"https:\/\/xenonkungen.com\/dk\/vare\/tyverisikringsmotrik-tfix-m10-2-stk\/","name":"Tuerca antirrobo TFix M10 | 2 piezas - Xenonkungen","isPartOf":{"@id":"https:\/\/xenonkungen.com\/#website"},"primaryImageOfPage":{"@id":"https:\/\/xenonkungen.com\/dk\/vare\/tyverisikringsmotrik-tfix-m10-2-stk\/#primaryimage"},"image":{"@id":"https:\/\/xenonkungen.com\/dk\/vare\/tyverisikringsmotrik-tfix-m10-2-stk\/#primaryimage"},"thumbnailUrl":"https:\/\/xenonkungen.com\/wp-content\/uploads\/2025\/09\/LM-M10-2__10014.jpg","datePublished":"2025-09-15T13:49:57+00:00","dateModified":"2026-04-10T22:56:55+00:00","breadcrumb":{"@id":"https:\/\/xenonkungen.com\/dk\/vare\/tyverisikringsmotrik-tfix-m10-2-stk\/#breadcrumb"},"inLanguage":"es","potentialAction":[{"@type":"ReadAction","target":["https:\/\/xenonkungen.com\/dk\/vare\/tyverisikringsmotrik-tfix-m10-2-stk\/"]}]},{"@type":"ImageObject","inLanguage":"es","@id":"https:\/\/xenonkungen.com\/dk\/vare\/tyverisikringsmotrik-tfix-m10-2-stk\/#primaryimage","url":"https:\/\/xenonkungen.com\/wp-content\/uploads\/2025\/09\/LM-M10-2__10014.jpg","contentUrl":"https:\/\/xenonkungen.com\/wp-content\/uploads\/2025\/09\/LM-M10-2__10014.jpg","width":1280,"height":960},{"@type":"BreadcrumbList","@id":"https:\/\/xenonkungen.com\/dk\/vare\/tyverisikringsmotrik-tfix-m10-2-stk\/#breadcrumb","itemListElement":[{"@type":"ListItem","position":1,"name":"Hem","item":"https:\/\/xenonkungen.com\/"},{"@type":"ListItem","position":2,"name":"Shop","item":"https:\/\/xenonkungen.com\/shop\/"},{"@type":"ListItem","position":3,"name":"St\u00f6ldskyddsMUTTER TFix M10 | 2st"}]},{"@type":"WebSite","@id":"https:\/\/xenonkungen.com\/#website","url":"https:\/\/xenonkungen.com\/","name":"Xenonkungen","description":"","potentialAction":[{"@type":"SearchAction","target":{"@type":"EntryPoint","urlTemplate":"https:\/\/xenonkungen.com\/?s={search_term_string}"},"query-input":{"@type":"PropertyValueSpecification","valueRequired":true,"valueName":"search_term_string"}}],"inLanguage":"es"}]}},"taxonomy_info":{"product_cat":[{"value":2841,"label":"Installation extraljus"},{"value":2828,"label":"Installation LED-ramper"},{"value":2547,"label":"St\u00f6ldskydd"},{"value":390,"label":"Installation"}]},"featured_image_src_large":["https:\/\/xenonkungen.com\/wp-content\/uploads\/2025\/09\/LM-M10-2__10014-1024x768.jpg",1024,768,true],"author_info":[],"comment_info":0,"_links":{"self":[{"href":"https:\/\/xenonkungen.com\/es\/wp-json\/wp\/v2\/product\/13831","targetHints":{"allow":["GET"]}}],"collection":[{"href":"https:\/\/xenonkungen.com\/es\/wp-json\/wp\/v2\/product"}],"about":[{"href":"https:\/\/xenonkungen.com\/es\/wp-json\/wp\/v2\/types\/product"}],"replies":[{"embeddable":true,"href":"https:\/\/xenonkungen.com\/es\/wp-json\/wp\/v2\/comments?post=13831"}],"wp:featuredmedia":[{"embeddable":true,"href":"https:\/\/xenonkungen.com\/es\/wp-json\/wp\/v2\/media\/13832"}],"wp:attachment":[{"href":"https:\/\/xenonkungen.com\/es\/wp-json\/wp\/v2\/media?parent=13831"}],"wp:term":[{"taxonomy":"anvandningsomrade","embeddable":true,"href":"https:\/\/xenonkungen.com\/es\/wp-json\/wp\/v2\/anvandningsomrade?post=13831"},{"taxonomy":"bilmarken","embeddable":true,"href":"https:\/\/xenonkungen.com\/es\/wp-json\/wp\/v2\/bilmarken?post=13831"},{"taxonomy":"product_brand","embeddable":true,"href":"https:\/\/xenonkungen.com\/es\/wp-json\/wp\/v2\/product_brand?post=13831"},{"taxonomy":"product_cat","embeddable":true,"href":"https:\/\/xenonkungen.com\/es\/wp-json\/wp\/v2\/product_cat?post=13831"},{"taxonomy":"product_tag","embeddable":true,"href":"https:\/\/xenonkungen.com\/es\/wp-json\/wp\/v2\/product_tag?post=13831"}],"curies":[{"name":"wp","href":"https:\/\/api.w.org\/{rel}","templated":true}]}}