{"id":13939,"date":"2025-09-18T09:51:35","date_gmt":"2025-09-18T09:51:35","guid":{"rendered":"https:\/\/xenonkungen.com\/?post_type=product&#038;p=13939"},"modified":"2026-04-24T16:43:42","modified_gmt":"2026-04-24T15:43:42","slug":"conector-de-cable-con-tuerca-de-palanca-luxtar-de-2-puertos-lxpct-212","status":"publish","type":"product","link":"https:\/\/xenonkungen.com\/es\/producto\/conector-de-cable-con-tuerca-de-palanca-luxtar-de-2-puertos-lxpct-212\/","title":{"rendered":"Conector de cable con tuerca de palanca Luxtar | 2 puertos | LXPCT-212"},"content":{"rendered":"<p>Descubra el Conector de Alambre Luxtar Lever Nut: una abrazadera r\u00e1pida compacta y abrible con dos conexiones, adecuada para todo tipo de conductores de entre 0,8 y 4 mm\u00b2. Esta abrazadera de conector es resellable y no requiere herramientas gracias a su innovadora tecnolog\u00eda Lever-Nut, tambi\u00e9n conocida como conexi\u00f3n Cage Clamp.<\/p>\n<p>Este bloque de terminales es compatible con todo tipo de conductores, tanto multifilares como monofilares. Maneja una corriente nominal de hasta 32 A y una tensi\u00f3n de 400 V CA. La pinza de empalme es apta para cables de calibre 28-12 AWG y dispone de los siguientes tama\u00f1os de cable:<\/p>\n<ul>\n<li>Alambre fino: 0,08-4 mm\u00b2<\/li>\n<li>Monofilar: hasta 2,5 mm\u00b2.<\/li>\n<\/ul>\n<p>Ideal para instalaciones de alta y baja tensi\u00f3n.<\/p>\n<p><strong>Caracter\u00edsticas y ventajas:<\/strong><\/p>\n<ul>\n<li>No se necesitan herramientas: instalaci\u00f3n r\u00e1pida y sencilla<\/li>\n<li>Superficie del conductor (r\u00edgido): 0,08-2,5 mm\u00b2.<\/li>\n<li>Superficie del conductor (flexible): 0,08-4 mm\u00b2.<\/li>\n<li>Corriente nominal: 32 A<\/li>\n<li>Conexi\u00f3n de la abrazadera de la jaula<\/li>\n<li>Tensi\u00f3n nominal: 400 V CA<\/li>\n<li>Longitud de pelado: 9-10 mm<\/li>\n<li>Se adapta a cables 28-12 AWG<\/li>\n<\/ul>\n<p><strong>N\u00famero de art\u00edculo:<\/strong> 159044<\/p>\n<p><strong>T\u00e9rminos comunes utilizados en la instalaci\u00f3n el\u00e9ctrica:<\/strong><\/p>\n<p>A menudo se hace referencia a este producto como:<\/p>\n<ul>\n<li>Abrazadera de conexi\u00f3n<\/li>\n<li>Abrazadera de acoplamiento Flexible<\/li>\n<li>Abrazadera de empalme<\/li>\n<li>Acoplamiento WAGO<\/li>\n<li>Abrazadera superior<\/li>\n<li>Conexi\u00f3n h\u00edgado-tuerca<\/li>\n<\/ul>\n<p>Nuestros conectores de cable de tuerca de palanca Luxtar son ideales para instalaciones el\u00e9ctricas profesionales y proyectos de bricolaje, con alta calidad y f\u00e1cil manejo. \u00a1Experimente hoy mismo una conexi\u00f3n de cables m\u00e1s suave y segura!<\/p>","protected":false},"excerpt":{"rendered":"<p>Uppt\u00e4ck Luxtar Lever Nut Wire Connector \u2013 en kompakt och \u00f6ppningsbar snabbkl\u00e4mma med tv\u00e5 anslutningar, anpassad f\u00f6r alla typer av ledare mellan 0,8 och 4 mm\u00b2. Denna anslutningskl\u00e4mma \u00e4r \u00e5terf\u00f6rslutningsbar och kr\u00e4ver inga verktyg tack vare sin innovativa Lever-Nut-teknologi, \u00e4ven k\u00e4nd som Cage Clamp-anslutning. Denna kopplingskl\u00e4mma \u00e4r kompatibel med alla ledartyper, b\u00e5de flertr\u00e5diga och enkeltr\u00e5diga. [&hellip;]<\/p>","protected":false},"featured_media":13942,"comment_status":"open","ping_status":"closed","template":"","meta":{"_acf_changed":false,"_smort_price_nok":"11","_smort_price_dkk":"7","_smort_price_eur":"0.91","_smort_sale_price_nok":"","_smort_sale_price_dkk":"","_smort_sale_price_eur":"","smort_restorder":"","shipmondo_restorder":"","_kad_blocks_custom_css":"","_kad_blocks_head_custom_js":"","_kad_blocks_body_custom_js":"","_kad_blocks_footer_custom_js":"","smort_custom_pricelist_1":"6.4","smort_custom_pricelist_2":"5.6","smort_custom_pricelist_3":"5.2","smort_custom_pricelist_4":"8","smort_custom_pricelist_5":"5.6"},"anvandningsomrade":[],"bilmarken":[],"product_brand":[103],"product_cat":[2826,727],"product_tag":[],"class_list":{"0":"post-13939","1":"product","2":"type-product","3":"status-publish","4":"has-post-thumbnail","6":"product_brand-luxtar","7":"product_cat-luxtar","8":"product_cat-tillbehor","10":"first","11":"instock","12":"taxable","13":"shipping-taxable","14":"purchasable","15":"product-type-simple"},"bundled_by":[],"bundle_stock_status":"instock","bundle_stock_quantity":905,"bundle_virtual":false,"bundle_layout":"","bundle_add_to_cart_form_location":"","bundle_editable_in_cart":false,"bundle_sold_individually_context":"","bundle_item_grouping":"","bundle_min_size":"","bundle_max_size":"","bundle_price":[],"bundled_items":[],"bundle_sell_ids":[],"acf":[],"yoast_head":"<!-- This site is optimized with the Yoast SEO plugin v27.0 - https:\/\/yoast.com\/product\/yoast-seo-wordpress\/ -->\n<title>Luxtar Lever Nut Wire Connector | 2 Port | LXPCT-212 - Xenonkungen<\/title>\n<meta name=\"robots\" content=\"index, follow, max-snippet:-1, max-image-preview:large, max-video-preview:-1\" \/>\n<link rel=\"canonical\" href=\"https:\/\/xenonkungen.com\/es\/producto\/conector-de-cable-con-tuerca-de-palanca-luxtar-de-2-puertos-lxpct-212\/\" \/>\n<meta property=\"og:locale\" content=\"es_ES\" \/>\n<meta property=\"og:type\" content=\"article\" \/>\n<meta property=\"og:title\" content=\"Luxtar Lever Nut Wire Connector | 2 Port | LXPCT-212 - Xenonkungen\" \/>\n<meta property=\"og:description\" content=\"Uppt\u00e4ck Luxtar Lever Nut Wire Connector \u2013 en kompakt och \u00f6ppningsbar snabbkl\u00e4mma med tv\u00e5 anslutningar, anpassad f\u00f6r alla typer av ledare mellan 0,8 och 4 mm\u00b2. Denna anslutningskl\u00e4mma \u00e4r \u00e5terf\u00f6rslutningsbar och kr\u00e4ver inga verktyg tack vare sin innovativa Lever-Nut-teknologi, \u00e4ven k\u00e4nd som Cage Clamp-anslutning. Denna kopplingskl\u00e4mma \u00e4r kompatibel med alla ledartyper, b\u00e5de flertr\u00e5diga och enkeltr\u00e5diga. [&hellip;]\" \/>\n<meta property=\"og:url\" content=\"https:\/\/xenonkungen.com\/es\/producto\/conector-de-cable-con-tuerca-de-palanca-luxtar-de-2-puertos-lxpct-212\/\" \/>\n<meta property=\"og:site_name\" content=\"Xenonkungen\" \/>\n<meta property=\"article:modified_time\" content=\"2026-04-24T15:43:42+00:00\" \/>\n<meta property=\"og:image\" content=\"https:\/\/xenonkungen.com\/wp-content\/uploads\/2025\/09\/lM8f9ftg.png\" \/>\n\t<meta property=\"og:image:width\" content=\"1024\" \/>\n\t<meta property=\"og:image:height\" content=\"1024\" \/>\n\t<meta property=\"og:image:type\" content=\"image\/png\" \/>\n<meta name=\"twitter:card\" content=\"summary_large_image\" \/>\n<meta name=\"twitter:label1\" content=\"Tiempo de lectura\" \/>\n\t<meta name=\"twitter:data1\" content=\"2 minutos\" \/>\n<script type=\"application\/ld+json\" class=\"yoast-schema-graph\">{\"@context\":\"https:\/\/schema.org\",\"@graph\":[{\"@type\":\"WebPage\",\"@id\":\"https:\/\/xenonkungen.com\/produkt\/luxtar-lever-nut-wire-connector-2-port-lxpct-212\/\",\"url\":\"https:\/\/xenonkungen.com\/produkt\/luxtar-lever-nut-wire-connector-2-port-lxpct-212\/\",\"name\":\"Luxtar Lever Nut Wire Connector | 2 Port | LXPCT-212 - Xenonkungen\",\"isPartOf\":{\"@id\":\"https:\/\/xenonkungen.com\/#website\"},\"primaryImageOfPage\":{\"@id\":\"https:\/\/xenonkungen.com\/produkt\/luxtar-lever-nut-wire-connector-2-port-lxpct-212\/#primaryimage\"},\"image\":{\"@id\":\"https:\/\/xenonkungen.com\/produkt\/luxtar-lever-nut-wire-connector-2-port-lxpct-212\/#primaryimage\"},\"thumbnailUrl\":\"https:\/\/xenonkungen.com\/wp-content\/uploads\/2025\/09\/lM8f9ftg.png\",\"datePublished\":\"2025-09-18T09:51:35+00:00\",\"dateModified\":\"2026-04-24T15:43:42+00:00\",\"breadcrumb\":{\"@id\":\"https:\/\/xenonkungen.com\/produkt\/luxtar-lever-nut-wire-connector-2-port-lxpct-212\/#breadcrumb\"},\"inLanguage\":\"es\",\"potentialAction\":[{\"@type\":\"ReadAction\",\"target\":[\"https:\/\/xenonkungen.com\/produkt\/luxtar-lever-nut-wire-connector-2-port-lxpct-212\/\"]}]},{\"@type\":\"ImageObject\",\"inLanguage\":\"es\",\"@id\":\"https:\/\/xenonkungen.com\/produkt\/luxtar-lever-nut-wire-connector-2-port-lxpct-212\/#primaryimage\",\"url\":\"https:\/\/xenonkungen.com\/wp-content\/uploads\/2025\/09\/lM8f9ftg.png\",\"contentUrl\":\"https:\/\/xenonkungen.com\/wp-content\/uploads\/2025\/09\/lM8f9ftg.png\",\"width\":1024,\"height\":1024},{\"@type\":\"BreadcrumbList\",\"@id\":\"https:\/\/xenonkungen.com\/produkt\/luxtar-lever-nut-wire-connector-2-port-lxpct-212\/#breadcrumb\",\"itemListElement\":[{\"@type\":\"ListItem\",\"position\":1,\"name\":\"Hem\",\"item\":\"https:\/\/xenonkungen.com\/\"},{\"@type\":\"ListItem\",\"position\":2,\"name\":\"Shop\",\"item\":\"https:\/\/xenonkungen.com\/shop\/\"},{\"@type\":\"ListItem\",\"position\":3,\"name\":\"Luxtar Lever Nut Wire Connector | 2 Port | LXPCT-212\"}]},{\"@type\":\"WebSite\",\"@id\":\"https:\/\/xenonkungen.com\/#website\",\"url\":\"https:\/\/xenonkungen.com\/\",\"name\":\"Xenonkungen\",\"description\":\"\",\"potentialAction\":[{\"@type\":\"SearchAction\",\"target\":{\"@type\":\"EntryPoint\",\"urlTemplate\":\"https:\/\/xenonkungen.com\/?s={search_term_string}\"},\"query-input\":{\"@type\":\"PropertyValueSpecification\",\"valueRequired\":true,\"valueName\":\"search_term_string\"}}],\"inLanguage\":\"es\"}]}<\/script>\n<!-- \/ Yoast SEO plugin. -->","yoast_head_json":{"title":"Conector de cable con tuerca de palanca Luxtar | 2 puertos | LXPCT-212 - El rey del xen\u00f3n","robots":{"index":"index","follow":"follow","max-snippet":"max-snippet:-1","max-image-preview":"max-image-preview:large","max-video-preview":"max-video-preview:-1"},"canonical":"https:\/\/xenonkungen.com\/es\/producto\/conector-de-cable-con-tuerca-de-palanca-luxtar-de-2-puertos-lxpct-212\/","og_locale":"es_ES","og_type":"article","og_title":"Luxtar Lever Nut Wire Connector | 2 Port | LXPCT-212 - Xenonkungen","og_description":"Uppt\u00e4ck Luxtar Lever Nut Wire Connector \u2013 en kompakt och \u00f6ppningsbar snabbkl\u00e4mma med tv\u00e5 anslutningar, anpassad f\u00f6r alla typer av ledare mellan 0,8 och 4 mm\u00b2. Denna anslutningskl\u00e4mma \u00e4r \u00e5terf\u00f6rslutningsbar och kr\u00e4ver inga verktyg tack vare sin innovativa Lever-Nut-teknologi, \u00e4ven k\u00e4nd som Cage Clamp-anslutning. Denna kopplingskl\u00e4mma \u00e4r kompatibel med alla ledartyper, b\u00e5de flertr\u00e5diga och enkeltr\u00e5diga. [&hellip;]","og_url":"https:\/\/xenonkungen.com\/es\/producto\/conector-de-cable-con-tuerca-de-palanca-luxtar-de-2-puertos-lxpct-212\/","og_site_name":"Xenonkungen","article_modified_time":"2026-04-24T15:43:42+00:00","og_image":[{"width":1024,"height":1024,"url":"https:\/\/xenonkungen.com\/wp-content\/uploads\/2025\/09\/lM8f9ftg.png","type":"image\/png"}],"twitter_card":"summary_large_image","twitter_misc":{"Tiempo de lectura":"2 minutos"},"schema":{"@context":"https:\/\/schema.org","@graph":[{"@type":"WebPage","@id":"https:\/\/xenonkungen.com\/produkt\/luxtar-lever-nut-wire-connector-2-port-lxpct-212\/","url":"https:\/\/xenonkungen.com\/produkt\/luxtar-lever-nut-wire-connector-2-port-lxpct-212\/","name":"Conector de cable con tuerca de palanca Luxtar | 2 puertos | LXPCT-212 - El rey del xen\u00f3n","isPartOf":{"@id":"https:\/\/xenonkungen.com\/#website"},"primaryImageOfPage":{"@id":"https:\/\/xenonkungen.com\/produkt\/luxtar-lever-nut-wire-connector-2-port-lxpct-212\/#primaryimage"},"image":{"@id":"https:\/\/xenonkungen.com\/produkt\/luxtar-lever-nut-wire-connector-2-port-lxpct-212\/#primaryimage"},"thumbnailUrl":"https:\/\/xenonkungen.com\/wp-content\/uploads\/2025\/09\/lM8f9ftg.png","datePublished":"2025-09-18T09:51:35+00:00","dateModified":"2026-04-24T15:43:42+00:00","breadcrumb":{"@id":"https:\/\/xenonkungen.com\/produkt\/luxtar-lever-nut-wire-connector-2-port-lxpct-212\/#breadcrumb"},"inLanguage":"es","potentialAction":[{"@type":"ReadAction","target":["https:\/\/xenonkungen.com\/produkt\/luxtar-lever-nut-wire-connector-2-port-lxpct-212\/"]}]},{"@type":"ImageObject","inLanguage":"es","@id":"https:\/\/xenonkungen.com\/produkt\/luxtar-lever-nut-wire-connector-2-port-lxpct-212\/#primaryimage","url":"https:\/\/xenonkungen.com\/wp-content\/uploads\/2025\/09\/lM8f9ftg.png","contentUrl":"https:\/\/xenonkungen.com\/wp-content\/uploads\/2025\/09\/lM8f9ftg.png","width":1024,"height":1024},{"@type":"BreadcrumbList","@id":"https:\/\/xenonkungen.com\/produkt\/luxtar-lever-nut-wire-connector-2-port-lxpct-212\/#breadcrumb","itemListElement":[{"@type":"ListItem","position":1,"name":"Hem","item":"https:\/\/xenonkungen.com\/"},{"@type":"ListItem","position":2,"name":"Shop","item":"https:\/\/xenonkungen.com\/shop\/"},{"@type":"ListItem","position":3,"name":"Luxtar Lever Nut Wire Connector | 2 Port | LXPCT-212"}]},{"@type":"WebSite","@id":"https:\/\/xenonkungen.com\/#website","url":"https:\/\/xenonkungen.com\/","name":"Xenonkungen","description":"","potentialAction":[{"@type":"SearchAction","target":{"@type":"EntryPoint","urlTemplate":"https:\/\/xenonkungen.com\/?s={search_term_string}"},"query-input":{"@type":"PropertyValueSpecification","valueRequired":true,"valueName":"search_term_string"}}],"inLanguage":"es"}]}},"taxonomy_info":{"product_brand":[{"value":103,"label":"LUXTAR"}],"product_cat":[{"value":2826,"label":"LUXTAR"},{"value":727,"label":"Tillbeh\u00f6r"}]},"featured_image_src_large":["https:\/\/xenonkungen.com\/wp-content\/uploads\/2025\/09\/lM8f9ftg.png",1024,1024,false],"author_info":[],"comment_info":0,"_links":{"self":[{"href":"https:\/\/xenonkungen.com\/es\/wp-json\/wp\/v2\/product\/13939","targetHints":{"allow":["GET"]}}],"collection":[{"href":"https:\/\/xenonkungen.com\/es\/wp-json\/wp\/v2\/product"}],"about":[{"href":"https:\/\/xenonkungen.com\/es\/wp-json\/wp\/v2\/types\/product"}],"replies":[{"embeddable":true,"href":"https:\/\/xenonkungen.com\/es\/wp-json\/wp\/v2\/comments?post=13939"}],"wp:featuredmedia":[{"embeddable":true,"href":"https:\/\/xenonkungen.com\/es\/wp-json\/wp\/v2\/media\/13942"}],"wp:attachment":[{"href":"https:\/\/xenonkungen.com\/es\/wp-json\/wp\/v2\/media?parent=13939"}],"wp:term":[{"taxonomy":"anvandningsomrade","embeddable":true,"href":"https:\/\/xenonkungen.com\/es\/wp-json\/wp\/v2\/anvandningsomrade?post=13939"},{"taxonomy":"bilmarken","embeddable":true,"href":"https:\/\/xenonkungen.com\/es\/wp-json\/wp\/v2\/bilmarken?post=13939"},{"taxonomy":"product_brand","embeddable":true,"href":"https:\/\/xenonkungen.com\/es\/wp-json\/wp\/v2\/product_brand?post=13939"},{"taxonomy":"product_cat","embeddable":true,"href":"https:\/\/xenonkungen.com\/es\/wp-json\/wp\/v2\/product_cat?post=13939"},{"taxonomy":"product_tag","embeddable":true,"href":"https:\/\/xenonkungen.com\/es\/wp-json\/wp\/v2\/product_tag?post=13939"}],"curies":[{"name":"wp","href":"https:\/\/api.w.org\/{rel}","templated":true}]}}