{"id":13958,"date":"2025-09-18T12:21:03","date_gmt":"2025-09-18T12:21:03","guid":{"rendered":"https:\/\/xenonkungen.com\/?post_type=product&#038;p=13958"},"modified":"2026-05-08T13:24:59","modified_gmt":"2026-05-08T12:24:59","slug":"linterna-ledwise-legend-luz-blanca-fria","status":"publish","type":"product","link":"https:\/\/xenonkungen.com\/es\/producto\/linterna-ledwise-legend-luz-blanca-fria\/","title":{"rendered":"Linterna Ledwise Legend Blanco Fr\u00edo"},"content":{"rendered":"<h3 data-start=\"82\" data-end=\"127\">LEDWISE LEGEND - Potencia en formato compacto<\/h3>\n<p data-start=\"128\" data-end=\"355\">Experimenta una linterna frontal multihaz que combina potencia bruta con un dise\u00f1o inteligente. <strong data-start=\"199\" data-end=\"217\">LEYENDA LEDWISE<\/strong> abastece a todo el <strong data-start=\"233\" data-end=\"267\">1 700 l\u00famenes de brillo real<\/strong> - m\u00e1s que suficiente tanto para el trabajo profesional como para las exigentes actividades de ocio.<\/p>\n<p data-start=\"357\" data-end=\"577\">El robusto y <strong data-start=\"373\" data-end=\"400\">dise\u00f1o compacto<\/strong> la convierte en la compa\u00f1era perfecta para el uso profesional diario. Con la <strong data-start=\"468\" data-end=\"486\">cuatro modos de iluminaci\u00f3n<\/strong> puedes cambiar f\u00e1cilmente entre diferentes niveles de luz, para que siempre tengas la luz adecuada para el trabajo.<\/p>\n<p data-start=\"579\" data-end=\"878\">El coraz\u00f3n de la l\u00e1mpara es un <strong data-start=\"602\" data-end=\"621\">LED Cree XHP 50<\/strong> con una temperatura de color blanco neutro de <strong data-start=\"655\" data-end=\"666\">6 000 K<\/strong>, proporcionando una iluminaci\u00f3n n\u00edtida y clara en cualquier situaci\u00f3n. La potente linterna recargable <strong data-start=\"757\" data-end=\"780\">3 Bater\u00eda de 400 mAh<\/strong> se recarga f\u00e1cilmente mediante el <strong data-start=\"816\" data-end=\"841\">el cable USB magn\u00e9tico<\/strong> - de forma r\u00e1pida, segura y sin complicaciones.<\/p>\n<p data-start=\"880\" data-end=\"902\"><strong data-start=\"880\" data-end=\"900\">Especificaciones:<\/strong><\/p>\n<ul data-start=\"903\" data-end=\"1077\">\n<li data-start=\"903\" data-end=\"956\">\n<p data-start=\"905\" data-end=\"956\">Luminosidad real: 1 700 lm (2 300 lm te\u00f3ricos)<\/p>\n<\/li>\n<li data-start=\"957\" data-end=\"1000\">\n<p data-start=\"959\" data-end=\"1000\">Cuatro modos de iluminaci\u00f3n para una m\u00e1xima flexibilidad<\/p>\n<\/li>\n<li data-start=\"1001\" data-end=\"1044\">\n<p data-start=\"1003\" data-end=\"1044\">Robusta, compacta y dise\u00f1ada para uso profesional<\/p>\n<\/li>\n<li data-start=\"1045\" data-end=\"1077\">\n<p data-start=\"1047\" data-end=\"1077\">Carga USB magn\u00e9tica sencilla<\/p>\n<\/li>\n<\/ul>\n<p data-start=\"1079\" data-end=\"1143\"><strong data-start=\"1079\" data-end=\"1141\">LEDWISE LEGEND - cuando necesitas luz fiable, todos los d\u00edas.<\/strong><\/p>","protected":false},"excerpt":{"rendered":"<p>LEDWISE LEGEND \u2013 Kraft i kompakt format Upplev en multistr\u00e5lkastare som kombinerar r\u00e5 styrka med smart design. LEDWISE LEGEND levererar hela 1 700 lumen verklig ljusstyrka \u2013 mer \u00e4n tillr\u00e4ckligt f\u00f6r b\u00e5de professionellt arbete och kr\u00e4vande fritidsaktiviteter. Den robusta och kompakta konstruktionen g\u00f6r den till den perfekta f\u00f6ljeslagaren f\u00f6r dagligt yrkesbruk. Med fyra ljusl\u00e4gen v\u00e4xlar [&hellip;]<\/p>","protected":false},"featured_media":13965,"comment_status":"open","ping_status":"closed","template":"","meta":{"_acf_changed":false,"_smort_price_nok":"892","_smort_price_dkk":"872","_smort_price_eur":"116.81","_smort_sale_price_nok":"892","_smort_sale_price_dkk":"","_smort_sale_price_eur":"75.91","smort_restorder":"","shipmondo_restorder":"","_kad_blocks_custom_css":"","_kad_blocks_head_custom_js":"","_kad_blocks_body_custom_js":"","_kad_blocks_footer_custom_js":"","smort_custom_pricelist_1":"822.4","smort_custom_pricelist_2":"719.6","smort_custom_pricelist_3":"668.2","smort_custom_pricelist_4":"1028","smort_custom_pricelist_5":"719.6"},"anvandningsomrade":[],"bilmarken":[],"product_brand":[102],"product_cat":[1277],"product_tag":[],"class_list":{"0":"post-13958","1":"product","2":"type-product","3":"status-publish","4":"has-post-thumbnail","6":"product_brand-ledwise","7":"product_cat-pannlampor","9":"first","10":"onbackorder","11":"sale","12":"taxable","13":"shipping-taxable","14":"purchasable","15":"product-type-simple"},"bundled_by":[],"bundle_stock_status":"onbackorder","bundle_stock_quantity":0,"bundle_virtual":false,"bundle_layout":"","bundle_add_to_cart_form_location":"","bundle_editable_in_cart":false,"bundle_sold_individually_context":"","bundle_item_grouping":"","bundle_min_size":"","bundle_max_size":"","bundle_price":[],"bundled_items":[],"bundle_sell_ids":[],"acf":[],"yoast_head":"<!-- This site is optimized with the Yoast SEO plugin v27.0 - https:\/\/yoast.com\/product\/yoast-seo-wordpress\/ -->\n<title>Ledwise Legend Ficklampa Kall-vit - Xenonkungen<\/title>\n<meta name=\"robots\" content=\"index, follow, max-snippet:-1, max-image-preview:large, max-video-preview:-1\" \/>\n<link rel=\"canonical\" href=\"https:\/\/xenonkungen.com\/es\/producto\/linterna-ledwise-legend-luz-blanca-fria\/\" \/>\n<meta property=\"og:locale\" content=\"es_ES\" \/>\n<meta property=\"og:type\" content=\"article\" \/>\n<meta property=\"og:title\" content=\"Ledwise Legend Ficklampa Kall-vit - Xenonkungen\" \/>\n<meta property=\"og:description\" content=\"LEDWISE LEGEND \u2013 Kraft i kompakt format Upplev en multistr\u00e5lkastare som kombinerar r\u00e5 styrka med smart design. LEDWISE LEGEND levererar hela 1 700 lumen verklig ljusstyrka \u2013 mer \u00e4n tillr\u00e4ckligt f\u00f6r b\u00e5de professionellt arbete och kr\u00e4vande fritidsaktiviteter. Den robusta och kompakta konstruktionen g\u00f6r den till den perfekta f\u00f6ljeslagaren f\u00f6r dagligt yrkesbruk. Med fyra ljusl\u00e4gen v\u00e4xlar [&hellip;]\" \/>\n<meta property=\"og:url\" content=\"https:\/\/xenonkungen.com\/es\/producto\/linterna-ledwise-legend-luz-blanca-fria\/\" \/>\n<meta property=\"og:site_name\" content=\"Xenonkungen\" \/>\n<meta property=\"article:modified_time\" content=\"2026-05-08T12:24:59+00:00\" \/>\n<meta property=\"og:image\" content=\"https:\/\/xenonkungen.com\/wp-content\/uploads\/2025\/09\/1700-AT781-2.jpg\" \/>\n\t<meta property=\"og:image:width\" content=\"476\" \/>\n\t<meta property=\"og:image:height\" content=\"476\" \/>\n\t<meta property=\"og:image:type\" content=\"image\/jpeg\" \/>\n<meta name=\"twitter:card\" content=\"summary_large_image\" \/>\n<meta name=\"twitter:label1\" content=\"Tiempo de lectura\" \/>\n\t<meta name=\"twitter:data1\" content=\"1 minuto\" \/>\n<script type=\"application\/ld+json\" class=\"yoast-schema-graph\">{\"@context\":\"https:\/\/schema.org\",\"@graph\":[{\"@type\":\"WebPage\",\"@id\":\"https:\/\/xenonkungen.com\/de\/produkt\/ledwise-legend-taschenlampe-kaltweis\/\",\"url\":\"https:\/\/xenonkungen.com\/de\/produkt\/ledwise-legend-taschenlampe-kaltweis\/\",\"name\":\"Ledwise Legend Ficklampa Kall-vit - Xenonkungen\",\"isPartOf\":{\"@id\":\"https:\/\/xenonkungen.com\/#website\"},\"primaryImageOfPage\":{\"@id\":\"https:\/\/xenonkungen.com\/de\/produkt\/ledwise-legend-taschenlampe-kaltweis\/#primaryimage\"},\"image\":{\"@id\":\"https:\/\/xenonkungen.com\/de\/produkt\/ledwise-legend-taschenlampe-kaltweis\/#primaryimage\"},\"thumbnailUrl\":\"https:\/\/xenonkungen.com\/wp-content\/uploads\/2025\/09\/1700-AT781-2.jpg\",\"datePublished\":\"2025-09-18T12:21:03+00:00\",\"dateModified\":\"2026-05-08T12:24:59+00:00\",\"breadcrumb\":{\"@id\":\"https:\/\/xenonkungen.com\/de\/produkt\/ledwise-legend-taschenlampe-kaltweis\/#breadcrumb\"},\"inLanguage\":\"es\",\"potentialAction\":[{\"@type\":\"ReadAction\",\"target\":[\"https:\/\/xenonkungen.com\/de\/produkt\/ledwise-legend-taschenlampe-kaltweis\/\"]}]},{\"@type\":\"ImageObject\",\"inLanguage\":\"es\",\"@id\":\"https:\/\/xenonkungen.com\/de\/produkt\/ledwise-legend-taschenlampe-kaltweis\/#primaryimage\",\"url\":\"https:\/\/xenonkungen.com\/wp-content\/uploads\/2025\/09\/1700-AT781-2.jpg\",\"contentUrl\":\"https:\/\/xenonkungen.com\/wp-content\/uploads\/2025\/09\/1700-AT781-2.jpg\",\"width\":476,\"height\":476},{\"@type\":\"BreadcrumbList\",\"@id\":\"https:\/\/xenonkungen.com\/de\/produkt\/ledwise-legend-taschenlampe-kaltweis\/#breadcrumb\",\"itemListElement\":[{\"@type\":\"ListItem\",\"position\":1,\"name\":\"Hem\",\"item\":\"https:\/\/xenonkungen.com\/\"},{\"@type\":\"ListItem\",\"position\":2,\"name\":\"Shop\",\"item\":\"https:\/\/xenonkungen.com\/shop\/\"},{\"@type\":\"ListItem\",\"position\":3,\"name\":\"Ledwise Legend Ficklampa Kall-vit\"}]},{\"@type\":\"WebSite\",\"@id\":\"https:\/\/xenonkungen.com\/#website\",\"url\":\"https:\/\/xenonkungen.com\/\",\"name\":\"Xenonkungen\",\"description\":\"\",\"potentialAction\":[{\"@type\":\"SearchAction\",\"target\":{\"@type\":\"EntryPoint\",\"urlTemplate\":\"https:\/\/xenonkungen.com\/?s={search_term_string}\"},\"query-input\":{\"@type\":\"PropertyValueSpecification\",\"valueRequired\":true,\"valueName\":\"search_term_string\"}}],\"inLanguage\":\"es\"}]}<\/script>\n<!-- \/ Yoast SEO plugin. -->","yoast_head_json":{"title":"Linterna Ledwise Legend, luz blanca fr\u00eda - Xen\u00f3n","robots":{"index":"index","follow":"follow","max-snippet":"max-snippet:-1","max-image-preview":"max-image-preview:large","max-video-preview":"max-video-preview:-1"},"canonical":"https:\/\/xenonkungen.com\/es\/producto\/linterna-ledwise-legend-luz-blanca-fria\/","og_locale":"es_ES","og_type":"article","og_title":"Ledwise Legend Ficklampa Kall-vit - Xenonkungen","og_description":"LEDWISE LEGEND \u2013 Kraft i kompakt format Upplev en multistr\u00e5lkastare som kombinerar r\u00e5 styrka med smart design. LEDWISE LEGEND levererar hela 1 700 lumen verklig ljusstyrka \u2013 mer \u00e4n tillr\u00e4ckligt f\u00f6r b\u00e5de professionellt arbete och kr\u00e4vande fritidsaktiviteter. Den robusta och kompakta konstruktionen g\u00f6r den till den perfekta f\u00f6ljeslagaren f\u00f6r dagligt yrkesbruk. Med fyra ljusl\u00e4gen v\u00e4xlar [&hellip;]","og_url":"https:\/\/xenonkungen.com\/es\/producto\/linterna-ledwise-legend-luz-blanca-fria\/","og_site_name":"Xenonkungen","article_modified_time":"2026-05-08T12:24:59+00:00","og_image":[{"width":476,"height":476,"url":"https:\/\/xenonkungen.com\/wp-content\/uploads\/2025\/09\/1700-AT781-2.jpg","type":"image\/jpeg"}],"twitter_card":"summary_large_image","twitter_misc":{"Tiempo de lectura":"1 minuto"},"schema":{"@context":"https:\/\/schema.org","@graph":[{"@type":"WebPage","@id":"https:\/\/xenonkungen.com\/de\/produkt\/ledwise-legend-taschenlampe-kaltweis\/","url":"https:\/\/xenonkungen.com\/de\/produkt\/ledwise-legend-taschenlampe-kaltweis\/","name":"Linterna Ledwise Legend, luz blanca fr\u00eda - Xen\u00f3n","isPartOf":{"@id":"https:\/\/xenonkungen.com\/#website"},"primaryImageOfPage":{"@id":"https:\/\/xenonkungen.com\/de\/produkt\/ledwise-legend-taschenlampe-kaltweis\/#primaryimage"},"image":{"@id":"https:\/\/xenonkungen.com\/de\/produkt\/ledwise-legend-taschenlampe-kaltweis\/#primaryimage"},"thumbnailUrl":"https:\/\/xenonkungen.com\/wp-content\/uploads\/2025\/09\/1700-AT781-2.jpg","datePublished":"2025-09-18T12:21:03+00:00","dateModified":"2026-05-08T12:24:59+00:00","breadcrumb":{"@id":"https:\/\/xenonkungen.com\/de\/produkt\/ledwise-legend-taschenlampe-kaltweis\/#breadcrumb"},"inLanguage":"es","potentialAction":[{"@type":"ReadAction","target":["https:\/\/xenonkungen.com\/de\/produkt\/ledwise-legend-taschenlampe-kaltweis\/"]}]},{"@type":"ImageObject","inLanguage":"es","@id":"https:\/\/xenonkungen.com\/de\/produkt\/ledwise-legend-taschenlampe-kaltweis\/#primaryimage","url":"https:\/\/xenonkungen.com\/wp-content\/uploads\/2025\/09\/1700-AT781-2.jpg","contentUrl":"https:\/\/xenonkungen.com\/wp-content\/uploads\/2025\/09\/1700-AT781-2.jpg","width":476,"height":476},{"@type":"BreadcrumbList","@id":"https:\/\/xenonkungen.com\/de\/produkt\/ledwise-legend-taschenlampe-kaltweis\/#breadcrumb","itemListElement":[{"@type":"ListItem","position":1,"name":"Hem","item":"https:\/\/xenonkungen.com\/"},{"@type":"ListItem","position":2,"name":"Shop","item":"https:\/\/xenonkungen.com\/shop\/"},{"@type":"ListItem","position":3,"name":"Ledwise Legend Ficklampa Kall-vit"}]},{"@type":"WebSite","@id":"https:\/\/xenonkungen.com\/#website","url":"https:\/\/xenonkungen.com\/","name":"Xenonkungen","description":"","potentialAction":[{"@type":"SearchAction","target":{"@type":"EntryPoint","urlTemplate":"https:\/\/xenonkungen.com\/?s={search_term_string}"},"query-input":{"@type":"PropertyValueSpecification","valueRequired":true,"valueName":"search_term_string"}}],"inLanguage":"es"}]}},"taxonomy_info":{"product_brand":[{"value":102,"label":"LEDWISE"}],"product_cat":[{"value":1277,"label":"Pannlampor"}]},"featured_image_src_large":["https:\/\/xenonkungen.com\/wp-content\/uploads\/2025\/09\/1700-AT781-2.jpg",476,476,false],"author_info":[],"comment_info":0,"_links":{"self":[{"href":"https:\/\/xenonkungen.com\/es\/wp-json\/wp\/v2\/product\/13958","targetHints":{"allow":["GET"]}}],"collection":[{"href":"https:\/\/xenonkungen.com\/es\/wp-json\/wp\/v2\/product"}],"about":[{"href":"https:\/\/xenonkungen.com\/es\/wp-json\/wp\/v2\/types\/product"}],"replies":[{"embeddable":true,"href":"https:\/\/xenonkungen.com\/es\/wp-json\/wp\/v2\/comments?post=13958"}],"wp:featuredmedia":[{"embeddable":true,"href":"https:\/\/xenonkungen.com\/es\/wp-json\/wp\/v2\/media\/13965"}],"wp:attachment":[{"href":"https:\/\/xenonkungen.com\/es\/wp-json\/wp\/v2\/media?parent=13958"}],"wp:term":[{"taxonomy":"anvandningsomrade","embeddable":true,"href":"https:\/\/xenonkungen.com\/es\/wp-json\/wp\/v2\/anvandningsomrade?post=13958"},{"taxonomy":"bilmarken","embeddable":true,"href":"https:\/\/xenonkungen.com\/es\/wp-json\/wp\/v2\/bilmarken?post=13958"},{"taxonomy":"product_brand","embeddable":true,"href":"https:\/\/xenonkungen.com\/es\/wp-json\/wp\/v2\/product_brand?post=13958"},{"taxonomy":"product_cat","embeddable":true,"href":"https:\/\/xenonkungen.com\/es\/wp-json\/wp\/v2\/product_cat?post=13958"},{"taxonomy":"product_tag","embeddable":true,"href":"https:\/\/xenonkungen.com\/es\/wp-json\/wp\/v2\/product_tag?post=13958"}],"curies":[{"name":"wp","href":"https:\/\/api.w.org\/{rel}","templated":true}]}}