{"id":14149,"date":"2025-09-22T14:09:53","date_gmt":"2025-09-22T14:09:53","guid":{"rendered":"https:\/\/xenonkungen.com\/?post_type=product&#038;p=14149"},"modified":"2026-04-11T01:23:09","modified_gmt":"2026-04-11T00:23:09","slug":"led-de-conduccion-hlt-brillante-h1-24-v","status":"publish","type":"product","link":"https:\/\/xenonkungen.com\/es\/producto\/led-de-conduccion-hlt-brillante-h1-24-v\/","title":{"rendered":"LEDriving HLT BRIGHT H1 - 24V"},"content":{"rendered":"<p data-start=\"87\" data-end=\"149\"><strong data-start=\"87\" data-end=\"147\">Bombilla de repuesto LED H1 de 24 V \u2013 OSRAM LEDriving HLT BRIGHT<\/strong><\/p>\n<p data-start=\"151\" data-end=\"415\">Actualice su veh\u00edculo con las modernas bombillas LED H1 de OSRAM.<br data-start=\"211\" data-end=\"214\" \/>LEDriving HLT BRIGHT proporciona una luz potente e intensa con una temperatura de color de hasta 6.000 K. El resultado es una luz blanca que se asemeja a la luz del d\u00eda y proporciona una mejor visibilidad y un aspecto m\u00e1s moderno.<\/p>\n<p data-start=\"417\" data-end=\"433\"><strong data-start=\"417\" data-end=\"431\">Caracter\u00edsticas<\/strong><\/p>\n<ul data-start=\"434\" data-end=\"702\">\n<li data-start=\"434\" data-end=\"481\">\n<p data-start=\"436\" data-end=\"481\">Flujo luminoso muy alto para una visibilidad \u00f3ptima<\/p>\n<\/li>\n<li data-start=\"482\" data-end=\"552\">\n<p data-start=\"484\" data-end=\"552\">Compatible con sistemas de 24 V, ideal para camiones y otros veh\u00edculos.<\/p>\n<\/li>\n<li data-start=\"553\" data-end=\"610\">\n<p data-start=\"555\" data-end=\"610\">F\u00e1cil instalaci\u00f3n y sustituci\u00f3n de bombillas H1 existentes<\/p>\n<\/li>\n<li data-start=\"611\" data-end=\"670\">\n<p data-start=\"613\" data-end=\"670\">Alta compatibilidad y sin interferencias con se\u00f1ales de radio.<\/p>\n<\/li>\n<li data-start=\"671\" data-end=\"702\">\n<p data-start=\"673\" data-end=\"702\">Garant\u00eda de cuatro a\u00f1os de OSRAM<\/p>\n<\/li>\n<\/ul>\n<p data-start=\"704\" data-end=\"903\">Tenga en cuenta que estas luces LED no cuentan con la homologaci\u00f3n ECE y, por lo tanto, no pueden utilizarse en la v\u00eda p\u00fablica en aplicaciones exteriores. Est\u00e1n dise\u00f1adas para uso todoterreno, rally y otras aplicaciones especiales.<\/p>\n<p data-start=\"905\" data-end=\"1026\">Modernice su veh\u00edculo con OSRAM LEDriving HLT BRIGHT: luz brillante, larga duraci\u00f3n y calidad superior.<\/p>","protected":false},"excerpt":{"rendered":"<p>H1 LED-ers\u00e4ttningslampa 24V \u2013 OSRAM LEDriving HLT BRIGHT Uppgradera ditt fordon med moderna H1 LED-lampor fr\u00e5n OSRAM.LEDriving HLT BRIGHT ger ett kraftfullt och intensivt ljus med en f\u00e4rgtemperatur p\u00e5 upp till 6 000 K. Resultatet blir ett vitt ljus som liknar dagsljus och ger b\u00e5de b\u00e4ttre sikt och en modernare look. Egenskaper Mycket h\u00f6gt ljusfl\u00f6de [&hellip;]<\/p>","protected":false},"featured_media":14152,"comment_status":"open","ping_status":"closed","template":"","meta":{"_acf_changed":false,"_smort_price_nok":"1276","_smort_price_dkk":"811","_smort_price_eur":"108.63","_smort_sale_price_nok":"","_smort_sale_price_dkk":"","_smort_sale_price_eur":"","smort_restorder":"","shipmondo_restorder":"","_kad_blocks_custom_css":"","_kad_blocks_head_custom_js":"","_kad_blocks_body_custom_js":"","_kad_blocks_footer_custom_js":"","smort_custom_pricelist_1":"764.8","smort_custom_pricelist_2":"669.2","smort_custom_pricelist_3":"621.4","smort_custom_pricelist_4":"956","smort_custom_pricelist_5":"669.2"},"anvandningsomrade":[166],"bilmarken":[],"product_brand":[108],"product_cat":[2451,2633,16,733],"product_tag":[],"class_list":{"0":"post-14149","1":"product","2":"type-product","3":"status-publish","4":"has-post-thumbnail","6":"anvandningsomrade-lastbil","7":"product_brand-osram","8":"product_cat-led-konvertering","9":"product_cat-osram-ledriving-halvljus-helljus","10":"product_cat-uncategorized","11":"product_cat-halvljus-helljus","12":"pa_faktisk-effekts-forbrukning-519","13":"pa_fargtemperatur-6000k","14":"pa_lampsockel-kontakt-h1","15":"pa_lampsockel-kontakt-p14-5s","16":"pa_volt-v-160","18":"first","19":"onbackorder","20":"taxable","21":"shipping-taxable","22":"purchasable","23":"product-type-simple"},"bundled_by":[],"bundle_stock_status":"onbackorder","bundle_stock_quantity":0,"bundle_virtual":false,"bundle_layout":"","bundle_add_to_cart_form_location":"","bundle_editable_in_cart":false,"bundle_sold_individually_context":"","bundle_item_grouping":"","bundle_min_size":"","bundle_max_size":"","bundle_price":[],"bundled_items":[],"bundle_sell_ids":[],"acf":[],"yoast_head":"<!-- This site is optimized with the Yoast SEO plugin v27.0 - https:\/\/yoast.com\/product\/yoast-seo-wordpress\/ -->\n<title>LEDriving HLT BRIGHT H1 - 24V - Xenonkungen<\/title>\n<meta name=\"robots\" content=\"index, follow, max-snippet:-1, max-image-preview:large, max-video-preview:-1\" \/>\n<link rel=\"canonical\" href=\"https:\/\/xenonkungen.com\/es\/producto\/led-de-conduccion-hlt-brillante-h1-24-v\/\" \/>\n<meta property=\"og:locale\" content=\"es_ES\" \/>\n<meta property=\"og:type\" content=\"article\" \/>\n<meta property=\"og:title\" content=\"LEDriving HLT BRIGHT H1 - 24V - Xenonkungen\" \/>\n<meta property=\"og:description\" content=\"H1 LED-ers\u00e4ttningslampa 24V \u2013 OSRAM LEDriving HLT BRIGHT Uppgradera ditt fordon med moderna H1 LED-lampor fr\u00e5n OSRAM.LEDriving HLT BRIGHT ger ett kraftfullt och intensivt ljus med en f\u00e4rgtemperatur p\u00e5 upp till 6 000 K. Resultatet blir ett vitt ljus som liknar dagsljus och ger b\u00e5de b\u00e4ttre sikt och en modernare look. Egenskaper Mycket h\u00f6gt ljusfl\u00f6de [&hellip;]\" \/>\n<meta property=\"og:url\" content=\"https:\/\/xenonkungen.com\/es\/producto\/led-de-conduccion-hlt-brillante-h1-24-v\/\" \/>\n<meta property=\"og:site_name\" content=\"Xenonkungen\" \/>\n<meta property=\"article:modified_time\" content=\"2026-04-11T00:23:09+00:00\" \/>\n<meta property=\"og:image\" content=\"https:\/\/xenonkungen.com\/wp-content\/uploads\/2025\/09\/Small-for-web-and-ppt-PI_031_ARF-2023-01053_LEDriving-HLT-BRIGHT-H1-64155DWBRT-2HFB_2x_02.jpg\" \/>\n\t<meta property=\"og:image:width\" content=\"1024\" \/>\n\t<meta property=\"og:image:height\" content=\"1024\" \/>\n\t<meta property=\"og:image:type\" content=\"image\/jpeg\" \/>\n<meta name=\"twitter:card\" content=\"summary_large_image\" \/>\n<meta name=\"twitter:label1\" content=\"Tiempo de lectura\" \/>\n\t<meta name=\"twitter:data1\" content=\"1 minuto\" \/>\n<script type=\"application\/ld+json\" class=\"yoast-schema-graph\">{\"@context\":\"https:\/\/schema.org\",\"@graph\":[{\"@type\":\"WebPage\",\"@id\":\"https:\/\/xenonkungen.com\/produkt\/ledriving-hlt-bright-h1-24v\/\",\"url\":\"https:\/\/xenonkungen.com\/produkt\/ledriving-hlt-bright-h1-24v\/\",\"name\":\"LEDriving HLT BRIGHT H1 - 24V - Xenonkungen\",\"isPartOf\":{\"@id\":\"https:\/\/xenonkungen.com\/#website\"},\"primaryImageOfPage\":{\"@id\":\"https:\/\/xenonkungen.com\/produkt\/ledriving-hlt-bright-h1-24v\/#primaryimage\"},\"image\":{\"@id\":\"https:\/\/xenonkungen.com\/produkt\/ledriving-hlt-bright-h1-24v\/#primaryimage\"},\"thumbnailUrl\":\"https:\/\/xenonkungen.com\/wp-content\/uploads\/2025\/09\/Small-for-web-and-ppt-PI_031_ARF-2023-01053_LEDriving-HLT-BRIGHT-H1-64155DWBRT-2HFB_2x_02.jpg\",\"datePublished\":\"2025-09-22T14:09:53+00:00\",\"dateModified\":\"2026-04-11T00:23:09+00:00\",\"breadcrumb\":{\"@id\":\"https:\/\/xenonkungen.com\/produkt\/ledriving-hlt-bright-h1-24v\/#breadcrumb\"},\"inLanguage\":\"es\",\"potentialAction\":[{\"@type\":\"ReadAction\",\"target\":[\"https:\/\/xenonkungen.com\/produkt\/ledriving-hlt-bright-h1-24v\/\"]}]},{\"@type\":\"ImageObject\",\"inLanguage\":\"es\",\"@id\":\"https:\/\/xenonkungen.com\/produkt\/ledriving-hlt-bright-h1-24v\/#primaryimage\",\"url\":\"https:\/\/xenonkungen.com\/wp-content\/uploads\/2025\/09\/Small-for-web-and-ppt-PI_031_ARF-2023-01053_LEDriving-HLT-BRIGHT-H1-64155DWBRT-2HFB_2x_02.jpg\",\"contentUrl\":\"https:\/\/xenonkungen.com\/wp-content\/uploads\/2025\/09\/Small-for-web-and-ppt-PI_031_ARF-2023-01053_LEDriving-HLT-BRIGHT-H1-64155DWBRT-2HFB_2x_02.jpg\",\"width\":1024,\"height\":1024},{\"@type\":\"BreadcrumbList\",\"@id\":\"https:\/\/xenonkungen.com\/produkt\/ledriving-hlt-bright-h1-24v\/#breadcrumb\",\"itemListElement\":[{\"@type\":\"ListItem\",\"position\":1,\"name\":\"Hem\",\"item\":\"https:\/\/xenonkungen.com\/\"},{\"@type\":\"ListItem\",\"position\":2,\"name\":\"Shop\",\"item\":\"https:\/\/xenonkungen.com\/shop\/\"},{\"@type\":\"ListItem\",\"position\":3,\"name\":\"LEDriving HLT BRIGHT H1 &#8211; 24V\"}]},{\"@type\":\"WebSite\",\"@id\":\"https:\/\/xenonkungen.com\/#website\",\"url\":\"https:\/\/xenonkungen.com\/\",\"name\":\"Xenonkungen\",\"description\":\"\",\"potentialAction\":[{\"@type\":\"SearchAction\",\"target\":{\"@type\":\"EntryPoint\",\"urlTemplate\":\"https:\/\/xenonkungen.com\/?s={search_term_string}\"},\"query-input\":{\"@type\":\"PropertyValueSpecification\",\"valueRequired\":true,\"valueName\":\"search_term_string\"}}],\"inLanguage\":\"es\"}]}<\/script>\n<!-- \/ Yoast SEO plugin. -->","yoast_head_json":{"title":"LEDriving HLT BRIGHT H1 - 24V - El rey del xen\u00f3n","robots":{"index":"index","follow":"follow","max-snippet":"max-snippet:-1","max-image-preview":"max-image-preview:large","max-video-preview":"max-video-preview:-1"},"canonical":"https:\/\/xenonkungen.com\/es\/producto\/led-de-conduccion-hlt-brillante-h1-24-v\/","og_locale":"es_ES","og_type":"article","og_title":"LEDriving HLT BRIGHT H1 - 24V - Xenonkungen","og_description":"H1 LED-ers\u00e4ttningslampa 24V \u2013 OSRAM LEDriving HLT BRIGHT Uppgradera ditt fordon med moderna H1 LED-lampor fr\u00e5n OSRAM.LEDriving HLT BRIGHT ger ett kraftfullt och intensivt ljus med en f\u00e4rgtemperatur p\u00e5 upp till 6 000 K. Resultatet blir ett vitt ljus som liknar dagsljus och ger b\u00e5de b\u00e4ttre sikt och en modernare look. Egenskaper Mycket h\u00f6gt ljusfl\u00f6de [&hellip;]","og_url":"https:\/\/xenonkungen.com\/es\/producto\/led-de-conduccion-hlt-brillante-h1-24-v\/","og_site_name":"Xenonkungen","article_modified_time":"2026-04-11T00:23:09+00:00","og_image":[{"width":1024,"height":1024,"url":"https:\/\/xenonkungen.com\/wp-content\/uploads\/2025\/09\/Small-for-web-and-ppt-PI_031_ARF-2023-01053_LEDriving-HLT-BRIGHT-H1-64155DWBRT-2HFB_2x_02.jpg","type":"image\/jpeg"}],"twitter_card":"summary_large_image","twitter_misc":{"Tiempo de lectura":"1 minuto"},"schema":{"@context":"https:\/\/schema.org","@graph":[{"@type":"WebPage","@id":"https:\/\/xenonkungen.com\/produkt\/ledriving-hlt-bright-h1-24v\/","url":"https:\/\/xenonkungen.com\/produkt\/ledriving-hlt-bright-h1-24v\/","name":"LEDriving HLT BRIGHT H1 - 24V - El rey del xen\u00f3n","isPartOf":{"@id":"https:\/\/xenonkungen.com\/#website"},"primaryImageOfPage":{"@id":"https:\/\/xenonkungen.com\/produkt\/ledriving-hlt-bright-h1-24v\/#primaryimage"},"image":{"@id":"https:\/\/xenonkungen.com\/produkt\/ledriving-hlt-bright-h1-24v\/#primaryimage"},"thumbnailUrl":"https:\/\/xenonkungen.com\/wp-content\/uploads\/2025\/09\/Small-for-web-and-ppt-PI_031_ARF-2023-01053_LEDriving-HLT-BRIGHT-H1-64155DWBRT-2HFB_2x_02.jpg","datePublished":"2025-09-22T14:09:53+00:00","dateModified":"2026-04-11T00:23:09+00:00","breadcrumb":{"@id":"https:\/\/xenonkungen.com\/produkt\/ledriving-hlt-bright-h1-24v\/#breadcrumb"},"inLanguage":"es","potentialAction":[{"@type":"ReadAction","target":["https:\/\/xenonkungen.com\/produkt\/ledriving-hlt-bright-h1-24v\/"]}]},{"@type":"ImageObject","inLanguage":"es","@id":"https:\/\/xenonkungen.com\/produkt\/ledriving-hlt-bright-h1-24v\/#primaryimage","url":"https:\/\/xenonkungen.com\/wp-content\/uploads\/2025\/09\/Small-for-web-and-ppt-PI_031_ARF-2023-01053_LEDriving-HLT-BRIGHT-H1-64155DWBRT-2HFB_2x_02.jpg","contentUrl":"https:\/\/xenonkungen.com\/wp-content\/uploads\/2025\/09\/Small-for-web-and-ppt-PI_031_ARF-2023-01053_LEDriving-HLT-BRIGHT-H1-64155DWBRT-2HFB_2x_02.jpg","width":1024,"height":1024},{"@type":"BreadcrumbList","@id":"https:\/\/xenonkungen.com\/produkt\/ledriving-hlt-bright-h1-24v\/#breadcrumb","itemListElement":[{"@type":"ListItem","position":1,"name":"Hem","item":"https:\/\/xenonkungen.com\/"},{"@type":"ListItem","position":2,"name":"Shop","item":"https:\/\/xenonkungen.com\/shop\/"},{"@type":"ListItem","position":3,"name":"LEDriving HLT BRIGHT H1 &#8211; 24V"}]},{"@type":"WebSite","@id":"https:\/\/xenonkungen.com\/#website","url":"https:\/\/xenonkungen.com\/","name":"Xenonkungen","description":"","potentialAction":[{"@type":"SearchAction","target":{"@type":"EntryPoint","urlTemplate":"https:\/\/xenonkungen.com\/?s={search_term_string}"},"query-input":{"@type":"PropertyValueSpecification","valueRequired":true,"valueName":"search_term_string"}}],"inLanguage":"es"}]}},"taxonomy_info":{"anvandningsomrade":[{"value":166,"label":"Lastbil"}],"product_brand":[{"value":108,"label":"OSRAM"}],"product_cat":[{"value":2451,"label":"Led-konvertering"},{"value":2633,"label":"OSRAM Ledriving"},{"value":16,"label":"Uncategorized"},{"value":733,"label":"Halvljus \/ Helljus"}],"pa_faktisk-effekts-forbrukning":[{"value":519,"label":"13"}],"pa_fargtemperatur":[{"value":188,"label":"6000K"}],"pa_lampsockel-kontakt":[{"value":336,"label":"H1"},{"value":2746,"label":"P14.5s"}],"pa_volt-v":[{"value":160,"label":"24"}]},"featured_image_src_large":["https:\/\/xenonkungen.com\/wp-content\/uploads\/2025\/09\/Small-for-web-and-ppt-PI_031_ARF-2023-01053_LEDriving-HLT-BRIGHT-H1-64155DWBRT-2HFB_2x_02.jpg",1024,1024,false],"author_info":[],"comment_info":0,"_links":{"self":[{"href":"https:\/\/xenonkungen.com\/es\/wp-json\/wp\/v2\/product\/14149","targetHints":{"allow":["GET"]}}],"collection":[{"href":"https:\/\/xenonkungen.com\/es\/wp-json\/wp\/v2\/product"}],"about":[{"href":"https:\/\/xenonkungen.com\/es\/wp-json\/wp\/v2\/types\/product"}],"replies":[{"embeddable":true,"href":"https:\/\/xenonkungen.com\/es\/wp-json\/wp\/v2\/comments?post=14149"}],"wp:featuredmedia":[{"embeddable":true,"href":"https:\/\/xenonkungen.com\/es\/wp-json\/wp\/v2\/media\/14152"}],"wp:attachment":[{"href":"https:\/\/xenonkungen.com\/es\/wp-json\/wp\/v2\/media?parent=14149"}],"wp:term":[{"taxonomy":"anvandningsomrade","embeddable":true,"href":"https:\/\/xenonkungen.com\/es\/wp-json\/wp\/v2\/anvandningsomrade?post=14149"},{"taxonomy":"bilmarken","embeddable":true,"href":"https:\/\/xenonkungen.com\/es\/wp-json\/wp\/v2\/bilmarken?post=14149"},{"taxonomy":"product_brand","embeddable":true,"href":"https:\/\/xenonkungen.com\/es\/wp-json\/wp\/v2\/product_brand?post=14149"},{"taxonomy":"product_cat","embeddable":true,"href":"https:\/\/xenonkungen.com\/es\/wp-json\/wp\/v2\/product_cat?post=14149"},{"taxonomy":"product_tag","embeddable":true,"href":"https:\/\/xenonkungen.com\/es\/wp-json\/wp\/v2\/product_tag?post=14149"}],"curies":[{"name":"wp","href":"https:\/\/api.w.org\/{rel}","templated":true}]}}