{"id":1445,"date":"2025-04-15T08:04:00","date_gmt":"2025-04-15T08:04:00","guid":{"rendered":"https:\/\/xenonkungen.com\/product\/flc-decoder-h8\/"},"modified":"2026-04-21T21:19:48","modified_gmt":"2026-04-21T20:19:48","slug":"decodificador-flc-h8","status":"publish","type":"product","link":"https:\/\/xenonkungen.com\/es\/producto\/decodificador-flc-h8\/","title":{"rendered":"Decodificador FLC H8"},"content":{"rendered":"<p>La mejor opci\u00f3n del mercado para solucionar los problemas de funcionamiento de los faros antiniebla LED con pie de l\u00e1mpara <strong>H8<\/strong>, <strong>H9<\/strong> y <strong>H11<\/strong>.<\/p>\n<p>Este es el \"H\u00e9rcules\" de todas las resistencias y rara vez hemos encontrado un caso imposible (vendido por nosotros desde 2008).<br \/>Excepciones conocidas:<br \/><strong>Audi<\/strong> A4 B7 <br \/><strong>Saab 9-3 2007-<\/strong><\/p>\n<p>Otra gran ventaja es que no corres el riesgo de quemar el coche (\u00a1de hecho ha ocurrido!), ya que las resistencias de alta potencia habituales se calientan mucho. El FLC se pone tibia en el mejor.<br \/>FLC = Falso cancelador de carga.<\/p>\n<p><em>Tambi\u00e9n disponible con conexiones de contacto preparadas entre la l\u00e1mpara y el enchufe de alimentaci\u00f3n para portal\u00e1mparas H7, H10, 9005 y 9006.<br \/>V\u00e9ase tambi\u00e9n el art\u00edculo correspondiente.<\/em><\/p>\n<p>-Otros portal\u00e1mparas y aplicaciones pueden utilizar la versi\u00f3n <u>Universal<\/u> y conectarlo en paralelo, por ejemplo, mediante ladrones de corriente en el cable de alimentaci\u00f3n de la l\u00e1mpara.<\/p>\n<p>S\u00f3lo el <strong>12 V CC<\/strong> (9-16V)<br \/>Juego de 2.<\/p>","protected":false},"excerpt":{"rendered":"<p>Marknadens b\u00e4sta alternativ f\u00f6r att l\u00f6sa funktionsproblem med LED dimljuslampor med lampsockel H8, H9 och H11. Detta \u00e4r &#8221;Herkules&#8221; bland alla motst\u00e5nd och vi har s\u00e4llan st\u00f6tt p\u00e5 ett om\u00f6jligt fall (s\u00e5ld av oss sedan 2008).K\u00e4nda undantag:Audi A4 B7 Saab 9-3 2007- En annan stark f\u00f6rdel \u00e4r att du inte riskerar att br\u00e4nna ner bilen [&hellip;]<\/p>","protected":false},"featured_media":1446,"comment_status":"closed","ping_status":"closed","template":"","meta":{"_acf_changed":false,"_smort_price_nok":"262","_smort_price_dkk":"166","_smort_price_eur":"22.27","_smort_sale_price_nok":"","_smort_sale_price_dkk":"","_smort_sale_price_eur":"","smort_restorder":"","shipmondo_restorder":"","_kad_blocks_custom_css":"","_kad_blocks_head_custom_js":"","_kad_blocks_body_custom_js":"","_kad_blocks_footer_custom_js":"","smort_custom_pricelist_1":"156.8","smort_custom_pricelist_2":"137.2","smort_custom_pricelist_3":"130.34","smort_custom_pricelist_4":"196","smort_custom_pricelist_5":"137.2"},"anvandningsomrade":[],"bilmarken":[],"product_brand":[2793],"product_cat":[2487,390],"product_tag":[],"class_list":{"0":"post-1445","1":"product","2":"type-product","3":"status-publish","4":"has-post-thumbnail","6":"product_brand-ovrigt","7":"product_cat-canbus-installation","8":"product_cat-installation","9":"pa_lampsockel-kontakt-h8-h9-h11","10":"pa_volt-v-multivolt-9-12-16","12":"first","13":"instock","14":"taxable","15":"shipping-taxable","16":"purchasable","17":"product-type-simple"},"bundled_by":[],"bundle_stock_status":"instock","bundle_stock_quantity":136,"bundle_virtual":false,"bundle_layout":"","bundle_add_to_cart_form_location":"","bundle_editable_in_cart":false,"bundle_sold_individually_context":"","bundle_item_grouping":"","bundle_min_size":"","bundle_max_size":"","bundle_price":[],"bundled_items":[],"bundle_sell_ids":[],"acf":[],"yoast_head":"<!-- This site is optimized with the Yoast SEO plugin v27.0 - https:\/\/yoast.com\/product\/yoast-seo-wordpress\/ -->\n<title>FLC Decoder H8 - Xenonkungen<\/title>\n<meta name=\"robots\" content=\"index, follow, max-snippet:-1, max-image-preview:large, max-video-preview:-1\" \/>\n<link rel=\"canonical\" href=\"https:\/\/xenonkungen.com\/es\/producto\/decodificador-flc-h8\/\" \/>\n<meta property=\"og:locale\" content=\"es_ES\" \/>\n<meta property=\"og:type\" content=\"article\" \/>\n<meta property=\"og:title\" content=\"FLC Decoder H8 - Xenonkungen\" \/>\n<meta property=\"og:description\" content=\"Marknadens b\u00e4sta alternativ f\u00f6r att l\u00f6sa funktionsproblem med LED dimljuslampor med lampsockel H8, H9 och H11. Detta \u00e4r &#8221;Herkules&#8221; bland alla motst\u00e5nd och vi har s\u00e4llan st\u00f6tt p\u00e5 ett om\u00f6jligt fall (s\u00e5ld av oss sedan 2008).K\u00e4nda undantag:Audi A4 B7 Saab 9-3 2007- En annan stark f\u00f6rdel \u00e4r att du inte riskerar att br\u00e4nna ner bilen [&hellip;]\" \/>\n<meta property=\"og:url\" content=\"https:\/\/xenonkungen.com\/es\/producto\/decodificador-flc-h8\/\" \/>\n<meta property=\"og:site_name\" content=\"Xenonkungen\" \/>\n<meta property=\"article:modified_time\" content=\"2026-04-21T20:19:48+00:00\" \/>\n<meta property=\"og:image\" content=\"https:\/\/xenonkungen.com\/wp-content\/uploads\/2025\/04\/20409349-origpic-59307d.jpg\" \/>\n\t<meta property=\"og:image:width\" content=\"1000\" \/>\n\t<meta property=\"og:image:height\" content=\"1000\" \/>\n\t<meta property=\"og:image:type\" content=\"image\/jpeg\" \/>\n<meta name=\"twitter:card\" content=\"summary_large_image\" \/>\n<meta name=\"twitter:label1\" content=\"Tiempo de lectura\" \/>\n\t<meta name=\"twitter:data1\" content=\"1 minuto\" \/>\n<script type=\"application\/ld+json\" class=\"yoast-schema-graph\">{\"@context\":\"https:\/\/schema.org\",\"@graph\":[{\"@type\":\"WebPage\",\"@id\":\"https:\/\/xenonkungen.com\/produkt\/flc-decoder-h8\/\",\"url\":\"https:\/\/xenonkungen.com\/produkt\/flc-decoder-h8\/\",\"name\":\"FLC Decoder H8 - Xenonkungen\",\"isPartOf\":{\"@id\":\"https:\/\/xenonkungen.com\/#website\"},\"primaryImageOfPage\":{\"@id\":\"https:\/\/xenonkungen.com\/produkt\/flc-decoder-h8\/#primaryimage\"},\"image\":{\"@id\":\"https:\/\/xenonkungen.com\/produkt\/flc-decoder-h8\/#primaryimage\"},\"thumbnailUrl\":\"https:\/\/xenonkungen.com\/wp-content\/uploads\/2025\/04\/20409349-origpic-59307d.jpg\",\"datePublished\":\"2025-04-15T08:04:00+00:00\",\"dateModified\":\"2026-04-21T20:19:48+00:00\",\"breadcrumb\":{\"@id\":\"https:\/\/xenonkungen.com\/produkt\/flc-decoder-h8\/#breadcrumb\"},\"inLanguage\":\"es\",\"potentialAction\":[{\"@type\":\"ReadAction\",\"target\":[\"https:\/\/xenonkungen.com\/produkt\/flc-decoder-h8\/\"]}]},{\"@type\":\"ImageObject\",\"inLanguage\":\"es\",\"@id\":\"https:\/\/xenonkungen.com\/produkt\/flc-decoder-h8\/#primaryimage\",\"url\":\"https:\/\/xenonkungen.com\/wp-content\/uploads\/2025\/04\/20409349-origpic-59307d.jpg\",\"contentUrl\":\"https:\/\/xenonkungen.com\/wp-content\/uploads\/2025\/04\/20409349-origpic-59307d.jpg\",\"width\":1000,\"height\":1000},{\"@type\":\"BreadcrumbList\",\"@id\":\"https:\/\/xenonkungen.com\/produkt\/flc-decoder-h8\/#breadcrumb\",\"itemListElement\":[{\"@type\":\"ListItem\",\"position\":1,\"name\":\"Hem\",\"item\":\"https:\/\/xenonkungen.com\/\"},{\"@type\":\"ListItem\",\"position\":2,\"name\":\"Shop\",\"item\":\"https:\/\/xenonkungen.com\/shop\/\"},{\"@type\":\"ListItem\",\"position\":3,\"name\":\"FLC Decoder H8\"}]},{\"@type\":\"WebSite\",\"@id\":\"https:\/\/xenonkungen.com\/#website\",\"url\":\"https:\/\/xenonkungen.com\/\",\"name\":\"Xenonkungen\",\"description\":\"\",\"potentialAction\":[{\"@type\":\"SearchAction\",\"target\":{\"@type\":\"EntryPoint\",\"urlTemplate\":\"https:\/\/xenonkungen.com\/?s={search_term_string}\"},\"query-input\":{\"@type\":\"PropertyValueSpecification\",\"valueRequired\":true,\"valueName\":\"search_term_string\"}}],\"inLanguage\":\"es\"}]}<\/script>\n<!-- \/ Yoast SEO plugin. -->","yoast_head_json":{"title":"Decodificador FLC H8 - Xenon King","robots":{"index":"index","follow":"follow","max-snippet":"max-snippet:-1","max-image-preview":"max-image-preview:large","max-video-preview":"max-video-preview:-1"},"canonical":"https:\/\/xenonkungen.com\/es\/producto\/decodificador-flc-h8\/","og_locale":"es_ES","og_type":"article","og_title":"FLC Decoder H8 - Xenonkungen","og_description":"Marknadens b\u00e4sta alternativ f\u00f6r att l\u00f6sa funktionsproblem med LED dimljuslampor med lampsockel H8, H9 och H11. Detta \u00e4r &#8221;Herkules&#8221; bland alla motst\u00e5nd och vi har s\u00e4llan st\u00f6tt p\u00e5 ett om\u00f6jligt fall (s\u00e5ld av oss sedan 2008).K\u00e4nda undantag:Audi A4 B7 Saab 9-3 2007- En annan stark f\u00f6rdel \u00e4r att du inte riskerar att br\u00e4nna ner bilen [&hellip;]","og_url":"https:\/\/xenonkungen.com\/es\/producto\/decodificador-flc-h8\/","og_site_name":"Xenonkungen","article_modified_time":"2026-04-21T20:19:48+00:00","og_image":[{"width":1000,"height":1000,"url":"https:\/\/xenonkungen.com\/wp-content\/uploads\/2025\/04\/20409349-origpic-59307d.jpg","type":"image\/jpeg"}],"twitter_card":"summary_large_image","twitter_misc":{"Tiempo de lectura":"1 minuto"},"schema":{"@context":"https:\/\/schema.org","@graph":[{"@type":"WebPage","@id":"https:\/\/xenonkungen.com\/produkt\/flc-decoder-h8\/","url":"https:\/\/xenonkungen.com\/produkt\/flc-decoder-h8\/","name":"Decodificador FLC H8 - Xenon King","isPartOf":{"@id":"https:\/\/xenonkungen.com\/#website"},"primaryImageOfPage":{"@id":"https:\/\/xenonkungen.com\/produkt\/flc-decoder-h8\/#primaryimage"},"image":{"@id":"https:\/\/xenonkungen.com\/produkt\/flc-decoder-h8\/#primaryimage"},"thumbnailUrl":"https:\/\/xenonkungen.com\/wp-content\/uploads\/2025\/04\/20409349-origpic-59307d.jpg","datePublished":"2025-04-15T08:04:00+00:00","dateModified":"2026-04-21T20:19:48+00:00","breadcrumb":{"@id":"https:\/\/xenonkungen.com\/produkt\/flc-decoder-h8\/#breadcrumb"},"inLanguage":"es","potentialAction":[{"@type":"ReadAction","target":["https:\/\/xenonkungen.com\/produkt\/flc-decoder-h8\/"]}]},{"@type":"ImageObject","inLanguage":"es","@id":"https:\/\/xenonkungen.com\/produkt\/flc-decoder-h8\/#primaryimage","url":"https:\/\/xenonkungen.com\/wp-content\/uploads\/2025\/04\/20409349-origpic-59307d.jpg","contentUrl":"https:\/\/xenonkungen.com\/wp-content\/uploads\/2025\/04\/20409349-origpic-59307d.jpg","width":1000,"height":1000},{"@type":"BreadcrumbList","@id":"https:\/\/xenonkungen.com\/produkt\/flc-decoder-h8\/#breadcrumb","itemListElement":[{"@type":"ListItem","position":1,"name":"Hem","item":"https:\/\/xenonkungen.com\/"},{"@type":"ListItem","position":2,"name":"Shop","item":"https:\/\/xenonkungen.com\/shop\/"},{"@type":"ListItem","position":3,"name":"FLC Decoder H8"}]},{"@type":"WebSite","@id":"https:\/\/xenonkungen.com\/#website","url":"https:\/\/xenonkungen.com\/","name":"Xenonkungen","description":"","potentialAction":[{"@type":"SearchAction","target":{"@type":"EntryPoint","urlTemplate":"https:\/\/xenonkungen.com\/?s={search_term_string}"},"query-input":{"@type":"PropertyValueSpecification","valueRequired":true,"valueName":"search_term_string"}}],"inLanguage":"es"}]}},"taxonomy_info":{"product_brand":[{"value":2793,"label":"\u00d6VRIGT"}],"product_cat":[{"value":2487,"label":"Canbus"},{"value":390,"label":"Installation"}],"pa_lampsockel-kontakt":[{"value":479,"label":"H8, H9, H11"}],"pa_volt-v":[{"value":476,"label":"Multivolt, 9, 12, 16"}]},"featured_image_src_large":["https:\/\/xenonkungen.com\/wp-content\/uploads\/2025\/04\/20409349-origpic-59307d.jpg",1000,1000,false],"author_info":[],"comment_info":0,"_links":{"self":[{"href":"https:\/\/xenonkungen.com\/es\/wp-json\/wp\/v2\/product\/1445","targetHints":{"allow":["GET"]}}],"collection":[{"href":"https:\/\/xenonkungen.com\/es\/wp-json\/wp\/v2\/product"}],"about":[{"href":"https:\/\/xenonkungen.com\/es\/wp-json\/wp\/v2\/types\/product"}],"replies":[{"embeddable":true,"href":"https:\/\/xenonkungen.com\/es\/wp-json\/wp\/v2\/comments?post=1445"}],"wp:featuredmedia":[{"embeddable":true,"href":"https:\/\/xenonkungen.com\/es\/wp-json\/wp\/v2\/media\/1446"}],"wp:attachment":[{"href":"https:\/\/xenonkungen.com\/es\/wp-json\/wp\/v2\/media?parent=1445"}],"wp:term":[{"taxonomy":"anvandningsomrade","embeddable":true,"href":"https:\/\/xenonkungen.com\/es\/wp-json\/wp\/v2\/anvandningsomrade?post=1445"},{"taxonomy":"bilmarken","embeddable":true,"href":"https:\/\/xenonkungen.com\/es\/wp-json\/wp\/v2\/bilmarken?post=1445"},{"taxonomy":"product_brand","embeddable":true,"href":"https:\/\/xenonkungen.com\/es\/wp-json\/wp\/v2\/product_brand?post=1445"},{"taxonomy":"product_cat","embeddable":true,"href":"https:\/\/xenonkungen.com\/es\/wp-json\/wp\/v2\/product_cat?post=1445"},{"taxonomy":"product_tag","embeddable":true,"href":"https:\/\/xenonkungen.com\/es\/wp-json\/wp\/v2\/product_tag?post=1445"}],"curies":[{"name":"wp","href":"https:\/\/api.w.org\/{rel}","templated":true}]}}