{"id":1449,"date":"2025-04-15T08:04:00","date_gmt":"2025-04-15T08:04:00","guid":{"rendered":"https:\/\/xenonkungen.com\/product\/flc-decoder-9005-9006-h10\/"},"modified":"2026-04-21T16:02:36","modified_gmt":"2026-04-21T15:02:36","slug":"decodificador-flc-9005-9006-h10","status":"publish","type":"product","link":"https:\/\/xenonkungen.com\/es\/producto\/decodificador-flc-9005-9006-h10\/","title":{"rendered":"Decodificador FLC 9005\/9006\/H10"},"content":{"rendered":"<p>La mejor opci\u00f3n del mercado para solucionar los problemas de funcionamiento de los faros antiniebla LED con pie de l\u00e1mpara <strong>9006<\/strong> (HB4), <strong>9005<\/strong> (HB3) y <strong>H10<\/strong>.<\/p>\n<p>Este es el \"H\u00e9rcules\" de todas las resistencias y nunca hemos encontrado un caso imposible (vendido por nosotros desde 2008). \u00danica excepci\u00f3n: <strong>Saab<\/strong>.<\/p>\n<p>Otra gran ventaja es que no corres el riesgo de quemar el coche (\u00a1de hecho ha ocurrido!), ya que las resistencias de alta potencia habituales se calientan mucho. El FLC se pone tibia en el mejor.<br \/>FLC = Falso cancelador de carga.<\/p>\n<p><em>Tambi\u00e9n disponible con conexiones de contacto prefabricadas entre la l\u00e1mpara y el conector de alimentaci\u00f3n para portal\u00e1mparas H7, H8, H9 y H11.<br \/>V\u00e9ase tambi\u00e9n el art\u00edculo correspondiente.<\/em><\/p>\n<p>-Otros portal\u00e1mparas y aplicaciones pueden utilizar la versi\u00f3n <u>Universal<\/u> y conectarlo en paralelo, por ejemplo, mediante ladrones de corriente en el cable de alimentaci\u00f3n de la l\u00e1mpara.<\/p>\n<p>S\u00f3lo el <strong>12 V CC<\/strong> (9-16V)<br \/>Juego de 2.<\/p>","protected":false},"excerpt":{"rendered":"<p>Marknadens b\u00e4sta alternativ f\u00f6r att l\u00f6sa funktionsproblem med LED dimljuslampor med lampsockel 9006 (HB4), 9005 (HB3) och H10. Detta \u00e4r &#8221;Herkules&#8221; bland alla motst\u00e5nd och vi har aldrig st\u00f6tt p\u00e5 ett om\u00f6jligt fall (s\u00e5ld av oss sedan 2008). Enda undantag: Saab. En annan stark f\u00f6rdel \u00e4r att du inte riskerar att br\u00e4nna ner bilen (har [&hellip;]<\/p>","protected":false},"featured_media":1450,"comment_status":"closed","ping_status":"open","template":"","meta":{"_acf_changed":false,"_smort_price_nok":"262","_smort_price_dkk":"166","_smort_price_eur":"22.27","_smort_sale_price_nok":"","_smort_sale_price_dkk":"","_smort_sale_price_eur":"","smort_restorder":"","shipmondo_restorder":"","_kad_blocks_custom_css":"","_kad_blocks_head_custom_js":"","_kad_blocks_body_custom_js":"","_kad_blocks_footer_custom_js":"","smort_custom_pricelist_1":"156.8","smort_custom_pricelist_2":"137.2","smort_custom_pricelist_3":"130.34","smort_custom_pricelist_4":"196","smort_custom_pricelist_5":"137.2"},"anvandningsomrade":[],"bilmarken":[],"product_brand":[2793],"product_cat":[2487,390],"product_tag":[],"class_list":{"0":"post-1449","1":"product","2":"type-product","3":"status-publish","4":"has-post-thumbnail","6":"product_brand-ovrigt","7":"product_cat-canbus-installation","8":"product_cat-installation","9":"pa_lampsockel-kontakt-9006-hb4-9005-hb3-h10","10":"pa_volt-v-multivolt-9-12-16","12":"first","13":"instock","14":"taxable","15":"shipping-taxable","16":"purchasable","17":"product-type-simple"},"bundled_by":[],"bundle_stock_status":"instock","bundle_stock_quantity":28,"bundle_virtual":false,"bundle_layout":"","bundle_add_to_cart_form_location":"","bundle_editable_in_cart":false,"bundle_sold_individually_context":"","bundle_item_grouping":"","bundle_min_size":"","bundle_max_size":"","bundle_price":[],"bundled_items":[],"bundle_sell_ids":[],"acf":[],"yoast_head":"<!-- This site is optimized with the Yoast SEO plugin v27.0 - https:\/\/yoast.com\/product\/yoast-seo-wordpress\/ -->\n<title>FLC Decoder 9005\/9006\/H10 - Xenonkungen<\/title>\n<meta name=\"robots\" content=\"index, follow, max-snippet:-1, max-image-preview:large, max-video-preview:-1\" \/>\n<link rel=\"canonical\" href=\"https:\/\/xenonkungen.com\/es\/producto\/decodificador-flc-9005-9006-h10\/\" \/>\n<meta property=\"og:locale\" content=\"es_ES\" \/>\n<meta property=\"og:type\" content=\"article\" \/>\n<meta property=\"og:title\" content=\"FLC Decoder 9005\/9006\/H10 - Xenonkungen\" \/>\n<meta property=\"og:description\" content=\"Marknadens b\u00e4sta alternativ f\u00f6r att l\u00f6sa funktionsproblem med LED dimljuslampor med lampsockel 9006 (HB4), 9005 (HB3) och H10. Detta \u00e4r &#8221;Herkules&#8221; bland alla motst\u00e5nd och vi har aldrig st\u00f6tt p\u00e5 ett om\u00f6jligt fall (s\u00e5ld av oss sedan 2008). Enda undantag: Saab. En annan stark f\u00f6rdel \u00e4r att du inte riskerar att br\u00e4nna ner bilen (har [&hellip;]\" \/>\n<meta property=\"og:url\" content=\"https:\/\/xenonkungen.com\/es\/producto\/decodificador-flc-9005-9006-h10\/\" \/>\n<meta property=\"og:site_name\" content=\"Xenonkungen\" \/>\n<meta property=\"article:modified_time\" content=\"2026-04-21T15:02:36+00:00\" \/>\n<meta property=\"og:image\" content=\"https:\/\/xenonkungen.com\/wp-content\/uploads\/2025\/04\/20409329-origpic-ce2f43.jpg\" \/>\n\t<meta property=\"og:image:width\" content=\"1000\" \/>\n\t<meta property=\"og:image:height\" content=\"1000\" \/>\n\t<meta property=\"og:image:type\" content=\"image\/jpeg\" \/>\n<meta name=\"twitter:card\" content=\"summary_large_image\" \/>\n<meta name=\"twitter:label1\" content=\"Tiempo de lectura\" \/>\n\t<meta name=\"twitter:data1\" content=\"1 minuto\" \/>\n<script type=\"application\/ld+json\" class=\"yoast-schema-graph\">{\"@context\":\"https:\/\/schema.org\",\"@graph\":[{\"@type\":\"WebPage\",\"@id\":\"https:\/\/xenonkungen.com\/no\/produkt\/flc-dekoder-9005-9006-h10\/\",\"url\":\"https:\/\/xenonkungen.com\/no\/produkt\/flc-dekoder-9005-9006-h10\/\",\"name\":\"FLC Decoder 9005\/9006\/H10 - Xenonkungen\",\"isPartOf\":{\"@id\":\"https:\/\/xenonkungen.com\/#website\"},\"primaryImageOfPage\":{\"@id\":\"https:\/\/xenonkungen.com\/no\/produkt\/flc-dekoder-9005-9006-h10\/#primaryimage\"},\"image\":{\"@id\":\"https:\/\/xenonkungen.com\/no\/produkt\/flc-dekoder-9005-9006-h10\/#primaryimage\"},\"thumbnailUrl\":\"https:\/\/xenonkungen.com\/wp-content\/uploads\/2025\/04\/20409329-origpic-ce2f43.jpg\",\"datePublished\":\"2025-04-15T08:04:00+00:00\",\"dateModified\":\"2026-04-21T15:02:36+00:00\",\"breadcrumb\":{\"@id\":\"https:\/\/xenonkungen.com\/no\/produkt\/flc-dekoder-9005-9006-h10\/#breadcrumb\"},\"inLanguage\":\"es\",\"potentialAction\":[{\"@type\":\"ReadAction\",\"target\":[\"https:\/\/xenonkungen.com\/no\/produkt\/flc-dekoder-9005-9006-h10\/\"]}]},{\"@type\":\"ImageObject\",\"inLanguage\":\"es\",\"@id\":\"https:\/\/xenonkungen.com\/no\/produkt\/flc-dekoder-9005-9006-h10\/#primaryimage\",\"url\":\"https:\/\/xenonkungen.com\/wp-content\/uploads\/2025\/04\/20409329-origpic-ce2f43.jpg\",\"contentUrl\":\"https:\/\/xenonkungen.com\/wp-content\/uploads\/2025\/04\/20409329-origpic-ce2f43.jpg\",\"width\":1000,\"height\":1000},{\"@type\":\"BreadcrumbList\",\"@id\":\"https:\/\/xenonkungen.com\/no\/produkt\/flc-dekoder-9005-9006-h10\/#breadcrumb\",\"itemListElement\":[{\"@type\":\"ListItem\",\"position\":1,\"name\":\"Hem\",\"item\":\"https:\/\/xenonkungen.com\/\"},{\"@type\":\"ListItem\",\"position\":2,\"name\":\"Shop\",\"item\":\"https:\/\/xenonkungen.com\/shop\/\"},{\"@type\":\"ListItem\",\"position\":3,\"name\":\"FLC Decoder 9005\/9006\/H10\"}]},{\"@type\":\"WebSite\",\"@id\":\"https:\/\/xenonkungen.com\/#website\",\"url\":\"https:\/\/xenonkungen.com\/\",\"name\":\"Xenonkungen\",\"description\":\"\",\"potentialAction\":[{\"@type\":\"SearchAction\",\"target\":{\"@type\":\"EntryPoint\",\"urlTemplate\":\"https:\/\/xenonkungen.com\/?s={search_term_string}\"},\"query-input\":{\"@type\":\"PropertyValueSpecification\",\"valueRequired\":true,\"valueName\":\"search_term_string\"}}],\"inLanguage\":\"es\"}]}<\/script>\n<!-- \/ Yoast SEO plugin. -->","yoast_head_json":{"title":"Decodificador FLC 9005\/9006\/H10 - El rey del xen\u00f3n","robots":{"index":"index","follow":"follow","max-snippet":"max-snippet:-1","max-image-preview":"max-image-preview:large","max-video-preview":"max-video-preview:-1"},"canonical":"https:\/\/xenonkungen.com\/es\/producto\/decodificador-flc-9005-9006-h10\/","og_locale":"es_ES","og_type":"article","og_title":"FLC Decoder 9005\/9006\/H10 - Xenonkungen","og_description":"Marknadens b\u00e4sta alternativ f\u00f6r att l\u00f6sa funktionsproblem med LED dimljuslampor med lampsockel 9006 (HB4), 9005 (HB3) och H10. Detta \u00e4r &#8221;Herkules&#8221; bland alla motst\u00e5nd och vi har aldrig st\u00f6tt p\u00e5 ett om\u00f6jligt fall (s\u00e5ld av oss sedan 2008). Enda undantag: Saab. En annan stark f\u00f6rdel \u00e4r att du inte riskerar att br\u00e4nna ner bilen (har [&hellip;]","og_url":"https:\/\/xenonkungen.com\/es\/producto\/decodificador-flc-9005-9006-h10\/","og_site_name":"Xenonkungen","article_modified_time":"2026-04-21T15:02:36+00:00","og_image":[{"width":1000,"height":1000,"url":"https:\/\/xenonkungen.com\/wp-content\/uploads\/2025\/04\/20409329-origpic-ce2f43.jpg","type":"image\/jpeg"}],"twitter_card":"summary_large_image","twitter_misc":{"Tiempo de lectura":"1 minuto"},"schema":{"@context":"https:\/\/schema.org","@graph":[{"@type":"WebPage","@id":"https:\/\/xenonkungen.com\/no\/produkt\/flc-dekoder-9005-9006-h10\/","url":"https:\/\/xenonkungen.com\/no\/produkt\/flc-dekoder-9005-9006-h10\/","name":"Decodificador FLC 9005\/9006\/H10 - El rey del xen\u00f3n","isPartOf":{"@id":"https:\/\/xenonkungen.com\/#website"},"primaryImageOfPage":{"@id":"https:\/\/xenonkungen.com\/no\/produkt\/flc-dekoder-9005-9006-h10\/#primaryimage"},"image":{"@id":"https:\/\/xenonkungen.com\/no\/produkt\/flc-dekoder-9005-9006-h10\/#primaryimage"},"thumbnailUrl":"https:\/\/xenonkungen.com\/wp-content\/uploads\/2025\/04\/20409329-origpic-ce2f43.jpg","datePublished":"2025-04-15T08:04:00+00:00","dateModified":"2026-04-21T15:02:36+00:00","breadcrumb":{"@id":"https:\/\/xenonkungen.com\/no\/produkt\/flc-dekoder-9005-9006-h10\/#breadcrumb"},"inLanguage":"es","potentialAction":[{"@type":"ReadAction","target":["https:\/\/xenonkungen.com\/no\/produkt\/flc-dekoder-9005-9006-h10\/"]}]},{"@type":"ImageObject","inLanguage":"es","@id":"https:\/\/xenonkungen.com\/no\/produkt\/flc-dekoder-9005-9006-h10\/#primaryimage","url":"https:\/\/xenonkungen.com\/wp-content\/uploads\/2025\/04\/20409329-origpic-ce2f43.jpg","contentUrl":"https:\/\/xenonkungen.com\/wp-content\/uploads\/2025\/04\/20409329-origpic-ce2f43.jpg","width":1000,"height":1000},{"@type":"BreadcrumbList","@id":"https:\/\/xenonkungen.com\/no\/produkt\/flc-dekoder-9005-9006-h10\/#breadcrumb","itemListElement":[{"@type":"ListItem","position":1,"name":"Hem","item":"https:\/\/xenonkungen.com\/"},{"@type":"ListItem","position":2,"name":"Shop","item":"https:\/\/xenonkungen.com\/shop\/"},{"@type":"ListItem","position":3,"name":"FLC Decoder 9005\/9006\/H10"}]},{"@type":"WebSite","@id":"https:\/\/xenonkungen.com\/#website","url":"https:\/\/xenonkungen.com\/","name":"Xenonkungen","description":"","potentialAction":[{"@type":"SearchAction","target":{"@type":"EntryPoint","urlTemplate":"https:\/\/xenonkungen.com\/?s={search_term_string}"},"query-input":{"@type":"PropertyValueSpecification","valueRequired":true,"valueName":"search_term_string"}}],"inLanguage":"es"}]}},"taxonomy_info":{"product_brand":[{"value":2793,"label":"\u00d6VRIGT"}],"product_cat":[{"value":2487,"label":"Canbus"},{"value":390,"label":"Installation"}],"pa_lampsockel-kontakt":[{"value":480,"label":"9006, HB4, 9005, HB3, H10"}],"pa_volt-v":[{"value":476,"label":"Multivolt, 9, 12, 16"}]},"featured_image_src_large":["https:\/\/xenonkungen.com\/wp-content\/uploads\/2025\/04\/20409329-origpic-ce2f43.jpg",1000,1000,false],"author_info":[],"comment_info":0,"_links":{"self":[{"href":"https:\/\/xenonkungen.com\/es\/wp-json\/wp\/v2\/product\/1449","targetHints":{"allow":["GET"]}}],"collection":[{"href":"https:\/\/xenonkungen.com\/es\/wp-json\/wp\/v2\/product"}],"about":[{"href":"https:\/\/xenonkungen.com\/es\/wp-json\/wp\/v2\/types\/product"}],"replies":[{"embeddable":true,"href":"https:\/\/xenonkungen.com\/es\/wp-json\/wp\/v2\/comments?post=1449"}],"wp:featuredmedia":[{"embeddable":true,"href":"https:\/\/xenonkungen.com\/es\/wp-json\/wp\/v2\/media\/1450"}],"wp:attachment":[{"href":"https:\/\/xenonkungen.com\/es\/wp-json\/wp\/v2\/media?parent=1449"}],"wp:term":[{"taxonomy":"anvandningsomrade","embeddable":true,"href":"https:\/\/xenonkungen.com\/es\/wp-json\/wp\/v2\/anvandningsomrade?post=1449"},{"taxonomy":"bilmarken","embeddable":true,"href":"https:\/\/xenonkungen.com\/es\/wp-json\/wp\/v2\/bilmarken?post=1449"},{"taxonomy":"product_brand","embeddable":true,"href":"https:\/\/xenonkungen.com\/es\/wp-json\/wp\/v2\/product_brand?post=1449"},{"taxonomy":"product_cat","embeddable":true,"href":"https:\/\/xenonkungen.com\/es\/wp-json\/wp\/v2\/product_cat?post=1449"},{"taxonomy":"product_tag","embeddable":true,"href":"https:\/\/xenonkungen.com\/es\/wp-json\/wp\/v2\/product_tag?post=1449"}],"curies":[{"name":"wp","href":"https:\/\/api.w.org\/{rel}","templated":true}]}}