{"id":14981,"date":"2025-10-07T12:34:59","date_gmt":"2025-10-07T12:34:59","guid":{"rendered":"https:\/\/xenonkungen.com\/?post_type=product&#038;p=14981"},"modified":"2026-05-12T13:11:58","modified_gmt":"2026-05-12T12:11:58","slug":"juego-de-cables-de-rele-luxtar-dt-6-x-1-12-v-80-a","status":"publish","type":"product","link":"https:\/\/xenonkungen.com\/es\/producto\/juego-de-cables-de-rele-luxtar-dt-6-x-1-12-v-80-a\/","title":{"rendered":"Luxtar Rel\u00e9 Cable Kit DT-6 X1 | 12V | 80A Rel\u00e9"},"content":{"rendered":"<h2>Kit de cable de rel\u00e9 Luxtar DT-6 - Soluci\u00f3n potente y fiable para sus instalaciones el\u00e9ctricas<\/h2>\n<p>Mejore sus instalaciones el\u00e9ctricas de forma segura y fiable con el arn\u00e9s de cableado de rel\u00e9s Luxtar DT-6 X1. Este arn\u00e9s de cableado de alto rendimiento es ideal para cualquier veh\u00edculo que requiera un sistema de rel\u00e9s robusto, especialmente para iluminaci\u00f3n auxiliar, luces de trabajo y otros accesorios el\u00e9ctricos.<\/p>\n<h3>Caracter\u00edsticas principales:<\/h3>\n<ul>\n<li><strong>Potentes rel\u00e9s:<\/strong> Equipado con un rel\u00e9 DT-6 que puede manejar hasta 80 A, proporcionando una alimentaci\u00f3n fiable a sus dispositivos.<\/li>\n<li><strong>Fusibles de alta calidad:<\/strong> Viene con fusibles de 40 A para proteger su equipo y garantizar su durabilidad a largo plazo.<\/li>\n<li><strong>Uso universal:<\/strong>\u00a0Se adapta a la mayor\u00eda de los sistemas de 12 V y es ideal para su uso en coches, camiones, barcos y veh\u00edculos todoterreno.<\/li>\n<li><strong>F\u00e1cil instalaci\u00f3n:<\/strong>\u00a0Se suministra con un juego de cables completo para una instalaci\u00f3n sin problemas.<\/li>\n<\/ul>\n<p>El kit de cable de rel\u00e9 Luxtar es una soluci\u00f3n profesional que combina potencia y seguridad, lo que lo convierte en la elecci\u00f3n obvia para todos sus proyectos el\u00e9ctricos de 12 V.<\/p>\n<p><strong>Pida hoy mismo su Luxtar Relay Cable Kit DT-6 y experimente la diferencia en rendimiento.<\/strong><\/p>\n<h2>El contenido del producto:<\/h2>\n<ul>\n<li>1 conector DT de 6 pines con contactos<\/li>\n<li>1 rel\u00e9 de 80 A, 12 V<\/li>\n<li>Potencia m\u00e1xima 500 W<\/li>\n<li>Cable de salida al enchufe - 2 metros<\/li>\n<li>Cable de tierra negro - 0,5 metros<\/li>\n<li>Cable de tierra negro 2 - 1 metro<\/li>\n<li>Cable de alimentaci\u00f3n rojo con portafusibles de 40 A - 1,1 metros<\/li>\n<li>Cable de alimentaci\u00f3n de control azul - 1 metro<\/li>\n<li>Cable de posicionamiento blanco - 1 metro<\/li>\n<li>Cable de posicionamiento amarillo - 1 metro<\/li>\n<li>Azul Opci\u00f3n A - 1 metro<\/li>\n<li>Verde Opci\u00f3n B - 1 metro<\/li>\n<\/ul>\n<p>Opci\u00f3n A: Modo E, Calefacci\u00f3n, Iluminaci\u00f3n, CAN-Hi<br \/>\nOpci\u00f3n B: ACC- Corriente controlada por el encendido, Boost, Heat, Sync, CAN-Low<\/p>","protected":false},"excerpt":{"rendered":"<p>Luxtar Rel\u00e4kabelsats DT-6 \u2013 Kraftfull och p\u00e5litlig l\u00f6sning f\u00f6r dina elinstallationer Ge dina elektriska installationer en s\u00e4ker och p\u00e5litlig uppgradering med Luxtar Rel\u00e4kabelsats DT-6 X1. Denna h\u00f6gpresterande kabelsats \u00e4r idealisk f\u00f6r alla fordon som kr\u00e4ver ett robust rel\u00e4system, s\u00e4rskilt f\u00f6r extra belysning, arbetsljus, och andra elektriska tillbeh\u00f6r. Nyckelfunktioner: Kraftfulla rel\u00e4er: Utrustad med ett DT-6 rel\u00e4er [&hellip;]<\/p>","protected":false},"featured_media":14984,"comment_status":"open","ping_status":"closed","template":"","meta":{"_acf_changed":false,"_smort_price_nok":"636","_smort_price_dkk":"404","_smort_price_eur":"54.09","_smort_sale_price_nok":"","_smort_sale_price_dkk":"","_smort_sale_price_eur":"","smort_restorder":"","shipmondo_restorder":"","_kad_blocks_custom_css":"","_kad_blocks_head_custom_js":"","_kad_blocks_body_custom_js":"","_kad_blocks_footer_custom_js":"","smort_custom_pricelist_1":"380.8","smort_custom_pricelist_2":"333.2","smort_custom_pricelist_3":"309.4","smort_custom_pricelist_4":"476","smort_custom_pricelist_5":"333.2"},"anvandningsomrade":[],"bilmarken":[],"product_brand":[103],"product_cat":[2841,2828,2795,2826,2796,2491,2574,2489,2490,390],"product_tag":[],"class_list":{"0":"post-14981","1":"product","2":"type-product","3":"status-publish","4":"has-post-thumbnail","6":"product_brand-luxtar","7":"product_cat-installation-extraljus","8":"product_cat-installation-led-ramper","9":"product_cat-kablar-rela","10":"product_cat-luxtar","11":"product_cat-relakabelsatser","12":"product_cat-relasats","13":"product_cat-relasats-xbb-installation","14":"product_cat-relasats-extraljus","15":"product_cat-relasats-2","16":"product_cat-installation","17":"pa_lampsockel-kontakt-dt-6","18":"pa_volt-v-159","20":"first","21":"instock","22":"taxable","23":"shipping-taxable","24":"purchasable","25":"product-type-simple"},"bundled_by":["25285"],"bundle_stock_status":"instock","bundle_stock_quantity":86,"bundle_virtual":false,"bundle_layout":"","bundle_add_to_cart_form_location":"","bundle_editable_in_cart":false,"bundle_sold_individually_context":"","bundle_item_grouping":"","bundle_min_size":"","bundle_max_size":"","bundle_price":[],"bundled_items":[],"bundle_sell_ids":[],"acf":[],"yoast_head":"<!-- This site is optimized with the Yoast SEO plugin v27.0 - https:\/\/yoast.com\/product\/yoast-seo-wordpress\/ -->\n<title>Luxtar Rel\u00e4kabelsats DT-6 X1 | 12V | 80A Rel\u00e4 - Xenonkungen<\/title>\n<meta name=\"robots\" content=\"index, follow, max-snippet:-1, max-image-preview:large, max-video-preview:-1\" \/>\n<link rel=\"canonical\" href=\"https:\/\/xenonkungen.com\/es\/producto\/juego-de-cables-de-rele-luxtar-dt-6-x-1-12-v-80-a\/\" \/>\n<meta property=\"og:locale\" content=\"es_ES\" \/>\n<meta property=\"og:type\" content=\"article\" \/>\n<meta property=\"og:title\" content=\"Luxtar Rel\u00e4kabelsats DT-6 X1 | 12V | 80A Rel\u00e4 - Xenonkungen\" \/>\n<meta property=\"og:description\" content=\"Luxtar Rel\u00e4kabelsats DT-6 \u2013 Kraftfull och p\u00e5litlig l\u00f6sning f\u00f6r dina elinstallationer Ge dina elektriska installationer en s\u00e4ker och p\u00e5litlig uppgradering med Luxtar Rel\u00e4kabelsats DT-6 X1. Denna h\u00f6gpresterande kabelsats \u00e4r idealisk f\u00f6r alla fordon som kr\u00e4ver ett robust rel\u00e4system, s\u00e4rskilt f\u00f6r extra belysning, arbetsljus, och andra elektriska tillbeh\u00f6r. Nyckelfunktioner: Kraftfulla rel\u00e4er: Utrustad med ett DT-6 rel\u00e4er [&hellip;]\" \/>\n<meta property=\"og:url\" content=\"https:\/\/xenonkungen.com\/es\/producto\/juego-de-cables-de-rele-luxtar-dt-6-x-1-12-v-80-a\/\" \/>\n<meta property=\"og:site_name\" content=\"Xenonkungen\" \/>\n<meta property=\"article:modified_time\" content=\"2026-05-12T12:11:58+00:00\" \/>\n<meta property=\"og:image\" content=\"https:\/\/xenonkungen.com\/wp-content\/uploads\/2025\/10\/RELAKABELSATS-LUXTAR-DT-6x1st-Kabel-12V-80A-ArtNr-103210-SCF9356-V2-2000px-PNNG-1024x827.png\" \/>\n\t<meta property=\"og:image:width\" content=\"1024\" \/>\n\t<meta property=\"og:image:height\" content=\"827\" \/>\n\t<meta property=\"og:image:type\" content=\"image\/png\" \/>\n<meta name=\"twitter:card\" content=\"summary_large_image\" \/>\n<meta name=\"twitter:label1\" content=\"Tiempo de lectura\" \/>\n\t<meta name=\"twitter:data1\" content=\"2 minutos\" \/>\n<script type=\"application\/ld+json\" class=\"yoast-schema-graph\">{\"@context\":\"https:\/\/schema.org\",\"@graph\":[{\"@type\":\"WebPage\",\"@id\":\"https:\/\/xenonkungen.com\/produkt\/luxtar-relakabelsats-dt-6-x1-12v-80a-rela\/\",\"url\":\"https:\/\/xenonkungen.com\/produkt\/luxtar-relakabelsats-dt-6-x1-12v-80a-rela\/\",\"name\":\"Luxtar Rel\u00e4kabelsats DT-6 X1 | 12V | 80A Rel\u00e4 - Xenonkungen\",\"isPartOf\":{\"@id\":\"https:\/\/xenonkungen.com\/#website\"},\"primaryImageOfPage\":{\"@id\":\"https:\/\/xenonkungen.com\/produkt\/luxtar-relakabelsats-dt-6-x1-12v-80a-rela\/#primaryimage\"},\"image\":{\"@id\":\"https:\/\/xenonkungen.com\/produkt\/luxtar-relakabelsats-dt-6-x1-12v-80a-rela\/#primaryimage\"},\"thumbnailUrl\":\"https:\/\/xenonkungen.com\/wp-content\/uploads\/2025\/10\/RELAKABELSATS-LUXTAR-DT-6x1st-Kabel-12V-80A-ArtNr-103210-SCF9356-V2-2000px-PNNG.png\",\"datePublished\":\"2025-10-07T12:34:59+00:00\",\"dateModified\":\"2026-05-12T12:11:58+00:00\",\"breadcrumb\":{\"@id\":\"https:\/\/xenonkungen.com\/produkt\/luxtar-relakabelsats-dt-6-x1-12v-80a-rela\/#breadcrumb\"},\"inLanguage\":\"es\",\"potentialAction\":[{\"@type\":\"ReadAction\",\"target\":[\"https:\/\/xenonkungen.com\/produkt\/luxtar-relakabelsats-dt-6-x1-12v-80a-rela\/\"]}]},{\"@type\":\"ImageObject\",\"inLanguage\":\"es\",\"@id\":\"https:\/\/xenonkungen.com\/produkt\/luxtar-relakabelsats-dt-6-x1-12v-80a-rela\/#primaryimage\",\"url\":\"https:\/\/xenonkungen.com\/wp-content\/uploads\/2025\/10\/RELAKABELSATS-LUXTAR-DT-6x1st-Kabel-12V-80A-ArtNr-103210-SCF9356-V2-2000px-PNNG.png\",\"contentUrl\":\"https:\/\/xenonkungen.com\/wp-content\/uploads\/2025\/10\/RELAKABELSATS-LUXTAR-DT-6x1st-Kabel-12V-80A-ArtNr-103210-SCF9356-V2-2000px-PNNG.png\",\"width\":2200,\"height\":1777},{\"@type\":\"BreadcrumbList\",\"@id\":\"https:\/\/xenonkungen.com\/produkt\/luxtar-relakabelsats-dt-6-x1-12v-80a-rela\/#breadcrumb\",\"itemListElement\":[{\"@type\":\"ListItem\",\"position\":1,\"name\":\"Hem\",\"item\":\"https:\/\/xenonkungen.com\/\"},{\"@type\":\"ListItem\",\"position\":2,\"name\":\"Shop\",\"item\":\"https:\/\/xenonkungen.com\/shop\/\"},{\"@type\":\"ListItem\",\"position\":3,\"name\":\"Luxtar Rel\u00e4kabelsats DT-6 X1 | 12V | 80A Rel\u00e4\"}]},{\"@type\":\"WebSite\",\"@id\":\"https:\/\/xenonkungen.com\/#website\",\"url\":\"https:\/\/xenonkungen.com\/\",\"name\":\"Xenonkungen\",\"description\":\"\",\"potentialAction\":[{\"@type\":\"SearchAction\",\"target\":{\"@type\":\"EntryPoint\",\"urlTemplate\":\"https:\/\/xenonkungen.com\/?s={search_term_string}\"},\"query-input\":{\"@type\":\"PropertyValueSpecification\",\"valueRequired\":true,\"valueName\":\"search_term_string\"}}],\"inLanguage\":\"es\"}]}<\/script>\n<!-- \/ Yoast SEO plugin. -->","yoast_head_json":{"title":"Juego de cables de rel\u00e9 Luxtar DT-6 X1 | Rel\u00e9 de 12 V y 80 A - Xen\u00f3n","robots":{"index":"index","follow":"follow","max-snippet":"max-snippet:-1","max-image-preview":"max-image-preview:large","max-video-preview":"max-video-preview:-1"},"canonical":"https:\/\/xenonkungen.com\/es\/producto\/juego-de-cables-de-rele-luxtar-dt-6-x-1-12-v-80-a\/","og_locale":"es_ES","og_type":"article","og_title":"Luxtar Rel\u00e4kabelsats DT-6 X1 | 12V | 80A Rel\u00e4 - Xenonkungen","og_description":"Luxtar Rel\u00e4kabelsats DT-6 \u2013 Kraftfull och p\u00e5litlig l\u00f6sning f\u00f6r dina elinstallationer Ge dina elektriska installationer en s\u00e4ker och p\u00e5litlig uppgradering med Luxtar Rel\u00e4kabelsats DT-6 X1. Denna h\u00f6gpresterande kabelsats \u00e4r idealisk f\u00f6r alla fordon som kr\u00e4ver ett robust rel\u00e4system, s\u00e4rskilt f\u00f6r extra belysning, arbetsljus, och andra elektriska tillbeh\u00f6r. Nyckelfunktioner: Kraftfulla rel\u00e4er: Utrustad med ett DT-6 rel\u00e4er [&hellip;]","og_url":"https:\/\/xenonkungen.com\/es\/producto\/juego-de-cables-de-rele-luxtar-dt-6-x-1-12-v-80-a\/","og_site_name":"Xenonkungen","article_modified_time":"2026-05-12T12:11:58+00:00","og_image":[{"width":1024,"height":827,"url":"https:\/\/xenonkungen.com\/wp-content\/uploads\/2025\/10\/RELAKABELSATS-LUXTAR-DT-6x1st-Kabel-12V-80A-ArtNr-103210-SCF9356-V2-2000px-PNNG-1024x827.png","type":"image\/png"}],"twitter_card":"summary_large_image","twitter_misc":{"Tiempo de lectura":"2 minutos"},"schema":{"@context":"https:\/\/schema.org","@graph":[{"@type":"WebPage","@id":"https:\/\/xenonkungen.com\/produkt\/luxtar-relakabelsats-dt-6-x1-12v-80a-rela\/","url":"https:\/\/xenonkungen.com\/produkt\/luxtar-relakabelsats-dt-6-x1-12v-80a-rela\/","name":"Juego de cables de rel\u00e9 Luxtar DT-6 X1 | Rel\u00e9 de 12 V y 80 A - Xen\u00f3n","isPartOf":{"@id":"https:\/\/xenonkungen.com\/#website"},"primaryImageOfPage":{"@id":"https:\/\/xenonkungen.com\/produkt\/luxtar-relakabelsats-dt-6-x1-12v-80a-rela\/#primaryimage"},"image":{"@id":"https:\/\/xenonkungen.com\/produkt\/luxtar-relakabelsats-dt-6-x1-12v-80a-rela\/#primaryimage"},"thumbnailUrl":"https:\/\/xenonkungen.com\/wp-content\/uploads\/2025\/10\/RELAKABELSATS-LUXTAR-DT-6x1st-Kabel-12V-80A-ArtNr-103210-SCF9356-V2-2000px-PNNG.png","datePublished":"2025-10-07T12:34:59+00:00","dateModified":"2026-05-12T12:11:58+00:00","breadcrumb":{"@id":"https:\/\/xenonkungen.com\/produkt\/luxtar-relakabelsats-dt-6-x1-12v-80a-rela\/#breadcrumb"},"inLanguage":"es","potentialAction":[{"@type":"ReadAction","target":["https:\/\/xenonkungen.com\/produkt\/luxtar-relakabelsats-dt-6-x1-12v-80a-rela\/"]}]},{"@type":"ImageObject","inLanguage":"es","@id":"https:\/\/xenonkungen.com\/produkt\/luxtar-relakabelsats-dt-6-x1-12v-80a-rela\/#primaryimage","url":"https:\/\/xenonkungen.com\/wp-content\/uploads\/2025\/10\/RELAKABELSATS-LUXTAR-DT-6x1st-Kabel-12V-80A-ArtNr-103210-SCF9356-V2-2000px-PNNG.png","contentUrl":"https:\/\/xenonkungen.com\/wp-content\/uploads\/2025\/10\/RELAKABELSATS-LUXTAR-DT-6x1st-Kabel-12V-80A-ArtNr-103210-SCF9356-V2-2000px-PNNG.png","width":2200,"height":1777},{"@type":"BreadcrumbList","@id":"https:\/\/xenonkungen.com\/produkt\/luxtar-relakabelsats-dt-6-x1-12v-80a-rela\/#breadcrumb","itemListElement":[{"@type":"ListItem","position":1,"name":"Hem","item":"https:\/\/xenonkungen.com\/"},{"@type":"ListItem","position":2,"name":"Shop","item":"https:\/\/xenonkungen.com\/shop\/"},{"@type":"ListItem","position":3,"name":"Luxtar Rel\u00e4kabelsats DT-6 X1 | 12V | 80A Rel\u00e4"}]},{"@type":"WebSite","@id":"https:\/\/xenonkungen.com\/#website","url":"https:\/\/xenonkungen.com\/","name":"Xenonkungen","description":"","potentialAction":[{"@type":"SearchAction","target":{"@type":"EntryPoint","urlTemplate":"https:\/\/xenonkungen.com\/?s={search_term_string}"},"query-input":{"@type":"PropertyValueSpecification","valueRequired":true,"valueName":"search_term_string"}}],"inLanguage":"es"}]}},"taxonomy_info":{"product_brand":[{"value":103,"label":"LUXTAR"}],"product_cat":[{"value":2841,"label":"Installation extraljus"},{"value":2828,"label":"Installation LED-ramper"},{"value":2795,"label":"Kablar och Rel\u00e4"},{"value":2826,"label":"LUXTAR"},{"value":2796,"label":"Rel\u00e4kabelsatser"},{"value":2491,"label":"Rel\u00e4sats"},{"value":2574,"label":"Rel\u00e4sats"},{"value":2489,"label":"Rel\u00e4satser"},{"value":2490,"label":"Rel\u00e4satser"},{"value":390,"label":"Installation"}],"pa_lampsockel-kontakt":[{"value":1001,"label":"DT-6"}],"pa_volt-v":[{"value":159,"label":"12"}]},"featured_image_src_large":["https:\/\/xenonkungen.com\/wp-content\/uploads\/2025\/10\/RELAKABELSATS-LUXTAR-DT-6x1st-Kabel-12V-80A-ArtNr-103210-SCF9356-V2-2000px-PNNG-1024x827.png",1024,827,true],"author_info":[],"comment_info":0,"_links":{"self":[{"href":"https:\/\/xenonkungen.com\/es\/wp-json\/wp\/v2\/product\/14981","targetHints":{"allow":["GET"]}}],"collection":[{"href":"https:\/\/xenonkungen.com\/es\/wp-json\/wp\/v2\/product"}],"about":[{"href":"https:\/\/xenonkungen.com\/es\/wp-json\/wp\/v2\/types\/product"}],"replies":[{"embeddable":true,"href":"https:\/\/xenonkungen.com\/es\/wp-json\/wp\/v2\/comments?post=14981"}],"wp:featuredmedia":[{"embeddable":true,"href":"https:\/\/xenonkungen.com\/es\/wp-json\/wp\/v2\/media\/14984"}],"wp:attachment":[{"href":"https:\/\/xenonkungen.com\/es\/wp-json\/wp\/v2\/media?parent=14981"}],"wp:term":[{"taxonomy":"anvandningsomrade","embeddable":true,"href":"https:\/\/xenonkungen.com\/es\/wp-json\/wp\/v2\/anvandningsomrade?post=14981"},{"taxonomy":"bilmarken","embeddable":true,"href":"https:\/\/xenonkungen.com\/es\/wp-json\/wp\/v2\/bilmarken?post=14981"},{"taxonomy":"product_brand","embeddable":true,"href":"https:\/\/xenonkungen.com\/es\/wp-json\/wp\/v2\/product_brand?post=14981"},{"taxonomy":"product_cat","embeddable":true,"href":"https:\/\/xenonkungen.com\/es\/wp-json\/wp\/v2\/product_cat?post=14981"},{"taxonomy":"product_tag","embeddable":true,"href":"https:\/\/xenonkungen.com\/es\/wp-json\/wp\/v2\/product_tag?post=14981"}],"curies":[{"name":"wp","href":"https:\/\/api.w.org\/{rel}","templated":true}]}}