{"id":15143,"date":"2025-10-08T13:16:06","date_gmt":"2025-10-08T13:16:06","guid":{"rendered":"https:\/\/xenonkungen.com\/?post_type=product&#038;p=15143"},"modified":"2025-12-10T14:53:26","modified_gmt":"2025-12-10T13:53:26","slug":"osram-original-festoon-6438-blister","status":"publish","type":"product","link":"https:\/\/xenonkungen.com\/es\/producto\/osram-original-festoon-6438-blister\/","title":{"rendered":"OSRAM FESTOON ORIGINAL 6438 (BLISTER)"},"content":{"rendered":"<h3 data-start=\"184\" data-end=\"250\"><strong data-start=\"188\" data-end=\"248\">OSRAM ORIGINAL - L\u00e1mparas de bobina fiables en calidad original<\/strong><\/h3>\n<p data-start=\"252\" data-end=\"548\">Garantice la luz adecuada y la durabilidad con <strong data-start=\"297\" data-end=\"326\">L\u00e1mparas de bobina OSRAM ORIGINAL<\/strong> - las rentables piezas de recambio originales con <strong data-start=\"376\" data-end=\"397\">aut\u00e9ntica calidad OEM<\/strong>. Ideales como l\u00e1mparas de repuesto para una amplia gama de aplicaciones, incluyendo <strong data-start=\"472\" data-end=\"546\">luces de matr\u00edcula, luces de posici\u00f3n, luces interiores y luces de lectura.<\/strong><\/p>\n<p data-start=\"550\" data-end=\"742\">Con un <strong data-start=\"557\" data-end=\"584\">luminosidad de 120 l\u00famenes<\/strong> y un <strong data-start=\"592\" data-end=\"610\">potencia de 10 W<\/strong> ancho <strong data-start=\"615\" data-end=\"638\">Tensi\u00f3n de prueba de 13,5 V<\/strong> suministra l\u00e1mparas de bobina OSRAM ORIGINAL <strong data-start=\"675\" data-end=\"704\">iluminaci\u00f3n estable y uniforme<\/strong> en la que puede confiar, d\u00eda tras d\u00eda.<\/p>\n<p data-start=\"744\" data-end=\"865\">Una elecci\u00f3n inteligente para quienes desean <strong data-start=\"778\" data-end=\"837\">rendimiento original, alta fiabilidad y larga vida \u00fatil<\/strong> a un precio favorable.<\/p>\n<p data-start=\"867\" data-end=\"882\"><strong data-start=\"867\" data-end=\"880\">Ventajas:<\/strong><\/p>\n<ul data-start=\"883\" data-end=\"1101\">\n<li data-start=\"883\" data-end=\"921\">\n<p data-start=\"885\" data-end=\"921\">Calidad original directamente de OSRAM<\/p>\n<\/li>\n<li data-start=\"922\" data-end=\"982\">\n<p data-start=\"924\" data-end=\"982\">Adecuado para varios tipos de iluminaci\u00f3n, tanto interior como exterior<\/p>\n<\/li>\n<li data-start=\"983\" data-end=\"1017\">\n<p data-start=\"985\" data-end=\"1017\">Brillo estable de 120 l\u00famenes<\/p>\n<\/li>\n<li data-start=\"1018\" data-end=\"1057\">\n<p data-start=\"1020\" data-end=\"1057\">Potencia: 10 W | Tensi\u00f3n de prueba: 13,5 V<\/p>\n<\/li>\n<li data-start=\"1058\" data-end=\"1101\">\n<p data-start=\"1060\" data-end=\"1101\">Recambio rentable y fiable<\/p>\n<\/li>\n<\/ul>\n<p data-start=\"1103\" data-end=\"1185\"><strong data-start=\"1103\" data-end=\"1185\">OSRAM ORIGINAL - cuando desea una calidad que dure tanto como la original.<\/strong><\/p>","protected":false},"excerpt":{"rendered":"<p>OSRAM ORIGINAL \u2013 P\u00e5litliga spollampor i originalkvalitet S\u00e4kerst\u00e4ll r\u00e4tt ljus och l\u00e5ng h\u00e5llbarhet med OSRAM ORIGINAL spollampor \u2013 de kostnadseffektiva originalreservdelarna med \u00e4kta OEM-kvalitet. Perfekta som ers\u00e4ttningslampor f\u00f6r en rad olika applikationer, inklusive nummerskyltsbelysning, positionsljus, interi\u00f6rbelysning och l\u00e4slampor. Med en ljusstyrka p\u00e5 120 lumen och en effekt p\u00e5 10 W vid 13,5 V testsp\u00e4nning levererar [&hellip;]<\/p>","protected":false},"featured_media":15146,"comment_status":"open","ping_status":"closed","template":"","meta":{"_acf_changed":false,"_smort_price_nok":"27","_smort_price_dkk":"17","_smort_price_eur":"2.27","_smort_sale_price_nok":"","_smort_sale_price_dkk":"","_smort_sale_price_eur":"","smort_restorder":"","shipmondo_restorder":"","_kad_blocks_custom_css":"","_kad_blocks_head_custom_js":"","_kad_blocks_body_custom_js":"","_kad_blocks_footer_custom_js":"","smort_custom_pricelist_1":"16","smort_custom_pricelist_2":"14","smort_custom_pricelist_3":"13","smort_custom_pricelist_4":"20","smort_custom_pricelist_5":"14"},"anvandningsomrade":[],"bilmarken":[],"product_brand":[108],"product_cat":[2543,844,733],"product_tag":[],"class_list":{"0":"post-15143","1":"product","2":"type-product","3":"status-publish","4":"has-post-thumbnail","6":"product_brand-osram","7":"product_cat-halogen-halvljus-helljus","8":"product_cat-halogen","9":"product_cat-halvljus-helljus","10":"pa_lampsockel-kontakt-c5w","11":"pa_lampsockel-kontakt-sv8-5-8","12":"pa_volt-v-159","14":"first","15":"instock","16":"taxable","17":"shipping-taxable","18":"purchasable","19":"product-type-simple"},"bundled_by":[],"bundle_stock_status":"instock","bundle_stock_quantity":25,"bundle_virtual":false,"bundle_layout":"","bundle_add_to_cart_form_location":"","bundle_editable_in_cart":false,"bundle_sold_individually_context":"","bundle_item_grouping":"","bundle_min_size":"","bundle_max_size":"","bundle_price":[],"bundled_items":[],"bundle_sell_ids":[],"acf":[],"yoast_head":"<!-- This site is optimized with the Yoast SEO plugin v27.0 - https:\/\/yoast.com\/product\/yoast-seo-wordpress\/ -->\n<title>OSRAM ORIGINAL FESTOON 6438 (BLISTER) - Xenonkungen<\/title>\n<meta name=\"robots\" content=\"index, follow, max-snippet:-1, max-image-preview:large, max-video-preview:-1\" \/>\n<link rel=\"canonical\" href=\"https:\/\/xenonkungen.com\/es\/producto\/osram-original-festoon-6438-blister\/\" \/>\n<meta property=\"og:locale\" content=\"es_ES\" \/>\n<meta property=\"og:type\" content=\"article\" \/>\n<meta property=\"og:title\" content=\"OSRAM ORIGINAL FESTOON 6438 (BLISTER) - Xenonkungen\" \/>\n<meta property=\"og:description\" content=\"OSRAM ORIGINAL \u2013 P\u00e5litliga spollampor i originalkvalitet S\u00e4kerst\u00e4ll r\u00e4tt ljus och l\u00e5ng h\u00e5llbarhet med OSRAM ORIGINAL spollampor \u2013 de kostnadseffektiva originalreservdelarna med \u00e4kta OEM-kvalitet. Perfekta som ers\u00e4ttningslampor f\u00f6r en rad olika applikationer, inklusive nummerskyltsbelysning, positionsljus, interi\u00f6rbelysning och l\u00e4slampor. Med en ljusstyrka p\u00e5 120 lumen och en effekt p\u00e5 10 W vid 13,5 V testsp\u00e4nning levererar [&hellip;]\" \/>\n<meta property=\"og:url\" content=\"https:\/\/xenonkungen.com\/es\/producto\/osram-original-festoon-6438-blister\/\" \/>\n<meta property=\"og:site_name\" content=\"Xenonkungen\" \/>\n<meta property=\"article:modified_time\" content=\"2025-12-10T13:53:26+00:00\" \/>\n<meta property=\"og:image\" content=\"https:\/\/xenonkungen.com\/wp-content\/uploads\/2025\/10\/Small-for-web-and-ppt-724689_ORIGINAL-6438.jpg\" \/>\n\t<meta property=\"og:image:width\" content=\"1024\" \/>\n\t<meta property=\"og:image:height\" content=\"1024\" \/>\n\t<meta property=\"og:image:type\" content=\"image\/jpeg\" \/>\n<meta name=\"twitter:card\" content=\"summary_large_image\" \/>\n<meta name=\"twitter:label1\" content=\"Tiempo de lectura\" \/>\n\t<meta name=\"twitter:data1\" content=\"1 minuto\" \/>\n<script type=\"application\/ld+json\" class=\"yoast-schema-graph\">{\"@context\":\"https:\/\/schema.org\",\"@graph\":[{\"@type\":\"WebPage\",\"@id\":\"https:\/\/xenonkungen.com\/produkt\/osram-original-festoon-6438-blister\/\",\"url\":\"https:\/\/xenonkungen.com\/produkt\/osram-original-festoon-6438-blister\/\",\"name\":\"OSRAM ORIGINAL FESTOON 6438 (BLISTER) - Xenonkungen\",\"isPartOf\":{\"@id\":\"https:\/\/xenonkungen.com\/#website\"},\"primaryImageOfPage\":{\"@id\":\"https:\/\/xenonkungen.com\/produkt\/osram-original-festoon-6438-blister\/#primaryimage\"},\"image\":{\"@id\":\"https:\/\/xenonkungen.com\/produkt\/osram-original-festoon-6438-blister\/#primaryimage\"},\"thumbnailUrl\":\"https:\/\/xenonkungen.com\/wp-content\/uploads\/2025\/10\/Small-for-web-and-ppt-724689_ORIGINAL-6438.jpg\",\"datePublished\":\"2025-10-08T13:16:06+00:00\",\"dateModified\":\"2025-12-10T13:53:26+00:00\",\"breadcrumb\":{\"@id\":\"https:\/\/xenonkungen.com\/produkt\/osram-original-festoon-6438-blister\/#breadcrumb\"},\"inLanguage\":\"es\",\"potentialAction\":[{\"@type\":\"ReadAction\",\"target\":[\"https:\/\/xenonkungen.com\/produkt\/osram-original-festoon-6438-blister\/\"]}]},{\"@type\":\"ImageObject\",\"inLanguage\":\"es\",\"@id\":\"https:\/\/xenonkungen.com\/produkt\/osram-original-festoon-6438-blister\/#primaryimage\",\"url\":\"https:\/\/xenonkungen.com\/wp-content\/uploads\/2025\/10\/Small-for-web-and-ppt-724689_ORIGINAL-6438.jpg\",\"contentUrl\":\"https:\/\/xenonkungen.com\/wp-content\/uploads\/2025\/10\/Small-for-web-and-ppt-724689_ORIGINAL-6438.jpg\",\"width\":1024,\"height\":1024},{\"@type\":\"BreadcrumbList\",\"@id\":\"https:\/\/xenonkungen.com\/produkt\/osram-original-festoon-6438-blister\/#breadcrumb\",\"itemListElement\":[{\"@type\":\"ListItem\",\"position\":1,\"name\":\"Hem\",\"item\":\"https:\/\/xenonkungen.com\/\"},{\"@type\":\"ListItem\",\"position\":2,\"name\":\"Shop\",\"item\":\"https:\/\/xenonkungen.com\/shop\/\"},{\"@type\":\"ListItem\",\"position\":3,\"name\":\"OSRAM ORIGINAL FESTOON 6438 (BLISTER)\"}]},{\"@type\":\"WebSite\",\"@id\":\"https:\/\/xenonkungen.com\/#website\",\"url\":\"https:\/\/xenonkungen.com\/\",\"name\":\"Xenonkungen\",\"description\":\"\",\"potentialAction\":[{\"@type\":\"SearchAction\",\"target\":{\"@type\":\"EntryPoint\",\"urlTemplate\":\"https:\/\/xenonkungen.com\/?s={search_term_string}\"},\"query-input\":{\"@type\":\"PropertyValueSpecification\",\"valueRequired\":true,\"valueName\":\"search_term_string\"}}],\"inLanguage\":\"es\"}]}<\/script>\n<!-- \/ Yoast SEO plugin. -->","yoast_head_json":{"title":"OSRAM ORIGINAL FESTOON 6438 (BLISTER) - El rey del xen\u00f3n","robots":{"index":"index","follow":"follow","max-snippet":"max-snippet:-1","max-image-preview":"max-image-preview:large","max-video-preview":"max-video-preview:-1"},"canonical":"https:\/\/xenonkungen.com\/es\/producto\/osram-original-festoon-6438-blister\/","og_locale":"es_ES","og_type":"article","og_title":"OSRAM ORIGINAL FESTOON 6438 (BLISTER) - Xenonkungen","og_description":"OSRAM ORIGINAL \u2013 P\u00e5litliga spollampor i originalkvalitet S\u00e4kerst\u00e4ll r\u00e4tt ljus och l\u00e5ng h\u00e5llbarhet med OSRAM ORIGINAL spollampor \u2013 de kostnadseffektiva originalreservdelarna med \u00e4kta OEM-kvalitet. Perfekta som ers\u00e4ttningslampor f\u00f6r en rad olika applikationer, inklusive nummerskyltsbelysning, positionsljus, interi\u00f6rbelysning och l\u00e4slampor. Med en ljusstyrka p\u00e5 120 lumen och en effekt p\u00e5 10 W vid 13,5 V testsp\u00e4nning levererar [&hellip;]","og_url":"https:\/\/xenonkungen.com\/es\/producto\/osram-original-festoon-6438-blister\/","og_site_name":"Xenonkungen","article_modified_time":"2025-12-10T13:53:26+00:00","og_image":[{"width":1024,"height":1024,"url":"https:\/\/xenonkungen.com\/wp-content\/uploads\/2025\/10\/Small-for-web-and-ppt-724689_ORIGINAL-6438.jpg","type":"image\/jpeg"}],"twitter_card":"summary_large_image","twitter_misc":{"Tiempo de lectura":"1 minuto"},"schema":{"@context":"https:\/\/schema.org","@graph":[{"@type":"WebPage","@id":"https:\/\/xenonkungen.com\/produkt\/osram-original-festoon-6438-blister\/","url":"https:\/\/xenonkungen.com\/produkt\/osram-original-festoon-6438-blister\/","name":"OSRAM ORIGINAL FESTOON 6438 (BLISTER) - El rey del xen\u00f3n","isPartOf":{"@id":"https:\/\/xenonkungen.com\/#website"},"primaryImageOfPage":{"@id":"https:\/\/xenonkungen.com\/produkt\/osram-original-festoon-6438-blister\/#primaryimage"},"image":{"@id":"https:\/\/xenonkungen.com\/produkt\/osram-original-festoon-6438-blister\/#primaryimage"},"thumbnailUrl":"https:\/\/xenonkungen.com\/wp-content\/uploads\/2025\/10\/Small-for-web-and-ppt-724689_ORIGINAL-6438.jpg","datePublished":"2025-10-08T13:16:06+00:00","dateModified":"2025-12-10T13:53:26+00:00","breadcrumb":{"@id":"https:\/\/xenonkungen.com\/produkt\/osram-original-festoon-6438-blister\/#breadcrumb"},"inLanguage":"es","potentialAction":[{"@type":"ReadAction","target":["https:\/\/xenonkungen.com\/produkt\/osram-original-festoon-6438-blister\/"]}]},{"@type":"ImageObject","inLanguage":"es","@id":"https:\/\/xenonkungen.com\/produkt\/osram-original-festoon-6438-blister\/#primaryimage","url":"https:\/\/xenonkungen.com\/wp-content\/uploads\/2025\/10\/Small-for-web-and-ppt-724689_ORIGINAL-6438.jpg","contentUrl":"https:\/\/xenonkungen.com\/wp-content\/uploads\/2025\/10\/Small-for-web-and-ppt-724689_ORIGINAL-6438.jpg","width":1024,"height":1024},{"@type":"BreadcrumbList","@id":"https:\/\/xenonkungen.com\/produkt\/osram-original-festoon-6438-blister\/#breadcrumb","itemListElement":[{"@type":"ListItem","position":1,"name":"Hem","item":"https:\/\/xenonkungen.com\/"},{"@type":"ListItem","position":2,"name":"Shop","item":"https:\/\/xenonkungen.com\/shop\/"},{"@type":"ListItem","position":3,"name":"OSRAM ORIGINAL FESTOON 6438 (BLISTER)"}]},{"@type":"WebSite","@id":"https:\/\/xenonkungen.com\/#website","url":"https:\/\/xenonkungen.com\/","name":"Xenonkungen","description":"","potentialAction":[{"@type":"SearchAction","target":{"@type":"EntryPoint","urlTemplate":"https:\/\/xenonkungen.com\/?s={search_term_string}"},"query-input":{"@type":"PropertyValueSpecification","valueRequired":true,"valueName":"search_term_string"}}],"inLanguage":"es"}]}},"taxonomy_info":{"product_brand":[{"value":108,"label":"OSRAM"}],"product_cat":[{"value":2543,"label":"Halogen"},{"value":844,"label":"Halogen"},{"value":733,"label":"Halvljus \/ Helljus"}],"pa_lampsockel-kontakt":[{"value":380,"label":"C5W"},{"value":2747,"label":"SV8.5-8"}],"pa_volt-v":[{"value":159,"label":"12"}]},"featured_image_src_large":["https:\/\/xenonkungen.com\/wp-content\/uploads\/2025\/10\/Small-for-web-and-ppt-724689_ORIGINAL-6438.jpg",1024,1024,false],"author_info":[],"comment_info":0,"_links":{"self":[{"href":"https:\/\/xenonkungen.com\/es\/wp-json\/wp\/v2\/product\/15143","targetHints":{"allow":["GET"]}}],"collection":[{"href":"https:\/\/xenonkungen.com\/es\/wp-json\/wp\/v2\/product"}],"about":[{"href":"https:\/\/xenonkungen.com\/es\/wp-json\/wp\/v2\/types\/product"}],"replies":[{"embeddable":true,"href":"https:\/\/xenonkungen.com\/es\/wp-json\/wp\/v2\/comments?post=15143"}],"wp:featuredmedia":[{"embeddable":true,"href":"https:\/\/xenonkungen.com\/es\/wp-json\/wp\/v2\/media\/15146"}],"wp:attachment":[{"href":"https:\/\/xenonkungen.com\/es\/wp-json\/wp\/v2\/media?parent=15143"}],"wp:term":[{"taxonomy":"anvandningsomrade","embeddable":true,"href":"https:\/\/xenonkungen.com\/es\/wp-json\/wp\/v2\/anvandningsomrade?post=15143"},{"taxonomy":"bilmarken","embeddable":true,"href":"https:\/\/xenonkungen.com\/es\/wp-json\/wp\/v2\/bilmarken?post=15143"},{"taxonomy":"product_brand","embeddable":true,"href":"https:\/\/xenonkungen.com\/es\/wp-json\/wp\/v2\/product_brand?post=15143"},{"taxonomy":"product_cat","embeddable":true,"href":"https:\/\/xenonkungen.com\/es\/wp-json\/wp\/v2\/product_cat?post=15143"},{"taxonomy":"product_tag","embeddable":true,"href":"https:\/\/xenonkungen.com\/es\/wp-json\/wp\/v2\/product_tag?post=15143"}],"curies":[{"name":"wp","href":"https:\/\/api.w.org\/{rel}","templated":true}]}}