{"id":15238,"date":"2025-10-09T13:53:31","date_gmt":"2025-10-09T13:53:31","guid":{"rendered":"https:\/\/xenonkungen.com\/?post_type=product&#038;p=15238"},"modified":"2026-04-17T16:15:58","modified_gmt":"2026-04-17T15:15:58","slug":"osram-led-inspect-slim-500","status":"publish","type":"product","link":"https:\/\/xenonkungen.com\/es\/producto\/osram-led-inspect-slim-500\/","title":{"rendered":"OSRAM LEDinspect SLIM 500"},"content":{"rendered":"<h3 data-start=\"160\" data-end=\"234\">OSRAM LEDinspect SLIM 500: L\u00e1mpara de inspecci\u00f3n vers\u00e1til y potente<\/h3>\n<p data-start=\"236\" data-end=\"419\">La luz es vers\u00e1til y con <strong data-start=\"265\" data-end=\"294\">OSRAM LEDinspect SLIM 500<\/strong> \u00bfConsigues uno? <strong data-start=\"305\" data-end=\"363\">L\u00e1mpara de inspecci\u00f3n flexible, duradera y profesional.<\/strong> que es igualmente adecuado para el taller y para uso dom\u00e9stico.<\/p>\n<p data-start=\"421\" data-end=\"657\">La l\u00e1mpara ofrece tres modos de luz diferentes: <strong data-start=\"458\" data-end=\"465\">alto<\/strong> con hasta 500 l\u00famenes, <strong data-start=\"490\" data-end=\"497\">bajo<\/strong> con hasta 250 l\u00famenes y una <strong data-start=\"529\" data-end=\"550\">funci\u00f3n de linterna<\/strong> de hasta 70 l\u00famenes. Esto la hace ideal para todo tipo de tareas donde la iluminaci\u00f3n adecuada es crucial.<\/p>\n<p data-start=\"659\" data-end=\"869\">En <strong data-start=\"663\" data-end=\"686\">dise\u00f1o ultrafino<\/strong> en combinaci\u00f3n con la posibilidad de <strong data-start=\"721\" data-end=\"762\">Gire la l\u00e1mpara 270\u00b0 e incl\u00ednela 180\u00b0<\/strong> Ofrece m\u00e1xima flexibilidad. Puedes dirigir la luz f\u00e1cilmente justo donde la necesitas, incluso en espacios reducidos.<\/p>\n<p data-start=\"871\" data-end=\"1126\"><strong data-start=\"871\" data-end=\"894\">LEDinspect SLIM 500<\/strong> es tambi\u00e9n <strong data-start=\"907\" data-end=\"923\">recargable<\/strong> y tiene una <strong data-start=\"935\" data-end=\"968\">indicador de carga integrado<\/strong> que muestra el estado de la bater\u00eda. A <strong data-start=\"997\" data-end=\"1027\">Cable USB-C y adaptador de corriente<\/strong> incluido. La duraci\u00f3n de la bater\u00eda es de hasta <strong data-start=\"1064\" data-end=\"1078\">seis horas<\/strong> con bajo brillo y <strong data-start=\"1101\" data-end=\"1116\">cuatro horas<\/strong> en lo alto.<\/p>\n<p data-start=\"1128\" data-end=\"1407\">Med <strong data-start=\"1132\" data-end=\"1155\">Clasificaci\u00f3n IP54<\/strong> La l\u00e1mpara est\u00e1 protegida contra el polvo y las salpicaduras de agua, y gracias a <strong data-start=\"1219\" data-end=\"1240\">Prueba de impacto IK07<\/strong> Resiste entornos dif\u00edciles. La superficie adherente y repelente a la suciedad, <strong data-start=\"1307\" data-end=\"1326\">gancho incorporado<\/strong> y <strong data-start=\"1331\" data-end=\"1352\">imanes fuertes<\/strong> Haci\u00e9ndolo f\u00e1cil de colocar y usar en cualquier lugar.<\/p>\n<p data-start=\"1409\" data-end=\"1608\">Perfecto para manualidades, reparaciones de autom\u00f3viles o tareas cotidianas. <strong data-start=\"1476\" data-end=\"1505\">OSRAM LEDinspect SLIM 500<\/strong> Proporciona una luz fiable en todas las situaciones. OSRAM tambi\u00e9n ofrece <strong data-start=\"1575\" data-end=\"1592\">2 a\u00f1os de garant\u00eda<\/strong> sobre el producto.<\/p>\n<hr data-start=\"1610\" data-end=\"1613\" \/>\n<p data-start=\"1615\" data-end=\"1646\"><strong data-start=\"1615\" data-end=\"1644\">Especificaciones t\u00e9cnicas:<\/strong><\/p>\n<ul data-start=\"1647\" data-end=\"1808\">\n<li data-start=\"1647\" data-end=\"1670\">\n<p data-start=\"1649\" data-end=\"1670\">Tensi\u00f3n nominal: 3,7 V<\/p>\n<\/li>\n<li data-start=\"1671\" data-end=\"1686\">\n<p data-start=\"1673\" data-end=\"1686\">Potencia: 9W<\/p>\n<\/li>\n<li data-start=\"1687\" data-end=\"1714\">\n<p data-start=\"1689\" data-end=\"1714\">Temperatura de color: 5.700 K<\/p>\n<\/li>\n<li data-start=\"1715\" data-end=\"1745\">\n<p data-start=\"1717\" data-end=\"1745\">Flujo luminoso: hasta 500 lm<\/p>\n<\/li>\n<li data-start=\"1746\" data-end=\"1774\">\n<p data-start=\"1748\" data-end=\"1774\">Clase de protecci\u00f3n: IP54 \/ IK07<\/p>\n<\/li>\n<li data-start=\"1775\" data-end=\"1808\">\n<p data-start=\"1777\" data-end=\"1808\">Duraci\u00f3n de la bater\u00eda: hasta 6 horas<\/p>\n<\/li>\n<\/ul>\n<hr data-start=\"1810\" data-end=\"1813\" \/>\n<p data-start=\"1815\" data-end=\"2102\"><strong data-start=\"1815\" data-end=\"1828\">Ventajas:<\/strong><br data-start=\"1828\" data-end=\"1831\" \/>Tres modos de luz para m\u00e1xima flexibilidad.<br data-start=\"1869\" data-end=\"1872\" \/>Giratorio 270\u00b0 y angular 180\u00b0<br data-start=\"1906\" data-end=\"1909\" \/>Hasta 500 l\u00famenes de brillo<br data-start=\"1938\" data-end=\"1941\" \/>Recargable mediante USB-C con indicador<br data-start=\"1977\" data-end=\"1980\" \/>Dise\u00f1o duradero, repelente de suciedad y ergon\u00f3mico.<br data-start=\"2023\" data-end=\"2026\" \/>Equipado con gancho e imanes para una f\u00e1cil colocaci\u00f3n.<br data-start=\"2076\" data-end=\"2079\" \/>Garant\u00eda OSRAM de dos a\u00f1os<\/p>","protected":false},"excerpt":{"rendered":"<p>OSRAM LEDinspect SLIM 500 \u2013 M\u00e5ngsidig och kraftfull inspektionslampa Ljus \u00e4r m\u00e5ngsidigt \u2013 och med OSRAM LEDinspect SLIM 500 f\u00e5r du en flexibel, slitstark och professionell inspektionslampa som passar lika bra f\u00f6r verkstaden som f\u00f6r hemmabruk. Lampan erbjuder tre olika ljusl\u00e4gen: h\u00f6g med upp till 500 lumen, l\u00e5g med upp till 250 lumen samt en [&hellip;]<\/p>","protected":false},"featured_media":15252,"comment_status":"open","ping_status":"closed","template":"","meta":{"_acf_changed":false,"_smort_price_nok":"521","_smort_price_dkk":"441","_smort_price_eur":"59.09","_smort_sale_price_nok":"521","_smort_sale_price_dkk":"","_smort_sale_price_eur":"","smort_restorder":"","shipmondo_restorder":"","_kad_blocks_custom_css":"","_kad_blocks_head_custom_js":"","_kad_blocks_body_custom_js":"","_kad_blocks_footer_custom_js":"","smort_custom_pricelist_1":"416","smort_custom_pricelist_2":"364","smort_custom_pricelist_3":"364","smort_custom_pricelist_4":"520","smort_custom_pricelist_5":"364"},"anvandningsomrade":[],"bilmarken":[],"product_brand":[108],"product_cat":[2647,1320,1402],"product_tag":[],"class_list":{"0":"post-15238","1":"product","2":"type-product","3":"status-publish","4":"has-post-thumbnail","6":"product_brand-osram","7":"product_cat-osram-ficklampor","8":"product_cat-ficklampor","9":"product_cat-outlet","11":"first","12":"instock","13":"sale","14":"taxable","15":"shipping-taxable","16":"purchasable","17":"product-type-simple"},"bundled_by":[],"bundle_stock_status":"instock","bundle_stock_quantity":5,"bundle_virtual":false,"bundle_layout":"","bundle_add_to_cart_form_location":"","bundle_editable_in_cart":false,"bundle_sold_individually_context":"","bundle_item_grouping":"","bundle_min_size":"","bundle_max_size":"","bundle_price":[],"bundled_items":[],"bundle_sell_ids":[],"acf":[],"yoast_head":"<!-- This site is optimized with the Yoast SEO plugin v27.0 - https:\/\/yoast.com\/product\/yoast-seo-wordpress\/ -->\n<title>OSRAM LEDinspect SLIM 500 - Xenonkungen<\/title>\n<meta name=\"robots\" content=\"index, follow, max-snippet:-1, max-image-preview:large, max-video-preview:-1\" \/>\n<link rel=\"canonical\" href=\"https:\/\/xenonkungen.com\/es\/producto\/osram-led-inspect-slim-500\/\" \/>\n<meta property=\"og:locale\" content=\"es_ES\" \/>\n<meta property=\"og:type\" content=\"article\" \/>\n<meta property=\"og:title\" content=\"OSRAM LEDinspect SLIM 500 - Xenonkungen\" \/>\n<meta property=\"og:description\" content=\"OSRAM LEDinspect SLIM 500 \u2013 M\u00e5ngsidig och kraftfull inspektionslampa Ljus \u00e4r m\u00e5ngsidigt \u2013 och med OSRAM LEDinspect SLIM 500 f\u00e5r du en flexibel, slitstark och professionell inspektionslampa som passar lika bra f\u00f6r verkstaden som f\u00f6r hemmabruk. Lampan erbjuder tre olika ljusl\u00e4gen: h\u00f6g med upp till 500 lumen, l\u00e5g med upp till 250 lumen samt en [&hellip;]\" \/>\n<meta property=\"og:url\" content=\"https:\/\/xenonkungen.com\/es\/producto\/osram-led-inspect-slim-500\/\" \/>\n<meta property=\"og:site_name\" content=\"Xenonkungen\" \/>\n<meta property=\"article:modified_time\" content=\"2026-04-17T15:15:58+00:00\" \/>\n<meta property=\"og:image\" content=\"https:\/\/xenonkungen.com\/wp-content\/uploads\/2025\/10\/LEDIL403.jpg\" \/>\n\t<meta property=\"og:image:width\" content=\"1024\" \/>\n\t<meta property=\"og:image:height\" content=\"1024\" \/>\n\t<meta property=\"og:image:type\" content=\"image\/jpeg\" \/>\n<meta name=\"twitter:card\" content=\"summary_large_image\" \/>\n<meta name=\"twitter:label1\" content=\"Tiempo de lectura\" \/>\n\t<meta name=\"twitter:data1\" content=\"2 minutos\" \/>\n<script type=\"application\/ld+json\" class=\"yoast-schema-graph\">{\"@context\":\"https:\/\/schema.org\",\"@graph\":[{\"@type\":\"WebPage\",\"@id\":\"https:\/\/xenonkungen.com\/produkt\/osram-ledinspect-slim-500\/\",\"url\":\"https:\/\/xenonkungen.com\/produkt\/osram-ledinspect-slim-500\/\",\"name\":\"OSRAM LEDinspect SLIM 500 - Xenonkungen\",\"isPartOf\":{\"@id\":\"https:\/\/xenonkungen.com\/#website\"},\"primaryImageOfPage\":{\"@id\":\"https:\/\/xenonkungen.com\/produkt\/osram-ledinspect-slim-500\/#primaryimage\"},\"image\":{\"@id\":\"https:\/\/xenonkungen.com\/produkt\/osram-ledinspect-slim-500\/#primaryimage\"},\"thumbnailUrl\":\"https:\/\/xenonkungen.com\/wp-content\/uploads\/2025\/10\/LEDIL403.jpg\",\"datePublished\":\"2025-10-09T13:53:31+00:00\",\"dateModified\":\"2026-04-17T15:15:58+00:00\",\"breadcrumb\":{\"@id\":\"https:\/\/xenonkungen.com\/produkt\/osram-ledinspect-slim-500\/#breadcrumb\"},\"inLanguage\":\"es\",\"potentialAction\":[{\"@type\":\"ReadAction\",\"target\":[\"https:\/\/xenonkungen.com\/produkt\/osram-ledinspect-slim-500\/\"]}]},{\"@type\":\"ImageObject\",\"inLanguage\":\"es\",\"@id\":\"https:\/\/xenonkungen.com\/produkt\/osram-ledinspect-slim-500\/#primaryimage\",\"url\":\"https:\/\/xenonkungen.com\/wp-content\/uploads\/2025\/10\/LEDIL403.jpg\",\"contentUrl\":\"https:\/\/xenonkungen.com\/wp-content\/uploads\/2025\/10\/LEDIL403.jpg\",\"width\":1024,\"height\":1024},{\"@type\":\"BreadcrumbList\",\"@id\":\"https:\/\/xenonkungen.com\/produkt\/osram-ledinspect-slim-500\/#breadcrumb\",\"itemListElement\":[{\"@type\":\"ListItem\",\"position\":1,\"name\":\"Hem\",\"item\":\"https:\/\/xenonkungen.com\/\"},{\"@type\":\"ListItem\",\"position\":2,\"name\":\"Shop\",\"item\":\"https:\/\/xenonkungen.com\/shop\/\"},{\"@type\":\"ListItem\",\"position\":3,\"name\":\"OSRAM LEDinspect SLIM 500\"}]},{\"@type\":\"WebSite\",\"@id\":\"https:\/\/xenonkungen.com\/#website\",\"url\":\"https:\/\/xenonkungen.com\/\",\"name\":\"Xenonkungen\",\"description\":\"\",\"potentialAction\":[{\"@type\":\"SearchAction\",\"target\":{\"@type\":\"EntryPoint\",\"urlTemplate\":\"https:\/\/xenonkungen.com\/?s={search_term_string}\"},\"query-input\":{\"@type\":\"PropertyValueSpecification\",\"valueRequired\":true,\"valueName\":\"search_term_string\"}}],\"inLanguage\":\"es\"}]}<\/script>\n<!-- \/ Yoast SEO plugin. -->","yoast_head_json":{"title":"OSRAM LEDinspect SLIM 500 - El rey del xen\u00f3n","robots":{"index":"index","follow":"follow","max-snippet":"max-snippet:-1","max-image-preview":"max-image-preview:large","max-video-preview":"max-video-preview:-1"},"canonical":"https:\/\/xenonkungen.com\/es\/producto\/osram-led-inspect-slim-500\/","og_locale":"es_ES","og_type":"article","og_title":"OSRAM LEDinspect SLIM 500 - Xenonkungen","og_description":"OSRAM LEDinspect SLIM 500 \u2013 M\u00e5ngsidig och kraftfull inspektionslampa Ljus \u00e4r m\u00e5ngsidigt \u2013 och med OSRAM LEDinspect SLIM 500 f\u00e5r du en flexibel, slitstark och professionell inspektionslampa som passar lika bra f\u00f6r verkstaden som f\u00f6r hemmabruk. Lampan erbjuder tre olika ljusl\u00e4gen: h\u00f6g med upp till 500 lumen, l\u00e5g med upp till 250 lumen samt en [&hellip;]","og_url":"https:\/\/xenonkungen.com\/es\/producto\/osram-led-inspect-slim-500\/","og_site_name":"Xenonkungen","article_modified_time":"2026-04-17T15:15:58+00:00","og_image":[{"width":1024,"height":1024,"url":"https:\/\/xenonkungen.com\/wp-content\/uploads\/2025\/10\/LEDIL403.jpg","type":"image\/jpeg"}],"twitter_card":"summary_large_image","twitter_misc":{"Tiempo de lectura":"2 minutos"},"schema":{"@context":"https:\/\/schema.org","@graph":[{"@type":"WebPage","@id":"https:\/\/xenonkungen.com\/produkt\/osram-ledinspect-slim-500\/","url":"https:\/\/xenonkungen.com\/produkt\/osram-ledinspect-slim-500\/","name":"OSRAM LEDinspect SLIM 500 - El rey del xen\u00f3n","isPartOf":{"@id":"https:\/\/xenonkungen.com\/#website"},"primaryImageOfPage":{"@id":"https:\/\/xenonkungen.com\/produkt\/osram-ledinspect-slim-500\/#primaryimage"},"image":{"@id":"https:\/\/xenonkungen.com\/produkt\/osram-ledinspect-slim-500\/#primaryimage"},"thumbnailUrl":"https:\/\/xenonkungen.com\/wp-content\/uploads\/2025\/10\/LEDIL403.jpg","datePublished":"2025-10-09T13:53:31+00:00","dateModified":"2026-04-17T15:15:58+00:00","breadcrumb":{"@id":"https:\/\/xenonkungen.com\/produkt\/osram-ledinspect-slim-500\/#breadcrumb"},"inLanguage":"es","potentialAction":[{"@type":"ReadAction","target":["https:\/\/xenonkungen.com\/produkt\/osram-ledinspect-slim-500\/"]}]},{"@type":"ImageObject","inLanguage":"es","@id":"https:\/\/xenonkungen.com\/produkt\/osram-ledinspect-slim-500\/#primaryimage","url":"https:\/\/xenonkungen.com\/wp-content\/uploads\/2025\/10\/LEDIL403.jpg","contentUrl":"https:\/\/xenonkungen.com\/wp-content\/uploads\/2025\/10\/LEDIL403.jpg","width":1024,"height":1024},{"@type":"BreadcrumbList","@id":"https:\/\/xenonkungen.com\/produkt\/osram-ledinspect-slim-500\/#breadcrumb","itemListElement":[{"@type":"ListItem","position":1,"name":"Hem","item":"https:\/\/xenonkungen.com\/"},{"@type":"ListItem","position":2,"name":"Shop","item":"https:\/\/xenonkungen.com\/shop\/"},{"@type":"ListItem","position":3,"name":"OSRAM LEDinspect SLIM 500"}]},{"@type":"WebSite","@id":"https:\/\/xenonkungen.com\/#website","url":"https:\/\/xenonkungen.com\/","name":"Xenonkungen","description":"","potentialAction":[{"@type":"SearchAction","target":{"@type":"EntryPoint","urlTemplate":"https:\/\/xenonkungen.com\/?s={search_term_string}"},"query-input":{"@type":"PropertyValueSpecification","valueRequired":true,"valueName":"search_term_string"}}],"inLanguage":"es"}]}},"taxonomy_info":{"product_brand":[{"value":108,"label":"OSRAM"}],"product_cat":[{"value":2647,"label":"Osram"},{"value":1320,"label":"Ficklampor"},{"value":1402,"label":"Outlet"}]},"featured_image_src_large":["https:\/\/xenonkungen.com\/wp-content\/uploads\/2025\/10\/LEDIL403.jpg",1024,1024,false],"author_info":[],"comment_info":0,"_links":{"self":[{"href":"https:\/\/xenonkungen.com\/es\/wp-json\/wp\/v2\/product\/15238","targetHints":{"allow":["GET"]}}],"collection":[{"href":"https:\/\/xenonkungen.com\/es\/wp-json\/wp\/v2\/product"}],"about":[{"href":"https:\/\/xenonkungen.com\/es\/wp-json\/wp\/v2\/types\/product"}],"replies":[{"embeddable":true,"href":"https:\/\/xenonkungen.com\/es\/wp-json\/wp\/v2\/comments?post=15238"}],"wp:featuredmedia":[{"embeddable":true,"href":"https:\/\/xenonkungen.com\/es\/wp-json\/wp\/v2\/media\/15252"}],"wp:attachment":[{"href":"https:\/\/xenonkungen.com\/es\/wp-json\/wp\/v2\/media?parent=15238"}],"wp:term":[{"taxonomy":"anvandningsomrade","embeddable":true,"href":"https:\/\/xenonkungen.com\/es\/wp-json\/wp\/v2\/anvandningsomrade?post=15238"},{"taxonomy":"bilmarken","embeddable":true,"href":"https:\/\/xenonkungen.com\/es\/wp-json\/wp\/v2\/bilmarken?post=15238"},{"taxonomy":"product_brand","embeddable":true,"href":"https:\/\/xenonkungen.com\/es\/wp-json\/wp\/v2\/product_brand?post=15238"},{"taxonomy":"product_cat","embeddable":true,"href":"https:\/\/xenonkungen.com\/es\/wp-json\/wp\/v2\/product_cat?post=15238"},{"taxonomy":"product_tag","embeddable":true,"href":"https:\/\/xenonkungen.com\/es\/wp-json\/wp\/v2\/product_tag?post=15238"}],"curies":[{"name":"wp","href":"https:\/\/api.w.org\/{rel}","templated":true}]}}