{"id":1536,"date":"2025-04-15T08:24:14","date_gmt":"2025-04-15T08:24:14","guid":{"rendered":"https:\/\/xenonkungen.com\/product\/tesla-obd2-adapter\/"},"modified":"2026-04-10T17:43:14","modified_gmt":"2026-04-10T16:43:14","slug":"adaptador-obd2-de-tesla","status":"publish","type":"product","link":"https:\/\/xenonkungen.com\/es\/producto\/adaptador-obd2-de-tesla\/","title":{"rendered":"Adaptador OBD2 Tesla Modelo 3 | Y | 26 pines"},"content":{"rendered":"<h1>Adaptador OBD2 Tesla de 26 pines para llave XBB<\/h1>\n<p>Optimice su Tesla con nuestro <strong>Adaptador Tesla OBD2 de 26 pines<\/strong>Un compa\u00f1ero indispensable para su XBB Dongle. Este adaptador personalizado est\u00e1 hecho a medida para permitir una f\u00e1cil conexi\u00f3n al XBB Dongle, abriendo la puerta a un mundo de posibilidades de personalizaci\u00f3n para su veh\u00edculo.<\/p>\n<p>Simplemente conecta el adaptador a tu Tesla Model 3 o Model Y y usa el adaptador XBB para a\u00f1adir luces auxiliares, barras LED, luces de trabajo y m\u00e1s. Este adaptador est\u00e1 dise\u00f1ado para simplificar su instalaci\u00f3n: solo toma unos minutos. Empieza por retirar el panel entre los asientos delanteros del asiento trasero, donde encontrar\u00e1s r\u00e1pidamente el conector para el adaptador.<\/p>\n<p>Recuerde siempre asegurarse de que su Tesla est\u00e1 completamente apagado antes de iniciar la instalaci\u00f3n, lo que se hace en la \"pesta\u00f1a Seguridad\" en la pantalla de su Tesla. Con el <strong>Adaptador OBD2 Tesla<\/strong>Lleva tu veh\u00edculo al siguiente nivel de sofisticaci\u00f3n tecnol\u00f3gica y personalizaci\u00f3n. Transforme su experiencia de conducci\u00f3n hoy mismo.<\/p>\n<p>Este adaptador se adapta a estos modelos de coche:<\/p>\n<p>Tesla Modelo 3 2019-2024<\/p>\n<p>Tesla Modelo Y 2019-2025<\/p>\n<p>&nbsp;<\/p>","protected":false},"excerpt":{"rendered":"<p>Adaptador para conectar el dongle XBB a su Tesla<\/p>","protected":false},"featured_media":1537,"comment_status":"closed","ping_status":"closed","template":"","meta":{"_acf_changed":false,"_smort_price_nok":"315","_smort_price_dkk":"200","_smort_price_eur":"26.82","_smort_sale_price_nok":"","_smort_sale_price_dkk":"","_smort_sale_price_eur":"","smort_restorder":"","shipmondo_restorder":"","_kad_blocks_custom_css":"","_kad_blocks_head_custom_js":"","_kad_blocks_body_custom_js":"","_kad_blocks_footer_custom_js":"","smort_custom_pricelist_1":"188.8","smort_custom_pricelist_2":"141.6","smort_custom_pricelist_3":"129.8","smort_custom_pricelist_4":"295","smort_custom_pricelist_5":"141.6"},"anvandningsomrade":[],"bilmarken":[],"product_brand":[],"product_cat":[390],"product_tag":[],"class_list":{"0":"post-1536","1":"product","2":"type-product","3":"status-publish","4":"has-post-thumbnail","6":"product_cat-installation","8":"first","9":"instock","10":"taxable","11":"shipping-taxable","12":"purchasable","13":"product-type-simple"},"bundled_by":["9527","9534","9545","9553","9614","9624","9633","9643","9559"],"bundle_stock_status":"instock","bundle_stock_quantity":206,"bundle_virtual":false,"bundle_layout":"","bundle_add_to_cart_form_location":"","bundle_editable_in_cart":false,"bundle_sold_individually_context":"","bundle_item_grouping":"","bundle_min_size":"","bundle_max_size":"","bundle_price":[],"bundled_items":[],"bundle_sell_ids":[],"acf":[],"yoast_head":"<!-- This site is optimized with the Yoast SEO plugin v27.0 - https:\/\/yoast.com\/product\/yoast-seo-wordpress\/ -->\n<title>Tesla OBD2 Adapter Model 3 | Y | 26PIN - Xenonkungen<\/title>\n<meta name=\"robots\" content=\"index, follow, max-snippet:-1, max-image-preview:large, max-video-preview:-1\" \/>\n<link rel=\"canonical\" href=\"https:\/\/xenonkungen.com\/es\/producto\/adaptador-obd2-de-tesla\/\" \/>\n<meta property=\"og:locale\" content=\"es_ES\" \/>\n<meta property=\"og:type\" content=\"article\" \/>\n<meta property=\"og:title\" content=\"Tesla OBD2 Adapter Model 3 | Y | 26PIN - Xenonkungen\" \/>\n<meta property=\"og:description\" content=\"Adapter f\u00f6r att Koppla in XBB Dongle i din Tesla!\" \/>\n<meta property=\"og:url\" content=\"https:\/\/xenonkungen.com\/es\/producto\/adaptador-obd2-de-tesla\/\" \/>\n<meta property=\"og:site_name\" content=\"Xenonkungen\" \/>\n<meta property=\"article:modified_time\" content=\"2026-04-10T16:43:14+00:00\" \/>\n<meta property=\"og:image\" content=\"https:\/\/xenonkungen.com\/wp-content\/uploads\/2025\/04\/207499463-origpic-8ab174.png\" \/>\n\t<meta property=\"og:image:width\" content=\"982\" \/>\n\t<meta property=\"og:image:height\" content=\"1000\" \/>\n\t<meta property=\"og:image:type\" content=\"image\/png\" \/>\n<meta name=\"twitter:card\" content=\"summary_large_image\" \/>\n<meta name=\"twitter:label1\" content=\"Tiempo de lectura\" \/>\n\t<meta name=\"twitter:data1\" content=\"1 minuto\" \/>\n<script type=\"application\/ld+json\" class=\"yoast-schema-graph\">{\"@context\":\"https:\/\/schema.org\",\"@graph\":[{\"@type\":\"WebPage\",\"@id\":\"https:\/\/xenonkungen.com\/nl\/product\/tesla-obd2-adapter\/\",\"url\":\"https:\/\/xenonkungen.com\/nl\/product\/tesla-obd2-adapter\/\",\"name\":\"Tesla OBD2 Adapter Model 3 | Y | 26PIN - Xenonkungen\",\"isPartOf\":{\"@id\":\"https:\/\/xenonkungen.com\/#website\"},\"primaryImageOfPage\":{\"@id\":\"https:\/\/xenonkungen.com\/nl\/product\/tesla-obd2-adapter\/#primaryimage\"},\"image\":{\"@id\":\"https:\/\/xenonkungen.com\/nl\/product\/tesla-obd2-adapter\/#primaryimage\"},\"thumbnailUrl\":\"https:\/\/xenonkungen.com\/wp-content\/uploads\/2025\/04\/207499463-origpic-8ab174.png\",\"datePublished\":\"2025-04-15T08:24:14+00:00\",\"dateModified\":\"2026-04-10T16:43:14+00:00\",\"breadcrumb\":{\"@id\":\"https:\/\/xenonkungen.com\/nl\/product\/tesla-obd2-adapter\/#breadcrumb\"},\"inLanguage\":\"es\",\"potentialAction\":[{\"@type\":\"ReadAction\",\"target\":[\"https:\/\/xenonkungen.com\/nl\/product\/tesla-obd2-adapter\/\"]}]},{\"@type\":\"ImageObject\",\"inLanguage\":\"es\",\"@id\":\"https:\/\/xenonkungen.com\/nl\/product\/tesla-obd2-adapter\/#primaryimage\",\"url\":\"https:\/\/xenonkungen.com\/wp-content\/uploads\/2025\/04\/207499463-origpic-8ab174.png\",\"contentUrl\":\"https:\/\/xenonkungen.com\/wp-content\/uploads\/2025\/04\/207499463-origpic-8ab174.png\",\"width\":982,\"height\":1000},{\"@type\":\"BreadcrumbList\",\"@id\":\"https:\/\/xenonkungen.com\/nl\/product\/tesla-obd2-adapter\/#breadcrumb\",\"itemListElement\":[{\"@type\":\"ListItem\",\"position\":1,\"name\":\"Hem\",\"item\":\"https:\/\/xenonkungen.com\/\"},{\"@type\":\"ListItem\",\"position\":2,\"name\":\"Shop\",\"item\":\"https:\/\/xenonkungen.com\/shop\/\"},{\"@type\":\"ListItem\",\"position\":3,\"name\":\"Tesla OBD2 Adapter Model 3 | Y | 26PIN\"}]},{\"@type\":\"WebSite\",\"@id\":\"https:\/\/xenonkungen.com\/#website\",\"url\":\"https:\/\/xenonkungen.com\/\",\"name\":\"Xenonkungen\",\"description\":\"\",\"potentialAction\":[{\"@type\":\"SearchAction\",\"target\":{\"@type\":\"EntryPoint\",\"urlTemplate\":\"https:\/\/xenonkungen.com\/?s={search_term_string}\"},\"query-input\":{\"@type\":\"PropertyValueSpecification\",\"valueRequired\":true,\"valueName\":\"search_term_string\"}}],\"inLanguage\":\"es\"}]}<\/script>\n<!-- \/ Yoast SEO plugin. -->","yoast_head_json":{"title":"Adaptador OBD2 para Tesla Modelo 3 | Y | 26 pines - El rey del xen\u00f3n","robots":{"index":"index","follow":"follow","max-snippet":"max-snippet:-1","max-image-preview":"max-image-preview:large","max-video-preview":"max-video-preview:-1"},"canonical":"https:\/\/xenonkungen.com\/es\/producto\/adaptador-obd2-de-tesla\/","og_locale":"es_ES","og_type":"article","og_title":"Tesla OBD2 Adapter Model 3 | Y | 26PIN - Xenonkungen","og_description":"Adapter f\u00f6r att Koppla in XBB Dongle i din Tesla!","og_url":"https:\/\/xenonkungen.com\/es\/producto\/adaptador-obd2-de-tesla\/","og_site_name":"Xenonkungen","article_modified_time":"2026-04-10T16:43:14+00:00","og_image":[{"width":982,"height":1000,"url":"https:\/\/xenonkungen.com\/wp-content\/uploads\/2025\/04\/207499463-origpic-8ab174.png","type":"image\/png"}],"twitter_card":"summary_large_image","twitter_misc":{"Tiempo de lectura":"1 minuto"},"schema":{"@context":"https:\/\/schema.org","@graph":[{"@type":"WebPage","@id":"https:\/\/xenonkungen.com\/nl\/product\/tesla-obd2-adapter\/","url":"https:\/\/xenonkungen.com\/nl\/product\/tesla-obd2-adapter\/","name":"Adaptador OBD2 para Tesla Modelo 3 | Y | 26 pines - El rey del xen\u00f3n","isPartOf":{"@id":"https:\/\/xenonkungen.com\/#website"},"primaryImageOfPage":{"@id":"https:\/\/xenonkungen.com\/nl\/product\/tesla-obd2-adapter\/#primaryimage"},"image":{"@id":"https:\/\/xenonkungen.com\/nl\/product\/tesla-obd2-adapter\/#primaryimage"},"thumbnailUrl":"https:\/\/xenonkungen.com\/wp-content\/uploads\/2025\/04\/207499463-origpic-8ab174.png","datePublished":"2025-04-15T08:24:14+00:00","dateModified":"2026-04-10T16:43:14+00:00","breadcrumb":{"@id":"https:\/\/xenonkungen.com\/nl\/product\/tesla-obd2-adapter\/#breadcrumb"},"inLanguage":"es","potentialAction":[{"@type":"ReadAction","target":["https:\/\/xenonkungen.com\/nl\/product\/tesla-obd2-adapter\/"]}]},{"@type":"ImageObject","inLanguage":"es","@id":"https:\/\/xenonkungen.com\/nl\/product\/tesla-obd2-adapter\/#primaryimage","url":"https:\/\/xenonkungen.com\/wp-content\/uploads\/2025\/04\/207499463-origpic-8ab174.png","contentUrl":"https:\/\/xenonkungen.com\/wp-content\/uploads\/2025\/04\/207499463-origpic-8ab174.png","width":982,"height":1000},{"@type":"BreadcrumbList","@id":"https:\/\/xenonkungen.com\/nl\/product\/tesla-obd2-adapter\/#breadcrumb","itemListElement":[{"@type":"ListItem","position":1,"name":"Hem","item":"https:\/\/xenonkungen.com\/"},{"@type":"ListItem","position":2,"name":"Shop","item":"https:\/\/xenonkungen.com\/shop\/"},{"@type":"ListItem","position":3,"name":"Tesla OBD2 Adapter Model 3 | Y | 26PIN"}]},{"@type":"WebSite","@id":"https:\/\/xenonkungen.com\/#website","url":"https:\/\/xenonkungen.com\/","name":"Xenonkungen","description":"","potentialAction":[{"@type":"SearchAction","target":{"@type":"EntryPoint","urlTemplate":"https:\/\/xenonkungen.com\/?s={search_term_string}"},"query-input":{"@type":"PropertyValueSpecification","valueRequired":true,"valueName":"search_term_string"}}],"inLanguage":"es"}]}},"taxonomy_info":{"product_cat":[{"value":390,"label":"Installation"}]},"featured_image_src_large":["https:\/\/xenonkungen.com\/wp-content\/uploads\/2025\/04\/207499463-origpic-8ab174.png",982,1000,false],"author_info":[],"comment_info":0,"_links":{"self":[{"href":"https:\/\/xenonkungen.com\/es\/wp-json\/wp\/v2\/product\/1536","targetHints":{"allow":["GET"]}}],"collection":[{"href":"https:\/\/xenonkungen.com\/es\/wp-json\/wp\/v2\/product"}],"about":[{"href":"https:\/\/xenonkungen.com\/es\/wp-json\/wp\/v2\/types\/product"}],"replies":[{"embeddable":true,"href":"https:\/\/xenonkungen.com\/es\/wp-json\/wp\/v2\/comments?post=1536"}],"wp:featuredmedia":[{"embeddable":true,"href":"https:\/\/xenonkungen.com\/es\/wp-json\/wp\/v2\/media\/1537"}],"wp:attachment":[{"href":"https:\/\/xenonkungen.com\/es\/wp-json\/wp\/v2\/media?parent=1536"}],"wp:term":[{"taxonomy":"anvandningsomrade","embeddable":true,"href":"https:\/\/xenonkungen.com\/es\/wp-json\/wp\/v2\/anvandningsomrade?post=1536"},{"taxonomy":"bilmarken","embeddable":true,"href":"https:\/\/xenonkungen.com\/es\/wp-json\/wp\/v2\/bilmarken?post=1536"},{"taxonomy":"product_brand","embeddable":true,"href":"https:\/\/xenonkungen.com\/es\/wp-json\/wp\/v2\/product_brand?post=1536"},{"taxonomy":"product_cat","embeddable":true,"href":"https:\/\/xenonkungen.com\/es\/wp-json\/wp\/v2\/product_cat?post=1536"},{"taxonomy":"product_tag","embeddable":true,"href":"https:\/\/xenonkungen.com\/es\/wp-json\/wp\/v2\/product_tag?post=1536"}],"curies":[{"name":"wp","href":"https:\/\/api.w.org\/{rel}","templated":true}]}}