{"id":1538,"date":"2025-04-15T08:24:14","date_gmt":"2025-04-15T08:24:14","guid":{"rendered":"https:\/\/xenonkungen.com\/product\/xbb-obd-ii-dongel-powerunit\/"},"modified":"2026-05-13T11:45:24","modified_gmt":"2026-05-13T10:45:24","slug":"unidad-de-alimentacion-con-dongle-obd-ii-xbb","status":"publish","type":"product","link":"https:\/\/xenonkungen.com\/es\/producto\/unidad-de-alimentacion-con-dongle-obd-ii-xbb\/","title":{"rendered":"XBB OBD-II Dongle + PowerUnit"},"content":{"rendered":"<h2>XBB OBD-II Dongle + PowerUnit<\/h2>\n<div class=\"container\">\n<section class=\"hero card\">\n<div>\n<p>\u00danico en el mercado, <strong>inal\u00e1mbrico<\/strong> control de rampas LED, luces auxiliares, luces de marcha atr\u00e1s y luces de trabajo. <strong>Funciona con 12\/24 V<\/strong> y se instala en cuesti\u00f3n de minutos, directamente a trav\u00e9s de la toma DAB del cami\u00f3n y la aplicaci\u00f3n XBB.<\/p>\n<div class=\"badges\"><span class=\"badge\">Control de rel\u00e9 inal\u00e1mbrico<\/span><br \/>\n<span class=\"badge\">12\/24 V<\/span><br \/>\n<span class=\"badge\">Hasta 4 PowerUnits<\/span><br \/>\n<span class=\"badge\">Aplicaci\u00f3n para iOS y Android<\/span><br \/>\n<span class=\"badge\">Desarrollado en Suecia - Innoware<\/span><\/div>\n<\/div>\n<aside class=\"card\">\n<h3>Brevemente sobre el producto<\/h3>\n<ul>\n<li>Coloca el rel\u00e9 cerca de las luces - <em>minimiza las ca\u00eddas de tensi\u00f3n<\/em>.<\/li>\n<li>Empareja el dongle con hasta <strong>cuatro<\/strong> Wireless PowerUnits.<\/li>\n<li>Selecciona funciones en la app: luz de carretera, marcha atr\u00e1s, DRL, luz de posici\u00f3n, etc.<\/li>\n<li>Actualizaciones continuas y nuevas \"recetas\" para m\u00e1s modelos de coches.<\/li>\n<\/ul>\n<p class=\"note\">Desarrollado por Innoware Development (Suecia).<\/p>\n<\/aside>\n<\/section>\n<section class=\"grid cols-3\" aria-label=\"Ventajas del programa\">\n<article class=\"card\">\n<h3>\u00bfPor qu\u00e9 XBB?<\/h3>\n<ul>\n<li><strong>\u00danico en el mercado<\/strong> para el control inteligente de la iluminaci\u00f3n.<\/li>\n<li><strong>Rel\u00e9 inal\u00e1mbrico<\/strong> - sin cables de se\u00f1alizaci\u00f3n largos.<\/li>\n<li><strong>Instalaci\u00f3n r\u00e1pida<\/strong> mediante OBD-II y app.<\/li>\n<li><strong>Escalable<\/strong> - controla varias luces con un solo dongle.<\/li>\n<\/ul>\n<\/article>\n<article class=\"card\">\n<h3>C\u00f3mo funciona<\/h3>\n<ol>\n<li>Conecta el dongle XBB a la toma OBD-II de tu coche.<\/li>\n<li>Empar\u00e9jalo en la aplicaci\u00f3n con hasta 4 <em>PowerUnit<\/em>-condado.<\/li>\n<li>Monte la PowerUnit cerca de las luces (luces auxiliares\/de carretera\/de cola).<\/li>\n<li>Selecciona los activadores en la aplicaci\u00f3n: por ejemplo, luz de carretera, marcha atr\u00e1s, DRL o luz de posici\u00f3n.<\/li>\n<\/ol>\n<\/article>\n<article class=\"card\">\n<h3>\u00c1mbitos de utilizaci\u00f3n<\/h3>\n<ul>\n<li>Luces auxiliares y rampas LED (incl. control DRL)<\/li>\n<li>Luces de marcha atr\u00e1s y de trabajo<\/li>\n<li>Veh\u00edculos 12 V y 24 V (turismo, transporte, cami\u00f3n)<\/li>\n<li>Control manual con <span style=\"color: #0000ff;\"><a style=\"color: #0000ff;\" href=\"https:\/\/xenonkungen.com\/produkt\/xbb-smart-button\/\" target=\"_blank\" rel=\"noopener\">Bot\u00f3n inteligente XBB<\/a><\/span><\/li>\n<\/ul>\n<\/article>\n<\/section>\n<section id=\"kompatibilitet\" class=\"card\">\n<h2>Compatibilidad y actualizaciones<\/h2>\n<p>XBB publica continuamente nuevos <em>prescripci\u00f3n<\/em> (perfiles de veh\u00edculos) de los modelos de coches del mercado. La lista se actualiza continuamente.<\/p>\n<ul>\n<li>Comprueba si tu coche es compatible a trav\u00e9s del enlace:<span style=\"color: #0000ff;\"> <a style=\"color: #0000ff;\" href=\"https:\/\/www.xbb.se\/xbbTable\/bilmodeller.php\" target=\"_blank\" rel=\"nofollow noopener\">Lista actual de veh\u00edculos<\/a><\/span>.<\/li>\n<li>El dispositivo se actualiza autom\u00e1ticamente para mejorar su precisi\u00f3n y funcionalidad.<\/li>\n<\/ul>\n<\/section>\n<section class=\"card\">\n<h2>Contenido de la entrega<\/h2>\n<ul>\n<li>1 \u00d7 XBB PowerUnit (rel\u00e9 inal\u00e1mbrico)<\/li>\n<li>1 \u00d7 XBB OBD-II Dongle<\/li>\n<\/ul>\n<p class=\"pill\">1 a\u00f1o de garant\u00eda<\/p>\n<\/section>\n<section id=\"smartbutton\" class=\"card\">\n<h2>Accesorios: Bot\u00f3n inteligente XBB<\/h2>\n<p>Un bot\u00f3n inal\u00e1mbrico independiente para encender y apagar manualmente la luz conectada, perfecto, por ejemplo, en caso de niebla espesa.<\/p>\n<ul>\n<li>Se sincroniza f\u00e1cilmente en la aplicaci\u00f3n con la PowerUnit seleccionada.<\/li>\n<li>Elige qu\u00e9 luces controlar.<\/li>\n<\/ul>\n<p><span style=\"color: #0000ff;\"><a style=\"color: #0000ff;\" href=\"https:\/\/xenonkungen.com\/produkt\/xbb-smart-button\/\" target=\"_blank\" rel=\"noopener\">Bot\u00f3n inteligente XBB<\/a><\/span><\/p>\n<\/section>\n<section class=\"card\">\n<h2>Seleccionar m\u00e1s dispositivos<\/h2>\n<ul>\n<li>\u00bfS\u00f3lo necesita un rel\u00e9 nuevo? <span style=\"color: #0000ff;\"><a style=\"color: #0000ff;\" href=\"https:\/\/xenonkungen.com\/produkt\/xbb-obd-ii-powerunit\/\" target=\"_blank\" rel=\"noopener\">XBB PowerUnit adicional<\/a><\/span><\/li>\n<li>\u00bfS\u00f3lo buscas el dongle? <span style=\"color: #0000ff;\"><a style=\"color: #0000ff;\" href=\"https:\/\/xenonkungen.com\/produkt\/xbb-obd-ii-dongel\/\" target=\"_blank\" rel=\"noopener\">Dongle XBB adicional<\/a><\/span><\/li>\n<\/ul>\n<\/section>\n<section class=\"card specs\" aria-label=\"Especificaciones\">\n<div>\n<h3>Especificaciones<\/h3>\n<ul>\n<li>Tensi\u00f3n del sistema: 12 \/ 24 V<\/li>\n<li>Comunicaci\u00f3n: dongle inal\u00e1mbrico \u2194 PowerUnit<\/li>\n<li>Admite hasta 4 PowerUnits por dongle<\/li>\n<li>Control a trav\u00e9s de la aplicaci\u00f3n XBB (App Store y Google Play)<\/li>\n<\/ul>\n<\/div>\n<div>\n<h3>Aplicaci\u00f3n e instalaci\u00f3n<\/h3>\n<ul>\n<li>Descarga la aplicaci\u00f3n en App Store o Google Play.<\/li>\n<li>Pasos guiados en la aplicaci\u00f3n: instalaci\u00f3n en pocos minutos.<\/li>\n<li>Actualizaciones continuas de firmware y recetas.<\/li>\n<\/ul>\n<\/div>\n<\/section>\n<section class=\"card\">\n<h2>Gu\u00eda r\u00e1pida<\/h2>\n<details open=\"\">\n<summary>Instalaci\u00f3n y funcionamiento<\/summary>\n<ol>\n<li>Enchufa el dongle en la toma OBD.<\/li>\n<li>Abre la aplicaci\u00f3n y empareja una o varias PowerUnits.<\/li>\n<li>Coloque la PowerUnit cerca de las luces para que el cableado sea lo m\u00e1s corto posible.<\/li>\n<li>Seleccione la funci\u00f3n deseada (por ejemplo, marcha atr\u00e1s, DRL, luz de carretera, luz de posici\u00f3n).<\/li>\n<li>Pruebe el funcionamiento y ajuste si es necesario.<\/li>\n<\/ol>\n<p class=\"note\">V\u00e9ase tambi\u00e9n: <span style=\"color: #0000ff;\"><a style=\"color: #0000ff;\" href=\"https:\/\/www.xbb.se\/sv_se\/snabbguide\/\" target=\"_blank\" rel=\"noopener\">Gu\u00eda r\u00e1pida de instalaci\u00f3n y funcionamiento<\/a><\/span><\/p>\n<\/details>\n<div class=\"warning\" role=\"note\" aria-label=\"Atenci\u00f3n\"><strong>NB:<\/strong> Este producto est\u00e1 en desarrollo y se a\u00f1aden nuevas recetas con regularidad. Si su coche a\u00fan no est\u00e1 en la lista, vuelva a comprobarlo m\u00e1s tarde - o p\u00f3ngase en contacto con nosotros y le ayudaremos.<\/div>\n<\/section>\n<footer class=\"card\">\n<h3>\u00bfNecesitas ayuda?<\/h3>\n<p>Estamos aqu\u00ed si no est\u00e1 seguro. No dudes en consultar primero la gu\u00eda r\u00e1pida: muchas dudas se resuelven en unos minutos.<\/p>\n<ul>\n<li><a href=\"https:\/\/www.xbb.se\/sv_se\/snabbguide\/\" target=\"_blank\" rel=\"noopener\"><span style=\"color: #0000ff;\">Gu\u00eda r\u00e1pida de instalaci\u00f3n y funcionamiento<\/span><\/a><\/li>\n<li><span style=\"color: #0000ff;\"><a style=\"color: #0000ff;\" href=\"https:\/\/www.xbb.se\/xbbTable\/bilmodeller.php\" target=\"_blank\" rel=\"noopener\">Lista de compatibilidad<\/a><\/span><\/li>\n<\/ul>\n<p class=\"note\">Marca: XBB - Desarrollado por Innoware Development (Suecia)<\/p>\n<\/footer>\n<\/div>","protected":false},"excerpt":{"rendered":"<p>La soluci\u00f3n inteligente de XBB para conectar luces auxiliares y rampas \u00a1incluso en los modelos m\u00e1s nuevos!<\/p>","protected":false},"featured_media":1539,"comment_status":"closed","ping_status":"closed","template":"","meta":{"_acf_changed":false,"_smort_price_nok":"2558","_smort_price_dkk":"1625","_smort_price_eur":"217.72","_smort_sale_price_nok":"","_smort_sale_price_dkk":"","_smort_sale_price_eur":"","smort_restorder":"","shipmondo_restorder":"","_kad_blocks_custom_css":"","_kad_blocks_head_custom_js":"","_kad_blocks_body_custom_js":"","_kad_blocks_footer_custom_js":"","smort_custom_pricelist_1":"1532.8","smort_custom_pricelist_2":"1341.2","smort_custom_pricelist_3":"1245.4","smort_custom_pricelist_4":"1916","smort_custom_pricelist_5":"1341.2"},"anvandningsomrade":[],"bilmarken":[],"product_brand":[115],"product_cat":[3076,2487,2841,2828,2849,2468,2497,477,390],"product_tag":[],"class_list":{"0":"post-1538","1":"product","2":"type-product","3":"status-publish","4":"has-post-thumbnail","6":"product_brand-xbb","7":"product_cat-rekommendationer","8":"product_cat-canbus-installation","9":"product_cat-installation-extraljus","10":"product_cat-installation-led-ramper","11":"product_cat-malvin","12":"product_cat-rela","13":"product_cat-xbb","14":"product_cat-canbus-emc","15":"product_cat-installation","16":"pa_stromforbrukning-15a","17":"pa_volt-v-12-24","19":"first","20":"onbackorder","21":"taxable","22":"shipping-taxable","23":"purchasable","24":"product-type-simple"},"bundled_by":["9152","9161","9170","9215","9223","9231","9239","9265","9271","9277","9283","9305","9309","9315","9339","9346","9353","9360","9368","9375","9384","9393","9400","9509","9520","9527","9534","9541","9545","9553","9559","9574","9580","9586","9593","9600","9608","9614","9624","9633","9643","10292","10301","10303","21277","25260","25266","25270","25275","25279","25283","25285","25797","25806","25816","25821","25824","25826","25827","25828","27189","27187"],"bundle_stock_status":"onbackorder","bundle_stock_quantity":-1202,"bundle_virtual":false,"bundle_layout":"","bundle_add_to_cart_form_location":"","bundle_editable_in_cart":false,"bundle_sold_individually_context":"","bundle_item_grouping":"","bundle_min_size":"","bundle_max_size":"","bundle_price":[],"bundled_items":[],"bundle_sell_ids":[],"acf":[],"yoast_head":"<!-- This site is optimized with the Yoast SEO plugin v27.0 - https:\/\/yoast.com\/product\/yoast-seo-wordpress\/ -->\n<title>XBB OBD-II Dongel + PowerUnit - Xenonkungen<\/title>\n<meta name=\"robots\" content=\"index, follow, max-snippet:-1, max-image-preview:large, max-video-preview:-1\" \/>\n<link rel=\"canonical\" href=\"https:\/\/xenonkungen.com\/es\/producto\/unidad-de-alimentacion-con-dongle-obd-ii-xbb\/\" \/>\n<meta property=\"og:locale\" content=\"es_ES\" \/>\n<meta property=\"og:type\" content=\"article\" \/>\n<meta property=\"og:title\" content=\"XBB OBD-II Dongel + PowerUnit - Xenonkungen\" \/>\n<meta property=\"og:description\" content=\"XBBs smarta l\u00f6sning f\u00f6r att koppla in extraljus och ledramper \u00e4ven p\u00e5 dom nyaste modellerna!\" \/>\n<meta property=\"og:url\" content=\"https:\/\/xenonkungen.com\/es\/producto\/unidad-de-alimentacion-con-dongle-obd-ii-xbb\/\" \/>\n<meta property=\"og:site_name\" content=\"Xenonkungen\" \/>\n<meta property=\"article:modified_time\" content=\"2026-05-13T10:45:24+00:00\" \/>\n<meta property=\"og:image\" content=\"https:\/\/xenonkungen.com\/wp-content\/uploads\/2025\/04\/179733167-origpic-898ced.png\" \/>\n\t<meta property=\"og:image:width\" content=\"1000\" \/>\n\t<meta property=\"og:image:height\" content=\"1000\" \/>\n\t<meta property=\"og:image:type\" content=\"image\/png\" \/>\n<meta name=\"twitter:card\" content=\"summary_large_image\" \/>\n<meta name=\"twitter:label1\" content=\"Tiempo de lectura\" \/>\n\t<meta name=\"twitter:data1\" content=\"3 minutos\" \/>\n<script type=\"application\/ld+json\" class=\"yoast-schema-graph\">{\"@context\":\"https:\/\/schema.org\",\"@graph\":[{\"@type\":\"WebPage\",\"@id\":\"https:\/\/xenonkungen.com\/produkt\/xbb-obd-ii-dongel-powerunit\/\",\"url\":\"https:\/\/xenonkungen.com\/produkt\/xbb-obd-ii-dongel-powerunit\/\",\"name\":\"XBB OBD-II Dongel + PowerUnit - Xenonkungen\",\"isPartOf\":{\"@id\":\"https:\/\/xenonkungen.com\/#website\"},\"primaryImageOfPage\":{\"@id\":\"https:\/\/xenonkungen.com\/produkt\/xbb-obd-ii-dongel-powerunit\/#primaryimage\"},\"image\":{\"@id\":\"https:\/\/xenonkungen.com\/produkt\/xbb-obd-ii-dongel-powerunit\/#primaryimage\"},\"thumbnailUrl\":\"https:\/\/xenonkungen.com\/wp-content\/uploads\/2025\/04\/179733167-origpic-898ced.png\",\"datePublished\":\"2025-04-15T08:24:14+00:00\",\"dateModified\":\"2026-05-13T10:45:24+00:00\",\"breadcrumb\":{\"@id\":\"https:\/\/xenonkungen.com\/produkt\/xbb-obd-ii-dongel-powerunit\/#breadcrumb\"},\"inLanguage\":\"es\",\"potentialAction\":[{\"@type\":\"ReadAction\",\"target\":[\"https:\/\/xenonkungen.com\/produkt\/xbb-obd-ii-dongel-powerunit\/\"]}]},{\"@type\":\"ImageObject\",\"inLanguage\":\"es\",\"@id\":\"https:\/\/xenonkungen.com\/produkt\/xbb-obd-ii-dongel-powerunit\/#primaryimage\",\"url\":\"https:\/\/xenonkungen.com\/wp-content\/uploads\/2025\/04\/179733167-origpic-898ced.png\",\"contentUrl\":\"https:\/\/xenonkungen.com\/wp-content\/uploads\/2025\/04\/179733167-origpic-898ced.png\",\"width\":1000,\"height\":1000},{\"@type\":\"BreadcrumbList\",\"@id\":\"https:\/\/xenonkungen.com\/produkt\/xbb-obd-ii-dongel-powerunit\/#breadcrumb\",\"itemListElement\":[{\"@type\":\"ListItem\",\"position\":1,\"name\":\"Hem\",\"item\":\"https:\/\/xenonkungen.com\/\"},{\"@type\":\"ListItem\",\"position\":2,\"name\":\"Shop\",\"item\":\"https:\/\/xenonkungen.com\/shop\/\"},{\"@type\":\"ListItem\",\"position\":3,\"name\":\"XBB OBD-II Dongel + PowerUnit\"}]},{\"@type\":\"WebSite\",\"@id\":\"https:\/\/xenonkungen.com\/#website\",\"url\":\"https:\/\/xenonkungen.com\/\",\"name\":\"Xenonkungen\",\"description\":\"\",\"potentialAction\":[{\"@type\":\"SearchAction\",\"target\":{\"@type\":\"EntryPoint\",\"urlTemplate\":\"https:\/\/xenonkungen.com\/?s={search_term_string}\"},\"query-input\":{\"@type\":\"PropertyValueSpecification\",\"valueRequired\":true,\"valueName\":\"search_term_string\"}}],\"inLanguage\":\"es\"}]}<\/script>\n<!-- \/ Yoast SEO plugin. -->","yoast_head_json":{"title":"Dongle OBD-II XBB + PowerUnit - El rey del xen\u00f3n","robots":{"index":"index","follow":"follow","max-snippet":"max-snippet:-1","max-image-preview":"max-image-preview:large","max-video-preview":"max-video-preview:-1"},"canonical":"https:\/\/xenonkungen.com\/es\/producto\/unidad-de-alimentacion-con-dongle-obd-ii-xbb\/","og_locale":"es_ES","og_type":"article","og_title":"XBB OBD-II Dongel + PowerUnit - Xenonkungen","og_description":"XBBs smarta l\u00f6sning f\u00f6r att koppla in extraljus och ledramper \u00e4ven p\u00e5 dom nyaste modellerna!","og_url":"https:\/\/xenonkungen.com\/es\/producto\/unidad-de-alimentacion-con-dongle-obd-ii-xbb\/","og_site_name":"Xenonkungen","article_modified_time":"2026-05-13T10:45:24+00:00","og_image":[{"width":1000,"height":1000,"url":"https:\/\/xenonkungen.com\/wp-content\/uploads\/2025\/04\/179733167-origpic-898ced.png","type":"image\/png"}],"twitter_card":"summary_large_image","twitter_misc":{"Tiempo de lectura":"3 minutos"},"schema":{"@context":"https:\/\/schema.org","@graph":[{"@type":"WebPage","@id":"https:\/\/xenonkungen.com\/produkt\/xbb-obd-ii-dongel-powerunit\/","url":"https:\/\/xenonkungen.com\/produkt\/xbb-obd-ii-dongel-powerunit\/","name":"Dongle OBD-II XBB + PowerUnit - El rey del xen\u00f3n","isPartOf":{"@id":"https:\/\/xenonkungen.com\/#website"},"primaryImageOfPage":{"@id":"https:\/\/xenonkungen.com\/produkt\/xbb-obd-ii-dongel-powerunit\/#primaryimage"},"image":{"@id":"https:\/\/xenonkungen.com\/produkt\/xbb-obd-ii-dongel-powerunit\/#primaryimage"},"thumbnailUrl":"https:\/\/xenonkungen.com\/wp-content\/uploads\/2025\/04\/179733167-origpic-898ced.png","datePublished":"2025-04-15T08:24:14+00:00","dateModified":"2026-05-13T10:45:24+00:00","breadcrumb":{"@id":"https:\/\/xenonkungen.com\/produkt\/xbb-obd-ii-dongel-powerunit\/#breadcrumb"},"inLanguage":"es","potentialAction":[{"@type":"ReadAction","target":["https:\/\/xenonkungen.com\/produkt\/xbb-obd-ii-dongel-powerunit\/"]}]},{"@type":"ImageObject","inLanguage":"es","@id":"https:\/\/xenonkungen.com\/produkt\/xbb-obd-ii-dongel-powerunit\/#primaryimage","url":"https:\/\/xenonkungen.com\/wp-content\/uploads\/2025\/04\/179733167-origpic-898ced.png","contentUrl":"https:\/\/xenonkungen.com\/wp-content\/uploads\/2025\/04\/179733167-origpic-898ced.png","width":1000,"height":1000},{"@type":"BreadcrumbList","@id":"https:\/\/xenonkungen.com\/produkt\/xbb-obd-ii-dongel-powerunit\/#breadcrumb","itemListElement":[{"@type":"ListItem","position":1,"name":"Hem","item":"https:\/\/xenonkungen.com\/"},{"@type":"ListItem","position":2,"name":"Shop","item":"https:\/\/xenonkungen.com\/shop\/"},{"@type":"ListItem","position":3,"name":"XBB OBD-II Dongel + PowerUnit"}]},{"@type":"WebSite","@id":"https:\/\/xenonkungen.com\/#website","url":"https:\/\/xenonkungen.com\/","name":"Xenonkungen","description":"","potentialAction":[{"@type":"SearchAction","target":{"@type":"EntryPoint","urlTemplate":"https:\/\/xenonkungen.com\/?s={search_term_string}"},"query-input":{"@type":"PropertyValueSpecification","valueRequired":true,"valueName":"search_term_string"}}],"inLanguage":"es"}]}},"taxonomy_info":{"product_brand":[{"value":115,"label":"XBB"}],"product_cat":[{"value":3076,"label":"Rekommendationer"},{"value":2487,"label":"Canbus"},{"value":2841,"label":"Installation extraljus"},{"value":2828,"label":"Installation LED-ramper"},{"value":2849,"label":"Malvins VW Golf"},{"value":2468,"label":"Rel\u00e4"},{"value":2497,"label":"XBB"},{"value":477,"label":"Canbus | EMC"},{"value":390,"label":"Installation"}],"pa_stromforbrukning":[{"value":482,"label":"15A"}],"pa_volt-v":[{"value":348,"label":"12, 24"}]},"featured_image_src_large":["https:\/\/xenonkungen.com\/wp-content\/uploads\/2025\/04\/179733167-origpic-898ced.png",1000,1000,false],"author_info":[],"comment_info":4,"_links":{"self":[{"href":"https:\/\/xenonkungen.com\/es\/wp-json\/wp\/v2\/product\/1538","targetHints":{"allow":["GET"]}}],"collection":[{"href":"https:\/\/xenonkungen.com\/es\/wp-json\/wp\/v2\/product"}],"about":[{"href":"https:\/\/xenonkungen.com\/es\/wp-json\/wp\/v2\/types\/product"}],"replies":[{"embeddable":true,"href":"https:\/\/xenonkungen.com\/es\/wp-json\/wp\/v2\/comments?post=1538"}],"wp:featuredmedia":[{"embeddable":true,"href":"https:\/\/xenonkungen.com\/es\/wp-json\/wp\/v2\/media\/1539"}],"wp:attachment":[{"href":"https:\/\/xenonkungen.com\/es\/wp-json\/wp\/v2\/media?parent=1538"}],"wp:term":[{"taxonomy":"anvandningsomrade","embeddable":true,"href":"https:\/\/xenonkungen.com\/es\/wp-json\/wp\/v2\/anvandningsomrade?post=1538"},{"taxonomy":"bilmarken","embeddable":true,"href":"https:\/\/xenonkungen.com\/es\/wp-json\/wp\/v2\/bilmarken?post=1538"},{"taxonomy":"product_brand","embeddable":true,"href":"https:\/\/xenonkungen.com\/es\/wp-json\/wp\/v2\/product_brand?post=1538"},{"taxonomy":"product_cat","embeddable":true,"href":"https:\/\/xenonkungen.com\/es\/wp-json\/wp\/v2\/product_cat?post=1538"},{"taxonomy":"product_tag","embeddable":true,"href":"https:\/\/xenonkungen.com\/es\/wp-json\/wp\/v2\/product_tag?post=1538"}],"curies":[{"name":"wp","href":"https:\/\/api.w.org\/{rel}","templated":true}]}}