{"id":15631,"date":"2025-10-14T13:34:48","date_gmt":"2025-10-14T13:34:48","guid":{"rendered":"https:\/\/xenonkungen.com\/?post_type=product&#038;p=15631"},"modified":"2026-05-11T09:10:59","modified_gmt":"2026-05-11T08:10:59","slug":"balasto-xk-mercedes-a2048700326-130732923900","status":"publish","type":"product","link":"https:\/\/xenonkungen.com\/es\/producto\/balasto-xk-mercedes-a2048700326-130732923900\/","title":{"rendered":"Lastre XK | Mercedes | A2048700326 \/\/ 130732923900"},"content":{"rendered":"<p>Balastro de xen\u00f3n de posventa para MERCEDES C300, C350, C63 AMG 2008-2011 seg\u00fan el modelo original que reemplaza el modelo similar de Mercedes OEM A2048700326, 130732923900.<\/p>\n<p>12 V CC.<\/p>\n<p>OEM hace de este lastre se encuentran en los siguientes coches:<\/p>\n<p><strong>MERCEDES<\/strong> C300 2008-2011<br \/>\n<strong>MERCEDES<\/strong> C350 2008-2011<br \/>\n<strong>MERCEDES<\/strong> C63 AMG 2008-2011<\/p>\n<p><strong>2 a\u00f1os de garant\u00eda<\/strong><\/p>\n<p><strong>Es bueno saberlo<\/strong><br \/>\nEn el mercado existen este tipo de r\u00e9plicas de productos originales. La caracter\u00edstica m\u00e1s com\u00fan de los originales y las copias es la carcasa exterior. Lo que las distingue son los componentes, la programaci\u00f3n y la calidad.<br \/>\nY esto tambi\u00e9n se aplica entre distintos fabricantes de r\u00e9plicas.<br \/>\nAunque el original es totalmente funcional para todos los veh\u00edculos de la lista, algunas copias pueden tener una funcionalidad limitada para marcas o modelos concretos en funci\u00f3n, entre otras cosas, de los conocimientos t\u00e9cnicos y la ambici\u00f3n del fabricante.<br \/>\nNuestros balastos XK son m\u00e1s caros y, por tanto, generalmente mejores que las alternativas m\u00e1s baratas, que, por cierto, tambi\u00e9n pueden tener precios m\u00e1s altos de la competencia.<\/p>","protected":false},"excerpt":{"rendered":"<p><b>Sustituci\u00f3n original<\/b> <b>Alta calidad<\/b> <b>Se adapta a muchos modelos de coche<\/b> <b>2 a\u00f1os de garant\u00eda<\/b><\/p>","protected":false},"featured_media":15637,"comment_status":"open","ping_status":"closed","template":"","meta":{"_acf_changed":false,"_smort_price_nok":"1917","_smort_price_dkk":"1218","_smort_price_eur":"163.17","_smort_sale_price_nok":"","_smort_sale_price_dkk":"","_smort_sale_price_eur":"","smort_restorder":"","shipmondo_restorder":"","_kad_blocks_custom_css":"","_kad_blocks_head_custom_js":"","_kad_blocks_body_custom_js":"","_kad_blocks_footer_custom_js":"","smort_custom_pricelist_1":"1148.8","smort_custom_pricelist_2":"1005.2","smort_custom_pricelist_3":"933.4","smort_custom_pricelist_4":"1436","smort_custom_pricelist_5":"1005.2"},"anvandningsomrade":[],"bilmarken":[412,215],"product_brand":[],"product_cat":[2484,789,733],"product_tag":[],"class_list":{"0":"post-15631","1":"product","2":"type-product","3":"status-publish","4":"has-post-thumbnail","6":"bilmarken-mercedes","7":"bilmarken-mercedes-benz","8":"product_cat-ballast-halvljus-helljus","9":"product_cat-ballast","10":"product_cat-halvljus-helljus","11":"pa_volt-v-159","13":"first","14":"instock","15":"taxable","16":"shipping-taxable","17":"purchasable","18":"product-type-simple"},"bundled_by":[],"bundle_stock_status":"instock","bundle_stock_quantity":7,"bundle_virtual":false,"bundle_layout":"","bundle_add_to_cart_form_location":"","bundle_editable_in_cart":false,"bundle_sold_individually_context":"","bundle_item_grouping":"","bundle_min_size":"","bundle_max_size":"","bundle_price":[],"bundled_items":[],"bundle_sell_ids":[],"acf":[],"yoast_head":"<!-- This site is optimized with the Yoast SEO plugin v27.0 - https:\/\/yoast.com\/product\/yoast-seo-wordpress\/ -->\n<title>XK Ballast | Mercedes | A2048700326 \/\/ 130732923900 - Xenonkungen<\/title>\n<meta name=\"robots\" content=\"index, follow, max-snippet:-1, max-image-preview:large, max-video-preview:-1\" \/>\n<link rel=\"canonical\" href=\"https:\/\/xenonkungen.com\/es\/producto\/balasto-xk-mercedes-a2048700326-130732923900\/\" \/>\n<meta property=\"og:locale\" content=\"es_ES\" \/>\n<meta property=\"og:type\" content=\"article\" \/>\n<meta property=\"og:title\" content=\"XK Ballast | Mercedes | A2048700326 \/\/ 130732923900 - Xenonkungen\" \/>\n<meta property=\"og:description\" content=\"Orginalers\u00e4ttning H\u00f6g kvalitet Passar m\u00e5nga olika bilmodeller 2 \u00e5rs garanti\" \/>\n<meta property=\"og:url\" content=\"https:\/\/xenonkungen.com\/es\/producto\/balasto-xk-mercedes-a2048700326-130732923900\/\" \/>\n<meta property=\"og:site_name\" content=\"Xenonkungen\" \/>\n<meta property=\"article:modified_time\" content=\"2026-05-11T08:10:59+00:00\" \/>\n<meta property=\"og:image\" content=\"https:\/\/xenonkungen.com\/wp-content\/uploads\/2025\/10\/TPS-MB1-XK259475-2000px-PNNG-1024x901.png\" \/>\n\t<meta property=\"og:image:width\" content=\"1024\" \/>\n\t<meta property=\"og:image:height\" content=\"901\" \/>\n\t<meta property=\"og:image:type\" content=\"image\/png\" \/>\n<meta name=\"twitter:card\" content=\"summary_large_image\" \/>\n<meta name=\"twitter:label1\" content=\"Tiempo de lectura\" \/>\n\t<meta name=\"twitter:data1\" content=\"1 minuto\" \/>\n<script type=\"application\/ld+json\" class=\"yoast-schema-graph\">{\"@context\":\"https:\/\/schema.org\",\"@graph\":[{\"@type\":\"WebPage\",\"@id\":\"https:\/\/xenonkungen.com\/produkt\/xk-ballast-mercedes-a2048700326-130732923900\/\",\"url\":\"https:\/\/xenonkungen.com\/produkt\/xk-ballast-mercedes-a2048700326-130732923900\/\",\"name\":\"XK Ballast | Mercedes | A2048700326 \/\/ 130732923900 - Xenonkungen\",\"isPartOf\":{\"@id\":\"https:\/\/xenonkungen.com\/#website\"},\"primaryImageOfPage\":{\"@id\":\"https:\/\/xenonkungen.com\/produkt\/xk-ballast-mercedes-a2048700326-130732923900\/#primaryimage\"},\"image\":{\"@id\":\"https:\/\/xenonkungen.com\/produkt\/xk-ballast-mercedes-a2048700326-130732923900\/#primaryimage\"},\"thumbnailUrl\":\"https:\/\/xenonkungen.com\/wp-content\/uploads\/2025\/10\/TPS-MB1-XK259475-2000px-PNNG.png\",\"datePublished\":\"2025-10-14T13:34:48+00:00\",\"dateModified\":\"2026-05-11T08:10:59+00:00\",\"breadcrumb\":{\"@id\":\"https:\/\/xenonkungen.com\/produkt\/xk-ballast-mercedes-a2048700326-130732923900\/#breadcrumb\"},\"inLanguage\":\"es\",\"potentialAction\":[{\"@type\":\"ReadAction\",\"target\":[\"https:\/\/xenonkungen.com\/produkt\/xk-ballast-mercedes-a2048700326-130732923900\/\"]}]},{\"@type\":\"ImageObject\",\"inLanguage\":\"es\",\"@id\":\"https:\/\/xenonkungen.com\/produkt\/xk-ballast-mercedes-a2048700326-130732923900\/#primaryimage\",\"url\":\"https:\/\/xenonkungen.com\/wp-content\/uploads\/2025\/10\/TPS-MB1-XK259475-2000px-PNNG.png\",\"contentUrl\":\"https:\/\/xenonkungen.com\/wp-content\/uploads\/2025\/10\/TPS-MB1-XK259475-2000px-PNNG.png\",\"width\":2200,\"height\":1936},{\"@type\":\"BreadcrumbList\",\"@id\":\"https:\/\/xenonkungen.com\/produkt\/xk-ballast-mercedes-a2048700326-130732923900\/#breadcrumb\",\"itemListElement\":[{\"@type\":\"ListItem\",\"position\":1,\"name\":\"Hem\",\"item\":\"https:\/\/xenonkungen.com\/\"},{\"@type\":\"ListItem\",\"position\":2,\"name\":\"Shop\",\"item\":\"https:\/\/xenonkungen.com\/shop\/\"},{\"@type\":\"ListItem\",\"position\":3,\"name\":\"XK Ballast | Mercedes | A2048700326 \/\/ 130732923900\"}]},{\"@type\":\"WebSite\",\"@id\":\"https:\/\/xenonkungen.com\/#website\",\"url\":\"https:\/\/xenonkungen.com\/\",\"name\":\"Xenonkungen\",\"description\":\"\",\"potentialAction\":[{\"@type\":\"SearchAction\",\"target\":{\"@type\":\"EntryPoint\",\"urlTemplate\":\"https:\/\/xenonkungen.com\/?s={search_term_string}\"},\"query-input\":{\"@type\":\"PropertyValueSpecification\",\"valueRequired\":true,\"valueName\":\"search_term_string\"}}],\"inLanguage\":\"es\"}]}<\/script>\n<!-- \/ Yoast SEO plugin. -->","yoast_head_json":{"title":"Balasto XK | Mercedes | A2048700326 \/\/ 130732923900 - El Rey del Xen\u00f3n","robots":{"index":"index","follow":"follow","max-snippet":"max-snippet:-1","max-image-preview":"max-image-preview:large","max-video-preview":"max-video-preview:-1"},"canonical":"https:\/\/xenonkungen.com\/es\/producto\/balasto-xk-mercedes-a2048700326-130732923900\/","og_locale":"es_ES","og_type":"article","og_title":"XK Ballast | Mercedes | A2048700326 \/\/ 130732923900 - Xenonkungen","og_description":"Orginalers\u00e4ttning H\u00f6g kvalitet Passar m\u00e5nga olika bilmodeller 2 \u00e5rs garanti","og_url":"https:\/\/xenonkungen.com\/es\/producto\/balasto-xk-mercedes-a2048700326-130732923900\/","og_site_name":"Xenonkungen","article_modified_time":"2026-05-11T08:10:59+00:00","og_image":[{"width":1024,"height":901,"url":"https:\/\/xenonkungen.com\/wp-content\/uploads\/2025\/10\/TPS-MB1-XK259475-2000px-PNNG-1024x901.png","type":"image\/png"}],"twitter_card":"summary_large_image","twitter_misc":{"Tiempo de lectura":"1 minuto"},"schema":{"@context":"https:\/\/schema.org","@graph":[{"@type":"WebPage","@id":"https:\/\/xenonkungen.com\/produkt\/xk-ballast-mercedes-a2048700326-130732923900\/","url":"https:\/\/xenonkungen.com\/produkt\/xk-ballast-mercedes-a2048700326-130732923900\/","name":"Balasto XK | Mercedes | A2048700326 \/\/ 130732923900 - El Rey del Xen\u00f3n","isPartOf":{"@id":"https:\/\/xenonkungen.com\/#website"},"primaryImageOfPage":{"@id":"https:\/\/xenonkungen.com\/produkt\/xk-ballast-mercedes-a2048700326-130732923900\/#primaryimage"},"image":{"@id":"https:\/\/xenonkungen.com\/produkt\/xk-ballast-mercedes-a2048700326-130732923900\/#primaryimage"},"thumbnailUrl":"https:\/\/xenonkungen.com\/wp-content\/uploads\/2025\/10\/TPS-MB1-XK259475-2000px-PNNG.png","datePublished":"2025-10-14T13:34:48+00:00","dateModified":"2026-05-11T08:10:59+00:00","breadcrumb":{"@id":"https:\/\/xenonkungen.com\/produkt\/xk-ballast-mercedes-a2048700326-130732923900\/#breadcrumb"},"inLanguage":"es","potentialAction":[{"@type":"ReadAction","target":["https:\/\/xenonkungen.com\/produkt\/xk-ballast-mercedes-a2048700326-130732923900\/"]}]},{"@type":"ImageObject","inLanguage":"es","@id":"https:\/\/xenonkungen.com\/produkt\/xk-ballast-mercedes-a2048700326-130732923900\/#primaryimage","url":"https:\/\/xenonkungen.com\/wp-content\/uploads\/2025\/10\/TPS-MB1-XK259475-2000px-PNNG.png","contentUrl":"https:\/\/xenonkungen.com\/wp-content\/uploads\/2025\/10\/TPS-MB1-XK259475-2000px-PNNG.png","width":2200,"height":1936},{"@type":"BreadcrumbList","@id":"https:\/\/xenonkungen.com\/produkt\/xk-ballast-mercedes-a2048700326-130732923900\/#breadcrumb","itemListElement":[{"@type":"ListItem","position":1,"name":"Hem","item":"https:\/\/xenonkungen.com\/"},{"@type":"ListItem","position":2,"name":"Shop","item":"https:\/\/xenonkungen.com\/shop\/"},{"@type":"ListItem","position":3,"name":"XK Ballast | Mercedes | A2048700326 \/\/ 130732923900"}]},{"@type":"WebSite","@id":"https:\/\/xenonkungen.com\/#website","url":"https:\/\/xenonkungen.com\/","name":"Xenonkungen","description":"","potentialAction":[{"@type":"SearchAction","target":{"@type":"EntryPoint","urlTemplate":"https:\/\/xenonkungen.com\/?s={search_term_string}"},"query-input":{"@type":"PropertyValueSpecification","valueRequired":true,"valueName":"search_term_string"}}],"inLanguage":"es"}]}},"taxonomy_info":{"bilmarken":[{"value":412,"label":"Mercedes"},{"value":215,"label":"Mercedes-Benz"}],"product_cat":[{"value":2484,"label":"Ballast"},{"value":789,"label":"Ballast"},{"value":733,"label":"Halvljus \/ Helljus"}],"pa_volt-v":[{"value":159,"label":"12"}]},"featured_image_src_large":["https:\/\/xenonkungen.com\/wp-content\/uploads\/2025\/10\/TPS-MB1-XK259475-2000px-PNNG-1024x901.png",1024,901,true],"author_info":[],"comment_info":0,"_links":{"self":[{"href":"https:\/\/xenonkungen.com\/es\/wp-json\/wp\/v2\/product\/15631","targetHints":{"allow":["GET"]}}],"collection":[{"href":"https:\/\/xenonkungen.com\/es\/wp-json\/wp\/v2\/product"}],"about":[{"href":"https:\/\/xenonkungen.com\/es\/wp-json\/wp\/v2\/types\/product"}],"replies":[{"embeddable":true,"href":"https:\/\/xenonkungen.com\/es\/wp-json\/wp\/v2\/comments?post=15631"}],"wp:featuredmedia":[{"embeddable":true,"href":"https:\/\/xenonkungen.com\/es\/wp-json\/wp\/v2\/media\/15637"}],"wp:attachment":[{"href":"https:\/\/xenonkungen.com\/es\/wp-json\/wp\/v2\/media?parent=15631"}],"wp:term":[{"taxonomy":"anvandningsomrade","embeddable":true,"href":"https:\/\/xenonkungen.com\/es\/wp-json\/wp\/v2\/anvandningsomrade?post=15631"},{"taxonomy":"bilmarken","embeddable":true,"href":"https:\/\/xenonkungen.com\/es\/wp-json\/wp\/v2\/bilmarken?post=15631"},{"taxonomy":"product_brand","embeddable":true,"href":"https:\/\/xenonkungen.com\/es\/wp-json\/wp\/v2\/product_brand?post=15631"},{"taxonomy":"product_cat","embeddable":true,"href":"https:\/\/xenonkungen.com\/es\/wp-json\/wp\/v2\/product_cat?post=15631"},{"taxonomy":"product_tag","embeddable":true,"href":"https:\/\/xenonkungen.com\/es\/wp-json\/wp\/v2\/product_tag?post=15631"}],"curies":[{"name":"wp","href":"https:\/\/api.w.org\/{rel}","templated":true}]}}