{"id":15702,"date":"2025-11-11T10:12:39","date_gmt":"2025-11-11T09:12:39","guid":{"rendered":"https:\/\/xenonkungen.com\/?post_type=product&#038;p=15702"},"modified":"2026-04-19T17:04:37","modified_gmt":"2026-04-19T16:04:37","slug":"nightbreaker-speed-h4-450-homologado-para-circular-en-la-calle","status":"publish","type":"product","link":"https:\/\/xenonkungen.com\/es\/producto\/nightbreaker-speed-h4-450-homologado-para-circular-en-la-calle\/","title":{"rendered":"NIGHT BREAKER SPEED H4 450 | Homologada para circular por la calle"},"content":{"rendered":"<h2 data-start=\"167\" data-end=\"228\">OSRAM NIGHT BREAKER LED SPEED: Ve la carretera como nunca antes<\/h2>\n<p data-start=\"230\" data-end=\"539\">Experimente la iluminaci\u00f3n del futuro hoy con OSRAM NIGHT BREAKER LED SPEED, una revolucionaria l\u00e1mpara LED de actualizaci\u00f3n que lleva su conducci\u00f3n al siguiente nivel.<br data-start=\"380\" data-end=\"383\" \/>Combina legalidad vial, instalaci\u00f3n r\u00e1pida y rendimiento extremo, todo en una l\u00e1mpara que ilumina la carretera con una precisi\u00f3n impresionante.<\/p>\n<h3 data-start=\"541\" data-end=\"578\">Hasta 450 % m\u00e1s brillo<\/h3>\n<p data-start=\"579\" data-end=\"859\">Con la innovadora tecnolog\u00eda LED de OSRAM, obtendr\u00e1 una visibilidad y visibilidad excepcionales, proporcionando un mejor control y una conducci\u00f3n m\u00e1s segura independientemente del clima y las condiciones de la carretera.<br data-start=\"733\" data-end=\"736\" \/>Con un alcance de luz de hasta 240 metros, ver\u00e1s obst\u00e1culos y se\u00f1ales de tr\u00e1fico mucho antes que con las l\u00e1mparas hal\u00f3genas tradicionales.<\/p>\n<h3 data-start=\"861\" data-end=\"903\">Dise\u00f1o moderno y f\u00e1cil actualizaci\u00f3n.<\/h3>\n<p data-start=\"904\" data-end=\"1198\">Reemplace sus antiguas l\u00e1mparas hal\u00f3genas con la \u00faltima tecnolog\u00eda LED: r\u00e1pida y f\u00e1cilmente.<br data-start=\"985\" data-end=\"988\" \/>NIGHT BREAKER LED SPEED es plug-and-play, compatible 1:1 con l\u00e1mparas hal\u00f3genas y no requiere modificaciones complicadas.<br data-start=\"1106\" data-end=\"1109\" \/>La luz blanca fr\u00eda de hasta 6000 K le da al autom\u00f3vil un aspecto moderno y elegante.<\/p>\n<h3 data-start=\"1200\" data-end=\"1234\">Iluminaci\u00f3n segura y sin deslumbramiento<\/h3>\n<p data-start=\"1235\" data-end=\"1482\">La avanzada tecnolog\u00eda antideslumbrante de OSRAM garantiza un flujo de luz enfocado y controlado.<br data-start=\"1330\" data-end=\"1333\" \/>El deslumbramiento para el tr\u00e1fico que viene en sentido contrario se reduce hasta en un 50 % en comparaci\u00f3n con los valores m\u00e1ximos legales, lo que aumenta la seguridad tanto para usted como para los dem\u00e1s usuarios de la carretera.<\/p>\n<h3 data-start=\"1484\" data-end=\"1531\">Sostenible, eficiente y construido para el futuro<\/h3>\n<ul data-start=\"1532\" data-end=\"1767\">\n<li data-start=\"1532\" data-end=\"1590\">\n<p data-start=\"1534\" data-end=\"1590\">Consume hasta un 60% menos de energ\u00eda que las l\u00e1mparas hal\u00f3genas<\/p>\n<\/li>\n<li data-start=\"1591\" data-end=\"1661\">\n<p data-start=\"1593\" data-end=\"1661\">Vida \u00fatil hasta seis veces mayor: menos mantenimiento y desperdicio<\/p>\n<\/li>\n<li data-start=\"1662\" data-end=\"1724\">\n<p data-start=\"1664\" data-end=\"1724\">Envases sin pl\u00e1stico que contribuyen a reducir el impacto ambiental<\/p>\n<\/li>\n<li data-start=\"1725\" data-end=\"1767\">\n<p data-start=\"1727\" data-end=\"1767\">5 + 1 a\u00f1o de garant\u00eda para mayor tranquilidad<\/p>\n<\/li>\n<\/ul>\n<h3 data-start=\"1769\" data-end=\"1789\">Resumen ejecutivo<\/h3>\n<p data-start=\"1790\" data-end=\"1956\">F\u00e1cil instalaci\u00f3n<br data-start=\"1808\" data-end=\"1811\" \/>Actualizaci\u00f3n de LED legal y segura<br data-start=\"1846\" data-end=\"1849\" \/>Brillo muy alto y visibilidad mejorada.<br data-start=\"1890\" data-end=\"1893\" \/>Larga vida \u00fatil y eficiencia energ\u00e9tica.<br data-start=\"1926\" data-end=\"1929\" \/>Dise\u00f1o moderno y elegante.<\/p>\n<hr \/>\n<h2><a href=\"https:\/\/look.ams-osram.com\/m\/279bdebe1f871386\/original\/led-night-breaker-h7-vehicle-list-en.pdf\">Ver modelos de coche compatibles aqu\u00ed<\/a><\/h2>","protected":false},"excerpt":{"rendered":"<p>OSRAM NIGHT BREAKER LED SPEED \u2013 Se v\u00e4gen som aldrig f\u00f6rr Upplev framtidens belysning redan idag med OSRAM NIGHT BREAKER LED SPEED \u2013 en revolutionerande LED-retrofit-lampa som tar din k\u00f6rning till n\u00e4sta niv\u00e5.Den kombinerar laglig anv\u00e4ndning p\u00e5 allm\u00e4n v\u00e4g, snabb installation och extrem prestanda \u2013 allt i en lampa som lyser upp v\u00e4gen med imponerande [&hellip;]<\/p>","protected":false},"featured_media":15706,"comment_status":"open","ping_status":"closed","template":"","meta":{"_acf_changed":false,"_smort_price_nok":"2345","_smort_price_dkk":"","_smort_price_eur":"","_smort_sale_price_nok":"","_smort_sale_price_dkk":"","_smort_sale_price_eur":"","smort_restorder":"","shipmondo_restorder":"","_kad_blocks_custom_css":"","_kad_blocks_head_custom_js":"","_kad_blocks_body_custom_js":"","_kad_blocks_footer_custom_js":"","smort_custom_pricelist_1":"1404.8","smort_custom_pricelist_2":"1229.2","smort_custom_pricelist_3":"1141.4","smort_custom_pricelist_4":"1756","smort_custom_pricelist_5":"1229.2"},"anvandningsomrade":[],"bilmarken":[],"product_brand":[108],"product_cat":[2633,733],"product_tag":[],"class_list":{"0":"post-15702","1":"product","2":"type-product","3":"status-publish","4":"has-post-thumbnail","6":"product_brand-osram","7":"product_cat-osram-ledriving-halvljus-helljus","8":"product_cat-halvljus-helljus","9":"pa_faktisk-effekts-forbrukning-1702","10":"pa_fargtemperatur-6000k","11":"pa_godkannande-abg","12":"pa_lampsockel-kontakt-h4","13":"pa_volt-v-159","15":"first","16":"instock","17":"taxable","18":"shipping-taxable","19":"purchasable","20":"product-type-simple"},"bundled_by":[],"bundle_stock_status":"instock","bundle_stock_quantity":13,"bundle_virtual":false,"bundle_layout":"","bundle_add_to_cart_form_location":"","bundle_editable_in_cart":false,"bundle_sold_individually_context":"","bundle_item_grouping":"","bundle_min_size":"","bundle_max_size":"","bundle_price":[],"bundled_items":[],"bundle_sell_ids":[],"acf":[],"yoast_head":"<!-- This site is optimized with the Yoast SEO plugin v27.0 - https:\/\/yoast.com\/product\/yoast-seo-wordpress\/ -->\n<title>NIGHT BREAKER SPEED H4 450 | Street Legal - Xenonkungen<\/title>\n<meta name=\"robots\" content=\"index, follow, max-snippet:-1, max-image-preview:large, max-video-preview:-1\" \/>\n<link rel=\"canonical\" href=\"https:\/\/xenonkungen.com\/es\/producto\/nightbreaker-speed-h4-450-homologado-para-circular-en-la-calle\/\" \/>\n<meta property=\"og:locale\" content=\"es_ES\" \/>\n<meta property=\"og:type\" content=\"article\" \/>\n<meta property=\"og:title\" content=\"NIGHT BREAKER SPEED H4 450 | Street Legal - Xenonkungen\" \/>\n<meta property=\"og:description\" content=\"OSRAM NIGHT BREAKER LED SPEED \u2013 Se v\u00e4gen som aldrig f\u00f6rr Upplev framtidens belysning redan idag med OSRAM NIGHT BREAKER LED SPEED \u2013 en revolutionerande LED-retrofit-lampa som tar din k\u00f6rning till n\u00e4sta niv\u00e5.Den kombinerar laglig anv\u00e4ndning p\u00e5 allm\u00e4n v\u00e4g, snabb installation och extrem prestanda \u2013 allt i en lampa som lyser upp v\u00e4gen med imponerande [&hellip;]\" \/>\n<meta property=\"og:url\" content=\"https:\/\/xenonkungen.com\/es\/producto\/nightbreaker-speed-h4-450-homologado-para-circular-en-la-calle\/\" \/>\n<meta property=\"og:site_name\" content=\"Xenonkungen\" \/>\n<meta property=\"article:modified_time\" content=\"2026-04-19T16:04:37+00:00\" \/>\n<meta property=\"og:image\" content=\"https:\/\/xenonkungen.com\/wp-content\/uploads\/2025\/10\/Small-for-web-and-ppt-PI_WFPIO-338_NIGHT_BREAKER_LED_SPEED_H4_2x_Versatz_01.jpg\" \/>\n\t<meta property=\"og:image:width\" content=\"1024\" \/>\n\t<meta property=\"og:image:height\" content=\"1024\" \/>\n\t<meta property=\"og:image:type\" content=\"image\/jpeg\" \/>\n<meta name=\"twitter:card\" content=\"summary_large_image\" \/>\n<meta name=\"twitter:label1\" content=\"Tiempo de lectura\" \/>\n\t<meta name=\"twitter:data1\" content=\"2 minutos\" \/>\n<script type=\"application\/ld+json\" class=\"yoast-schema-graph\">{\"@context\":\"https:\/\/schema.org\",\"@graph\":[{\"@type\":\"WebPage\",\"@id\":\"https:\/\/xenonkungen.com\/produkt\/night-breaker-speed-h4-450-street-legal\/\",\"url\":\"https:\/\/xenonkungen.com\/produkt\/night-breaker-speed-h4-450-street-legal\/\",\"name\":\"NIGHT BREAKER SPEED H4 450 | Street Legal - Xenonkungen\",\"isPartOf\":{\"@id\":\"https:\/\/xenonkungen.com\/#website\"},\"primaryImageOfPage\":{\"@id\":\"https:\/\/xenonkungen.com\/produkt\/night-breaker-speed-h4-450-street-legal\/#primaryimage\"},\"image\":{\"@id\":\"https:\/\/xenonkungen.com\/produkt\/night-breaker-speed-h4-450-street-legal\/#primaryimage\"},\"thumbnailUrl\":\"https:\/\/xenonkungen.com\/wp-content\/uploads\/2025\/10\/Small-for-web-and-ppt-PI_WFPIO-338_NIGHT_BREAKER_LED_SPEED_H4_2x_Versatz_01.jpg\",\"datePublished\":\"2025-11-11T09:12:39+00:00\",\"dateModified\":\"2026-04-19T16:04:37+00:00\",\"breadcrumb\":{\"@id\":\"https:\/\/xenonkungen.com\/produkt\/night-breaker-speed-h4-450-street-legal\/#breadcrumb\"},\"inLanguage\":\"es\",\"potentialAction\":[{\"@type\":\"ReadAction\",\"target\":[\"https:\/\/xenonkungen.com\/produkt\/night-breaker-speed-h4-450-street-legal\/\"]}]},{\"@type\":\"ImageObject\",\"inLanguage\":\"es\",\"@id\":\"https:\/\/xenonkungen.com\/produkt\/night-breaker-speed-h4-450-street-legal\/#primaryimage\",\"url\":\"https:\/\/xenonkungen.com\/wp-content\/uploads\/2025\/10\/Small-for-web-and-ppt-PI_WFPIO-338_NIGHT_BREAKER_LED_SPEED_H4_2x_Versatz_01.jpg\",\"contentUrl\":\"https:\/\/xenonkungen.com\/wp-content\/uploads\/2025\/10\/Small-for-web-and-ppt-PI_WFPIO-338_NIGHT_BREAKER_LED_SPEED_H4_2x_Versatz_01.jpg\",\"width\":1024,\"height\":1024},{\"@type\":\"BreadcrumbList\",\"@id\":\"https:\/\/xenonkungen.com\/produkt\/night-breaker-speed-h4-450-street-legal\/#breadcrumb\",\"itemListElement\":[{\"@type\":\"ListItem\",\"position\":1,\"name\":\"Hem\",\"item\":\"https:\/\/xenonkungen.com\/\"},{\"@type\":\"ListItem\",\"position\":2,\"name\":\"Shop\",\"item\":\"https:\/\/xenonkungen.com\/shop\/\"},{\"@type\":\"ListItem\",\"position\":3,\"name\":\"NIGHT BREAKER SPEED H4 450 | Street Legal\"}]},{\"@type\":\"WebSite\",\"@id\":\"https:\/\/xenonkungen.com\/#website\",\"url\":\"https:\/\/xenonkungen.com\/\",\"name\":\"Xenonkungen\",\"description\":\"\",\"potentialAction\":[{\"@type\":\"SearchAction\",\"target\":{\"@type\":\"EntryPoint\",\"urlTemplate\":\"https:\/\/xenonkungen.com\/?s={search_term_string}\"},\"query-input\":{\"@type\":\"PropertyValueSpecification\",\"valueRequired\":true,\"valueName\":\"search_term_string\"}}],\"inLanguage\":\"es\"}]}<\/script>\n<!-- \/ Yoast SEO plugin. -->","yoast_head_json":{"title":"NIGHT BREAKER SPEED H4 450 | Homologado para circular - El rey del xen\u00f3n","robots":{"index":"index","follow":"follow","max-snippet":"max-snippet:-1","max-image-preview":"max-image-preview:large","max-video-preview":"max-video-preview:-1"},"canonical":"https:\/\/xenonkungen.com\/es\/producto\/nightbreaker-speed-h4-450-homologado-para-circular-en-la-calle\/","og_locale":"es_ES","og_type":"article","og_title":"NIGHT BREAKER SPEED H4 450 | Street Legal - Xenonkungen","og_description":"OSRAM NIGHT BREAKER LED SPEED \u2013 Se v\u00e4gen som aldrig f\u00f6rr Upplev framtidens belysning redan idag med OSRAM NIGHT BREAKER LED SPEED \u2013 en revolutionerande LED-retrofit-lampa som tar din k\u00f6rning till n\u00e4sta niv\u00e5.Den kombinerar laglig anv\u00e4ndning p\u00e5 allm\u00e4n v\u00e4g, snabb installation och extrem prestanda \u2013 allt i en lampa som lyser upp v\u00e4gen med imponerande [&hellip;]","og_url":"https:\/\/xenonkungen.com\/es\/producto\/nightbreaker-speed-h4-450-homologado-para-circular-en-la-calle\/","og_site_name":"Xenonkungen","article_modified_time":"2026-04-19T16:04:37+00:00","og_image":[{"width":1024,"height":1024,"url":"https:\/\/xenonkungen.com\/wp-content\/uploads\/2025\/10\/Small-for-web-and-ppt-PI_WFPIO-338_NIGHT_BREAKER_LED_SPEED_H4_2x_Versatz_01.jpg","type":"image\/jpeg"}],"twitter_card":"summary_large_image","twitter_misc":{"Tiempo de lectura":"2 minutos"},"schema":{"@context":"https:\/\/schema.org","@graph":[{"@type":"WebPage","@id":"https:\/\/xenonkungen.com\/produkt\/night-breaker-speed-h4-450-street-legal\/","url":"https:\/\/xenonkungen.com\/produkt\/night-breaker-speed-h4-450-street-legal\/","name":"NIGHT BREAKER SPEED H4 450 | Homologado para circular - El rey del xen\u00f3n","isPartOf":{"@id":"https:\/\/xenonkungen.com\/#website"},"primaryImageOfPage":{"@id":"https:\/\/xenonkungen.com\/produkt\/night-breaker-speed-h4-450-street-legal\/#primaryimage"},"image":{"@id":"https:\/\/xenonkungen.com\/produkt\/night-breaker-speed-h4-450-street-legal\/#primaryimage"},"thumbnailUrl":"https:\/\/xenonkungen.com\/wp-content\/uploads\/2025\/10\/Small-for-web-and-ppt-PI_WFPIO-338_NIGHT_BREAKER_LED_SPEED_H4_2x_Versatz_01.jpg","datePublished":"2025-11-11T09:12:39+00:00","dateModified":"2026-04-19T16:04:37+00:00","breadcrumb":{"@id":"https:\/\/xenonkungen.com\/produkt\/night-breaker-speed-h4-450-street-legal\/#breadcrumb"},"inLanguage":"es","potentialAction":[{"@type":"ReadAction","target":["https:\/\/xenonkungen.com\/produkt\/night-breaker-speed-h4-450-street-legal\/"]}]},{"@type":"ImageObject","inLanguage":"es","@id":"https:\/\/xenonkungen.com\/produkt\/night-breaker-speed-h4-450-street-legal\/#primaryimage","url":"https:\/\/xenonkungen.com\/wp-content\/uploads\/2025\/10\/Small-for-web-and-ppt-PI_WFPIO-338_NIGHT_BREAKER_LED_SPEED_H4_2x_Versatz_01.jpg","contentUrl":"https:\/\/xenonkungen.com\/wp-content\/uploads\/2025\/10\/Small-for-web-and-ppt-PI_WFPIO-338_NIGHT_BREAKER_LED_SPEED_H4_2x_Versatz_01.jpg","width":1024,"height":1024},{"@type":"BreadcrumbList","@id":"https:\/\/xenonkungen.com\/produkt\/night-breaker-speed-h4-450-street-legal\/#breadcrumb","itemListElement":[{"@type":"ListItem","position":1,"name":"Hem","item":"https:\/\/xenonkungen.com\/"},{"@type":"ListItem","position":2,"name":"Shop","item":"https:\/\/xenonkungen.com\/shop\/"},{"@type":"ListItem","position":3,"name":"NIGHT BREAKER SPEED H4 450 | Street Legal"}]},{"@type":"WebSite","@id":"https:\/\/xenonkungen.com\/#website","url":"https:\/\/xenonkungen.com\/","name":"Xenonkungen","description":"","potentialAction":[{"@type":"SearchAction","target":{"@type":"EntryPoint","urlTemplate":"https:\/\/xenonkungen.com\/?s={search_term_string}"},"query-input":{"@type":"PropertyValueSpecification","valueRequired":true,"valueName":"search_term_string"}}],"inLanguage":"es"}]}},"taxonomy_info":{"product_brand":[{"value":108,"label":"OSRAM"}],"product_cat":[{"value":2633,"label":"OSRAM Ledriving"},{"value":733,"label":"Halvljus \/ Helljus"}],"pa_faktisk-effekts-forbrukning":[{"value":1702,"label":"14"}],"pa_fargtemperatur":[{"value":188,"label":"6000K"}],"pa_godkannande":[{"value":193,"label":"ABG"}],"pa_lampsockel-kontakt":[{"value":340,"label":"H4"}],"pa_volt-v":[{"value":159,"label":"12"}]},"featured_image_src_large":["https:\/\/xenonkungen.com\/wp-content\/uploads\/2025\/10\/Small-for-web-and-ppt-PI_WFPIO-338_NIGHT_BREAKER_LED_SPEED_H4_2x_Versatz_01.jpg",1024,1024,false],"author_info":[],"comment_info":2,"_links":{"self":[{"href":"https:\/\/xenonkungen.com\/es\/wp-json\/wp\/v2\/product\/15702","targetHints":{"allow":["GET"]}}],"collection":[{"href":"https:\/\/xenonkungen.com\/es\/wp-json\/wp\/v2\/product"}],"about":[{"href":"https:\/\/xenonkungen.com\/es\/wp-json\/wp\/v2\/types\/product"}],"replies":[{"embeddable":true,"href":"https:\/\/xenonkungen.com\/es\/wp-json\/wp\/v2\/comments?post=15702"}],"wp:featuredmedia":[{"embeddable":true,"href":"https:\/\/xenonkungen.com\/es\/wp-json\/wp\/v2\/media\/15706"}],"wp:attachment":[{"href":"https:\/\/xenonkungen.com\/es\/wp-json\/wp\/v2\/media?parent=15702"}],"wp:term":[{"taxonomy":"anvandningsomrade","embeddable":true,"href":"https:\/\/xenonkungen.com\/es\/wp-json\/wp\/v2\/anvandningsomrade?post=15702"},{"taxonomy":"bilmarken","embeddable":true,"href":"https:\/\/xenonkungen.com\/es\/wp-json\/wp\/v2\/bilmarken?post=15702"},{"taxonomy":"product_brand","embeddable":true,"href":"https:\/\/xenonkungen.com\/es\/wp-json\/wp\/v2\/product_brand?post=15702"},{"taxonomy":"product_cat","embeddable":true,"href":"https:\/\/xenonkungen.com\/es\/wp-json\/wp\/v2\/product_cat?post=15702"},{"taxonomy":"product_tag","embeddable":true,"href":"https:\/\/xenonkungen.com\/es\/wp-json\/wp\/v2\/product_tag?post=15702"}],"curies":[{"name":"wp","href":"https:\/\/api.w.org\/{rel}","templated":true}]}}