{"id":1576,"date":"2025-04-15T08:24:37","date_gmt":"2025-04-15T08:24:37","guid":{"rendered":"https:\/\/xenonkungen.com\/product\/ballast-hns-5c-canbus-50w12v\/"},"modified":"2026-04-17T12:03:59","modified_gmt":"2026-04-17T11:03:59","slug":"balasto-hns-5c-canbus-50w12v","status":"publish","type":"product","link":"https:\/\/xenonkungen.com\/es\/producto\/balasto-hns-5c-canbus-50w12v\/","title":{"rendered":"Balasto HNS-5C Canbus 50W|12V"},"content":{"rendered":"<p>Premium xen\u00f3n Can-bus lastre exclusivamente en Xenonkungen con potencia 50W (eficaz ~ 50W).<\/p>\n<p>En los pocos coches en los que HNS-4\/6 con HNS-C adicional no proporciona una funci\u00f3n canbus sin fallos, la soluci\u00f3n es HNS-5C.<br \/>Tambi\u00e9n sustituye a la pieza n\u00ba 103084 HNS-C50, que ha sido descatalogada.<\/p>\n<p>El lastre HNS-5C es necesario en estos coches:<br \/><strong>Volvo<\/strong> V70 2013-2015<br \/>&#8211;<\/p>\n<p>Excepciones conocidas:<br \/>Volvo XC70, V60, XC60 a\u00f1os modelo 2016-2017.<br \/><em>Funciona pero la advertencia de la l\u00e1mpara se produce despu\u00e9s de alg\u00fan tiempo.<\/em><\/p>\n<p>Una caracter\u00edstica exclusiva del HNS-5C es que puede hacer funcionar todas las l\u00e1mparas de xen\u00f3n, incluidas las sin plomo (D1\/D2\/D3\/D4). Sin embargo, para ello se necesitan cables especializados, tarea que se realiza aqu\u00ed para demostrar la avanzada tecnolog\u00eda del HNS-5C.<\/p>\n<p>En combinaci\u00f3n con nuestras propias l\u00e1mparas Power obtendr\u00e1 la siguiente luminosidad:<br \/>4300K = 5000\u00b1100 l\u00famenes<br \/>5000K = 4700\u00b1100 l\u00famenes<br \/>6000K = 4100\u00b1100 l\u00famenes<br \/>Valores reales seg\u00fan el espectroan\u00e1lisis.<\/p>\n<p>Tenga en cuenta que el HNS-5C no necesita el accesorio HNS-C.<\/p>","protected":false},"excerpt":{"rendered":"<p>Premium xenon Can-bus ballast exklusivt hos Xenonkungen med effekt 50W (effektivt ~50W). I de f\u00e5tal bilar d\u00e4r HNS-4\/6 med HNS-C i till\u00e4gg inte ger felfri canbus funktion \u00e4r l\u00f6sningen HNS-5C.Ers\u00e4tter \u00e4ven artnr 103084 HNS-C50 som utg\u00e5tt. Ballast HNS-5C \u00e4r n\u00f6dv\u00e4ndig i dessa bilar:Volvo V70 2013-2015&#8211; K\u00e4nda undantag:Volvo XC70, V60, XC60 \u00e5rsmodell 2016-2017.Fungerar men lampvarning uppst\u00e5r [&hellip;]<\/p>","protected":false},"featured_media":1577,"comment_status":"closed","ping_status":"closed","template":"","meta":{"_acf_changed":false,"_smort_price_nok":"480","_smort_price_dkk":"305","_smort_price_eur":"40.82","_smort_sale_price_nok":"","_smort_sale_price_dkk":"","_smort_sale_price_eur":"30.61","smort_restorder":"","shipmondo_restorder":"","_kad_blocks_custom_css":"","_kad_blocks_head_custom_js":"","_kad_blocks_body_custom_js":"","_kad_blocks_footer_custom_js":"","smort_custom_pricelist_1":"287.4","smort_custom_pricelist_2":"251.4","smort_custom_pricelist_3":"238.83","smort_custom_pricelist_4":"359.2","smort_custom_pricelist_5":"251.4"},"anvandningsomrade":[],"bilmarken":[],"product_brand":[],"product_cat":[2484,2485,789,733],"product_tag":[],"class_list":{"0":"post-1576","1":"product","2":"type-product","3":"status-publish","4":"has-post-thumbnail","6":"product_cat-ballast-halvljus-helljus","7":"product_cat-xenonkonventering","8":"product_cat-ballast","9":"product_cat-halvljus-helljus","10":"pa_faktisk-effekts-forbrukning-381","11":"pa_lampsockel-kontakt-9006-hb4","12":"pa_storlek-mm-110x70x18","13":"pa_volt-v-159","15":"first","16":"instock","17":"taxable","18":"shipping-taxable","19":"purchasable","20":"product-type-simple"},"bundled_by":[],"bundle_stock_status":"instock","bundle_stock_quantity":83,"bundle_virtual":false,"bundle_layout":"","bundle_add_to_cart_form_location":"","bundle_editable_in_cart":false,"bundle_sold_individually_context":"","bundle_item_grouping":"","bundle_min_size":"","bundle_max_size":"","bundle_price":[],"bundled_items":[],"bundle_sell_ids":[],"acf":[],"yoast_head":"<!-- This site is optimized with the Yoast SEO plugin v27.0 - https:\/\/yoast.com\/product\/yoast-seo-wordpress\/ -->\n<title>Ballast HNS-5C Canbus 50W|12V - Xenonkungen<\/title>\n<meta name=\"robots\" content=\"index, follow, max-snippet:-1, max-image-preview:large, max-video-preview:-1\" \/>\n<link rel=\"canonical\" href=\"https:\/\/xenonkungen.com\/es\/producto\/balasto-hns-5c-canbus-50w12v\/\" \/>\n<meta property=\"og:locale\" content=\"es_ES\" \/>\n<meta property=\"og:type\" content=\"article\" \/>\n<meta property=\"og:title\" content=\"Ballast HNS-5C Canbus 50W|12V - Xenonkungen\" \/>\n<meta property=\"og:description\" content=\"Premium xenon Can-bus ballast exklusivt hos Xenonkungen med effekt 50W (effektivt ~50W). I de f\u00e5tal bilar d\u00e4r HNS-4\/6 med HNS-C i till\u00e4gg inte ger felfri canbus funktion \u00e4r l\u00f6sningen HNS-5C.Ers\u00e4tter \u00e4ven artnr 103084 HNS-C50 som utg\u00e5tt. Ballast HNS-5C \u00e4r n\u00f6dv\u00e4ndig i dessa bilar:Volvo V70 2013-2015&#8211; K\u00e4nda undantag:Volvo XC70, V60, XC60 \u00e5rsmodell 2016-2017.Fungerar men lampvarning uppst\u00e5r [&hellip;]\" \/>\n<meta property=\"og:url\" content=\"https:\/\/xenonkungen.com\/es\/producto\/balasto-hns-5c-canbus-50w12v\/\" \/>\n<meta property=\"og:site_name\" content=\"Xenonkungen\" \/>\n<meta property=\"article:modified_time\" content=\"2026-04-17T11:03:59+00:00\" \/>\n<meta property=\"og:image\" content=\"https:\/\/xenonkungen.com\/wp-content\/uploads\/2025\/04\/100031284-origpic-48c92c.png\" \/>\n\t<meta property=\"og:image:width\" content=\"1000\" \/>\n\t<meta property=\"og:image:height\" content=\"1000\" \/>\n\t<meta property=\"og:image:type\" content=\"image\/png\" \/>\n<meta name=\"twitter:card\" content=\"summary_large_image\" \/>\n<meta name=\"twitter:label1\" content=\"Tiempo de lectura\" \/>\n\t<meta name=\"twitter:data1\" content=\"1 minuto\" \/>\n<script type=\"application\/ld+json\" class=\"yoast-schema-graph\">{\"@context\":\"https:\/\/schema.org\",\"@graph\":[{\"@type\":\"WebPage\",\"@id\":\"https:\/\/xenonkungen.com\/produkt\/ballast-hns-5c-canbus-50w12v\/\",\"url\":\"https:\/\/xenonkungen.com\/produkt\/ballast-hns-5c-canbus-50w12v\/\",\"name\":\"Ballast HNS-5C Canbus 50W|12V - Xenonkungen\",\"isPartOf\":{\"@id\":\"https:\/\/xenonkungen.com\/#website\"},\"primaryImageOfPage\":{\"@id\":\"https:\/\/xenonkungen.com\/produkt\/ballast-hns-5c-canbus-50w12v\/#primaryimage\"},\"image\":{\"@id\":\"https:\/\/xenonkungen.com\/produkt\/ballast-hns-5c-canbus-50w12v\/#primaryimage\"},\"thumbnailUrl\":\"https:\/\/xenonkungen.com\/wp-content\/uploads\/2025\/04\/100031284-origpic-48c92c.png\",\"datePublished\":\"2025-04-15T08:24:37+00:00\",\"dateModified\":\"2026-04-17T11:03:59+00:00\",\"breadcrumb\":{\"@id\":\"https:\/\/xenonkungen.com\/produkt\/ballast-hns-5c-canbus-50w12v\/#breadcrumb\"},\"inLanguage\":\"es\",\"potentialAction\":[{\"@type\":\"ReadAction\",\"target\":[\"https:\/\/xenonkungen.com\/produkt\/ballast-hns-5c-canbus-50w12v\/\"]}]},{\"@type\":\"ImageObject\",\"inLanguage\":\"es\",\"@id\":\"https:\/\/xenonkungen.com\/produkt\/ballast-hns-5c-canbus-50w12v\/#primaryimage\",\"url\":\"https:\/\/xenonkungen.com\/wp-content\/uploads\/2025\/04\/100031284-origpic-48c92c.png\",\"contentUrl\":\"https:\/\/xenonkungen.com\/wp-content\/uploads\/2025\/04\/100031284-origpic-48c92c.png\",\"width\":1000,\"height\":1000},{\"@type\":\"BreadcrumbList\",\"@id\":\"https:\/\/xenonkungen.com\/produkt\/ballast-hns-5c-canbus-50w12v\/#breadcrumb\",\"itemListElement\":[{\"@type\":\"ListItem\",\"position\":1,\"name\":\"Hem\",\"item\":\"https:\/\/xenonkungen.com\/\"},{\"@type\":\"ListItem\",\"position\":2,\"name\":\"Shop\",\"item\":\"https:\/\/xenonkungen.com\/shop\/\"},{\"@type\":\"ListItem\",\"position\":3,\"name\":\"Ballast HNS-5C Canbus 50W|12V\"}]},{\"@type\":\"WebSite\",\"@id\":\"https:\/\/xenonkungen.com\/#website\",\"url\":\"https:\/\/xenonkungen.com\/\",\"name\":\"Xenonkungen\",\"description\":\"\",\"potentialAction\":[{\"@type\":\"SearchAction\",\"target\":{\"@type\":\"EntryPoint\",\"urlTemplate\":\"https:\/\/xenonkungen.com\/?s={search_term_string}\"},\"query-input\":{\"@type\":\"PropertyValueSpecification\",\"valueRequired\":true,\"valueName\":\"search_term_string\"}}],\"inLanguage\":\"es\"}]}<\/script>\n<!-- \/ Yoast SEO plugin. -->","yoast_head_json":{"title":"Balastro HNS-5C Canbus 50W|12V - El rey del xen\u00f3n","robots":{"index":"index","follow":"follow","max-snippet":"max-snippet:-1","max-image-preview":"max-image-preview:large","max-video-preview":"max-video-preview:-1"},"canonical":"https:\/\/xenonkungen.com\/es\/producto\/balasto-hns-5c-canbus-50w12v\/","og_locale":"es_ES","og_type":"article","og_title":"Ballast HNS-5C Canbus 50W|12V - Xenonkungen","og_description":"Premium xenon Can-bus ballast exklusivt hos Xenonkungen med effekt 50W (effektivt ~50W). I de f\u00e5tal bilar d\u00e4r HNS-4\/6 med HNS-C i till\u00e4gg inte ger felfri canbus funktion \u00e4r l\u00f6sningen HNS-5C.Ers\u00e4tter \u00e4ven artnr 103084 HNS-C50 som utg\u00e5tt. Ballast HNS-5C \u00e4r n\u00f6dv\u00e4ndig i dessa bilar:Volvo V70 2013-2015&#8211; K\u00e4nda undantag:Volvo XC70, V60, XC60 \u00e5rsmodell 2016-2017.Fungerar men lampvarning uppst\u00e5r [&hellip;]","og_url":"https:\/\/xenonkungen.com\/es\/producto\/balasto-hns-5c-canbus-50w12v\/","og_site_name":"Xenonkungen","article_modified_time":"2026-04-17T11:03:59+00:00","og_image":[{"width":1000,"height":1000,"url":"https:\/\/xenonkungen.com\/wp-content\/uploads\/2025\/04\/100031284-origpic-48c92c.png","type":"image\/png"}],"twitter_card":"summary_large_image","twitter_misc":{"Tiempo de lectura":"1 minuto"},"schema":{"@context":"https:\/\/schema.org","@graph":[{"@type":"WebPage","@id":"https:\/\/xenonkungen.com\/produkt\/ballast-hns-5c-canbus-50w12v\/","url":"https:\/\/xenonkungen.com\/produkt\/ballast-hns-5c-canbus-50w12v\/","name":"Balastro HNS-5C Canbus 50W|12V - El rey del xen\u00f3n","isPartOf":{"@id":"https:\/\/xenonkungen.com\/#website"},"primaryImageOfPage":{"@id":"https:\/\/xenonkungen.com\/produkt\/ballast-hns-5c-canbus-50w12v\/#primaryimage"},"image":{"@id":"https:\/\/xenonkungen.com\/produkt\/ballast-hns-5c-canbus-50w12v\/#primaryimage"},"thumbnailUrl":"https:\/\/xenonkungen.com\/wp-content\/uploads\/2025\/04\/100031284-origpic-48c92c.png","datePublished":"2025-04-15T08:24:37+00:00","dateModified":"2026-04-17T11:03:59+00:00","breadcrumb":{"@id":"https:\/\/xenonkungen.com\/produkt\/ballast-hns-5c-canbus-50w12v\/#breadcrumb"},"inLanguage":"es","potentialAction":[{"@type":"ReadAction","target":["https:\/\/xenonkungen.com\/produkt\/ballast-hns-5c-canbus-50w12v\/"]}]},{"@type":"ImageObject","inLanguage":"es","@id":"https:\/\/xenonkungen.com\/produkt\/ballast-hns-5c-canbus-50w12v\/#primaryimage","url":"https:\/\/xenonkungen.com\/wp-content\/uploads\/2025\/04\/100031284-origpic-48c92c.png","contentUrl":"https:\/\/xenonkungen.com\/wp-content\/uploads\/2025\/04\/100031284-origpic-48c92c.png","width":1000,"height":1000},{"@type":"BreadcrumbList","@id":"https:\/\/xenonkungen.com\/produkt\/ballast-hns-5c-canbus-50w12v\/#breadcrumb","itemListElement":[{"@type":"ListItem","position":1,"name":"Hem","item":"https:\/\/xenonkungen.com\/"},{"@type":"ListItem","position":2,"name":"Shop","item":"https:\/\/xenonkungen.com\/shop\/"},{"@type":"ListItem","position":3,"name":"Ballast HNS-5C Canbus 50W|12V"}]},{"@type":"WebSite","@id":"https:\/\/xenonkungen.com\/#website","url":"https:\/\/xenonkungen.com\/","name":"Xenonkungen","description":"","potentialAction":[{"@type":"SearchAction","target":{"@type":"EntryPoint","urlTemplate":"https:\/\/xenonkungen.com\/?s={search_term_string}"},"query-input":{"@type":"PropertyValueSpecification","valueRequired":true,"valueName":"search_term_string"}}],"inLanguage":"es"}]}},"taxonomy_info":{"product_cat":[{"value":2484,"label":"Ballast"},{"value":2485,"label":"XENONKONVENTERING"},{"value":789,"label":"Ballast"},{"value":733,"label":"Halvljus \/ Helljus"}],"pa_faktisk-effekts-forbrukning":[{"value":381,"label":"50"}],"pa_lampsockel-kontakt":[{"value":326,"label":"9006 , HB4"}],"pa_storlek-mm":[{"value":491,"label":"110x70x18"}],"pa_volt-v":[{"value":159,"label":"12"}]},"featured_image_src_large":["https:\/\/xenonkungen.com\/wp-content\/uploads\/2025\/04\/100031284-origpic-48c92c.png",1000,1000,false],"author_info":[],"comment_info":2,"_links":{"self":[{"href":"https:\/\/xenonkungen.com\/es\/wp-json\/wp\/v2\/product\/1576","targetHints":{"allow":["GET"]}}],"collection":[{"href":"https:\/\/xenonkungen.com\/es\/wp-json\/wp\/v2\/product"}],"about":[{"href":"https:\/\/xenonkungen.com\/es\/wp-json\/wp\/v2\/types\/product"}],"replies":[{"embeddable":true,"href":"https:\/\/xenonkungen.com\/es\/wp-json\/wp\/v2\/comments?post=1576"}],"wp:featuredmedia":[{"embeddable":true,"href":"https:\/\/xenonkungen.com\/es\/wp-json\/wp\/v2\/media\/1577"}],"wp:attachment":[{"href":"https:\/\/xenonkungen.com\/es\/wp-json\/wp\/v2\/media?parent=1576"}],"wp:term":[{"taxonomy":"anvandningsomrade","embeddable":true,"href":"https:\/\/xenonkungen.com\/es\/wp-json\/wp\/v2\/anvandningsomrade?post=1576"},{"taxonomy":"bilmarken","embeddable":true,"href":"https:\/\/xenonkungen.com\/es\/wp-json\/wp\/v2\/bilmarken?post=1576"},{"taxonomy":"product_brand","embeddable":true,"href":"https:\/\/xenonkungen.com\/es\/wp-json\/wp\/v2\/product_brand?post=1576"},{"taxonomy":"product_cat","embeddable":true,"href":"https:\/\/xenonkungen.com\/es\/wp-json\/wp\/v2\/product_cat?post=1576"},{"taxonomy":"product_tag","embeddable":true,"href":"https:\/\/xenonkungen.com\/es\/wp-json\/wp\/v2\/product_tag?post=1576"}],"curies":[{"name":"wp","href":"https:\/\/api.w.org\/{rel}","templated":true}]}}