{"id":16135,"date":"2025-10-21T11:34:48","date_gmt":"2025-10-21T11:34:48","guid":{"rendered":"https:\/\/xenonkungen.com\/?post_type=product&#038;p=16135"},"modified":"2026-04-24T16:52:19","modified_gmt":"2026-04-24T15:52:19","slug":"luz-auxiliar-led-ozz-sqr-de-9%e2%80%b3-color-negro-160-w","status":"publish","type":"product","link":"https:\/\/xenonkungen.com\/es\/producto\/luz-auxiliar-led-ozz-sqr-de-9%e2%80%b3-color-negro-160-w\/","title":{"rendered":"OZZ SQR 9\u2033 Negro 160W - LED Luz Extra"},"content":{"rendered":"<h3 data-start=\"155\" data-end=\"211\">Serie SQR de OZZ Lights: la pr\u00f3xima generaci\u00f3n de luces auxiliares<\/h3>\n<p data-start=\"213\" data-end=\"482\">OZZ Lights revoluciona el mercado con la serie SQR: una nueva generaci\u00f3n de luces auxiliares que combinan potencia, precisi\u00f3n y dise\u00f1o de forma revolucionaria. Su exclusiva forma cuadrada ofrece una est\u00e9tica moderna, un montaje m\u00e1s firme y una iluminaci\u00f3n distintiva que realmente destaca.<\/p>\n<p data-start=\"484\" data-end=\"733\">Cada detalle est\u00e1 dise\u00f1ado pensando en el rendimiento y la calidad. La lente curva, la luz de posici\u00f3n din\u00e1mica y el patr\u00f3n de luz equilibrado ofrecen un alcance impresionante y una amplia cobertura, ideal para carreteras n\u00f3rdicas y condiciones adversas.<\/p>\n<h4 data-start=\"735\" data-end=\"752\">Caracter\u00edsticas<\/h4>\n<p data-start=\"754\" data-end=\"1397\">\u2022 Tama\u00f1o de 9\u201d<br data-start=\"781\" data-end=\"784\" \/>\u2022 Color: Edici\u00f3n negra<br data-start=\"818\" data-end=\"821\" \/>\u2022 Dise\u00f1o cuadrado para un ajuste ce\u00f1ido y una apariencia moderna.<br data-start=\"879\" data-end=\"882\" \/>\u2022 Patr\u00f3n de luz equilibrado con alcance y ancho \u00f3ptimos<br data-start=\"934\" data-end=\"937\" \/>\u2022 Luz de posici\u00f3n din\u00e1mica en blanco y naranja<br data-start=\"980\" data-end=\"983\" \/>\u2022 Modo estrobosc\u00f3pico para se\u00f1alizaci\u00f3n y mayor seguridad.<br data-start=\"1033\" data-end=\"1036\" \/>\u2022 Lente arqueada con sensaci\u00f3n de profundidad y car\u00e1cter de luz \u00fanico.<br data-start=\"1085\" data-end=\"1088\" \/>\u2022 Componentes de color combinado: lente, marco, carcasa y cubierta<br data-start=\"1141\" data-end=\"1144\" \/>\u2022 Aprobado electr\u00f3nicamente y legal en toda Europa<br data-start=\"1180\" data-end=\"1183\" \/>\u2022 Modo Boost para un m\u00e1ximo rendimiento todoterreno<br data-start=\"1302\" data-end=\"1305\" \/>\u2022 Modelos de 9\u201d: Conexi\u00f3n mediante DTP macho\/hembra de 2 pines + 5 cables<br data-start=\"1383\" data-end=\"1386\" \/>\u2022 Ref. 50<\/p>\n<p data-start=\"1399\" data-end=\"1529\">La serie SQR est\u00e1 creada para quienes desean lo mejor: iluminaci\u00f3n potente, dise\u00f1o sin concesiones y una identidad clara en la carretera.<\/p>","protected":false},"excerpt":{"rendered":"<p><strong>Luz auxiliar cuadrada con alcance, ancho y borde visual<\/strong><\/p>","protected":false},"featured_media":16138,"comment_status":"open","ping_status":"closed","template":"","meta":{"_acf_changed":false,"_smort_price_nok":"4913","_smort_price_dkk":"3121","_smort_price_eur":"418.16","_smort_sale_price_nok":"","_smort_sale_price_dkk":"","_smort_sale_price_eur":"","smort_restorder":"","shipmondo_restorder":"","_kad_blocks_custom_css":"","_kad_blocks_head_custom_js":"","_kad_blocks_body_custom_js":"","_kad_blocks_footer_custom_js":"","smort_custom_pricelist_1":"2944","smort_custom_pricelist_2":"2576","smort_custom_pricelist_3":"2576","smort_custom_pricelist_4":"3680","smort_custom_pricelist_5":"2576"},"anvandningsomrade":[],"bilmarken":[],"product_brand":[1051,109],"product_cat":[2839,142],"product_tag":[2788],"class_list":{"0":"post-16135","1":"product","2":"type-product","3":"status-publish","4":"has-post-thumbnail","6":"product_brand-ozz","7":"product_brand-ozz-lights","8":"product_cat-extraljus-9","9":"product_cat-extraljus","10":"product_tag-black-week-exclude","11":"pa_fargtemperatur-5000k","12":"pa_fuktskydd-varde-ipxx-ip68-ip69k","13":"pa_godkannande-ece","14":"pa_godkannande-r10","15":"pa_godkannande-r148","16":"pa_godkannande-r149","17":"pa_godkannande-emc","18":"pa_godkannande-r65","19":"pa_led-chips-effekt-w-694","20":"pa_ljusbild-driving","21":"pa_stromforbrukning-25a-24v","22":"pa_stromforbrukning-5a-12v","23":"pa_volt-v-multivolt-9-12-14-18-24-28-32","25":"first","26":"onbackorder","27":"taxable","28":"shipping-taxable","29":"purchasable","30":"product-type-simple"},"bundled_by":[],"bundle_stock_status":"onbackorder","bundle_stock_quantity":0,"bundle_virtual":false,"bundle_layout":"","bundle_add_to_cart_form_location":"","bundle_editable_in_cart":false,"bundle_sold_individually_context":"","bundle_item_grouping":"","bundle_min_size":"","bundle_max_size":"","bundle_price":[],"bundled_items":[],"bundle_sell_ids":[],"acf":[],"yoast_head":"<!-- This site is optimized with the Yoast SEO plugin v27.0 - https:\/\/yoast.com\/product\/yoast-seo-wordpress\/ -->\n<title>OZZ SQR 9\u2033 Black 160W - LED Extraljus - Xenonkungen<\/title>\n<meta name=\"robots\" content=\"index, follow, max-snippet:-1, max-image-preview:large, max-video-preview:-1\" \/>\n<link rel=\"canonical\" href=\"https:\/\/xenonkungen.com\/es\/producto\/luz-auxiliar-led-ozz-sqr-de-9\u2033-color-negro-160-w\/\" \/>\n<meta property=\"og:locale\" content=\"es_ES\" \/>\n<meta property=\"og:type\" content=\"article\" \/>\n<meta property=\"og:title\" content=\"OZZ SQR 9\u2033 Black 160W - LED Extraljus - Xenonkungen\" \/>\n<meta property=\"og:description\" content=\"Kvadratiskt extraljus med r\u00e4ckvidd, bredd och visuell edge\" \/>\n<meta property=\"og:url\" content=\"https:\/\/xenonkungen.com\/es\/producto\/luz-auxiliar-led-ozz-sqr-de-9\u2033-color-negro-160-w\/\" \/>\n<meta property=\"og:site_name\" content=\"Xenonkungen\" \/>\n<meta property=\"article:modified_time\" content=\"2026-04-24T15:52:19+00:00\" \/>\n<meta property=\"og:image\" content=\"https:\/\/xenonkungen.com\/wp-content\/uploads\/2025\/10\/21888112.png\" \/>\n\t<meta property=\"og:image:width\" content=\"1017\" \/>\n\t<meta property=\"og:image:height\" content=\"758\" \/>\n\t<meta property=\"og:image:type\" content=\"image\/png\" \/>\n<meta name=\"twitter:card\" content=\"summary_large_image\" \/>\n<meta name=\"twitter:label1\" content=\"Tiempo de lectura\" \/>\n\t<meta name=\"twitter:data1\" content=\"2 minutos\" \/>\n<script type=\"application\/ld+json\" class=\"yoast-schema-graph\">{\"@context\":\"https:\/\/schema.org\",\"@graph\":[{\"@type\":\"WebPage\",\"@id\":\"https:\/\/xenonkungen.com\/produkt\/ozz-sqr-9%e2%80%b3-black-160w-led-extraljus\/\",\"url\":\"https:\/\/xenonkungen.com\/produkt\/ozz-sqr-9%e2%80%b3-black-160w-led-extraljus\/\",\"name\":\"OZZ SQR 9\u2033 Black 160W - LED Extraljus - Xenonkungen\",\"isPartOf\":{\"@id\":\"https:\/\/xenonkungen.com\/#website\"},\"primaryImageOfPage\":{\"@id\":\"https:\/\/xenonkungen.com\/produkt\/ozz-sqr-9%e2%80%b3-black-160w-led-extraljus\/#primaryimage\"},\"image\":{\"@id\":\"https:\/\/xenonkungen.com\/produkt\/ozz-sqr-9%e2%80%b3-black-160w-led-extraljus\/#primaryimage\"},\"thumbnailUrl\":\"https:\/\/xenonkungen.com\/wp-content\/uploads\/2025\/10\/21888112.png\",\"datePublished\":\"2025-10-21T11:34:48+00:00\",\"dateModified\":\"2026-04-24T15:52:19+00:00\",\"breadcrumb\":{\"@id\":\"https:\/\/xenonkungen.com\/produkt\/ozz-sqr-9%e2%80%b3-black-160w-led-extraljus\/#breadcrumb\"},\"inLanguage\":\"es\",\"potentialAction\":[{\"@type\":\"ReadAction\",\"target\":[\"https:\/\/xenonkungen.com\/produkt\/ozz-sqr-9%e2%80%b3-black-160w-led-extraljus\/\"]}]},{\"@type\":\"ImageObject\",\"inLanguage\":\"es\",\"@id\":\"https:\/\/xenonkungen.com\/produkt\/ozz-sqr-9%e2%80%b3-black-160w-led-extraljus\/#primaryimage\",\"url\":\"https:\/\/xenonkungen.com\/wp-content\/uploads\/2025\/10\/21888112.png\",\"contentUrl\":\"https:\/\/xenonkungen.com\/wp-content\/uploads\/2025\/10\/21888112.png\",\"width\":1017,\"height\":758},{\"@type\":\"BreadcrumbList\",\"@id\":\"https:\/\/xenonkungen.com\/produkt\/ozz-sqr-9%e2%80%b3-black-160w-led-extraljus\/#breadcrumb\",\"itemListElement\":[{\"@type\":\"ListItem\",\"position\":1,\"name\":\"Hem\",\"item\":\"https:\/\/xenonkungen.com\/\"},{\"@type\":\"ListItem\",\"position\":2,\"name\":\"Shop\",\"item\":\"https:\/\/xenonkungen.com\/shop\/\"},{\"@type\":\"ListItem\",\"position\":3,\"name\":\"OZZ SQR 9\u2033 Black 160W &#8211; LED Extraljus\"}]},{\"@type\":\"WebSite\",\"@id\":\"https:\/\/xenonkungen.com\/#website\",\"url\":\"https:\/\/xenonkungen.com\/\",\"name\":\"Xenonkungen\",\"description\":\"\",\"potentialAction\":[{\"@type\":\"SearchAction\",\"target\":{\"@type\":\"EntryPoint\",\"urlTemplate\":\"https:\/\/xenonkungen.com\/?s={search_term_string}\"},\"query-input\":{\"@type\":\"PropertyValueSpecification\",\"valueRequired\":true,\"valueName\":\"search_term_string\"}}],\"inLanguage\":\"es\"}]}<\/script>\n<!-- \/ Yoast SEO plugin. -->","yoast_head_json":{"title":"OZZ SQR 9\u2033 Negro 160W - Luz auxiliar LED - Xen\u00f3n","robots":{"index":"index","follow":"follow","max-snippet":"max-snippet:-1","max-image-preview":"max-image-preview:large","max-video-preview":"max-video-preview:-1"},"canonical":"https:\/\/xenonkungen.com\/es\/producto\/luz-auxiliar-led-ozz-sqr-de-9\u2033-color-negro-160-w\/","og_locale":"es_ES","og_type":"article","og_title":"OZZ SQR 9\u2033 Black 160W - LED Extraljus - Xenonkungen","og_description":"Kvadratiskt extraljus med r\u00e4ckvidd, bredd och visuell edge","og_url":"https:\/\/xenonkungen.com\/es\/producto\/luz-auxiliar-led-ozz-sqr-de-9\u2033-color-negro-160-w\/","og_site_name":"Xenonkungen","article_modified_time":"2026-04-24T15:52:19+00:00","og_image":[{"width":1017,"height":758,"url":"https:\/\/xenonkungen.com\/wp-content\/uploads\/2025\/10\/21888112.png","type":"image\/png"}],"twitter_card":"summary_large_image","twitter_misc":{"Tiempo de lectura":"2 minutos"},"schema":{"@context":"https:\/\/schema.org","@graph":[{"@type":"WebPage","@id":"https:\/\/xenonkungen.com\/produkt\/ozz-sqr-9%e2%80%b3-black-160w-led-extraljus\/","url":"https:\/\/xenonkungen.com\/produkt\/ozz-sqr-9%e2%80%b3-black-160w-led-extraljus\/","name":"OZZ SQR 9\u2033 Negro 160W - Luz auxiliar LED - Xen\u00f3n","isPartOf":{"@id":"https:\/\/xenonkungen.com\/#website"},"primaryImageOfPage":{"@id":"https:\/\/xenonkungen.com\/produkt\/ozz-sqr-9%e2%80%b3-black-160w-led-extraljus\/#primaryimage"},"image":{"@id":"https:\/\/xenonkungen.com\/produkt\/ozz-sqr-9%e2%80%b3-black-160w-led-extraljus\/#primaryimage"},"thumbnailUrl":"https:\/\/xenonkungen.com\/wp-content\/uploads\/2025\/10\/21888112.png","datePublished":"2025-10-21T11:34:48+00:00","dateModified":"2026-04-24T15:52:19+00:00","breadcrumb":{"@id":"https:\/\/xenonkungen.com\/produkt\/ozz-sqr-9%e2%80%b3-black-160w-led-extraljus\/#breadcrumb"},"inLanguage":"es","potentialAction":[{"@type":"ReadAction","target":["https:\/\/xenonkungen.com\/produkt\/ozz-sqr-9%e2%80%b3-black-160w-led-extraljus\/"]}]},{"@type":"ImageObject","inLanguage":"es","@id":"https:\/\/xenonkungen.com\/produkt\/ozz-sqr-9%e2%80%b3-black-160w-led-extraljus\/#primaryimage","url":"https:\/\/xenonkungen.com\/wp-content\/uploads\/2025\/10\/21888112.png","contentUrl":"https:\/\/xenonkungen.com\/wp-content\/uploads\/2025\/10\/21888112.png","width":1017,"height":758},{"@type":"BreadcrumbList","@id":"https:\/\/xenonkungen.com\/produkt\/ozz-sqr-9%e2%80%b3-black-160w-led-extraljus\/#breadcrumb","itemListElement":[{"@type":"ListItem","position":1,"name":"Hem","item":"https:\/\/xenonkungen.com\/"},{"@type":"ListItem","position":2,"name":"Shop","item":"https:\/\/xenonkungen.com\/shop\/"},{"@type":"ListItem","position":3,"name":"OZZ SQR 9\u2033 Black 160W &#8211; LED Extraljus"}]},{"@type":"WebSite","@id":"https:\/\/xenonkungen.com\/#website","url":"https:\/\/xenonkungen.com\/","name":"Xenonkungen","description":"","potentialAction":[{"@type":"SearchAction","target":{"@type":"EntryPoint","urlTemplate":"https:\/\/xenonkungen.com\/?s={search_term_string}"},"query-input":{"@type":"PropertyValueSpecification","valueRequired":true,"valueName":"search_term_string"}}],"inLanguage":"es"}]}},"taxonomy_info":{"product_brand":[{"value":1051,"label":"OZZ"},{"value":109,"label":"OZZ LIGHTS"}],"product_cat":[{"value":2839,"label":"Extraljus 9\""},{"value":142,"label":"Extraljus"}],"product_tag":[{"value":2788,"label":"black-week-exclude"}],"pa_fargtemperatur":[{"value":154,"label":"5000K"}],"pa_fuktskydd-varde-ipxx":[{"value":402,"label":"IP68. IP69K"}],"pa_godkannande":[{"value":192,"label":"ECE"},{"value":184,"label":"R10"},{"value":185,"label":"R148"},{"value":186,"label":"R149"},{"value":1229,"label":"EMC"},{"value":2784,"label":"R65"}],"pa_led-chips-effekt-w":[{"value":694,"label":"60"}],"pa_ljusbild":[{"value":178,"label":"Driving"}],"pa_stromforbrukning":[{"value":2783,"label":"2,5A @24V"},{"value":2782,"label":"5A @12V"}],"pa_volt-v":[{"value":321,"label":"Multivolt, 9, 12, 14, 18, 24, 28, 32"}]},"featured_image_src_large":["https:\/\/xenonkungen.com\/wp-content\/uploads\/2025\/10\/21888112.png",1017,758,false],"author_info":[],"comment_info":0,"_links":{"self":[{"href":"https:\/\/xenonkungen.com\/es\/wp-json\/wp\/v2\/product\/16135","targetHints":{"allow":["GET"]}}],"collection":[{"href":"https:\/\/xenonkungen.com\/es\/wp-json\/wp\/v2\/product"}],"about":[{"href":"https:\/\/xenonkungen.com\/es\/wp-json\/wp\/v2\/types\/product"}],"replies":[{"embeddable":true,"href":"https:\/\/xenonkungen.com\/es\/wp-json\/wp\/v2\/comments?post=16135"}],"wp:featuredmedia":[{"embeddable":true,"href":"https:\/\/xenonkungen.com\/es\/wp-json\/wp\/v2\/media\/16138"}],"wp:attachment":[{"href":"https:\/\/xenonkungen.com\/es\/wp-json\/wp\/v2\/media?parent=16135"}],"wp:term":[{"taxonomy":"anvandningsomrade","embeddable":true,"href":"https:\/\/xenonkungen.com\/es\/wp-json\/wp\/v2\/anvandningsomrade?post=16135"},{"taxonomy":"bilmarken","embeddable":true,"href":"https:\/\/xenonkungen.com\/es\/wp-json\/wp\/v2\/bilmarken?post=16135"},{"taxonomy":"product_brand","embeddable":true,"href":"https:\/\/xenonkungen.com\/es\/wp-json\/wp\/v2\/product_brand?post=16135"},{"taxonomy":"product_cat","embeddable":true,"href":"https:\/\/xenonkungen.com\/es\/wp-json\/wp\/v2\/product_cat?post=16135"},{"taxonomy":"product_tag","embeddable":true,"href":"https:\/\/xenonkungen.com\/es\/wp-json\/wp\/v2\/product_tag?post=16135"}],"curies":[{"name":"wp","href":"https:\/\/api.w.org\/{rel}","templated":true}]}}