{"id":1630,"date":"2025-04-15T08:25:43","date_gmt":"2025-04-15T08:25:43","guid":{"rendered":"https:\/\/xenonkungen.com\/product\/nightshift-ranger-wl30-backljus\/"},"modified":"2026-05-04T10:50:07","modified_gmt":"2026-05-04T09:50:07","slug":"luxtar-ranger-wl30-backljus","status":"publish","type":"product","link":"https:\/\/xenonkungen.com\/es\/producto\/luxtar-ranger-wl30-backljus\/","title":{"rendered":"Luxtar\u00ae Ranger WL30 Backljus"},"content":{"rendered":"<h1>Luxtar Ranger LED Backljus &#8211; Din Flexibla, Kraftfulla Ljusl\u00f6sning<\/h1>\n<p>Fr\u00e5n den kompakta designen till de kraftfulla funktionerna, \u00e4r Luxtar Ranger LED backljus ditt optimala valet f\u00f6r h\u00f6gkvalitativ belysning. Utrustad med 6 f\u00f6rstklassiga Osram-dioder p\u00e5 totalt 30W, erbjuder denna enhet den n\u00f6dv\u00e4ndiga belysningen f\u00f6r att g\u00f6ra din k\u00f6rning s\u00e4ker och effektiv.<\/p>\n<h2>M\u00faltiples usos para diferentes veh\u00edculos<\/h2>\n<p>Oavsett om du vill montera den bakom din personbil f\u00f6r att undvika att backa p\u00e5 n\u00e5got, eller om du beh\u00f6ver ett p\u00e5litligt arbetsljus f\u00f6r din lastbil, kran eller n\u00e5gon annan plats, ger Luxtar Ranger LED backljus det ljus du beh\u00f6ver, var du \u00e4n beh\u00f6ver det. Dessutom har den en faktisk effektf\u00f6rbrukning p\u00e5 bara 15W, vilket g\u00f6r inkoppling enkelt.<\/p>","protected":false},"excerpt":{"rendered":"<p>El piloto trasero Nightshift\u00ae Ranger WL30 es el piloto trasero LED que recomendamos para aquellos que exigen un alto rendimiento.<\/p>","protected":false},"featured_media":29937,"comment_status":"closed","ping_status":"closed","template":"","meta":{"_acf_changed":false,"_smort_price_nok":"422","_smort_price_dkk":"268","_smort_price_eur":"35.91","_smort_sale_price_nok":"","_smort_sale_price_dkk":"","_smort_sale_price_eur":"","smort_restorder":"","shipmondo_restorder":"","_kad_blocks_custom_css":"","_kad_blocks_head_custom_js":"","_kad_blocks_body_custom_js":"","_kad_blocks_footer_custom_js":"","smort_custom_pricelist_1":"252.8","smort_custom_pricelist_2":"205.4","smort_custom_pricelist_3":"195.13","smort_custom_pricelist_4":"316","smort_custom_pricelist_5":"205.4"},"anvandningsomrade":[],"bilmarken":[],"product_brand":[103],"product_cat":[2479,2480,508],"product_tag":[],"class_list":{"0":"post-1630","1":"product","2":"type-product","3":"status-publish","4":"has-post-thumbnail","6":"product_brand-luxtar","7":"product_cat-backljus-backljus","8":"product_cat-nightshift","9":"product_cat-arbetsbelysning","10":"pa_faktisk-effekts-forbrukning-537","11":"pa_fargtemperatur-5500k","12":"pa_fuktskydd-varde-ipxx-ip65","13":"pa_godkannande-ce-rohs-emc","14":"pa_lampsockel-kontakt-dt","15":"pa_led-chips-effekt-w-526","16":"pa_ljusbild-flood","17":"pa_storlek-mm-159x55x35","18":"pa_stromforbrukning-06a24v","19":"pa_stromforbrukning-11a12v","20":"pa_volt-v-multivolt-9-12-16-18-24-28-30-32","22":"first","23":"outofstock","24":"taxable","25":"shipping-taxable","26":"purchasable","27":"product-type-simple"},"bundled_by":[],"bundle_stock_status":"outofstock","bundle_stock_quantity":0,"bundle_virtual":false,"bundle_layout":"","bundle_add_to_cart_form_location":"","bundle_editable_in_cart":false,"bundle_sold_individually_context":"","bundle_item_grouping":"","bundle_min_size":"","bundle_max_size":"","bundle_price":[],"bundled_items":[],"bundle_sell_ids":[],"acf":[],"yoast_head":"<!-- This site is optimized with the Yoast SEO plugin v27.0 - https:\/\/yoast.com\/product\/yoast-seo-wordpress\/ -->\n<title>Luxtar\u00ae Ranger WL30 Backljus - Xenonkungen<\/title>\n<meta name=\"robots\" content=\"index, follow, max-snippet:-1, max-image-preview:large, max-video-preview:-1\" \/>\n<link rel=\"canonical\" href=\"https:\/\/xenonkungen.com\/es\/producto\/luxtar-ranger-wl30-backljus\/\" \/>\n<meta property=\"og:locale\" content=\"es_ES\" \/>\n<meta property=\"og:type\" content=\"article\" \/>\n<meta property=\"og:title\" content=\"Luxtar\u00ae Ranger WL30 Backljus - Xenonkungen\" \/>\n<meta property=\"og:description\" content=\"Nightshift\u00ae Ranger WL30 Backljus \u00e4r det Led-backljus vi rekommenderar f\u00f6r er som har krav p\u00e5 h\u00f6g prestanda!\" \/>\n<meta property=\"og:url\" content=\"https:\/\/xenonkungen.com\/es\/producto\/luxtar-ranger-wl30-backljus\/\" \/>\n<meta property=\"og:site_name\" content=\"Xenonkungen\" \/>\n<meta property=\"article:modified_time\" content=\"2026-05-04T09:50:07+00:00\" \/>\n<meta property=\"og:image\" content=\"https:\/\/xenonkungen.com\/wp-content\/uploads\/2025\/04\/8.png\" \/>\n\t<meta property=\"og:image:width\" content=\"1080\" \/>\n\t<meta property=\"og:image:height\" content=\"1350\" \/>\n\t<meta property=\"og:image:type\" content=\"image\/png\" \/>\n<meta name=\"twitter:card\" content=\"summary_large_image\" \/>\n<meta name=\"twitter:label1\" content=\"Tiempo de lectura\" \/>\n\t<meta name=\"twitter:data1\" content=\"1 minuto\" \/>\n<script type=\"application\/ld+json\" class=\"yoast-schema-graph\">{\"@context\":\"https:\/\/schema.org\",\"@graph\":[{\"@type\":\"WebPage\",\"@id\":\"https:\/\/xenonkungen.com\/produkt\/luxtar-ranger-wl30-backljus\/\",\"url\":\"https:\/\/xenonkungen.com\/produkt\/luxtar-ranger-wl30-backljus\/\",\"name\":\"Luxtar\u00ae Ranger WL30 Backljus - Xenonkungen\",\"isPartOf\":{\"@id\":\"https:\/\/xenonkungen.com\/#website\"},\"primaryImageOfPage\":{\"@id\":\"https:\/\/xenonkungen.com\/produkt\/luxtar-ranger-wl30-backljus\/#primaryimage\"},\"image\":{\"@id\":\"https:\/\/xenonkungen.com\/produkt\/luxtar-ranger-wl30-backljus\/#primaryimage\"},\"thumbnailUrl\":\"https:\/\/xenonkungen.com\/wp-content\/uploads\/2025\/04\/8.png\",\"datePublished\":\"2025-04-15T08:25:43+00:00\",\"dateModified\":\"2026-05-04T09:50:07+00:00\",\"breadcrumb\":{\"@id\":\"https:\/\/xenonkungen.com\/produkt\/luxtar-ranger-wl30-backljus\/#breadcrumb\"},\"inLanguage\":\"es\",\"potentialAction\":[{\"@type\":\"ReadAction\",\"target\":[\"https:\/\/xenonkungen.com\/produkt\/luxtar-ranger-wl30-backljus\/\"]}]},{\"@type\":\"ImageObject\",\"inLanguage\":\"es\",\"@id\":\"https:\/\/xenonkungen.com\/produkt\/luxtar-ranger-wl30-backljus\/#primaryimage\",\"url\":\"https:\/\/xenonkungen.com\/wp-content\/uploads\/2025\/04\/8.png\",\"contentUrl\":\"https:\/\/xenonkungen.com\/wp-content\/uploads\/2025\/04\/8.png\",\"width\":1080,\"height\":1350},{\"@type\":\"BreadcrumbList\",\"@id\":\"https:\/\/xenonkungen.com\/produkt\/luxtar-ranger-wl30-backljus\/#breadcrumb\",\"itemListElement\":[{\"@type\":\"ListItem\",\"position\":1,\"name\":\"Hem\",\"item\":\"https:\/\/xenonkungen.com\/\"},{\"@type\":\"ListItem\",\"position\":2,\"name\":\"Shop\",\"item\":\"https:\/\/xenonkungen.com\/shop\/\"},{\"@type\":\"ListItem\",\"position\":3,\"name\":\"Luxtar\u00ae Ranger WL30 Backljus\"}]},{\"@type\":\"WebSite\",\"@id\":\"https:\/\/xenonkungen.com\/#website\",\"url\":\"https:\/\/xenonkungen.com\/\",\"name\":\"Xenonkungen\",\"description\":\"\",\"potentialAction\":[{\"@type\":\"SearchAction\",\"target\":{\"@type\":\"EntryPoint\",\"urlTemplate\":\"https:\/\/xenonkungen.com\/?s={search_term_string}\"},\"query-input\":{\"@type\":\"PropertyValueSpecification\",\"valueRequired\":true,\"valueName\":\"search_term_string\"}}],\"inLanguage\":\"es\"}]}<\/script>\n<!-- \/ Yoast SEO plugin. -->","yoast_head_json":{"title":"Luxtar\u00ae Ranger WL30 Backljus - Xenonkungen","robots":{"index":"index","follow":"follow","max-snippet":"max-snippet:-1","max-image-preview":"max-image-preview:large","max-video-preview":"max-video-preview:-1"},"canonical":"https:\/\/xenonkungen.com\/es\/producto\/luxtar-ranger-wl30-backljus\/","og_locale":"es_ES","og_type":"article","og_title":"Luxtar\u00ae Ranger WL30 Backljus - Xenonkungen","og_description":"Nightshift\u00ae Ranger WL30 Backljus \u00e4r det Led-backljus vi rekommenderar f\u00f6r er som har krav p\u00e5 h\u00f6g prestanda!","og_url":"https:\/\/xenonkungen.com\/es\/producto\/luxtar-ranger-wl30-backljus\/","og_site_name":"Xenonkungen","article_modified_time":"2026-05-04T09:50:07+00:00","og_image":[{"width":1080,"height":1350,"url":"https:\/\/xenonkungen.com\/wp-content\/uploads\/2025\/04\/8.png","type":"image\/png"}],"twitter_card":"summary_large_image","twitter_misc":{"Tiempo de lectura":"1 minuto"},"schema":{"@context":"https:\/\/schema.org","@graph":[{"@type":"WebPage","@id":"https:\/\/xenonkungen.com\/produkt\/luxtar-ranger-wl30-backljus\/","url":"https:\/\/xenonkungen.com\/produkt\/luxtar-ranger-wl30-backljus\/","name":"Luxtar\u00ae Ranger WL30 Backljus - Xenonkungen","isPartOf":{"@id":"https:\/\/xenonkungen.com\/#website"},"primaryImageOfPage":{"@id":"https:\/\/xenonkungen.com\/produkt\/luxtar-ranger-wl30-backljus\/#primaryimage"},"image":{"@id":"https:\/\/xenonkungen.com\/produkt\/luxtar-ranger-wl30-backljus\/#primaryimage"},"thumbnailUrl":"https:\/\/xenonkungen.com\/wp-content\/uploads\/2025\/04\/8.png","datePublished":"2025-04-15T08:25:43+00:00","dateModified":"2026-05-04T09:50:07+00:00","breadcrumb":{"@id":"https:\/\/xenonkungen.com\/produkt\/luxtar-ranger-wl30-backljus\/#breadcrumb"},"inLanguage":"es","potentialAction":[{"@type":"ReadAction","target":["https:\/\/xenonkungen.com\/produkt\/luxtar-ranger-wl30-backljus\/"]}]},{"@type":"ImageObject","inLanguage":"es","@id":"https:\/\/xenonkungen.com\/produkt\/luxtar-ranger-wl30-backljus\/#primaryimage","url":"https:\/\/xenonkungen.com\/wp-content\/uploads\/2025\/04\/8.png","contentUrl":"https:\/\/xenonkungen.com\/wp-content\/uploads\/2025\/04\/8.png","width":1080,"height":1350},{"@type":"BreadcrumbList","@id":"https:\/\/xenonkungen.com\/produkt\/luxtar-ranger-wl30-backljus\/#breadcrumb","itemListElement":[{"@type":"ListItem","position":1,"name":"Hem","item":"https:\/\/xenonkungen.com\/"},{"@type":"ListItem","position":2,"name":"Shop","item":"https:\/\/xenonkungen.com\/shop\/"},{"@type":"ListItem","position":3,"name":"Luxtar\u00ae Ranger WL30 Backljus"}]},{"@type":"WebSite","@id":"https:\/\/xenonkungen.com\/#website","url":"https:\/\/xenonkungen.com\/","name":"Xenonkungen","description":"","potentialAction":[{"@type":"SearchAction","target":{"@type":"EntryPoint","urlTemplate":"https:\/\/xenonkungen.com\/?s={search_term_string}"},"query-input":{"@type":"PropertyValueSpecification","valueRequired":true,"valueName":"search_term_string"}}],"inLanguage":"es"}]}},"taxonomy_info":{"product_brand":[{"value":103,"label":"LUXTAR"}],"product_cat":[{"value":2479,"label":"Backljus"},{"value":2480,"label":"Nightshift"},{"value":508,"label":"Arbetsbelysning"}],"pa_faktisk-effekts-forbrukning":[{"value":537,"label":"15"}],"pa_fargtemperatur":[{"value":176,"label":"5500K"}],"pa_fuktskydd-varde-ipxx":[{"value":520,"label":"IP65"}],"pa_godkannande":[{"value":524,"label":"CE, RoHS, EMC"}],"pa_lampsockel-kontakt":[{"value":329,"label":"DT"}],"pa_led-chips-effekt-w":[{"value":526,"label":"30"}],"pa_ljusbild":[{"value":503,"label":"FLOOD"}],"pa_storlek-mm":[{"value":536,"label":"159x55x35"}],"pa_stromforbrukning":[{"value":539,"label":"0,6A@24V"},{"value":538,"label":"1,1A@12V"}],"pa_volt-v":[{"value":521,"label":"Multivolt, 9, 12, 16, 18, 24, 28, 30, 32"}]},"featured_image_src_large":["https:\/\/xenonkungen.com\/wp-content\/uploads\/2025\/04\/8-819x1024.png",819,1024,true],"author_info":[],"comment_info":0,"_links":{"self":[{"href":"https:\/\/xenonkungen.com\/es\/wp-json\/wp\/v2\/product\/1630","targetHints":{"allow":["GET"]}}],"collection":[{"href":"https:\/\/xenonkungen.com\/es\/wp-json\/wp\/v2\/product"}],"about":[{"href":"https:\/\/xenonkungen.com\/es\/wp-json\/wp\/v2\/types\/product"}],"replies":[{"embeddable":true,"href":"https:\/\/xenonkungen.com\/es\/wp-json\/wp\/v2\/comments?post=1630"}],"wp:featuredmedia":[{"embeddable":true,"href":"https:\/\/xenonkungen.com\/es\/wp-json\/wp\/v2\/media\/29937"}],"wp:attachment":[{"href":"https:\/\/xenonkungen.com\/es\/wp-json\/wp\/v2\/media?parent=1630"}],"wp:term":[{"taxonomy":"anvandningsomrade","embeddable":true,"href":"https:\/\/xenonkungen.com\/es\/wp-json\/wp\/v2\/anvandningsomrade?post=1630"},{"taxonomy":"bilmarken","embeddable":true,"href":"https:\/\/xenonkungen.com\/es\/wp-json\/wp\/v2\/bilmarken?post=1630"},{"taxonomy":"product_brand","embeddable":true,"href":"https:\/\/xenonkungen.com\/es\/wp-json\/wp\/v2\/product_brand?post=1630"},{"taxonomy":"product_cat","embeddable":true,"href":"https:\/\/xenonkungen.com\/es\/wp-json\/wp\/v2\/product_cat?post=1630"},{"taxonomy":"product_tag","embeddable":true,"href":"https:\/\/xenonkungen.com\/es\/wp-json\/wp\/v2\/product_tag?post=1630"}],"curies":[{"name":"wp","href":"https:\/\/api.w.org\/{rel}","templated":true}]}}