{"id":1656,"date":"2025-04-15T08:25:59","date_gmt":"2025-04-15T08:25:59","guid":{"rendered":"https:\/\/xenonkungen.com\/product\/skyltbelysning-led-till-v-a-g\/"},"modified":"2026-03-17T11:52:05","modified_gmt":"2026-03-17T10:52:05","slug":"la-iluminacion-del-letrero-llevo-a-vag","status":"publish","type":"product","link":"https:\/\/xenonkungen.com\/es\/producto\/la-iluminacion-del-letrero-llevo-a-vag\/","title":{"rendered":"Iluminaci\u00f3n de matr\u00edcula LED para VAG"},"content":{"rendered":"<p>Iluminaci\u00f3n de se\u00f1alizaci\u00f3n LED espec\u00edfica del modelo que se instala del mismo modo que la iluminaci\u00f3n original, conexi\u00f3n plug-n-play. <\/p>\n<p>Proporciona una luz blanca brillante similar al xen\u00f3n a 5000K y le da al autom\u00f3vil un aspecto moderno.<\/p>\n<p><em>Este art\u00edculo no es original de VAG y las marcas registradas se utilizan aqu\u00ed para indicar a qu\u00e9 autom\u00f3vil\/modelo est\u00e1 destinado el producto.<\/em><\/p>\n<p>Compatible con el modelo VAG<br \/><strong>AUDI<\/strong><br \/>A1 2010-<br \/>A4 (B8) 2007-<br \/>A6 (C7) 2010-<br \/>A7 2010-<br \/>TT 2006-2014<\/p>\n<p><strong>SKODA<\/strong><br \/>Fabia 2010\/03-<br \/>Octavia 2012-<br \/>Magn\u00edfico 2009.10-2013.05<br \/>Yeti 2009.05-<\/p>\n<p><strong>VW<\/strong><br \/>Golf 6 <br \/>Golfo 7 <br \/>Jetta VI 2011-<br \/>Passat (B7) 2008-<br \/>Sharan II 2011-<br \/>Touran (renovado) 2010-<br \/>Touareg (7P) 2010-<\/p>\n<p>Si\u00e9ntete libre de comparar con tu propio modelo.<\/p>\n<p>M\u00f3dulo de luz: 18 LED<br \/>Color de la luz: Blanco (5000K)<br \/>Voltios: 12V<br \/>M\u00f3dulo de luz atornillable<br \/>E-autorizado<br \/>3 a\u00f1os de garant\u00eda<\/p>\n<p>Lote de 2<\/p>","protected":false},"excerpt":{"rendered":"<p>Iluminaci\u00f3n de matr\u00edcula LED que reemplaza la iluminaci\u00f3n hal\u00f3gena existente en su autom\u00f3vil.<\/p>\n<p>Se adapta a la mayor\u00eda de los modelos de autom\u00f3viles VAG, incluidos.<br \/>\nAudi A1, A4, A7<br \/>\nVW Golf 6, Golf 7, Passat<br \/>\nSkoda Fabia, magn\u00edfico<br \/>\nVea la lista completa de modelos en la descripci\u00f3n a continuaci\u00f3n.<\/p>\n<p>Voltios: 12V<br \/>\nM\u00f3dulo de luz atornillable<br \/>\nE-autorizado<br \/>\n3 a\u00f1os de garant\u00eda<\/p>\n<p>Lote de 2<\/p>","protected":false},"featured_media":1657,"comment_status":"closed","ping_status":"open","template":"","meta":{"_acf_changed":false,"_smort_price_nok":"315","_smort_price_dkk":"200","_smort_price_eur":"26.82","_smort_sale_price_nok":"","_smort_sale_price_dkk":"","_smort_sale_price_eur":"","smort_restorder":"","shipmondo_restorder":"","_kad_blocks_custom_css":"","_kad_blocks_head_custom_js":"","_kad_blocks_body_custom_js":"","_kad_blocks_footer_custom_js":"","smort_custom_pricelist_1":"188.8","smort_custom_pricelist_2":"165.2","smort_custom_pricelist_3":"153.4","smort_custom_pricelist_4":"236","smort_custom_pricelist_5":"165.2"},"anvandningsomrade":[],"bilmarken":[],"product_brand":[117],"product_cat":[2472,338],"product_tag":[],"class_list":{"0":"post-1656","1":"product","2":"type-product","3":"status-publish","4":"has-post-thumbnail","6":"product_brand-xenonkungen","7":"product_cat-skyltbelysning-diodlampor","8":"product_cat-diodlampor","9":"pa_fargtemperatur-5000k","10":"pa_volt-v-159","12":"first","13":"instock","14":"taxable","15":"shipping-taxable","16":"purchasable","17":"product-type-simple"},"bundled_by":[],"bundle_stock_status":"instock","bundle_stock_quantity":25,"bundle_virtual":false,"bundle_layout":"","bundle_add_to_cart_form_location":"","bundle_editable_in_cart":false,"bundle_sold_individually_context":"","bundle_item_grouping":"","bundle_min_size":"","bundle_max_size":"","bundle_price":[],"bundled_items":[],"bundle_sell_ids":[],"acf":[],"yoast_head":"<!-- This site is optimized with the Yoast SEO plugin v27.0 - https:\/\/yoast.com\/product\/yoast-seo-wordpress\/ -->\n<title>Skyltbelysning LED till V.A.G. - Xenonkungen<\/title>\n<meta name=\"robots\" content=\"index, follow, max-snippet:-1, max-image-preview:large, max-video-preview:-1\" \/>\n<link rel=\"canonical\" href=\"https:\/\/xenonkungen.com\/es\/producto\/la-iluminacion-del-letrero-llevo-a-vag\/\" \/>\n<meta property=\"og:locale\" content=\"es_ES\" \/>\n<meta property=\"og:type\" content=\"article\" \/>\n<meta property=\"og:title\" content=\"Skyltbelysning LED till V.A.G. - Xenonkungen\" \/>\n<meta property=\"og:description\" content=\"LED skyltbelysning som ers\u00e4tter den befintliga halogenbelysningen i din bil. Passar flertalet V.A.G. bilmodeller, bl.a. Audi A1, A4, A7 VW Golf 6, Golf 7, Passat Skoda Fabia, Superb Se hela modell listan i beskrivningen nedan. Volt: 12V Bolt-on ljusmodul E-godk\u00e4nd 3 \u00e5r garanti Set om 2st\" \/>\n<meta property=\"og:url\" content=\"https:\/\/xenonkungen.com\/es\/producto\/la-iluminacion-del-letrero-llevo-a-vag\/\" \/>\n<meta property=\"og:site_name\" content=\"Xenonkungen\" \/>\n<meta property=\"article:modified_time\" content=\"2026-03-17T10:52:05+00:00\" \/>\n<meta property=\"og:image\" content=\"https:\/\/xenonkungen.com\/wp-content\/uploads\/2025\/04\/166449217-origpic-7e643c.png\" \/>\n\t<meta property=\"og:image:width\" content=\"1000\" \/>\n\t<meta property=\"og:image:height\" content=\"1000\" \/>\n\t<meta property=\"og:image:type\" content=\"image\/png\" \/>\n<meta name=\"twitter:card\" content=\"summary_large_image\" \/>\n<meta name=\"twitter:label1\" content=\"Tiempo de lectura\" \/>\n\t<meta name=\"twitter:data1\" content=\"1 minuto\" \/>\n<script type=\"application\/ld+json\" class=\"yoast-schema-graph\">{\"@context\":\"https:\/\/schema.org\",\"@graph\":[{\"@type\":\"WebPage\",\"@id\":\"https:\/\/xenonkungen.com\/produkt\/skyltbelysning-led-till-v-a-g\/\",\"url\":\"https:\/\/xenonkungen.com\/produkt\/skyltbelysning-led-till-v-a-g\/\",\"name\":\"Skyltbelysning LED till V.A.G. - Xenonkungen\",\"isPartOf\":{\"@id\":\"https:\/\/xenonkungen.com\/#website\"},\"primaryImageOfPage\":{\"@id\":\"https:\/\/xenonkungen.com\/produkt\/skyltbelysning-led-till-v-a-g\/#primaryimage\"},\"image\":{\"@id\":\"https:\/\/xenonkungen.com\/produkt\/skyltbelysning-led-till-v-a-g\/#primaryimage\"},\"thumbnailUrl\":\"https:\/\/xenonkungen.com\/wp-content\/uploads\/2025\/04\/166449217-origpic-7e643c.png\",\"datePublished\":\"2025-04-15T08:25:59+00:00\",\"dateModified\":\"2026-03-17T10:52:05+00:00\",\"breadcrumb\":{\"@id\":\"https:\/\/xenonkungen.com\/produkt\/skyltbelysning-led-till-v-a-g\/#breadcrumb\"},\"inLanguage\":\"es\",\"potentialAction\":[{\"@type\":\"ReadAction\",\"target\":[\"https:\/\/xenonkungen.com\/produkt\/skyltbelysning-led-till-v-a-g\/\"]}]},{\"@type\":\"ImageObject\",\"inLanguage\":\"es\",\"@id\":\"https:\/\/xenonkungen.com\/produkt\/skyltbelysning-led-till-v-a-g\/#primaryimage\",\"url\":\"https:\/\/xenonkungen.com\/wp-content\/uploads\/2025\/04\/166449217-origpic-7e643c.png\",\"contentUrl\":\"https:\/\/xenonkungen.com\/wp-content\/uploads\/2025\/04\/166449217-origpic-7e643c.png\",\"width\":1000,\"height\":1000},{\"@type\":\"BreadcrumbList\",\"@id\":\"https:\/\/xenonkungen.com\/produkt\/skyltbelysning-led-till-v-a-g\/#breadcrumb\",\"itemListElement\":[{\"@type\":\"ListItem\",\"position\":1,\"name\":\"Hem\",\"item\":\"https:\/\/xenonkungen.com\/\"},{\"@type\":\"ListItem\",\"position\":2,\"name\":\"Shop\",\"item\":\"https:\/\/xenonkungen.com\/shop\/\"},{\"@type\":\"ListItem\",\"position\":3,\"name\":\"Skyltbelysning LED till V.A.G.\"}]},{\"@type\":\"WebSite\",\"@id\":\"https:\/\/xenonkungen.com\/#website\",\"url\":\"https:\/\/xenonkungen.com\/\",\"name\":\"Xenonkungen\",\"description\":\"\",\"potentialAction\":[{\"@type\":\"SearchAction\",\"target\":{\"@type\":\"EntryPoint\",\"urlTemplate\":\"https:\/\/xenonkungen.com\/?s={search_term_string}\"},\"query-input\":{\"@type\":\"PropertyValueSpecification\",\"valueRequired\":true,\"valueName\":\"search_term_string\"}}],\"inLanguage\":\"es\"}]}<\/script>\n<!-- \/ Yoast SEO plugin. -->","yoast_head_json":{"title":"Iluminaci\u00f3n LED para matr\u00edculas VAG - Xenonkungen","robots":{"index":"index","follow":"follow","max-snippet":"max-snippet:-1","max-image-preview":"max-image-preview:large","max-video-preview":"max-video-preview:-1"},"canonical":"https:\/\/xenonkungen.com\/es\/producto\/la-iluminacion-del-letrero-llevo-a-vag\/","og_locale":"es_ES","og_type":"article","og_title":"Skyltbelysning LED till V.A.G. - Xenonkungen","og_description":"LED skyltbelysning som ers\u00e4tter den befintliga halogenbelysningen i din bil. Passar flertalet V.A.G. bilmodeller, bl.a. Audi A1, A4, A7 VW Golf 6, Golf 7, Passat Skoda Fabia, Superb Se hela modell listan i beskrivningen nedan. Volt: 12V Bolt-on ljusmodul E-godk\u00e4nd 3 \u00e5r garanti Set om 2st","og_url":"https:\/\/xenonkungen.com\/es\/producto\/la-iluminacion-del-letrero-llevo-a-vag\/","og_site_name":"Xenonkungen","article_modified_time":"2026-03-17T10:52:05+00:00","og_image":[{"width":1000,"height":1000,"url":"https:\/\/xenonkungen.com\/wp-content\/uploads\/2025\/04\/166449217-origpic-7e643c.png","type":"image\/png"}],"twitter_card":"summary_large_image","twitter_misc":{"Tiempo de lectura":"1 minuto"},"schema":{"@context":"https:\/\/schema.org","@graph":[{"@type":"WebPage","@id":"https:\/\/xenonkungen.com\/produkt\/skyltbelysning-led-till-v-a-g\/","url":"https:\/\/xenonkungen.com\/produkt\/skyltbelysning-led-till-v-a-g\/","name":"Iluminaci\u00f3n LED para matr\u00edculas VAG - Xenonkungen","isPartOf":{"@id":"https:\/\/xenonkungen.com\/#website"},"primaryImageOfPage":{"@id":"https:\/\/xenonkungen.com\/produkt\/skyltbelysning-led-till-v-a-g\/#primaryimage"},"image":{"@id":"https:\/\/xenonkungen.com\/produkt\/skyltbelysning-led-till-v-a-g\/#primaryimage"},"thumbnailUrl":"https:\/\/xenonkungen.com\/wp-content\/uploads\/2025\/04\/166449217-origpic-7e643c.png","datePublished":"2025-04-15T08:25:59+00:00","dateModified":"2026-03-17T10:52:05+00:00","breadcrumb":{"@id":"https:\/\/xenonkungen.com\/produkt\/skyltbelysning-led-till-v-a-g\/#breadcrumb"},"inLanguage":"es","potentialAction":[{"@type":"ReadAction","target":["https:\/\/xenonkungen.com\/produkt\/skyltbelysning-led-till-v-a-g\/"]}]},{"@type":"ImageObject","inLanguage":"es","@id":"https:\/\/xenonkungen.com\/produkt\/skyltbelysning-led-till-v-a-g\/#primaryimage","url":"https:\/\/xenonkungen.com\/wp-content\/uploads\/2025\/04\/166449217-origpic-7e643c.png","contentUrl":"https:\/\/xenonkungen.com\/wp-content\/uploads\/2025\/04\/166449217-origpic-7e643c.png","width":1000,"height":1000},{"@type":"BreadcrumbList","@id":"https:\/\/xenonkungen.com\/produkt\/skyltbelysning-led-till-v-a-g\/#breadcrumb","itemListElement":[{"@type":"ListItem","position":1,"name":"Hem","item":"https:\/\/xenonkungen.com\/"},{"@type":"ListItem","position":2,"name":"Shop","item":"https:\/\/xenonkungen.com\/shop\/"},{"@type":"ListItem","position":3,"name":"Skyltbelysning LED till V.A.G."}]},{"@type":"WebSite","@id":"https:\/\/xenonkungen.com\/#website","url":"https:\/\/xenonkungen.com\/","name":"Xenonkungen","description":"","potentialAction":[{"@type":"SearchAction","target":{"@type":"EntryPoint","urlTemplate":"https:\/\/xenonkungen.com\/?s={search_term_string}"},"query-input":{"@type":"PropertyValueSpecification","valueRequired":true,"valueName":"search_term_string"}}],"inLanguage":"es"}]}},"taxonomy_info":{"product_brand":[{"value":117,"label":"Xenonkungen"}],"product_cat":[{"value":2472,"label":"Skyltbelysning"},{"value":338,"label":"Diodlampor"}],"pa_fargtemperatur":[{"value":154,"label":"5000K"}],"pa_volt-v":[{"value":159,"label":"12"}]},"featured_image_src_large":["https:\/\/xenonkungen.com\/wp-content\/uploads\/2025\/04\/166449217-origpic-7e643c.png",1000,1000,false],"author_info":[],"comment_info":0,"_links":{"self":[{"href":"https:\/\/xenonkungen.com\/es\/wp-json\/wp\/v2\/product\/1656","targetHints":{"allow":["GET"]}}],"collection":[{"href":"https:\/\/xenonkungen.com\/es\/wp-json\/wp\/v2\/product"}],"about":[{"href":"https:\/\/xenonkungen.com\/es\/wp-json\/wp\/v2\/types\/product"}],"replies":[{"embeddable":true,"href":"https:\/\/xenonkungen.com\/es\/wp-json\/wp\/v2\/comments?post=1656"}],"wp:featuredmedia":[{"embeddable":true,"href":"https:\/\/xenonkungen.com\/es\/wp-json\/wp\/v2\/media\/1657"}],"wp:attachment":[{"href":"https:\/\/xenonkungen.com\/es\/wp-json\/wp\/v2\/media?parent=1656"}],"wp:term":[{"taxonomy":"anvandningsomrade","embeddable":true,"href":"https:\/\/xenonkungen.com\/es\/wp-json\/wp\/v2\/anvandningsomrade?post=1656"},{"taxonomy":"bilmarken","embeddable":true,"href":"https:\/\/xenonkungen.com\/es\/wp-json\/wp\/v2\/bilmarken?post=1656"},{"taxonomy":"product_brand","embeddable":true,"href":"https:\/\/xenonkungen.com\/es\/wp-json\/wp\/v2\/product_brand?post=1656"},{"taxonomy":"product_cat","embeddable":true,"href":"https:\/\/xenonkungen.com\/es\/wp-json\/wp\/v2\/product_cat?post=1656"},{"taxonomy":"product_tag","embeddable":true,"href":"https:\/\/xenonkungen.com\/es\/wp-json\/wp\/v2\/product_tag?post=1656"}],"curies":[{"name":"wp","href":"https:\/\/api.w.org\/{rel}","templated":true}]}}