{"id":1708,"date":"2025-04-15T08:26:44","date_gmt":"2025-04-15T08:26:44","guid":{"rendered":"https:\/\/xenonkungen.com\/product\/skyltbelysning-led-till-vw-amarok-passat-polo\/"},"modified":"2026-04-02T12:29:52","modified_gmt":"2026-04-02T11:29:52","slug":"luz-de-matricula-led-para-vw-amarok-passat-polo","status":"publish","type":"product","link":"https:\/\/xenonkungen.com\/es\/producto\/luz-de-matricula-led-para-vw-amarok-passat-polo\/","title":{"rendered":"Iluminaci\u00f3n LED de se\u00f1alizaci\u00f3n para VW Amarok | Passat | Polo"},"content":{"rendered":"<p>Amarok 10- | Golf 7 | Passat | Polo | Porsche Cayenne -14<\/p>\n<p>Iluminaci\u00f3n LED de se\u00f1alizaci\u00f3n que sustituye a la iluminaci\u00f3n hal\u00f3gena existente en su Volkswagen.<\/p>\n<p>Da una luz blanca brillante y al coche un aspecto moderno.<\/p>\n<p>Voltios: 12V<br \/>M\u00f3dulo de luz atornillable.<\/p>\n<p>Iluminaci\u00f3n de se\u00f1alizaci\u00f3n personalizada que se instala del mismo modo que la iluminaci\u00f3n original.<\/p>\n<p>El m\u00f3dulo luminoso tiene 18 diodos con una temperatura de color de 5000K.<\/p>\n<p><em>Este art\u00edculo no es original de Volkswagen y las marcas se utilizan aqu\u00ed para indicar a qu\u00e9 coche\/modelo est\u00e1 destinado el producto.<\/em><\/p>\n<p>Adecuado para el modelo Volkswagen<br \/><strong>Amarok 10-<br \/>Golfo 7<br \/>Passat<br \/>camiseta polo<br \/>Selecci\u00f3n<\/p>\n<p>Porsche Cayenne -14<\/strong><\/p>\n<p><strong>Informes de clientes:<\/strong><br \/>-Golf 6 da aviso L\u00e1mpara rota<br \/>-Golf 7 da aviso L\u00e1mpara rota<\/p>\n<p>Juego de 2.<br \/>3 a\u00f1os de garant\u00eda.<br \/>E-autorizado<\/p>","protected":false},"excerpt":{"rendered":"<p>Adecuado para el modelo Volkswagen<br \/>\nAmarok 10-<br \/>\nGolfo 7<br \/>\nPassat<br \/>\ncamiseta polo<\/p>\n<p>Porsche Cayenne -14<\/p>\n<p>Voltios: 12V<br \/>\nM\u00f3dulo de luz atornillable.<\/p>\n<p>Juego de 2.<br \/>\n3 a\u00f1os de garant\u00eda.<br \/>\nE-autorizado<\/p>","protected":false},"featured_media":1709,"comment_status":"closed","ping_status":"open","template":"","meta":{"_acf_changed":false,"_smort_price_nok":"315","_smort_price_dkk":"200","_smort_price_eur":"26.82","_smort_sale_price_nok":"","_smort_sale_price_dkk":"","_smort_sale_price_eur":"","smort_restorder":"","shipmondo_restorder":"","_kad_blocks_custom_css":"","_kad_blocks_head_custom_js":"","_kad_blocks_body_custom_js":"","_kad_blocks_footer_custom_js":"","smort_custom_pricelist_1":"188.8","smort_custom_pricelist_2":"165.2","smort_custom_pricelist_3":"153.4","smort_custom_pricelist_4":"236","smort_custom_pricelist_5":"165.2"},"anvandningsomrade":[],"bilmarken":[],"product_brand":[117],"product_cat":[2472,338],"product_tag":[],"class_list":{"0":"post-1708","1":"product","2":"type-product","3":"status-publish","4":"has-post-thumbnail","6":"product_brand-xenonkungen","7":"product_cat-skyltbelysning-diodlampor","8":"product_cat-diodlampor","9":"pa_fargtemperatur-5000k","10":"pa_volt-v-159","12":"first","13":"onbackorder","14":"taxable","15":"shipping-taxable","16":"purchasable","17":"product-type-simple"},"bundled_by":[],"bundle_stock_status":"onbackorder","bundle_stock_quantity":0,"bundle_virtual":false,"bundle_layout":"","bundle_add_to_cart_form_location":"","bundle_editable_in_cart":false,"bundle_sold_individually_context":"","bundle_item_grouping":"","bundle_min_size":"","bundle_max_size":"","bundle_price":[],"bundled_items":[],"bundle_sell_ids":[],"acf":[],"yoast_head":"<!-- This site is optimized with the Yoast SEO plugin v27.0 - https:\/\/yoast.com\/product\/yoast-seo-wordpress\/ -->\n<title>Skyltbelysning LED till VW Amarok | Passat | Polo - Xenonkungen<\/title>\n<meta name=\"robots\" content=\"index, follow, max-snippet:-1, max-image-preview:large, max-video-preview:-1\" \/>\n<link rel=\"canonical\" href=\"https:\/\/xenonkungen.com\/es\/producto\/luz-de-matricula-led-para-vw-amarok-passat-polo\/\" \/>\n<meta property=\"og:locale\" content=\"es_ES\" \/>\n<meta property=\"og:type\" content=\"article\" \/>\n<meta property=\"og:title\" content=\"Skyltbelysning LED till VW Amarok | Passat | Polo - Xenonkungen\" \/>\n<meta property=\"og:description\" content=\"Passar Volkswagen modell Amarok 10- Golf 7 Passat Polo Porsche Cayenne -14 Volt: 12V Bolt-on ljusmodul. Set om 2st. 3 \u00e5r garanti. E-godk\u00e4nd\" \/>\n<meta property=\"og:url\" content=\"https:\/\/xenonkungen.com\/es\/producto\/luz-de-matricula-led-para-vw-amarok-passat-polo\/\" \/>\n<meta property=\"og:site_name\" content=\"Xenonkungen\" \/>\n<meta property=\"article:modified_time\" content=\"2026-04-02T11:29:52+00:00\" \/>\n<meta property=\"og:image\" content=\"https:\/\/xenonkungen.com\/wp-content\/uploads\/2025\/04\/166332439-origpic-19f1e0.png\" \/>\n\t<meta property=\"og:image:width\" content=\"1000\" \/>\n\t<meta property=\"og:image:height\" content=\"1000\" \/>\n\t<meta property=\"og:image:type\" content=\"image\/png\" \/>\n<meta name=\"twitter:card\" content=\"summary_large_image\" \/>\n<script type=\"application\/ld+json\" class=\"yoast-schema-graph\">{\"@context\":\"https:\/\/schema.org\",\"@graph\":[{\"@type\":\"WebPage\",\"@id\":\"https:\/\/xenonkungen.com\/produkt\/skyltbelysning-led-till-vw-amarok-passat-polo\/\",\"url\":\"https:\/\/xenonkungen.com\/produkt\/skyltbelysning-led-till-vw-amarok-passat-polo\/\",\"name\":\"Skyltbelysning LED till VW Amarok | Passat | Polo - Xenonkungen\",\"isPartOf\":{\"@id\":\"https:\/\/xenonkungen.com\/#website\"},\"primaryImageOfPage\":{\"@id\":\"https:\/\/xenonkungen.com\/produkt\/skyltbelysning-led-till-vw-amarok-passat-polo\/#primaryimage\"},\"image\":{\"@id\":\"https:\/\/xenonkungen.com\/produkt\/skyltbelysning-led-till-vw-amarok-passat-polo\/#primaryimage\"},\"thumbnailUrl\":\"https:\/\/xenonkungen.com\/wp-content\/uploads\/2025\/04\/166332439-origpic-19f1e0.png\",\"datePublished\":\"2025-04-15T08:26:44+00:00\",\"dateModified\":\"2026-04-02T11:29:52+00:00\",\"breadcrumb\":{\"@id\":\"https:\/\/xenonkungen.com\/produkt\/skyltbelysning-led-till-vw-amarok-passat-polo\/#breadcrumb\"},\"inLanguage\":\"es\",\"potentialAction\":[{\"@type\":\"ReadAction\",\"target\":[\"https:\/\/xenonkungen.com\/produkt\/skyltbelysning-led-till-vw-amarok-passat-polo\/\"]}]},{\"@type\":\"ImageObject\",\"inLanguage\":\"es\",\"@id\":\"https:\/\/xenonkungen.com\/produkt\/skyltbelysning-led-till-vw-amarok-passat-polo\/#primaryimage\",\"url\":\"https:\/\/xenonkungen.com\/wp-content\/uploads\/2025\/04\/166332439-origpic-19f1e0.png\",\"contentUrl\":\"https:\/\/xenonkungen.com\/wp-content\/uploads\/2025\/04\/166332439-origpic-19f1e0.png\",\"width\":1000,\"height\":1000},{\"@type\":\"BreadcrumbList\",\"@id\":\"https:\/\/xenonkungen.com\/produkt\/skyltbelysning-led-till-vw-amarok-passat-polo\/#breadcrumb\",\"itemListElement\":[{\"@type\":\"ListItem\",\"position\":1,\"name\":\"Hem\",\"item\":\"https:\/\/xenonkungen.com\/\"},{\"@type\":\"ListItem\",\"position\":2,\"name\":\"Shop\",\"item\":\"https:\/\/xenonkungen.com\/shop\/\"},{\"@type\":\"ListItem\",\"position\":3,\"name\":\"Skyltbelysning LED till VW Amarok | Passat | Polo\"}]},{\"@type\":\"WebSite\",\"@id\":\"https:\/\/xenonkungen.com\/#website\",\"url\":\"https:\/\/xenonkungen.com\/\",\"name\":\"Xenonkungen\",\"description\":\"\",\"potentialAction\":[{\"@type\":\"SearchAction\",\"target\":{\"@type\":\"EntryPoint\",\"urlTemplate\":\"https:\/\/xenonkungen.com\/?s={search_term_string}\"},\"query-input\":{\"@type\":\"PropertyValueSpecification\",\"valueRequired\":true,\"valueName\":\"search_term_string\"}}],\"inLanguage\":\"es\"}]}<\/script>\n<!-- \/ Yoast SEO plugin. -->","yoast_head_json":{"title":"Luz de matr\u00edcula LED para VW Amarok | Passat | Polo - Xenonkungen","robots":{"index":"index","follow":"follow","max-snippet":"max-snippet:-1","max-image-preview":"max-image-preview:large","max-video-preview":"max-video-preview:-1"},"canonical":"https:\/\/xenonkungen.com\/es\/producto\/luz-de-matricula-led-para-vw-amarok-passat-polo\/","og_locale":"es_ES","og_type":"article","og_title":"Skyltbelysning LED till VW Amarok | Passat | Polo - Xenonkungen","og_description":"Passar Volkswagen modell Amarok 10- Golf 7 Passat Polo Porsche Cayenne -14 Volt: 12V Bolt-on ljusmodul. Set om 2st. 3 \u00e5r garanti. E-godk\u00e4nd","og_url":"https:\/\/xenonkungen.com\/es\/producto\/luz-de-matricula-led-para-vw-amarok-passat-polo\/","og_site_name":"Xenonkungen","article_modified_time":"2026-04-02T11:29:52+00:00","og_image":[{"width":1000,"height":1000,"url":"https:\/\/xenonkungen.com\/wp-content\/uploads\/2025\/04\/166332439-origpic-19f1e0.png","type":"image\/png"}],"twitter_card":"summary_large_image","schema":{"@context":"https:\/\/schema.org","@graph":[{"@type":"WebPage","@id":"https:\/\/xenonkungen.com\/produkt\/skyltbelysning-led-till-vw-amarok-passat-polo\/","url":"https:\/\/xenonkungen.com\/produkt\/skyltbelysning-led-till-vw-amarok-passat-polo\/","name":"Luz de matr\u00edcula LED para VW Amarok | Passat | Polo - Xenonkungen","isPartOf":{"@id":"https:\/\/xenonkungen.com\/#website"},"primaryImageOfPage":{"@id":"https:\/\/xenonkungen.com\/produkt\/skyltbelysning-led-till-vw-amarok-passat-polo\/#primaryimage"},"image":{"@id":"https:\/\/xenonkungen.com\/produkt\/skyltbelysning-led-till-vw-amarok-passat-polo\/#primaryimage"},"thumbnailUrl":"https:\/\/xenonkungen.com\/wp-content\/uploads\/2025\/04\/166332439-origpic-19f1e0.png","datePublished":"2025-04-15T08:26:44+00:00","dateModified":"2026-04-02T11:29:52+00:00","breadcrumb":{"@id":"https:\/\/xenonkungen.com\/produkt\/skyltbelysning-led-till-vw-amarok-passat-polo\/#breadcrumb"},"inLanguage":"es","potentialAction":[{"@type":"ReadAction","target":["https:\/\/xenonkungen.com\/produkt\/skyltbelysning-led-till-vw-amarok-passat-polo\/"]}]},{"@type":"ImageObject","inLanguage":"es","@id":"https:\/\/xenonkungen.com\/produkt\/skyltbelysning-led-till-vw-amarok-passat-polo\/#primaryimage","url":"https:\/\/xenonkungen.com\/wp-content\/uploads\/2025\/04\/166332439-origpic-19f1e0.png","contentUrl":"https:\/\/xenonkungen.com\/wp-content\/uploads\/2025\/04\/166332439-origpic-19f1e0.png","width":1000,"height":1000},{"@type":"BreadcrumbList","@id":"https:\/\/xenonkungen.com\/produkt\/skyltbelysning-led-till-vw-amarok-passat-polo\/#breadcrumb","itemListElement":[{"@type":"ListItem","position":1,"name":"Hem","item":"https:\/\/xenonkungen.com\/"},{"@type":"ListItem","position":2,"name":"Shop","item":"https:\/\/xenonkungen.com\/shop\/"},{"@type":"ListItem","position":3,"name":"Skyltbelysning LED till VW Amarok | Passat | Polo"}]},{"@type":"WebSite","@id":"https:\/\/xenonkungen.com\/#website","url":"https:\/\/xenonkungen.com\/","name":"Xenonkungen","description":"","potentialAction":[{"@type":"SearchAction","target":{"@type":"EntryPoint","urlTemplate":"https:\/\/xenonkungen.com\/?s={search_term_string}"},"query-input":{"@type":"PropertyValueSpecification","valueRequired":true,"valueName":"search_term_string"}}],"inLanguage":"es"}]}},"taxonomy_info":{"product_brand":[{"value":117,"label":"Xenonkungen"}],"product_cat":[{"value":2472,"label":"Skyltbelysning"},{"value":338,"label":"Diodlampor"}],"pa_fargtemperatur":[{"value":154,"label":"5000K"}],"pa_volt-v":[{"value":159,"label":"12"}]},"featured_image_src_large":["https:\/\/xenonkungen.com\/wp-content\/uploads\/2025\/04\/166332439-origpic-19f1e0.png",1000,1000,false],"author_info":[],"comment_info":0,"_links":{"self":[{"href":"https:\/\/xenonkungen.com\/es\/wp-json\/wp\/v2\/product\/1708","targetHints":{"allow":["GET"]}}],"collection":[{"href":"https:\/\/xenonkungen.com\/es\/wp-json\/wp\/v2\/product"}],"about":[{"href":"https:\/\/xenonkungen.com\/es\/wp-json\/wp\/v2\/types\/product"}],"replies":[{"embeddable":true,"href":"https:\/\/xenonkungen.com\/es\/wp-json\/wp\/v2\/comments?post=1708"}],"wp:featuredmedia":[{"embeddable":true,"href":"https:\/\/xenonkungen.com\/es\/wp-json\/wp\/v2\/media\/1709"}],"wp:attachment":[{"href":"https:\/\/xenonkungen.com\/es\/wp-json\/wp\/v2\/media?parent=1708"}],"wp:term":[{"taxonomy":"anvandningsomrade","embeddable":true,"href":"https:\/\/xenonkungen.com\/es\/wp-json\/wp\/v2\/anvandningsomrade?post=1708"},{"taxonomy":"bilmarken","embeddable":true,"href":"https:\/\/xenonkungen.com\/es\/wp-json\/wp\/v2\/bilmarken?post=1708"},{"taxonomy":"product_brand","embeddable":true,"href":"https:\/\/xenonkungen.com\/es\/wp-json\/wp\/v2\/product_brand?post=1708"},{"taxonomy":"product_cat","embeddable":true,"href":"https:\/\/xenonkungen.com\/es\/wp-json\/wp\/v2\/product_cat?post=1708"},{"taxonomy":"product_tag","embeddable":true,"href":"https:\/\/xenonkungen.com\/es\/wp-json\/wp\/v2\/product_tag?post=1708"}],"curies":[{"name":"wp","href":"https:\/\/api.w.org\/{rel}","templated":true}]}}