{"id":17451,"date":"2025-11-06T14:26:43","date_gmt":"2025-11-06T13:26:43","guid":{"rendered":"https:\/\/xenonkungen.com\/?post_type=product&#038;p=17451"},"modified":"2026-04-11T01:31:45","modified_gmt":"2026-04-11T00:31:45","slug":"osram-ledriving-cube-mx180-cb-ambar-extreme-7","status":"publish","type":"product","link":"https:\/\/xenonkungen.com\/es\/producto\/osram-ledriving-cube-mx180-cb-ambar-extreme-7\/","title":{"rendered":"Osram LEDriving\u00ae CUBE MX180-CB \u00c1MBAR EXTREMO | 7\u2033"},"content":{"rendered":"<p><strong>OSRAM LEDriving MX Series 7\u2033 \u2013 M\u00e1ximo rendimiento. En cualquier lugar.<\/strong><\/p>\n<p>La serie OSRAM MX est\u00e1 dise\u00f1ada para quienes buscan una luz realmente ligera.<br \/>\nUna luz auxiliar LED de alta gama que ofrece una potente salida de luz, un dise\u00f1o moderno y una construcci\u00f3n robusta capaz de soportar desde largos trayectos por asfalto hasta entornos de trabajo exigentes y terrenos dif\u00edciles.<\/p>\n<p>Con hasta 7.000 l\u00famenes en modo Boost y una \u00f3ptica combinada avanzada, se obtiene longitud y anchura en el mismo patr\u00f3n de luz: visibilidad perfecta independientemente de la velocidad, el terreno o las condiciones clim\u00e1ticas.<\/p>\n<p><strong>4 en 1: elige expresi\u00f3n y funci\u00f3n<\/strong><\/p>\n<p>La serie MX ofrece una configuraci\u00f3n de iluminaci\u00f3n flexible:<\/p>\n<ul>\n<li>Luz brillante<\/li>\n<li>Modo Boost<\/li>\n<li>luz de posici\u00f3n blanca<\/li>\n<li>luz de posici\u00f3n \u00e1mbar<\/li>\n<\/ul>\n<p>T\u00fa eliges el estilo: un aspecto limpio de f\u00e1brica o una expresi\u00f3n m\u00e1s agresiva inspirada en los rallies.<\/p>\n<p><strong>Dise\u00f1ado para uso intensivo<\/strong><\/p>\n<p>Su robusto cuerpo de aluminio, lente de policarbonato y certificaci\u00f3n IP6K8 \/ IP6K9K significan que la l\u00e1mpara es impermeable, a prueba de polvo y resistente a las vibraciones durante todo el a\u00f1o.<\/p>\n<p><strong>Ideal para:<\/strong><\/p>\n<ul>\n<li>Autom\u00f3vil \/ turismo<\/li>\n<li>Cami\u00f3n \/ furgoneta<\/li>\n<li>4x4 \/ Todoterreno<\/li>\n<li>ATV y UTV<\/li>\n<li>Maquinaria agr\u00edcola<\/li>\n<li>Veh\u00edculos de trabajo \/ veh\u00edculos comerciales<\/li>\n<li>Construcci\u00f3n \/ contrataci\u00f3n<\/li>\n<li>Caravana \/ autocaravana y remolque<\/li>\n<\/ul>\n<p><strong>En breve:<\/strong><\/p>\n<p>La serie OSRAM MX est\u00e1 creada para ofrecer la m\u00e1xima visibilidad, precisi\u00f3n y seguridad, all\u00ed donde necesitas una luz que realmente cumpla sus promesas.<\/p>\n<p><strong>Esto est\u00e1 incluido en el paquete.<\/strong><\/p>\n<ul>\n<li>OSRAM LEDriving Cube MX180<\/li>\n<li>Soporte de montaje + 1.\u00aa barra estabilizadora<\/li>\n<li>Contacto masculino con conductores sueltos<\/li>\n<\/ul>\n<p>Rendimiento lum\u00ednico superior, sin importar ad\u00f3nde lleve el camino.<\/p>\n<p><strong>5 a\u00f1os de garant\u00eda.<\/strong><\/p>\n<p><a href=\"https:\/\/xenonkungen.com\/?attachment_id=17543\" rel=\"attachment wp-att-17543\"><img loading=\"lazy\" decoding=\"async\" class=\"alignnone size-full wp-image-17543\" src=\"https:\/\/xenonkungen.com\/wp-content\/uploads\/2025\/11\/Skarmbild-2025-11-06-151812.png\" alt=\"\" width=\"298\" height=\"54\" srcset=\"https:\/\/xenonkungen.com\/wp-content\/uploads\/2025\/11\/Skarmbild-2025-11-06-151812.png 298w, https:\/\/xenonkungen.com\/wp-content\/uploads\/2025\/11\/Skarmbild-2025-11-06-151812-18x3.png 18w\" sizes=\"auto, (max-width: 298px) 100vw, 298px\" \/><\/a><\/p>\n<p>OSRAM ha sido l\u00edder mundial en iluminaci\u00f3n automotriz durante m\u00e1s de 110 a\u00f1os y hoy es uno de los fabricantes m\u00e1s grandes y respetados del sector. Esto no es casualidad: es el resultado de una calidad sin concesiones, ingenier\u00eda avanzada y pruebas rigurosas.<\/p>\n<p>Cada d\u00eda se entregan veh\u00edculos nuevos desde la f\u00e1brica donde se producen m\u00e1s de [n\u00famero faltante]. <em>medio<\/em> Equipado con luces OSRAM originales. OSRAM tambi\u00e9n <strong>n\u00famero 1 a nivel mundial en la fabricaci\u00f3n de chips LED<\/strong>Y precisamente por eso son tambi\u00e9n los favoritos indiscutibles entre entusiastas, montadores profesionales, talleres y fabricantes de equipos originales en todo el mundo.<\/p>\n<p>Como fabricante alem\u00e1n, OSRAM es sin\u00f3nimo de precisi\u00f3n, robustez y durabilidad. Cada componente \u2014desde la carcasa y la refrigeraci\u00f3n hasta la lente, el sellado y la electr\u00f3nica interna\u2014 est\u00e1 dise\u00f1ado para resistir la presi\u00f3n, la humedad, la sal, las vibraciones, el fr\u00edo y el calor extremos, y un uso continuo durante un periodo muy prolongado. No se trata solo de una luz brillante, sino de una calidad dise\u00f1ada para resistir las condiciones m\u00e1s adversas.<\/p>\n<p>Por eso OSRAM puede dejar <strong>garant\u00edas largas<\/strong> Con total confianza: las construcciones son duraderas.<\/p>\n<p>OSRAM no solo es el l\u00edder del mercado.<br \/>\nOSRAM es el referente con el que el resto de la industria intenta compararse.<\/p>\n<p>Por eso OSRAM tambi\u00e9n es tan a menudo <strong>la primera opci\u00f3n \u2013 la favorita indiscutible<\/strong> Para aquellos que buscan rendimiento lum\u00ednico y durabilidad sin concesiones.<\/p>\n<p>Esto s\u00ed es calidad de verdad.<br \/>\nEsto es OSRAM.<\/p>","protected":false},"excerpt":{"rendered":"<p>OSRAM LEDriving MX Series 7\u2033 \u2013 Maximal prestanda. \u00d6verallt. OSRAM MX Series \u00e4r byggd f\u00f6r dig som vill ha riktigt ljus p\u00e5 riktigt. Ett premium LED-extraljus som levererar brutalt ljusfl\u00f6de, modern design och en robust konstruktion som t\u00e5l allt fr\u00e5n l\u00e5ng asfaltspendling till tunga arbetsmilj\u00f6er och offroad. Med upp till 7 000 lumen i boost [&hellip;]<\/p>","protected":false},"featured_media":17503,"comment_status":"open","ping_status":"closed","template":"","meta":{"_acf_changed":false,"_smort_price_nok":"2665","_smort_price_dkk":"","_smort_price_eur":"","_smort_sale_price_nok":"","_smort_sale_price_dkk":"","_smort_sale_price_eur":"","smort_restorder":"","shipmondo_restorder":"","_kad_blocks_custom_css":"","_kad_blocks_head_custom_js":"","_kad_blocks_body_custom_js":"","_kad_blocks_footer_custom_js":"","smort_custom_pricelist_1":"1197.6","smort_custom_pricelist_2":"1197.6","smort_custom_pricelist_3":"1197.6","smort_custom_pricelist_4":"1996","smort_custom_pricelist_5":"1197.6"},"anvandningsomrade":[],"bilmarken":[],"product_brand":[108],"product_cat":[2838,142],"product_tag":[],"class_list":{"0":"post-17451","1":"product","2":"type-product","3":"status-publish","4":"has-post-thumbnail","6":"product_brand-osram","7":"product_cat-extraljus-7","8":"product_cat-extraljus","9":"pa_fargtemperatur-6000k","10":"pa_fargtemperatur-1700k","11":"pa_volt-v-multivolt-10-12-16-18-24-28-30-32","13":"first","14":"instock","15":"taxable","16":"shipping-taxable","17":"purchasable","18":"product-type-simple"},"bundled_by":[],"bundle_stock_status":"instock","bundle_stock_quantity":21,"bundle_virtual":false,"bundle_layout":"","bundle_add_to_cart_form_location":"","bundle_editable_in_cart":false,"bundle_sold_individually_context":"","bundle_item_grouping":"","bundle_min_size":"","bundle_max_size":"","bundle_price":[],"bundled_items":[],"bundle_sell_ids":[],"acf":[],"yoast_head":"<!-- This site is optimized with the Yoast SEO plugin v27.0 - https:\/\/yoast.com\/product\/yoast-seo-wordpress\/ -->\n<title>Osram LEDriving\u00ae CUBE MX180-CB AMBER EXTREME | 7&quot; - Xenonkungen<\/title>\n<meta name=\"robots\" content=\"index, follow, max-snippet:-1, max-image-preview:large, max-video-preview:-1\" \/>\n<link rel=\"canonical\" href=\"https:\/\/xenonkungen.com\/es\/producto\/osram-ledriving-cube-mx180-cb-ambar-extreme-7\/\" \/>\n<meta property=\"og:locale\" content=\"es_ES\" \/>\n<meta property=\"og:type\" content=\"article\" \/>\n<meta property=\"og:title\" content=\"Osram LEDriving\u00ae CUBE MX180-CB AMBER EXTREME | 7&quot; - Xenonkungen\" \/>\n<meta property=\"og:description\" content=\"OSRAM LEDriving MX Series 7\u2033 \u2013 Maximal prestanda. \u00d6verallt. OSRAM MX Series \u00e4r byggd f\u00f6r dig som vill ha riktigt ljus p\u00e5 riktigt. Ett premium LED-extraljus som levererar brutalt ljusfl\u00f6de, modern design och en robust konstruktion som t\u00e5l allt fr\u00e5n l\u00e5ng asfaltspendling till tunga arbetsmilj\u00f6er och offroad. Med upp till 7 000 lumen i boost [&hellip;]\" \/>\n<meta property=\"og:url\" content=\"https:\/\/xenonkungen.com\/es\/producto\/osram-ledriving-cube-mx180-cb-ambar-extreme-7\/\" \/>\n<meta property=\"og:site_name\" content=\"Xenonkungen\" \/>\n<meta property=\"article:modified_time\" content=\"2026-04-11T00:31:45+00:00\" \/>\n<meta property=\"og:image\" content=\"https:\/\/xenonkungen.com\/wp-content\/uploads\/2025\/11\/Large-PI_WFPIO-327_LEDriving_Cube_MX180-CB_Amber_EXTREME_LEDDL136-CB_X_Side_Light1_Amber_04.jpg\" \/>\n\t<meta property=\"og:image:width\" content=\"1920\" \/>\n\t<meta property=\"og:image:height\" content=\"1920\" \/>\n\t<meta property=\"og:image:type\" content=\"image\/jpeg\" \/>\n<meta name=\"twitter:card\" content=\"summary_large_image\" \/>\n<meta name=\"twitter:label1\" content=\"Tiempo de lectura\" \/>\n\t<meta name=\"twitter:data1\" content=\"3 minutos\" \/>\n<script type=\"application\/ld+json\" class=\"yoast-schema-graph\">{\"@context\":\"https:\/\/schema.org\",\"@graph\":[{\"@type\":\"WebPage\",\"@id\":\"https:\/\/xenonkungen.com\/produkt\/osram-ledriving-cube-mx180-cb-amber-extreme-7\/\",\"url\":\"https:\/\/xenonkungen.com\/produkt\/osram-ledriving-cube-mx180-cb-amber-extreme-7\/\",\"name\":\"Osram LEDriving\u00ae CUBE MX180-CB AMBER EXTREME | 7\\\" - Xenonkungen\",\"isPartOf\":{\"@id\":\"https:\/\/xenonkungen.com\/#website\"},\"primaryImageOfPage\":{\"@id\":\"https:\/\/xenonkungen.com\/produkt\/osram-ledriving-cube-mx180-cb-amber-extreme-7\/#primaryimage\"},\"image\":{\"@id\":\"https:\/\/xenonkungen.com\/produkt\/osram-ledriving-cube-mx180-cb-amber-extreme-7\/#primaryimage\"},\"thumbnailUrl\":\"https:\/\/xenonkungen.com\/wp-content\/uploads\/2025\/11\/Large-PI_WFPIO-327_LEDriving_Cube_MX180-CB_Amber_EXTREME_LEDDL136-CB_X_Side_Light1_Amber_04.jpg\",\"datePublished\":\"2025-11-06T13:26:43+00:00\",\"dateModified\":\"2026-04-11T00:31:45+00:00\",\"breadcrumb\":{\"@id\":\"https:\/\/xenonkungen.com\/produkt\/osram-ledriving-cube-mx180-cb-amber-extreme-7\/#breadcrumb\"},\"inLanguage\":\"es\",\"potentialAction\":[{\"@type\":\"ReadAction\",\"target\":[\"https:\/\/xenonkungen.com\/produkt\/osram-ledriving-cube-mx180-cb-amber-extreme-7\/\"]}]},{\"@type\":\"ImageObject\",\"inLanguage\":\"es\",\"@id\":\"https:\/\/xenonkungen.com\/produkt\/osram-ledriving-cube-mx180-cb-amber-extreme-7\/#primaryimage\",\"url\":\"https:\/\/xenonkungen.com\/wp-content\/uploads\/2025\/11\/Large-PI_WFPIO-327_LEDriving_Cube_MX180-CB_Amber_EXTREME_LEDDL136-CB_X_Side_Light1_Amber_04.jpg\",\"contentUrl\":\"https:\/\/xenonkungen.com\/wp-content\/uploads\/2025\/11\/Large-PI_WFPIO-327_LEDriving_Cube_MX180-CB_Amber_EXTREME_LEDDL136-CB_X_Side_Light1_Amber_04.jpg\",\"width\":1920,\"height\":1920},{\"@type\":\"BreadcrumbList\",\"@id\":\"https:\/\/xenonkungen.com\/produkt\/osram-ledriving-cube-mx180-cb-amber-extreme-7\/#breadcrumb\",\"itemListElement\":[{\"@type\":\"ListItem\",\"position\":1,\"name\":\"Hem\",\"item\":\"https:\/\/xenonkungen.com\/\"},{\"@type\":\"ListItem\",\"position\":2,\"name\":\"Shop\",\"item\":\"https:\/\/xenonkungen.com\/shop\/\"},{\"@type\":\"ListItem\",\"position\":3,\"name\":\"Osram LEDriving\u00ae CUBE MX180-CB AMBER EXTREME | 7&#8243;\"}]},{\"@type\":\"WebSite\",\"@id\":\"https:\/\/xenonkungen.com\/#website\",\"url\":\"https:\/\/xenonkungen.com\/\",\"name\":\"Xenonkungen\",\"description\":\"\",\"potentialAction\":[{\"@type\":\"SearchAction\",\"target\":{\"@type\":\"EntryPoint\",\"urlTemplate\":\"https:\/\/xenonkungen.com\/?s={search_term_string}\"},\"query-input\":{\"@type\":\"PropertyValueSpecification\",\"valueRequired\":true,\"valueName\":\"search_term_string\"}}],\"inLanguage\":\"es\"}]}<\/script>\n<!-- \/ Yoast SEO plugin. -->","yoast_head_json":{"title":"Osram LEDriving\u00ae CUBE MX180-CB AMBER EXTREME | 7&quot; - El rey del xen\u00f3n","robots":{"index":"index","follow":"follow","max-snippet":"max-snippet:-1","max-image-preview":"max-image-preview:large","max-video-preview":"max-video-preview:-1"},"canonical":"https:\/\/xenonkungen.com\/es\/producto\/osram-ledriving-cube-mx180-cb-ambar-extreme-7\/","og_locale":"es_ES","og_type":"article","og_title":"Osram LEDriving\u00ae CUBE MX180-CB AMBER EXTREME | 7\" - Xenonkungen","og_description":"OSRAM LEDriving MX Series 7\u2033 \u2013 Maximal prestanda. \u00d6verallt. OSRAM MX Series \u00e4r byggd f\u00f6r dig som vill ha riktigt ljus p\u00e5 riktigt. Ett premium LED-extraljus som levererar brutalt ljusfl\u00f6de, modern design och en robust konstruktion som t\u00e5l allt fr\u00e5n l\u00e5ng asfaltspendling till tunga arbetsmilj\u00f6er och offroad. Med upp till 7 000 lumen i boost [&hellip;]","og_url":"https:\/\/xenonkungen.com\/es\/producto\/osram-ledriving-cube-mx180-cb-ambar-extreme-7\/","og_site_name":"Xenonkungen","article_modified_time":"2026-04-11T00:31:45+00:00","og_image":[{"width":1920,"height":1920,"url":"https:\/\/xenonkungen.com\/wp-content\/uploads\/2025\/11\/Large-PI_WFPIO-327_LEDriving_Cube_MX180-CB_Amber_EXTREME_LEDDL136-CB_X_Side_Light1_Amber_04.jpg","type":"image\/jpeg"}],"twitter_card":"summary_large_image","twitter_misc":{"Tiempo de lectura":"3 minutos"},"schema":{"@context":"https:\/\/schema.org","@graph":[{"@type":"WebPage","@id":"https:\/\/xenonkungen.com\/produkt\/osram-ledriving-cube-mx180-cb-amber-extreme-7\/","url":"https:\/\/xenonkungen.com\/produkt\/osram-ledriving-cube-mx180-cb-amber-extreme-7\/","name":"Osram LEDriving\u00ae CUBE MX180-CB AMBER EXTREME | 7&quot; - El rey del xen\u00f3n","isPartOf":{"@id":"https:\/\/xenonkungen.com\/#website"},"primaryImageOfPage":{"@id":"https:\/\/xenonkungen.com\/produkt\/osram-ledriving-cube-mx180-cb-amber-extreme-7\/#primaryimage"},"image":{"@id":"https:\/\/xenonkungen.com\/produkt\/osram-ledriving-cube-mx180-cb-amber-extreme-7\/#primaryimage"},"thumbnailUrl":"https:\/\/xenonkungen.com\/wp-content\/uploads\/2025\/11\/Large-PI_WFPIO-327_LEDriving_Cube_MX180-CB_Amber_EXTREME_LEDDL136-CB_X_Side_Light1_Amber_04.jpg","datePublished":"2025-11-06T13:26:43+00:00","dateModified":"2026-04-11T00:31:45+00:00","breadcrumb":{"@id":"https:\/\/xenonkungen.com\/produkt\/osram-ledriving-cube-mx180-cb-amber-extreme-7\/#breadcrumb"},"inLanguage":"es","potentialAction":[{"@type":"ReadAction","target":["https:\/\/xenonkungen.com\/produkt\/osram-ledriving-cube-mx180-cb-amber-extreme-7\/"]}]},{"@type":"ImageObject","inLanguage":"es","@id":"https:\/\/xenonkungen.com\/produkt\/osram-ledriving-cube-mx180-cb-amber-extreme-7\/#primaryimage","url":"https:\/\/xenonkungen.com\/wp-content\/uploads\/2025\/11\/Large-PI_WFPIO-327_LEDriving_Cube_MX180-CB_Amber_EXTREME_LEDDL136-CB_X_Side_Light1_Amber_04.jpg","contentUrl":"https:\/\/xenonkungen.com\/wp-content\/uploads\/2025\/11\/Large-PI_WFPIO-327_LEDriving_Cube_MX180-CB_Amber_EXTREME_LEDDL136-CB_X_Side_Light1_Amber_04.jpg","width":1920,"height":1920},{"@type":"BreadcrumbList","@id":"https:\/\/xenonkungen.com\/produkt\/osram-ledriving-cube-mx180-cb-amber-extreme-7\/#breadcrumb","itemListElement":[{"@type":"ListItem","position":1,"name":"Hem","item":"https:\/\/xenonkungen.com\/"},{"@type":"ListItem","position":2,"name":"Shop","item":"https:\/\/xenonkungen.com\/shop\/"},{"@type":"ListItem","position":3,"name":"Osram LEDriving\u00ae CUBE MX180-CB AMBER EXTREME | 7&#8243;"}]},{"@type":"WebSite","@id":"https:\/\/xenonkungen.com\/#website","url":"https:\/\/xenonkungen.com\/","name":"Xenonkungen","description":"","potentialAction":[{"@type":"SearchAction","target":{"@type":"EntryPoint","urlTemplate":"https:\/\/xenonkungen.com\/?s={search_term_string}"},"query-input":{"@type":"PropertyValueSpecification","valueRequired":true,"valueName":"search_term_string"}}],"inLanguage":"es"}]}},"taxonomy_info":{"product_brand":[{"value":108,"label":"OSRAM"}],"product_cat":[{"value":2838,"label":"Extraljus 7\""},{"value":142,"label":"Extraljus"}],"pa_fargtemperatur":[{"value":188,"label":"6000K"},{"value":2794,"label":"1700K"}],"pa_volt-v":[{"value":1084,"label":"Multivolt, 10, 12, 16, 18, 24, 28, 30, 32"}]},"featured_image_src_large":["https:\/\/xenonkungen.com\/wp-content\/uploads\/2025\/11\/Large-PI_WFPIO-327_LEDriving_Cube_MX180-CB_Amber_EXTREME_LEDDL136-CB_X_Side_Light1_Amber_04-1024x1024.jpg",1024,1024,true],"author_info":[],"comment_info":0,"_links":{"self":[{"href":"https:\/\/xenonkungen.com\/es\/wp-json\/wp\/v2\/product\/17451","targetHints":{"allow":["GET"]}}],"collection":[{"href":"https:\/\/xenonkungen.com\/es\/wp-json\/wp\/v2\/product"}],"about":[{"href":"https:\/\/xenonkungen.com\/es\/wp-json\/wp\/v2\/types\/product"}],"replies":[{"embeddable":true,"href":"https:\/\/xenonkungen.com\/es\/wp-json\/wp\/v2\/comments?post=17451"}],"wp:featuredmedia":[{"embeddable":true,"href":"https:\/\/xenonkungen.com\/es\/wp-json\/wp\/v2\/media\/17503"}],"wp:attachment":[{"href":"https:\/\/xenonkungen.com\/es\/wp-json\/wp\/v2\/media?parent=17451"}],"wp:term":[{"taxonomy":"anvandningsomrade","embeddable":true,"href":"https:\/\/xenonkungen.com\/es\/wp-json\/wp\/v2\/anvandningsomrade?post=17451"},{"taxonomy":"bilmarken","embeddable":true,"href":"https:\/\/xenonkungen.com\/es\/wp-json\/wp\/v2\/bilmarken?post=17451"},{"taxonomy":"product_brand","embeddable":true,"href":"https:\/\/xenonkungen.com\/es\/wp-json\/wp\/v2\/product_brand?post=17451"},{"taxonomy":"product_cat","embeddable":true,"href":"https:\/\/xenonkungen.com\/es\/wp-json\/wp\/v2\/product_cat?post=17451"},{"taxonomy":"product_tag","embeddable":true,"href":"https:\/\/xenonkungen.com\/es\/wp-json\/wp\/v2\/product_tag?post=17451"}],"curies":[{"name":"wp","href":"https:\/\/api.w.org\/{rel}","templated":true}]}}