{"id":17961,"date":"2025-11-12T16:04:36","date_gmt":"2025-11-12T15:04:36","guid":{"rendered":"https:\/\/xenonkungen.com\/?post_type=product&#038;p=17961"},"modified":"2026-03-04T16:36:33","modified_gmt":"2026-03-04T15:36:33","slug":"osram-cool-blue-intense-next-gen-h7-paquete-de-1","status":"publish","type":"product","link":"https:\/\/xenonkungen.com\/es\/producto\/osram-cool-blue-intense-next-gen-h7-paquete-de-1\/","title":{"rendered":"OSRAM COOL BLUE INTENSE (NUEVA GENERACI\u00d3N) \u2013 H7 \u2013 1 UNIDAD"},"content":{"rendered":"<h2 data-start=\"181\" data-end=\"250\"><strong data-start=\"184\" data-end=\"250\">OSRAM COOL BLUE INTENSE H7 \u2013 Luz blanca extra con hasta 5000 K<\/strong><\/h2>\n<h3 data-start=\"252\" data-end=\"298\"><strong data-start=\"256\" data-end=\"296\">Una luz que impresiona, un estilo que destaca.<\/strong><\/h3>\n<p data-start=\"299\" data-end=\"612\">Experimenta la sensaci\u00f3n moderna de <strong data-start=\"329\" data-end=\"350\">AZUL FR\u00cdO INTENSO<\/strong> \u2013 L\u00e1mparas hal\u00f3genas de alto rendimiento de clase LED.<br data-start=\"394\" data-end=\"397\" \/>Con una potente luz blanca cristalina de hasta <strong data-start=\"447\" data-end=\"458\">5 000 K<\/strong> Obtendr\u00e1s una imagen luminosa similar a la de un LED: elegante, n\u00edtida y llena de energ\u00eda. Perfecta para quienes desean combinar <strong data-start=\"565\" data-end=\"600\">dise\u00f1o, rendimiento y visibilidad<\/strong> en la carretera.<\/p>\n<p data-start=\"614\" data-end=\"859\">La luz es <strong data-start=\"624\" data-end=\"658\">Alto contraste y luz similar a la luz del d\u00eda<\/strong>lo cual hace que la conducci\u00f3n nocturna sea m\u00e1s c\u00f3moda y segura.<br data-start=\"712\" data-end=\"715\" \/>En comparaci\u00f3n con los requisitos m\u00ednimos de la ECE, OSRAM COOL BLUE INTENSE ofrece hasta <strong data-start=\"787\" data-end=\"810\">100 % luz m\u00e1s brillante<\/strong> \u2013 para que puedas ver m\u00e1s, m\u00e1s r\u00e1pido y m\u00e1s lejos.<\/p>\n<p data-start=\"861\" data-end=\"1057\">El dise\u00f1o moderno con <strong data-start=\"886\" data-end=\"900\">tapa plateada<\/strong>\u00a0tambi\u00e9n hace que la l\u00e1mpara se integre perfectamente con <strong data-start=\"988\" data-end=\"1017\">Faros con cristal transparente<\/strong> \u2013 para un aspecto elegante y sofisticado.<\/p>\n<h3 data-start=\"1059\" data-end=\"1075\"><strong data-start=\"1063\" data-end=\"1075\">Ventajas del programa<\/strong><\/h3>\n<ul data-start=\"1076\" data-end=\"1318\">\n<li data-start=\"1076\" data-end=\"1129\">\n<p data-start=\"1078\" data-end=\"1129\">Luz blanca extra de hasta 5000 K, casi como un LED.<\/p>\n<\/li>\n<li data-start=\"1130\" data-end=\"1180\">\n<p data-start=\"1132\" data-end=\"1180\">Hasta 100 l\u00famenes m\u00e1s de luz brillante que las bombillas est\u00e1ndar.<\/p>\n<\/li>\n<li data-start=\"1181\" data-end=\"1226\">\n<p data-start=\"1183\" data-end=\"1226\">Estilo moderno y elegante con parte superior plateada<\/p>\n<\/li>\n<li data-start=\"1227\" data-end=\"1280\">\n<p data-start=\"1229\" data-end=\"1280\">Luz agradable, similar a la luz del d\u00eda, para mayor comodidad<\/p>\n<\/li>\n<li data-start=\"1281\" data-end=\"1318\">\n<p data-start=\"1283\" data-end=\"1318\">Perfecto para conductores preocupados por el dise\u00f1o.<\/p>\n<\/li>\n<\/ul>\n<h3 data-start=\"1320\" data-end=\"1381\"><strong data-start=\"1324\" data-end=\"1381\">OSRAM COOL BLUE INTENSE \u2013 M\u00e1s luz. M\u00e1s estilo. M\u00e1s t\u00fa.<\/strong><\/h3>","protected":false},"excerpt":{"rendered":"<p>OSRAM COOL BLUE INTENSE H7 \u2013 Extra vitt ljus med upp till 5 000 K Ljus som imponerar \u2013 stil som m\u00e4rks. Upplev den moderna k\u00e4nslan av COOL BLUE INTENSE \u2013 h\u00f6gpresterande halogenlampor i LED-klass.Med ett kraftfullt, kristallvitt ljus p\u00e5 upp till 5 000 K f\u00e5r du en ljusbild som liknar LED \u2013 stilren, skarp [&hellip;]<\/p>","protected":false},"featured_media":17963,"comment_status":"open","ping_status":"closed","template":"","meta":{"_acf_changed":false,"_smort_price_nok":"117","_smort_price_dkk":"","_smort_price_eur":"","_smort_sale_price_nok":"","_smort_sale_price_dkk":"","_smort_sale_price_eur":"","smort_restorder":"","shipmondo_restorder":"","_kad_blocks_custom_css":"","_kad_blocks_head_custom_js":"","_kad_blocks_body_custom_js":"","_kad_blocks_footer_custom_js":"","smort_custom_pricelist_1":"70.4","smort_custom_pricelist_2":"61.6","smort_custom_pricelist_3":"57.2","smort_custom_pricelist_4":"88","smort_custom_pricelist_5":"61.6"},"anvandningsomrade":[],"bilmarken":[],"product_brand":[108],"product_cat":[2543,844,733],"product_tag":[],"class_list":{"0":"post-17961","1":"product","2":"type-product","3":"status-publish","4":"has-post-thumbnail","6":"product_brand-osram","7":"product_cat-halogen-halvljus-helljus","8":"product_cat-halogen","9":"product_cat-halvljus-helljus","10":"pa_faktisk-effekts-forbrukning-841","11":"pa_fargtemperatur-5000k","12":"pa_lampsockel-kontakt-h7","13":"pa_lampsockel-kontakt-px26d","14":"pa_volt-v-159","16":"first","17":"instock","18":"taxable","19":"shipping-taxable","20":"purchasable","21":"product-type-simple"},"bundled_by":[],"bundle_stock_status":"instock","bundle_stock_quantity":2,"bundle_virtual":false,"bundle_layout":"","bundle_add_to_cart_form_location":"","bundle_editable_in_cart":false,"bundle_sold_individually_context":"","bundle_item_grouping":"","bundle_min_size":"","bundle_max_size":"","bundle_price":[],"bundled_items":[],"bundle_sell_ids":[],"acf":[],"yoast_head":"<!-- This site is optimized with the Yoast SEO plugin v27.0 - https:\/\/yoast.com\/product\/yoast-seo-wordpress\/ -->\n<title>OSRAM COOL BLUE INTENSE (NEXT GEN) - H7 - 1-PACK - Xenonkungen<\/title>\n<meta name=\"robots\" content=\"index, follow, max-snippet:-1, max-image-preview:large, max-video-preview:-1\" \/>\n<link rel=\"canonical\" href=\"https:\/\/xenonkungen.com\/es\/producto\/osram-cool-blue-intense-next-gen-h7-paquete-de-1\/\" \/>\n<meta property=\"og:locale\" content=\"es_ES\" \/>\n<meta property=\"og:type\" content=\"article\" \/>\n<meta property=\"og:title\" content=\"OSRAM COOL BLUE INTENSE (NEXT GEN) - H7 - 1-PACK - Xenonkungen\" \/>\n<meta property=\"og:description\" content=\"OSRAM COOL BLUE INTENSE H7 \u2013 Extra vitt ljus med upp till 5 000 K Ljus som imponerar \u2013 stil som m\u00e4rks. Upplev den moderna k\u00e4nslan av COOL BLUE INTENSE \u2013 h\u00f6gpresterande halogenlampor i LED-klass.Med ett kraftfullt, kristallvitt ljus p\u00e5 upp till 5 000 K f\u00e5r du en ljusbild som liknar LED \u2013 stilren, skarp [&hellip;]\" \/>\n<meta property=\"og:url\" content=\"https:\/\/xenonkungen.com\/es\/producto\/osram-cool-blue-intense-next-gen-h7-paquete-de-1\/\" \/>\n<meta property=\"og:site_name\" content=\"Xenonkungen\" \/>\n<meta property=\"article:modified_time\" content=\"2026-03-04T15:36:33+00:00\" \/>\n<meta property=\"og:image\" content=\"https:\/\/xenonkungen.com\/wp-content\/uploads\/2025\/11\/Small-for-web-and-ppt-PI_ARF-2020-00911_COOL_BLUE_INTENSE_Next_Generation_H7_64210CBN.jpg\" \/>\n\t<meta property=\"og:image:width\" content=\"1024\" \/>\n\t<meta property=\"og:image:height\" content=\"1024\" \/>\n\t<meta property=\"og:image:type\" content=\"image\/jpeg\" \/>\n<meta name=\"twitter:card\" content=\"summary_large_image\" \/>\n<meta name=\"twitter:label1\" content=\"Tiempo de lectura\" \/>\n\t<meta name=\"twitter:data1\" content=\"2 minutos\" \/>\n<script type=\"application\/ld+json\" class=\"yoast-schema-graph\">{\"@context\":\"https:\/\/schema.org\",\"@graph\":[{\"@type\":\"WebPage\",\"@id\":\"https:\/\/xenonkungen.com\/produkt\/osram-cool-blue-intense-next-gen-h7-1-pack\/\",\"url\":\"https:\/\/xenonkungen.com\/produkt\/osram-cool-blue-intense-next-gen-h7-1-pack\/\",\"name\":\"OSRAM COOL BLUE INTENSE (NEXT GEN) - H7 - 1-PACK - Xenonkungen\",\"isPartOf\":{\"@id\":\"https:\/\/xenonkungen.com\/#website\"},\"primaryImageOfPage\":{\"@id\":\"https:\/\/xenonkungen.com\/produkt\/osram-cool-blue-intense-next-gen-h7-1-pack\/#primaryimage\"},\"image\":{\"@id\":\"https:\/\/xenonkungen.com\/produkt\/osram-cool-blue-intense-next-gen-h7-1-pack\/#primaryimage\"},\"thumbnailUrl\":\"https:\/\/xenonkungen.com\/wp-content\/uploads\/2025\/11\/Small-for-web-and-ppt-PI_ARF-2020-00911_COOL_BLUE_INTENSE_Next_Generation_H7_64210CBN.jpg\",\"datePublished\":\"2025-11-12T15:04:36+00:00\",\"dateModified\":\"2026-03-04T15:36:33+00:00\",\"breadcrumb\":{\"@id\":\"https:\/\/xenonkungen.com\/produkt\/osram-cool-blue-intense-next-gen-h7-1-pack\/#breadcrumb\"},\"inLanguage\":\"es\",\"potentialAction\":[{\"@type\":\"ReadAction\",\"target\":[\"https:\/\/xenonkungen.com\/produkt\/osram-cool-blue-intense-next-gen-h7-1-pack\/\"]}]},{\"@type\":\"ImageObject\",\"inLanguage\":\"es\",\"@id\":\"https:\/\/xenonkungen.com\/produkt\/osram-cool-blue-intense-next-gen-h7-1-pack\/#primaryimage\",\"url\":\"https:\/\/xenonkungen.com\/wp-content\/uploads\/2025\/11\/Small-for-web-and-ppt-PI_ARF-2020-00911_COOL_BLUE_INTENSE_Next_Generation_H7_64210CBN.jpg\",\"contentUrl\":\"https:\/\/xenonkungen.com\/wp-content\/uploads\/2025\/11\/Small-for-web-and-ppt-PI_ARF-2020-00911_COOL_BLUE_INTENSE_Next_Generation_H7_64210CBN.jpg\",\"width\":1024,\"height\":1024},{\"@type\":\"BreadcrumbList\",\"@id\":\"https:\/\/xenonkungen.com\/produkt\/osram-cool-blue-intense-next-gen-h7-1-pack\/#breadcrumb\",\"itemListElement\":[{\"@type\":\"ListItem\",\"position\":1,\"name\":\"Hem\",\"item\":\"https:\/\/xenonkungen.com\/\"},{\"@type\":\"ListItem\",\"position\":2,\"name\":\"Shop\",\"item\":\"https:\/\/xenonkungen.com\/shop\/\"},{\"@type\":\"ListItem\",\"position\":3,\"name\":\"OSRAM COOL BLUE INTENSE (NEXT GEN) &#8211; H7 &#8211; 1-PACK\"}]},{\"@type\":\"WebSite\",\"@id\":\"https:\/\/xenonkungen.com\/#website\",\"url\":\"https:\/\/xenonkungen.com\/\",\"name\":\"Xenonkungen\",\"description\":\"\",\"potentialAction\":[{\"@type\":\"SearchAction\",\"target\":{\"@type\":\"EntryPoint\",\"urlTemplate\":\"https:\/\/xenonkungen.com\/?s={search_term_string}\"},\"query-input\":{\"@type\":\"PropertyValueSpecification\",\"valueRequired\":true,\"valueName\":\"search_term_string\"}}],\"inLanguage\":\"es\"}]}<\/script>\n<!-- \/ Yoast SEO plugin. -->","yoast_head_json":{"title":"OSRAM COOL BLUE INTENSE (PR\u00d3XIMA GENERACI\u00d3N) - H7 - 1 PAQUETE - El rey del xen\u00f3n","robots":{"index":"index","follow":"follow","max-snippet":"max-snippet:-1","max-image-preview":"max-image-preview:large","max-video-preview":"max-video-preview:-1"},"canonical":"https:\/\/xenonkungen.com\/es\/producto\/osram-cool-blue-intense-next-gen-h7-paquete-de-1\/","og_locale":"es_ES","og_type":"article","og_title":"OSRAM COOL BLUE INTENSE (NEXT GEN) - H7 - 1-PACK - Xenonkungen","og_description":"OSRAM COOL BLUE INTENSE H7 \u2013 Extra vitt ljus med upp till 5 000 K Ljus som imponerar \u2013 stil som m\u00e4rks. Upplev den moderna k\u00e4nslan av COOL BLUE INTENSE \u2013 h\u00f6gpresterande halogenlampor i LED-klass.Med ett kraftfullt, kristallvitt ljus p\u00e5 upp till 5 000 K f\u00e5r du en ljusbild som liknar LED \u2013 stilren, skarp [&hellip;]","og_url":"https:\/\/xenonkungen.com\/es\/producto\/osram-cool-blue-intense-next-gen-h7-paquete-de-1\/","og_site_name":"Xenonkungen","article_modified_time":"2026-03-04T15:36:33+00:00","og_image":[{"width":1024,"height":1024,"url":"https:\/\/xenonkungen.com\/wp-content\/uploads\/2025\/11\/Small-for-web-and-ppt-PI_ARF-2020-00911_COOL_BLUE_INTENSE_Next_Generation_H7_64210CBN.jpg","type":"image\/jpeg"}],"twitter_card":"summary_large_image","twitter_misc":{"Tiempo de lectura":"2 minutos"},"schema":{"@context":"https:\/\/schema.org","@graph":[{"@type":"WebPage","@id":"https:\/\/xenonkungen.com\/produkt\/osram-cool-blue-intense-next-gen-h7-1-pack\/","url":"https:\/\/xenonkungen.com\/produkt\/osram-cool-blue-intense-next-gen-h7-1-pack\/","name":"OSRAM COOL BLUE INTENSE (PR\u00d3XIMA GENERACI\u00d3N) - H7 - 1 PAQUETE - El rey del xen\u00f3n","isPartOf":{"@id":"https:\/\/xenonkungen.com\/#website"},"primaryImageOfPage":{"@id":"https:\/\/xenonkungen.com\/produkt\/osram-cool-blue-intense-next-gen-h7-1-pack\/#primaryimage"},"image":{"@id":"https:\/\/xenonkungen.com\/produkt\/osram-cool-blue-intense-next-gen-h7-1-pack\/#primaryimage"},"thumbnailUrl":"https:\/\/xenonkungen.com\/wp-content\/uploads\/2025\/11\/Small-for-web-and-ppt-PI_ARF-2020-00911_COOL_BLUE_INTENSE_Next_Generation_H7_64210CBN.jpg","datePublished":"2025-11-12T15:04:36+00:00","dateModified":"2026-03-04T15:36:33+00:00","breadcrumb":{"@id":"https:\/\/xenonkungen.com\/produkt\/osram-cool-blue-intense-next-gen-h7-1-pack\/#breadcrumb"},"inLanguage":"es","potentialAction":[{"@type":"ReadAction","target":["https:\/\/xenonkungen.com\/produkt\/osram-cool-blue-intense-next-gen-h7-1-pack\/"]}]},{"@type":"ImageObject","inLanguage":"es","@id":"https:\/\/xenonkungen.com\/produkt\/osram-cool-blue-intense-next-gen-h7-1-pack\/#primaryimage","url":"https:\/\/xenonkungen.com\/wp-content\/uploads\/2025\/11\/Small-for-web-and-ppt-PI_ARF-2020-00911_COOL_BLUE_INTENSE_Next_Generation_H7_64210CBN.jpg","contentUrl":"https:\/\/xenonkungen.com\/wp-content\/uploads\/2025\/11\/Small-for-web-and-ppt-PI_ARF-2020-00911_COOL_BLUE_INTENSE_Next_Generation_H7_64210CBN.jpg","width":1024,"height":1024},{"@type":"BreadcrumbList","@id":"https:\/\/xenonkungen.com\/produkt\/osram-cool-blue-intense-next-gen-h7-1-pack\/#breadcrumb","itemListElement":[{"@type":"ListItem","position":1,"name":"Hem","item":"https:\/\/xenonkungen.com\/"},{"@type":"ListItem","position":2,"name":"Shop","item":"https:\/\/xenonkungen.com\/shop\/"},{"@type":"ListItem","position":3,"name":"OSRAM COOL BLUE INTENSE (NEXT GEN) &#8211; H7 &#8211; 1-PACK"}]},{"@type":"WebSite","@id":"https:\/\/xenonkungen.com\/#website","url":"https:\/\/xenonkungen.com\/","name":"Xenonkungen","description":"","potentialAction":[{"@type":"SearchAction","target":{"@type":"EntryPoint","urlTemplate":"https:\/\/xenonkungen.com\/?s={search_term_string}"},"query-input":{"@type":"PropertyValueSpecification","valueRequired":true,"valueName":"search_term_string"}}],"inLanguage":"es"}]}},"taxonomy_info":{"product_brand":[{"value":108,"label":"OSRAM"}],"product_cat":[{"value":2543,"label":"Halogen"},{"value":844,"label":"Halogen"},{"value":733,"label":"Halvljus \/ Helljus"}],"pa_faktisk-effekts-forbrukning":[{"value":841,"label":"55"}],"pa_fargtemperatur":[{"value":154,"label":"5000K"}],"pa_lampsockel-kontakt":[{"value":206,"label":"H7"},{"value":2150,"label":"PX26d"}],"pa_volt-v":[{"value":159,"label":"12"}]},"featured_image_src_large":["https:\/\/xenonkungen.com\/wp-content\/uploads\/2025\/11\/Small-for-web-and-ppt-PI_ARF-2020-00911_COOL_BLUE_INTENSE_Next_Generation_H7_64210CBN.jpg",1024,1024,false],"author_info":[],"comment_info":2,"_links":{"self":[{"href":"https:\/\/xenonkungen.com\/es\/wp-json\/wp\/v2\/product\/17961","targetHints":{"allow":["GET"]}}],"collection":[{"href":"https:\/\/xenonkungen.com\/es\/wp-json\/wp\/v2\/product"}],"about":[{"href":"https:\/\/xenonkungen.com\/es\/wp-json\/wp\/v2\/types\/product"}],"replies":[{"embeddable":true,"href":"https:\/\/xenonkungen.com\/es\/wp-json\/wp\/v2\/comments?post=17961"}],"wp:featuredmedia":[{"embeddable":true,"href":"https:\/\/xenonkungen.com\/es\/wp-json\/wp\/v2\/media\/17963"}],"wp:attachment":[{"href":"https:\/\/xenonkungen.com\/es\/wp-json\/wp\/v2\/media?parent=17961"}],"wp:term":[{"taxonomy":"anvandningsomrade","embeddable":true,"href":"https:\/\/xenonkungen.com\/es\/wp-json\/wp\/v2\/anvandningsomrade?post=17961"},{"taxonomy":"bilmarken","embeddable":true,"href":"https:\/\/xenonkungen.com\/es\/wp-json\/wp\/v2\/bilmarken?post=17961"},{"taxonomy":"product_brand","embeddable":true,"href":"https:\/\/xenonkungen.com\/es\/wp-json\/wp\/v2\/product_brand?post=17961"},{"taxonomy":"product_cat","embeddable":true,"href":"https:\/\/xenonkungen.com\/es\/wp-json\/wp\/v2\/product_cat?post=17961"},{"taxonomy":"product_tag","embeddable":true,"href":"https:\/\/xenonkungen.com\/es\/wp-json\/wp\/v2\/product_tag?post=17961"}],"curies":[{"name":"wp","href":"https:\/\/api.w.org\/{rel}","templated":true}]}}