{"id":1809,"date":"2025-04-15T08:28:05","date_gmt":"2025-04-15T08:28:05","guid":{"rendered":"https:\/\/xenonkungen.com\/product\/bagagebelysning-led-peugeot-207-expert\/"},"modified":"2026-04-24T16:57:57","modified_gmt":"2026-04-24T15:57:57","slug":"iluminacion-led-del-maletero-del-peugeot-207-expert","status":"publish","type":"product","link":"https:\/\/xenonkungen.com\/es\/producto\/iluminacion-led-del-maletero-del-peugeot-207-expert\/","title":{"rendered":"Iluminaci\u00f3n maletero LED Peugeot 207 | Expert"},"content":{"rendered":"<p>Si crees que la iluminaci\u00f3n del maletero de tu Peugeot es un poco pobre, esta es una gran manera de solucionar ese problema. Solo tienes que sustituir las viejas bombillas hal\u00f3genas por LED. <\/p>\n<p>Los m\u00f3dulos est\u00e1n personalizados para que la instalaci\u00f3n sea lo m\u00e1s sencilla posible. <\/p>\n<p>Adecuado para Peugeot:<br \/>1007 04-09<br \/>206(T1) 98-10 <br \/>206(T3E) 08-<br \/>207(A7) 06-<br \/>306 97-99<br \/>307 01-05<br \/>307 05-<br \/>308 07-<br \/>3008 09-<br \/>406 95-04<br \/>407 04-10<br \/>5008 09-<br \/>607 99-10<br \/>607 04-10<br \/>806 94-01<br \/>807 02-<br \/>RCZ 10-<br \/>Experto 3 07-<\/p>\n<p><em>Nos reservamos el derecho de informaci\u00f3n incorrecta. Art\u00edculo introducido en abril de 2021.<\/em><\/p>\n<p><strong>Informes de clientes:<\/strong><br \/>&#8211;<\/p>\n<p>3 a\u00f1os de garant\u00eda.<br \/>E-autorizado<\/p>","protected":false},"excerpt":{"rendered":"<p>Mejora tambi\u00e9n la luz trasera de tu coche.<\/p>","protected":false},"featured_media":1810,"comment_status":"closed","ping_status":"open","template":"","meta":{"_acf_changed":false,"_smort_price_nok":"315","_smort_price_dkk":"200","_smort_price_eur":"26.82","_smort_sale_price_nok":"","_smort_sale_price_dkk":"","_smort_sale_price_eur":"","smort_restorder":"","shipmondo_restorder":"","_kad_blocks_custom_css":"","_kad_blocks_head_custom_js":"","_kad_blocks_body_custom_js":"","_kad_blocks_footer_custom_js":"","smort_custom_pricelist_1":"188.8","smort_custom_pricelist_2":"165.2","smort_custom_pricelist_3":"153.4","smort_custom_pricelist_4":"236","smort_custom_pricelist_5":"165.2"},"anvandningsomrade":[],"bilmarken":[],"product_brand":[117],"product_cat":[338],"product_tag":[],"class_list":{"0":"post-1809","1":"product","2":"type-product","3":"status-publish","4":"has-post-thumbnail","6":"product_brand-xenonkungen","7":"product_cat-diodlampor","8":"pa_volt-v-159","10":"first","11":"instock","12":"taxable","13":"shipping-taxable","14":"purchasable","15":"product-type-simple"},"bundled_by":[],"bundle_stock_status":"instock","bundle_stock_quantity":6,"bundle_virtual":false,"bundle_layout":"","bundle_add_to_cart_form_location":"","bundle_editable_in_cart":false,"bundle_sold_individually_context":"","bundle_item_grouping":"","bundle_min_size":"","bundle_max_size":"","bundle_price":[],"bundled_items":[],"bundle_sell_ids":[],"acf":[],"yoast_head":"<!-- This site is optimized with the Yoast SEO plugin v27.0 - https:\/\/yoast.com\/product\/yoast-seo-wordpress\/ -->\n<title>Bagagebelysning LED Peugeot 207 | Expert - Xenonkungen<\/title>\n<meta name=\"robots\" content=\"index, follow, max-snippet:-1, max-image-preview:large, max-video-preview:-1\" \/>\n<link rel=\"canonical\" href=\"https:\/\/xenonkungen.com\/es\/producto\/iluminacion-led-del-maletero-del-peugeot-207-expert\/\" \/>\n<meta property=\"og:locale\" content=\"es_ES\" \/>\n<meta property=\"og:type\" content=\"article\" \/>\n<meta property=\"og:title\" content=\"Bagagebelysning LED Peugeot 207 | Expert - Xenonkungen\" \/>\n<meta property=\"og:description\" content=\"Uppgradera ljuset \u00e4ven bak i bilen!\" \/>\n<meta property=\"og:url\" content=\"https:\/\/xenonkungen.com\/es\/producto\/iluminacion-led-del-maletero-del-peugeot-207-expert\/\" \/>\n<meta property=\"og:site_name\" content=\"Xenonkungen\" \/>\n<meta property=\"article:modified_time\" content=\"2026-04-24T15:57:57+00:00\" \/>\n<meta property=\"og:image\" content=\"https:\/\/xenonkungen.com\/wp-content\/uploads\/2025\/04\/180220379-origpic-a456a7.png\" \/>\n\t<meta property=\"og:image:width\" content=\"1000\" \/>\n\t<meta property=\"og:image:height\" content=\"1000\" \/>\n\t<meta property=\"og:image:type\" content=\"image\/png\" \/>\n<meta name=\"twitter:card\" content=\"summary_large_image\" \/>\n<script type=\"application\/ld+json\" class=\"yoast-schema-graph\">{\"@context\":\"https:\/\/schema.org\",\"@graph\":[{\"@type\":\"WebPage\",\"@id\":\"https:\/\/xenonkungen.com\/produkt\/bagagebelysning-led-peugeot-207-expert\/\",\"url\":\"https:\/\/xenonkungen.com\/produkt\/bagagebelysning-led-peugeot-207-expert\/\",\"name\":\"Bagagebelysning LED Peugeot 207 | Expert - Xenonkungen\",\"isPartOf\":{\"@id\":\"https:\/\/xenonkungen.com\/#website\"},\"primaryImageOfPage\":{\"@id\":\"https:\/\/xenonkungen.com\/produkt\/bagagebelysning-led-peugeot-207-expert\/#primaryimage\"},\"image\":{\"@id\":\"https:\/\/xenonkungen.com\/produkt\/bagagebelysning-led-peugeot-207-expert\/#primaryimage\"},\"thumbnailUrl\":\"https:\/\/xenonkungen.com\/wp-content\/uploads\/2025\/04\/180220379-origpic-a456a7.png\",\"datePublished\":\"2025-04-15T08:28:05+00:00\",\"dateModified\":\"2026-04-24T15:57:57+00:00\",\"breadcrumb\":{\"@id\":\"https:\/\/xenonkungen.com\/produkt\/bagagebelysning-led-peugeot-207-expert\/#breadcrumb\"},\"inLanguage\":\"es\",\"potentialAction\":[{\"@type\":\"ReadAction\",\"target\":[\"https:\/\/xenonkungen.com\/produkt\/bagagebelysning-led-peugeot-207-expert\/\"]}]},{\"@type\":\"ImageObject\",\"inLanguage\":\"es\",\"@id\":\"https:\/\/xenonkungen.com\/produkt\/bagagebelysning-led-peugeot-207-expert\/#primaryimage\",\"url\":\"https:\/\/xenonkungen.com\/wp-content\/uploads\/2025\/04\/180220379-origpic-a456a7.png\",\"contentUrl\":\"https:\/\/xenonkungen.com\/wp-content\/uploads\/2025\/04\/180220379-origpic-a456a7.png\",\"width\":1000,\"height\":1000},{\"@type\":\"BreadcrumbList\",\"@id\":\"https:\/\/xenonkungen.com\/produkt\/bagagebelysning-led-peugeot-207-expert\/#breadcrumb\",\"itemListElement\":[{\"@type\":\"ListItem\",\"position\":1,\"name\":\"Hem\",\"item\":\"https:\/\/xenonkungen.com\/\"},{\"@type\":\"ListItem\",\"position\":2,\"name\":\"Shop\",\"item\":\"https:\/\/xenonkungen.com\/shop\/\"},{\"@type\":\"ListItem\",\"position\":3,\"name\":\"Bagagebelysning LED Peugeot 207 | Expert\"}]},{\"@type\":\"WebSite\",\"@id\":\"https:\/\/xenonkungen.com\/#website\",\"url\":\"https:\/\/xenonkungen.com\/\",\"name\":\"Xenonkungen\",\"description\":\"\",\"potentialAction\":[{\"@type\":\"SearchAction\",\"target\":{\"@type\":\"EntryPoint\",\"urlTemplate\":\"https:\/\/xenonkungen.com\/?s={search_term_string}\"},\"query-input\":{\"@type\":\"PropertyValueSpecification\",\"valueRequired\":true,\"valueName\":\"search_term_string\"}}],\"inLanguage\":\"es\"}]}<\/script>\n<!-- \/ Yoast SEO plugin. -->","yoast_head_json":{"title":"Iluminaci\u00f3n LED para el maletero del Peugeot 207 | Expert - El Rey del Xen\u00f3n","robots":{"index":"index","follow":"follow","max-snippet":"max-snippet:-1","max-image-preview":"max-image-preview:large","max-video-preview":"max-video-preview:-1"},"canonical":"https:\/\/xenonkungen.com\/es\/producto\/iluminacion-led-del-maletero-del-peugeot-207-expert\/","og_locale":"es_ES","og_type":"article","og_title":"Bagagebelysning LED Peugeot 207 | Expert - Xenonkungen","og_description":"Uppgradera ljuset \u00e4ven bak i bilen!","og_url":"https:\/\/xenonkungen.com\/es\/producto\/iluminacion-led-del-maletero-del-peugeot-207-expert\/","og_site_name":"Xenonkungen","article_modified_time":"2026-04-24T15:57:57+00:00","og_image":[{"width":1000,"height":1000,"url":"https:\/\/xenonkungen.com\/wp-content\/uploads\/2025\/04\/180220379-origpic-a456a7.png","type":"image\/png"}],"twitter_card":"summary_large_image","schema":{"@context":"https:\/\/schema.org","@graph":[{"@type":"WebPage","@id":"https:\/\/xenonkungen.com\/produkt\/bagagebelysning-led-peugeot-207-expert\/","url":"https:\/\/xenonkungen.com\/produkt\/bagagebelysning-led-peugeot-207-expert\/","name":"Iluminaci\u00f3n LED para el maletero del Peugeot 207 | Expert - El Rey del Xen\u00f3n","isPartOf":{"@id":"https:\/\/xenonkungen.com\/#website"},"primaryImageOfPage":{"@id":"https:\/\/xenonkungen.com\/produkt\/bagagebelysning-led-peugeot-207-expert\/#primaryimage"},"image":{"@id":"https:\/\/xenonkungen.com\/produkt\/bagagebelysning-led-peugeot-207-expert\/#primaryimage"},"thumbnailUrl":"https:\/\/xenonkungen.com\/wp-content\/uploads\/2025\/04\/180220379-origpic-a456a7.png","datePublished":"2025-04-15T08:28:05+00:00","dateModified":"2026-04-24T15:57:57+00:00","breadcrumb":{"@id":"https:\/\/xenonkungen.com\/produkt\/bagagebelysning-led-peugeot-207-expert\/#breadcrumb"},"inLanguage":"es","potentialAction":[{"@type":"ReadAction","target":["https:\/\/xenonkungen.com\/produkt\/bagagebelysning-led-peugeot-207-expert\/"]}]},{"@type":"ImageObject","inLanguage":"es","@id":"https:\/\/xenonkungen.com\/produkt\/bagagebelysning-led-peugeot-207-expert\/#primaryimage","url":"https:\/\/xenonkungen.com\/wp-content\/uploads\/2025\/04\/180220379-origpic-a456a7.png","contentUrl":"https:\/\/xenonkungen.com\/wp-content\/uploads\/2025\/04\/180220379-origpic-a456a7.png","width":1000,"height":1000},{"@type":"BreadcrumbList","@id":"https:\/\/xenonkungen.com\/produkt\/bagagebelysning-led-peugeot-207-expert\/#breadcrumb","itemListElement":[{"@type":"ListItem","position":1,"name":"Hem","item":"https:\/\/xenonkungen.com\/"},{"@type":"ListItem","position":2,"name":"Shop","item":"https:\/\/xenonkungen.com\/shop\/"},{"@type":"ListItem","position":3,"name":"Bagagebelysning LED Peugeot 207 | Expert"}]},{"@type":"WebSite","@id":"https:\/\/xenonkungen.com\/#website","url":"https:\/\/xenonkungen.com\/","name":"Xenonkungen","description":"","potentialAction":[{"@type":"SearchAction","target":{"@type":"EntryPoint","urlTemplate":"https:\/\/xenonkungen.com\/?s={search_term_string}"},"query-input":{"@type":"PropertyValueSpecification","valueRequired":true,"valueName":"search_term_string"}}],"inLanguage":"es"}]}},"taxonomy_info":{"product_brand":[{"value":117,"label":"Xenonkungen"}],"product_cat":[{"value":338,"label":"Diodlampor"}],"pa_volt-v":[{"value":159,"label":"12"}]},"featured_image_src_large":["https:\/\/xenonkungen.com\/wp-content\/uploads\/2025\/04\/180220379-origpic-a456a7.png",1000,1000,false],"author_info":[],"comment_info":0,"_links":{"self":[{"href":"https:\/\/xenonkungen.com\/es\/wp-json\/wp\/v2\/product\/1809","targetHints":{"allow":["GET"]}}],"collection":[{"href":"https:\/\/xenonkungen.com\/es\/wp-json\/wp\/v2\/product"}],"about":[{"href":"https:\/\/xenonkungen.com\/es\/wp-json\/wp\/v2\/types\/product"}],"replies":[{"embeddable":true,"href":"https:\/\/xenonkungen.com\/es\/wp-json\/wp\/v2\/comments?post=1809"}],"wp:featuredmedia":[{"embeddable":true,"href":"https:\/\/xenonkungen.com\/es\/wp-json\/wp\/v2\/media\/1810"}],"wp:attachment":[{"href":"https:\/\/xenonkungen.com\/es\/wp-json\/wp\/v2\/media?parent=1809"}],"wp:term":[{"taxonomy":"anvandningsomrade","embeddable":true,"href":"https:\/\/xenonkungen.com\/es\/wp-json\/wp\/v2\/anvandningsomrade?post=1809"},{"taxonomy":"bilmarken","embeddable":true,"href":"https:\/\/xenonkungen.com\/es\/wp-json\/wp\/v2\/bilmarken?post=1809"},{"taxonomy":"product_brand","embeddable":true,"href":"https:\/\/xenonkungen.com\/es\/wp-json\/wp\/v2\/product_brand?post=1809"},{"taxonomy":"product_cat","embeddable":true,"href":"https:\/\/xenonkungen.com\/es\/wp-json\/wp\/v2\/product_cat?post=1809"},{"taxonomy":"product_tag","embeddable":true,"href":"https:\/\/xenonkungen.com\/es\/wp-json\/wp\/v2\/product_tag?post=1809"}],"curies":[{"name":"wp","href":"https:\/\/api.w.org\/{rel}","templated":true}]}}