{"id":1823,"date":"2025-04-15T08:28:05","date_gmt":"2025-04-15T08:28:05","guid":{"rendered":"https:\/\/xenonkungen.com\/product\/skyltbelysning-led-till-toyota-rav-4-highlander-lexus-rx300\/"},"modified":"2026-02-06T16:42:30","modified_gmt":"2026-02-06T15:42:30","slug":"luz-de-matricula-led-para-toyota-rav-4-highlander-y-lexus-rx300","status":"publish","type":"product","link":"https:\/\/xenonkungen.com\/es\/producto\/luz-de-matricula-led-para-toyota-rav-4-highlander-y-lexus-rx300\/","title":{"rendered":"Iluminaci\u00f3n LED para se\u00f1alizaci\u00f3n para Toyota RAV 4 \/ Highlander \/ LEXUS RX300"},"content":{"rendered":"<h2>Dale un toque moderno a tu Toyota y Lexus con iluminaci\u00f3n LED para la matr\u00edcula.<\/h2>\n<p>Mejora tu Toyota o Lexus con nuestras luces LED premium para matr\u00edcula, que sustituyen a la perfecci\u00f3n tus antiguas luces hal\u00f3genas. Con una luz blanca potente y brillante, esta iluminaci\u00f3n le da a tu coche un aspecto exclusivo y moderno, a la vez que aumenta la visibilidad y la seguridad en la carretera.<\/p>\n<h3>\u00bfPor qu\u00e9 elegir nuestra iluminaci\u00f3n LED para se\u00f1alizaci\u00f3n?<\/h3>\n<ul>\n<li><strong>Voltios:<\/strong> 12V<\/li>\n<li><strong>F\u00e1cil instalaci\u00f3n:<\/strong> M\u00f3dulo atornillable: \u00a1no necesita modificaciones!<\/li>\n<li><strong>Ajuste perfecto:<\/strong> Dise\u00f1ado para instalarse f\u00e1cilmente de la misma forma que la iluminaci\u00f3n original.<\/li>\n<li><strong>Dise\u00f1o moderno:<\/strong> Da a tu coche un aspecto limpio y actualizado.<\/li>\n<\/ul>\n<p>Dele a su coche un toque de lujo y mejore la visibilidad con nuestra iluminaci\u00f3n LED para r\u00f3tulos: \u00a1una peque\u00f1a pero potente mejora que marca una gran diferencia!<\/p>\n<p><em>Este art\u00edculo no es original y las marcas comerciales se utilizan aqu\u00ed para indicar para qu\u00e9 coche\/modelo est\u00e1 destinado el producto.<\/em><\/p>\n<p>Se adapta a los modelos<\/p>\n<p><strong>TOYOTA Harrier 1998~2003 (1.\u00aa generaci\u00f3n)<\/strong><br \/><strong>Hiace \u2013 KDH2##, LH2##, TRH2## 2005~<\/strong><br \/><strong>Hiace\/Hiace SBV-KLH1#, LXH1#, RCH1# 1995~<\/strong><br \/><strong>Highlander \u2013 ASU40, GSU45 (CHINA) 2009~<\/strong><br \/><strong>Monta\u00f1\u00e9s-GSU4#, MHU48 (JPP) 2007 ~<\/strong><br \/><strong>Highlander - ASU40, GSU4# (NAP) 2009~<\/strong><br \/><strong>Kluger\/monta\u00f1\u00e9s-GSU4# 2007 ~<\/strong><br \/><strong>Land Cruiser 200 \u2013 GRJ200, UZJ200, VDJ200 2007~<\/strong><br \/><strong>RAV4 \u2013 ACA3#, ALA30, GSA33 2005~<\/strong><br \/><strong>RAV4 (JPP) \u2013 ACA3#, GSA3# 2005~<\/strong><br \/><strong>LEXUS RX300 \u2013 MCU1# 1998~2003 (1.\u00aa generaci\u00f3n)<\/strong><br \/><strong>LEXUS RX300 \u2013 MCU15 2000~2003 (1.\u00aa generaci\u00f3n)<\/strong><br \/><strong>SCION xB \u2013 NCP31 2003~2006 (1.\u00aa generaci\u00f3n)<\/strong><\/p>\n<p><span><em>Nos reservamos el derecho de informaci\u00f3n incorrecta.<\/em><\/span><\/p>\n<p><span><strong>Informes de clientes:<br \/><\/strong>&#8211;<\/span><\/p>\n<p><span>Juego de 2.<br \/>3 a\u00f1os de garant\u00eda.<br \/>E-autorizado<\/span><\/p>","protected":false},"excerpt":{"rendered":"<p>Se adapta a los modelos<br \/>\nTOYOTA Harrier 1998~2003 (1.\u00aa generaci\u00f3n)<br \/>\nHiace \u2013 KDH2##, LH2##, TRH2## 2005~<br \/>\nHiace\/Hiace SBV-KLH1#, LXH1#, RCH1# 1995~<br \/>\nHighlander \u2013 ASU40, GSU45 (CHINA) 2009~<br \/>\nMonta\u00f1\u00e9s-GSU4#, MHU48 (JPP) 2007 ~<br \/>\nHighlander - ASU40, GSU4# (NAP) 2009~<br \/>\nKluger\/monta\u00f1\u00e9s-GSU4# 2007 ~<br \/>\nLand Cruiser 200 \u2013 GRJ200, UZJ200, VDJ200 2007~<br \/>\nRAV4 \u2013 ACA3#, ALA30, GSA33 2005~<br \/>\nRAV4 (JPP) \u2013 ACA3#, GSA3# 2005~<br \/>\nLEXUS RX300 \u2013 MCU1# 1998~2003 (1.\u00aa generaci\u00f3n)<br \/>\nLEXUS RX300 \u2013 MCU15 2000~2003 (1.\u00aa generaci\u00f3n)<br \/>\nSCION xB \u2013 NCP31 2003~2006 (1.\u00aa generaci\u00f3n)<\/p>\n<p>Voltios: 12V<br \/>\nM\u00f3dulo de luz atornillable.<\/p>\n<p>Lote de 2<br \/>\nE-autorizado<br \/>\n3 a\u00f1os de garant\u00eda<\/p>","protected":false},"featured_media":1824,"comment_status":"closed","ping_status":"open","template":"","meta":{"_acf_changed":false,"_smort_price_nok":"315","_smort_price_dkk":"200","_smort_price_eur":"26.82","_smort_sale_price_nok":"","_smort_sale_price_dkk":"","_smort_sale_price_eur":"","smort_restorder":"","shipmondo_restorder":"","_kad_blocks_custom_css":"","_kad_blocks_head_custom_js":"","_kad_blocks_body_custom_js":"","_kad_blocks_footer_custom_js":"","smort_custom_pricelist_1":"188.8","smort_custom_pricelist_2":"165.2","smort_custom_pricelist_3":"153.4","smort_custom_pricelist_4":"236","smort_custom_pricelist_5":"165.2"},"anvandningsomrade":[],"bilmarken":[],"product_brand":[117],"product_cat":[2472,338],"product_tag":[],"class_list":{"0":"post-1823","1":"product","2":"type-product","3":"status-publish","4":"has-post-thumbnail","6":"product_brand-xenonkungen","7":"product_cat-skyltbelysning-diodlampor","8":"product_cat-diodlampor","9":"pa_volt-v-159","11":"first","12":"instock","13":"taxable","14":"shipping-taxable","15":"purchasable","16":"product-type-simple"},"bundled_by":[],"bundle_stock_status":"instock","bundle_stock_quantity":12,"bundle_virtual":false,"bundle_layout":"","bundle_add_to_cart_form_location":"","bundle_editable_in_cart":false,"bundle_sold_individually_context":"","bundle_item_grouping":"","bundle_min_size":"","bundle_max_size":"","bundle_price":[],"bundled_items":[],"bundle_sell_ids":[],"acf":[],"yoast_head":"<!-- This site is optimized with the Yoast SEO plugin v27.0 - https:\/\/yoast.com\/product\/yoast-seo-wordpress\/ -->\n<title>Skyltbelysning LED till Toyota RAV 4 \/ Highlander \/ LEXUS RX300 - Xenonkungen<\/title>\n<meta name=\"robots\" content=\"index, follow, max-snippet:-1, max-image-preview:large, max-video-preview:-1\" \/>\n<link rel=\"canonical\" href=\"https:\/\/xenonkungen.com\/es\/producto\/luz-de-matricula-led-para-toyota-rav-4-highlander-y-lexus-rx300\/\" \/>\n<meta property=\"og:locale\" content=\"es_ES\" \/>\n<meta property=\"og:type\" content=\"article\" \/>\n<meta property=\"og:title\" content=\"Skyltbelysning LED till Toyota RAV 4 \/ Highlander \/ LEXUS RX300 - Xenonkungen\" \/>\n<meta property=\"og:description\" content=\"Passar modeller TOYOTA Harrier 1998~2003 (1st generation) Hiace - KDH2##, LH2##, TRH2## 2005~ Hiace\/Hiace S.B.V - KLH1#, LXH1#, RCH1# 1995~ Highlander - ASU40, GSU45 (CHINA) 2009~ Highlander - GSU4#, MHU48 (JPP) 2007~ Highlander - ASU40, GSU4# (NAP) 2009~ Kluger\/Highlander - GSU4# 2007~ Land Cruiser 200 - GRJ200, UZJ200, VDJ200 2007~ RAV4 - ACA3#, ALA30, GSA33 2005~ RAV4 (JPP) - ACA3#, GSA3# 2005~ LEXUS RX300 - MCU1# 1998~2003 (1st generation) LEXUS RX300 - MCU15 2000~2003 (1st generation) SCION xB - NCP31 2003~2006 (1st generation) Volt: 12V Bolt-on ljusmodul. Set om 2st E-godk\u00e4nd 3 \u00e5r garanti\" \/>\n<meta property=\"og:url\" content=\"https:\/\/xenonkungen.com\/es\/producto\/luz-de-matricula-led-para-toyota-rav-4-highlander-y-lexus-rx300\/\" \/>\n<meta property=\"og:site_name\" content=\"Xenonkungen\" \/>\n<meta property=\"article:modified_time\" content=\"2026-02-06T15:42:30+00:00\" \/>\n<meta property=\"og:image\" content=\"https:\/\/xenonkungen.com\/wp-content\/uploads\/2025\/04\/215746305-origpic-ccb820-scaled.jpg\" \/>\n\t<meta property=\"og:image:width\" content=\"2560\" \/>\n\t<meta property=\"og:image:height\" content=\"2560\" \/>\n\t<meta property=\"og:image:type\" content=\"image\/jpeg\" \/>\n<meta name=\"twitter:card\" content=\"summary_large_image\" \/>\n<meta name=\"twitter:label1\" content=\"Tiempo de lectura\" \/>\n\t<meta name=\"twitter:data1\" content=\"1 minuto\" \/>\n<script type=\"application\/ld+json\" class=\"yoast-schema-graph\">{\"@context\":\"https:\/\/schema.org\",\"@graph\":[{\"@type\":\"WebPage\",\"@id\":\"https:\/\/xenonkungen.com\/produkt\/skyltbelysning-led-till-toyota-rav-4-highlander-lexus-rx300\/\",\"url\":\"https:\/\/xenonkungen.com\/produkt\/skyltbelysning-led-till-toyota-rav-4-highlander-lexus-rx300\/\",\"name\":\"Skyltbelysning LED till Toyota RAV 4 \/ Highlander \/ LEXUS RX300 - Xenonkungen\",\"isPartOf\":{\"@id\":\"https:\/\/xenonkungen.com\/#website\"},\"primaryImageOfPage\":{\"@id\":\"https:\/\/xenonkungen.com\/produkt\/skyltbelysning-led-till-toyota-rav-4-highlander-lexus-rx300\/#primaryimage\"},\"image\":{\"@id\":\"https:\/\/xenonkungen.com\/produkt\/skyltbelysning-led-till-toyota-rav-4-highlander-lexus-rx300\/#primaryimage\"},\"thumbnailUrl\":\"https:\/\/xenonkungen.com\/wp-content\/uploads\/2025\/04\/215746305-origpic-ccb820-scaled.jpg\",\"datePublished\":\"2025-04-15T08:28:05+00:00\",\"dateModified\":\"2026-02-06T15:42:30+00:00\",\"breadcrumb\":{\"@id\":\"https:\/\/xenonkungen.com\/produkt\/skyltbelysning-led-till-toyota-rav-4-highlander-lexus-rx300\/#breadcrumb\"},\"inLanguage\":\"es\",\"potentialAction\":[{\"@type\":\"ReadAction\",\"target\":[\"https:\/\/xenonkungen.com\/produkt\/skyltbelysning-led-till-toyota-rav-4-highlander-lexus-rx300\/\"]}]},{\"@type\":\"ImageObject\",\"inLanguage\":\"es\",\"@id\":\"https:\/\/xenonkungen.com\/produkt\/skyltbelysning-led-till-toyota-rav-4-highlander-lexus-rx300\/#primaryimage\",\"url\":\"https:\/\/xenonkungen.com\/wp-content\/uploads\/2025\/04\/215746305-origpic-ccb820-scaled.jpg\",\"contentUrl\":\"https:\/\/xenonkungen.com\/wp-content\/uploads\/2025\/04\/215746305-origpic-ccb820-scaled.jpg\",\"width\":2560,\"height\":2560},{\"@type\":\"BreadcrumbList\",\"@id\":\"https:\/\/xenonkungen.com\/produkt\/skyltbelysning-led-till-toyota-rav-4-highlander-lexus-rx300\/#breadcrumb\",\"itemListElement\":[{\"@type\":\"ListItem\",\"position\":1,\"name\":\"Hem\",\"item\":\"https:\/\/xenonkungen.com\/\"},{\"@type\":\"ListItem\",\"position\":2,\"name\":\"Shop\",\"item\":\"https:\/\/xenonkungen.com\/shop\/\"},{\"@type\":\"ListItem\",\"position\":3,\"name\":\"Skyltbelysning LED till Toyota RAV 4 \/ Highlander \/ LEXUS RX300\"}]},{\"@type\":\"WebSite\",\"@id\":\"https:\/\/xenonkungen.com\/#website\",\"url\":\"https:\/\/xenonkungen.com\/\",\"name\":\"Xenonkungen\",\"description\":\"\",\"potentialAction\":[{\"@type\":\"SearchAction\",\"target\":{\"@type\":\"EntryPoint\",\"urlTemplate\":\"https:\/\/xenonkungen.com\/?s={search_term_string}\"},\"query-input\":{\"@type\":\"PropertyValueSpecification\",\"valueRequired\":true,\"valueName\":\"search_term_string\"}}],\"inLanguage\":\"es\"}]}<\/script>\n<!-- \/ Yoast SEO plugin. -->","yoast_head_json":{"title":"Luz de matr\u00edcula LED para Toyota RAV 4 \/ Highlander \/ LEXUS RX300 - Xenonkungen","robots":{"index":"index","follow":"follow","max-snippet":"max-snippet:-1","max-image-preview":"max-image-preview:large","max-video-preview":"max-video-preview:-1"},"canonical":"https:\/\/xenonkungen.com\/es\/producto\/luz-de-matricula-led-para-toyota-rav-4-highlander-y-lexus-rx300\/","og_locale":"es_ES","og_type":"article","og_title":"Skyltbelysning LED till Toyota RAV 4 \/ Highlander \/ LEXUS RX300 - Xenonkungen","og_description":"Passar modeller TOYOTA Harrier 1998~2003 (1st generation) Hiace - KDH2##, LH2##, TRH2## 2005~ Hiace\/Hiace S.B.V - KLH1#, LXH1#, RCH1# 1995~ Highlander - ASU40, GSU45 (CHINA) 2009~ Highlander - GSU4#, MHU48 (JPP) 2007~ Highlander - ASU40, GSU4# (NAP) 2009~ Kluger\/Highlander - GSU4# 2007~ Land Cruiser 200 - GRJ200, UZJ200, VDJ200 2007~ RAV4 - ACA3#, ALA30, GSA33 2005~ RAV4 (JPP) - ACA3#, GSA3# 2005~ LEXUS RX300 - MCU1# 1998~2003 (1st generation) LEXUS RX300 - MCU15 2000~2003 (1st generation) SCION xB - NCP31 2003~2006 (1st generation) Volt: 12V Bolt-on ljusmodul. Set om 2st E-godk\u00e4nd 3 \u00e5r garanti","og_url":"https:\/\/xenonkungen.com\/es\/producto\/luz-de-matricula-led-para-toyota-rav-4-highlander-y-lexus-rx300\/","og_site_name":"Xenonkungen","article_modified_time":"2026-02-06T15:42:30+00:00","og_image":[{"width":2560,"height":2560,"url":"https:\/\/xenonkungen.com\/wp-content\/uploads\/2025\/04\/215746305-origpic-ccb820-scaled.jpg","type":"image\/jpeg"}],"twitter_card":"summary_large_image","twitter_misc":{"Tiempo de lectura":"1 minuto"},"schema":{"@context":"https:\/\/schema.org","@graph":[{"@type":"WebPage","@id":"https:\/\/xenonkungen.com\/produkt\/skyltbelysning-led-till-toyota-rav-4-highlander-lexus-rx300\/","url":"https:\/\/xenonkungen.com\/produkt\/skyltbelysning-led-till-toyota-rav-4-highlander-lexus-rx300\/","name":"Luz de matr\u00edcula LED para Toyota RAV 4 \/ Highlander \/ LEXUS RX300 - Xenonkungen","isPartOf":{"@id":"https:\/\/xenonkungen.com\/#website"},"primaryImageOfPage":{"@id":"https:\/\/xenonkungen.com\/produkt\/skyltbelysning-led-till-toyota-rav-4-highlander-lexus-rx300\/#primaryimage"},"image":{"@id":"https:\/\/xenonkungen.com\/produkt\/skyltbelysning-led-till-toyota-rav-4-highlander-lexus-rx300\/#primaryimage"},"thumbnailUrl":"https:\/\/xenonkungen.com\/wp-content\/uploads\/2025\/04\/215746305-origpic-ccb820-scaled.jpg","datePublished":"2025-04-15T08:28:05+00:00","dateModified":"2026-02-06T15:42:30+00:00","breadcrumb":{"@id":"https:\/\/xenonkungen.com\/produkt\/skyltbelysning-led-till-toyota-rav-4-highlander-lexus-rx300\/#breadcrumb"},"inLanguage":"es","potentialAction":[{"@type":"ReadAction","target":["https:\/\/xenonkungen.com\/produkt\/skyltbelysning-led-till-toyota-rav-4-highlander-lexus-rx300\/"]}]},{"@type":"ImageObject","inLanguage":"es","@id":"https:\/\/xenonkungen.com\/produkt\/skyltbelysning-led-till-toyota-rav-4-highlander-lexus-rx300\/#primaryimage","url":"https:\/\/xenonkungen.com\/wp-content\/uploads\/2025\/04\/215746305-origpic-ccb820-scaled.jpg","contentUrl":"https:\/\/xenonkungen.com\/wp-content\/uploads\/2025\/04\/215746305-origpic-ccb820-scaled.jpg","width":2560,"height":2560},{"@type":"BreadcrumbList","@id":"https:\/\/xenonkungen.com\/produkt\/skyltbelysning-led-till-toyota-rav-4-highlander-lexus-rx300\/#breadcrumb","itemListElement":[{"@type":"ListItem","position":1,"name":"Hem","item":"https:\/\/xenonkungen.com\/"},{"@type":"ListItem","position":2,"name":"Shop","item":"https:\/\/xenonkungen.com\/shop\/"},{"@type":"ListItem","position":3,"name":"Skyltbelysning LED till Toyota RAV 4 \/ Highlander \/ LEXUS RX300"}]},{"@type":"WebSite","@id":"https:\/\/xenonkungen.com\/#website","url":"https:\/\/xenonkungen.com\/","name":"Xenonkungen","description":"","potentialAction":[{"@type":"SearchAction","target":{"@type":"EntryPoint","urlTemplate":"https:\/\/xenonkungen.com\/?s={search_term_string}"},"query-input":{"@type":"PropertyValueSpecification","valueRequired":true,"valueName":"search_term_string"}}],"inLanguage":"es"}]}},"taxonomy_info":{"product_brand":[{"value":117,"label":"Xenonkungen"}],"product_cat":[{"value":2472,"label":"Skyltbelysning"},{"value":338,"label":"Diodlampor"}],"pa_volt-v":[{"value":159,"label":"12"}]},"featured_image_src_large":["https:\/\/xenonkungen.com\/wp-content\/uploads\/2025\/04\/215746305-origpic-ccb820-1024x1024.jpg",1024,1024,true],"author_info":[],"comment_info":1,"_links":{"self":[{"href":"https:\/\/xenonkungen.com\/es\/wp-json\/wp\/v2\/product\/1823","targetHints":{"allow":["GET"]}}],"collection":[{"href":"https:\/\/xenonkungen.com\/es\/wp-json\/wp\/v2\/product"}],"about":[{"href":"https:\/\/xenonkungen.com\/es\/wp-json\/wp\/v2\/types\/product"}],"replies":[{"embeddable":true,"href":"https:\/\/xenonkungen.com\/es\/wp-json\/wp\/v2\/comments?post=1823"}],"wp:featuredmedia":[{"embeddable":true,"href":"https:\/\/xenonkungen.com\/es\/wp-json\/wp\/v2\/media\/1824"}],"wp:attachment":[{"href":"https:\/\/xenonkungen.com\/es\/wp-json\/wp\/v2\/media?parent=1823"}],"wp:term":[{"taxonomy":"anvandningsomrade","embeddable":true,"href":"https:\/\/xenonkungen.com\/es\/wp-json\/wp\/v2\/anvandningsomrade?post=1823"},{"taxonomy":"bilmarken","embeddable":true,"href":"https:\/\/xenonkungen.com\/es\/wp-json\/wp\/v2\/bilmarken?post=1823"},{"taxonomy":"product_brand","embeddable":true,"href":"https:\/\/xenonkungen.com\/es\/wp-json\/wp\/v2\/product_brand?post=1823"},{"taxonomy":"product_cat","embeddable":true,"href":"https:\/\/xenonkungen.com\/es\/wp-json\/wp\/v2\/product_cat?post=1823"},{"taxonomy":"product_tag","embeddable":true,"href":"https:\/\/xenonkungen.com\/es\/wp-json\/wp\/v2\/product_tag?post=1823"}],"curies":[{"name":"wp","href":"https:\/\/api.w.org\/{rel}","templated":true}]}}