{"id":1849,"date":"2025-04-15T08:29:07","date_gmt":"2025-04-15T08:29:07","guid":{"rendered":"https:\/\/xenonkungen.com\/product\/nightshift-wl15-arbetslampa-1200lm-ip67-r10\/"},"modified":"2026-05-04T10:50:45","modified_gmt":"2026-05-04T09:50:45","slug":"luxtar-wl15-arbetslampa-1200lm-ip67-r10","status":"publish","type":"product","link":"https:\/\/xenonkungen.com\/es\/producto\/luxtar-wl15-arbetslampa-1200lm-ip67-r10\/","title":{"rendered":"Luxtar\u00ae WL15 Arbetslampa 1200lm | IP67 | R10"},"content":{"rendered":"<h1>WL15 L\u00e1mpara de trabajo<\/h1>\n<p>Luxtar\u00ae WL15 \u00e4r en t\u00e5lig arbetslampa med b\u00e5de E-godk\u00e4nnande (E9) och EMC (R10). Perfekt som ljusstark backlampa, som &#8217;extraljus&#8217; f\u00f6r mindre fordon (ATV, skoter), arbetsljus bakom trailerhytt etc. d\u00e4r man \u00f6nskar bra med ljus i slimmat format.<\/p>\n<p>Se enchufa f\u00e1cilmente con un conector DT impermeable incluido en el paquete.<\/p>\n<p>Placa de fijaci\u00f3n y tornillos de acero inoxidable (SS304).<\/p>\n<p><strong>Especificaciones:<\/strong><br \/>\nVoltios: 10-30 V CC<br \/>\nPotencia: 15 W<br \/>\nEntorno de trabajo: -40\u00b0C a +65\u00b0C<br \/>\nLED: 5 piezas de 3 W<br \/>\nTemperatura de color: 6000K<br \/>\nDimensiones: 145x48x78 mm<br \/>\nEtiquetado E: E-mark 9 (R10)<br \/>\nEMC<\/p>\n<p><strong>1 a\u00f1o de garant\u00eda<\/strong><\/p>\n<p><strong>Contenido de la entrega<\/strong><br \/>\n1 Styck Luxtar\u00ae WL15<br \/>\n1 Pieza Tornillos de fijaci\u00f3n de acero inoxidable (SS304)<br \/>\n1 pieza de conector DT con extremos sueltos.<\/p>\n<p><strong>Es bueno saberlo<\/strong><br \/>\nLampan \u00e4r CE-godk\u00e4nd och uppfyller ECE-R10. Luxtar WL15 \u00e4r utrustat med ett EMC-filter vilket inte st\u00f6r ut annan elektronisk utrustning.<\/p>","protected":false},"excerpt":{"rendered":"<p>Nightshift WL15 es una nueva gama de luces de trabajo asequibles, robustas, con baja p\u00e9rdida de luz y un haz de luz de largo alcance. Simplemente perfectas para el turno de noche.<\/p>\n<p><b>Multivolt<\/b><br \/>\n10-30 V CC<\/p>\n<p><b>Consumo<\/b><br \/>\n15 vatios<\/p>\n<p><b>Cantidad de luz<\/b><br \/>\n1200 l\u00famenes<\/p>\n<p><b>Certificado<\/b><br \/>\nEtiquetado E | R10 | EMC | Rohs<\/p>\n<p><b>Grado de protecci\u00f3n contra la humedad<\/b><br \/>\nIP67<\/p>\n<p><b>Garant\u00eda<\/b><br \/>\n1 a\u00f1o<\/p>","protected":false},"featured_media":1850,"comment_status":"closed","ping_status":"closed","template":"","meta":{"_acf_changed":false,"_smort_price_nok":"252","_smort_price_dkk":"200","_smort_price_eur":"26.82","_smort_sale_price_nok":"252","_smort_sale_price_dkk":"","_smort_sale_price_eur":"21.45","smort_restorder":"","shipmondo_restorder":"","_kad_blocks_custom_css":"","_kad_blocks_head_custom_js":"","_kad_blocks_body_custom_js":"","_kad_blocks_footer_custom_js":"","smort_custom_pricelist_1":"188.8","smort_custom_pricelist_2":"141.6","smort_custom_pricelist_3":"134.52","smort_custom_pricelist_4":"236","smort_custom_pricelist_5":"141.6"},"anvandningsomrade":[],"bilmarken":[],"product_brand":[103],"product_cat":[2479,2480,508],"product_tag":[],"class_list":{"0":"post-1849","1":"product","2":"type-product","3":"status-publish","4":"has-post-thumbnail","6":"product_brand-luxtar","7":"product_cat-backljus-backljus","8":"product_cat-nightshift","9":"product_cat-arbetsbelysning","10":"pa_godkannande-ece-r10-emc-ce","12":"first","13":"instock","14":"sale","15":"taxable","16":"shipping-taxable","17":"purchasable","18":"product-type-simple"},"bundled_by":[],"bundle_stock_status":"instock","bundle_stock_quantity":71,"bundle_virtual":false,"bundle_layout":"","bundle_add_to_cart_form_location":"","bundle_editable_in_cart":false,"bundle_sold_individually_context":"","bundle_item_grouping":"","bundle_min_size":"","bundle_max_size":"","bundle_price":[],"bundled_items":[],"bundle_sell_ids":[],"acf":[],"yoast_head":"<!-- This site is optimized with the Yoast SEO plugin v27.0 - https:\/\/yoast.com\/product\/yoast-seo-wordpress\/ -->\n<title>Luxtar\u00ae WL15 Arbetslampa 1200lm | IP67 | R10 - Xenonkungen<\/title>\n<meta name=\"robots\" content=\"index, follow, max-snippet:-1, max-image-preview:large, max-video-preview:-1\" \/>\n<link rel=\"canonical\" href=\"https:\/\/xenonkungen.com\/es\/producto\/luxtar-wl15-arbetslampa-1200lm-ip67-r10\/\" \/>\n<meta property=\"og:locale\" content=\"es_ES\" \/>\n<meta property=\"og:type\" content=\"article\" \/>\n<meta property=\"og:title\" content=\"Luxtar\u00ae WL15 Arbetslampa 1200lm | IP67 | R10 - Xenonkungen\" \/>\n<meta property=\"og:description\" content=\"Nightshift WL15 \u00e4r en ny serie prisv\u00e4rd arbetsbelysning som \u00e4r robust, har l\u00e5g ljusf\u00f6rlust och l\u00e5ng ljusbild. Helt enkelt perfekt f\u00f6r nattskiftet.  Multivolt 10-30V DC  F\u00f6rbrukning 15Watt  Ljusm\u00e4ngd 1200 Lumen  Certifikat E-M\u00e4rkt | R10 | EMC | Rohs  Fuktskyddsgrad IP67  Garanti 1 \u00e5r\" \/>\n<meta property=\"og:url\" content=\"https:\/\/xenonkungen.com\/es\/producto\/luxtar-wl15-arbetslampa-1200lm-ip67-r10\/\" \/>\n<meta property=\"og:site_name\" content=\"Xenonkungen\" \/>\n<meta property=\"article:modified_time\" content=\"2026-05-04T09:50:45+00:00\" \/>\n<meta property=\"og:image\" content=\"https:\/\/xenonkungen.com\/wp-content\/uploads\/2025\/04\/164483755-origpic-a383ca.png\" \/>\n\t<meta property=\"og:image:width\" content=\"1000\" \/>\n\t<meta property=\"og:image:height\" content=\"860\" \/>\n\t<meta property=\"og:image:type\" content=\"image\/png\" \/>\n<meta name=\"twitter:card\" content=\"summary_large_image\" \/>\n<meta name=\"twitter:label1\" content=\"Tiempo de lectura\" \/>\n\t<meta name=\"twitter:data1\" content=\"1 minuto\" \/>\n<script type=\"application\/ld+json\" class=\"yoast-schema-graph\">{\"@context\":\"https:\/\/schema.org\",\"@graph\":[{\"@type\":\"WebPage\",\"@id\":\"https:\/\/xenonkungen.com\/produkt\/luxtar-wl15-arbetslampa-1200lm-ip67-r10\/\",\"url\":\"https:\/\/xenonkungen.com\/produkt\/luxtar-wl15-arbetslampa-1200lm-ip67-r10\/\",\"name\":\"Luxtar\u00ae WL15 Arbetslampa 1200lm | IP67 | R10 - Xenonkungen\",\"isPartOf\":{\"@id\":\"https:\/\/xenonkungen.com\/#website\"},\"primaryImageOfPage\":{\"@id\":\"https:\/\/xenonkungen.com\/produkt\/luxtar-wl15-arbetslampa-1200lm-ip67-r10\/#primaryimage\"},\"image\":{\"@id\":\"https:\/\/xenonkungen.com\/produkt\/luxtar-wl15-arbetslampa-1200lm-ip67-r10\/#primaryimage\"},\"thumbnailUrl\":\"https:\/\/xenonkungen.com\/wp-content\/uploads\/2025\/04\/164483755-origpic-a383ca.png\",\"datePublished\":\"2025-04-15T08:29:07+00:00\",\"dateModified\":\"2026-05-04T09:50:45+00:00\",\"breadcrumb\":{\"@id\":\"https:\/\/xenonkungen.com\/produkt\/luxtar-wl15-arbetslampa-1200lm-ip67-r10\/#breadcrumb\"},\"inLanguage\":\"es\",\"potentialAction\":[{\"@type\":\"ReadAction\",\"target\":[\"https:\/\/xenonkungen.com\/produkt\/luxtar-wl15-arbetslampa-1200lm-ip67-r10\/\"]}]},{\"@type\":\"ImageObject\",\"inLanguage\":\"es\",\"@id\":\"https:\/\/xenonkungen.com\/produkt\/luxtar-wl15-arbetslampa-1200lm-ip67-r10\/#primaryimage\",\"url\":\"https:\/\/xenonkungen.com\/wp-content\/uploads\/2025\/04\/164483755-origpic-a383ca.png\",\"contentUrl\":\"https:\/\/xenonkungen.com\/wp-content\/uploads\/2025\/04\/164483755-origpic-a383ca.png\",\"width\":1000,\"height\":860},{\"@type\":\"BreadcrumbList\",\"@id\":\"https:\/\/xenonkungen.com\/produkt\/luxtar-wl15-arbetslampa-1200lm-ip67-r10\/#breadcrumb\",\"itemListElement\":[{\"@type\":\"ListItem\",\"position\":1,\"name\":\"Hem\",\"item\":\"https:\/\/xenonkungen.com\/\"},{\"@type\":\"ListItem\",\"position\":2,\"name\":\"Shop\",\"item\":\"https:\/\/xenonkungen.com\/shop\/\"},{\"@type\":\"ListItem\",\"position\":3,\"name\":\"Luxtar\u00ae WL15 Arbetslampa 1200lm | IP67 | R10\"}]},{\"@type\":\"WebSite\",\"@id\":\"https:\/\/xenonkungen.com\/#website\",\"url\":\"https:\/\/xenonkungen.com\/\",\"name\":\"Xenonkungen\",\"description\":\"\",\"potentialAction\":[{\"@type\":\"SearchAction\",\"target\":{\"@type\":\"EntryPoint\",\"urlTemplate\":\"https:\/\/xenonkungen.com\/?s={search_term_string}\"},\"query-input\":{\"@type\":\"PropertyValueSpecification\",\"valueRequired\":true,\"valueName\":\"search_term_string\"}}],\"inLanguage\":\"es\"}]}<\/script>\n<!-- \/ Yoast SEO plugin. -->","yoast_head_json":{"title":"Luxtar\u00ae WL15 Arbetslampa 1200lm | IP67 | R10 - Xenonkungen","robots":{"index":"index","follow":"follow","max-snippet":"max-snippet:-1","max-image-preview":"max-image-preview:large","max-video-preview":"max-video-preview:-1"},"canonical":"https:\/\/xenonkungen.com\/es\/producto\/luxtar-wl15-arbetslampa-1200lm-ip67-r10\/","og_locale":"es_ES","og_type":"article","og_title":"Luxtar\u00ae WL15 Arbetslampa 1200lm | IP67 | R10 - Xenonkungen","og_description":"Nightshift WL15 \u00e4r en ny serie prisv\u00e4rd arbetsbelysning som \u00e4r robust, har l\u00e5g ljusf\u00f6rlust och l\u00e5ng ljusbild. Helt enkelt perfekt f\u00f6r nattskiftet.  Multivolt 10-30V DC  F\u00f6rbrukning 15Watt  Ljusm\u00e4ngd 1200 Lumen  Certifikat E-M\u00e4rkt | R10 | EMC | Rohs  Fuktskyddsgrad IP67  Garanti 1 \u00e5r","og_url":"https:\/\/xenonkungen.com\/es\/producto\/luxtar-wl15-arbetslampa-1200lm-ip67-r10\/","og_site_name":"Xenonkungen","article_modified_time":"2026-05-04T09:50:45+00:00","og_image":[{"width":1000,"height":860,"url":"https:\/\/xenonkungen.com\/wp-content\/uploads\/2025\/04\/164483755-origpic-a383ca.png","type":"image\/png"}],"twitter_card":"summary_large_image","twitter_misc":{"Tiempo de lectura":"1 minuto"},"schema":{"@context":"https:\/\/schema.org","@graph":[{"@type":"WebPage","@id":"https:\/\/xenonkungen.com\/produkt\/luxtar-wl15-arbetslampa-1200lm-ip67-r10\/","url":"https:\/\/xenonkungen.com\/produkt\/luxtar-wl15-arbetslampa-1200lm-ip67-r10\/","name":"Luxtar\u00ae WL15 Arbetslampa 1200lm | IP67 | R10 - Xenonkungen","isPartOf":{"@id":"https:\/\/xenonkungen.com\/#website"},"primaryImageOfPage":{"@id":"https:\/\/xenonkungen.com\/produkt\/luxtar-wl15-arbetslampa-1200lm-ip67-r10\/#primaryimage"},"image":{"@id":"https:\/\/xenonkungen.com\/produkt\/luxtar-wl15-arbetslampa-1200lm-ip67-r10\/#primaryimage"},"thumbnailUrl":"https:\/\/xenonkungen.com\/wp-content\/uploads\/2025\/04\/164483755-origpic-a383ca.png","datePublished":"2025-04-15T08:29:07+00:00","dateModified":"2026-05-04T09:50:45+00:00","breadcrumb":{"@id":"https:\/\/xenonkungen.com\/produkt\/luxtar-wl15-arbetslampa-1200lm-ip67-r10\/#breadcrumb"},"inLanguage":"es","potentialAction":[{"@type":"ReadAction","target":["https:\/\/xenonkungen.com\/produkt\/luxtar-wl15-arbetslampa-1200lm-ip67-r10\/"]}]},{"@type":"ImageObject","inLanguage":"es","@id":"https:\/\/xenonkungen.com\/produkt\/luxtar-wl15-arbetslampa-1200lm-ip67-r10\/#primaryimage","url":"https:\/\/xenonkungen.com\/wp-content\/uploads\/2025\/04\/164483755-origpic-a383ca.png","contentUrl":"https:\/\/xenonkungen.com\/wp-content\/uploads\/2025\/04\/164483755-origpic-a383ca.png","width":1000,"height":860},{"@type":"BreadcrumbList","@id":"https:\/\/xenonkungen.com\/produkt\/luxtar-wl15-arbetslampa-1200lm-ip67-r10\/#breadcrumb","itemListElement":[{"@type":"ListItem","position":1,"name":"Hem","item":"https:\/\/xenonkungen.com\/"},{"@type":"ListItem","position":2,"name":"Shop","item":"https:\/\/xenonkungen.com\/shop\/"},{"@type":"ListItem","position":3,"name":"Luxtar\u00ae WL15 Arbetslampa 1200lm | IP67 | R10"}]},{"@type":"WebSite","@id":"https:\/\/xenonkungen.com\/#website","url":"https:\/\/xenonkungen.com\/","name":"Xenonkungen","description":"","potentialAction":[{"@type":"SearchAction","target":{"@type":"EntryPoint","urlTemplate":"https:\/\/xenonkungen.com\/?s={search_term_string}"},"query-input":{"@type":"PropertyValueSpecification","valueRequired":true,"valueName":"search_term_string"}}],"inLanguage":"es"}]}},"taxonomy_info":{"product_brand":[{"value":103,"label":"LUXTAR"}],"product_cat":[{"value":2479,"label":"Backljus"},{"value":2480,"label":"Nightshift"},{"value":508,"label":"Arbetsbelysning"}],"pa_godkannande":[{"value":676,"label":"ECE R10 EMC, CE"}]},"featured_image_src_large":["https:\/\/xenonkungen.com\/wp-content\/uploads\/2025\/04\/164483755-origpic-a383ca.png",1000,860,false],"author_info":[],"comment_info":2,"_links":{"self":[{"href":"https:\/\/xenonkungen.com\/es\/wp-json\/wp\/v2\/product\/1849","targetHints":{"allow":["GET"]}}],"collection":[{"href":"https:\/\/xenonkungen.com\/es\/wp-json\/wp\/v2\/product"}],"about":[{"href":"https:\/\/xenonkungen.com\/es\/wp-json\/wp\/v2\/types\/product"}],"replies":[{"embeddable":true,"href":"https:\/\/xenonkungen.com\/es\/wp-json\/wp\/v2\/comments?post=1849"}],"wp:featuredmedia":[{"embeddable":true,"href":"https:\/\/xenonkungen.com\/es\/wp-json\/wp\/v2\/media\/1850"}],"wp:attachment":[{"href":"https:\/\/xenonkungen.com\/es\/wp-json\/wp\/v2\/media?parent=1849"}],"wp:term":[{"taxonomy":"anvandningsomrade","embeddable":true,"href":"https:\/\/xenonkungen.com\/es\/wp-json\/wp\/v2\/anvandningsomrade?post=1849"},{"taxonomy":"bilmarken","embeddable":true,"href":"https:\/\/xenonkungen.com\/es\/wp-json\/wp\/v2\/bilmarken?post=1849"},{"taxonomy":"product_brand","embeddable":true,"href":"https:\/\/xenonkungen.com\/es\/wp-json\/wp\/v2\/product_brand?post=1849"},{"taxonomy":"product_cat","embeddable":true,"href":"https:\/\/xenonkungen.com\/es\/wp-json\/wp\/v2\/product_cat?post=1849"},{"taxonomy":"product_tag","embeddable":true,"href":"https:\/\/xenonkungen.com\/es\/wp-json\/wp\/v2\/product_tag?post=1849"}],"curies":[{"name":"wp","href":"https:\/\/api.w.org\/{rel}","templated":true}]}}