{"id":1870,"date":"2025-04-15T08:29:32","date_gmt":"2025-04-15T08:29:32","guid":{"rendered":"https:\/\/xenonkungen.com\/product\/nightshift-pro-arbetsljus-wl120-10-200-lumen\/"},"modified":"2026-04-29T12:56:06","modified_gmt":"2026-04-29T11:56:06","slug":"luz-de-trabajo-nightshift-pro-wl120-de-10-200-lumenes","status":"publish","type":"product","link":"https:\/\/xenonkungen.com\/es\/producto\/luz-de-trabajo-nightshift-pro-wl120-de-10-200-lumenes\/","title":{"rendered":"Linterna de trabajo Luxtar PRO WL120 | 10.200 l\u00famenes"},"content":{"rendered":"<h1>\u00a1Nuestra luz de trabajo m\u00e1s robusta hasta la fecha!<\/h1>\n<p>Con sus 10200 l\u00famenes y 120 W, \u00a1nada escapa a la iluminaci\u00f3n! La l\u00e1mpara cuenta con una robusta carcasa de aluminio, una base estable de acero inoxidable y una lente de policarbonato de clase 5. Esto la convierte en una luz de trabajo capaz de soportar condiciones realmente extremas.<\/p>\n<p>Con su clasificaci\u00f3n IP69K, puede soportar la mayor parte de la humedad y las condiciones clim\u00e1ticas a las que pueda exponerse.<\/p>\n<p>La l\u00e1mpara incorpora 12 chips LED Osram de 10 W, que proporcionan gran potencia y durabilidad. Su \u00e1ngulo de haz de 85 grados ofrece una luz de trabajo amplia y de largo alcance, ideal cuando no se puede acceder al \u00e1rea de trabajo con suficiente precisi\u00f3n.<\/p>\n<p>La l\u00e1mpara es compatible con m\u00faltiples voltajes, funciona de 9 a 32 V, cuenta con la aprobaci\u00f3n EMC y la certificaci\u00f3n CISPR 25, por lo que no interfiere con otros equipos.<\/p>\n<p>La conexi\u00f3n se realiza f\u00e1cilmente a trav\u00e9s del conector DT impermeable integrado.<\/p>\n<p>Como puedes ver, no se ha escatimado en nada en esta l\u00e1mpara de trabajo. \u00a1Proporciona mucha luz y es muy resistente!<\/p>","protected":false},"excerpt":{"rendered":"<p>\u00a1Una de las luces de trabajo m\u00e1s resistentes del mercado!<\/p>","protected":false},"featured_media":29824,"comment_status":"closed","ping_status":"closed","template":"","meta":{"_acf_changed":false,"_smort_price_nok":"3092","_smort_price_dkk":"1964","_smort_price_eur":"263.17","_smort_sale_price_nok":"","_smort_sale_price_dkk":"","_smort_sale_price_eur":"","smort_restorder":"","shipmondo_restorder":"","_kad_blocks_custom_css":"","_kad_blocks_head_custom_js":"","_kad_blocks_body_custom_js":"","_kad_blocks_footer_custom_js":"","smort_custom_pricelist_1":"1852.8","smort_custom_pricelist_2":"1389.6","smort_custom_pricelist_3":"1320.12","smort_custom_pricelist_4":"2316","smort_custom_pricelist_5":"1389.6"},"anvandningsomrade":[],"bilmarken":[],"product_brand":[103],"product_cat":[2482,508],"product_tag":[],"class_list":{"0":"post-1870","1":"product","2":"type-product","3":"status-publish","4":"has-post-thumbnail","6":"product_brand-luxtar","7":"product_cat-pro-serie","8":"product_cat-arbetsbelysning","9":"pa_fuktskydd-varde-ipxx-ip69k","10":"pa_godkannande-emc-cispr-25","11":"pa_lampsockel-kontakt-dt","12":"pa_led-chips-effekt-w-310","13":"pa_ljusbild-flood","14":"pa_ljusspridning-grader-688","15":"pa_storlek-mm-183x119x88","16":"pa_volt-v-multivolt-9-12-16-18-24-28-30-32","18":"first","19":"instock","20":"taxable","21":"shipping-taxable","22":"purchasable","23":"product-type-simple"},"bundled_by":[],"bundle_stock_status":"instock","bundle_stock_quantity":75,"bundle_virtual":false,"bundle_layout":"","bundle_add_to_cart_form_location":"","bundle_editable_in_cart":false,"bundle_sold_individually_context":"","bundle_item_grouping":"","bundle_min_size":"","bundle_max_size":"","bundle_price":[],"bundled_items":[],"bundle_sell_ids":[],"acf":[],"yoast_head":"<!-- This site is optimized with the Yoast SEO plugin v27.0 - https:\/\/yoast.com\/product\/yoast-seo-wordpress\/ -->\n<title>Luxtar PRO Arbetsljus WL120 | 10 200 Lumen - Xenonkungen<\/title>\n<meta name=\"robots\" content=\"index, follow, max-snippet:-1, max-image-preview:large, max-video-preview:-1\" \/>\n<link rel=\"canonical\" href=\"https:\/\/xenonkungen.com\/es\/producto\/luz-de-trabajo-nightshift-pro-wl120-de-10-200-lumenes\/\" \/>\n<meta property=\"og:locale\" content=\"es_ES\" \/>\n<meta property=\"og:type\" content=\"article\" \/>\n<meta property=\"og:title\" content=\"Luxtar PRO Arbetsljus WL120 | 10 200 Lumen - Xenonkungen\" \/>\n<meta property=\"og:description\" content=\"Ett av marknadens tuffaste arbetsljus!\" \/>\n<meta property=\"og:url\" content=\"https:\/\/xenonkungen.com\/es\/producto\/luz-de-trabajo-nightshift-pro-wl120-de-10-200-lumenes\/\" \/>\n<meta property=\"og:site_name\" content=\"Xenonkungen\" \/>\n<meta property=\"article:modified_time\" content=\"2026-04-29T11:56:06+00:00\" \/>\n<meta property=\"og:image\" content=\"https:\/\/xenonkungen.com\/wp-content\/uploads\/2025\/04\/WL120.png\" \/>\n\t<meta property=\"og:image:width\" content=\"1080\" \/>\n\t<meta property=\"og:image:height\" content=\"1350\" \/>\n\t<meta property=\"og:image:type\" content=\"image\/png\" \/>\n<meta name=\"twitter:card\" content=\"summary_large_image\" \/>\n<meta name=\"twitter:label1\" content=\"Tiempo de lectura\" \/>\n\t<meta name=\"twitter:data1\" content=\"1 minuto\" \/>\n<script type=\"application\/ld+json\" class=\"yoast-schema-graph\">{\"@context\":\"https:\/\/schema.org\",\"@graph\":[{\"@type\":\"WebPage\",\"@id\":\"https:\/\/xenonkungen.com\/produkt\/nightshift-pro-arbetsljus-wl120-10-200-lumen\/\",\"url\":\"https:\/\/xenonkungen.com\/produkt\/nightshift-pro-arbetsljus-wl120-10-200-lumen\/\",\"name\":\"Luxtar PRO Arbetsljus WL120 | 10 200 Lumen - Xenonkungen\",\"isPartOf\":{\"@id\":\"https:\/\/xenonkungen.com\/#website\"},\"primaryImageOfPage\":{\"@id\":\"https:\/\/xenonkungen.com\/produkt\/nightshift-pro-arbetsljus-wl120-10-200-lumen\/#primaryimage\"},\"image\":{\"@id\":\"https:\/\/xenonkungen.com\/produkt\/nightshift-pro-arbetsljus-wl120-10-200-lumen\/#primaryimage\"},\"thumbnailUrl\":\"https:\/\/xenonkungen.com\/wp-content\/uploads\/2025\/04\/WL120.png\",\"datePublished\":\"2025-04-15T08:29:32+00:00\",\"dateModified\":\"2026-04-29T11:56:06+00:00\",\"breadcrumb\":{\"@id\":\"https:\/\/xenonkungen.com\/produkt\/nightshift-pro-arbetsljus-wl120-10-200-lumen\/#breadcrumb\"},\"inLanguage\":\"es\",\"potentialAction\":[{\"@type\":\"ReadAction\",\"target\":[\"https:\/\/xenonkungen.com\/produkt\/nightshift-pro-arbetsljus-wl120-10-200-lumen\/\"]}]},{\"@type\":\"ImageObject\",\"inLanguage\":\"es\",\"@id\":\"https:\/\/xenonkungen.com\/produkt\/nightshift-pro-arbetsljus-wl120-10-200-lumen\/#primaryimage\",\"url\":\"https:\/\/xenonkungen.com\/wp-content\/uploads\/2025\/04\/WL120.png\",\"contentUrl\":\"https:\/\/xenonkungen.com\/wp-content\/uploads\/2025\/04\/WL120.png\",\"width\":1080,\"height\":1350},{\"@type\":\"BreadcrumbList\",\"@id\":\"https:\/\/xenonkungen.com\/produkt\/nightshift-pro-arbetsljus-wl120-10-200-lumen\/#breadcrumb\",\"itemListElement\":[{\"@type\":\"ListItem\",\"position\":1,\"name\":\"Hem\",\"item\":\"https:\/\/xenonkungen.com\/\"},{\"@type\":\"ListItem\",\"position\":2,\"name\":\"Shop\",\"item\":\"https:\/\/xenonkungen.com\/shop\/\"},{\"@type\":\"ListItem\",\"position\":3,\"name\":\"Luxtar PRO Arbetsljus WL120 | 10 200 Lumen\"}]},{\"@type\":\"WebSite\",\"@id\":\"https:\/\/xenonkungen.com\/#website\",\"url\":\"https:\/\/xenonkungen.com\/\",\"name\":\"Xenonkungen\",\"description\":\"\",\"potentialAction\":[{\"@type\":\"SearchAction\",\"target\":{\"@type\":\"EntryPoint\",\"urlTemplate\":\"https:\/\/xenonkungen.com\/?s={search_term_string}\"},\"query-input\":{\"@type\":\"PropertyValueSpecification\",\"valueRequired\":true,\"valueName\":\"search_term_string\"}}],\"inLanguage\":\"es\"}]}<\/script>\n<!-- \/ Yoast SEO plugin. -->","yoast_head_json":{"title":"L\u00e1mpara de trabajo Luxtar PRO WL120 | 10.200 l\u00famenes - Xenonkungen","robots":{"index":"index","follow":"follow","max-snippet":"max-snippet:-1","max-image-preview":"max-image-preview:large","max-video-preview":"max-video-preview:-1"},"canonical":"https:\/\/xenonkungen.com\/es\/producto\/luz-de-trabajo-nightshift-pro-wl120-de-10-200-lumenes\/","og_locale":"es_ES","og_type":"article","og_title":"Luxtar PRO Arbetsljus WL120 | 10 200 Lumen - Xenonkungen","og_description":"Ett av marknadens tuffaste arbetsljus!","og_url":"https:\/\/xenonkungen.com\/es\/producto\/luz-de-trabajo-nightshift-pro-wl120-de-10-200-lumenes\/","og_site_name":"Xenonkungen","article_modified_time":"2026-04-29T11:56:06+00:00","og_image":[{"width":1080,"height":1350,"url":"https:\/\/xenonkungen.com\/wp-content\/uploads\/2025\/04\/WL120.png","type":"image\/png"}],"twitter_card":"summary_large_image","twitter_misc":{"Tiempo de lectura":"1 minuto"},"schema":{"@context":"https:\/\/schema.org","@graph":[{"@type":"WebPage","@id":"https:\/\/xenonkungen.com\/produkt\/nightshift-pro-arbetsljus-wl120-10-200-lumen\/","url":"https:\/\/xenonkungen.com\/produkt\/nightshift-pro-arbetsljus-wl120-10-200-lumen\/","name":"L\u00e1mpara de trabajo Luxtar PRO WL120 | 10.200 l\u00famenes - Xenonkungen","isPartOf":{"@id":"https:\/\/xenonkungen.com\/#website"},"primaryImageOfPage":{"@id":"https:\/\/xenonkungen.com\/produkt\/nightshift-pro-arbetsljus-wl120-10-200-lumen\/#primaryimage"},"image":{"@id":"https:\/\/xenonkungen.com\/produkt\/nightshift-pro-arbetsljus-wl120-10-200-lumen\/#primaryimage"},"thumbnailUrl":"https:\/\/xenonkungen.com\/wp-content\/uploads\/2025\/04\/WL120.png","datePublished":"2025-04-15T08:29:32+00:00","dateModified":"2026-04-29T11:56:06+00:00","breadcrumb":{"@id":"https:\/\/xenonkungen.com\/produkt\/nightshift-pro-arbetsljus-wl120-10-200-lumen\/#breadcrumb"},"inLanguage":"es","potentialAction":[{"@type":"ReadAction","target":["https:\/\/xenonkungen.com\/produkt\/nightshift-pro-arbetsljus-wl120-10-200-lumen\/"]}]},{"@type":"ImageObject","inLanguage":"es","@id":"https:\/\/xenonkungen.com\/produkt\/nightshift-pro-arbetsljus-wl120-10-200-lumen\/#primaryimage","url":"https:\/\/xenonkungen.com\/wp-content\/uploads\/2025\/04\/WL120.png","contentUrl":"https:\/\/xenonkungen.com\/wp-content\/uploads\/2025\/04\/WL120.png","width":1080,"height":1350},{"@type":"BreadcrumbList","@id":"https:\/\/xenonkungen.com\/produkt\/nightshift-pro-arbetsljus-wl120-10-200-lumen\/#breadcrumb","itemListElement":[{"@type":"ListItem","position":1,"name":"Hem","item":"https:\/\/xenonkungen.com\/"},{"@type":"ListItem","position":2,"name":"Shop","item":"https:\/\/xenonkungen.com\/shop\/"},{"@type":"ListItem","position":3,"name":"Luxtar PRO Arbetsljus WL120 | 10 200 Lumen"}]},{"@type":"WebSite","@id":"https:\/\/xenonkungen.com\/#website","url":"https:\/\/xenonkungen.com\/","name":"Xenonkungen","description":"","potentialAction":[{"@type":"SearchAction","target":{"@type":"EntryPoint","urlTemplate":"https:\/\/xenonkungen.com\/?s={search_term_string}"},"query-input":{"@type":"PropertyValueSpecification","valueRequired":true,"valueName":"search_term_string"}}],"inLanguage":"es"}]}},"taxonomy_info":{"product_brand":[{"value":103,"label":"LUXTAR"}],"product_cat":[{"value":2482,"label":"PRO-serie"},{"value":508,"label":"Arbetsbelysning"}],"pa_fuktskydd-varde-ipxx":[{"value":155,"label":"IP69K"}],"pa_godkannande":[{"value":689,"label":"EMC, CISPR 25"}],"pa_lampsockel-kontakt":[{"value":329,"label":"DT"}],"pa_led-chips-effekt-w":[{"value":310,"label":"120"}],"pa_ljusbild":[{"value":503,"label":"FLOOD"}],"pa_ljusspridning-grader":[{"value":688,"label":"85"}],"pa_storlek-mm":[{"value":687,"label":"183x119x88"}],"pa_volt-v":[{"value":521,"label":"Multivolt, 9, 12, 16, 18, 24, 28, 30, 32"}]},"featured_image_src_large":["https:\/\/xenonkungen.com\/wp-content\/uploads\/2025\/04\/WL120-819x1024.png",819,1024,true],"author_info":[],"comment_info":0,"_links":{"self":[{"href":"https:\/\/xenonkungen.com\/es\/wp-json\/wp\/v2\/product\/1870","targetHints":{"allow":["GET"]}}],"collection":[{"href":"https:\/\/xenonkungen.com\/es\/wp-json\/wp\/v2\/product"}],"about":[{"href":"https:\/\/xenonkungen.com\/es\/wp-json\/wp\/v2\/types\/product"}],"replies":[{"embeddable":true,"href":"https:\/\/xenonkungen.com\/es\/wp-json\/wp\/v2\/comments?post=1870"}],"wp:featuredmedia":[{"embeddable":true,"href":"https:\/\/xenonkungen.com\/es\/wp-json\/wp\/v2\/media\/29824"}],"wp:attachment":[{"href":"https:\/\/xenonkungen.com\/es\/wp-json\/wp\/v2\/media?parent=1870"}],"wp:term":[{"taxonomy":"anvandningsomrade","embeddable":true,"href":"https:\/\/xenonkungen.com\/es\/wp-json\/wp\/v2\/anvandningsomrade?post=1870"},{"taxonomy":"bilmarken","embeddable":true,"href":"https:\/\/xenonkungen.com\/es\/wp-json\/wp\/v2\/bilmarken?post=1870"},{"taxonomy":"product_brand","embeddable":true,"href":"https:\/\/xenonkungen.com\/es\/wp-json\/wp\/v2\/product_brand?post=1870"},{"taxonomy":"product_cat","embeddable":true,"href":"https:\/\/xenonkungen.com\/es\/wp-json\/wp\/v2\/product_cat?post=1870"},{"taxonomy":"product_tag","embeddable":true,"href":"https:\/\/xenonkungen.com\/es\/wp-json\/wp\/v2\/product_tag?post=1870"}],"curies":[{"name":"wp","href":"https:\/\/api.w.org\/{rel}","templated":true}]}}