{"id":1892,"date":"2025-04-15T08:29:32","date_gmt":"2025-04-15T08:29:32","guid":{"rendered":"https:\/\/xenonkungen.com\/product\/nightshift-pro-arbetsljus-wl90-7650-lumen\/"},"modified":"2026-04-29T12:35:33","modified_gmt":"2026-04-29T11:35:33","slug":"luz-de-trabajo-nightshift-pro-wl90-de-7650-lumenes","status":"publish","type":"product","link":"https:\/\/xenonkungen.com\/es\/producto\/luz-de-trabajo-nightshift-pro-wl90-de-7650-lumenes\/","title":{"rendered":"Linterna de trabajo Luxtar PRO WL90 | 7650 l\u00famenes"},"content":{"rendered":"<h1>Serie Luxtar Pro WL<\/h1>\n<p>Esta es una luz de trabajo perfecta para aquellos que aprecian el rendimiento en bruto, con una s\u00f3lida durabilidad. Hemos desarrollado esta serie para aquellos que no quieren renunciar a nada, \u00a1pero quieren lo mejor de todo!<\/p>\n<p>Con su construcci\u00f3n fundida en Aluminio ADC12, as\u00ed como el cristal en Policarbonato clase 5, Soporte en s\u00f3lido acero inoxidable 304 de 4mm, esta es una luz de trabajo que es perfecta cuando se trabaja en situaciones vulnerables. Puede ser en la mina, bosque, gravera o \u00bfpor qu\u00e9 no en el mar?<\/p>\n<p>Gracias a todo esto, est\u00e1 aprobado para ser expuesto a vibraciones y golpes de hasta 30G de fuerza sin ning\u00fan problema, con una aprobaci\u00f3n IP69K, puede soportar cualquier agua a la que pueda estar expuesto. Las astillas de piedra tampoco son una preocupaci\u00f3n, ya que el cristal es de Policarbonato de alta calidad.<\/p>","protected":false},"excerpt":{"rendered":"<p>Foco de trabajo de 90 W que proporciona una iluminaci\u00f3n de cobertura total, independientemente de la situaci\u00f3n de trabajo.<\/p>","protected":false},"featured_media":29821,"comment_status":"closed","ping_status":"closed","template":"","meta":{"_acf_changed":false,"_smort_price_nok":"2558","_smort_price_dkk":"1625","_smort_price_eur":"217.72","_smort_sale_price_nok":"","_smort_sale_price_dkk":"","_smort_sale_price_eur":"","smort_restorder":"","shipmondo_restorder":"","_kad_blocks_custom_css":"","_kad_blocks_head_custom_js":"","_kad_blocks_body_custom_js":"","_kad_blocks_footer_custom_js":"","smort_custom_pricelist_1":"1532.8","smort_custom_pricelist_2":"1149.6","smort_custom_pricelist_3":"1092.12","smort_custom_pricelist_4":"1916","smort_custom_pricelist_5":"1149.6"},"anvandningsomrade":[],"bilmarken":[],"product_brand":[103],"product_cat":[2482,508],"product_tag":[],"class_list":{"0":"post-1892","1":"product","2":"type-product","3":"status-publish","4":"has-post-thumbnail","6":"product_brand-luxtar","7":"product_cat-pro-serie","8":"product_cat-arbetsbelysning","9":"pa_faktisk-effekts-forbrukning-700","10":"pa_fargtemperatur-6000k","11":"pa_fuktskydd-varde-ipxx-ip69k","12":"pa_godkannande-ce-rohs-emc-emi-cispr-25-class-4","13":"pa_lampsockel-kontakt-dt","14":"pa_led-chips-effekt-w-681","15":"pa_ljusbild-flood","16":"pa_ljusspridning-grader-688","17":"pa_storlek-mm-162x130x87","18":"pa_stromforbrukning-28a24v","19":"pa_stromforbrukning-56a12v","20":"pa_volt-v-multivolt-9-12-16-18-24-28-30-32","22":"first","23":"instock","24":"taxable","25":"shipping-taxable","26":"purchasable","27":"product-type-simple"},"bundled_by":[],"bundle_stock_status":"instock","bundle_stock_quantity":3,"bundle_virtual":false,"bundle_layout":"","bundle_add_to_cart_form_location":"","bundle_editable_in_cart":false,"bundle_sold_individually_context":"","bundle_item_grouping":"","bundle_min_size":"","bundle_max_size":"","bundle_price":[],"bundled_items":[],"bundle_sell_ids":[],"acf":[],"yoast_head":"<!-- This site is optimized with the Yoast SEO plugin v27.0 - https:\/\/yoast.com\/product\/yoast-seo-wordpress\/ -->\n<title>Luxtar PRO Arbetsljus WL90 | 7650 Lumen - Xenonkungen<\/title>\n<meta name=\"robots\" content=\"index, follow, max-snippet:-1, max-image-preview:large, max-video-preview:-1\" \/>\n<link rel=\"canonical\" href=\"https:\/\/xenonkungen.com\/es\/producto\/luz-de-trabajo-nightshift-pro-wl90-de-7650-lumenes\/\" \/>\n<meta property=\"og:locale\" content=\"es_ES\" \/>\n<meta property=\"og:type\" content=\"article\" \/>\n<meta property=\"og:title\" content=\"Luxtar PRO Arbetsljus WL90 | 7650 Lumen - Xenonkungen\" \/>\n<meta property=\"og:description\" content=\"90w Arbetsljus som ger fullt\u00e4ckande belysning, oavsett arbetssituation.\" \/>\n<meta property=\"og:url\" content=\"https:\/\/xenonkungen.com\/es\/producto\/luz-de-trabajo-nightshift-pro-wl90-de-7650-lumenes\/\" \/>\n<meta property=\"og:site_name\" content=\"Xenonkungen\" \/>\n<meta property=\"article:modified_time\" content=\"2026-04-29T11:35:33+00:00\" \/>\n<meta property=\"og:image\" content=\"https:\/\/xenonkungen.com\/wp-content\/uploads\/2025\/04\/WL90-2.png\" \/>\n\t<meta property=\"og:image:width\" content=\"1080\" \/>\n\t<meta property=\"og:image:height\" content=\"1350\" \/>\n\t<meta property=\"og:image:type\" content=\"image\/png\" \/>\n<meta name=\"twitter:card\" content=\"summary_large_image\" \/>\n<meta name=\"twitter:label1\" content=\"Tiempo de lectura\" \/>\n\t<meta name=\"twitter:data1\" content=\"1 minuto\" \/>\n<script type=\"application\/ld+json\" class=\"yoast-schema-graph\">{\"@context\":\"https:\/\/schema.org\",\"@graph\":[{\"@type\":\"WebPage\",\"@id\":\"https:\/\/xenonkungen.com\/produkt\/nightshift-pro-arbetsljus-wl90-7650-lumen\/\",\"url\":\"https:\/\/xenonkungen.com\/produkt\/nightshift-pro-arbetsljus-wl90-7650-lumen\/\",\"name\":\"Luxtar PRO Arbetsljus WL90 | 7650 Lumen - Xenonkungen\",\"isPartOf\":{\"@id\":\"https:\/\/xenonkungen.com\/#website\"},\"primaryImageOfPage\":{\"@id\":\"https:\/\/xenonkungen.com\/produkt\/nightshift-pro-arbetsljus-wl90-7650-lumen\/#primaryimage\"},\"image\":{\"@id\":\"https:\/\/xenonkungen.com\/produkt\/nightshift-pro-arbetsljus-wl90-7650-lumen\/#primaryimage\"},\"thumbnailUrl\":\"https:\/\/xenonkungen.com\/wp-content\/uploads\/2025\/04\/WL90-2.png\",\"datePublished\":\"2025-04-15T08:29:32+00:00\",\"dateModified\":\"2026-04-29T11:35:33+00:00\",\"breadcrumb\":{\"@id\":\"https:\/\/xenonkungen.com\/produkt\/nightshift-pro-arbetsljus-wl90-7650-lumen\/#breadcrumb\"},\"inLanguage\":\"es\",\"potentialAction\":[{\"@type\":\"ReadAction\",\"target\":[\"https:\/\/xenonkungen.com\/produkt\/nightshift-pro-arbetsljus-wl90-7650-lumen\/\"]}]},{\"@type\":\"ImageObject\",\"inLanguage\":\"es\",\"@id\":\"https:\/\/xenonkungen.com\/produkt\/nightshift-pro-arbetsljus-wl90-7650-lumen\/#primaryimage\",\"url\":\"https:\/\/xenonkungen.com\/wp-content\/uploads\/2025\/04\/WL90-2.png\",\"contentUrl\":\"https:\/\/xenonkungen.com\/wp-content\/uploads\/2025\/04\/WL90-2.png\",\"width\":1080,\"height\":1350},{\"@type\":\"BreadcrumbList\",\"@id\":\"https:\/\/xenonkungen.com\/produkt\/nightshift-pro-arbetsljus-wl90-7650-lumen\/#breadcrumb\",\"itemListElement\":[{\"@type\":\"ListItem\",\"position\":1,\"name\":\"Hem\",\"item\":\"https:\/\/xenonkungen.com\/\"},{\"@type\":\"ListItem\",\"position\":2,\"name\":\"Shop\",\"item\":\"https:\/\/xenonkungen.com\/shop\/\"},{\"@type\":\"ListItem\",\"position\":3,\"name\":\"Luxtar PRO Arbetsljus WL90 | 7650 Lumen\"}]},{\"@type\":\"WebSite\",\"@id\":\"https:\/\/xenonkungen.com\/#website\",\"url\":\"https:\/\/xenonkungen.com\/\",\"name\":\"Xenonkungen\",\"description\":\"\",\"potentialAction\":[{\"@type\":\"SearchAction\",\"target\":{\"@type\":\"EntryPoint\",\"urlTemplate\":\"https:\/\/xenonkungen.com\/?s={search_term_string}\"},\"query-input\":{\"@type\":\"PropertyValueSpecification\",\"valueRequired\":true,\"valueName\":\"search_term_string\"}}],\"inLanguage\":\"es\"}]}<\/script>\n<!-- \/ Yoast SEO plugin. -->","yoast_head_json":{"title":"Luxtar PRO Arbetsljus WL90 | 7650 Lumen - Xenonkungen","robots":{"index":"index","follow":"follow","max-snippet":"max-snippet:-1","max-image-preview":"max-image-preview:large","max-video-preview":"max-video-preview:-1"},"canonical":"https:\/\/xenonkungen.com\/es\/producto\/luz-de-trabajo-nightshift-pro-wl90-de-7650-lumenes\/","og_locale":"es_ES","og_type":"article","og_title":"Luxtar PRO Arbetsljus WL90 | 7650 Lumen - Xenonkungen","og_description":"90w Arbetsljus som ger fullt\u00e4ckande belysning, oavsett arbetssituation.","og_url":"https:\/\/xenonkungen.com\/es\/producto\/luz-de-trabajo-nightshift-pro-wl90-de-7650-lumenes\/","og_site_name":"Xenonkungen","article_modified_time":"2026-04-29T11:35:33+00:00","og_image":[{"width":1080,"height":1350,"url":"https:\/\/xenonkungen.com\/wp-content\/uploads\/2025\/04\/WL90-2.png","type":"image\/png"}],"twitter_card":"summary_large_image","twitter_misc":{"Tiempo de lectura":"1 minuto"},"schema":{"@context":"https:\/\/schema.org","@graph":[{"@type":"WebPage","@id":"https:\/\/xenonkungen.com\/produkt\/nightshift-pro-arbetsljus-wl90-7650-lumen\/","url":"https:\/\/xenonkungen.com\/produkt\/nightshift-pro-arbetsljus-wl90-7650-lumen\/","name":"Luxtar PRO Arbetsljus WL90 | 7650 Lumen - Xenonkungen","isPartOf":{"@id":"https:\/\/xenonkungen.com\/#website"},"primaryImageOfPage":{"@id":"https:\/\/xenonkungen.com\/produkt\/nightshift-pro-arbetsljus-wl90-7650-lumen\/#primaryimage"},"image":{"@id":"https:\/\/xenonkungen.com\/produkt\/nightshift-pro-arbetsljus-wl90-7650-lumen\/#primaryimage"},"thumbnailUrl":"https:\/\/xenonkungen.com\/wp-content\/uploads\/2025\/04\/WL90-2.png","datePublished":"2025-04-15T08:29:32+00:00","dateModified":"2026-04-29T11:35:33+00:00","breadcrumb":{"@id":"https:\/\/xenonkungen.com\/produkt\/nightshift-pro-arbetsljus-wl90-7650-lumen\/#breadcrumb"},"inLanguage":"es","potentialAction":[{"@type":"ReadAction","target":["https:\/\/xenonkungen.com\/produkt\/nightshift-pro-arbetsljus-wl90-7650-lumen\/"]}]},{"@type":"ImageObject","inLanguage":"es","@id":"https:\/\/xenonkungen.com\/produkt\/nightshift-pro-arbetsljus-wl90-7650-lumen\/#primaryimage","url":"https:\/\/xenonkungen.com\/wp-content\/uploads\/2025\/04\/WL90-2.png","contentUrl":"https:\/\/xenonkungen.com\/wp-content\/uploads\/2025\/04\/WL90-2.png","width":1080,"height":1350},{"@type":"BreadcrumbList","@id":"https:\/\/xenonkungen.com\/produkt\/nightshift-pro-arbetsljus-wl90-7650-lumen\/#breadcrumb","itemListElement":[{"@type":"ListItem","position":1,"name":"Hem","item":"https:\/\/xenonkungen.com\/"},{"@type":"ListItem","position":2,"name":"Shop","item":"https:\/\/xenonkungen.com\/shop\/"},{"@type":"ListItem","position":3,"name":"Luxtar PRO Arbetsljus WL90 | 7650 Lumen"}]},{"@type":"WebSite","@id":"https:\/\/xenonkungen.com\/#website","url":"https:\/\/xenonkungen.com\/","name":"Xenonkungen","description":"","potentialAction":[{"@type":"SearchAction","target":{"@type":"EntryPoint","urlTemplate":"https:\/\/xenonkungen.com\/?s={search_term_string}"},"query-input":{"@type":"PropertyValueSpecification","valueRequired":true,"valueName":"search_term_string"}}],"inLanguage":"es"}]}},"taxonomy_info":{"product_brand":[{"value":103,"label":"LUXTAR"}],"product_cat":[{"value":2482,"label":"PRO-serie"},{"value":508,"label":"Arbetsbelysning"}],"pa_faktisk-effekts-forbrukning":[{"value":700,"label":"68"}],"pa_fargtemperatur":[{"value":188,"label":"6000K"}],"pa_fuktskydd-varde-ipxx":[{"value":155,"label":"IP69K"}],"pa_godkannande":[{"value":698,"label":"CE, RoHs, EMC\/EMI, CISPR 25 - Class 4"}],"pa_lampsockel-kontakt":[{"value":329,"label":"DT"}],"pa_led-chips-effekt-w":[{"value":681,"label":"90"}],"pa_ljusbild":[{"value":503,"label":"FLOOD"}],"pa_ljusspridning-grader":[{"value":688,"label":"85"}],"pa_storlek-mm":[{"value":699,"label":"162x130x87"}],"pa_stromforbrukning":[{"value":702,"label":"2,8A@24V"},{"value":701,"label":"5,6A@12V"}],"pa_volt-v":[{"value":521,"label":"Multivolt, 9, 12, 16, 18, 24, 28, 30, 32"}]},"featured_image_src_large":["https:\/\/xenonkungen.com\/wp-content\/uploads\/2025\/04\/WL90-2-819x1024.png",819,1024,true],"author_info":[],"comment_info":0,"_links":{"self":[{"href":"https:\/\/xenonkungen.com\/es\/wp-json\/wp\/v2\/product\/1892","targetHints":{"allow":["GET"]}}],"collection":[{"href":"https:\/\/xenonkungen.com\/es\/wp-json\/wp\/v2\/product"}],"about":[{"href":"https:\/\/xenonkungen.com\/es\/wp-json\/wp\/v2\/types\/product"}],"replies":[{"embeddable":true,"href":"https:\/\/xenonkungen.com\/es\/wp-json\/wp\/v2\/comments?post=1892"}],"wp:featuredmedia":[{"embeddable":true,"href":"https:\/\/xenonkungen.com\/es\/wp-json\/wp\/v2\/media\/29821"}],"wp:attachment":[{"href":"https:\/\/xenonkungen.com\/es\/wp-json\/wp\/v2\/media?parent=1892"}],"wp:term":[{"taxonomy":"anvandningsomrade","embeddable":true,"href":"https:\/\/xenonkungen.com\/es\/wp-json\/wp\/v2\/anvandningsomrade?post=1892"},{"taxonomy":"bilmarken","embeddable":true,"href":"https:\/\/xenonkungen.com\/es\/wp-json\/wp\/v2\/bilmarken?post=1892"},{"taxonomy":"product_brand","embeddable":true,"href":"https:\/\/xenonkungen.com\/es\/wp-json\/wp\/v2\/product_brand?post=1892"},{"taxonomy":"product_cat","embeddable":true,"href":"https:\/\/xenonkungen.com\/es\/wp-json\/wp\/v2\/product_cat?post=1892"},{"taxonomy":"product_tag","embeddable":true,"href":"https:\/\/xenonkungen.com\/es\/wp-json\/wp\/v2\/product_tag?post=1892"}],"curies":[{"name":"wp","href":"https:\/\/api.w.org\/{rel}","templated":true}]}}