{"id":1949,"date":"2025-04-15T08:31:29","date_gmt":"2025-04-15T08:31:29","guid":{"rendered":"https:\/\/xenonkungen.com\/product\/strobe-controller-for-12-volts-led-belysning\/"},"modified":"2026-03-06T11:08:39","modified_gmt":"2026-03-06T10:08:39","slug":"controlador-estroboscopico-para-iluminacion-led-de-12-voltios","status":"publish","type":"product","link":"https:\/\/xenonkungen.com\/es\/producto\/controlador-estroboscopico-para-iluminacion-led-de-12-voltios\/","title":{"rendered":"Controlador estrobosc\u00f3pico para iluminaci\u00f3n LED de 12 voltios"},"content":{"rendered":"<p>Con un efectivo <strong>patr\u00f3n de triple destello<\/strong> Se crea un efecto estrobosc\u00f3pico con tres destellos r\u00e1pidos, seguidos de una breve pausa, que luego se repite continuamente.<\/p>\n<p><strong>Perfecto para conectar<\/strong> Tiras LED, l\u00e1mparas LED, luces de posici\u00f3n laterales, luces de posici\u00f3n y luces de posici\u00f3n auxiliares LED. <strong>\u00a1Mejora la visibilidad y \u00fasala como luz de advertencia o luz estrobosc\u00f3pica!<\/strong><\/p>\n<p><strong>Controlador estrobosc\u00f3pico<\/strong> Est\u00e1 dise\u00f1ado para todas las l\u00e1mparas con una potencia m\u00e1xima de 20 W. Convierte una luz fija en una luz de advertencia\/estrobosc\u00f3pica intermitente. La unidad de control se conecta f\u00e1cilmente entre la fuente de alimentaci\u00f3n y la l\u00e1mpara. Al activarse, el controlador ajusta la corriente para generar un efecto de triple destello suave y n\u00edtido.<\/p>\n<p><strong>Conectividad:<\/strong><\/p>\n<p>El controlador estrobosc\u00f3pico se conecta entre la fuente de alimentaci\u00f3n (por ejemplo, una bater\u00eda) y la fuente de luz.<\/p>\n<ul>\n<li><strong>Por un lado<\/strong> del controlador hay un <strong>un cable rojo y uno negro<\/strong> que est\u00e1n conectadas al polo positivo y negativo de la fuente de alimentaci\u00f3n.<\/li>\n<li><strong>Allende<\/strong> \u00bfHay alguno? <strong>negro y un cable blanco y negro<\/strong> que est\u00e1 conectado a los cables de alimentaci\u00f3n de la fuente de luz.<\/li>\n<\/ul>\n<p><strong>\u00a1Atenci\u00f3n!<\/strong> La salida del controlador se puede dividir entre varias fuentes de luz mediante cables de distribuci\u00f3n, divisores o terminales Wago. La carga m\u00e1xima es de 20 W.<\/p>\n<p><strong>Importante:<\/strong> El controlador tiene una clasificaci\u00f3n IP22 y, por lo tanto, debe montarse en un lugar protegido del agua y la humedad.<\/p>","protected":false},"excerpt":{"rendered":"<p>Med ett effektfullt triple flash-m\u00f6nster skapas en strobe-effekt med tre snabba blinkningar, f\u00f6ljt av en kort paus, som sedan upprepas kontinuerligt. Perfekt att koppla till LED-lister, LED-lampor, sidomarkeringar, positionsljus samt LED-extraljusets positionsljus. F\u00f6rb\u00e4ttra synligheten och anv\u00e4nd som varningsljus eller blixtljus! Strobe Controller \u00e4r avsedd f\u00f6r alla lampor med en maximal effekt p\u00e5 20 W. Den [&hellip;]<\/p>","protected":false},"featured_media":1950,"comment_status":"closed","ping_status":"open","template":"","meta":{"_acf_changed":false,"_smort_price_nok":"208","_smort_price_dkk":"132","_smort_price_eur":"17.73","_smort_sale_price_nok":"","_smort_sale_price_dkk":"","_smort_sale_price_eur":"","smort_restorder":"","shipmondo_restorder":"","_kad_blocks_custom_css":"","_kad_blocks_head_custom_js":"","_kad_blocks_body_custom_js":"","_kad_blocks_footer_custom_js":"","smort_custom_pricelist_1":"93.6","smort_custom_pricelist_2":"93.6","smort_custom_pricelist_3":"93.6","smort_custom_pricelist_4":"156","smort_custom_pricelist_5":"93.6"},"anvandningsomrade":[],"bilmarken":[],"product_brand":[2793],"product_cat":[2464,390],"product_tag":[],"class_list":{"0":"post-1949","1":"product","2":"type-product","3":"status-publish","4":"has-post-thumbnail","6":"product_brand-ovrigt","7":"product_cat-styrenhet-installation","8":"product_cat-installation","9":"pa_fuktskydd-varde-ipxx-ip22","10":"pa_lampsockel-kontakt-open-wire","11":"pa_ljusbild-blixt","12":"pa_storlek-mm-69x40x40","13":"pa_volt-v-159","15":"first","16":"instock","17":"taxable","18":"shipping-taxable","19":"purchasable","20":"product-type-simple"},"bundled_by":[],"bundle_stock_status":"instock","bundle_stock_quantity":42,"bundle_virtual":false,"bundle_layout":"","bundle_add_to_cart_form_location":"","bundle_editable_in_cart":false,"bundle_sold_individually_context":"","bundle_item_grouping":"","bundle_min_size":"","bundle_max_size":"","bundle_price":[],"bundled_items":[],"bundle_sell_ids":[],"acf":[],"yoast_head":"<!-- This site is optimized with the Yoast SEO plugin v27.0 - https:\/\/yoast.com\/product\/yoast-seo-wordpress\/ -->\n<title>Strobe Controller f\u00f6r 12 Volts LED-Belysning - Xenonkungen<\/title>\n<meta name=\"robots\" content=\"index, follow, max-snippet:-1, max-image-preview:large, max-video-preview:-1\" \/>\n<link rel=\"canonical\" href=\"https:\/\/xenonkungen.com\/es\/producto\/controlador-estroboscopico-para-iluminacion-led-de-12-voltios\/\" \/>\n<meta property=\"og:locale\" content=\"es_ES\" \/>\n<meta property=\"og:type\" content=\"article\" \/>\n<meta property=\"og:title\" content=\"Strobe Controller f\u00f6r 12 Volts LED-Belysning - Xenonkungen\" \/>\n<meta property=\"og:description\" content=\"Med ett effektfullt triple flash-m\u00f6nster skapas en strobe-effekt med tre snabba blinkningar, f\u00f6ljt av en kort paus, som sedan upprepas kontinuerligt. Perfekt att koppla till LED-lister, LED-lampor, sidomarkeringar, positionsljus samt LED-extraljusets positionsljus. F\u00f6rb\u00e4ttra synligheten och anv\u00e4nd som varningsljus eller blixtljus! Strobe Controller \u00e4r avsedd f\u00f6r alla lampor med en maximal effekt p\u00e5 20 W. Den [&hellip;]\" \/>\n<meta property=\"og:url\" content=\"https:\/\/xenonkungen.com\/es\/producto\/controlador-estroboscopico-para-iluminacion-led-de-12-voltios\/\" \/>\n<meta property=\"og:site_name\" content=\"Xenonkungen\" \/>\n<meta property=\"article:modified_time\" content=\"2026-03-06T10:08:39+00:00\" \/>\n<meta property=\"og:image\" content=\"https:\/\/xenonkungen.com\/wp-content\/uploads\/2025\/04\/13295498-origpic-3fb739.png\" \/>\n\t<meta property=\"og:image:width\" content=\"600\" \/>\n\t<meta property=\"og:image:height\" content=\"600\" \/>\n\t<meta property=\"og:image:type\" content=\"image\/png\" \/>\n<meta name=\"twitter:card\" content=\"summary_large_image\" \/>\n<meta name=\"twitter:label1\" content=\"Tiempo de lectura\" \/>\n\t<meta name=\"twitter:data1\" content=\"1 minuto\" \/>\n<script type=\"application\/ld+json\" class=\"yoast-schema-graph\">{\"@context\":\"https:\/\/schema.org\",\"@graph\":[{\"@type\":\"WebPage\",\"@id\":\"https:\/\/xenonkungen.com\/nl\/product\/stroboscoopcontroller-voor-12-volt-ledverlichting\/\",\"url\":\"https:\/\/xenonkungen.com\/nl\/product\/stroboscoopcontroller-voor-12-volt-ledverlichting\/\",\"name\":\"Strobe Controller f\u00f6r 12 Volts LED-Belysning - Xenonkungen\",\"isPartOf\":{\"@id\":\"https:\/\/xenonkungen.com\/#website\"},\"primaryImageOfPage\":{\"@id\":\"https:\/\/xenonkungen.com\/nl\/product\/stroboscoopcontroller-voor-12-volt-ledverlichting\/#primaryimage\"},\"image\":{\"@id\":\"https:\/\/xenonkungen.com\/nl\/product\/stroboscoopcontroller-voor-12-volt-ledverlichting\/#primaryimage\"},\"thumbnailUrl\":\"https:\/\/xenonkungen.com\/wp-content\/uploads\/2025\/04\/13295498-origpic-3fb739.png\",\"datePublished\":\"2025-04-15T08:31:29+00:00\",\"dateModified\":\"2026-03-06T10:08:39+00:00\",\"breadcrumb\":{\"@id\":\"https:\/\/xenonkungen.com\/nl\/product\/stroboscoopcontroller-voor-12-volt-ledverlichting\/#breadcrumb\"},\"inLanguage\":\"es\",\"potentialAction\":[{\"@type\":\"ReadAction\",\"target\":[\"https:\/\/xenonkungen.com\/nl\/product\/stroboscoopcontroller-voor-12-volt-ledverlichting\/\"]}]},{\"@type\":\"ImageObject\",\"inLanguage\":\"es\",\"@id\":\"https:\/\/xenonkungen.com\/nl\/product\/stroboscoopcontroller-voor-12-volt-ledverlichting\/#primaryimage\",\"url\":\"https:\/\/xenonkungen.com\/wp-content\/uploads\/2025\/04\/13295498-origpic-3fb739.png\",\"contentUrl\":\"https:\/\/xenonkungen.com\/wp-content\/uploads\/2025\/04\/13295498-origpic-3fb739.png\",\"width\":600,\"height\":600},{\"@type\":\"BreadcrumbList\",\"@id\":\"https:\/\/xenonkungen.com\/nl\/product\/stroboscoopcontroller-voor-12-volt-ledverlichting\/#breadcrumb\",\"itemListElement\":[{\"@type\":\"ListItem\",\"position\":1,\"name\":\"Hem\",\"item\":\"https:\/\/xenonkungen.com\/\"},{\"@type\":\"ListItem\",\"position\":2,\"name\":\"Shop\",\"item\":\"https:\/\/xenonkungen.com\/shop\/\"},{\"@type\":\"ListItem\",\"position\":3,\"name\":\"Strobe Controller f\u00f6r 12 Volts LED-Belysning\"}]},{\"@type\":\"WebSite\",\"@id\":\"https:\/\/xenonkungen.com\/#website\",\"url\":\"https:\/\/xenonkungen.com\/\",\"name\":\"Xenonkungen\",\"description\":\"\",\"potentialAction\":[{\"@type\":\"SearchAction\",\"target\":{\"@type\":\"EntryPoint\",\"urlTemplate\":\"https:\/\/xenonkungen.com\/?s={search_term_string}\"},\"query-input\":{\"@type\":\"PropertyValueSpecification\",\"valueRequired\":true,\"valueName\":\"search_term_string\"}}],\"inLanguage\":\"es\"}]}<\/script>\n<!-- \/ Yoast SEO plugin. -->","yoast_head_json":{"title":"Controlador estrobosc\u00f3pico para iluminaci\u00f3n LED de 12 voltios - Xenonkungen","robots":{"index":"index","follow":"follow","max-snippet":"max-snippet:-1","max-image-preview":"max-image-preview:large","max-video-preview":"max-video-preview:-1"},"canonical":"https:\/\/xenonkungen.com\/es\/producto\/controlador-estroboscopico-para-iluminacion-led-de-12-voltios\/","og_locale":"es_ES","og_type":"article","og_title":"Strobe Controller f\u00f6r 12 Volts LED-Belysning - Xenonkungen","og_description":"Med ett effektfullt triple flash-m\u00f6nster skapas en strobe-effekt med tre snabba blinkningar, f\u00f6ljt av en kort paus, som sedan upprepas kontinuerligt. Perfekt att koppla till LED-lister, LED-lampor, sidomarkeringar, positionsljus samt LED-extraljusets positionsljus. F\u00f6rb\u00e4ttra synligheten och anv\u00e4nd som varningsljus eller blixtljus! Strobe Controller \u00e4r avsedd f\u00f6r alla lampor med en maximal effekt p\u00e5 20 W. Den [&hellip;]","og_url":"https:\/\/xenonkungen.com\/es\/producto\/controlador-estroboscopico-para-iluminacion-led-de-12-voltios\/","og_site_name":"Xenonkungen","article_modified_time":"2026-03-06T10:08:39+00:00","og_image":[{"width":600,"height":600,"url":"https:\/\/xenonkungen.com\/wp-content\/uploads\/2025\/04\/13295498-origpic-3fb739.png","type":"image\/png"}],"twitter_card":"summary_large_image","twitter_misc":{"Tiempo de lectura":"1 minuto"},"schema":{"@context":"https:\/\/schema.org","@graph":[{"@type":"WebPage","@id":"https:\/\/xenonkungen.com\/nl\/product\/stroboscoopcontroller-voor-12-volt-ledverlichting\/","url":"https:\/\/xenonkungen.com\/nl\/product\/stroboscoopcontroller-voor-12-volt-ledverlichting\/","name":"Controlador estrobosc\u00f3pico para iluminaci\u00f3n LED de 12 voltios - Xenonkungen","isPartOf":{"@id":"https:\/\/xenonkungen.com\/#website"},"primaryImageOfPage":{"@id":"https:\/\/xenonkungen.com\/nl\/product\/stroboscoopcontroller-voor-12-volt-ledverlichting\/#primaryimage"},"image":{"@id":"https:\/\/xenonkungen.com\/nl\/product\/stroboscoopcontroller-voor-12-volt-ledverlichting\/#primaryimage"},"thumbnailUrl":"https:\/\/xenonkungen.com\/wp-content\/uploads\/2025\/04\/13295498-origpic-3fb739.png","datePublished":"2025-04-15T08:31:29+00:00","dateModified":"2026-03-06T10:08:39+00:00","breadcrumb":{"@id":"https:\/\/xenonkungen.com\/nl\/product\/stroboscoopcontroller-voor-12-volt-ledverlichting\/#breadcrumb"},"inLanguage":"es","potentialAction":[{"@type":"ReadAction","target":["https:\/\/xenonkungen.com\/nl\/product\/stroboscoopcontroller-voor-12-volt-ledverlichting\/"]}]},{"@type":"ImageObject","inLanguage":"es","@id":"https:\/\/xenonkungen.com\/nl\/product\/stroboscoopcontroller-voor-12-volt-ledverlichting\/#primaryimage","url":"https:\/\/xenonkungen.com\/wp-content\/uploads\/2025\/04\/13295498-origpic-3fb739.png","contentUrl":"https:\/\/xenonkungen.com\/wp-content\/uploads\/2025\/04\/13295498-origpic-3fb739.png","width":600,"height":600},{"@type":"BreadcrumbList","@id":"https:\/\/xenonkungen.com\/nl\/product\/stroboscoopcontroller-voor-12-volt-ledverlichting\/#breadcrumb","itemListElement":[{"@type":"ListItem","position":1,"name":"Hem","item":"https:\/\/xenonkungen.com\/"},{"@type":"ListItem","position":2,"name":"Shop","item":"https:\/\/xenonkungen.com\/shop\/"},{"@type":"ListItem","position":3,"name":"Strobe Controller f\u00f6r 12 Volts LED-Belysning"}]},{"@type":"WebSite","@id":"https:\/\/xenonkungen.com\/#website","url":"https:\/\/xenonkungen.com\/","name":"Xenonkungen","description":"","potentialAction":[{"@type":"SearchAction","target":{"@type":"EntryPoint","urlTemplate":"https:\/\/xenonkungen.com\/?s={search_term_string}"},"query-input":{"@type":"PropertyValueSpecification","valueRequired":true,"valueName":"search_term_string"}}],"inLanguage":"es"}]}},"taxonomy_info":{"product_brand":[{"value":2793,"label":"\u00d6VRIGT"}],"product_cat":[{"value":2464,"label":"Styrenhet"},{"value":390,"label":"Installation"}],"pa_fuktskydd-varde-ipxx":[{"value":725,"label":"IP22"}],"pa_lampsockel-kontakt":[{"value":324,"label":"Open Wire"}],"pa_ljusbild":[{"value":726,"label":"Blixt"}],"pa_storlek-mm":[{"value":724,"label":"69x40x40"}],"pa_volt-v":[{"value":159,"label":"12"}]},"featured_image_src_large":["https:\/\/xenonkungen.com\/wp-content\/uploads\/2025\/04\/13295498-origpic-3fb739.png",600,600,false],"author_info":[],"comment_info":0,"_links":{"self":[{"href":"https:\/\/xenonkungen.com\/es\/wp-json\/wp\/v2\/product\/1949","targetHints":{"allow":["GET"]}}],"collection":[{"href":"https:\/\/xenonkungen.com\/es\/wp-json\/wp\/v2\/product"}],"about":[{"href":"https:\/\/xenonkungen.com\/es\/wp-json\/wp\/v2\/types\/product"}],"replies":[{"embeddable":true,"href":"https:\/\/xenonkungen.com\/es\/wp-json\/wp\/v2\/comments?post=1949"}],"wp:featuredmedia":[{"embeddable":true,"href":"https:\/\/xenonkungen.com\/es\/wp-json\/wp\/v2\/media\/1950"}],"wp:attachment":[{"href":"https:\/\/xenonkungen.com\/es\/wp-json\/wp\/v2\/media?parent=1949"}],"wp:term":[{"taxonomy":"anvandningsomrade","embeddable":true,"href":"https:\/\/xenonkungen.com\/es\/wp-json\/wp\/v2\/anvandningsomrade?post=1949"},{"taxonomy":"bilmarken","embeddable":true,"href":"https:\/\/xenonkungen.com\/es\/wp-json\/wp\/v2\/bilmarken?post=1949"},{"taxonomy":"product_brand","embeddable":true,"href":"https:\/\/xenonkungen.com\/es\/wp-json\/wp\/v2\/product_brand?post=1949"},{"taxonomy":"product_cat","embeddable":true,"href":"https:\/\/xenonkungen.com\/es\/wp-json\/wp\/v2\/product_cat?post=1949"},{"taxonomy":"product_tag","embeddable":true,"href":"https:\/\/xenonkungen.com\/es\/wp-json\/wp\/v2\/product_tag?post=1949"}],"curies":[{"name":"wp","href":"https:\/\/api.w.org\/{rel}","templated":true}]}}