{"id":21200,"date":"2025-12-16T12:11:37","date_gmt":"2025-12-16T11:11:37","guid":{"rendered":"https:\/\/xenonkungen.com\/?post_type=product&#038;p=21200"},"modified":"2026-03-27T09:54:07","modified_gmt":"2026-03-27T08:54:07","slug":"adaptador-obd2-tesla-modelo-y-juniper-2025-de-20-pines","status":"publish","type":"product","link":"https:\/\/xenonkungen.com\/es\/producto\/adaptador-obd2-tesla-modelo-y-juniper-2025-de-20-pines\/","title":{"rendered":"Adaptador OBD2 para Tesla | Modelo Y (Juniper 2025) | 20 pines"},"content":{"rendered":"<p>Adaptador OBD2 para Tesla | Modelo Y (Juniper 2025) | 20 pines<\/p>\n<p>\u00a1Dale a tu Juniper Model Y la conexi\u00f3n OBD2 que le falta! Este adaptador personalizado te permite leer los datos del veh\u00edculo y conectar equipos que requieren comunicaci\u00f3n OBD2 de forma r\u00e1pida, sencilla y sin modificar el cableado original del coche.<\/p>\n<p><strong>Optimice su recopilaci\u00f3n de datos<\/strong><\/p>\n<p>El adaptador le permite utilizar aplicaciones y hardware de diagn\u00f3stico populares como: <em>Escanea mi Tesla<\/em> Para monitorear:<\/p>\n<ul>\n<li>Estado de carga y salud de la bater\u00eda<\/li>\n<li>Valores de temperatura<\/li>\n<li>Potencia de salida del motor<\/li>\n<li>Otros datos en tiempo real del bus CAN del veh\u00edculo<\/li>\n<\/ul>\n<p><strong>Preparado para sistemas de control de corriente<\/strong><\/p>\n<p>El adaptador tambi\u00e9n se puede utilizar junto con sistemas XBB para recuperar se\u00f1ales de control al instalar luces adicionales.<\/p>\n<p><strong>Instalaci\u00f3n \u2013 f\u00e1cil y segura<\/strong><\/p>\n<p>El adaptador se monta entre los conectores existentes en <strong>El pilar A del lado del pasajero<\/strong>.<br \/>\nNo afecta las funciones del coche y no requiere ninguna modificaci\u00f3n en el cableado original.<\/p>\n<p><strong>Consejo:<\/strong> Deje el puerto OBD2 en la parte delantera de la cabina si desea tener acceso r\u00e1pido a las herramientas de diagn\u00f3stico en el futuro.<\/p>\n<p><strong>Importante antes de la instalaci\u00f3n<\/strong><\/p>\n<p>Para evitar da\u00f1os en la electr\u00f3nica del veh\u00edculo, es necesario que \u00e9ste est\u00e9 completamente desenergizado al comenzar el trabajo.<br \/>\nTesla entra en modo de suspensi\u00f3n despu\u00e9s de aprox. <strong>8\u201310 minutos<\/strong> \u2013 espere esto antes de desconectar cualquier contacto.<br \/>\nSi quieres estar m\u00e1s seguro, tambi\u00e9n puedes desconectarte <strong>Terminal de +12 V<\/strong> Durante la instalaci\u00f3n.<\/p>\n<p><strong>Descripci\u00f3n general del producto<\/strong><\/p>\n<ul>\n<li><strong>Se adapta a:<\/strong> Tesla Modelo Y (Juniper 2025)<\/li>\n<li><strong>Funci\u00f3n:<\/strong> Agrega un puerto OBD2 que falta de f\u00e1brica<\/li>\n<li><strong>Inversi\u00f3n:<\/strong> Entre los conectores en el pilar A, lado del pasajero<\/li>\n<li><strong>\u00dasalo:<\/strong> Diagn\u00f3stico, registro de datos, control de lectura de corriente<\/li>\n<\/ul>\n<p>Este adaptador est\u00e1 dise\u00f1ado para ofrecer una soluci\u00f3n limpia y segura para quienes desean ampliar las funciones de su autom\u00f3vil sin afectar el sistema original.<\/p>","protected":false},"excerpt":{"rendered":"<p>\u00a1Dale a tu Juniper Model Y la conexi\u00f3n OBD2 que le falta! Este adaptador personalizado te permite leer los datos del veh\u00edculo y conectar equipos que requieren comunicaci\u00f3n OBD2 de forma r\u00e1pida, sencilla y sin modificar el cableado original del coche.<\/p>","protected":false},"featured_media":21201,"comment_status":"open","ping_status":"closed","template":"","meta":{"_acf_changed":false,"_smort_price_nok":"529","_smort_price_dkk":"","_smort_price_eur":"","_smort_sale_price_nok":"","_smort_sale_price_dkk":"","_smort_sale_price_eur":"","smort_restorder":"","shipmondo_restorder":"","_kad_blocks_custom_css":"","_kad_blocks_head_custom_js":"","_kad_blocks_body_custom_js":"","_kad_blocks_footer_custom_js":"","smort_custom_pricelist_1":"277.2","smort_custom_pricelist_2":"237.6","smort_custom_pricelist_3":"198","smort_custom_pricelist_4":"396","smort_custom_pricelist_5":"237.6"},"anvandningsomrade":[],"bilmarken":[290],"product_brand":[2792],"product_cat":[2499,16],"product_tag":[],"class_list":{"0":"post-21200","1":"product","2":"type-product","3":"status-publish","4":"has-post-thumbnail","6":"bilmarken-tesla","7":"product_brand-tesla","8":"product_cat-kablar","9":"product_cat-uncategorized","11":"first","12":"instock","13":"taxable","14":"shipping-taxable","15":"purchasable","16":"product-type-simple"},"bundled_by":["21277"],"bundle_stock_status":"instock","bundle_stock_quantity":76,"bundle_virtual":false,"bundle_layout":"","bundle_add_to_cart_form_location":"","bundle_editable_in_cart":false,"bundle_sold_individually_context":"","bundle_item_grouping":"","bundle_min_size":"","bundle_max_size":"","bundle_price":[],"bundled_items":[],"bundle_sell_ids":[],"acf":[],"yoast_head":"<!-- This site is optimized with the Yoast SEO plugin v27.0 - https:\/\/yoast.com\/product\/yoast-seo-wordpress\/ -->\n<title>Tesla OBD2 Adapter | Model Y (Juniper 2025) | 20PIN - Xenonkungen<\/title>\n<meta name=\"robots\" content=\"index, follow, max-snippet:-1, max-image-preview:large, max-video-preview:-1\" \/>\n<link rel=\"canonical\" href=\"https:\/\/xenonkungen.com\/es\/producto\/adaptador-obd2-tesla-modelo-y-juniper-2025-de-20-pines\/\" \/>\n<meta property=\"og:locale\" content=\"es_ES\" \/>\n<meta property=\"og:type\" content=\"article\" \/>\n<meta property=\"og:title\" content=\"Tesla OBD2 Adapter | Model Y (Juniper 2025) | 20PIN - Xenonkungen\" \/>\n<meta property=\"og:description\" content=\"Ge din Model Y Juniper den OBD2-anslutning den saknar! Denna specialanpassade adapter \u00f6ppnar upp m\u00f6jligheten att l\u00e4sa fordonsdata och ansluta utrustning som kr\u00e4ver OBD2-kommunikation \u2013 snabbt, smidigt och helt utan att \u00e4ndra bilens originalkablage.\" \/>\n<meta property=\"og:url\" content=\"https:\/\/xenonkungen.com\/es\/producto\/adaptador-obd2-tesla-modelo-y-juniper-2025-de-20-pines\/\" \/>\n<meta property=\"og:site_name\" content=\"Xenonkungen\" \/>\n<meta property=\"article:modified_time\" content=\"2026-03-27T08:54:07+00:00\" \/>\n<meta property=\"og:image\" content=\"https:\/\/xenonkungen.com\/wp-content\/uploads\/2025\/12\/OBD2-Adapter-Juniper-ArtNrXXX-DSCF9966-2000px.png\" \/>\n\t<meta property=\"og:image:width\" content=\"2000\" \/>\n\t<meta property=\"og:image:height\" content=\"1055\" \/>\n\t<meta property=\"og:image:type\" content=\"image\/png\" \/>\n<meta name=\"twitter:card\" content=\"summary_large_image\" \/>\n<meta name=\"twitter:label1\" content=\"Tiempo de lectura\" \/>\n\t<meta name=\"twitter:data1\" content=\"2 minutos\" \/>\n<script type=\"application\/ld+json\" class=\"yoast-schema-graph\">{\"@context\":\"https:\/\/schema.org\",\"@graph\":[{\"@type\":\"WebPage\",\"@id\":\"https:\/\/xenonkungen.com\/produkt\/tesla-obd2-adapter-model-y-juniper-2025-20pin\/\",\"url\":\"https:\/\/xenonkungen.com\/produkt\/tesla-obd2-adapter-model-y-juniper-2025-20pin\/\",\"name\":\"Tesla OBD2 Adapter | Model Y (Juniper 2025) | 20PIN - Xenonkungen\",\"isPartOf\":{\"@id\":\"https:\/\/xenonkungen.com\/#website\"},\"primaryImageOfPage\":{\"@id\":\"https:\/\/xenonkungen.com\/produkt\/tesla-obd2-adapter-model-y-juniper-2025-20pin\/#primaryimage\"},\"image\":{\"@id\":\"https:\/\/xenonkungen.com\/produkt\/tesla-obd2-adapter-model-y-juniper-2025-20pin\/#primaryimage\"},\"thumbnailUrl\":\"https:\/\/xenonkungen.com\/wp-content\/uploads\/2025\/12\/OBD2-Adapter-Juniper-ArtNrXXX-DSCF9966-2000px.png\",\"datePublished\":\"2025-12-16T11:11:37+00:00\",\"dateModified\":\"2026-03-27T08:54:07+00:00\",\"breadcrumb\":{\"@id\":\"https:\/\/xenonkungen.com\/produkt\/tesla-obd2-adapter-model-y-juniper-2025-20pin\/#breadcrumb\"},\"inLanguage\":\"es\",\"potentialAction\":[{\"@type\":\"ReadAction\",\"target\":[\"https:\/\/xenonkungen.com\/produkt\/tesla-obd2-adapter-model-y-juniper-2025-20pin\/\"]}]},{\"@type\":\"ImageObject\",\"inLanguage\":\"es\",\"@id\":\"https:\/\/xenonkungen.com\/produkt\/tesla-obd2-adapter-model-y-juniper-2025-20pin\/#primaryimage\",\"url\":\"https:\/\/xenonkungen.com\/wp-content\/uploads\/2025\/12\/OBD2-Adapter-Juniper-ArtNrXXX-DSCF9966-2000px.png\",\"contentUrl\":\"https:\/\/xenonkungen.com\/wp-content\/uploads\/2025\/12\/OBD2-Adapter-Juniper-ArtNrXXX-DSCF9966-2000px.png\",\"width\":2000,\"height\":1055},{\"@type\":\"BreadcrumbList\",\"@id\":\"https:\/\/xenonkungen.com\/produkt\/tesla-obd2-adapter-model-y-juniper-2025-20pin\/#breadcrumb\",\"itemListElement\":[{\"@type\":\"ListItem\",\"position\":1,\"name\":\"Hem\",\"item\":\"https:\/\/xenonkungen.com\/\"},{\"@type\":\"ListItem\",\"position\":2,\"name\":\"Shop\",\"item\":\"https:\/\/xenonkungen.com\/shop\/\"},{\"@type\":\"ListItem\",\"position\":3,\"name\":\"Tesla OBD2 Adapter | Model Y (Juniper 2025) | 20PIN\"}]},{\"@type\":\"WebSite\",\"@id\":\"https:\/\/xenonkungen.com\/#website\",\"url\":\"https:\/\/xenonkungen.com\/\",\"name\":\"Xenonkungen\",\"description\":\"\",\"potentialAction\":[{\"@type\":\"SearchAction\",\"target\":{\"@type\":\"EntryPoint\",\"urlTemplate\":\"https:\/\/xenonkungen.com\/?s={search_term_string}\"},\"query-input\":{\"@type\":\"PropertyValueSpecification\",\"valueRequired\":true,\"valueName\":\"search_term_string\"}}],\"inLanguage\":\"es\"}]}<\/script>\n<!-- \/ Yoast SEO plugin. -->","yoast_head_json":{"title":"Adaptador OBD2 para Tesla | Modelo Y (Juniper 2025) | 20 pines - El rey del xen\u00f3n","robots":{"index":"index","follow":"follow","max-snippet":"max-snippet:-1","max-image-preview":"max-image-preview:large","max-video-preview":"max-video-preview:-1"},"canonical":"https:\/\/xenonkungen.com\/es\/producto\/adaptador-obd2-tesla-modelo-y-juniper-2025-de-20-pines\/","og_locale":"es_ES","og_type":"article","og_title":"Tesla OBD2 Adapter | Model Y (Juniper 2025) | 20PIN - Xenonkungen","og_description":"Ge din Model Y Juniper den OBD2-anslutning den saknar! Denna specialanpassade adapter \u00f6ppnar upp m\u00f6jligheten att l\u00e4sa fordonsdata och ansluta utrustning som kr\u00e4ver OBD2-kommunikation \u2013 snabbt, smidigt och helt utan att \u00e4ndra bilens originalkablage.","og_url":"https:\/\/xenonkungen.com\/es\/producto\/adaptador-obd2-tesla-modelo-y-juniper-2025-de-20-pines\/","og_site_name":"Xenonkungen","article_modified_time":"2026-03-27T08:54:07+00:00","og_image":[{"width":2000,"height":1055,"url":"https:\/\/xenonkungen.com\/wp-content\/uploads\/2025\/12\/OBD2-Adapter-Juniper-ArtNrXXX-DSCF9966-2000px.png","type":"image\/png"}],"twitter_card":"summary_large_image","twitter_misc":{"Tiempo de lectura":"2 minutos"},"schema":{"@context":"https:\/\/schema.org","@graph":[{"@type":"WebPage","@id":"https:\/\/xenonkungen.com\/produkt\/tesla-obd2-adapter-model-y-juniper-2025-20pin\/","url":"https:\/\/xenonkungen.com\/produkt\/tesla-obd2-adapter-model-y-juniper-2025-20pin\/","name":"Adaptador OBD2 para Tesla | Modelo Y (Juniper 2025) | 20 pines - El rey del xen\u00f3n","isPartOf":{"@id":"https:\/\/xenonkungen.com\/#website"},"primaryImageOfPage":{"@id":"https:\/\/xenonkungen.com\/produkt\/tesla-obd2-adapter-model-y-juniper-2025-20pin\/#primaryimage"},"image":{"@id":"https:\/\/xenonkungen.com\/produkt\/tesla-obd2-adapter-model-y-juniper-2025-20pin\/#primaryimage"},"thumbnailUrl":"https:\/\/xenonkungen.com\/wp-content\/uploads\/2025\/12\/OBD2-Adapter-Juniper-ArtNrXXX-DSCF9966-2000px.png","datePublished":"2025-12-16T11:11:37+00:00","dateModified":"2026-03-27T08:54:07+00:00","breadcrumb":{"@id":"https:\/\/xenonkungen.com\/produkt\/tesla-obd2-adapter-model-y-juniper-2025-20pin\/#breadcrumb"},"inLanguage":"es","potentialAction":[{"@type":"ReadAction","target":["https:\/\/xenonkungen.com\/produkt\/tesla-obd2-adapter-model-y-juniper-2025-20pin\/"]}]},{"@type":"ImageObject","inLanguage":"es","@id":"https:\/\/xenonkungen.com\/produkt\/tesla-obd2-adapter-model-y-juniper-2025-20pin\/#primaryimage","url":"https:\/\/xenonkungen.com\/wp-content\/uploads\/2025\/12\/OBD2-Adapter-Juniper-ArtNrXXX-DSCF9966-2000px.png","contentUrl":"https:\/\/xenonkungen.com\/wp-content\/uploads\/2025\/12\/OBD2-Adapter-Juniper-ArtNrXXX-DSCF9966-2000px.png","width":2000,"height":1055},{"@type":"BreadcrumbList","@id":"https:\/\/xenonkungen.com\/produkt\/tesla-obd2-adapter-model-y-juniper-2025-20pin\/#breadcrumb","itemListElement":[{"@type":"ListItem","position":1,"name":"Hem","item":"https:\/\/xenonkungen.com\/"},{"@type":"ListItem","position":2,"name":"Shop","item":"https:\/\/xenonkungen.com\/shop\/"},{"@type":"ListItem","position":3,"name":"Tesla OBD2 Adapter | Model Y (Juniper 2025) | 20PIN"}]},{"@type":"WebSite","@id":"https:\/\/xenonkungen.com\/#website","url":"https:\/\/xenonkungen.com\/","name":"Xenonkungen","description":"","potentialAction":[{"@type":"SearchAction","target":{"@type":"EntryPoint","urlTemplate":"https:\/\/xenonkungen.com\/?s={search_term_string}"},"query-input":{"@type":"PropertyValueSpecification","valueRequired":true,"valueName":"search_term_string"}}],"inLanguage":"es"}]}},"taxonomy_info":{"bilmarken":[{"value":290,"label":"Tesla"}],"product_brand":[{"value":2792,"label":"TESLA"}],"product_cat":[{"value":2499,"label":"Kablar"},{"value":16,"label":"Uncategorized"}]},"featured_image_src_large":["https:\/\/xenonkungen.com\/wp-content\/uploads\/2025\/12\/OBD2-Adapter-Juniper-ArtNrXXX-DSCF9966-2000px-1024x540.png",1024,540,true],"author_info":[],"comment_info":0,"_links":{"self":[{"href":"https:\/\/xenonkungen.com\/es\/wp-json\/wp\/v2\/product\/21200","targetHints":{"allow":["GET"]}}],"collection":[{"href":"https:\/\/xenonkungen.com\/es\/wp-json\/wp\/v2\/product"}],"about":[{"href":"https:\/\/xenonkungen.com\/es\/wp-json\/wp\/v2\/types\/product"}],"replies":[{"embeddable":true,"href":"https:\/\/xenonkungen.com\/es\/wp-json\/wp\/v2\/comments?post=21200"}],"wp:featuredmedia":[{"embeddable":true,"href":"https:\/\/xenonkungen.com\/es\/wp-json\/wp\/v2\/media\/21201"}],"wp:attachment":[{"href":"https:\/\/xenonkungen.com\/es\/wp-json\/wp\/v2\/media?parent=21200"}],"wp:term":[{"taxonomy":"anvandningsomrade","embeddable":true,"href":"https:\/\/xenonkungen.com\/es\/wp-json\/wp\/v2\/anvandningsomrade?post=21200"},{"taxonomy":"bilmarken","embeddable":true,"href":"https:\/\/xenonkungen.com\/es\/wp-json\/wp\/v2\/bilmarken?post=21200"},{"taxonomy":"product_brand","embeddable":true,"href":"https:\/\/xenonkungen.com\/es\/wp-json\/wp\/v2\/product_brand?post=21200"},{"taxonomy":"product_cat","embeddable":true,"href":"https:\/\/xenonkungen.com\/es\/wp-json\/wp\/v2\/product_cat?post=21200"},{"taxonomy":"product_tag","embeddable":true,"href":"https:\/\/xenonkungen.com\/es\/wp-json\/wp\/v2\/product_tag?post=21200"}],"curies":[{"name":"wp","href":"https:\/\/api.w.org\/{rel}","templated":true}]}}