{"id":21277,"date":"2025-12-18T11:27:28","date_gmt":"2025-12-18T10:27:28","guid":{"rendered":"https:\/\/xenonkungen.com\/?post_type=product&#038;p=21277"},"modified":"2026-04-17T16:21:51","modified_gmt":"2026-04-17T15:21:51","slug":"paquete-de-incidentes-de-luxtar-twilight-black-2","status":"publish","type":"product","link":"https:\/\/xenonkungen.com\/es\/producto\/paquete-de-incidentes-de-luxtar-twilight-black-2\/","title":{"rendered":"Kit de empotramiento Luxtar Twilight &gt;&gt;Negro<&lt; | TESLA Modelo Y Juniper"},"content":{"rendered":"<h2>Kit de luces empotrables Luxtar Twilight &gt;&gt;Negro&lt;&lt; | TESLA Model Y Juniper: Iluminaci\u00f3n elegante y de alto rendimiento para tu Tesla<\/h2>\n<p>Para el propietario de un Tesla que busca estilo, potencia y seguridad, ofrece\u00a0<strong>Paquete empotrado Luxtar Twilight &gt;&gt;Negro&lt;<\/strong>\u00a0Una soluci\u00f3n de iluminaci\u00f3n potente y sin fisuras. Con un brillo de\u00a0<strong>300W<\/strong>\u00a0y una impresionante potencia lum\u00ednica en\u00a0<strong>18 140 l\u00famenes<\/strong>Esta rampa LED proporciona una visibilidad y seguridad inigualables en la carretera. El alcance de la luz llega a toda la calzada.\u00a0<strong>1 lux a 794 metros<\/strong>\u00a0(Est\u00e1ndar R112: 1 lux a 430 metros), lo que significa una luz \u00f3ptima en condiciones oscuras y dif\u00edciles.<\/p>\n<p>El paquete incluye un\u00a0<strong>Soporte empotrado negro especialmente dise\u00f1ado<\/strong> Para Tesla, garantiza un ajuste perfecto y una instalaci\u00f3n discreta que se integra con el elegante dise\u00f1o del autom\u00f3vil y se adapta <strong>Modelo Y a partir de 2025<\/strong><\/p>\n<p><strong>Direcci\u00f3n suave y segura<\/strong>\u00a0es posible con\u00a0<strong>XBB OBD-II Dongle + PowerUnit<\/strong>\u00a0y el\u00a0<strong>Adaptador OBD2 compatible con Tesla<\/strong>Proporciona funcionalidad CANBUS completa y una integraci\u00f3n perfecta con el sistema del veh\u00edculo. Esta soluci\u00f3n avanzada evita mensajes de error e interferencias, lo que facilita y asegura su uso.<\/p>\n<p>Para garantizar un suministro el\u00e9ctrico fiable y un rendimiento duradero, tambi\u00e9n se incluye\u00a0<strong>Juego de cables para rel\u00e9 Luxtar DTP-4 X1 12V con rel\u00e9 de 80A<\/strong>Para una transmisi\u00f3n y estabilidad de se\u00f1al \u00f3ptimas, recomendamos\u00a0<strong>103179XR-DT Juego de cables para unidad de potencia XBB \u2013 DT<\/strong>Un juego de cables de alta calidad, dise\u00f1ado para soportar condiciones adversas y ofrecer una conexi\u00f3n robusta y fiable. Este se conecta a los juegos de cables de rel\u00e9 doble. Consulte el diagrama de cableado a continuaci\u00f3n.<\/p>\n<h3>Caracter\u00edsticas y ventajas:<\/h3>\n<ul>\n<li><strong>Efecto:<\/strong>\u00a0300W<\/li>\n<li><strong>Flujo luminoso:<\/strong>\u00a018 140 l\u00famenes<\/li>\n<li><strong>Alcance:<\/strong>\u00a01 lux a 794 metros \/ Est\u00e1ndar R112: 1 lux a 430 metros<\/li>\n<li><strong>Montaje empotrado:<\/strong>\u00a0Especialmente adaptado para Tesla, en elegante color negro.<\/li>\n<li><strong>Compatibilidad con CANBUS<\/strong>\u00a0Incluye dongle XBB OBD-II + PowerUnit y adaptador Tesla OBD2 para una f\u00e1cil instalaci\u00f3n.<\/li>\n<li><strong>Juego de cables de rel\u00e9:<\/strong>\u00a0Rel\u00e9 DTP-4 X1 12V 80A y\u00a0<strong>103179XR-DT Juego de cables<\/strong>\u00a0Para la unidad de potencia XBB \u2013 DT para una transmisi\u00f3n de se\u00f1al estable y confiable<\/li>\n<\/ul>\n<p>Experimenta la combinaci\u00f3n perfecta de elegancia y rendimiento con\u00a0<strong>Paquete empotrado Luxtar Twilight &gt;&gt;Negro&lt;<\/strong>\u00a0para Tesla y obtener una soluci\u00f3n de iluminaci\u00f3n que mejore tanto la seguridad como la est\u00e9tica en la carretera.<\/p>\n<h2><a href=\"https:\/\/xenonkungen.com\/wp-content\/uploads\/2025\/10\/XBB-Canbus-over-15A-inkoppling.pdf\">Haga clic aqu\u00ed para ver el diagrama de cableado, Mazos de cables de doble rel\u00e9 con XBB\u00a0<\/a><\/h2>","protected":false},"excerpt":{"rendered":"<p>Experimente la potencia y la elegancia del kit de actualizaci\u00f3n Luxtar Twilight &gt;&gt;Black&lt;&lt; para Tesla. Con 300 W y 18\u00a0140 l\u00famenes, esta soluci\u00f3n LED de alta calidad ofrece m\u00e1xima seguridad y un dise\u00f1o perfectamente adaptado para condiciones de conducci\u00f3n oscuras y exigentes.<\/p>","protected":false},"featured_media":15098,"comment_status":"open","ping_status":"closed","template":"","meta":{"_acf_changed":false,"_smort_price_nok":"8807","_smort_price_dkk":"","_smort_price_eur":"","_smort_sale_price_nok":"","_smort_sale_price_dkk":"","_smort_sale_price_eur":"","smort_restorder":"","shipmondo_restorder":"","_kad_blocks_custom_css":"","_kad_blocks_head_custom_js":"","_kad_blocks_body_custom_js":"","_kad_blocks_footer_custom_js":"","smort_custom_pricelist_1":"5276.8","smort_custom_pricelist_2":"4617.2","smort_custom_pricelist_3":"4287.4","smort_custom_pricelist_4":"6596","smort_custom_pricelist_5":"4617.2"},"anvandningsomrade":[],"bilmarken":[],"product_brand":[],"product_cat":[16],"product_tag":[],"class_list":{"0":"post-21277","1":"product","2":"type-product","3":"status-publish","4":"has-post-thumbnail","6":"product_cat-uncategorized","8":"first","9":"onbackorder","10":"taxable","11":"shipping-taxable","12":"purchasable","13":"product-type-bundle"},"bundled_by":[],"bundle_stock_status":"instock","bundle_stock_quantity":74,"bundle_virtual":false,"bundle_layout":"default","bundle_add_to_cart_form_location":"default","bundle_editable_in_cart":false,"bundle_sold_individually_context":"product","bundle_item_grouping":"parent","bundle_min_size":"","bundle_max_size":"","bundle_price":{"price":{"min":{"incl_tax":"749.48","excl_tax":"599.58187468"},"max":{"incl_tax":"749.48","excl_tax":"599.58187468"}},"regular_price":{"min":{"incl_tax":"749.48","excl_tax":"599.58187468"},"max":{"incl_tax":"749.48","excl_tax":"599.58187468"}}},"bundled_items":[{"bundled_item_id":501,"product_id":944,"menu_order":0,"quantity_min":1,"quantity_max":1,"quantity_default":1,"priced_individually":false,"shipped_individually":false,"override_title":false,"title":"LUXTAR Crep\u00fasculo | 300W","override_description":false,"description":"","optional":false,"hide_thumbnail":false,"discount":"","override_variations":false,"allowed_variations":[],"override_default_variation_attributes":false,"default_variation_attributes":[],"single_product_visibility":"visible","cart_visibility":"visible","order_visibility":"visible","single_product_price_visibility":"visible","cart_price_visibility":"visible","order_price_visibility":"visible","stock_status":"in_stock"},{"bundled_item_id":502,"product_id":1069,"menu_order":1,"quantity_min":1,"quantity_max":1,"quantity_default":1,"priced_individually":false,"shipped_individually":false,"override_title":false,"title":"Luxtar Juego de cables de rel\u00e9 DTP-4 X1 12V 80A Rel\u00e9","override_description":false,"description":"","optional":false,"hide_thumbnail":false,"discount":"","override_variations":false,"allowed_variations":[],"override_default_variation_attributes":false,"default_variation_attributes":[],"single_product_visibility":"visible","cart_visibility":"visible","order_visibility":"visible","single_product_price_visibility":"visible","cart_price_visibility":"visible","order_price_visibility":"visible","stock_status":"in_stock"},{"bundled_item_id":503,"product_id":1538,"menu_order":2,"quantity_min":1,"quantity_max":1,"quantity_default":1,"priced_individually":false,"shipped_individually":false,"override_title":false,"title":"XBB OBD-II Dongle + PowerUnit","override_description":false,"description":"","optional":false,"hide_thumbnail":false,"discount":"","override_variations":false,"allowed_variations":[],"override_default_variation_attributes":false,"default_variation_attributes":[],"single_product_visibility":"visible","cart_visibility":"visible","order_visibility":"visible","single_product_price_visibility":"visible","cart_price_visibility":"visible","order_price_visibility":"visible","stock_status":"on_backorder"},{"bundled_item_id":504,"product_id":2605,"menu_order":3,"quantity_min":1,"quantity_max":1,"quantity_default":1,"priced_individually":false,"shipped_individually":false,"override_title":false,"title":"Juego de cables para unidad de potencia XBB - DT","override_description":false,"description":"","optional":false,"hide_thumbnail":false,"discount":"","override_variations":false,"allowed_variations":[],"override_default_variation_attributes":false,"default_variation_attributes":[],"single_product_visibility":"visible","cart_visibility":"visible","order_visibility":"visible","single_product_price_visibility":"visible","cart_price_visibility":"visible","order_price_visibility":"visible","stock_status":"in_stock"},{"bundled_item_id":505,"product_id":2747,"menu_order":4,"quantity_min":1,"quantity_max":1,"quantity_default":1,"priced_individually":false,"shipped_individually":false,"override_title":false,"title":"Soporte de luz adicional para rampa LED Tesla | Soporte empotrado negro","override_description":false,"description":"","optional":false,"hide_thumbnail":false,"discount":"","override_variations":false,"allowed_variations":[],"override_default_variation_attributes":false,"default_variation_attributes":[],"single_product_visibility":"visible","cart_visibility":"visible","order_visibility":"visible","single_product_price_visibility":"visible","cart_price_visibility":"visible","order_price_visibility":"visible","stock_status":"in_stock"},{"bundled_item_id":506,"product_id":21200,"menu_order":5,"quantity_min":1,"quantity_max":1,"quantity_default":1,"priced_individually":false,"shipped_individually":false,"override_title":false,"title":"Adaptador OBD2 para Tesla | Modelo Y (Juniper 2025) | 20 pines","override_description":false,"description":"","optional":false,"hide_thumbnail":false,"discount":"","override_variations":false,"allowed_variations":[],"override_default_variation_attributes":false,"default_variation_attributes":[],"single_product_visibility":"visible","cart_visibility":"visible","order_visibility":"visible","single_product_price_visibility":"visible","cart_price_visibility":"visible","order_price_visibility":"visible","stock_status":"in_stock"}],"bundle_sell_ids":[],"acf":[],"yoast_head":"<!-- This site is optimized with the Yoast SEO plugin v27.0 - https:\/\/yoast.com\/product\/yoast-seo-wordpress\/ -->\n<title>Inf\u00e4llnadspaket Luxtar Twilight &gt;&gt;Black<\/title>\n<meta name=\"robots\" content=\"index, follow, max-snippet:-1, max-image-preview:large, max-video-preview:-1\" \/>\n<link rel=\"canonical\" href=\"https:\/\/xenonkungen.com\/es\/producto\/paquete-de-incidentes-de-luxtar-twilight-black-2\/\" \/>\n<meta property=\"og:locale\" content=\"es_ES\" \/>\n<meta property=\"og:type\" content=\"article\" \/>\n<meta property=\"og:title\" content=\"Inf\u00e4llnadspaket Luxtar Twilight &gt;&gt;Black\" \/>\n<meta property=\"og:description\" content=\"Upplev kraften och elegansen i Luxtar Twilight &gt;&gt;Black&lt;&lt; Inbyggnadspaket f\u00f6r Tesla. Med 300W och 18 140 lumen ger denna h\u00f6gkvalitativa LED-l\u00f6sning maximal s\u00e4kerhet och en perfekt anpassad design f\u00f6r m\u00f6rka, kr\u00e4vande k\u00f6rf\u00f6rh\u00e5llanden.\" \/>\n<meta property=\"og:url\" content=\"https:\/\/xenonkungen.com\/es\/producto\/paquete-de-incidentes-de-luxtar-twilight-black-2\/\" \/>\n<meta property=\"og:site_name\" content=\"Xenonkungen\" \/>\n<meta property=\"article:modified_time\" content=\"2026-04-17T15:21:51+00:00\" \/>\n<meta property=\"og:image\" content=\"https:\/\/xenonkungen.com\/wp-content\/uploads\/2025\/10\/216087107-origpic-70be2d-1-1.webp\" \/>\n\t<meta property=\"og:image:width\" content=\"1920\" \/>\n\t<meta property=\"og:image:height\" content=\"1103\" \/>\n\t<meta property=\"og:image:type\" content=\"image\/webp\" \/>\n<meta name=\"twitter:card\" content=\"summary_large_image\" \/>\n<meta name=\"twitter:label1\" content=\"Tiempo de lectura\" \/>\n\t<meta name=\"twitter:data1\" content=\"2 minutos\" \/>\n<script type=\"application\/ld+json\" class=\"yoast-schema-graph\">{\"@context\":\"https:\/\/schema.org\",\"@graph\":[{\"@type\":\"WebPage\",\"@id\":\"https:\/\/xenonkungen.com\/produkt\/infallnadspaket-luxtar-twilight-black-2\/\",\"url\":\"https:\/\/xenonkungen.com\/produkt\/infallnadspaket-luxtar-twilight-black-2\/\",\"name\":\"Inf\u00e4llnadspaket Luxtar Twilight >>Black\",\"isPartOf\":{\"@id\":\"https:\/\/xenonkungen.com\/#website\"},\"primaryImageOfPage\":{\"@id\":\"https:\/\/xenonkungen.com\/produkt\/infallnadspaket-luxtar-twilight-black-2\/#primaryimage\"},\"image\":{\"@id\":\"https:\/\/xenonkungen.com\/produkt\/infallnadspaket-luxtar-twilight-black-2\/#primaryimage\"},\"thumbnailUrl\":\"https:\/\/xenonkungen.com\/wp-content\/uploads\/2025\/10\/216087107-origpic-70be2d-1-1.webp\",\"datePublished\":\"2025-12-18T10:27:28+00:00\",\"dateModified\":\"2026-04-17T15:21:51+00:00\",\"breadcrumb\":{\"@id\":\"https:\/\/xenonkungen.com\/produkt\/infallnadspaket-luxtar-twilight-black-2\/#breadcrumb\"},\"inLanguage\":\"es\",\"potentialAction\":[{\"@type\":\"ReadAction\",\"target\":[\"https:\/\/xenonkungen.com\/produkt\/infallnadspaket-luxtar-twilight-black-2\/\"]}]},{\"@type\":\"ImageObject\",\"inLanguage\":\"es\",\"@id\":\"https:\/\/xenonkungen.com\/produkt\/infallnadspaket-luxtar-twilight-black-2\/#primaryimage\",\"url\":\"https:\/\/xenonkungen.com\/wp-content\/uploads\/2025\/10\/216087107-origpic-70be2d-1-1.webp\",\"contentUrl\":\"https:\/\/xenonkungen.com\/wp-content\/uploads\/2025\/10\/216087107-origpic-70be2d-1-1.webp\",\"width\":1920,\"height\":1103},{\"@type\":\"BreadcrumbList\",\"@id\":\"https:\/\/xenonkungen.com\/produkt\/infallnadspaket-luxtar-twilight-black-2\/#breadcrumb\",\"itemListElement\":[{\"@type\":\"ListItem\",\"position\":1,\"name\":\"Hem\",\"item\":\"https:\/\/xenonkungen.com\/\"},{\"@type\":\"ListItem\",\"position\":2,\"name\":\"Shop\",\"item\":\"https:\/\/xenonkungen.com\/shop\/\"},{\"@type\":\"ListItem\",\"position\":3,\"name\":\"Inf\u00e4llnadspaket Luxtar Twilight >>Black\"}]},{\"@type\":\"WebSite\",\"@id\":\"https:\/\/xenonkungen.com\/#website\",\"url\":\"https:\/\/xenonkungen.com\/\",\"name\":\"Xenonkungen\",\"description\":\"\",\"potentialAction\":[{\"@type\":\"SearchAction\",\"target\":{\"@type\":\"EntryPoint\",\"urlTemplate\":\"https:\/\/xenonkungen.com\/?s={search_term_string}\"},\"query-input\":{\"@type\":\"PropertyValueSpecification\",\"valueRequired\":true,\"valueName\":\"search_term_string\"}}],\"inLanguage\":\"es\"}]}<\/script>\n<!-- \/ Yoast SEO plugin. -->","yoast_head_json":{"title":"Kit de empotramiento Luxtar Twilight &gt;&gt;Negro","robots":{"index":"index","follow":"follow","max-snippet":"max-snippet:-1","max-image-preview":"max-image-preview:large","max-video-preview":"max-video-preview:-1"},"canonical":"https:\/\/xenonkungen.com\/es\/producto\/paquete-de-incidentes-de-luxtar-twilight-black-2\/","og_locale":"es_ES","og_type":"article","og_title":"Inf\u00e4llnadspaket Luxtar Twilight >>Black","og_description":"Upplev kraften och elegansen i Luxtar Twilight &gt;&gt;Black&lt;&lt; Inbyggnadspaket f\u00f6r Tesla. Med 300W och 18 140 lumen ger denna h\u00f6gkvalitativa LED-l\u00f6sning maximal s\u00e4kerhet och en perfekt anpassad design f\u00f6r m\u00f6rka, kr\u00e4vande k\u00f6rf\u00f6rh\u00e5llanden.","og_url":"https:\/\/xenonkungen.com\/es\/producto\/paquete-de-incidentes-de-luxtar-twilight-black-2\/","og_site_name":"Xenonkungen","article_modified_time":"2026-04-17T15:21:51+00:00","og_image":[{"width":1920,"height":1103,"url":"https:\/\/xenonkungen.com\/wp-content\/uploads\/2025\/10\/216087107-origpic-70be2d-1-1.webp","type":"image\/webp"}],"twitter_card":"summary_large_image","twitter_misc":{"Tiempo de lectura":"2 minutos"},"schema":{"@context":"https:\/\/schema.org","@graph":[{"@type":"WebPage","@id":"https:\/\/xenonkungen.com\/produkt\/infallnadspaket-luxtar-twilight-black-2\/","url":"https:\/\/xenonkungen.com\/produkt\/infallnadspaket-luxtar-twilight-black-2\/","name":"Kit de empotramiento Luxtar Twilight &gt;&gt;Negro","isPartOf":{"@id":"https:\/\/xenonkungen.com\/#website"},"primaryImageOfPage":{"@id":"https:\/\/xenonkungen.com\/produkt\/infallnadspaket-luxtar-twilight-black-2\/#primaryimage"},"image":{"@id":"https:\/\/xenonkungen.com\/produkt\/infallnadspaket-luxtar-twilight-black-2\/#primaryimage"},"thumbnailUrl":"https:\/\/xenonkungen.com\/wp-content\/uploads\/2025\/10\/216087107-origpic-70be2d-1-1.webp","datePublished":"2025-12-18T10:27:28+00:00","dateModified":"2026-04-17T15:21:51+00:00","breadcrumb":{"@id":"https:\/\/xenonkungen.com\/produkt\/infallnadspaket-luxtar-twilight-black-2\/#breadcrumb"},"inLanguage":"es","potentialAction":[{"@type":"ReadAction","target":["https:\/\/xenonkungen.com\/produkt\/infallnadspaket-luxtar-twilight-black-2\/"]}]},{"@type":"ImageObject","inLanguage":"es","@id":"https:\/\/xenonkungen.com\/produkt\/infallnadspaket-luxtar-twilight-black-2\/#primaryimage","url":"https:\/\/xenonkungen.com\/wp-content\/uploads\/2025\/10\/216087107-origpic-70be2d-1-1.webp","contentUrl":"https:\/\/xenonkungen.com\/wp-content\/uploads\/2025\/10\/216087107-origpic-70be2d-1-1.webp","width":1920,"height":1103},{"@type":"BreadcrumbList","@id":"https:\/\/xenonkungen.com\/produkt\/infallnadspaket-luxtar-twilight-black-2\/#breadcrumb","itemListElement":[{"@type":"ListItem","position":1,"name":"Hem","item":"https:\/\/xenonkungen.com\/"},{"@type":"ListItem","position":2,"name":"Shop","item":"https:\/\/xenonkungen.com\/shop\/"},{"@type":"ListItem","position":3,"name":"Inf\u00e4llnadspaket Luxtar Twilight >>Black"}]},{"@type":"WebSite","@id":"https:\/\/xenonkungen.com\/#website","url":"https:\/\/xenonkungen.com\/","name":"Xenonkungen","description":"","potentialAction":[{"@type":"SearchAction","target":{"@type":"EntryPoint","urlTemplate":"https:\/\/xenonkungen.com\/?s={search_term_string}"},"query-input":{"@type":"PropertyValueSpecification","valueRequired":true,"valueName":"search_term_string"}}],"inLanguage":"es"}]}},"taxonomy_info":{"product_cat":[{"value":16,"label":"Uncategorized"}]},"featured_image_src_large":["https:\/\/xenonkungen.com\/wp-content\/uploads\/2025\/10\/216087107-origpic-70be2d-1-1-1024x588.webp",1024,588,true],"author_info":[],"comment_info":0,"_links":{"self":[{"href":"https:\/\/xenonkungen.com\/es\/wp-json\/wp\/v2\/product\/21277","targetHints":{"allow":["GET"]}}],"collection":[{"href":"https:\/\/xenonkungen.com\/es\/wp-json\/wp\/v2\/product"}],"about":[{"href":"https:\/\/xenonkungen.com\/es\/wp-json\/wp\/v2\/types\/product"}],"replies":[{"embeddable":true,"href":"https:\/\/xenonkungen.com\/es\/wp-json\/wp\/v2\/comments?post=21277"}],"wp:featuredmedia":[{"embeddable":true,"href":"https:\/\/xenonkungen.com\/es\/wp-json\/wp\/v2\/media\/15098"}],"wp:attachment":[{"href":"https:\/\/xenonkungen.com\/es\/wp-json\/wp\/v2\/media?parent=21277"}],"wp:term":[{"taxonomy":"anvandningsomrade","embeddable":true,"href":"https:\/\/xenonkungen.com\/es\/wp-json\/wp\/v2\/anvandningsomrade?post=21277"},{"taxonomy":"bilmarken","embeddable":true,"href":"https:\/\/xenonkungen.com\/es\/wp-json\/wp\/v2\/bilmarken?post=21277"},{"taxonomy":"product_brand","embeddable":true,"href":"https:\/\/xenonkungen.com\/es\/wp-json\/wp\/v2\/product_brand?post=21277"},{"taxonomy":"product_cat","embeddable":true,"href":"https:\/\/xenonkungen.com\/es\/wp-json\/wp\/v2\/product_cat?post=21277"},{"taxonomy":"product_tag","embeddable":true,"href":"https:\/\/xenonkungen.com\/es\/wp-json\/wp\/v2\/product_tag?post=21277"}],"curies":[{"name":"wp","href":"https:\/\/api.w.org\/{rel}","templated":true}]}}