{"id":2134,"date":"2025-04-15T08:33:25","date_gmt":"2025-04-15T08:33:25","guid":{"rendered":"https:\/\/xenonkungen.com\/product\/ba15s1156-30smd-12-24v-vit\/"},"modified":"2026-04-17T12:04:59","modified_gmt":"2026-04-17T11:04:59","slug":"ba15s1156-30smd-12-24v-blanco","status":"publish","type":"product","link":"https:\/\/xenonkungen.com\/es\/producto\/ba15s1156-30smd-12-24v-blanco\/","title":{"rendered":"BA15S|1156 30SMD 12-24V Blanco"},"content":{"rendered":"<p>L\u00e1mpara de diodo blanca BA15S de 1 pin que puede reemplazar la l\u00e1mpara incandescente P21W y otras.<br \/>\nEsta l\u00e1mpara de calidad es segura para picos de corriente de hasta 32 V y dispone de regulaci\u00f3n de corriente constante.<\/p>\n<p>El resultado es una l\u00e1mpara de diodos asequible, de gran calidad y fabricaci\u00f3n y no comparable a otras l\u00e1mparas similares del mercado.<\/p>\n<p><strong>\u00a1Atenci\u00f3n!<\/strong> Para obtener los mejores resultados, elija siempre el mismo color de LED que la lente, por ejemplo, LED rojo para lente roja.<\/p>","protected":false},"excerpt":{"rendered":"<p>Pedestal<br \/>\nBA15S | P21W | 1156<\/p>\n<p>Canbus<br \/>\nNo, 3,2 W<\/p>\n<p>Lumen<br \/>\n380 l\u00famenes<\/p>\n<p>Temperatura de color<br \/>\n6500K<\/p>\n<p>Multivolt<br \/>\n9-30 V CC<\/p>\n<p>Garant\u00eda<br \/>\n2 a\u00f1os<\/p>\n<p>Contenido de la entrega<br \/>\nSe suministran por pares<\/p>","protected":false},"featured_media":2135,"comment_status":"closed","ping_status":"closed","template":"","meta":{"_acf_changed":false,"_smort_price_nok":"245","_smort_price_dkk":"155","_smort_price_eur":"20.82","_smort_sale_price_nok":"","_smort_sale_price_dkk":"","_smort_sale_price_eur":"","smort_restorder":"","shipmondo_restorder":"","_kad_blocks_custom_css":"","_kad_blocks_head_custom_js":"","_kad_blocks_body_custom_js":"","_kad_blocks_footer_custom_js":"","smort_custom_pricelist_1":"146.56","smort_custom_pricelist_2":"128.24","smort_custom_pricelist_3":"121.83","smort_custom_pricelist_4":"183.2","smort_custom_pricelist_5":"126"},"anvandningsomrade":[],"bilmarken":[],"product_brand":[117],"product_cat":[2515,2516,338],"product_tag":[],"class_list":{"0":"post-2134","1":"product","2":"type-product","3":"status-publish","4":"has-post-thumbnail","6":"product_brand-xenonkungen","7":"product_cat-ba15s","8":"product_cat-p21w","9":"product_cat-diodlampor","10":"pa_faktisk-effekts-forbrukning-751","11":"pa_fargtemperatur-6500k","12":"pa_lampsockel-kontakt-ba15s-p21w-1156","13":"pa_led-chips-effekt-w-749","14":"pa_ljusspridning-grader-752","15":"pa_storlek-mm-38x18","16":"pa_volt-v-12-24","18":"first","19":"instock","20":"taxable","21":"shipping-taxable","22":"purchasable","23":"product-type-simple"},"bundled_by":[],"bundle_stock_status":"instock","bundle_stock_quantity":262,"bundle_virtual":false,"bundle_layout":"","bundle_add_to_cart_form_location":"","bundle_editable_in_cart":false,"bundle_sold_individually_context":"","bundle_item_grouping":"","bundle_min_size":"","bundle_max_size":"","bundle_price":[],"bundled_items":[],"bundle_sell_ids":[],"acf":[],"yoast_head":"<!-- This site is optimized with the Yoast SEO plugin v27.0 - https:\/\/yoast.com\/product\/yoast-seo-wordpress\/ -->\n<title>BA15S|1156 30SMD 12-24V Vit - Xenonkungen<\/title>\n<meta name=\"robots\" content=\"index, follow, max-snippet:-1, max-image-preview:large, max-video-preview:-1\" \/>\n<link rel=\"canonical\" href=\"https:\/\/xenonkungen.com\/es\/producto\/ba15s1156-30smd-12-24v-blanco\/\" \/>\n<meta property=\"og:locale\" content=\"es_ES\" \/>\n<meta property=\"og:type\" content=\"article\" \/>\n<meta property=\"og:title\" content=\"BA15S|1156 30SMD 12-24V Vit - Xenonkungen\" \/>\n<meta property=\"og:description\" content=\"Sockel BA15S | P21W | 1156  Canbus Nej, 3,2W  Lumen 380 Lumen  F\u00e4rgtemperatur 6500K  Multivolt 9-30VDC  Garanti 2 \u00e5r  Leveransinneh\u00e5ll Levereras parvis\" \/>\n<meta property=\"og:url\" content=\"https:\/\/xenonkungen.com\/es\/producto\/ba15s1156-30smd-12-24v-blanco\/\" \/>\n<meta property=\"og:site_name\" content=\"Xenonkungen\" \/>\n<meta property=\"article:modified_time\" content=\"2026-04-17T11:04:59+00:00\" \/>\n<meta property=\"og:image\" content=\"https:\/\/xenonkungen.com\/wp-content\/uploads\/2025\/04\/22364472-origpic-0e8cad.png\" \/>\n\t<meta property=\"og:image:width\" content=\"1000\" \/>\n\t<meta property=\"og:image:height\" content=\"1000\" \/>\n\t<meta property=\"og:image:type\" content=\"image\/png\" \/>\n<meta name=\"twitter:card\" content=\"summary_large_image\" \/>\n<meta name=\"twitter:label1\" content=\"Tiempo de lectura\" \/>\n\t<meta name=\"twitter:data1\" content=\"1 minuto\" \/>\n<script type=\"application\/ld+json\" class=\"yoast-schema-graph\">{\"@context\":\"https:\/\/schema.org\",\"@graph\":[{\"@type\":\"WebPage\",\"@id\":\"https:\/\/xenonkungen.com\/produkt\/ba15s1156-30smd-12-24v-vit\/\",\"url\":\"https:\/\/xenonkungen.com\/produkt\/ba15s1156-30smd-12-24v-vit\/\",\"name\":\"BA15S|1156 30SMD 12-24V Vit - Xenonkungen\",\"isPartOf\":{\"@id\":\"https:\/\/xenonkungen.com\/#website\"},\"primaryImageOfPage\":{\"@id\":\"https:\/\/xenonkungen.com\/produkt\/ba15s1156-30smd-12-24v-vit\/#primaryimage\"},\"image\":{\"@id\":\"https:\/\/xenonkungen.com\/produkt\/ba15s1156-30smd-12-24v-vit\/#primaryimage\"},\"thumbnailUrl\":\"https:\/\/xenonkungen.com\/wp-content\/uploads\/2025\/04\/22364472-origpic-0e8cad.png\",\"datePublished\":\"2025-04-15T08:33:25+00:00\",\"dateModified\":\"2026-04-17T11:04:59+00:00\",\"breadcrumb\":{\"@id\":\"https:\/\/xenonkungen.com\/produkt\/ba15s1156-30smd-12-24v-vit\/#breadcrumb\"},\"inLanguage\":\"es\",\"potentialAction\":[{\"@type\":\"ReadAction\",\"target\":[\"https:\/\/xenonkungen.com\/produkt\/ba15s1156-30smd-12-24v-vit\/\"]}]},{\"@type\":\"ImageObject\",\"inLanguage\":\"es\",\"@id\":\"https:\/\/xenonkungen.com\/produkt\/ba15s1156-30smd-12-24v-vit\/#primaryimage\",\"url\":\"https:\/\/xenonkungen.com\/wp-content\/uploads\/2025\/04\/22364472-origpic-0e8cad.png\",\"contentUrl\":\"https:\/\/xenonkungen.com\/wp-content\/uploads\/2025\/04\/22364472-origpic-0e8cad.png\",\"width\":1000,\"height\":1000},{\"@type\":\"BreadcrumbList\",\"@id\":\"https:\/\/xenonkungen.com\/produkt\/ba15s1156-30smd-12-24v-vit\/#breadcrumb\",\"itemListElement\":[{\"@type\":\"ListItem\",\"position\":1,\"name\":\"Hem\",\"item\":\"https:\/\/xenonkungen.com\/\"},{\"@type\":\"ListItem\",\"position\":2,\"name\":\"Shop\",\"item\":\"https:\/\/xenonkungen.com\/shop\/\"},{\"@type\":\"ListItem\",\"position\":3,\"name\":\"BA15S|1156 30SMD 12-24V Vit\"}]},{\"@type\":\"WebSite\",\"@id\":\"https:\/\/xenonkungen.com\/#website\",\"url\":\"https:\/\/xenonkungen.com\/\",\"name\":\"Xenonkungen\",\"description\":\"\",\"potentialAction\":[{\"@type\":\"SearchAction\",\"target\":{\"@type\":\"EntryPoint\",\"urlTemplate\":\"https:\/\/xenonkungen.com\/?s={search_term_string}\"},\"query-input\":{\"@type\":\"PropertyValueSpecification\",\"valueRequired\":true,\"valueName\":\"search_term_string\"}}],\"inLanguage\":\"es\"}]}<\/script>\n<!-- \/ Yoast SEO plugin. -->","yoast_head_json":{"title":"BA15S|1156 30SMD 12-24V Blanco - El Rey del Xen\u00f3n","robots":{"index":"index","follow":"follow","max-snippet":"max-snippet:-1","max-image-preview":"max-image-preview:large","max-video-preview":"max-video-preview:-1"},"canonical":"https:\/\/xenonkungen.com\/es\/producto\/ba15s1156-30smd-12-24v-blanco\/","og_locale":"es_ES","og_type":"article","og_title":"BA15S|1156 30SMD 12-24V Vit - Xenonkungen","og_description":"Sockel BA15S | P21W | 1156  Canbus Nej, 3,2W  Lumen 380 Lumen  F\u00e4rgtemperatur 6500K  Multivolt 9-30VDC  Garanti 2 \u00e5r  Leveransinneh\u00e5ll Levereras parvis","og_url":"https:\/\/xenonkungen.com\/es\/producto\/ba15s1156-30smd-12-24v-blanco\/","og_site_name":"Xenonkungen","article_modified_time":"2026-04-17T11:04:59+00:00","og_image":[{"width":1000,"height":1000,"url":"https:\/\/xenonkungen.com\/wp-content\/uploads\/2025\/04\/22364472-origpic-0e8cad.png","type":"image\/png"}],"twitter_card":"summary_large_image","twitter_misc":{"Tiempo de lectura":"1 minuto"},"schema":{"@context":"https:\/\/schema.org","@graph":[{"@type":"WebPage","@id":"https:\/\/xenonkungen.com\/produkt\/ba15s1156-30smd-12-24v-vit\/","url":"https:\/\/xenonkungen.com\/produkt\/ba15s1156-30smd-12-24v-vit\/","name":"BA15S|1156 30SMD 12-24V Blanco - El Rey del Xen\u00f3n","isPartOf":{"@id":"https:\/\/xenonkungen.com\/#website"},"primaryImageOfPage":{"@id":"https:\/\/xenonkungen.com\/produkt\/ba15s1156-30smd-12-24v-vit\/#primaryimage"},"image":{"@id":"https:\/\/xenonkungen.com\/produkt\/ba15s1156-30smd-12-24v-vit\/#primaryimage"},"thumbnailUrl":"https:\/\/xenonkungen.com\/wp-content\/uploads\/2025\/04\/22364472-origpic-0e8cad.png","datePublished":"2025-04-15T08:33:25+00:00","dateModified":"2026-04-17T11:04:59+00:00","breadcrumb":{"@id":"https:\/\/xenonkungen.com\/produkt\/ba15s1156-30smd-12-24v-vit\/#breadcrumb"},"inLanguage":"es","potentialAction":[{"@type":"ReadAction","target":["https:\/\/xenonkungen.com\/produkt\/ba15s1156-30smd-12-24v-vit\/"]}]},{"@type":"ImageObject","inLanguage":"es","@id":"https:\/\/xenonkungen.com\/produkt\/ba15s1156-30smd-12-24v-vit\/#primaryimage","url":"https:\/\/xenonkungen.com\/wp-content\/uploads\/2025\/04\/22364472-origpic-0e8cad.png","contentUrl":"https:\/\/xenonkungen.com\/wp-content\/uploads\/2025\/04\/22364472-origpic-0e8cad.png","width":1000,"height":1000},{"@type":"BreadcrumbList","@id":"https:\/\/xenonkungen.com\/produkt\/ba15s1156-30smd-12-24v-vit\/#breadcrumb","itemListElement":[{"@type":"ListItem","position":1,"name":"Hem","item":"https:\/\/xenonkungen.com\/"},{"@type":"ListItem","position":2,"name":"Shop","item":"https:\/\/xenonkungen.com\/shop\/"},{"@type":"ListItem","position":3,"name":"BA15S|1156 30SMD 12-24V Vit"}]},{"@type":"WebSite","@id":"https:\/\/xenonkungen.com\/#website","url":"https:\/\/xenonkungen.com\/","name":"Xenonkungen","description":"","potentialAction":[{"@type":"SearchAction","target":{"@type":"EntryPoint","urlTemplate":"https:\/\/xenonkungen.com\/?s={search_term_string}"},"query-input":{"@type":"PropertyValueSpecification","valueRequired":true,"valueName":"search_term_string"}}],"inLanguage":"es"}]}},"taxonomy_info":{"product_brand":[{"value":117,"label":"Xenonkungen"}],"product_cat":[{"value":2515,"label":"BA15S"},{"value":2516,"label":"P21W"},{"value":338,"label":"Diodlampor"}],"pa_faktisk-effekts-forbrukning":[{"value":751,"label":"3,9"}],"pa_fargtemperatur":[{"value":353,"label":"6500K"}],"pa_lampsockel-kontakt":[{"value":750,"label":"BA15S, P21W, 1156"}],"pa_led-chips-effekt-w":[{"value":749,"label":"21"}],"pa_ljusspridning-grader":[{"value":752,"label":"270"}],"pa_storlek-mm":[{"value":744,"label":"38x18"}],"pa_volt-v":[{"value":348,"label":"12, 24"}]},"featured_image_src_large":["https:\/\/xenonkungen.com\/wp-content\/uploads\/2025\/04\/22364472-origpic-0e8cad.png",1000,1000,false],"author_info":[],"comment_info":0,"_links":{"self":[{"href":"https:\/\/xenonkungen.com\/es\/wp-json\/wp\/v2\/product\/2134","targetHints":{"allow":["GET"]}}],"collection":[{"href":"https:\/\/xenonkungen.com\/es\/wp-json\/wp\/v2\/product"}],"about":[{"href":"https:\/\/xenonkungen.com\/es\/wp-json\/wp\/v2\/types\/product"}],"replies":[{"embeddable":true,"href":"https:\/\/xenonkungen.com\/es\/wp-json\/wp\/v2\/comments?post=2134"}],"wp:featuredmedia":[{"embeddable":true,"href":"https:\/\/xenonkungen.com\/es\/wp-json\/wp\/v2\/media\/2135"}],"wp:attachment":[{"href":"https:\/\/xenonkungen.com\/es\/wp-json\/wp\/v2\/media?parent=2134"}],"wp:term":[{"taxonomy":"anvandningsomrade","embeddable":true,"href":"https:\/\/xenonkungen.com\/es\/wp-json\/wp\/v2\/anvandningsomrade?post=2134"},{"taxonomy":"bilmarken","embeddable":true,"href":"https:\/\/xenonkungen.com\/es\/wp-json\/wp\/v2\/bilmarken?post=2134"},{"taxonomy":"product_brand","embeddable":true,"href":"https:\/\/xenonkungen.com\/es\/wp-json\/wp\/v2\/product_brand?post=2134"},{"taxonomy":"product_cat","embeddable":true,"href":"https:\/\/xenonkungen.com\/es\/wp-json\/wp\/v2\/product_cat?post=2134"},{"taxonomy":"product_tag","embeddable":true,"href":"https:\/\/xenonkungen.com\/es\/wp-json\/wp\/v2\/product_tag?post=2134"}],"curies":[{"name":"wp","href":"https:\/\/api.w.org\/{rel}","templated":true}]}}