{"id":2199,"date":"2025-04-15T08:34:04","date_gmt":"2025-04-15T08:34:04","guid":{"rendered":"https:\/\/xenonkungen.com\/product\/d2s-6000k-xenonlampor-xenonkungen\/"},"modified":"2026-05-08T15:39:46","modified_gmt":"2026-05-08T14:39:46","slug":"lamparas-de-xenon-d2s-6000k-el-rey-del-xenon","status":"publish","type":"product","link":"https:\/\/xenonkungen.com\/es\/producto\/lamparas-de-xenon-d2s-6000k-el-rey-del-xenon\/","title":{"rendered":"L\u00e1mparas de xen\u00f3n D2S 6000K Xenon Heads\u00ae."},"content":{"rendered":"<p>Bombilla de xen\u00f3n original Xenon King D2S asequible para reemplazo.<\/p>\n<p>La Xenon King D2S 6000K no tiene marca E debido a su color de luz, pero tiene la misma calidad b\u00e1sica que nuestras alternativas de color aprobadas.<br \/><strong>6000K<\/strong> Blanco diamante = 2400 lm<\/p>\n<p><em>Una bombilla de xen\u00f3n cambia a lo largo de su vida tanto de color como de intensidad. Si sus bombillas actuales se han vuelto rosas, la intensidad se ha reducido casi a la mitad. Recomendamos sustituirlas despu\u00e9s de 5 a\u00f1os\/8000 millas.<\/em><\/p>\n<p><strong>D2S<\/strong> = para faros con lente de proyector, por ejemplo, algunos BMW, Audi y Mercedes m\u00e1s nuevos, etc.<\/p>\n<p><strong>\u00a1Atenci\u00f3n!<\/strong> <em>El manual de instrucciones del coche puede indicar un tipo de l\u00e1mpara incorrecto. Lo m\u00e1s seguro es identificar la l\u00e1mpara directamente en el coche. Compare tambi\u00e9n con la gu\u00eda de l\u00e1mparas Osram.<\/em><\/p>\n<p>2 a\u00f1os de garant\u00eda.<\/p>","protected":false},"excerpt":{"rendered":"<p>Prisv\u00e4rda Xenonkungen D2S original xenonlampa f\u00f6r utbyte. Xenonkungen D2S 6000K \u00e4r ej E-m\u00e4rkt pga. dess ljusf\u00e4rg men har samma grundkvalitet som v\u00e5ra godk\u00e4nda f\u00e4rgalternativ.6000K Diamond White = 2400lm En xenonlampa f\u00f6r\u00e4ndras \u00f6ver livstiden i b\u00e5de f\u00e4rg och styrka. Om dina nuvarande lampor f\u00e5tt en rosa ton \u00e4r styrkan n\u00e4rmast halverad. Vi rekommenderar byte efter 5 [&hellip;]<\/p>","protected":false},"featured_media":2200,"comment_status":"closed","ping_status":"open","template":"","meta":{"_acf_changed":false,"_smort_price_nok":"373","_smort_price_dkk":"237","_smort_price_eur":"31.73","_smort_sale_price_nok":"","_smort_sale_price_dkk":"","_smort_sale_price_eur":"23.79","smort_restorder":"","shipmondo_restorder":"","_kad_blocks_custom_css":"","_kad_blocks_head_custom_js":"","_kad_blocks_body_custom_js":"","_kad_blocks_footer_custom_js":"","smort_custom_pricelist_1":"195.44","smort_custom_pricelist_2":"195.44","smort_custom_pricelist_3":"185.67","smort_custom_pricelist_4":"279.2","smort_custom_pricelist_5":"195.44"},"anvandningsomrade":[],"bilmarken":[],"product_brand":[],"product_cat":[2483,733],"product_tag":[],"class_list":{"0":"post-2199","1":"product","2":"type-product","3":"status-publish","4":"has-post-thumbnail","6":"product_cat-xenon","7":"product_cat-halvljus-helljus","8":"pa_fargtemperatur-6000k","9":"pa_lampsockel-kontakt-d2s","10":"pa_volt-v-12-24","12":"first","13":"instock","14":"taxable","15":"shipping-taxable","16":"purchasable","17":"product-type-simple"},"bundled_by":[],"bundle_stock_status":"instock","bundle_stock_quantity":132,"bundle_virtual":false,"bundle_layout":"","bundle_add_to_cart_form_location":"","bundle_editable_in_cart":false,"bundle_sold_individually_context":"","bundle_item_grouping":"","bundle_min_size":"","bundle_max_size":"","bundle_price":[],"bundled_items":[],"bundle_sell_ids":[],"acf":[],"yoast_head":"<!-- This site is optimized with the Yoast SEO plugin v27.0 - https:\/\/yoast.com\/product\/yoast-seo-wordpress\/ -->\n<title>D2S 6000K Xenonlampor Xenonkungen\u00ae - Xenonkungen<\/title>\n<meta name=\"robots\" content=\"index, follow, max-snippet:-1, max-image-preview:large, max-video-preview:-1\" \/>\n<link rel=\"canonical\" href=\"https:\/\/xenonkungen.com\/es\/producto\/lamparas-de-xenon-d2s-6000k-el-rey-del-xenon\/\" \/>\n<meta property=\"og:locale\" content=\"es_ES\" \/>\n<meta property=\"og:type\" content=\"article\" \/>\n<meta property=\"og:title\" content=\"D2S 6000K Xenonlampor Xenonkungen\u00ae - Xenonkungen\" \/>\n<meta property=\"og:description\" content=\"Prisv\u00e4rda Xenonkungen D2S original xenonlampa f\u00f6r utbyte. Xenonkungen D2S 6000K \u00e4r ej E-m\u00e4rkt pga. dess ljusf\u00e4rg men har samma grundkvalitet som v\u00e5ra godk\u00e4nda f\u00e4rgalternativ.6000K Diamond White = 2400lm En xenonlampa f\u00f6r\u00e4ndras \u00f6ver livstiden i b\u00e5de f\u00e4rg och styrka. Om dina nuvarande lampor f\u00e5tt en rosa ton \u00e4r styrkan n\u00e4rmast halverad. Vi rekommenderar byte efter 5 [&hellip;]\" \/>\n<meta property=\"og:url\" content=\"https:\/\/xenonkungen.com\/es\/producto\/lamparas-de-xenon-d2s-6000k-el-rey-del-xenon\/\" \/>\n<meta property=\"og:site_name\" content=\"Xenonkungen\" \/>\n<meta property=\"article:modified_time\" content=\"2026-05-08T14:39:46+00:00\" \/>\n<meta property=\"og:image\" content=\"https:\/\/xenonkungen.com\/wp-content\/uploads\/2025\/04\/167048901-origpic-01fbaf.png\" \/>\n\t<meta property=\"og:image:width\" content=\"1000\" \/>\n\t<meta property=\"og:image:height\" content=\"1000\" \/>\n\t<meta property=\"og:image:type\" content=\"image\/png\" \/>\n<meta name=\"twitter:card\" content=\"summary_large_image\" \/>\n<meta name=\"twitter:label1\" content=\"Tiempo de lectura\" \/>\n\t<meta name=\"twitter:data1\" content=\"1 minuto\" \/>\n<script type=\"application\/ld+json\" class=\"yoast-schema-graph\">{\"@context\":\"https:\/\/schema.org\",\"@graph\":[{\"@type\":\"WebPage\",\"@id\":\"https:\/\/xenonkungen.com\/produkt\/d2s-6000k-xenonlampor-xenonkungen\/\",\"url\":\"https:\/\/xenonkungen.com\/produkt\/d2s-6000k-xenonlampor-xenonkungen\/\",\"name\":\"D2S 6000K Xenonlampor Xenonkungen\u00ae - Xenonkungen\",\"isPartOf\":{\"@id\":\"https:\/\/xenonkungen.com\/#website\"},\"primaryImageOfPage\":{\"@id\":\"https:\/\/xenonkungen.com\/produkt\/d2s-6000k-xenonlampor-xenonkungen\/#primaryimage\"},\"image\":{\"@id\":\"https:\/\/xenonkungen.com\/produkt\/d2s-6000k-xenonlampor-xenonkungen\/#primaryimage\"},\"thumbnailUrl\":\"https:\/\/xenonkungen.com\/wp-content\/uploads\/2025\/04\/167048901-origpic-01fbaf.png\",\"datePublished\":\"2025-04-15T08:34:04+00:00\",\"dateModified\":\"2026-05-08T14:39:46+00:00\",\"breadcrumb\":{\"@id\":\"https:\/\/xenonkungen.com\/produkt\/d2s-6000k-xenonlampor-xenonkungen\/#breadcrumb\"},\"inLanguage\":\"es\",\"potentialAction\":[{\"@type\":\"ReadAction\",\"target\":[\"https:\/\/xenonkungen.com\/produkt\/d2s-6000k-xenonlampor-xenonkungen\/\"]}]},{\"@type\":\"ImageObject\",\"inLanguage\":\"es\",\"@id\":\"https:\/\/xenonkungen.com\/produkt\/d2s-6000k-xenonlampor-xenonkungen\/#primaryimage\",\"url\":\"https:\/\/xenonkungen.com\/wp-content\/uploads\/2025\/04\/167048901-origpic-01fbaf.png\",\"contentUrl\":\"https:\/\/xenonkungen.com\/wp-content\/uploads\/2025\/04\/167048901-origpic-01fbaf.png\",\"width\":1000,\"height\":1000},{\"@type\":\"BreadcrumbList\",\"@id\":\"https:\/\/xenonkungen.com\/produkt\/d2s-6000k-xenonlampor-xenonkungen\/#breadcrumb\",\"itemListElement\":[{\"@type\":\"ListItem\",\"position\":1,\"name\":\"Hem\",\"item\":\"https:\/\/xenonkungen.com\/\"},{\"@type\":\"ListItem\",\"position\":2,\"name\":\"Shop\",\"item\":\"https:\/\/xenonkungen.com\/shop\/\"},{\"@type\":\"ListItem\",\"position\":3,\"name\":\"D2S 6000K Xenonlampor Xenonkungen\u00ae\"}]},{\"@type\":\"WebSite\",\"@id\":\"https:\/\/xenonkungen.com\/#website\",\"url\":\"https:\/\/xenonkungen.com\/\",\"name\":\"Xenonkungen\",\"description\":\"\",\"potentialAction\":[{\"@type\":\"SearchAction\",\"target\":{\"@type\":\"EntryPoint\",\"urlTemplate\":\"https:\/\/xenonkungen.com\/?s={search_term_string}\"},\"query-input\":{\"@type\":\"PropertyValueSpecification\",\"valueRequired\":true,\"valueName\":\"search_term_string\"}}],\"inLanguage\":\"es\"}]}<\/script>\n<!-- \/ Yoast SEO plugin. -->","yoast_head_json":{"title":"L\u00e1mparas de xen\u00f3n D2S 6000K El rey del xen\u00f3n\u00ae - El rey del xen\u00f3n","robots":{"index":"index","follow":"follow","max-snippet":"max-snippet:-1","max-image-preview":"max-image-preview:large","max-video-preview":"max-video-preview:-1"},"canonical":"https:\/\/xenonkungen.com\/es\/producto\/lamparas-de-xenon-d2s-6000k-el-rey-del-xenon\/","og_locale":"es_ES","og_type":"article","og_title":"D2S 6000K Xenonlampor Xenonkungen\u00ae - Xenonkungen","og_description":"Prisv\u00e4rda Xenonkungen D2S original xenonlampa f\u00f6r utbyte. Xenonkungen D2S 6000K \u00e4r ej E-m\u00e4rkt pga. dess ljusf\u00e4rg men har samma grundkvalitet som v\u00e5ra godk\u00e4nda f\u00e4rgalternativ.6000K Diamond White = 2400lm En xenonlampa f\u00f6r\u00e4ndras \u00f6ver livstiden i b\u00e5de f\u00e4rg och styrka. Om dina nuvarande lampor f\u00e5tt en rosa ton \u00e4r styrkan n\u00e4rmast halverad. Vi rekommenderar byte efter 5 [&hellip;]","og_url":"https:\/\/xenonkungen.com\/es\/producto\/lamparas-de-xenon-d2s-6000k-el-rey-del-xenon\/","og_site_name":"Xenonkungen","article_modified_time":"2026-05-08T14:39:46+00:00","og_image":[{"width":1000,"height":1000,"url":"https:\/\/xenonkungen.com\/wp-content\/uploads\/2025\/04\/167048901-origpic-01fbaf.png","type":"image\/png"}],"twitter_card":"summary_large_image","twitter_misc":{"Tiempo de lectura":"1 minuto"},"schema":{"@context":"https:\/\/schema.org","@graph":[{"@type":"WebPage","@id":"https:\/\/xenonkungen.com\/produkt\/d2s-6000k-xenonlampor-xenonkungen\/","url":"https:\/\/xenonkungen.com\/produkt\/d2s-6000k-xenonlampor-xenonkungen\/","name":"L\u00e1mparas de xen\u00f3n D2S 6000K El rey del xen\u00f3n\u00ae - El rey del xen\u00f3n","isPartOf":{"@id":"https:\/\/xenonkungen.com\/#website"},"primaryImageOfPage":{"@id":"https:\/\/xenonkungen.com\/produkt\/d2s-6000k-xenonlampor-xenonkungen\/#primaryimage"},"image":{"@id":"https:\/\/xenonkungen.com\/produkt\/d2s-6000k-xenonlampor-xenonkungen\/#primaryimage"},"thumbnailUrl":"https:\/\/xenonkungen.com\/wp-content\/uploads\/2025\/04\/167048901-origpic-01fbaf.png","datePublished":"2025-04-15T08:34:04+00:00","dateModified":"2026-05-08T14:39:46+00:00","breadcrumb":{"@id":"https:\/\/xenonkungen.com\/produkt\/d2s-6000k-xenonlampor-xenonkungen\/#breadcrumb"},"inLanguage":"es","potentialAction":[{"@type":"ReadAction","target":["https:\/\/xenonkungen.com\/produkt\/d2s-6000k-xenonlampor-xenonkungen\/"]}]},{"@type":"ImageObject","inLanguage":"es","@id":"https:\/\/xenonkungen.com\/produkt\/d2s-6000k-xenonlampor-xenonkungen\/#primaryimage","url":"https:\/\/xenonkungen.com\/wp-content\/uploads\/2025\/04\/167048901-origpic-01fbaf.png","contentUrl":"https:\/\/xenonkungen.com\/wp-content\/uploads\/2025\/04\/167048901-origpic-01fbaf.png","width":1000,"height":1000},{"@type":"BreadcrumbList","@id":"https:\/\/xenonkungen.com\/produkt\/d2s-6000k-xenonlampor-xenonkungen\/#breadcrumb","itemListElement":[{"@type":"ListItem","position":1,"name":"Hem","item":"https:\/\/xenonkungen.com\/"},{"@type":"ListItem","position":2,"name":"Shop","item":"https:\/\/xenonkungen.com\/shop\/"},{"@type":"ListItem","position":3,"name":"D2S 6000K Xenonlampor Xenonkungen\u00ae"}]},{"@type":"WebSite","@id":"https:\/\/xenonkungen.com\/#website","url":"https:\/\/xenonkungen.com\/","name":"Xenonkungen","description":"","potentialAction":[{"@type":"SearchAction","target":{"@type":"EntryPoint","urlTemplate":"https:\/\/xenonkungen.com\/?s={search_term_string}"},"query-input":{"@type":"PropertyValueSpecification","valueRequired":true,"valueName":"search_term_string"}}],"inLanguage":"es"}]}},"taxonomy_info":{"product_cat":[{"value":2483,"label":"Xenon"},{"value":733,"label":"Halvljus \/ Helljus"}],"pa_fargtemperatur":[{"value":188,"label":"6000K"}],"pa_lampsockel-kontakt":[{"value":760,"label":"D2S"}],"pa_volt-v":[{"value":348,"label":"12, 24"}]},"featured_image_src_large":["https:\/\/xenonkungen.com\/wp-content\/uploads\/2025\/04\/167048901-origpic-01fbaf.png",1000,1000,false],"author_info":[],"comment_info":1,"_links":{"self":[{"href":"https:\/\/xenonkungen.com\/es\/wp-json\/wp\/v2\/product\/2199","targetHints":{"allow":["GET"]}}],"collection":[{"href":"https:\/\/xenonkungen.com\/es\/wp-json\/wp\/v2\/product"}],"about":[{"href":"https:\/\/xenonkungen.com\/es\/wp-json\/wp\/v2\/types\/product"}],"replies":[{"embeddable":true,"href":"https:\/\/xenonkungen.com\/es\/wp-json\/wp\/v2\/comments?post=2199"}],"wp:featuredmedia":[{"embeddable":true,"href":"https:\/\/xenonkungen.com\/es\/wp-json\/wp\/v2\/media\/2200"}],"wp:attachment":[{"href":"https:\/\/xenonkungen.com\/es\/wp-json\/wp\/v2\/media?parent=2199"}],"wp:term":[{"taxonomy":"anvandningsomrade","embeddable":true,"href":"https:\/\/xenonkungen.com\/es\/wp-json\/wp\/v2\/anvandningsomrade?post=2199"},{"taxonomy":"bilmarken","embeddable":true,"href":"https:\/\/xenonkungen.com\/es\/wp-json\/wp\/v2\/bilmarken?post=2199"},{"taxonomy":"product_brand","embeddable":true,"href":"https:\/\/xenonkungen.com\/es\/wp-json\/wp\/v2\/product_brand?post=2199"},{"taxonomy":"product_cat","embeddable":true,"href":"https:\/\/xenonkungen.com\/es\/wp-json\/wp\/v2\/product_cat?post=2199"},{"taxonomy":"product_tag","embeddable":true,"href":"https:\/\/xenonkungen.com\/es\/wp-json\/wp\/v2\/product_tag?post=2199"}],"curies":[{"name":"wp","href":"https:\/\/api.w.org\/{rel}","templated":true}]}}