{"id":2214,"date":"2025-04-15T08:34:24","date_gmt":"2025-04-15T08:34:24","guid":{"rendered":"https:\/\/xenonkungen.com\/product\/d2r-6000k-xenonlampor-xenonkungen\/"},"modified":"2026-05-08T15:40:06","modified_gmt":"2026-05-08T14:40:06","slug":"lamparas-de-xenon-d2r-6000k-el-rey-del-xenon","status":"publish","type":"product","link":"https:\/\/xenonkungen.com\/es\/producto\/lamparas-de-xenon-d2r-6000k-el-rey-del-xenon\/","title":{"rendered":"L\u00e1mparas de xen\u00f3n D2R 6000K Xenon Heads\u00ae."},"content":{"rendered":"<p>Xenonkungen <strong>D2R 6000K Blanco<\/strong> Bombillas de xen\u00f3n originales para recambio.<\/p>\n<p>6000K Diamond White tiene un color de luz completamente blanco con reflejos azules.<\/p>\n<p>L\u00e1mpara de xen\u00f3n tipo D2R se utiliza en la mayor\u00eda de los modelos de Volvo a\u00f1os 1998-2009 aprox, Mercedes C-. E, Clase S 1995-2002 aprox con varios coches \/ modelos con faros reflectores (falta la lente de proyecci\u00f3n redonda).<\/p>\n<p><em>Una l\u00e1mpara de xen\u00f3n cambia de color y potencia con el tiempo. Si sus l\u00e1mparas actuales han adquirido un tono rosado, su potencia se ha reducido casi a la mitad. Recomendamos reemplazarlas cada 5 a\u00f1os o 8000 km para obtener la mejor iluminaci\u00f3n.<\/em><\/p>\n<p><strong>\u00a1Atenci\u00f3n!<\/strong> <em>El manual de instrucciones del coche puede indicar un tipo de l\u00e1mpara incorrecto. Lo m\u00e1s seguro es identificar la l\u00e1mpara directamente en el coche. Compare tambi\u00e9n con la gu\u00eda de l\u00e1mparas Osram.<\/em><\/p>\n<p>Se venden por pares.<br \/>2 a\u00f1os de garant\u00eda.<\/p>","protected":false},"excerpt":{"rendered":"<p>Xenonkungen D2R 6000K White original xenonlampor f\u00f6r utbyte. 6000K Diamond White har en helvit ljusf\u00e4rg med bl\u00e5 stick i ljuset. Xenonlampa typ D2R anv\u00e4nds i bl.a. flertalet Volvo \u00e5rsmodell 1998-2009 ca, Mercedes C-. E-, S-klass 1995-2002 ca med flera bilar\/modeller med reflektor str\u00e5lkastare (saknar den runda projektionslinsen). En xenonlampa f\u00f6r\u00e4ndras \u00f6ver livstiden i b\u00e5de f\u00e4rg [&hellip;]<\/p>","protected":false},"featured_media":2215,"comment_status":"closed","ping_status":"open","template":"","meta":{"_acf_changed":false,"_smort_price_nok":"373","_smort_price_dkk":"237","_smort_price_eur":"31.73","_smort_sale_price_nok":"","_smort_sale_price_dkk":"","_smort_sale_price_eur":"23.79","smort_restorder":"","shipmondo_restorder":"","_kad_blocks_custom_css":"","_kad_blocks_head_custom_js":"","_kad_blocks_body_custom_js":"","_kad_blocks_footer_custom_js":"","smort_custom_pricelist_1":"195.44","smort_custom_pricelist_2":"195.44","smort_custom_pricelist_3":"185.67","smort_custom_pricelist_4":"279.2","smort_custom_pricelist_5":"195.44"},"anvandningsomrade":[],"bilmarken":[],"product_brand":[],"product_cat":[2483,733],"product_tag":[],"class_list":{"0":"post-2214","1":"product","2":"type-product","3":"status-publish","4":"has-post-thumbnail","6":"product_cat-xenon","7":"product_cat-halvljus-helljus","8":"pa_fargtemperatur-6000k","9":"pa_lampsockel-kontakt-d2r","10":"pa_volt-v-12-24","12":"first","13":"instock","14":"taxable","15":"shipping-taxable","16":"purchasable","17":"product-type-simple"},"bundled_by":[],"bundle_stock_status":"instock","bundle_stock_quantity":81,"bundle_virtual":false,"bundle_layout":"","bundle_add_to_cart_form_location":"","bundle_editable_in_cart":false,"bundle_sold_individually_context":"","bundle_item_grouping":"","bundle_min_size":"","bundle_max_size":"","bundle_price":[],"bundled_items":[],"bundle_sell_ids":[],"acf":[],"yoast_head":"<!-- This site is optimized with the Yoast SEO plugin v27.0 - https:\/\/yoast.com\/product\/yoast-seo-wordpress\/ -->\n<title>D2R 6000K Xenonlampor Xenonkungen\u00ae - Xenonkungen<\/title>\n<meta name=\"robots\" content=\"index, follow, max-snippet:-1, max-image-preview:large, max-video-preview:-1\" \/>\n<link rel=\"canonical\" href=\"https:\/\/xenonkungen.com\/es\/producto\/lamparas-de-xenon-d2r-6000k-el-rey-del-xenon\/\" \/>\n<meta property=\"og:locale\" content=\"es_ES\" \/>\n<meta property=\"og:type\" content=\"article\" \/>\n<meta property=\"og:title\" content=\"D2R 6000K Xenonlampor Xenonkungen\u00ae - Xenonkungen\" \/>\n<meta property=\"og:description\" content=\"Xenonkungen D2R 6000K White original xenonlampor f\u00f6r utbyte. 6000K Diamond White har en helvit ljusf\u00e4rg med bl\u00e5 stick i ljuset. Xenonlampa typ D2R anv\u00e4nds i bl.a. flertalet Volvo \u00e5rsmodell 1998-2009 ca, Mercedes C-. E-, S-klass 1995-2002 ca med flera bilar\/modeller med reflektor str\u00e5lkastare (saknar den runda projektionslinsen). En xenonlampa f\u00f6r\u00e4ndras \u00f6ver livstiden i b\u00e5de f\u00e4rg [&hellip;]\" \/>\n<meta property=\"og:url\" content=\"https:\/\/xenonkungen.com\/es\/producto\/lamparas-de-xenon-d2r-6000k-el-rey-del-xenon\/\" \/>\n<meta property=\"og:site_name\" content=\"Xenonkungen\" \/>\n<meta property=\"article:modified_time\" content=\"2026-05-08T14:40:06+00:00\" \/>\n<meta property=\"og:image\" content=\"https:\/\/xenonkungen.com\/wp-content\/uploads\/2025\/04\/167048963-origpic-c214ff.png\" \/>\n\t<meta property=\"og:image:width\" content=\"1000\" \/>\n\t<meta property=\"og:image:height\" content=\"1000\" \/>\n\t<meta property=\"og:image:type\" content=\"image\/png\" \/>\n<meta name=\"twitter:card\" content=\"summary_large_image\" \/>\n<meta name=\"twitter:label1\" content=\"Tiempo de lectura\" \/>\n\t<meta name=\"twitter:data1\" content=\"1 minuto\" \/>\n<script type=\"application\/ld+json\" class=\"yoast-schema-graph\">{\"@context\":\"https:\/\/schema.org\",\"@graph\":[{\"@type\":\"WebPage\",\"@id\":\"https:\/\/xenonkungen.com\/produkt\/d2r-6000k-xenonlampor-xenonkungen\/\",\"url\":\"https:\/\/xenonkungen.com\/produkt\/d2r-6000k-xenonlampor-xenonkungen\/\",\"name\":\"D2R 6000K Xenonlampor Xenonkungen\u00ae - Xenonkungen\",\"isPartOf\":{\"@id\":\"https:\/\/xenonkungen.com\/#website\"},\"primaryImageOfPage\":{\"@id\":\"https:\/\/xenonkungen.com\/produkt\/d2r-6000k-xenonlampor-xenonkungen\/#primaryimage\"},\"image\":{\"@id\":\"https:\/\/xenonkungen.com\/produkt\/d2r-6000k-xenonlampor-xenonkungen\/#primaryimage\"},\"thumbnailUrl\":\"https:\/\/xenonkungen.com\/wp-content\/uploads\/2025\/04\/167048963-origpic-c214ff.png\",\"datePublished\":\"2025-04-15T08:34:24+00:00\",\"dateModified\":\"2026-05-08T14:40:06+00:00\",\"breadcrumb\":{\"@id\":\"https:\/\/xenonkungen.com\/produkt\/d2r-6000k-xenonlampor-xenonkungen\/#breadcrumb\"},\"inLanguage\":\"es\",\"potentialAction\":[{\"@type\":\"ReadAction\",\"target\":[\"https:\/\/xenonkungen.com\/produkt\/d2r-6000k-xenonlampor-xenonkungen\/\"]}]},{\"@type\":\"ImageObject\",\"inLanguage\":\"es\",\"@id\":\"https:\/\/xenonkungen.com\/produkt\/d2r-6000k-xenonlampor-xenonkungen\/#primaryimage\",\"url\":\"https:\/\/xenonkungen.com\/wp-content\/uploads\/2025\/04\/167048963-origpic-c214ff.png\",\"contentUrl\":\"https:\/\/xenonkungen.com\/wp-content\/uploads\/2025\/04\/167048963-origpic-c214ff.png\",\"width\":1000,\"height\":1000},{\"@type\":\"BreadcrumbList\",\"@id\":\"https:\/\/xenonkungen.com\/produkt\/d2r-6000k-xenonlampor-xenonkungen\/#breadcrumb\",\"itemListElement\":[{\"@type\":\"ListItem\",\"position\":1,\"name\":\"Hem\",\"item\":\"https:\/\/xenonkungen.com\/\"},{\"@type\":\"ListItem\",\"position\":2,\"name\":\"Shop\",\"item\":\"https:\/\/xenonkungen.com\/shop\/\"},{\"@type\":\"ListItem\",\"position\":3,\"name\":\"D2R 6000K Xenonlampor Xenonkungen\u00ae\"}]},{\"@type\":\"WebSite\",\"@id\":\"https:\/\/xenonkungen.com\/#website\",\"url\":\"https:\/\/xenonkungen.com\/\",\"name\":\"Xenonkungen\",\"description\":\"\",\"potentialAction\":[{\"@type\":\"SearchAction\",\"target\":{\"@type\":\"EntryPoint\",\"urlTemplate\":\"https:\/\/xenonkungen.com\/?s={search_term_string}\"},\"query-input\":{\"@type\":\"PropertyValueSpecification\",\"valueRequired\":true,\"valueName\":\"search_term_string\"}}],\"inLanguage\":\"es\"}]}<\/script>\n<!-- \/ Yoast SEO plugin. -->","yoast_head_json":{"title":"L\u00e1mparas de xen\u00f3n D2R 6000K El rey del xen\u00f3n\u00ae - El rey del xen\u00f3n","robots":{"index":"index","follow":"follow","max-snippet":"max-snippet:-1","max-image-preview":"max-image-preview:large","max-video-preview":"max-video-preview:-1"},"canonical":"https:\/\/xenonkungen.com\/es\/producto\/lamparas-de-xenon-d2r-6000k-el-rey-del-xenon\/","og_locale":"es_ES","og_type":"article","og_title":"D2R 6000K Xenonlampor Xenonkungen\u00ae - Xenonkungen","og_description":"Xenonkungen D2R 6000K White original xenonlampor f\u00f6r utbyte. 6000K Diamond White har en helvit ljusf\u00e4rg med bl\u00e5 stick i ljuset. Xenonlampa typ D2R anv\u00e4nds i bl.a. flertalet Volvo \u00e5rsmodell 1998-2009 ca, Mercedes C-. E-, S-klass 1995-2002 ca med flera bilar\/modeller med reflektor str\u00e5lkastare (saknar den runda projektionslinsen). En xenonlampa f\u00f6r\u00e4ndras \u00f6ver livstiden i b\u00e5de f\u00e4rg [&hellip;]","og_url":"https:\/\/xenonkungen.com\/es\/producto\/lamparas-de-xenon-d2r-6000k-el-rey-del-xenon\/","og_site_name":"Xenonkungen","article_modified_time":"2026-05-08T14:40:06+00:00","og_image":[{"width":1000,"height":1000,"url":"https:\/\/xenonkungen.com\/wp-content\/uploads\/2025\/04\/167048963-origpic-c214ff.png","type":"image\/png"}],"twitter_card":"summary_large_image","twitter_misc":{"Tiempo de lectura":"1 minuto"},"schema":{"@context":"https:\/\/schema.org","@graph":[{"@type":"WebPage","@id":"https:\/\/xenonkungen.com\/produkt\/d2r-6000k-xenonlampor-xenonkungen\/","url":"https:\/\/xenonkungen.com\/produkt\/d2r-6000k-xenonlampor-xenonkungen\/","name":"L\u00e1mparas de xen\u00f3n D2R 6000K El rey del xen\u00f3n\u00ae - El rey del xen\u00f3n","isPartOf":{"@id":"https:\/\/xenonkungen.com\/#website"},"primaryImageOfPage":{"@id":"https:\/\/xenonkungen.com\/produkt\/d2r-6000k-xenonlampor-xenonkungen\/#primaryimage"},"image":{"@id":"https:\/\/xenonkungen.com\/produkt\/d2r-6000k-xenonlampor-xenonkungen\/#primaryimage"},"thumbnailUrl":"https:\/\/xenonkungen.com\/wp-content\/uploads\/2025\/04\/167048963-origpic-c214ff.png","datePublished":"2025-04-15T08:34:24+00:00","dateModified":"2026-05-08T14:40:06+00:00","breadcrumb":{"@id":"https:\/\/xenonkungen.com\/produkt\/d2r-6000k-xenonlampor-xenonkungen\/#breadcrumb"},"inLanguage":"es","potentialAction":[{"@type":"ReadAction","target":["https:\/\/xenonkungen.com\/produkt\/d2r-6000k-xenonlampor-xenonkungen\/"]}]},{"@type":"ImageObject","inLanguage":"es","@id":"https:\/\/xenonkungen.com\/produkt\/d2r-6000k-xenonlampor-xenonkungen\/#primaryimage","url":"https:\/\/xenonkungen.com\/wp-content\/uploads\/2025\/04\/167048963-origpic-c214ff.png","contentUrl":"https:\/\/xenonkungen.com\/wp-content\/uploads\/2025\/04\/167048963-origpic-c214ff.png","width":1000,"height":1000},{"@type":"BreadcrumbList","@id":"https:\/\/xenonkungen.com\/produkt\/d2r-6000k-xenonlampor-xenonkungen\/#breadcrumb","itemListElement":[{"@type":"ListItem","position":1,"name":"Hem","item":"https:\/\/xenonkungen.com\/"},{"@type":"ListItem","position":2,"name":"Shop","item":"https:\/\/xenonkungen.com\/shop\/"},{"@type":"ListItem","position":3,"name":"D2R 6000K Xenonlampor Xenonkungen\u00ae"}]},{"@type":"WebSite","@id":"https:\/\/xenonkungen.com\/#website","url":"https:\/\/xenonkungen.com\/","name":"Xenonkungen","description":"","potentialAction":[{"@type":"SearchAction","target":{"@type":"EntryPoint","urlTemplate":"https:\/\/xenonkungen.com\/?s={search_term_string}"},"query-input":{"@type":"PropertyValueSpecification","valueRequired":true,"valueName":"search_term_string"}}],"inLanguage":"es"}]}},"taxonomy_info":{"product_cat":[{"value":2483,"label":"Xenon"},{"value":733,"label":"Halvljus \/ Helljus"}],"pa_fargtemperatur":[{"value":188,"label":"6000K"}],"pa_lampsockel-kontakt":[{"value":761,"label":"D2R"}],"pa_volt-v":[{"value":348,"label":"12, 24"}]},"featured_image_src_large":["https:\/\/xenonkungen.com\/wp-content\/uploads\/2025\/04\/167048963-origpic-c214ff.png",1000,1000,false],"author_info":[],"comment_info":3,"_links":{"self":[{"href":"https:\/\/xenonkungen.com\/es\/wp-json\/wp\/v2\/product\/2214","targetHints":{"allow":["GET"]}}],"collection":[{"href":"https:\/\/xenonkungen.com\/es\/wp-json\/wp\/v2\/product"}],"about":[{"href":"https:\/\/xenonkungen.com\/es\/wp-json\/wp\/v2\/types\/product"}],"replies":[{"embeddable":true,"href":"https:\/\/xenonkungen.com\/es\/wp-json\/wp\/v2\/comments?post=2214"}],"wp:featuredmedia":[{"embeddable":true,"href":"https:\/\/xenonkungen.com\/es\/wp-json\/wp\/v2\/media\/2215"}],"wp:attachment":[{"href":"https:\/\/xenonkungen.com\/es\/wp-json\/wp\/v2\/media?parent=2214"}],"wp:term":[{"taxonomy":"anvandningsomrade","embeddable":true,"href":"https:\/\/xenonkungen.com\/es\/wp-json\/wp\/v2\/anvandningsomrade?post=2214"},{"taxonomy":"bilmarken","embeddable":true,"href":"https:\/\/xenonkungen.com\/es\/wp-json\/wp\/v2\/bilmarken?post=2214"},{"taxonomy":"product_brand","embeddable":true,"href":"https:\/\/xenonkungen.com\/es\/wp-json\/wp\/v2\/product_brand?post=2214"},{"taxonomy":"product_cat","embeddable":true,"href":"https:\/\/xenonkungen.com\/es\/wp-json\/wp\/v2\/product_cat?post=2214"},{"taxonomy":"product_tag","embeddable":true,"href":"https:\/\/xenonkungen.com\/es\/wp-json\/wp\/v2\/product_tag?post=2214"}],"curies":[{"name":"wp","href":"https:\/\/api.w.org\/{rel}","templated":true}]}}