{"id":2267,"date":"2025-04-15T08:35:25","date_gmt":"2025-04-15T08:35:25","guid":{"rendered":"https:\/\/xenonkungen.com\/product\/t10w5w-20smd-led-6000k\/"},"modified":"2026-03-24T15:20:23","modified_gmt":"2026-03-24T14:20:23","slug":"led-t10w5w-20smd-6000k","status":"publish","type":"product","link":"https:\/\/xenonkungen.com\/es\/producto\/led-t10w5w-20smd-6000k\/","title":{"rendered":"T10|W5W 20smd Led 6000K"},"content":{"rendered":"<p>L\u00e1mparas de diodos LED T10 (W5W) equipadas con 20 chips SMD 3014 Epistar.<br \/>\nLa l\u00e1mpara de diodos tiene polaridad independiente (+\/-) y es segura para picos de corriente de hasta 28 V y regulaci\u00f3n de corriente constante.<\/p>\n<p>El resultado es una l\u00e1mpara de diodos asequible, de gran calidad y fabricaci\u00f3n y no comparable a otras l\u00e1mparas similares del mercado.<\/p>\n<p><strong>Es bueno saberlo:<\/strong><br \/>\nLos coches m\u00e1s nuevos pueden necesitar Super Canbus (ver art\u00edculo 151131 o 32440)<br \/>\nSi necesita l\u00e1mparas m\u00e1s potentes, eche un vistazo a nuestra gama en la pesta\u00f1a \"L\u00e1mparas de diodos-T10|W5W\".<\/p>","protected":false},"excerpt":{"rendered":"<p>Modelo: T10 W5W 20SMD 6000k<\/p>\n<p>Multivoltaje: 9-28 V<\/p>\n<p>Color de la luz: 6000 K<\/p>\n<p>Canbus: No<\/p>\n<p>Contenido del env\u00edo: 2 bombillas LED T10 20 SMD<\/p>","protected":false},"featured_media":2268,"comment_status":"closed","ping_status":"closed","template":"","meta":{"_acf_changed":false,"_smort_price_nok":"159","_smort_price_dkk":"101","_smort_price_eur":"13.54","_smort_sale_price_nok":"","_smort_sale_price_dkk":"","_smort_sale_price_eur":"","smort_restorder":"","shipmondo_restorder":"","_kad_blocks_custom_css":"","_kad_blocks_head_custom_js":"","_kad_blocks_body_custom_js":"","_kad_blocks_footer_custom_js":"","smort_custom_pricelist_1":"95.36","smort_custom_pricelist_2":"83.4","smort_custom_pricelist_3":"79.23","smort_custom_pricelist_4":"119.2","smort_custom_pricelist_5":"83.4"},"anvandningsomrade":[],"bilmarken":[],"product_brand":[117],"product_cat":[2533,338],"product_tag":[],"class_list":{"0":"post-2267","1":"product","2":"type-product","3":"status-publish","4":"has-post-thumbnail","6":"product_brand-xenonkungen","7":"product_cat-t10-diodlampor","8":"product_cat-diodlampor","9":"pa_faktisk-effekts-forbrukning-715","10":"pa_fargtemperatur-6000k","11":"pa_lampsockel-kontakt-w5w-w3w-t10-w2-1x9-5d","12":"pa_led-chips-effekt-w-766","13":"pa_ljusspridning-grader-731","14":"pa_storlek-mm-26x118","15":"pa_stromforbrukning-01a12v","16":"pa_volt-v-159","18":"first","19":"outofstock","20":"taxable","21":"shipping-taxable","22":"purchasable","23":"product-type-simple"},"bundled_by":[],"bundle_stock_status":"outofstock","bundle_stock_quantity":-3,"bundle_virtual":false,"bundle_layout":"","bundle_add_to_cart_form_location":"","bundle_editable_in_cart":false,"bundle_sold_individually_context":"","bundle_item_grouping":"","bundle_min_size":"","bundle_max_size":"","bundle_price":[],"bundled_items":[],"bundle_sell_ids":[],"acf":[],"yoast_head":"<!-- This site is optimized with the Yoast SEO plugin v27.0 - https:\/\/yoast.com\/product\/yoast-seo-wordpress\/ -->\n<title>T10|W5W 20smd Led 6000K - Xenonkungen<\/title>\n<meta name=\"robots\" content=\"index, follow, max-snippet:-1, max-image-preview:large, max-video-preview:-1\" \/>\n<link rel=\"canonical\" href=\"https:\/\/xenonkungen.com\/es\/producto\/led-t10w5w-20smd-6000k\/\" \/>\n<meta property=\"og:locale\" content=\"es_ES\" \/>\n<meta property=\"og:type\" content=\"article\" \/>\n<meta property=\"og:title\" content=\"T10|W5W 20smd Led 6000K - Xenonkungen\" \/>\n<meta property=\"og:description\" content=\"Modell: T10 W5W 20SMD 6000k  Multivolt: 9-28V  Ljusf\u00e4rg: 6000K  Canbus: Nej  Leveransinneh\u00e5ll: 2st T10 20 SMD LED lampor\" \/>\n<meta property=\"og:url\" content=\"https:\/\/xenonkungen.com\/es\/producto\/led-t10w5w-20smd-6000k\/\" \/>\n<meta property=\"og:site_name\" content=\"Xenonkungen\" \/>\n<meta property=\"article:modified_time\" content=\"2026-03-24T14:20:23+00:00\" \/>\n<meta property=\"og:image\" content=\"https:\/\/xenonkungen.com\/wp-content\/uploads\/2025\/04\/155993362-origpic-21db33.png\" \/>\n\t<meta property=\"og:image:width\" content=\"1000\" \/>\n\t<meta property=\"og:image:height\" content=\"1000\" \/>\n\t<meta property=\"og:image:type\" content=\"image\/png\" \/>\n<meta name=\"twitter:card\" content=\"summary_large_image\" \/>\n<meta name=\"twitter:label1\" content=\"Tiempo de lectura\" \/>\n\t<meta name=\"twitter:data1\" content=\"1 minuto\" \/>\n<script type=\"application\/ld+json\" class=\"yoast-schema-graph\">{\"@context\":\"https:\/\/schema.org\",\"@graph\":[{\"@type\":\"WebPage\",\"@id\":\"https:\/\/xenonkungen.com\/produkt\/t10w5w-20smd-led-6000k\/\",\"url\":\"https:\/\/xenonkungen.com\/produkt\/t10w5w-20smd-led-6000k\/\",\"name\":\"T10|W5W 20smd Led 6000K - Xenonkungen\",\"isPartOf\":{\"@id\":\"https:\/\/xenonkungen.com\/#website\"},\"primaryImageOfPage\":{\"@id\":\"https:\/\/xenonkungen.com\/produkt\/t10w5w-20smd-led-6000k\/#primaryimage\"},\"image\":{\"@id\":\"https:\/\/xenonkungen.com\/produkt\/t10w5w-20smd-led-6000k\/#primaryimage\"},\"thumbnailUrl\":\"https:\/\/xenonkungen.com\/wp-content\/uploads\/2025\/04\/155993362-origpic-21db33.png\",\"datePublished\":\"2025-04-15T08:35:25+00:00\",\"dateModified\":\"2026-03-24T14:20:23+00:00\",\"breadcrumb\":{\"@id\":\"https:\/\/xenonkungen.com\/produkt\/t10w5w-20smd-led-6000k\/#breadcrumb\"},\"inLanguage\":\"es\",\"potentialAction\":[{\"@type\":\"ReadAction\",\"target\":[\"https:\/\/xenonkungen.com\/produkt\/t10w5w-20smd-led-6000k\/\"]}]},{\"@type\":\"ImageObject\",\"inLanguage\":\"es\",\"@id\":\"https:\/\/xenonkungen.com\/produkt\/t10w5w-20smd-led-6000k\/#primaryimage\",\"url\":\"https:\/\/xenonkungen.com\/wp-content\/uploads\/2025\/04\/155993362-origpic-21db33.png\",\"contentUrl\":\"https:\/\/xenonkungen.com\/wp-content\/uploads\/2025\/04\/155993362-origpic-21db33.png\",\"width\":1000,\"height\":1000},{\"@type\":\"BreadcrumbList\",\"@id\":\"https:\/\/xenonkungen.com\/produkt\/t10w5w-20smd-led-6000k\/#breadcrumb\",\"itemListElement\":[{\"@type\":\"ListItem\",\"position\":1,\"name\":\"Hem\",\"item\":\"https:\/\/xenonkungen.com\/\"},{\"@type\":\"ListItem\",\"position\":2,\"name\":\"Shop\",\"item\":\"https:\/\/xenonkungen.com\/shop\/\"},{\"@type\":\"ListItem\",\"position\":3,\"name\":\"T10|W5W 20smd Led 6000K\"}]},{\"@type\":\"WebSite\",\"@id\":\"https:\/\/xenonkungen.com\/#website\",\"url\":\"https:\/\/xenonkungen.com\/\",\"name\":\"Xenonkungen\",\"description\":\"\",\"potentialAction\":[{\"@type\":\"SearchAction\",\"target\":{\"@type\":\"EntryPoint\",\"urlTemplate\":\"https:\/\/xenonkungen.com\/?s={search_term_string}\"},\"query-input\":{\"@type\":\"PropertyValueSpecification\",\"valueRequired\":true,\"valueName\":\"search_term_string\"}}],\"inLanguage\":\"es\"}]}<\/script>\n<!-- \/ Yoast SEO plugin. -->","yoast_head_json":{"title":"T10|W5W 20smd Led 6000K - El rey del xen\u00f3n","robots":{"index":"index","follow":"follow","max-snippet":"max-snippet:-1","max-image-preview":"max-image-preview:large","max-video-preview":"max-video-preview:-1"},"canonical":"https:\/\/xenonkungen.com\/es\/producto\/led-t10w5w-20smd-6000k\/","og_locale":"es_ES","og_type":"article","og_title":"T10|W5W 20smd Led 6000K - Xenonkungen","og_description":"Modell: T10 W5W 20SMD 6000k  Multivolt: 9-28V  Ljusf\u00e4rg: 6000K  Canbus: Nej  Leveransinneh\u00e5ll: 2st T10 20 SMD LED lampor","og_url":"https:\/\/xenonkungen.com\/es\/producto\/led-t10w5w-20smd-6000k\/","og_site_name":"Xenonkungen","article_modified_time":"2026-03-24T14:20:23+00:00","og_image":[{"width":1000,"height":1000,"url":"https:\/\/xenonkungen.com\/wp-content\/uploads\/2025\/04\/155993362-origpic-21db33.png","type":"image\/png"}],"twitter_card":"summary_large_image","twitter_misc":{"Tiempo de lectura":"1 minuto"},"schema":{"@context":"https:\/\/schema.org","@graph":[{"@type":"WebPage","@id":"https:\/\/xenonkungen.com\/produkt\/t10w5w-20smd-led-6000k\/","url":"https:\/\/xenonkungen.com\/produkt\/t10w5w-20smd-led-6000k\/","name":"T10|W5W 20smd Led 6000K - El rey del xen\u00f3n","isPartOf":{"@id":"https:\/\/xenonkungen.com\/#website"},"primaryImageOfPage":{"@id":"https:\/\/xenonkungen.com\/produkt\/t10w5w-20smd-led-6000k\/#primaryimage"},"image":{"@id":"https:\/\/xenonkungen.com\/produkt\/t10w5w-20smd-led-6000k\/#primaryimage"},"thumbnailUrl":"https:\/\/xenonkungen.com\/wp-content\/uploads\/2025\/04\/155993362-origpic-21db33.png","datePublished":"2025-04-15T08:35:25+00:00","dateModified":"2026-03-24T14:20:23+00:00","breadcrumb":{"@id":"https:\/\/xenonkungen.com\/produkt\/t10w5w-20smd-led-6000k\/#breadcrumb"},"inLanguage":"es","potentialAction":[{"@type":"ReadAction","target":["https:\/\/xenonkungen.com\/produkt\/t10w5w-20smd-led-6000k\/"]}]},{"@type":"ImageObject","inLanguage":"es","@id":"https:\/\/xenonkungen.com\/produkt\/t10w5w-20smd-led-6000k\/#primaryimage","url":"https:\/\/xenonkungen.com\/wp-content\/uploads\/2025\/04\/155993362-origpic-21db33.png","contentUrl":"https:\/\/xenonkungen.com\/wp-content\/uploads\/2025\/04\/155993362-origpic-21db33.png","width":1000,"height":1000},{"@type":"BreadcrumbList","@id":"https:\/\/xenonkungen.com\/produkt\/t10w5w-20smd-led-6000k\/#breadcrumb","itemListElement":[{"@type":"ListItem","position":1,"name":"Hem","item":"https:\/\/xenonkungen.com\/"},{"@type":"ListItem","position":2,"name":"Shop","item":"https:\/\/xenonkungen.com\/shop\/"},{"@type":"ListItem","position":3,"name":"T10|W5W 20smd Led 6000K"}]},{"@type":"WebSite","@id":"https:\/\/xenonkungen.com\/#website","url":"https:\/\/xenonkungen.com\/","name":"Xenonkungen","description":"","potentialAction":[{"@type":"SearchAction","target":{"@type":"EntryPoint","urlTemplate":"https:\/\/xenonkungen.com\/?s={search_term_string}"},"query-input":{"@type":"PropertyValueSpecification","valueRequired":true,"valueName":"search_term_string"}}],"inLanguage":"es"}]}},"taxonomy_info":{"product_brand":[{"value":117,"label":"Xenonkungen"}],"product_cat":[{"value":2533,"label":"T10"},{"value":338,"label":"Diodlampor"}],"pa_faktisk-effekts-forbrukning":[{"value":715,"label":"12"}],"pa_fargtemperatur":[{"value":188,"label":"6000K"}],"pa_lampsockel-kontakt":[{"value":768,"label":"W5W, W3W, T10, W2.1x9.5d"}],"pa_led-chips-effekt-w":[{"value":766,"label":"5"}],"pa_ljusspridning-grader":[{"value":731,"label":"360"}],"pa_storlek-mm":[{"value":765,"label":"26x11,8"}],"pa_stromforbrukning":[{"value":767,"label":"0,1A@12V"}],"pa_volt-v":[{"value":159,"label":"12"}]},"featured_image_src_large":["https:\/\/xenonkungen.com\/wp-content\/uploads\/2025\/04\/155993362-origpic-21db33.png",1000,1000,false],"author_info":[],"comment_info":0,"_links":{"self":[{"href":"https:\/\/xenonkungen.com\/es\/wp-json\/wp\/v2\/product\/2267","targetHints":{"allow":["GET"]}}],"collection":[{"href":"https:\/\/xenonkungen.com\/es\/wp-json\/wp\/v2\/product"}],"about":[{"href":"https:\/\/xenonkungen.com\/es\/wp-json\/wp\/v2\/types\/product"}],"replies":[{"embeddable":true,"href":"https:\/\/xenonkungen.com\/es\/wp-json\/wp\/v2\/comments?post=2267"}],"wp:featuredmedia":[{"embeddable":true,"href":"https:\/\/xenonkungen.com\/es\/wp-json\/wp\/v2\/media\/2268"}],"wp:attachment":[{"href":"https:\/\/xenonkungen.com\/es\/wp-json\/wp\/v2\/media?parent=2267"}],"wp:term":[{"taxonomy":"anvandningsomrade","embeddable":true,"href":"https:\/\/xenonkungen.com\/es\/wp-json\/wp\/v2\/anvandningsomrade?post=2267"},{"taxonomy":"bilmarken","embeddable":true,"href":"https:\/\/xenonkungen.com\/es\/wp-json\/wp\/v2\/bilmarken?post=2267"},{"taxonomy":"product_brand","embeddable":true,"href":"https:\/\/xenonkungen.com\/es\/wp-json\/wp\/v2\/product_brand?post=2267"},{"taxonomy":"product_cat","embeddable":true,"href":"https:\/\/xenonkungen.com\/es\/wp-json\/wp\/v2\/product_cat?post=2267"},{"taxonomy":"product_tag","embeddable":true,"href":"https:\/\/xenonkungen.com\/es\/wp-json\/wp\/v2\/product_tag?post=2267"}],"curies":[{"name":"wp","href":"https:\/\/api.w.org\/{rel}","templated":true}]}}