{"id":2333,"date":"2025-04-15T08:35:53","date_gmt":"2025-04-15T08:35:53","guid":{"rendered":"https:\/\/xenonkungen.com\/product\/39mmc5w-super-canbus-cree-led\/"},"modified":"2026-04-17T15:13:28","modified_gmt":"2026-04-17T14:13:28","slug":"led-cree-super-canbus-de-39-mm-c5-w","status":"publish","type":"product","link":"https:\/\/xenonkungen.com\/es\/producto\/led-cree-super-canbus-de-39-mm-c5-w\/","title":{"rendered":"39mm|C5W Super Canbus Cree LED"},"content":{"rendered":"<p>Premium <strong>39 mm<\/strong> (C5W) L\u00e1mparas LED de bobina con diodos Cree de 3W para todos los veh\u00edculos nuevos con control de luces Canbus a partir del a\u00f1o de fabricaci\u00f3n 2002, por ejemplo, Audi, BMW, Mercedes, VW, etc.<\/p>\n<p><strong>Excepciones (no funci\u00f3n):<\/strong><br \/>Audi A4 2007<\/p>\n<p>Este art\u00edculo se denomina \"Super Canbus\" en parte por la potencia\/resistencia de 2,5 W en comparaci\u00f3n con las l\u00e1mparas Canbus normales que tienen unos 2-2,2 W (que para la mayor\u00eda de los coches es suficiente). <\/p>\n<p>Adem\u00e1s, tiene polaridad independiente (+\/-), segura para picos de corriente de hasta 18V y regulaci\u00f3n de corriente constante. En definitiva, todo esto convierte a nuestra Super Canbus Cree en una l\u00e1mpara de diodos asequible de la m\u00e1s alta calidad y mano de obra.<\/p>\n<p>Adecuado para iluminaci\u00f3n de vallas publicitarias, interiores, etc.<br \/>No es necesario montar resistencias para su funcionamiento.<br \/>Plug-n-play.<\/p>","protected":false},"excerpt":{"rendered":"<p>Premium 39mm (C5W) LED spollampor med ljusstarka 3W Cree-dioder f\u00f6r alla nyare bilar med Canbus ljus\u00f6vervakning fr.o.m. \u00e5rsmodell ca 2002-, t.ex. Audi, BMW, Mercedes, VW m.fl. Undantag (ej funktion):Audi A4 2007 Beteckningen &#8217;Super Canbus&#8217; har denna artikel bland annat p\u00e5 grund av 2.5W effekt\/motst\u00e5nd j\u00e4mf\u00f6rt normala Canbus-lampor som har ca 2-2.2W (vilket f\u00f6r de flesta [&hellip;]<\/p>","protected":false},"featured_media":2334,"comment_status":"closed","ping_status":"open","template":"","meta":{"_acf_changed":false,"_smort_price_nok":"208","_smort_price_dkk":"132","_smort_price_eur":"17.73","_smort_sale_price_nok":"","_smort_sale_price_dkk":"","_smort_sale_price_eur":"","smort_restorder":"","shipmondo_restorder":"","_kad_blocks_custom_css":"","_kad_blocks_head_custom_js":"","_kad_blocks_body_custom_js":"","_kad_blocks_footer_custom_js":"","smort_custom_pricelist_1":"124.8","smort_custom_pricelist_2":"109.2","smort_custom_pricelist_3":"103.74","smort_custom_pricelist_4":"156","smort_custom_pricelist_5":"109.2"},"anvandningsomrade":[],"bilmarken":[],"product_brand":[],"product_cat":[2454,2452,2459,2453,338],"product_tag":[],"class_list":{"0":"post-2333","1":"product","2":"type-product","3":"status-publish","4":"has-post-thumbnail","6":"product_cat-31-42mm","7":"product_cat-c5w","8":"product_cat-c5w-canbus-diodlampor","9":"product_cat-sv85","10":"product_cat-diodlampor","11":"pa_faktisk-effekts-forbrukning-782","12":"pa_fargtemperatur-6000k","13":"pa_godkannande-ce-rohs","14":"pa_lampsockel-kontakt-sv8-5-c5w","15":"pa_volt-v-12-145","17":"first","18":"instock","19":"taxable","20":"shipping-taxable","21":"purchasable","22":"product-type-simple"},"bundled_by":[],"bundle_stock_status":"instock","bundle_stock_quantity":223,"bundle_virtual":false,"bundle_layout":"","bundle_add_to_cart_form_location":"","bundle_editable_in_cart":false,"bundle_sold_individually_context":"","bundle_item_grouping":"","bundle_min_size":"","bundle_max_size":"","bundle_price":[],"bundled_items":[],"bundle_sell_ids":[],"acf":[],"yoast_head":"<!-- This site is optimized with the Yoast SEO plugin v27.0 - https:\/\/yoast.com\/product\/yoast-seo-wordpress\/ -->\n<title>39mm|C5W Super Canbus Cree LED - Xenonkungen<\/title>\n<meta name=\"robots\" content=\"index, follow, max-snippet:-1, max-image-preview:large, max-video-preview:-1\" \/>\n<link rel=\"canonical\" href=\"https:\/\/xenonkungen.com\/es\/producto\/led-cree-super-canbus-de-39-mm-c5-w\/\" \/>\n<meta property=\"og:locale\" content=\"es_ES\" \/>\n<meta property=\"og:type\" content=\"article\" \/>\n<meta property=\"og:title\" content=\"39mm|C5W Super Canbus Cree LED - Xenonkungen\" \/>\n<meta property=\"og:description\" content=\"Premium 39mm (C5W) LED spollampor med ljusstarka 3W Cree-dioder f\u00f6r alla nyare bilar med Canbus ljus\u00f6vervakning fr.o.m. \u00e5rsmodell ca 2002-, t.ex. Audi, BMW, Mercedes, VW m.fl. Undantag (ej funktion):Audi A4 2007 Beteckningen &#8217;Super Canbus&#8217; har denna artikel bland annat p\u00e5 grund av 2.5W effekt\/motst\u00e5nd j\u00e4mf\u00f6rt normala Canbus-lampor som har ca 2-2.2W (vilket f\u00f6r de flesta [&hellip;]\" \/>\n<meta property=\"og:url\" content=\"https:\/\/xenonkungen.com\/es\/producto\/led-cree-super-canbus-de-39-mm-c5-w\/\" \/>\n<meta property=\"og:site_name\" content=\"Xenonkungen\" \/>\n<meta property=\"article:modified_time\" content=\"2026-04-17T14:13:28+00:00\" \/>\n<meta property=\"og:image\" content=\"https:\/\/xenonkungen.com\/wp-content\/uploads\/2025\/04\/25412454-origpic-c0a542.png\" \/>\n\t<meta property=\"og:image:width\" content=\"1000\" \/>\n\t<meta property=\"og:image:height\" content=\"1000\" \/>\n\t<meta property=\"og:image:type\" content=\"image\/png\" \/>\n<meta name=\"twitter:card\" content=\"summary_large_image\" \/>\n<meta name=\"twitter:label1\" content=\"Tiempo de lectura\" \/>\n\t<meta name=\"twitter:data1\" content=\"1 minuto\" \/>\n<script type=\"application\/ld+json\" class=\"yoast-schema-graph\">{\"@context\":\"https:\/\/schema.org\",\"@graph\":[{\"@type\":\"WebPage\",\"@id\":\"https:\/\/xenonkungen.com\/produkt\/39mmc5w-super-canbus-cree-led\/\",\"url\":\"https:\/\/xenonkungen.com\/produkt\/39mmc5w-super-canbus-cree-led\/\",\"name\":\"39mm|C5W Super Canbus Cree LED - Xenonkungen\",\"isPartOf\":{\"@id\":\"https:\/\/xenonkungen.com\/#website\"},\"primaryImageOfPage\":{\"@id\":\"https:\/\/xenonkungen.com\/produkt\/39mmc5w-super-canbus-cree-led\/#primaryimage\"},\"image\":{\"@id\":\"https:\/\/xenonkungen.com\/produkt\/39mmc5w-super-canbus-cree-led\/#primaryimage\"},\"thumbnailUrl\":\"https:\/\/xenonkungen.com\/wp-content\/uploads\/2025\/04\/25412454-origpic-c0a542.png\",\"datePublished\":\"2025-04-15T08:35:53+00:00\",\"dateModified\":\"2026-04-17T14:13:28+00:00\",\"breadcrumb\":{\"@id\":\"https:\/\/xenonkungen.com\/produkt\/39mmc5w-super-canbus-cree-led\/#breadcrumb\"},\"inLanguage\":\"es\",\"potentialAction\":[{\"@type\":\"ReadAction\",\"target\":[\"https:\/\/xenonkungen.com\/produkt\/39mmc5w-super-canbus-cree-led\/\"]}]},{\"@type\":\"ImageObject\",\"inLanguage\":\"es\",\"@id\":\"https:\/\/xenonkungen.com\/produkt\/39mmc5w-super-canbus-cree-led\/#primaryimage\",\"url\":\"https:\/\/xenonkungen.com\/wp-content\/uploads\/2025\/04\/25412454-origpic-c0a542.png\",\"contentUrl\":\"https:\/\/xenonkungen.com\/wp-content\/uploads\/2025\/04\/25412454-origpic-c0a542.png\",\"width\":1000,\"height\":1000},{\"@type\":\"BreadcrumbList\",\"@id\":\"https:\/\/xenonkungen.com\/produkt\/39mmc5w-super-canbus-cree-led\/#breadcrumb\",\"itemListElement\":[{\"@type\":\"ListItem\",\"position\":1,\"name\":\"Hem\",\"item\":\"https:\/\/xenonkungen.com\/\"},{\"@type\":\"ListItem\",\"position\":2,\"name\":\"Shop\",\"item\":\"https:\/\/xenonkungen.com\/shop\/\"},{\"@type\":\"ListItem\",\"position\":3,\"name\":\"39mm|C5W Super Canbus Cree LED\"}]},{\"@type\":\"WebSite\",\"@id\":\"https:\/\/xenonkungen.com\/#website\",\"url\":\"https:\/\/xenonkungen.com\/\",\"name\":\"Xenonkungen\",\"description\":\"\",\"potentialAction\":[{\"@type\":\"SearchAction\",\"target\":{\"@type\":\"EntryPoint\",\"urlTemplate\":\"https:\/\/xenonkungen.com\/?s={search_term_string}\"},\"query-input\":{\"@type\":\"PropertyValueSpecification\",\"valueRequired\":true,\"valueName\":\"search_term_string\"}}],\"inLanguage\":\"es\"}]}<\/script>\n<!-- \/ Yoast SEO plugin. -->","yoast_head_json":{"title":"LED Cree Super Canbus C5W de 39 mm: el rey del xen\u00f3n","robots":{"index":"index","follow":"follow","max-snippet":"max-snippet:-1","max-image-preview":"max-image-preview:large","max-video-preview":"max-video-preview:-1"},"canonical":"https:\/\/xenonkungen.com\/es\/producto\/led-cree-super-canbus-de-39-mm-c5-w\/","og_locale":"es_ES","og_type":"article","og_title":"39mm|C5W Super Canbus Cree LED - Xenonkungen","og_description":"Premium 39mm (C5W) LED spollampor med ljusstarka 3W Cree-dioder f\u00f6r alla nyare bilar med Canbus ljus\u00f6vervakning fr.o.m. \u00e5rsmodell ca 2002-, t.ex. Audi, BMW, Mercedes, VW m.fl. Undantag (ej funktion):Audi A4 2007 Beteckningen &#8217;Super Canbus&#8217; har denna artikel bland annat p\u00e5 grund av 2.5W effekt\/motst\u00e5nd j\u00e4mf\u00f6rt normala Canbus-lampor som har ca 2-2.2W (vilket f\u00f6r de flesta [&hellip;]","og_url":"https:\/\/xenonkungen.com\/es\/producto\/led-cree-super-canbus-de-39-mm-c5-w\/","og_site_name":"Xenonkungen","article_modified_time":"2026-04-17T14:13:28+00:00","og_image":[{"width":1000,"height":1000,"url":"https:\/\/xenonkungen.com\/wp-content\/uploads\/2025\/04\/25412454-origpic-c0a542.png","type":"image\/png"}],"twitter_card":"summary_large_image","twitter_misc":{"Tiempo de lectura":"1 minuto"},"schema":{"@context":"https:\/\/schema.org","@graph":[{"@type":"WebPage","@id":"https:\/\/xenonkungen.com\/produkt\/39mmc5w-super-canbus-cree-led\/","url":"https:\/\/xenonkungen.com\/produkt\/39mmc5w-super-canbus-cree-led\/","name":"LED Cree Super Canbus C5W de 39 mm: el rey del xen\u00f3n","isPartOf":{"@id":"https:\/\/xenonkungen.com\/#website"},"primaryImageOfPage":{"@id":"https:\/\/xenonkungen.com\/produkt\/39mmc5w-super-canbus-cree-led\/#primaryimage"},"image":{"@id":"https:\/\/xenonkungen.com\/produkt\/39mmc5w-super-canbus-cree-led\/#primaryimage"},"thumbnailUrl":"https:\/\/xenonkungen.com\/wp-content\/uploads\/2025\/04\/25412454-origpic-c0a542.png","datePublished":"2025-04-15T08:35:53+00:00","dateModified":"2026-04-17T14:13:28+00:00","breadcrumb":{"@id":"https:\/\/xenonkungen.com\/produkt\/39mmc5w-super-canbus-cree-led\/#breadcrumb"},"inLanguage":"es","potentialAction":[{"@type":"ReadAction","target":["https:\/\/xenonkungen.com\/produkt\/39mmc5w-super-canbus-cree-led\/"]}]},{"@type":"ImageObject","inLanguage":"es","@id":"https:\/\/xenonkungen.com\/produkt\/39mmc5w-super-canbus-cree-led\/#primaryimage","url":"https:\/\/xenonkungen.com\/wp-content\/uploads\/2025\/04\/25412454-origpic-c0a542.png","contentUrl":"https:\/\/xenonkungen.com\/wp-content\/uploads\/2025\/04\/25412454-origpic-c0a542.png","width":1000,"height":1000},{"@type":"BreadcrumbList","@id":"https:\/\/xenonkungen.com\/produkt\/39mmc5w-super-canbus-cree-led\/#breadcrumb","itemListElement":[{"@type":"ListItem","position":1,"name":"Hem","item":"https:\/\/xenonkungen.com\/"},{"@type":"ListItem","position":2,"name":"Shop","item":"https:\/\/xenonkungen.com\/shop\/"},{"@type":"ListItem","position":3,"name":"39mm|C5W Super Canbus Cree LED"}]},{"@type":"WebSite","@id":"https:\/\/xenonkungen.com\/#website","url":"https:\/\/xenonkungen.com\/","name":"Xenonkungen","description":"","potentialAction":[{"@type":"SearchAction","target":{"@type":"EntryPoint","urlTemplate":"https:\/\/xenonkungen.com\/?s={search_term_string}"},"query-input":{"@type":"PropertyValueSpecification","valueRequired":true,"valueName":"search_term_string"}}],"inLanguage":"es"}]}},"taxonomy_info":{"product_cat":[{"value":2454,"label":"31-42mm"},{"value":2452,"label":"C5W"},{"value":2459,"label":"C5W"},{"value":2453,"label":"SV8,5"},{"value":338,"label":"Diodlampor"}],"pa_faktisk-effekts-forbrukning":[{"value":782,"label":"2,5"}],"pa_fargtemperatur":[{"value":188,"label":"6000K"}],"pa_godkannande":[{"value":337,"label":"CE, RoHS"}],"pa_lampsockel-kontakt":[{"value":784,"label":"SV8.5, C5W"}],"pa_volt-v":[{"value":783,"label":"12, 14,5"}]},"featured_image_src_large":["https:\/\/xenonkungen.com\/wp-content\/uploads\/2025\/04\/25412454-origpic-c0a542.png",1000,1000,false],"author_info":[],"comment_info":0,"_links":{"self":[{"href":"https:\/\/xenonkungen.com\/es\/wp-json\/wp\/v2\/product\/2333","targetHints":{"allow":["GET"]}}],"collection":[{"href":"https:\/\/xenonkungen.com\/es\/wp-json\/wp\/v2\/product"}],"about":[{"href":"https:\/\/xenonkungen.com\/es\/wp-json\/wp\/v2\/types\/product"}],"replies":[{"embeddable":true,"href":"https:\/\/xenonkungen.com\/es\/wp-json\/wp\/v2\/comments?post=2333"}],"wp:featuredmedia":[{"embeddable":true,"href":"https:\/\/xenonkungen.com\/es\/wp-json\/wp\/v2\/media\/2334"}],"wp:attachment":[{"href":"https:\/\/xenonkungen.com\/es\/wp-json\/wp\/v2\/media?parent=2333"}],"wp:term":[{"taxonomy":"anvandningsomrade","embeddable":true,"href":"https:\/\/xenonkungen.com\/es\/wp-json\/wp\/v2\/anvandningsomrade?post=2333"},{"taxonomy":"bilmarken","embeddable":true,"href":"https:\/\/xenonkungen.com\/es\/wp-json\/wp\/v2\/bilmarken?post=2333"},{"taxonomy":"product_brand","embeddable":true,"href":"https:\/\/xenonkungen.com\/es\/wp-json\/wp\/v2\/product_brand?post=2333"},{"taxonomy":"product_cat","embeddable":true,"href":"https:\/\/xenonkungen.com\/es\/wp-json\/wp\/v2\/product_cat?post=2333"},{"taxonomy":"product_tag","embeddable":true,"href":"https:\/\/xenonkungen.com\/es\/wp-json\/wp\/v2\/product_tag?post=2333"}],"curies":[{"name":"wp","href":"https:\/\/api.w.org\/{rel}","templated":true}]}}