{"id":2412,"date":"2025-04-15T08:37:06","date_gmt":"2025-04-15T08:37:06","guid":{"rendered":"https:\/\/xenonkungen.com\/product\/xk-ballast-5dv-009-000-00\/"},"modified":"2026-04-02T12:31:45","modified_gmt":"2026-04-02T11:31:45","slug":"balasto-xk-5dv-009-000-00","status":"publish","type":"product","link":"https:\/\/xenonkungen.com\/es\/producto\/balasto-xk-5dv-009-000-00\/","title":{"rendered":"Balasto XK 5DV 009 000-00"},"content":{"rendered":"<p><span>Balastro de xen\u00f3n de posventa seg\u00fan el modelo Hella que reemplaza los coches equipados con el modelo Hella 5DV 009 000-00.<\/span><br \/><span>12VDC.<\/p>\n<p><u>Las marcas OEM se encuentran, entre otros, en los siguientes autom\u00f3viles<\/u><br \/><strong>BMW<\/strong><br \/>Serie 5 (E60, E61) 2008-2011<br \/>Serie 7 (E65, E66) 2006-2008<br \/>X6 (E71, E72) 2008-2014<\/p>\n<p><strong>Citroen<\/strong><br \/>C4 Picasso 2006-2012<\/p>\n<p><strong>Cadillac<\/strong><br \/>Escalade 2007-2014<\/p>\n<p><strong>Chrysler<\/strong><br \/>Town &amp; Country 2007-2014<br \/>Pacifica Crossover de tama\u00f1o mediano 2007-2009<br \/>Gran Lancia viajero 2008-2015<\/p>\n<p><strong>Ford<\/strong><br \/>Kuga 2006-2014<br \/>S-Max (CA1) 2006-2014<\/p>\n<p><strong>Hyundai<\/strong><br \/>G\u00e9nesis 2009-2014<\/p>\n<p><strong>Mercedes-Benz<\/strong><br \/>Sprinter 2500\/3500 2010-2012<br \/>CLK (W209) 2006-2009<\/p>\n<p><strong>Mercedes Benz Freightliner<\/strong><br \/>Sprinter 2500\/3500 2007-2012<br \/>Clase G (W463<\/p>\n<p><strong>Land Rover<\/strong><br \/>Range Rover (L322) 2006-2009<\/p>\n<p><strong>Nissan<\/strong><br \/>Pathfinder (R51) 2005-2011<br \/><\/span><br \/><strong>Peugeot<\/strong><br \/>407 Coup\u00e9 2007-2012<\/p>\n<p><strong>Saab<\/strong><br \/>9-3 2008-2011<\/p>\n<p><strong>Skoda<\/strong><br \/>Magn\u00edfico B6 (Tipo T3) 2008-2012<\/p>\n<p><strong>Volkswagen<\/strong><br \/>Tiguan 2007-2011<br \/>Golf Mk6 2009-2012<\/p>\n<p><strong>2 a\u00f1os de garant\u00eda<\/strong><\/p>\n<p><strong>Es bueno saberlo<\/strong><br \/><span>En el mercado existen este tipo de r\u00e9plicas de productos originales. La caracter\u00edstica m\u00e1s com\u00fan de los originales y las copias es la carcasa exterior. Lo que las distingue son los componentes, la programaci\u00f3n y la calidad.<\/span><br \/><span>Y esto tambi\u00e9n se aplica entre distintos fabricantes de r\u00e9plicas.<\/span><br \/><span>Aunque el original es totalmente funcional para todos los veh\u00edculos de la lista, algunas copias pueden tener una funcionalidad limitada para marcas o modelos concretos en funci\u00f3n, entre otras cosas, de los conocimientos t\u00e9cnicos y la ambici\u00f3n del fabricante.<\/span><br \/><span>Nuestros balastos XK son m\u00e1s caros y, por tanto, generalmente mejores que las alternativas m\u00e1s baratas, que, por cierto, tambi\u00e9n pueden tener precios m\u00e1s altos de la competencia.<\/span><\/p>","protected":false},"excerpt":{"rendered":"<p>Repuesto original, de alta calidad, compatible con muchos modelos de coche, 2 a\u00f1os de garant\u00eda<\/p>","protected":false},"featured_media":2413,"comment_status":"closed","ping_status":"open","template":"","meta":{"_acf_changed":false,"_smort_price_nok":"849","_smort_price_dkk":"539","_smort_price_eur":"72.27","_smort_sale_price_nok":"","_smort_sale_price_dkk":"","_smort_sale_price_eur":"","smort_restorder":"","shipmondo_restorder":"","_kad_blocks_custom_css":"","_kad_blocks_head_custom_js":"","_kad_blocks_body_custom_js":"","_kad_blocks_footer_custom_js":"","smort_custom_pricelist_1":"508.2","smort_custom_pricelist_2":"439.2","smort_custom_pricelist_3":"399.2","smort_custom_pricelist_4":"636","smort_custom_pricelist_5":"439.2"},"anvandningsomrade":[],"bilmarken":[],"product_brand":[117],"product_cat":[2484,2485,789,733],"product_tag":[],"class_list":{"0":"post-2412","1":"product","2":"type-product","3":"status-publish","4":"has-post-thumbnail","6":"product_brand-xenonkungen","7":"product_cat-ballast-halvljus-helljus","8":"product_cat-xenonkonventering","9":"product_cat-ballast","10":"product_cat-halvljus-helljus","11":"pa_volt-v-159","13":"first","14":"instock","15":"taxable","16":"shipping-taxable","17":"purchasable","18":"product-type-simple"},"bundled_by":[],"bundle_stock_status":"instock","bundle_stock_quantity":8,"bundle_virtual":false,"bundle_layout":"","bundle_add_to_cart_form_location":"","bundle_editable_in_cart":false,"bundle_sold_individually_context":"","bundle_item_grouping":"","bundle_min_size":"","bundle_max_size":"","bundle_price":[],"bundled_items":[],"bundle_sell_ids":[],"acf":[],"yoast_head":"<!-- This site is optimized with the Yoast SEO plugin v27.0 - https:\/\/yoast.com\/product\/yoast-seo-wordpress\/ -->\n<title>XK Ballast 5DV 009 000-00 - Xenonkungen<\/title>\n<meta name=\"robots\" content=\"index, follow, max-snippet:-1, max-image-preview:large, max-video-preview:-1\" \/>\n<link rel=\"canonical\" href=\"https:\/\/xenonkungen.com\/es\/producto\/balasto-xk-5dv-009-000-00\/\" \/>\n<meta property=\"og:locale\" content=\"es_ES\" \/>\n<meta property=\"og:type\" content=\"article\" \/>\n<meta property=\"og:title\" content=\"XK Ballast 5DV 009 000-00 - Xenonkungen\" \/>\n<meta property=\"og:description\" content=\"Orginalers\u00e4ttning , H\u00f6g kvalitet , Passar m\u00e5nga olika bilmodeller , 2 \u00e5rs garanti\" \/>\n<meta property=\"og:url\" content=\"https:\/\/xenonkungen.com\/es\/producto\/balasto-xk-5dv-009-000-00\/\" \/>\n<meta property=\"og:site_name\" content=\"Xenonkungen\" \/>\n<meta property=\"article:modified_time\" content=\"2026-04-02T11:31:45+00:00\" \/>\n<meta property=\"og:image\" content=\"https:\/\/xenonkungen.com\/wp-content\/uploads\/2025\/04\/212103413-origpic-f414a5.png\" \/>\n\t<meta property=\"og:image:width\" content=\"1000\" \/>\n\t<meta property=\"og:image:height\" content=\"781\" \/>\n\t<meta property=\"og:image:type\" content=\"image\/png\" \/>\n<meta name=\"twitter:card\" content=\"summary_large_image\" \/>\n<meta name=\"twitter:label1\" content=\"Tiempo de lectura\" \/>\n\t<meta name=\"twitter:data1\" content=\"1 minuto\" \/>\n<script type=\"application\/ld+json\" class=\"yoast-schema-graph\">{\"@context\":\"https:\/\/schema.org\",\"@graph\":[{\"@type\":\"WebPage\",\"@id\":\"https:\/\/xenonkungen.com\/produkt\/xk-ballast-5dv-009-000-00\/\",\"url\":\"https:\/\/xenonkungen.com\/produkt\/xk-ballast-5dv-009-000-00\/\",\"name\":\"XK Ballast 5DV 009 000-00 - Xenonkungen\",\"isPartOf\":{\"@id\":\"https:\/\/xenonkungen.com\/#website\"},\"primaryImageOfPage\":{\"@id\":\"https:\/\/xenonkungen.com\/produkt\/xk-ballast-5dv-009-000-00\/#primaryimage\"},\"image\":{\"@id\":\"https:\/\/xenonkungen.com\/produkt\/xk-ballast-5dv-009-000-00\/#primaryimage\"},\"thumbnailUrl\":\"https:\/\/xenonkungen.com\/wp-content\/uploads\/2025\/04\/212103413-origpic-f414a5.png\",\"datePublished\":\"2025-04-15T08:37:06+00:00\",\"dateModified\":\"2026-04-02T11:31:45+00:00\",\"breadcrumb\":{\"@id\":\"https:\/\/xenonkungen.com\/produkt\/xk-ballast-5dv-009-000-00\/#breadcrumb\"},\"inLanguage\":\"es\",\"potentialAction\":[{\"@type\":\"ReadAction\",\"target\":[\"https:\/\/xenonkungen.com\/produkt\/xk-ballast-5dv-009-000-00\/\"]}]},{\"@type\":\"ImageObject\",\"inLanguage\":\"es\",\"@id\":\"https:\/\/xenonkungen.com\/produkt\/xk-ballast-5dv-009-000-00\/#primaryimage\",\"url\":\"https:\/\/xenonkungen.com\/wp-content\/uploads\/2025\/04\/212103413-origpic-f414a5.png\",\"contentUrl\":\"https:\/\/xenonkungen.com\/wp-content\/uploads\/2025\/04\/212103413-origpic-f414a5.png\",\"width\":1000,\"height\":781},{\"@type\":\"BreadcrumbList\",\"@id\":\"https:\/\/xenonkungen.com\/produkt\/xk-ballast-5dv-009-000-00\/#breadcrumb\",\"itemListElement\":[{\"@type\":\"ListItem\",\"position\":1,\"name\":\"Hem\",\"item\":\"https:\/\/xenonkungen.com\/\"},{\"@type\":\"ListItem\",\"position\":2,\"name\":\"Shop\",\"item\":\"https:\/\/xenonkungen.com\/shop\/\"},{\"@type\":\"ListItem\",\"position\":3,\"name\":\"XK Ballast 5DV 009 000-00\"}]},{\"@type\":\"WebSite\",\"@id\":\"https:\/\/xenonkungen.com\/#website\",\"url\":\"https:\/\/xenonkungen.com\/\",\"name\":\"Xenonkungen\",\"description\":\"\",\"potentialAction\":[{\"@type\":\"SearchAction\",\"target\":{\"@type\":\"EntryPoint\",\"urlTemplate\":\"https:\/\/xenonkungen.com\/?s={search_term_string}\"},\"query-input\":{\"@type\":\"PropertyValueSpecification\",\"valueRequired\":true,\"valueName\":\"search_term_string\"}}],\"inLanguage\":\"es\"}]}<\/script>\n<!-- \/ Yoast SEO plugin. -->","yoast_head_json":{"title":"Balasto XK 5DV 009 000-00 - El rey del xen\u00f3n","robots":{"index":"index","follow":"follow","max-snippet":"max-snippet:-1","max-image-preview":"max-image-preview:large","max-video-preview":"max-video-preview:-1"},"canonical":"https:\/\/xenonkungen.com\/es\/producto\/balasto-xk-5dv-009-000-00\/","og_locale":"es_ES","og_type":"article","og_title":"XK Ballast 5DV 009 000-00 - Xenonkungen","og_description":"Orginalers\u00e4ttning , H\u00f6g kvalitet , Passar m\u00e5nga olika bilmodeller , 2 \u00e5rs garanti","og_url":"https:\/\/xenonkungen.com\/es\/producto\/balasto-xk-5dv-009-000-00\/","og_site_name":"Xenonkungen","article_modified_time":"2026-04-02T11:31:45+00:00","og_image":[{"width":1000,"height":781,"url":"https:\/\/xenonkungen.com\/wp-content\/uploads\/2025\/04\/212103413-origpic-f414a5.png","type":"image\/png"}],"twitter_card":"summary_large_image","twitter_misc":{"Tiempo de lectura":"1 minuto"},"schema":{"@context":"https:\/\/schema.org","@graph":[{"@type":"WebPage","@id":"https:\/\/xenonkungen.com\/produkt\/xk-ballast-5dv-009-000-00\/","url":"https:\/\/xenonkungen.com\/produkt\/xk-ballast-5dv-009-000-00\/","name":"Balasto XK 5DV 009 000-00 - El rey del xen\u00f3n","isPartOf":{"@id":"https:\/\/xenonkungen.com\/#website"},"primaryImageOfPage":{"@id":"https:\/\/xenonkungen.com\/produkt\/xk-ballast-5dv-009-000-00\/#primaryimage"},"image":{"@id":"https:\/\/xenonkungen.com\/produkt\/xk-ballast-5dv-009-000-00\/#primaryimage"},"thumbnailUrl":"https:\/\/xenonkungen.com\/wp-content\/uploads\/2025\/04\/212103413-origpic-f414a5.png","datePublished":"2025-04-15T08:37:06+00:00","dateModified":"2026-04-02T11:31:45+00:00","breadcrumb":{"@id":"https:\/\/xenonkungen.com\/produkt\/xk-ballast-5dv-009-000-00\/#breadcrumb"},"inLanguage":"es","potentialAction":[{"@type":"ReadAction","target":["https:\/\/xenonkungen.com\/produkt\/xk-ballast-5dv-009-000-00\/"]}]},{"@type":"ImageObject","inLanguage":"es","@id":"https:\/\/xenonkungen.com\/produkt\/xk-ballast-5dv-009-000-00\/#primaryimage","url":"https:\/\/xenonkungen.com\/wp-content\/uploads\/2025\/04\/212103413-origpic-f414a5.png","contentUrl":"https:\/\/xenonkungen.com\/wp-content\/uploads\/2025\/04\/212103413-origpic-f414a5.png","width":1000,"height":781},{"@type":"BreadcrumbList","@id":"https:\/\/xenonkungen.com\/produkt\/xk-ballast-5dv-009-000-00\/#breadcrumb","itemListElement":[{"@type":"ListItem","position":1,"name":"Hem","item":"https:\/\/xenonkungen.com\/"},{"@type":"ListItem","position":2,"name":"Shop","item":"https:\/\/xenonkungen.com\/shop\/"},{"@type":"ListItem","position":3,"name":"XK Ballast 5DV 009 000-00"}]},{"@type":"WebSite","@id":"https:\/\/xenonkungen.com\/#website","url":"https:\/\/xenonkungen.com\/","name":"Xenonkungen","description":"","potentialAction":[{"@type":"SearchAction","target":{"@type":"EntryPoint","urlTemplate":"https:\/\/xenonkungen.com\/?s={search_term_string}"},"query-input":{"@type":"PropertyValueSpecification","valueRequired":true,"valueName":"search_term_string"}}],"inLanguage":"es"}]}},"taxonomy_info":{"product_brand":[{"value":117,"label":"Xenonkungen"}],"product_cat":[{"value":2484,"label":"Ballast"},{"value":2485,"label":"XENONKONVENTERING"},{"value":789,"label":"Ballast"},{"value":733,"label":"Halvljus \/ Helljus"}],"pa_volt-v":[{"value":159,"label":"12"}]},"featured_image_src_large":["https:\/\/xenonkungen.com\/wp-content\/uploads\/2025\/04\/212103413-origpic-f414a5.png",1000,781,false],"author_info":[],"comment_info":3,"_links":{"self":[{"href":"https:\/\/xenonkungen.com\/es\/wp-json\/wp\/v2\/product\/2412","targetHints":{"allow":["GET"]}}],"collection":[{"href":"https:\/\/xenonkungen.com\/es\/wp-json\/wp\/v2\/product"}],"about":[{"href":"https:\/\/xenonkungen.com\/es\/wp-json\/wp\/v2\/types\/product"}],"replies":[{"embeddable":true,"href":"https:\/\/xenonkungen.com\/es\/wp-json\/wp\/v2\/comments?post=2412"}],"wp:featuredmedia":[{"embeddable":true,"href":"https:\/\/xenonkungen.com\/es\/wp-json\/wp\/v2\/media\/2413"}],"wp:attachment":[{"href":"https:\/\/xenonkungen.com\/es\/wp-json\/wp\/v2\/media?parent=2412"}],"wp:term":[{"taxonomy":"anvandningsomrade","embeddable":true,"href":"https:\/\/xenonkungen.com\/es\/wp-json\/wp\/v2\/anvandningsomrade?post=2412"},{"taxonomy":"bilmarken","embeddable":true,"href":"https:\/\/xenonkungen.com\/es\/wp-json\/wp\/v2\/bilmarken?post=2412"},{"taxonomy":"product_brand","embeddable":true,"href":"https:\/\/xenonkungen.com\/es\/wp-json\/wp\/v2\/product_brand?post=2412"},{"taxonomy":"product_cat","embeddable":true,"href":"https:\/\/xenonkungen.com\/es\/wp-json\/wp\/v2\/product_cat?post=2412"},{"taxonomy":"product_tag","embeddable":true,"href":"https:\/\/xenonkungen.com\/es\/wp-json\/wp\/v2\/product_tag?post=2412"}],"curies":[{"name":"wp","href":"https:\/\/api.w.org\/{rel}","templated":true}]}}