{"id":24493,"date":"2026-01-12T09:20:16","date_gmt":"2026-01-12T08:20:16","guid":{"rendered":"https:\/\/xenonkungen.com\/?post_type=product&#038;p=24493"},"modified":"2026-04-17T12:09:49","modified_gmt":"2026-04-17T11:09:49","slug":"osram-roadflare-v16-iot","status":"publish","type":"product","link":"https:\/\/xenonkungen.com\/es\/producto\/osram-roadflare-v16-iot\/","title":{"rendered":"Osram Roadflare V16 IoT"},"content":{"rendered":"<h3><b>Acerca del producto<\/b><\/h3>\n<p class=\"p3\">De <span class=\"s2\">1 de enero de 2026<\/span> La luz de advertencia V16 es obligatoria en Espa\u00f1a. Sustituye al cl\u00e1sico tri\u00e1ngulo de advertencia y permite advertir a otros usuarios de la v\u00eda. <span class=\"s2\">Sin que tengas que salir del veh\u00edculo<\/span>.<\/p>\n<p class=\"p3\">Esta l\u00e1mpara IoT V16 es <span class=\"s2\">Certificado DGT 3.0<\/span> Y conectado directamente al sistema oficial de tr\u00e1fico de Espa\u00f1a. Al activarse la luz, la posici\u00f3n del veh\u00edculo se env\u00eda de forma an\u00f3nima y en tiempo real a la DGT, lo que aumenta la seguridad en caso de accidentes y paradas.<\/p>\n<p class=\"p3\">La l\u00e1mpara emite una potente <span class=\"s2\">Luz amarilla intermitente de 360\u00b0<\/span>, visible hasta <span class=\"s2\">1.000 metros<\/span>y est\u00e1 dise\u00f1ado para funcionar en condiciones clim\u00e1ticas adversas como lluvia, nieve y niebla.<\/p>\n<h3><b>Caracter\u00edsticas importantes<\/b><\/h3>\n<ul>\n<li>\n<p class=\"p1\">Obligatorio en Espa\u00f1a desde el 1 de enero de 2026<\/p>\n<\/li>\n<li>\n<p class=\"p1\">Reemplaza el tri\u00e1ngulo de advertencia<\/p>\n<\/li>\n<li>\n<p class=\"p1\"><b>Certificado DGT 3.0 y V16<\/b><b><\/b><\/p>\n<\/li>\n<li>\n<p class=\"p1\">Tarjeta SIM incorporada (conexi\u00f3n hasta 12 a\u00f1os)<\/p>\n<\/li>\n<li>\n<p class=\"p1\">Transferencia an\u00f3nima de datos a la plataforma DGT 3.0<\/p>\n<\/li>\n<li>\n<p class=\"p1\">Posicionamiento del veh\u00edculo en tiempo real<\/p>\n<\/li>\n<li>\n<p class=\"p1\">Luz de advertencia intermitente de 360\u00b0 (\u00e1mbar)<\/p>\n<\/li>\n<li>\n<p class=\"p1\">Brillo: <span class=\"s1\"><b>140 l\u00famenes<\/b><b><\/b><\/span><\/p>\n<\/li>\n<li>\n<p class=\"p1\">Alcance: hasta <span class=\"s1\"><b>1.000 metros<\/b><b><\/b><\/span><\/p>\n<\/li>\n<li>\n<p class=\"p1\">Color claro: <span class=\"s1\"><b>1900 mil<\/b><b><\/b><\/span><\/p>\n<\/li>\n<li>\n<p class=\"p1\">10 LED de alto rendimiento<\/p>\n<\/li>\n<li>\n<p class=\"p1\">Duraci\u00f3n de la bater\u00eda hasta <span class=\"s1\"><b>2,5 horas<\/b><b><\/b><\/span><\/p>\n<\/li>\n<li>\n<p class=\"p1\">Indicador de bater\u00eda<\/p>\n<\/li>\n<li>\n<p class=\"p1\"><b>1 bater\u00eda de 9 V incluida<\/b><b><\/b><\/p>\n<\/li>\n<li>\n<p class=\"p1\">Base magn\u00e9tica para montaje r\u00e1pido en el techo.<\/p>\n<\/li>\n<li>\n<p class=\"p1\">Compacto, ligero y f\u00e1cil de usar.<\/p>\n<\/li>\n<li>\n<p class=\"p1\">Resiste lluvia, nieve y niebla.<\/p>\n<\/li>\n<li>\n<p class=\"p1\">Etiquetado CE<\/p>\n<\/li>\n<\/ul>\n<h3><b>Uso y reglas<\/b><\/h3>\n<ul>\n<li>\n<p class=\"p1\">Obligatorio para todos los conductores en Espa\u00f1a a partir de 2026<\/p>\n<\/li>\n<li>\n<p class=\"p1\">Tambi\u00e9n se aplica a conductores de otros pa\u00edses que circulen en Espa\u00f1a.<\/p>\n<\/li>\n<li>\n<p class=\"p1\">El conductor no necesita salir del veh\u00edculo en caso de accidente o aver\u00eda<\/p>\n<\/li>\n<li>\n<p class=\"p1\">La l\u00e1mpara se\u00f1ala digitalmente la posici\u00f3n del veh\u00edculo a la DGT 3.0<\/p>\n<\/li>\n<li>\n<p class=\"p1\">Advertencia visible hasta 1 km<\/p>\n<\/li>\n<li>\n<p class=\"p1\">Reemplaza <span class=\"s1\"><b>no<\/b><\/span> contacto con la polic\u00eda, ambulancia o servicios de rescate<\/p>\n<\/li>\n<\/ul>\n<p class=\"p3\">Tenga en cuenta que las normativas pueden variar seg\u00fan el pa\u00eds. Consulte siempre los requisitos legales locales al utilizar el producto fuera de Espa\u00f1a.<\/p>","protected":false},"excerpt":{"rendered":"<p>Om produkten Fr\u00e5n och med 1 januari 2026 \u00e4r V16-varningslampa obligatorisk i Spanien. Den ers\u00e4tter den klassiska varningstriangeln och g\u00f6r det m\u00f6jligt att varna andra trafikanter utan att du beh\u00f6ver l\u00e4mna fordonet. Denna V16 IoT-lampa \u00e4r DGT 3.0-certifierad och ansluten direkt till Spaniens officiella trafiksystem. N\u00e4r lampan aktiveras skickas fordonets position anonymt och i realtid [&hellip;]<\/p>","protected":false},"featured_media":24844,"comment_status":"open","ping_status":"closed","template":"","meta":{"_acf_changed":false,"_smort_price_nok":"601","_smort_price_dkk":"","_smort_price_eur":"","_smort_sale_price_nok":"601","_smort_sale_price_dkk":"","_smort_sale_price_eur":"","smort_restorder":"","shipmondo_restorder":"","_kad_blocks_custom_css":"","_kad_blocks_head_custom_js":"","_kad_blocks_body_custom_js":"","_kad_blocks_footer_custom_js":"","smort_custom_pricelist_1":"508.8","smort_custom_pricelist_2":"445.2","smort_custom_pricelist_3":"413.4","smort_custom_pricelist_4":"636","smort_custom_pricelist_5":"445.2"},"anvandningsomrade":[],"bilmarken":[],"product_brand":[108],"product_cat":[2587,2579,2554,16,934,1061],"product_tag":[],"class_list":{"0":"post-24493","1":"product","2":"type-product","3":"status-publish","4":"has-post-thumbnail","6":"product_brand-osram","7":"product_cat-blixtljus-varningsljus-varningsljus","8":"product_cat-blixtljus-varningsljus","9":"product_cat-portabla-varningsljus","10":"product_cat-uncategorized","11":"product_cat-blixtljus","12":"product_cat-varningsljus","14":"first","15":"instock","16":"taxable","17":"shipping-taxable","18":"purchasable","19":"product-type-simple"},"bundled_by":[],"bundle_stock_status":"instock","bundle_stock_quantity":10,"bundle_virtual":false,"bundle_layout":"","bundle_add_to_cart_form_location":"","bundle_editable_in_cart":false,"bundle_sold_individually_context":"","bundle_item_grouping":"","bundle_min_size":"","bundle_max_size":"","bundle_price":[],"bundled_items":[],"bundle_sell_ids":[],"acf":[],"yoast_head":"<!-- This site is optimized with the Yoast SEO plugin v27.0 - https:\/\/yoast.com\/product\/yoast-seo-wordpress\/ -->\n<title>Osram Roadflare V16 IOT - Xenonkungen<\/title>\n<meta name=\"robots\" content=\"index, follow, max-snippet:-1, max-image-preview:large, max-video-preview:-1\" \/>\n<link rel=\"canonical\" href=\"https:\/\/xenonkungen.com\/es\/producto\/osram-roadflare-v16-iot\/\" \/>\n<meta property=\"og:locale\" content=\"es_ES\" \/>\n<meta property=\"og:type\" content=\"article\" \/>\n<meta property=\"og:title\" content=\"Osram Roadflare V16 IOT - Xenonkungen\" \/>\n<meta property=\"og:description\" content=\"Om produkten Fr\u00e5n och med 1 januari 2026 \u00e4r V16-varningslampa obligatorisk i Spanien. Den ers\u00e4tter den klassiska varningstriangeln och g\u00f6r det m\u00f6jligt att varna andra trafikanter utan att du beh\u00f6ver l\u00e4mna fordonet. Denna V16 IoT-lampa \u00e4r DGT 3.0-certifierad och ansluten direkt till Spaniens officiella trafiksystem. N\u00e4r lampan aktiveras skickas fordonets position anonymt och i realtid [&hellip;]\" \/>\n<meta property=\"og:url\" content=\"https:\/\/xenonkungen.com\/es\/producto\/osram-roadflare-v16-iot\/\" \/>\n<meta property=\"og:site_name\" content=\"Xenonkungen\" \/>\n<meta property=\"article:modified_time\" content=\"2026-04-17T11:09:49+00:00\" \/>\n<meta property=\"og:image\" content=\"https:\/\/xenonkungen.com\/wp-content\/uploads\/2026\/01\/Small-for-web-and-ppt-PI_ARF-2023-02160_LEDguardian_ROAD_FLARE_Signal_V16_IoT_LEDSL105_Top_Light_02.jpg\" \/>\n\t<meta property=\"og:image:width\" content=\"1024\" \/>\n\t<meta property=\"og:image:height\" content=\"1024\" \/>\n\t<meta property=\"og:image:type\" content=\"image\/jpeg\" \/>\n<meta name=\"twitter:card\" content=\"summary_large_image\" \/>\n<meta name=\"twitter:label1\" content=\"Tiempo de lectura\" \/>\n\t<meta name=\"twitter:data1\" content=\"2 minutos\" \/>\n<script type=\"application\/ld+json\" class=\"yoast-schema-graph\">{\"@context\":\"https:\/\/schema.org\",\"@graph\":[{\"@type\":\"WebPage\",\"@id\":\"https:\/\/xenonkungen.com\/produkt\/osram-roadflare-v16-iot\/\",\"url\":\"https:\/\/xenonkungen.com\/produkt\/osram-roadflare-v16-iot\/\",\"name\":\"Osram Roadflare V16 IOT - Xenonkungen\",\"isPartOf\":{\"@id\":\"https:\/\/xenonkungen.com\/#website\"},\"primaryImageOfPage\":{\"@id\":\"https:\/\/xenonkungen.com\/produkt\/osram-roadflare-v16-iot\/#primaryimage\"},\"image\":{\"@id\":\"https:\/\/xenonkungen.com\/produkt\/osram-roadflare-v16-iot\/#primaryimage\"},\"thumbnailUrl\":\"https:\/\/xenonkungen.com\/wp-content\/uploads\/2026\/01\/Small-for-web-and-ppt-PI_ARF-2023-02160_LEDguardian_ROAD_FLARE_Signal_V16_IoT_LEDSL105_Top_Light_02.jpg\",\"datePublished\":\"2026-01-12T08:20:16+00:00\",\"dateModified\":\"2026-04-17T11:09:49+00:00\",\"breadcrumb\":{\"@id\":\"https:\/\/xenonkungen.com\/produkt\/osram-roadflare-v16-iot\/#breadcrumb\"},\"inLanguage\":\"es\",\"potentialAction\":[{\"@type\":\"ReadAction\",\"target\":[\"https:\/\/xenonkungen.com\/produkt\/osram-roadflare-v16-iot\/\"]}]},{\"@type\":\"ImageObject\",\"inLanguage\":\"es\",\"@id\":\"https:\/\/xenonkungen.com\/produkt\/osram-roadflare-v16-iot\/#primaryimage\",\"url\":\"https:\/\/xenonkungen.com\/wp-content\/uploads\/2026\/01\/Small-for-web-and-ppt-PI_ARF-2023-02160_LEDguardian_ROAD_FLARE_Signal_V16_IoT_LEDSL105_Top_Light_02.jpg\",\"contentUrl\":\"https:\/\/xenonkungen.com\/wp-content\/uploads\/2026\/01\/Small-for-web-and-ppt-PI_ARF-2023-02160_LEDguardian_ROAD_FLARE_Signal_V16_IoT_LEDSL105_Top_Light_02.jpg\",\"width\":1024,\"height\":1024},{\"@type\":\"BreadcrumbList\",\"@id\":\"https:\/\/xenonkungen.com\/produkt\/osram-roadflare-v16-iot\/#breadcrumb\",\"itemListElement\":[{\"@type\":\"ListItem\",\"position\":1,\"name\":\"Hem\",\"item\":\"https:\/\/xenonkungen.com\/\"},{\"@type\":\"ListItem\",\"position\":2,\"name\":\"Shop\",\"item\":\"https:\/\/xenonkungen.com\/shop\/\"},{\"@type\":\"ListItem\",\"position\":3,\"name\":\"Osram Roadflare V16 IOT\"}]},{\"@type\":\"WebSite\",\"@id\":\"https:\/\/xenonkungen.com\/#website\",\"url\":\"https:\/\/xenonkungen.com\/\",\"name\":\"Xenonkungen\",\"description\":\"\",\"potentialAction\":[{\"@type\":\"SearchAction\",\"target\":{\"@type\":\"EntryPoint\",\"urlTemplate\":\"https:\/\/xenonkungen.com\/?s={search_term_string}\"},\"query-input\":{\"@type\":\"PropertyValueSpecification\",\"valueRequired\":true,\"valueName\":\"search_term_string\"}}],\"inLanguage\":\"es\"}]}<\/script>\n<!-- \/ Yoast SEO plugin. -->","yoast_head_json":{"title":"Osram Roadflare V16 IOT: El rey del xen\u00f3n","robots":{"index":"index","follow":"follow","max-snippet":"max-snippet:-1","max-image-preview":"max-image-preview:large","max-video-preview":"max-video-preview:-1"},"canonical":"https:\/\/xenonkungen.com\/es\/producto\/osram-roadflare-v16-iot\/","og_locale":"es_ES","og_type":"article","og_title":"Osram Roadflare V16 IOT - Xenonkungen","og_description":"Om produkten Fr\u00e5n och med 1 januari 2026 \u00e4r V16-varningslampa obligatorisk i Spanien. Den ers\u00e4tter den klassiska varningstriangeln och g\u00f6r det m\u00f6jligt att varna andra trafikanter utan att du beh\u00f6ver l\u00e4mna fordonet. Denna V16 IoT-lampa \u00e4r DGT 3.0-certifierad och ansluten direkt till Spaniens officiella trafiksystem. N\u00e4r lampan aktiveras skickas fordonets position anonymt och i realtid [&hellip;]","og_url":"https:\/\/xenonkungen.com\/es\/producto\/osram-roadflare-v16-iot\/","og_site_name":"Xenonkungen","article_modified_time":"2026-04-17T11:09:49+00:00","og_image":[{"width":1024,"height":1024,"url":"https:\/\/xenonkungen.com\/wp-content\/uploads\/2026\/01\/Small-for-web-and-ppt-PI_ARF-2023-02160_LEDguardian_ROAD_FLARE_Signal_V16_IoT_LEDSL105_Top_Light_02.jpg","type":"image\/jpeg"}],"twitter_card":"summary_large_image","twitter_misc":{"Tiempo de lectura":"2 minutos"},"schema":{"@context":"https:\/\/schema.org","@graph":[{"@type":"WebPage","@id":"https:\/\/xenonkungen.com\/produkt\/osram-roadflare-v16-iot\/","url":"https:\/\/xenonkungen.com\/produkt\/osram-roadflare-v16-iot\/","name":"Osram Roadflare V16 IOT: El rey del xen\u00f3n","isPartOf":{"@id":"https:\/\/xenonkungen.com\/#website"},"primaryImageOfPage":{"@id":"https:\/\/xenonkungen.com\/produkt\/osram-roadflare-v16-iot\/#primaryimage"},"image":{"@id":"https:\/\/xenonkungen.com\/produkt\/osram-roadflare-v16-iot\/#primaryimage"},"thumbnailUrl":"https:\/\/xenonkungen.com\/wp-content\/uploads\/2026\/01\/Small-for-web-and-ppt-PI_ARF-2023-02160_LEDguardian_ROAD_FLARE_Signal_V16_IoT_LEDSL105_Top_Light_02.jpg","datePublished":"2026-01-12T08:20:16+00:00","dateModified":"2026-04-17T11:09:49+00:00","breadcrumb":{"@id":"https:\/\/xenonkungen.com\/produkt\/osram-roadflare-v16-iot\/#breadcrumb"},"inLanguage":"es","potentialAction":[{"@type":"ReadAction","target":["https:\/\/xenonkungen.com\/produkt\/osram-roadflare-v16-iot\/"]}]},{"@type":"ImageObject","inLanguage":"es","@id":"https:\/\/xenonkungen.com\/produkt\/osram-roadflare-v16-iot\/#primaryimage","url":"https:\/\/xenonkungen.com\/wp-content\/uploads\/2026\/01\/Small-for-web-and-ppt-PI_ARF-2023-02160_LEDguardian_ROAD_FLARE_Signal_V16_IoT_LEDSL105_Top_Light_02.jpg","contentUrl":"https:\/\/xenonkungen.com\/wp-content\/uploads\/2026\/01\/Small-for-web-and-ppt-PI_ARF-2023-02160_LEDguardian_ROAD_FLARE_Signal_V16_IoT_LEDSL105_Top_Light_02.jpg","width":1024,"height":1024},{"@type":"BreadcrumbList","@id":"https:\/\/xenonkungen.com\/produkt\/osram-roadflare-v16-iot\/#breadcrumb","itemListElement":[{"@type":"ListItem","position":1,"name":"Hem","item":"https:\/\/xenonkungen.com\/"},{"@type":"ListItem","position":2,"name":"Shop","item":"https:\/\/xenonkungen.com\/shop\/"},{"@type":"ListItem","position":3,"name":"Osram Roadflare V16 IOT"}]},{"@type":"WebSite","@id":"https:\/\/xenonkungen.com\/#website","url":"https:\/\/xenonkungen.com\/","name":"Xenonkungen","description":"","potentialAction":[{"@type":"SearchAction","target":{"@type":"EntryPoint","urlTemplate":"https:\/\/xenonkungen.com\/?s={search_term_string}"},"query-input":{"@type":"PropertyValueSpecification","valueRequired":true,"valueName":"search_term_string"}}],"inLanguage":"es"}]}},"taxonomy_info":{"product_brand":[{"value":108,"label":"OSRAM"}],"product_cat":[{"value":2587,"label":"Blixtljus\/Varningsljus"},{"value":2579,"label":"Blixtljus\/Varningsljus"},{"value":2554,"label":"Portabla varningsljus"},{"value":16,"label":"Uncategorized"},{"value":934,"label":"Blixtljus"},{"value":1061,"label":"Varningsljus"}]},"featured_image_src_large":["https:\/\/xenonkungen.com\/wp-content\/uploads\/2026\/01\/Small-for-web-and-ppt-PI_ARF-2023-02160_LEDguardian_ROAD_FLARE_Signal_V16_IoT_LEDSL105_Top_Light_02.jpg",1024,1024,false],"author_info":[],"comment_info":0,"_links":{"self":[{"href":"https:\/\/xenonkungen.com\/es\/wp-json\/wp\/v2\/product\/24493","targetHints":{"allow":["GET"]}}],"collection":[{"href":"https:\/\/xenonkungen.com\/es\/wp-json\/wp\/v2\/product"}],"about":[{"href":"https:\/\/xenonkungen.com\/es\/wp-json\/wp\/v2\/types\/product"}],"replies":[{"embeddable":true,"href":"https:\/\/xenonkungen.com\/es\/wp-json\/wp\/v2\/comments?post=24493"}],"wp:featuredmedia":[{"embeddable":true,"href":"https:\/\/xenonkungen.com\/es\/wp-json\/wp\/v2\/media\/24844"}],"wp:attachment":[{"href":"https:\/\/xenonkungen.com\/es\/wp-json\/wp\/v2\/media?parent=24493"}],"wp:term":[{"taxonomy":"anvandningsomrade","embeddable":true,"href":"https:\/\/xenonkungen.com\/es\/wp-json\/wp\/v2\/anvandningsomrade?post=24493"},{"taxonomy":"bilmarken","embeddable":true,"href":"https:\/\/xenonkungen.com\/es\/wp-json\/wp\/v2\/bilmarken?post=24493"},{"taxonomy":"product_brand","embeddable":true,"href":"https:\/\/xenonkungen.com\/es\/wp-json\/wp\/v2\/product_brand?post=24493"},{"taxonomy":"product_cat","embeddable":true,"href":"https:\/\/xenonkungen.com\/es\/wp-json\/wp\/v2\/product_cat?post=24493"},{"taxonomy":"product_tag","embeddable":true,"href":"https:\/\/xenonkungen.com\/es\/wp-json\/wp\/v2\/product_tag?post=24493"}],"curies":[{"name":"wp","href":"https:\/\/api.w.org\/{rel}","templated":true}]}}