{"id":2452,"date":"2025-04-15T08:37:39","date_gmt":"2025-04-15T08:37:39","guid":{"rendered":"https:\/\/xenonkungen.com\/product\/nightshift-wl40-arbetsljus-backljus-1920lm-r10-ip68\/"},"modified":"2026-05-04T10:49:33","modified_gmt":"2026-05-04T09:49:33","slug":"luxtar-wl40-arbetsljus-backljus-1920lm-r10-ip68","status":"publish","type":"product","link":"https:\/\/xenonkungen.com\/es\/producto\/luxtar-wl40-arbetsljus-backljus-1920lm-r10-ip68\/","title":{"rendered":"Luxtar\u00ae WL40 Arbetsljus backljus 1920lm | R10 | IP68"},"content":{"rendered":"<h1>WL40 Luz de trabajo, luz de marcha atr\u00e1s<\/h1>\n<p>Perfecto como luz de marcha atr\u00e1s brillante, como &#039;luz adicional&#039; para veh\u00edculos m\u00e1s peque\u00f1os (ATV, scooter), luz de trabajo detr\u00e1s de la cabina de un remolque, etc. donde desea una buena luz en un formato delgado.<\/p>\n<p>La l\u00e1mpara est\u00e1 equipada con LED Samsung (40 W). Productos similares en el mercado suelen tener LED de 18 W, lo que hace que la Nightshift Combo WL40 sea al menos el doble de brillante.<\/p>\n<p>Reemplaza el art\u00edculo 158022 Luz de trabajo Cree de 30 W que proporcionaba 1920 l\u00famenes reales.<br \/>\nPuede montarse de pie o colgado.<\/p>\n<p><strong>Es bueno saberlo<\/strong><br \/>\nLampan \u00e4r CE-godk\u00e4nd och uppfyller ECE-R10. Luxtar WL40 \u00e4r utrustat med ett EMC-filter vilket inte st\u00f6r ut annan elektronisk utrustning.<\/p>","protected":false},"excerpt":{"rendered":"<p>Nightshift\u00ae WL40 Combo es una nueva serie de luces de trabajo asequibles, robustas, con baja p\u00e9rdida de luz y con un patr\u00f3n de luz combinado que ofrece una iluminaci\u00f3n amplia y prolongada. Perfectas para el turno de noche o como luz de reversa en su coche o cami\u00f3n.<\/p>\n<p>Multivolt<br \/>\n10-30 V CC<\/p>\n<p>Consumo<br \/>\n24 vatios<\/p>\n<p>Cantidad de luz<br \/>\n1931 l\u00famenes (reales)<\/p>\n<p>Certificado<br \/>\nECE| RoHS| CE<\/p>\n<p>Grado de protecci\u00f3n contra la humedad<br \/>\nIP68<\/p>\n<p>Garant\u00eda<br \/>\n1 a\u00f1o<\/p>","protected":false},"featured_media":2453,"comment_status":"closed","ping_status":"closed","template":"","meta":{"_acf_changed":false,"_smort_price_nok":"529","_smort_price_dkk":"336","_smort_price_eur":"45","_smort_sale_price_nok":"","_smort_sale_price_dkk":"","_smort_sale_price_eur":"36","smort_restorder":"","shipmondo_restorder":"","_kad_blocks_custom_css":"","_kad_blocks_head_custom_js":"","_kad_blocks_body_custom_js":"","_kad_blocks_footer_custom_js":"","smort_custom_pricelist_1":"316.8","smort_custom_pricelist_2":"237.6","smort_custom_pricelist_3":"225.72","smort_custom_pricelist_4":"396","smort_custom_pricelist_5":"237.6"},"anvandningsomrade":[166,238],"bilmarken":[],"product_brand":[103],"product_cat":[2479,2585,2480,508],"product_tag":[],"class_list":{"0":"post-2452","1":"product","2":"type-product","3":"status-publish","4":"has-post-thumbnail","6":"anvandningsomrade-lastbil","7":"anvandningsomrade-slap","8":"product_brand-luxtar","9":"product_cat-backljus-backljus","10":"product_cat-backljus","11":"product_cat-nightshift","12":"product_cat-arbetsbelysning","13":"pa_faktisk-effekts-forbrukning-803","14":"pa_fargtemperatur-6000k","15":"pa_godkannande-ece-r10-e9","16":"pa_lampsockel-kontakt-dt","17":"pa_ljusbild-combo","18":"pa_storlek-mm-165x36x60","19":"pa_stromforbrukning-2a12v","20":"pa_volt-v-multivolt-9-12-16-18-24-28-30-32","22":"first","23":"instock","24":"taxable","25":"shipping-taxable","26":"purchasable","27":"product-type-simple"},"bundled_by":[],"bundle_stock_status":"instock","bundle_stock_quantity":381,"bundle_virtual":false,"bundle_layout":"","bundle_add_to_cart_form_location":"","bundle_editable_in_cart":false,"bundle_sold_individually_context":"","bundle_item_grouping":"","bundle_min_size":"","bundle_max_size":"","bundle_price":[],"bundled_items":[],"bundle_sell_ids":[],"acf":[],"yoast_head":"<!-- This site is optimized with the Yoast SEO plugin v27.0 - https:\/\/yoast.com\/product\/yoast-seo-wordpress\/ -->\n<title>Luxtar\u00ae WL40 Arbetsljus backljus 1920lm | R10 | IP68 - Xenonkungen<\/title>\n<meta name=\"robots\" content=\"index, follow, max-snippet:-1, max-image-preview:large, max-video-preview:-1\" \/>\n<link rel=\"canonical\" href=\"https:\/\/xenonkungen.com\/es\/producto\/luxtar-wl40-arbetsljus-backljus-1920lm-r10-ip68\/\" \/>\n<meta property=\"og:locale\" content=\"es_ES\" \/>\n<meta property=\"og:type\" content=\"article\" \/>\n<meta property=\"og:title\" content=\"Luxtar\u00ae WL40 Arbetsljus backljus 1920lm | R10 | IP68 - Xenonkungen\" \/>\n<meta property=\"og:description\" content=\"Nightshift\u00ae WL40 Combo \u00e4r en ny serie prisv\u00e4rd arbetsbelysning som \u00e4r robust, har l\u00e5g ljusf\u00f6rlust, har en kombinerad ljusbild, som ger dig b\u00e5de l\u00e5ngt och brett ljus. Helt enkelt perfekt f\u00f6r nattskiftet, eller som backljus p\u00e5 din bil\/lastbil.  Multivolt 10-30V DC  F\u00f6rbrukning 24Watt  Ljusm\u00e4ngd 1931 Lumen (Faktiska)  Certifikat ECE| RoHS | CE  Fuktskyddsgrad IP68  Garanti 1 \u00e5r\" \/>\n<meta property=\"og:url\" content=\"https:\/\/xenonkungen.com\/es\/producto\/luxtar-wl40-arbetsljus-backljus-1920lm-r10-ip68\/\" \/>\n<meta property=\"og:site_name\" content=\"Xenonkungen\" \/>\n<meta property=\"article:modified_time\" content=\"2026-05-04T09:49:33+00:00\" \/>\n<meta property=\"og:image\" content=\"https:\/\/xenonkungen.com\/wp-content\/uploads\/2025\/04\/154764442-origpic-a5a448.png\" \/>\n\t<meta property=\"og:image:width\" content=\"1000\" \/>\n\t<meta property=\"og:image:height\" content=\"1000\" \/>\n\t<meta property=\"og:image:type\" content=\"image\/png\" \/>\n<meta name=\"twitter:card\" content=\"summary_large_image\" \/>\n<meta name=\"twitter:label1\" content=\"Tiempo de lectura\" \/>\n\t<meta name=\"twitter:data1\" content=\"1 minuto\" \/>\n<script type=\"application\/ld+json\" class=\"yoast-schema-graph\">{\"@context\":\"https:\/\/schema.org\",\"@graph\":[{\"@type\":\"WebPage\",\"@id\":\"https:\/\/xenonkungen.com\/produkt\/luxtar-wl40-arbetsljus-backljus-1920lm-r10-ip68\/\",\"url\":\"https:\/\/xenonkungen.com\/produkt\/luxtar-wl40-arbetsljus-backljus-1920lm-r10-ip68\/\",\"name\":\"Luxtar\u00ae WL40 Arbetsljus backljus 1920lm | R10 | IP68 - Xenonkungen\",\"isPartOf\":{\"@id\":\"https:\/\/xenonkungen.com\/#website\"},\"primaryImageOfPage\":{\"@id\":\"https:\/\/xenonkungen.com\/produkt\/luxtar-wl40-arbetsljus-backljus-1920lm-r10-ip68\/#primaryimage\"},\"image\":{\"@id\":\"https:\/\/xenonkungen.com\/produkt\/luxtar-wl40-arbetsljus-backljus-1920lm-r10-ip68\/#primaryimage\"},\"thumbnailUrl\":\"https:\/\/xenonkungen.com\/wp-content\/uploads\/2025\/04\/154764442-origpic-a5a448.png\",\"datePublished\":\"2025-04-15T08:37:39+00:00\",\"dateModified\":\"2026-05-04T09:49:33+00:00\",\"breadcrumb\":{\"@id\":\"https:\/\/xenonkungen.com\/produkt\/luxtar-wl40-arbetsljus-backljus-1920lm-r10-ip68\/#breadcrumb\"},\"inLanguage\":\"es\",\"potentialAction\":[{\"@type\":\"ReadAction\",\"target\":[\"https:\/\/xenonkungen.com\/produkt\/luxtar-wl40-arbetsljus-backljus-1920lm-r10-ip68\/\"]}]},{\"@type\":\"ImageObject\",\"inLanguage\":\"es\",\"@id\":\"https:\/\/xenonkungen.com\/produkt\/luxtar-wl40-arbetsljus-backljus-1920lm-r10-ip68\/#primaryimage\",\"url\":\"https:\/\/xenonkungen.com\/wp-content\/uploads\/2025\/04\/154764442-origpic-a5a448.png\",\"contentUrl\":\"https:\/\/xenonkungen.com\/wp-content\/uploads\/2025\/04\/154764442-origpic-a5a448.png\",\"width\":1000,\"height\":1000},{\"@type\":\"BreadcrumbList\",\"@id\":\"https:\/\/xenonkungen.com\/produkt\/luxtar-wl40-arbetsljus-backljus-1920lm-r10-ip68\/#breadcrumb\",\"itemListElement\":[{\"@type\":\"ListItem\",\"position\":1,\"name\":\"Hem\",\"item\":\"https:\/\/xenonkungen.com\/\"},{\"@type\":\"ListItem\",\"position\":2,\"name\":\"Shop\",\"item\":\"https:\/\/xenonkungen.com\/shop\/\"},{\"@type\":\"ListItem\",\"position\":3,\"name\":\"Luxtar\u00ae WL40 Arbetsljus backljus 1920lm | R10 | IP68\"}]},{\"@type\":\"WebSite\",\"@id\":\"https:\/\/xenonkungen.com\/#website\",\"url\":\"https:\/\/xenonkungen.com\/\",\"name\":\"Xenonkungen\",\"description\":\"\",\"potentialAction\":[{\"@type\":\"SearchAction\",\"target\":{\"@type\":\"EntryPoint\",\"urlTemplate\":\"https:\/\/xenonkungen.com\/?s={search_term_string}\"},\"query-input\":{\"@type\":\"PropertyValueSpecification\",\"valueRequired\":true,\"valueName\":\"search_term_string\"}}],\"inLanguage\":\"es\"}]}<\/script>\n<!-- \/ Yoast SEO plugin. -->","yoast_head_json":{"title":"Luxtar\u00ae WL40 Arbetsljus backljus 1920lm | R10 | IP68 - Xenonkungen","robots":{"index":"index","follow":"follow","max-snippet":"max-snippet:-1","max-image-preview":"max-image-preview:large","max-video-preview":"max-video-preview:-1"},"canonical":"https:\/\/xenonkungen.com\/es\/producto\/luxtar-wl40-arbetsljus-backljus-1920lm-r10-ip68\/","og_locale":"es_ES","og_type":"article","og_title":"Luxtar\u00ae WL40 Arbetsljus backljus 1920lm | R10 | IP68 - Xenonkungen","og_description":"Nightshift\u00ae WL40 Combo \u00e4r en ny serie prisv\u00e4rd arbetsbelysning som \u00e4r robust, har l\u00e5g ljusf\u00f6rlust, har en kombinerad ljusbild, som ger dig b\u00e5de l\u00e5ngt och brett ljus. Helt enkelt perfekt f\u00f6r nattskiftet, eller som backljus p\u00e5 din bil\/lastbil.  Multivolt 10-30V DC  F\u00f6rbrukning 24Watt  Ljusm\u00e4ngd 1931 Lumen (Faktiska)  Certifikat ECE| RoHS | CE  Fuktskyddsgrad IP68  Garanti 1 \u00e5r","og_url":"https:\/\/xenonkungen.com\/es\/producto\/luxtar-wl40-arbetsljus-backljus-1920lm-r10-ip68\/","og_site_name":"Xenonkungen","article_modified_time":"2026-05-04T09:49:33+00:00","og_image":[{"width":1000,"height":1000,"url":"https:\/\/xenonkungen.com\/wp-content\/uploads\/2025\/04\/154764442-origpic-a5a448.png","type":"image\/png"}],"twitter_card":"summary_large_image","twitter_misc":{"Tiempo de lectura":"1 minuto"},"schema":{"@context":"https:\/\/schema.org","@graph":[{"@type":"WebPage","@id":"https:\/\/xenonkungen.com\/produkt\/luxtar-wl40-arbetsljus-backljus-1920lm-r10-ip68\/","url":"https:\/\/xenonkungen.com\/produkt\/luxtar-wl40-arbetsljus-backljus-1920lm-r10-ip68\/","name":"Luxtar\u00ae WL40 Arbetsljus backljus 1920lm | R10 | IP68 - Xenonkungen","isPartOf":{"@id":"https:\/\/xenonkungen.com\/#website"},"primaryImageOfPage":{"@id":"https:\/\/xenonkungen.com\/produkt\/luxtar-wl40-arbetsljus-backljus-1920lm-r10-ip68\/#primaryimage"},"image":{"@id":"https:\/\/xenonkungen.com\/produkt\/luxtar-wl40-arbetsljus-backljus-1920lm-r10-ip68\/#primaryimage"},"thumbnailUrl":"https:\/\/xenonkungen.com\/wp-content\/uploads\/2025\/04\/154764442-origpic-a5a448.png","datePublished":"2025-04-15T08:37:39+00:00","dateModified":"2026-05-04T09:49:33+00:00","breadcrumb":{"@id":"https:\/\/xenonkungen.com\/produkt\/luxtar-wl40-arbetsljus-backljus-1920lm-r10-ip68\/#breadcrumb"},"inLanguage":"es","potentialAction":[{"@type":"ReadAction","target":["https:\/\/xenonkungen.com\/produkt\/luxtar-wl40-arbetsljus-backljus-1920lm-r10-ip68\/"]}]},{"@type":"ImageObject","inLanguage":"es","@id":"https:\/\/xenonkungen.com\/produkt\/luxtar-wl40-arbetsljus-backljus-1920lm-r10-ip68\/#primaryimage","url":"https:\/\/xenonkungen.com\/wp-content\/uploads\/2025\/04\/154764442-origpic-a5a448.png","contentUrl":"https:\/\/xenonkungen.com\/wp-content\/uploads\/2025\/04\/154764442-origpic-a5a448.png","width":1000,"height":1000},{"@type":"BreadcrumbList","@id":"https:\/\/xenonkungen.com\/produkt\/luxtar-wl40-arbetsljus-backljus-1920lm-r10-ip68\/#breadcrumb","itemListElement":[{"@type":"ListItem","position":1,"name":"Hem","item":"https:\/\/xenonkungen.com\/"},{"@type":"ListItem","position":2,"name":"Shop","item":"https:\/\/xenonkungen.com\/shop\/"},{"@type":"ListItem","position":3,"name":"Luxtar\u00ae WL40 Arbetsljus backljus 1920lm | R10 | IP68"}]},{"@type":"WebSite","@id":"https:\/\/xenonkungen.com\/#website","url":"https:\/\/xenonkungen.com\/","name":"Xenonkungen","description":"","potentialAction":[{"@type":"SearchAction","target":{"@type":"EntryPoint","urlTemplate":"https:\/\/xenonkungen.com\/?s={search_term_string}"},"query-input":{"@type":"PropertyValueSpecification","valueRequired":true,"valueName":"search_term_string"}}],"inLanguage":"es"}]}},"taxonomy_info":{"anvandningsomrade":[{"value":166,"label":"Lastbil"},{"value":238,"label":"SL\u00c4P"}],"product_brand":[{"value":103,"label":"LUXTAR"}],"product_cat":[{"value":2479,"label":"Backljus"},{"value":2585,"label":"Backljus"},{"value":2480,"label":"Nightshift"},{"value":508,"label":"Arbetsbelysning"}],"pa_faktisk-effekts-forbrukning":[{"value":803,"label":"24"}],"pa_fargtemperatur":[{"value":188,"label":"6000K"}],"pa_godkannande":[{"value":806,"label":"ECE, R10, E9"}],"pa_lampsockel-kontakt":[{"value":329,"label":"DT"}],"pa_ljusbild":[{"value":804,"label":"Combo"}],"pa_storlek-mm":[{"value":802,"label":"165x36x60"}],"pa_stromforbrukning":[{"value":805,"label":"2A@12V"}],"pa_volt-v":[{"value":521,"label":"Multivolt, 9, 12, 16, 18, 24, 28, 30, 32"}]},"featured_image_src_large":["https:\/\/xenonkungen.com\/wp-content\/uploads\/2025\/04\/154764442-origpic-a5a448.png",1000,1000,false],"author_info":[],"comment_info":1,"_links":{"self":[{"href":"https:\/\/xenonkungen.com\/es\/wp-json\/wp\/v2\/product\/2452","targetHints":{"allow":["GET"]}}],"collection":[{"href":"https:\/\/xenonkungen.com\/es\/wp-json\/wp\/v2\/product"}],"about":[{"href":"https:\/\/xenonkungen.com\/es\/wp-json\/wp\/v2\/types\/product"}],"replies":[{"embeddable":true,"href":"https:\/\/xenonkungen.com\/es\/wp-json\/wp\/v2\/comments?post=2452"}],"wp:featuredmedia":[{"embeddable":true,"href":"https:\/\/xenonkungen.com\/es\/wp-json\/wp\/v2\/media\/2453"}],"wp:attachment":[{"href":"https:\/\/xenonkungen.com\/es\/wp-json\/wp\/v2\/media?parent=2452"}],"wp:term":[{"taxonomy":"anvandningsomrade","embeddable":true,"href":"https:\/\/xenonkungen.com\/es\/wp-json\/wp\/v2\/anvandningsomrade?post=2452"},{"taxonomy":"bilmarken","embeddable":true,"href":"https:\/\/xenonkungen.com\/es\/wp-json\/wp\/v2\/bilmarken?post=2452"},{"taxonomy":"product_brand","embeddable":true,"href":"https:\/\/xenonkungen.com\/es\/wp-json\/wp\/v2\/product_brand?post=2452"},{"taxonomy":"product_cat","embeddable":true,"href":"https:\/\/xenonkungen.com\/es\/wp-json\/wp\/v2\/product_cat?post=2452"},{"taxonomy":"product_tag","embeddable":true,"href":"https:\/\/xenonkungen.com\/es\/wp-json\/wp\/v2\/product_tag?post=2452"}],"curies":[{"name":"wp","href":"https:\/\/api.w.org\/{rel}","templated":true}]}}