{"id":2471,"date":"2025-04-15T08:37:55","date_gmt":"2025-04-15T08:37:55","guid":{"rendered":"https:\/\/xenonkungen.com\/product\/luxtar-x-serie-sidofaste\/"},"modified":"2026-05-08T13:27:29","modified_gmt":"2026-05-08T12:27:29","slug":"montaje-lateral-de-la-serie-luxtar-x","status":"publish","type":"product","link":"https:\/\/xenonkungen.com\/es\/producto\/montaje-lateral-de-la-serie-luxtar-x\/","title":{"rendered":"LUXTAR\u00ae Serie X Montaje lateral"},"content":{"rendered":"<h1>Soportes laterales para rampas articuladas de la serie X<\/h1>\n<p>Patas de fijaci\u00f3n para montar su barra de luces Luxtar en sus lados cortos.<\/p>\n<p>Apto para todos <strong>Serie X<\/strong> rampas.<br \/>Acero inoxidable.<\/p>\n<p><strong>\u00a1Atenci\u00f3n!<\/strong><br \/>Los modelos X6, X8, X10 y X12 se entregan con estas patas laterales de serie.<\/p>\n<p>Para los dem\u00e1s modelos, del X16 al X50, estas patas laterales son accesorios opcionales. Se suministran de serie con soportes atornillados.<br \/>Consulte la informaci\u00f3n en la imagen si desea instalar patas laterales en el modelo X16-X50.<\/p>\n<p>Juego para el lado oeste\/alto incl. tornillos, etc.<\/p>","protected":false},"excerpt":{"rendered":"<p>Sidof\u00e4sten f\u00f6r X-serie ledramper F\u00e4stben f\u00f6r montage av din Luxtar ljusramp p\u00e5 dess kortsidor. Passar alla X-Series ramper.Rostfritt st\u00e5l. Obs!Modell X6, X8, X10 och X12 levereras med dessa sidoben som standardutf\u00f6rande. F\u00f6r \u00f6vriga modeller fr\u00e5n X16 till X50 \u00e4r dessa sidoben extra tillbeh\u00f6r. De levereras med bultf\u00e4sten som standardutf\u00f6rande.Se info p\u00e5 bild om du avser [&hellip;]<\/p>","protected":false},"featured_media":2472,"comment_status":"closed","ping_status":"open","template":"","meta":{"_acf_changed":false,"_smort_price_nok":"101","_smort_price_dkk":"64","_smort_price_eur":"8.64","_smort_sale_price_nok":"","_smort_sale_price_dkk":"","_smort_sale_price_eur":"","smort_restorder":"","shipmondo_restorder":"","_kad_blocks_custom_css":"","_kad_blocks_head_custom_js":"","_kad_blocks_body_custom_js":"","_kad_blocks_footer_custom_js":"","smort_custom_pricelist_1":"60.8","smort_custom_pricelist_2":"53.2","smort_custom_pricelist_3":"50.54","smort_custom_pricelist_4":"76","smort_custom_pricelist_5":"53.2"},"anvandningsomrade":[],"bilmarken":[],"product_brand":[103],"product_cat":[2971,2826,390],"product_tag":[],"class_list":{"0":"post-2471","1":"product","2":"type-product","3":"status-publish","4":"has-post-thumbnail","6":"product_brand-luxtar","7":"product_cat-ledramp-fasten","8":"product_cat-luxtar","9":"product_cat-installation","11":"first","12":"instock","13":"taxable","14":"shipping-taxable","15":"purchasable","16":"product-type-simple"},"bundled_by":[],"bundle_stock_status":"instock","bundle_stock_quantity":103,"bundle_virtual":false,"bundle_layout":"","bundle_add_to_cart_form_location":"","bundle_editable_in_cart":false,"bundle_sold_individually_context":"","bundle_item_grouping":"","bundle_min_size":"","bundle_max_size":"","bundle_price":[],"bundled_items":[],"bundle_sell_ids":[],"acf":[],"yoast_head":"<!-- This site is optimized with the Yoast SEO plugin v27.0 - https:\/\/yoast.com\/product\/yoast-seo-wordpress\/ -->\n<title>LUXTAR\u00ae X-Serie Sidof\u00e4ste - Xenonkungen<\/title>\n<meta name=\"robots\" content=\"index, follow, max-snippet:-1, max-image-preview:large, max-video-preview:-1\" \/>\n<link rel=\"canonical\" href=\"https:\/\/xenonkungen.com\/es\/producto\/montaje-lateral-de-la-serie-luxtar-x\/\" \/>\n<meta property=\"og:locale\" content=\"es_ES\" \/>\n<meta property=\"og:type\" content=\"article\" \/>\n<meta property=\"og:title\" content=\"LUXTAR\u00ae X-Serie Sidof\u00e4ste - Xenonkungen\" \/>\n<meta property=\"og:description\" content=\"Sidof\u00e4sten f\u00f6r X-serie ledramper F\u00e4stben f\u00f6r montage av din Luxtar ljusramp p\u00e5 dess kortsidor. Passar alla X-Series ramper.Rostfritt st\u00e5l. Obs!Modell X6, X8, X10 och X12 levereras med dessa sidoben som standardutf\u00f6rande. F\u00f6r \u00f6vriga modeller fr\u00e5n X16 till X50 \u00e4r dessa sidoben extra tillbeh\u00f6r. De levereras med bultf\u00e4sten som standardutf\u00f6rande.Se info p\u00e5 bild om du avser [&hellip;]\" \/>\n<meta property=\"og:url\" content=\"https:\/\/xenonkungen.com\/es\/producto\/montaje-lateral-de-la-serie-luxtar-x\/\" \/>\n<meta property=\"og:site_name\" content=\"Xenonkungen\" \/>\n<meta property=\"article:modified_time\" content=\"2026-05-08T12:27:29+00:00\" \/>\n<meta property=\"og:image\" content=\"https:\/\/xenonkungen.com\/wp-content\/uploads\/2025\/04\/31601451-origpic-011c4e.jpg\" \/>\n\t<meta property=\"og:image:width\" content=\"1000\" \/>\n\t<meta property=\"og:image:height\" content=\"1000\" \/>\n\t<meta property=\"og:image:type\" content=\"image\/jpeg\" \/>\n<meta name=\"twitter:card\" content=\"summary_large_image\" \/>\n<script type=\"application\/ld+json\" class=\"yoast-schema-graph\">{\"@context\":\"https:\/\/schema.org\",\"@graph\":[{\"@type\":\"WebPage\",\"@id\":\"https:\/\/xenonkungen.com\/produkt\/luxtar-x-serie-sidofaste\/\",\"url\":\"https:\/\/xenonkungen.com\/produkt\/luxtar-x-serie-sidofaste\/\",\"name\":\"LUXTAR\u00ae X-Serie Sidof\u00e4ste - Xenonkungen\",\"isPartOf\":{\"@id\":\"https:\/\/xenonkungen.com\/#website\"},\"primaryImageOfPage\":{\"@id\":\"https:\/\/xenonkungen.com\/produkt\/luxtar-x-serie-sidofaste\/#primaryimage\"},\"image\":{\"@id\":\"https:\/\/xenonkungen.com\/produkt\/luxtar-x-serie-sidofaste\/#primaryimage\"},\"thumbnailUrl\":\"https:\/\/xenonkungen.com\/wp-content\/uploads\/2025\/04\/31601451-origpic-011c4e.jpg\",\"datePublished\":\"2025-04-15T08:37:55+00:00\",\"dateModified\":\"2026-05-08T12:27:29+00:00\",\"breadcrumb\":{\"@id\":\"https:\/\/xenonkungen.com\/produkt\/luxtar-x-serie-sidofaste\/#breadcrumb\"},\"inLanguage\":\"es\",\"potentialAction\":[{\"@type\":\"ReadAction\",\"target\":[\"https:\/\/xenonkungen.com\/produkt\/luxtar-x-serie-sidofaste\/\"]}]},{\"@type\":\"ImageObject\",\"inLanguage\":\"es\",\"@id\":\"https:\/\/xenonkungen.com\/produkt\/luxtar-x-serie-sidofaste\/#primaryimage\",\"url\":\"https:\/\/xenonkungen.com\/wp-content\/uploads\/2025\/04\/31601451-origpic-011c4e.jpg\",\"contentUrl\":\"https:\/\/xenonkungen.com\/wp-content\/uploads\/2025\/04\/31601451-origpic-011c4e.jpg\",\"width\":1000,\"height\":1000},{\"@type\":\"BreadcrumbList\",\"@id\":\"https:\/\/xenonkungen.com\/produkt\/luxtar-x-serie-sidofaste\/#breadcrumb\",\"itemListElement\":[{\"@type\":\"ListItem\",\"position\":1,\"name\":\"Hem\",\"item\":\"https:\/\/xenonkungen.com\/\"},{\"@type\":\"ListItem\",\"position\":2,\"name\":\"Shop\",\"item\":\"https:\/\/xenonkungen.com\/shop\/\"},{\"@type\":\"ListItem\",\"position\":3,\"name\":\"LUXTAR\u00ae X-Serie Sidof\u00e4ste\"}]},{\"@type\":\"WebSite\",\"@id\":\"https:\/\/xenonkungen.com\/#website\",\"url\":\"https:\/\/xenonkungen.com\/\",\"name\":\"Xenonkungen\",\"description\":\"\",\"potentialAction\":[{\"@type\":\"SearchAction\",\"target\":{\"@type\":\"EntryPoint\",\"urlTemplate\":\"https:\/\/xenonkungen.com\/?s={search_term_string}\"},\"query-input\":{\"@type\":\"PropertyValueSpecification\",\"valueRequired\":true,\"valueName\":\"search_term_string\"}}],\"inLanguage\":\"es\"}]}<\/script>\n<!-- \/ Yoast SEO plugin. -->","yoast_head_json":{"title":"LUXTAR\u00ae Serie X de montaje lateral: el rey del xen\u00f3n","robots":{"index":"index","follow":"follow","max-snippet":"max-snippet:-1","max-image-preview":"max-image-preview:large","max-video-preview":"max-video-preview:-1"},"canonical":"https:\/\/xenonkungen.com\/es\/producto\/montaje-lateral-de-la-serie-luxtar-x\/","og_locale":"es_ES","og_type":"article","og_title":"LUXTAR\u00ae X-Serie Sidof\u00e4ste - Xenonkungen","og_description":"Sidof\u00e4sten f\u00f6r X-serie ledramper F\u00e4stben f\u00f6r montage av din Luxtar ljusramp p\u00e5 dess kortsidor. Passar alla X-Series ramper.Rostfritt st\u00e5l. Obs!Modell X6, X8, X10 och X12 levereras med dessa sidoben som standardutf\u00f6rande. F\u00f6r \u00f6vriga modeller fr\u00e5n X16 till X50 \u00e4r dessa sidoben extra tillbeh\u00f6r. De levereras med bultf\u00e4sten som standardutf\u00f6rande.Se info p\u00e5 bild om du avser [&hellip;]","og_url":"https:\/\/xenonkungen.com\/es\/producto\/montaje-lateral-de-la-serie-luxtar-x\/","og_site_name":"Xenonkungen","article_modified_time":"2026-05-08T12:27:29+00:00","og_image":[{"width":1000,"height":1000,"url":"https:\/\/xenonkungen.com\/wp-content\/uploads\/2025\/04\/31601451-origpic-011c4e.jpg","type":"image\/jpeg"}],"twitter_card":"summary_large_image","schema":{"@context":"https:\/\/schema.org","@graph":[{"@type":"WebPage","@id":"https:\/\/xenonkungen.com\/produkt\/luxtar-x-serie-sidofaste\/","url":"https:\/\/xenonkungen.com\/produkt\/luxtar-x-serie-sidofaste\/","name":"LUXTAR\u00ae Serie X de montaje lateral: el rey del xen\u00f3n","isPartOf":{"@id":"https:\/\/xenonkungen.com\/#website"},"primaryImageOfPage":{"@id":"https:\/\/xenonkungen.com\/produkt\/luxtar-x-serie-sidofaste\/#primaryimage"},"image":{"@id":"https:\/\/xenonkungen.com\/produkt\/luxtar-x-serie-sidofaste\/#primaryimage"},"thumbnailUrl":"https:\/\/xenonkungen.com\/wp-content\/uploads\/2025\/04\/31601451-origpic-011c4e.jpg","datePublished":"2025-04-15T08:37:55+00:00","dateModified":"2026-05-08T12:27:29+00:00","breadcrumb":{"@id":"https:\/\/xenonkungen.com\/produkt\/luxtar-x-serie-sidofaste\/#breadcrumb"},"inLanguage":"es","potentialAction":[{"@type":"ReadAction","target":["https:\/\/xenonkungen.com\/produkt\/luxtar-x-serie-sidofaste\/"]}]},{"@type":"ImageObject","inLanguage":"es","@id":"https:\/\/xenonkungen.com\/produkt\/luxtar-x-serie-sidofaste\/#primaryimage","url":"https:\/\/xenonkungen.com\/wp-content\/uploads\/2025\/04\/31601451-origpic-011c4e.jpg","contentUrl":"https:\/\/xenonkungen.com\/wp-content\/uploads\/2025\/04\/31601451-origpic-011c4e.jpg","width":1000,"height":1000},{"@type":"BreadcrumbList","@id":"https:\/\/xenonkungen.com\/produkt\/luxtar-x-serie-sidofaste\/#breadcrumb","itemListElement":[{"@type":"ListItem","position":1,"name":"Hem","item":"https:\/\/xenonkungen.com\/"},{"@type":"ListItem","position":2,"name":"Shop","item":"https:\/\/xenonkungen.com\/shop\/"},{"@type":"ListItem","position":3,"name":"LUXTAR\u00ae X-Serie Sidof\u00e4ste"}]},{"@type":"WebSite","@id":"https:\/\/xenonkungen.com\/#website","url":"https:\/\/xenonkungen.com\/","name":"Xenonkungen","description":"","potentialAction":[{"@type":"SearchAction","target":{"@type":"EntryPoint","urlTemplate":"https:\/\/xenonkungen.com\/?s={search_term_string}"},"query-input":{"@type":"PropertyValueSpecification","valueRequired":true,"valueName":"search_term_string"}}],"inLanguage":"es"}]}},"taxonomy_info":{"product_brand":[{"value":103,"label":"LUXTAR"}],"product_cat":[{"value":2971,"label":"F\u00e4ste till ledramp"},{"value":2826,"label":"LUXTAR"},{"value":390,"label":"Installation"}]},"featured_image_src_large":["https:\/\/xenonkungen.com\/wp-content\/uploads\/2025\/04\/31601451-origpic-011c4e.jpg",1000,1000,false],"author_info":[],"comment_info":0,"_links":{"self":[{"href":"https:\/\/xenonkungen.com\/es\/wp-json\/wp\/v2\/product\/2471","targetHints":{"allow":["GET"]}}],"collection":[{"href":"https:\/\/xenonkungen.com\/es\/wp-json\/wp\/v2\/product"}],"about":[{"href":"https:\/\/xenonkungen.com\/es\/wp-json\/wp\/v2\/types\/product"}],"replies":[{"embeddable":true,"href":"https:\/\/xenonkungen.com\/es\/wp-json\/wp\/v2\/comments?post=2471"}],"wp:featuredmedia":[{"embeddable":true,"href":"https:\/\/xenonkungen.com\/es\/wp-json\/wp\/v2\/media\/2472"}],"wp:attachment":[{"href":"https:\/\/xenonkungen.com\/es\/wp-json\/wp\/v2\/media?parent=2471"}],"wp:term":[{"taxonomy":"anvandningsomrade","embeddable":true,"href":"https:\/\/xenonkungen.com\/es\/wp-json\/wp\/v2\/anvandningsomrade?post=2471"},{"taxonomy":"bilmarken","embeddable":true,"href":"https:\/\/xenonkungen.com\/es\/wp-json\/wp\/v2\/bilmarken?post=2471"},{"taxonomy":"product_brand","embeddable":true,"href":"https:\/\/xenonkungen.com\/es\/wp-json\/wp\/v2\/product_brand?post=2471"},{"taxonomy":"product_cat","embeddable":true,"href":"https:\/\/xenonkungen.com\/es\/wp-json\/wp\/v2\/product_cat?post=2471"},{"taxonomy":"product_tag","embeddable":true,"href":"https:\/\/xenonkungen.com\/es\/wp-json\/wp\/v2\/product_tag?post=2471"}],"curies":[{"name":"wp","href":"https:\/\/api.w.org\/{rel}","templated":true}]}}