{"id":24879,"date":"2026-01-21T14:12:26","date_gmt":"2026-01-21T13:12:26","guid":{"rendered":"https:\/\/xenonkungen.com\/?post_type=product&#038;p=24879"},"modified":"2026-04-24T17:43:37","modified_gmt":"2026-04-24T16:43:37","slug":"cable-de-arranque-osram-de-150-a-en-bolsa","status":"publish","type":"product","link":"https:\/\/xenonkungen.com\/es\/producto\/cable-de-arranque-osram-de-150-a-en-bolsa\/","title":{"rendered":"Cable de arranque OSRAM 150A (BOLSA)"},"content":{"rendered":"<h3 data-start=\"342\" data-end=\"439\">Cables de arranque OSRAM BATTERYstart PROFESSIONAL 150A: cable de arranque fiable para coches y motos<\/h3>\n<p data-start=\"441\" data-end=\"749\"><strong data-start=\"441\" data-end=\"494\">Cable de arranque profesional OSRAM BATTERYstart de 150 A<\/strong> Es un arrancador de alta calidad para quienes necesitan una soluci\u00f3n segura y eficaz cuando la bater\u00eda del coche se descarga. Estos arrancadores est\u00e1n dise\u00f1ados tanto para uso privado como profesional y son aptos para motocicletas, turismos y veh\u00edculos ligeros con motor de gasolina.<\/p>\n<p data-start=\"751\" data-end=\"1018\">Con los cables de arranque de OSRAM, puede transferir la energ\u00eda de un veh\u00edculo donante a uno receptor de forma r\u00e1pida y sencilla y reanudar la marcha sin complicaciones. Gracias a su dise\u00f1o inteligente y a sus materiales duraderos, los cables de arranque ofrecen un rendimiento estable cuando realmente se necesita.<\/p>\n<p data-start=\"1020\" data-end=\"1457\">Los cables de arranque est\u00e1n fabricados en aluminio revestido de cobre, lo que proporciona una baja resistencia el\u00e9ctrica y garantiza una transferencia de energ\u00eda fluida y eficiente. Con una longitud de 2,5 metros y una secci\u00f3n transversal de 6 mm\u00b2, son aptos para motores de gasolina de hasta 1,6 litros de cilindrada. Admiten una corriente m\u00e1xima de hasta 150 A y una corriente continua de 75 A, lo que los convierte en la soluci\u00f3n ideal para el d\u00eda a d\u00eda.<\/p>\n<p data-start=\"1459\" data-end=\"1825\">El cable de arranque profesional OSRAM BATTERYstart de 150 A es compatible con sistemas de 6 V y 12 V y puede utilizarse en diversos tipos de veh\u00edculos. Para mayor seguridad, los cables est\u00e1n recubiertos de PVC flexible y duradero, mientras que las pinzas aisladas protegen contra el contacto accidental. La clara codificaci\u00f3n por colores en cables y pinzas reduce el riesgo de una conexi\u00f3n incorrecta entre los polos positivo y negativo.<\/p>\n<p data-start=\"1827\" data-end=\"2047\">Los cables de arranque incluidos se entregan en una pr\u00e1ctica bolsa de almacenamiento que facilita su almacenamiento en el coche sin ocupar espacio innecesario. El manual de usuario est\u00e1 pegado en la parte trasera de la bolsa y siempre est\u00e1 a mano cuando lo necesite.<\/p>\n<p data-start=\"2049\" data-end=\"2188\">Con 2 a\u00f1os de garant\u00eda desde <strong data-start=\"2072\" data-end=\"2113\"><span class=\"hover:entity-accent entity-underline inline cursor-pointer align-baseline\"><span class=\"whitespace-normal\">OSRAM<\/span><\/span><\/strong> Obtendr\u00e1s un cable puente que combina calidad, seguridad y larga vida \u00fatil.<\/p>\n<h3 data-start=\"2190\" data-end=\"2212\">Caracter\u00edsticas importantes<\/h3>\n<ul data-start=\"2213\" data-end=\"2581\">\n<li data-start=\"2213\" data-end=\"2251\">\n<p data-start=\"2215\" data-end=\"2251\">Arrancadores para coches y motos<\/p>\n<\/li>\n<li data-start=\"2252\" data-end=\"2280\">\n<p data-start=\"2254\" data-end=\"2280\">Corriente m\u00e1xima de hasta 150 A<\/p>\n<\/li>\n<li data-start=\"2281\" data-end=\"2314\">\n<p data-start=\"2283\" data-end=\"2314\">Corriente continua 75 A<\/p>\n<\/li>\n<li data-start=\"2315\" data-end=\"2355\">\n<p data-start=\"2317\" data-end=\"2355\">Para motores de gasolina de hasta 1,6 litros<\/p>\n<\/li>\n<li data-start=\"2356\" data-end=\"2380\">\n<p data-start=\"2358\" data-end=\"2380\">Longitud del cable 2,5 metros<\/p>\n<\/li>\n<li data-start=\"2381\" data-end=\"2405\">\n<p data-start=\"2383\" data-end=\"2405\">\u00c1rea de secci\u00f3n transversal 6 mm\u00b2<\/p>\n<\/li>\n<li data-start=\"2406\" data-end=\"2461\">\n<p data-start=\"2408\" data-end=\"2461\">Aluminio revestido de cobre para una transferencia de potencia eficiente<\/p>\n<\/li>\n<li data-start=\"2462\" data-end=\"2493\">\n<p data-start=\"2464\" data-end=\"2493\">Compatible con 6V y 12V<\/p>\n<\/li>\n<li data-start=\"2494\" data-end=\"2537\">\n<p data-start=\"2496\" data-end=\"2537\">Abrazaderas aisladas y cables codificados por colores<\/p>\n<\/li>\n<li data-start=\"2538\" data-end=\"2563\">\n<p data-start=\"2540\" data-end=\"2563\">Bolsa de almacenamiento incluida<\/p>\n<\/li>\n<li data-start=\"2564\" data-end=\"2581\">\n<p data-start=\"2566\" data-end=\"2581\">2 a\u00f1os de garant\u00eda<\/p>\n<\/li>\n<\/ul>","protected":false},"excerpt":{"rendered":"<p>Startkablar OSRAM BATTERYstart PROFESSIONAL 150A \u2013 p\u00e5litlig startkabel f\u00f6r bil och motorcykel OSRAM BATTERYstart PROFESSIONAL STARTERcable 150A \u00e4r en h\u00f6gkvalitativ startkabel f\u00f6r dig som beh\u00f6ver en s\u00e4ker och effektiv l\u00f6sning n\u00e4r bilbatteriet \u00e4r urladdat. Dessa startkablar \u00e4r utvecklade f\u00f6r b\u00e5de privat och professionellt bruk och passar motorcyklar, personbilar och l\u00e4ttare fordon med bensinmotor. Med OSRAMs [&hellip;]<\/p>","protected":false},"featured_media":24882,"comment_status":"open","ping_status":"closed","template":"","meta":{"_acf_changed":false,"_smort_price_nok":"159","_smort_price_dkk":"","_smort_price_eur":"","_smort_sale_price_nok":"","_smort_sale_price_dkk":"","_smort_sale_price_eur":"","smort_restorder":"","shipmondo_restorder":"","_kad_blocks_custom_css":"","_kad_blocks_head_custom_js":"","_kad_blocks_body_custom_js":"","_kad_blocks_footer_custom_js":"","smort_custom_pricelist_1":"95.36","smort_custom_pricelist_2":"83.44","smort_custom_pricelist_3":"77.48","smort_custom_pricelist_4":"119.2","smort_custom_pricelist_5":"83.44"},"anvandningsomrade":[],"bilmarken":[],"product_brand":[108],"product_cat":[377],"product_tag":[],"class_list":{"0":"post-24879","1":"product","2":"type-product","3":"status-publish","4":"has-post-thumbnail","6":"product_brand-osram","7":"product_cat-biltillbehor","9":"first","10":"onbackorder","11":"taxable","12":"shipping-taxable","13":"purchasable","14":"product-type-simple"},"bundled_by":[],"bundle_stock_status":"onbackorder","bundle_stock_quantity":0,"bundle_virtual":false,"bundle_layout":"","bundle_add_to_cart_form_location":"","bundle_editable_in_cart":false,"bundle_sold_individually_context":"","bundle_item_grouping":"","bundle_min_size":"","bundle_max_size":"","bundle_price":[],"bundled_items":[],"bundle_sell_ids":[],"acf":[],"yoast_head":"<!-- This site is optimized with the Yoast SEO plugin v27.0 - https:\/\/yoast.com\/product\/yoast-seo-wordpress\/ -->\n<title>OSRAM STARTERcable 150A (BAG) - Xenonkungen<\/title>\n<meta name=\"robots\" content=\"index, follow, max-snippet:-1, max-image-preview:large, max-video-preview:-1\" \/>\n<link rel=\"canonical\" href=\"https:\/\/xenonkungen.com\/es\/producto\/cable-de-arranque-osram-de-150-a-en-bolsa\/\" \/>\n<meta property=\"og:locale\" content=\"es_ES\" \/>\n<meta property=\"og:type\" content=\"article\" \/>\n<meta property=\"og:title\" content=\"OSRAM STARTERcable 150A (BAG) - Xenonkungen\" \/>\n<meta property=\"og:description\" content=\"Startkablar OSRAM BATTERYstart PROFESSIONAL 150A \u2013 p\u00e5litlig startkabel f\u00f6r bil och motorcykel OSRAM BATTERYstart PROFESSIONAL STARTERcable 150A \u00e4r en h\u00f6gkvalitativ startkabel f\u00f6r dig som beh\u00f6ver en s\u00e4ker och effektiv l\u00f6sning n\u00e4r bilbatteriet \u00e4r urladdat. Dessa startkablar \u00e4r utvecklade f\u00f6r b\u00e5de privat och professionellt bruk och passar motorcyklar, personbilar och l\u00e4ttare fordon med bensinmotor. Med OSRAMs [&hellip;]\" \/>\n<meta property=\"og:url\" content=\"https:\/\/xenonkungen.com\/es\/producto\/cable-de-arranque-osram-de-150-a-en-bolsa\/\" \/>\n<meta property=\"og:site_name\" content=\"Xenonkungen\" \/>\n<meta property=\"article:modified_time\" content=\"2026-04-24T16:43:37+00:00\" \/>\n<meta property=\"og:image\" content=\"https:\/\/xenonkungen.com\/wp-content\/uploads\/2026\/01\/Small-for-web-and-ppt-PI_ARF-2021-01596_BATTERYstart_STARTER_CABLE_150A_OSC060.jpg\" \/>\n\t<meta property=\"og:image:width\" content=\"1024\" \/>\n\t<meta property=\"og:image:height\" content=\"1024\" \/>\n\t<meta property=\"og:image:type\" content=\"image\/jpeg\" \/>\n<meta name=\"twitter:card\" content=\"summary_large_image\" \/>\n<meta name=\"twitter:label1\" content=\"Tiempo de lectura\" \/>\n\t<meta name=\"twitter:data1\" content=\"2 minutos\" \/>\n<script type=\"application\/ld+json\" class=\"yoast-schema-graph\">{\"@context\":\"https:\/\/schema.org\",\"@graph\":[{\"@type\":\"WebPage\",\"@id\":\"https:\/\/xenonkungen.com\/produkt\/osram-startercable-150a-bag\/\",\"url\":\"https:\/\/xenonkungen.com\/produkt\/osram-startercable-150a-bag\/\",\"name\":\"OSRAM STARTERcable 150A (BAG) - Xenonkungen\",\"isPartOf\":{\"@id\":\"https:\/\/xenonkungen.com\/#website\"},\"primaryImageOfPage\":{\"@id\":\"https:\/\/xenonkungen.com\/produkt\/osram-startercable-150a-bag\/#primaryimage\"},\"image\":{\"@id\":\"https:\/\/xenonkungen.com\/produkt\/osram-startercable-150a-bag\/#primaryimage\"},\"thumbnailUrl\":\"https:\/\/xenonkungen.com\/wp-content\/uploads\/2026\/01\/Small-for-web-and-ppt-PI_ARF-2021-01596_BATTERYstart_STARTER_CABLE_150A_OSC060.jpg\",\"datePublished\":\"2026-01-21T13:12:26+00:00\",\"dateModified\":\"2026-04-24T16:43:37+00:00\",\"breadcrumb\":{\"@id\":\"https:\/\/xenonkungen.com\/produkt\/osram-startercable-150a-bag\/#breadcrumb\"},\"inLanguage\":\"es\",\"potentialAction\":[{\"@type\":\"ReadAction\",\"target\":[\"https:\/\/xenonkungen.com\/produkt\/osram-startercable-150a-bag\/\"]}]},{\"@type\":\"ImageObject\",\"inLanguage\":\"es\",\"@id\":\"https:\/\/xenonkungen.com\/produkt\/osram-startercable-150a-bag\/#primaryimage\",\"url\":\"https:\/\/xenonkungen.com\/wp-content\/uploads\/2026\/01\/Small-for-web-and-ppt-PI_ARF-2021-01596_BATTERYstart_STARTER_CABLE_150A_OSC060.jpg\",\"contentUrl\":\"https:\/\/xenonkungen.com\/wp-content\/uploads\/2026\/01\/Small-for-web-and-ppt-PI_ARF-2021-01596_BATTERYstart_STARTER_CABLE_150A_OSC060.jpg\",\"width\":1024,\"height\":1024},{\"@type\":\"BreadcrumbList\",\"@id\":\"https:\/\/xenonkungen.com\/produkt\/osram-startercable-150a-bag\/#breadcrumb\",\"itemListElement\":[{\"@type\":\"ListItem\",\"position\":1,\"name\":\"Hem\",\"item\":\"https:\/\/xenonkungen.com\/\"},{\"@type\":\"ListItem\",\"position\":2,\"name\":\"Shop\",\"item\":\"https:\/\/xenonkungen.com\/shop\/\"},{\"@type\":\"ListItem\",\"position\":3,\"name\":\"OSRAM STARTERcable 150A (BAG)\"}]},{\"@type\":\"WebSite\",\"@id\":\"https:\/\/xenonkungen.com\/#website\",\"url\":\"https:\/\/xenonkungen.com\/\",\"name\":\"Xenonkungen\",\"description\":\"\",\"potentialAction\":[{\"@type\":\"SearchAction\",\"target\":{\"@type\":\"EntryPoint\",\"urlTemplate\":\"https:\/\/xenonkungen.com\/?s={search_term_string}\"},\"query-input\":{\"@type\":\"PropertyValueSpecification\",\"valueRequired\":true,\"valueName\":\"search_term_string\"}}],\"inLanguage\":\"es\"}]}<\/script>\n<!-- \/ Yoast SEO plugin. -->","yoast_head_json":{"title":"Cable de arranque OSRAM 150A (BOLSA) - El rey del xen\u00f3n","robots":{"index":"index","follow":"follow","max-snippet":"max-snippet:-1","max-image-preview":"max-image-preview:large","max-video-preview":"max-video-preview:-1"},"canonical":"https:\/\/xenonkungen.com\/es\/producto\/cable-de-arranque-osram-de-150-a-en-bolsa\/","og_locale":"es_ES","og_type":"article","og_title":"OSRAM STARTERcable 150A (BAG) - Xenonkungen","og_description":"Startkablar OSRAM BATTERYstart PROFESSIONAL 150A \u2013 p\u00e5litlig startkabel f\u00f6r bil och motorcykel OSRAM BATTERYstart PROFESSIONAL STARTERcable 150A \u00e4r en h\u00f6gkvalitativ startkabel f\u00f6r dig som beh\u00f6ver en s\u00e4ker och effektiv l\u00f6sning n\u00e4r bilbatteriet \u00e4r urladdat. Dessa startkablar \u00e4r utvecklade f\u00f6r b\u00e5de privat och professionellt bruk och passar motorcyklar, personbilar och l\u00e4ttare fordon med bensinmotor. Med OSRAMs [&hellip;]","og_url":"https:\/\/xenonkungen.com\/es\/producto\/cable-de-arranque-osram-de-150-a-en-bolsa\/","og_site_name":"Xenonkungen","article_modified_time":"2026-04-24T16:43:37+00:00","og_image":[{"width":1024,"height":1024,"url":"https:\/\/xenonkungen.com\/wp-content\/uploads\/2026\/01\/Small-for-web-and-ppt-PI_ARF-2021-01596_BATTERYstart_STARTER_CABLE_150A_OSC060.jpg","type":"image\/jpeg"}],"twitter_card":"summary_large_image","twitter_misc":{"Tiempo de lectura":"2 minutos"},"schema":{"@context":"https:\/\/schema.org","@graph":[{"@type":"WebPage","@id":"https:\/\/xenonkungen.com\/produkt\/osram-startercable-150a-bag\/","url":"https:\/\/xenonkungen.com\/produkt\/osram-startercable-150a-bag\/","name":"Cable de arranque OSRAM 150A (BOLSA) - El rey del xen\u00f3n","isPartOf":{"@id":"https:\/\/xenonkungen.com\/#website"},"primaryImageOfPage":{"@id":"https:\/\/xenonkungen.com\/produkt\/osram-startercable-150a-bag\/#primaryimage"},"image":{"@id":"https:\/\/xenonkungen.com\/produkt\/osram-startercable-150a-bag\/#primaryimage"},"thumbnailUrl":"https:\/\/xenonkungen.com\/wp-content\/uploads\/2026\/01\/Small-for-web-and-ppt-PI_ARF-2021-01596_BATTERYstart_STARTER_CABLE_150A_OSC060.jpg","datePublished":"2026-01-21T13:12:26+00:00","dateModified":"2026-04-24T16:43:37+00:00","breadcrumb":{"@id":"https:\/\/xenonkungen.com\/produkt\/osram-startercable-150a-bag\/#breadcrumb"},"inLanguage":"es","potentialAction":[{"@type":"ReadAction","target":["https:\/\/xenonkungen.com\/produkt\/osram-startercable-150a-bag\/"]}]},{"@type":"ImageObject","inLanguage":"es","@id":"https:\/\/xenonkungen.com\/produkt\/osram-startercable-150a-bag\/#primaryimage","url":"https:\/\/xenonkungen.com\/wp-content\/uploads\/2026\/01\/Small-for-web-and-ppt-PI_ARF-2021-01596_BATTERYstart_STARTER_CABLE_150A_OSC060.jpg","contentUrl":"https:\/\/xenonkungen.com\/wp-content\/uploads\/2026\/01\/Small-for-web-and-ppt-PI_ARF-2021-01596_BATTERYstart_STARTER_CABLE_150A_OSC060.jpg","width":1024,"height":1024},{"@type":"BreadcrumbList","@id":"https:\/\/xenonkungen.com\/produkt\/osram-startercable-150a-bag\/#breadcrumb","itemListElement":[{"@type":"ListItem","position":1,"name":"Hem","item":"https:\/\/xenonkungen.com\/"},{"@type":"ListItem","position":2,"name":"Shop","item":"https:\/\/xenonkungen.com\/shop\/"},{"@type":"ListItem","position":3,"name":"OSRAM STARTERcable 150A (BAG)"}]},{"@type":"WebSite","@id":"https:\/\/xenonkungen.com\/#website","url":"https:\/\/xenonkungen.com\/","name":"Xenonkungen","description":"","potentialAction":[{"@type":"SearchAction","target":{"@type":"EntryPoint","urlTemplate":"https:\/\/xenonkungen.com\/?s={search_term_string}"},"query-input":{"@type":"PropertyValueSpecification","valueRequired":true,"valueName":"search_term_string"}}],"inLanguage":"es"}]}},"taxonomy_info":{"product_brand":[{"value":108,"label":"OSRAM"}],"product_cat":[{"value":377,"label":"Biltillbeh\u00f6r"}]},"featured_image_src_large":["https:\/\/xenonkungen.com\/wp-content\/uploads\/2026\/01\/Small-for-web-and-ppt-PI_ARF-2021-01596_BATTERYstart_STARTER_CABLE_150A_OSC060.jpg",1024,1024,false],"author_info":[],"comment_info":0,"_links":{"self":[{"href":"https:\/\/xenonkungen.com\/es\/wp-json\/wp\/v2\/product\/24879","targetHints":{"allow":["GET"]}}],"collection":[{"href":"https:\/\/xenonkungen.com\/es\/wp-json\/wp\/v2\/product"}],"about":[{"href":"https:\/\/xenonkungen.com\/es\/wp-json\/wp\/v2\/types\/product"}],"replies":[{"embeddable":true,"href":"https:\/\/xenonkungen.com\/es\/wp-json\/wp\/v2\/comments?post=24879"}],"wp:featuredmedia":[{"embeddable":true,"href":"https:\/\/xenonkungen.com\/es\/wp-json\/wp\/v2\/media\/24882"}],"wp:attachment":[{"href":"https:\/\/xenonkungen.com\/es\/wp-json\/wp\/v2\/media?parent=24879"}],"wp:term":[{"taxonomy":"anvandningsomrade","embeddable":true,"href":"https:\/\/xenonkungen.com\/es\/wp-json\/wp\/v2\/anvandningsomrade?post=24879"},{"taxonomy":"bilmarken","embeddable":true,"href":"https:\/\/xenonkungen.com\/es\/wp-json\/wp\/v2\/bilmarken?post=24879"},{"taxonomy":"product_brand","embeddable":true,"href":"https:\/\/xenonkungen.com\/es\/wp-json\/wp\/v2\/product_brand?post=24879"},{"taxonomy":"product_cat","embeddable":true,"href":"https:\/\/xenonkungen.com\/es\/wp-json\/wp\/v2\/product_cat?post=24879"},{"taxonomy":"product_tag","embeddable":true,"href":"https:\/\/xenonkungen.com\/es\/wp-json\/wp\/v2\/product_tag?post=24879"}],"curies":[{"name":"wp","href":"https:\/\/api.w.org\/{rel}","templated":true}]}}