{"id":24893,"date":"2026-01-21T15:59:00","date_gmt":"2026-01-21T14:59:00","guid":{"rendered":"https:\/\/xenonkungen.com\/?post_type=product&#038;p=24893"},"modified":"2026-04-24T17:42:13","modified_gmt":"2026-04-24T16:42:13","slug":"luz-ambiental-led-para-maletero-de-osram","status":"publish","type":"product","link":"https:\/\/xenonkungen.com\/es\/producto\/luz-ambiental-led-para-maletero-de-osram\/","title":{"rendered":"Luz ambiental LED para maletero de OSRAM"},"content":{"rendered":"<h3 data-start=\"261\" data-end=\"346\">Luz LED para maletero de coche \u2013 OSRAM LEDambient Trunk Light con sensor y montaje magn\u00e9tico<\/h3>\n<p data-start=\"348\" data-end=\"708\"><strong data-start=\"348\" data-end=\"380\">Luz ambiental LED para maletero de OSRAM<\/strong> Es una luz LED universal para maletero que proporciona una iluminaci\u00f3n eficiente y precisa en el maletero del coche. Est\u00e1 dise\u00f1ada para quienes buscan mejor visibilidad, mayor comodidad y funcionalidad inteligente en el d\u00eda a d\u00eda. Con encendido autom\u00e1tico, potente luz LED y montaje flexible, es la soluci\u00f3n ideal para la iluminaci\u00f3n interior moderna de los coches.<\/p>\n<p data-start=\"710\" data-end=\"1083\">El sensor inteligente de aceleraci\u00f3n y luz permite que la luz del maletero se encienda autom\u00e1ticamente al abrir el port\u00f3n trasero. La luz se activa al instante e ilumina toda la zona de carga, facilitando la b\u00fasqueda de herramientas, bolsas u otros equipos incluso en la oscuridad. Para mayor flexibilidad, la luz tambi\u00e9n se puede usar manualmente, para que usted controle cu\u00e1ndo y c\u00f3mo usarla.<\/p>\n<p data-start=\"1085\" data-end=\"1456\">Con una temperatura de color de hasta 6000 Kelvin, la luz LEDambient para maletero ofrece una luz LED blanca y brillante que proporciona una excelente reproducci\u00f3n de detalles en el maletero. Gracias a su pr\u00e1ctica funci\u00f3n 2 en 1, la luz no solo funciona como luz fija para maletero, sino tambi\u00e9n como luz de inspecci\u00f3n port\u00e1til o linterna, perfecta para el mantenimiento del veh\u00edculo, emergencias o trabajos fuera del mismo.<\/p>\n<p data-start=\"1458\" data-end=\"1698\">La bater\u00eda recargable integrada de 1500 mAh ofrece una larga duraci\u00f3n y garantiza que la l\u00e1mpara est\u00e9 siempre lista para usar. Se carga f\u00e1cilmente mediante el cable USB-C incluido, lo que facilita su uso tanto en casa como en el coche.<\/p>\n<p data-start=\"1700\" data-end=\"1966\">La instalaci\u00f3n es r\u00e1pida y sencilla. La luz LEDambient para maletero se fija al interior del coche mediante un potente im\u00e1n o la placa de montaje incluida. El soporte magn\u00e9tico la mantiene firmemente en su sitio incluso mientras conduce y facilita su extracci\u00f3n cuando sea necesario.<\/p>\n<p data-start=\"1968\" data-end=\"2214\">Con alta calidad, dise\u00f1o inteligente y larga durabilidad, esta es una luz LED para equipaje en la que puede confiar. <strong data-start=\"2063\" data-end=\"2104\"><span class=\"hover:entity-accent entity-underline inline cursor-pointer align-baseline\"><span class=\"whitespace-normal\">OSRAM<\/span><\/span><\/strong> El producto ofrece una garant\u00eda de 2 a\u00f1os. Para conocer todos los t\u00e9rminos de la garant\u00eda, consulte el sitio web oficial de OSRAM.<\/p>\n<h3 data-start=\"2216\" data-end=\"2248\">Informaci\u00f3n importante en breve<\/h3>\n<ul data-start=\"2249\" data-end=\"2613\">\n<li data-start=\"2249\" data-end=\"2287\">\n<p data-start=\"2251\" data-end=\"2287\">Luz LED universal para maletero de coche<\/p>\n<\/li>\n<li data-start=\"2288\" data-end=\"2349\">\n<p data-start=\"2290\" data-end=\"2349\">Encendido autom\u00e1tico mediante sensor al abrir la tapa del maletero<\/p>\n<\/li>\n<li data-start=\"2350\" data-end=\"2385\">\n<p data-start=\"2352\" data-end=\"2385\">Funci\u00f3n manual y autom\u00e1tica<\/p>\n<\/li>\n<li data-start=\"2386\" data-end=\"2425\">\n<p data-start=\"2388\" data-end=\"2425\">Luz LED blanca de hasta 6.000 Kelvin<\/p>\n<\/li>\n<li data-start=\"2426\" data-end=\"2474\">\n<p data-start=\"2428\" data-end=\"2474\">Funci\u00f3n 2 en 1 como luz de equipaje y linterna<\/p>\n<\/li>\n<li data-start=\"2475\" data-end=\"2513\">\n<p data-start=\"2477\" data-end=\"2513\">Bater\u00eda recargable de 1.500 mAh<\/p>\n<\/li>\n<li data-start=\"2514\" data-end=\"2532\">\n<p data-start=\"2516\" data-end=\"2532\">Carga USB-C<\/p>\n<\/li>\n<li data-start=\"2533\" data-end=\"2584\">\n<p data-start=\"2535\" data-end=\"2584\">F\u00e1cil montaje con im\u00e1n y placa de montaje.<\/p>\n<\/li>\n<li data-start=\"2585\" data-end=\"2613\">\n<p data-start=\"2587\" data-end=\"2613\">Garant\u00eda de 2 a\u00f1os de OSRAM<\/p>\n<\/li>\n<\/ul>","protected":false},"excerpt":{"rendered":"<p>LED bagagelampa f\u00f6r bil \u2013 OSRAM LEDambient Trunk Light med sensor och magnetf\u00e4ste OSRAM LEDambient Trunk Light \u00e4r en universell LED-bagagelampa som ger effektiv och exakt belysning i bilens bagageutrymme. Den \u00e4r utvecklad f\u00f6r dig som vill ha b\u00e4ttre sikt, h\u00f6gre komfort och smart funktionalitet i vardagen. Med automatisk t\u00e4ndning, kraftfullt LED-ljus och flexibel montering [&hellip;]<\/p>","protected":false},"featured_media":24904,"comment_status":"open","ping_status":"closed","template":"","meta":{"_acf_changed":false,"_smort_price_nok":"1063","_smort_price_dkk":"","_smort_price_eur":"","_smort_sale_price_nok":"","_smort_sale_price_dkk":"","_smort_sale_price_eur":"","smort_restorder":"","shipmondo_restorder":"","_kad_blocks_custom_css":"","_kad_blocks_head_custom_js":"","_kad_blocks_body_custom_js":"","_kad_blocks_footer_custom_js":"","smort_custom_pricelist_1":"636.8","smort_custom_pricelist_2":"636.8","smort_custom_pricelist_3":"636.8","smort_custom_pricelist_4":"796","smort_custom_pricelist_5":"636.8"},"anvandningsomrade":[],"bilmarken":[],"product_brand":[108],"product_cat":[2586,885],"product_tag":[],"class_list":{"0":"post-24893","1":"product","2":"type-product","3":"status-publish","4":"has-post-thumbnail","6":"product_brand-osram","7":"product_cat-interiorbelysning-slap","8":"product_cat-interiorbelysning","10":"first","11":"instock","12":"taxable","13":"shipping-taxable","14":"purchasable","15":"product-type-simple"},"bundled_by":[],"bundle_stock_status":"instock","bundle_stock_quantity":2,"bundle_virtual":false,"bundle_layout":"","bundle_add_to_cart_form_location":"","bundle_editable_in_cart":false,"bundle_sold_individually_context":"","bundle_item_grouping":"","bundle_min_size":"","bundle_max_size":"","bundle_price":[],"bundled_items":[],"bundle_sell_ids":[],"acf":[],"yoast_head":"<!-- This site is optimized with the Yoast SEO plugin v27.0 - https:\/\/yoast.com\/product\/yoast-seo-wordpress\/ -->\n<title>OSRAM LEDambient Trunk Light - Xenonkungen<\/title>\n<meta name=\"robots\" content=\"index, follow, max-snippet:-1, max-image-preview:large, max-video-preview:-1\" \/>\n<link rel=\"canonical\" href=\"https:\/\/xenonkungen.com\/es\/producto\/luz-ambiental-led-para-maletero-de-osram\/\" \/>\n<meta property=\"og:locale\" content=\"es_ES\" \/>\n<meta property=\"og:type\" content=\"article\" \/>\n<meta property=\"og:title\" content=\"OSRAM LEDambient Trunk Light - Xenonkungen\" \/>\n<meta property=\"og:description\" content=\"LED bagagelampa f\u00f6r bil \u2013 OSRAM LEDambient Trunk Light med sensor och magnetf\u00e4ste OSRAM LEDambient Trunk Light \u00e4r en universell LED-bagagelampa som ger effektiv och exakt belysning i bilens bagageutrymme. Den \u00e4r utvecklad f\u00f6r dig som vill ha b\u00e4ttre sikt, h\u00f6gre komfort och smart funktionalitet i vardagen. Med automatisk t\u00e4ndning, kraftfullt LED-ljus och flexibel montering [&hellip;]\" \/>\n<meta property=\"og:url\" content=\"https:\/\/xenonkungen.com\/es\/producto\/luz-ambiental-led-para-maletero-de-osram\/\" \/>\n<meta property=\"og:site_name\" content=\"Xenonkungen\" \/>\n<meta property=\"article:modified_time\" content=\"2026-04-24T16:42:13+00:00\" \/>\n<meta property=\"og:image\" content=\"https:\/\/xenonkungen.com\/wp-content\/uploads\/2026\/01\/Small-for-web-and-ppt-PI_ARF-2021-01714_LEDambient_Trunklight_LEDINT105_spacial_light_on.jpg\" \/>\n\t<meta property=\"og:image:width\" content=\"1024\" \/>\n\t<meta property=\"og:image:height\" content=\"1024\" \/>\n\t<meta property=\"og:image:type\" content=\"image\/jpeg\" \/>\n<meta name=\"twitter:card\" content=\"summary_large_image\" \/>\n<meta name=\"twitter:label1\" content=\"Tiempo de lectura\" \/>\n\t<meta name=\"twitter:data1\" content=\"2 minutos\" \/>\n<script type=\"application\/ld+json\" class=\"yoast-schema-graph\">{\"@context\":\"https:\/\/schema.org\",\"@graph\":[{\"@type\":\"WebPage\",\"@id\":\"https:\/\/xenonkungen.com\/produkt\/osram-ledambient-trunk-light\/\",\"url\":\"https:\/\/xenonkungen.com\/produkt\/osram-ledambient-trunk-light\/\",\"name\":\"OSRAM LEDambient Trunk Light - Xenonkungen\",\"isPartOf\":{\"@id\":\"https:\/\/xenonkungen.com\/#website\"},\"primaryImageOfPage\":{\"@id\":\"https:\/\/xenonkungen.com\/produkt\/osram-ledambient-trunk-light\/#primaryimage\"},\"image\":{\"@id\":\"https:\/\/xenonkungen.com\/produkt\/osram-ledambient-trunk-light\/#primaryimage\"},\"thumbnailUrl\":\"https:\/\/xenonkungen.com\/wp-content\/uploads\/2026\/01\/Small-for-web-and-ppt-PI_ARF-2021-01714_LEDambient_Trunklight_LEDINT105_spacial_light_on.jpg\",\"datePublished\":\"2026-01-21T14:59:00+00:00\",\"dateModified\":\"2026-04-24T16:42:13+00:00\",\"breadcrumb\":{\"@id\":\"https:\/\/xenonkungen.com\/produkt\/osram-ledambient-trunk-light\/#breadcrumb\"},\"inLanguage\":\"es\",\"potentialAction\":[{\"@type\":\"ReadAction\",\"target\":[\"https:\/\/xenonkungen.com\/produkt\/osram-ledambient-trunk-light\/\"]}]},{\"@type\":\"ImageObject\",\"inLanguage\":\"es\",\"@id\":\"https:\/\/xenonkungen.com\/produkt\/osram-ledambient-trunk-light\/#primaryimage\",\"url\":\"https:\/\/xenonkungen.com\/wp-content\/uploads\/2026\/01\/Small-for-web-and-ppt-PI_ARF-2021-01714_LEDambient_Trunklight_LEDINT105_spacial_light_on.jpg\",\"contentUrl\":\"https:\/\/xenonkungen.com\/wp-content\/uploads\/2026\/01\/Small-for-web-and-ppt-PI_ARF-2021-01714_LEDambient_Trunklight_LEDINT105_spacial_light_on.jpg\",\"width\":1024,\"height\":1024},{\"@type\":\"BreadcrumbList\",\"@id\":\"https:\/\/xenonkungen.com\/produkt\/osram-ledambient-trunk-light\/#breadcrumb\",\"itemListElement\":[{\"@type\":\"ListItem\",\"position\":1,\"name\":\"Hem\",\"item\":\"https:\/\/xenonkungen.com\/\"},{\"@type\":\"ListItem\",\"position\":2,\"name\":\"Shop\",\"item\":\"https:\/\/xenonkungen.com\/shop\/\"},{\"@type\":\"ListItem\",\"position\":3,\"name\":\"OSRAM LEDambient Trunk Light\"}]},{\"@type\":\"WebSite\",\"@id\":\"https:\/\/xenonkungen.com\/#website\",\"url\":\"https:\/\/xenonkungen.com\/\",\"name\":\"Xenonkungen\",\"description\":\"\",\"potentialAction\":[{\"@type\":\"SearchAction\",\"target\":{\"@type\":\"EntryPoint\",\"urlTemplate\":\"https:\/\/xenonkungen.com\/?s={search_term_string}\"},\"query-input\":{\"@type\":\"PropertyValueSpecification\",\"valueRequired\":true,\"valueName\":\"search_term_string\"}}],\"inLanguage\":\"es\"}]}<\/script>\n<!-- \/ Yoast SEO plugin. -->","yoast_head_json":{"title":"Luz ambiental LED para maletero de OSRAM: el rey del xen\u00f3n","robots":{"index":"index","follow":"follow","max-snippet":"max-snippet:-1","max-image-preview":"max-image-preview:large","max-video-preview":"max-video-preview:-1"},"canonical":"https:\/\/xenonkungen.com\/es\/producto\/luz-ambiental-led-para-maletero-de-osram\/","og_locale":"es_ES","og_type":"article","og_title":"OSRAM LEDambient Trunk Light - Xenonkungen","og_description":"LED bagagelampa f\u00f6r bil \u2013 OSRAM LEDambient Trunk Light med sensor och magnetf\u00e4ste OSRAM LEDambient Trunk Light \u00e4r en universell LED-bagagelampa som ger effektiv och exakt belysning i bilens bagageutrymme. Den \u00e4r utvecklad f\u00f6r dig som vill ha b\u00e4ttre sikt, h\u00f6gre komfort och smart funktionalitet i vardagen. Med automatisk t\u00e4ndning, kraftfullt LED-ljus och flexibel montering [&hellip;]","og_url":"https:\/\/xenonkungen.com\/es\/producto\/luz-ambiental-led-para-maletero-de-osram\/","og_site_name":"Xenonkungen","article_modified_time":"2026-04-24T16:42:13+00:00","og_image":[{"width":1024,"height":1024,"url":"https:\/\/xenonkungen.com\/wp-content\/uploads\/2026\/01\/Small-for-web-and-ppt-PI_ARF-2021-01714_LEDambient_Trunklight_LEDINT105_spacial_light_on.jpg","type":"image\/jpeg"}],"twitter_card":"summary_large_image","twitter_misc":{"Tiempo de lectura":"2 minutos"},"schema":{"@context":"https:\/\/schema.org","@graph":[{"@type":"WebPage","@id":"https:\/\/xenonkungen.com\/produkt\/osram-ledambient-trunk-light\/","url":"https:\/\/xenonkungen.com\/produkt\/osram-ledambient-trunk-light\/","name":"Luz ambiental LED para maletero de OSRAM: el rey del xen\u00f3n","isPartOf":{"@id":"https:\/\/xenonkungen.com\/#website"},"primaryImageOfPage":{"@id":"https:\/\/xenonkungen.com\/produkt\/osram-ledambient-trunk-light\/#primaryimage"},"image":{"@id":"https:\/\/xenonkungen.com\/produkt\/osram-ledambient-trunk-light\/#primaryimage"},"thumbnailUrl":"https:\/\/xenonkungen.com\/wp-content\/uploads\/2026\/01\/Small-for-web-and-ppt-PI_ARF-2021-01714_LEDambient_Trunklight_LEDINT105_spacial_light_on.jpg","datePublished":"2026-01-21T14:59:00+00:00","dateModified":"2026-04-24T16:42:13+00:00","breadcrumb":{"@id":"https:\/\/xenonkungen.com\/produkt\/osram-ledambient-trunk-light\/#breadcrumb"},"inLanguage":"es","potentialAction":[{"@type":"ReadAction","target":["https:\/\/xenonkungen.com\/produkt\/osram-ledambient-trunk-light\/"]}]},{"@type":"ImageObject","inLanguage":"es","@id":"https:\/\/xenonkungen.com\/produkt\/osram-ledambient-trunk-light\/#primaryimage","url":"https:\/\/xenonkungen.com\/wp-content\/uploads\/2026\/01\/Small-for-web-and-ppt-PI_ARF-2021-01714_LEDambient_Trunklight_LEDINT105_spacial_light_on.jpg","contentUrl":"https:\/\/xenonkungen.com\/wp-content\/uploads\/2026\/01\/Small-for-web-and-ppt-PI_ARF-2021-01714_LEDambient_Trunklight_LEDINT105_spacial_light_on.jpg","width":1024,"height":1024},{"@type":"BreadcrumbList","@id":"https:\/\/xenonkungen.com\/produkt\/osram-ledambient-trunk-light\/#breadcrumb","itemListElement":[{"@type":"ListItem","position":1,"name":"Hem","item":"https:\/\/xenonkungen.com\/"},{"@type":"ListItem","position":2,"name":"Shop","item":"https:\/\/xenonkungen.com\/shop\/"},{"@type":"ListItem","position":3,"name":"OSRAM LEDambient Trunk Light"}]},{"@type":"WebSite","@id":"https:\/\/xenonkungen.com\/#website","url":"https:\/\/xenonkungen.com\/","name":"Xenonkungen","description":"","potentialAction":[{"@type":"SearchAction","target":{"@type":"EntryPoint","urlTemplate":"https:\/\/xenonkungen.com\/?s={search_term_string}"},"query-input":{"@type":"PropertyValueSpecification","valueRequired":true,"valueName":"search_term_string"}}],"inLanguage":"es"}]}},"taxonomy_info":{"product_brand":[{"value":108,"label":"OSRAM"}],"product_cat":[{"value":2586,"label":"Interi\u00f6rbelysning"},{"value":885,"label":"Interi\u00f6rbelysning"}]},"featured_image_src_large":["https:\/\/xenonkungen.com\/wp-content\/uploads\/2026\/01\/Small-for-web-and-ppt-PI_ARF-2021-01714_LEDambient_Trunklight_LEDINT105_spacial_light_on.jpg",1024,1024,false],"author_info":[],"comment_info":0,"_links":{"self":[{"href":"https:\/\/xenonkungen.com\/es\/wp-json\/wp\/v2\/product\/24893","targetHints":{"allow":["GET"]}}],"collection":[{"href":"https:\/\/xenonkungen.com\/es\/wp-json\/wp\/v2\/product"}],"about":[{"href":"https:\/\/xenonkungen.com\/es\/wp-json\/wp\/v2\/types\/product"}],"replies":[{"embeddable":true,"href":"https:\/\/xenonkungen.com\/es\/wp-json\/wp\/v2\/comments?post=24893"}],"wp:featuredmedia":[{"embeddable":true,"href":"https:\/\/xenonkungen.com\/es\/wp-json\/wp\/v2\/media\/24904"}],"wp:attachment":[{"href":"https:\/\/xenonkungen.com\/es\/wp-json\/wp\/v2\/media?parent=24893"}],"wp:term":[{"taxonomy":"anvandningsomrade","embeddable":true,"href":"https:\/\/xenonkungen.com\/es\/wp-json\/wp\/v2\/anvandningsomrade?post=24893"},{"taxonomy":"bilmarken","embeddable":true,"href":"https:\/\/xenonkungen.com\/es\/wp-json\/wp\/v2\/bilmarken?post=24893"},{"taxonomy":"product_brand","embeddable":true,"href":"https:\/\/xenonkungen.com\/es\/wp-json\/wp\/v2\/product_brand?post=24893"},{"taxonomy":"product_cat","embeddable":true,"href":"https:\/\/xenonkungen.com\/es\/wp-json\/wp\/v2\/product_cat?post=24893"},{"taxonomy":"product_tag","embeddable":true,"href":"https:\/\/xenonkungen.com\/es\/wp-json\/wp\/v2\/product_tag?post=24893"}],"curies":[{"name":"wp","href":"https:\/\/api.w.org\/{rel}","templated":true}]}}