{"id":24973,"date":"2026-01-22T13:57:20","date_gmt":"2026-01-22T12:57:20","guid":{"rendered":"https:\/\/xenonkungen.com\/?post_type=product&#038;p=24973"},"modified":"2026-04-24T17:39:52","modified_gmt":"2026-04-24T16:39:52","slug":"night-breaker-smart-hb3-legal-en-la-calle","status":"publish","type":"product","link":"https:\/\/xenonkungen.com\/es\/producto\/night-breaker-smart-hb3-legal-en-la-calle\/","title":{"rendered":"NIGHT BREAKER SMART HB3 | Legal en la calle"},"content":{"rendered":"<h2 data-start=\"95\" data-end=\"164\">P\u00e1sate a LED legal: luz m\u00e1s inteligente, m\u00e1s brillante y m\u00e1s moderna<\/h2>\n<p data-start=\"166\" data-end=\"496\"><strong data-start=\"166\" data-end=\"235\"><span class=\"hover:entity-accent entity-underline inline cursor-pointer align-baseline\"><span class=\"whitespace-normal\">OSRAM<\/span><\/span> INTERRUPTOR NOCTURNO LED INTELIGENTE HB3<\/strong> Permite pasar de las l\u00e1mparas hal\u00f3genas tradicionales a <strong data-start=\"305\" data-end=\"337\">Tecnolog\u00eda LED avanzada y legal<\/strong> en a\u00fan m\u00e1s veh\u00edculos. Gracias a la <strong data-start=\"372\" data-end=\"405\">dise\u00f1o innovador y compacto<\/strong> Adem\u00e1s, su dise\u00f1o bien pensado permite que la l\u00e1mpara se adapte a m\u00e1s faros que nunca.<\/p>\n<p data-start=\"498\" data-end=\"808\">Cambiar ambos <strong data-start=\"511\" data-end=\"535\">luces de cruce y carretera<\/strong> a la tecnolog\u00eda LED de \u00faltima generaci\u00f3n y experimente una <strong data-start=\"578\" data-end=\"625\">Luz blanca brillante y moderna de hasta 6000 K<\/strong>El potente patr\u00f3n de luz proporciona una visibilidad significativamente mejor y una mayor seguridad al conducir de noche, al tiempo que mantiene al m\u00ednimo el deslumbramiento para el tr\u00e1fico que viene en sentido contrario. <strong data-start=\"763\" data-end=\"807\">hasta 50 % por debajo de los l\u00edmites permitidos<\/strong>.<\/p>\n<p data-start=\"810\" data-end=\"884\">En comparaci\u00f3n con las l\u00e1mparas hal\u00f3genas convencionales, NIGHT BREAKER LED SMART ofrece:<\/p>\n<ul data-start=\"885\" data-end=\"1072\">\n<li data-start=\"885\" data-end=\"932\">\n<p data-start=\"887\" data-end=\"932\">\u00a0Arriba a <strong data-start=\"898\" data-end=\"930\">60 % menor consumo de energ\u00eda<\/strong><\/p>\n<\/li>\n<li data-start=\"933\" data-end=\"977\">\n<p data-start=\"935\" data-end=\"977\">\u00a0Arriba a <strong data-start=\"946\" data-end=\"975\">Vida \u00fatil 6 veces superior<\/strong><\/p>\n<\/li>\n<li data-start=\"978\" data-end=\"1017\">\n<p data-start=\"980\" data-end=\"1017\">\u00a0Alto brillo con patr\u00f3n de luz preciso.<\/p>\n<\/li>\n<li data-start=\"1018\" data-end=\"1072\">\n<p data-start=\"1020\" data-end=\"1072\">\u00a0Construcci\u00f3n a prueba de vibraciones para una larga durabilidad.<\/p>\n<\/li>\n<\/ul>\n<p data-start=\"1074\" data-end=\"1298\">Las l\u00e1mparas est\u00e1n desarrolladas como <strong data-start=\"1101\" data-end=\"1148\">Reemplazo directo de enchufes tradicionales<\/strong> y es <strong data-start=\"1156\" data-end=\"1201\">Aprobado para su uso en v\u00edas p\u00fablicas<\/strong> en veh\u00edculos seleccionados\u00b9). Adem\u00e1s, todas las luces LED NIGHT BREAKER est\u00e1n cubiertas por <strong data-start=\"1277\" data-end=\"1295\">Garant\u00eda de OSRAM<\/strong>\u00b2).<\/p>\n<h3 data-start=\"1300\" data-end=\"1351\">\u00bfPor qu\u00e9 deber\u00edas elegir NIGHT BREAKER LED SMART HB3?<\/h3>\n<p data-start=\"1352\" data-end=\"1534\">\u2013 Actualizaci\u00f3n legal de LED<br data-start=\"1377\" data-end=\"1380\" \/>\u2013 Luz blanca moderna (6000 K)<br data-start=\"1408\" data-end=\"1411\" \/>\u2013 M\u00ednimo deslumbramiento \u2013 m\u00e1xima visibilidad<br data-start=\"1445\" data-end=\"1448\" \/>\u2013 Eficiente energ\u00e9ticamente y extremadamente duradero<br data-start=\"1484\" data-end=\"1487\" \/>\u2013 Se adapta a m\u00e1s veh\u00edculos gracias a su dise\u00f1o compacto<\/p>\n<p data-start=\"1536\" data-end=\"1604\"><strong data-start=\"1536\" data-end=\"1604\">Da un paso hacia el futuro con LED: seguro, legal y elegante.<\/strong><\/p>","protected":false},"excerpt":{"rendered":"<p>Uppgradera till laglig LED \u2013 smartare, starkare och modernare ljus OSRAM NIGHT BREAKER LED SMART HB3 g\u00f6r det m\u00f6jligt att uppgradera fr\u00e5n traditionella halogenlampor till avancerad, laglig LED-teknik i \u00e4nnu fler fordon. Tack vare den innovativa, kompakta designen och den genomt\u00e4nkta konstruktionen passar lampan i fler str\u00e5lkastare \u00e4n n\u00e5gonsin tidigare. Byt upp b\u00e5de halvljus och [&hellip;]<\/p>","protected":false},"featured_media":24979,"comment_status":"open","ping_status":"closed","template":"","meta":{"_acf_changed":false,"_smort_price_nok":"2024","_smort_price_dkk":"","_smort_price_eur":"","_smort_sale_price_nok":"","_smort_sale_price_dkk":"","_smort_sale_price_eur":"","smort_restorder":"","shipmondo_restorder":"","_kad_blocks_custom_css":"","_kad_blocks_head_custom_js":"","_kad_blocks_body_custom_js":"","_kad_blocks_footer_custom_js":"","smort_custom_pricelist_1":"1212.8","smort_custom_pricelist_2":"1061.2","smort_custom_pricelist_3":"985.4","smort_custom_pricelist_4":"1516","smort_custom_pricelist_5":"1061.2"},"anvandningsomrade":[],"bilmarken":[],"product_brand":[108],"product_cat":[2451,733],"product_tag":[],"class_list":{"0":"post-24973","1":"product","2":"type-product","3":"status-publish","4":"has-post-thumbnail","6":"product_brand-osram","7":"product_cat-led-konvertering","8":"product_cat-halvljus-helljus","9":"pa_faktisk-effekts-forbrukning-1701","10":"pa_fargtemperatur-6000k","11":"pa_godkannande-abg","12":"pa_godkannande-e-markt","13":"pa_godkannande-ece","14":"pa_lampsockel-kontakt-9005-hb3","15":"pa_volt-v-159","17":"first","18":"onbackorder","19":"taxable","20":"shipping-taxable","21":"purchasable","22":"product-type-simple"},"bundled_by":[],"bundle_stock_status":"onbackorder","bundle_stock_quantity":-1,"bundle_virtual":false,"bundle_layout":"","bundle_add_to_cart_form_location":"","bundle_editable_in_cart":false,"bundle_sold_individually_context":"","bundle_item_grouping":"","bundle_min_size":"","bundle_max_size":"","bundle_price":[],"bundled_items":[],"bundle_sell_ids":[],"acf":[],"yoast_head":"<!-- This site is optimized with the Yoast SEO plugin v27.0 - https:\/\/yoast.com\/product\/yoast-seo-wordpress\/ -->\n<title>NIGHT BREAKER SMART HB3 | Street Legal - Xenonkungen<\/title>\n<meta name=\"robots\" content=\"index, follow, max-snippet:-1, max-image-preview:large, max-video-preview:-1\" \/>\n<link rel=\"canonical\" href=\"https:\/\/xenonkungen.com\/es\/producto\/night-breaker-smart-hb3-legal-en-la-calle\/\" \/>\n<meta property=\"og:locale\" content=\"es_ES\" \/>\n<meta property=\"og:type\" content=\"article\" \/>\n<meta property=\"og:title\" content=\"NIGHT BREAKER SMART HB3 | Street Legal - Xenonkungen\" \/>\n<meta property=\"og:description\" content=\"Uppgradera till laglig LED \u2013 smartare, starkare och modernare ljus OSRAM NIGHT BREAKER LED SMART HB3 g\u00f6r det m\u00f6jligt att uppgradera fr\u00e5n traditionella halogenlampor till avancerad, laglig LED-teknik i \u00e4nnu fler fordon. Tack vare den innovativa, kompakta designen och den genomt\u00e4nkta konstruktionen passar lampan i fler str\u00e5lkastare \u00e4n n\u00e5gonsin tidigare. Byt upp b\u00e5de halvljus och [&hellip;]\" \/>\n<meta property=\"og:url\" content=\"https:\/\/xenonkungen.com\/es\/producto\/night-breaker-smart-hb3-legal-en-la-calle\/\" \/>\n<meta property=\"og:site_name\" content=\"Xenonkungen\" \/>\n<meta property=\"article:modified_time\" content=\"2026-04-24T16:39:52+00:00\" \/>\n<meta property=\"og:image\" content=\"https:\/\/xenonkungen.com\/wp-content\/uploads\/2026\/01\/Small-for-web-and-ppt-BS_WFPIO-403_NIGHT_BREAKER_LED_SMART_HB3_2x_Versatz_01.jpg\" \/>\n\t<meta property=\"og:image:width\" content=\"1024\" \/>\n\t<meta property=\"og:image:height\" content=\"1024\" \/>\n\t<meta property=\"og:image:type\" content=\"image\/jpeg\" \/>\n<meta name=\"twitter:card\" content=\"summary_large_image\" \/>\n<meta name=\"twitter:label1\" content=\"Tiempo de lectura\" \/>\n\t<meta name=\"twitter:data1\" content=\"2 minutos\" \/>\n<script type=\"application\/ld+json\" class=\"yoast-schema-graph\">{\"@context\":\"https:\/\/schema.org\",\"@graph\":[{\"@type\":\"WebPage\",\"@id\":\"https:\/\/xenonkungen.com\/produkt\/night-breaker-smart-hb3-street-legal\/\",\"url\":\"https:\/\/xenonkungen.com\/produkt\/night-breaker-smart-hb3-street-legal\/\",\"name\":\"NIGHT BREAKER SMART HB3 | Street Legal - Xenonkungen\",\"isPartOf\":{\"@id\":\"https:\/\/xenonkungen.com\/#website\"},\"primaryImageOfPage\":{\"@id\":\"https:\/\/xenonkungen.com\/produkt\/night-breaker-smart-hb3-street-legal\/#primaryimage\"},\"image\":{\"@id\":\"https:\/\/xenonkungen.com\/produkt\/night-breaker-smart-hb3-street-legal\/#primaryimage\"},\"thumbnailUrl\":\"https:\/\/xenonkungen.com\/wp-content\/uploads\/2026\/01\/Small-for-web-and-ppt-BS_WFPIO-403_NIGHT_BREAKER_LED_SMART_HB3_2x_Versatz_01.jpg\",\"datePublished\":\"2026-01-22T12:57:20+00:00\",\"dateModified\":\"2026-04-24T16:39:52+00:00\",\"breadcrumb\":{\"@id\":\"https:\/\/xenonkungen.com\/produkt\/night-breaker-smart-hb3-street-legal\/#breadcrumb\"},\"inLanguage\":\"es\",\"potentialAction\":[{\"@type\":\"ReadAction\",\"target\":[\"https:\/\/xenonkungen.com\/produkt\/night-breaker-smart-hb3-street-legal\/\"]}]},{\"@type\":\"ImageObject\",\"inLanguage\":\"es\",\"@id\":\"https:\/\/xenonkungen.com\/produkt\/night-breaker-smart-hb3-street-legal\/#primaryimage\",\"url\":\"https:\/\/xenonkungen.com\/wp-content\/uploads\/2026\/01\/Small-for-web-and-ppt-BS_WFPIO-403_NIGHT_BREAKER_LED_SMART_HB3_2x_Versatz_01.jpg\",\"contentUrl\":\"https:\/\/xenonkungen.com\/wp-content\/uploads\/2026\/01\/Small-for-web-and-ppt-BS_WFPIO-403_NIGHT_BREAKER_LED_SMART_HB3_2x_Versatz_01.jpg\",\"width\":1024,\"height\":1024},{\"@type\":\"BreadcrumbList\",\"@id\":\"https:\/\/xenonkungen.com\/produkt\/night-breaker-smart-hb3-street-legal\/#breadcrumb\",\"itemListElement\":[{\"@type\":\"ListItem\",\"position\":1,\"name\":\"Hem\",\"item\":\"https:\/\/xenonkungen.com\/\"},{\"@type\":\"ListItem\",\"position\":2,\"name\":\"Shop\",\"item\":\"https:\/\/xenonkungen.com\/shop\/\"},{\"@type\":\"ListItem\",\"position\":3,\"name\":\"NIGHT BREAKER SMART HB3 | Street Legal\"}]},{\"@type\":\"WebSite\",\"@id\":\"https:\/\/xenonkungen.com\/#website\",\"url\":\"https:\/\/xenonkungen.com\/\",\"name\":\"Xenonkungen\",\"description\":\"\",\"potentialAction\":[{\"@type\":\"SearchAction\",\"target\":{\"@type\":\"EntryPoint\",\"urlTemplate\":\"https:\/\/xenonkungen.com\/?s={search_term_string}\"},\"query-input\":{\"@type\":\"PropertyValueSpecification\",\"valueRequired\":true,\"valueName\":\"search_term_string\"}}],\"inLanguage\":\"es\"}]}<\/script>\n<!-- \/ Yoast SEO plugin. -->","yoast_head_json":{"title":"NIGHT BREAKER SMART HB3 | Legal en la calle - El Rey del Xen\u00f3n","robots":{"index":"index","follow":"follow","max-snippet":"max-snippet:-1","max-image-preview":"max-image-preview:large","max-video-preview":"max-video-preview:-1"},"canonical":"https:\/\/xenonkungen.com\/es\/producto\/night-breaker-smart-hb3-legal-en-la-calle\/","og_locale":"es_ES","og_type":"article","og_title":"NIGHT BREAKER SMART HB3 | Street Legal - Xenonkungen","og_description":"Uppgradera till laglig LED \u2013 smartare, starkare och modernare ljus OSRAM NIGHT BREAKER LED SMART HB3 g\u00f6r det m\u00f6jligt att uppgradera fr\u00e5n traditionella halogenlampor till avancerad, laglig LED-teknik i \u00e4nnu fler fordon. Tack vare den innovativa, kompakta designen och den genomt\u00e4nkta konstruktionen passar lampan i fler str\u00e5lkastare \u00e4n n\u00e5gonsin tidigare. Byt upp b\u00e5de halvljus och [&hellip;]","og_url":"https:\/\/xenonkungen.com\/es\/producto\/night-breaker-smart-hb3-legal-en-la-calle\/","og_site_name":"Xenonkungen","article_modified_time":"2026-04-24T16:39:52+00:00","og_image":[{"width":1024,"height":1024,"url":"https:\/\/xenonkungen.com\/wp-content\/uploads\/2026\/01\/Small-for-web-and-ppt-BS_WFPIO-403_NIGHT_BREAKER_LED_SMART_HB3_2x_Versatz_01.jpg","type":"image\/jpeg"}],"twitter_card":"summary_large_image","twitter_misc":{"Tiempo de lectura":"2 minutos"},"schema":{"@context":"https:\/\/schema.org","@graph":[{"@type":"WebPage","@id":"https:\/\/xenonkungen.com\/produkt\/night-breaker-smart-hb3-street-legal\/","url":"https:\/\/xenonkungen.com\/produkt\/night-breaker-smart-hb3-street-legal\/","name":"NIGHT BREAKER SMART HB3 | Legal en la calle - El Rey del Xen\u00f3n","isPartOf":{"@id":"https:\/\/xenonkungen.com\/#website"},"primaryImageOfPage":{"@id":"https:\/\/xenonkungen.com\/produkt\/night-breaker-smart-hb3-street-legal\/#primaryimage"},"image":{"@id":"https:\/\/xenonkungen.com\/produkt\/night-breaker-smart-hb3-street-legal\/#primaryimage"},"thumbnailUrl":"https:\/\/xenonkungen.com\/wp-content\/uploads\/2026\/01\/Small-for-web-and-ppt-BS_WFPIO-403_NIGHT_BREAKER_LED_SMART_HB3_2x_Versatz_01.jpg","datePublished":"2026-01-22T12:57:20+00:00","dateModified":"2026-04-24T16:39:52+00:00","breadcrumb":{"@id":"https:\/\/xenonkungen.com\/produkt\/night-breaker-smart-hb3-street-legal\/#breadcrumb"},"inLanguage":"es","potentialAction":[{"@type":"ReadAction","target":["https:\/\/xenonkungen.com\/produkt\/night-breaker-smart-hb3-street-legal\/"]}]},{"@type":"ImageObject","inLanguage":"es","@id":"https:\/\/xenonkungen.com\/produkt\/night-breaker-smart-hb3-street-legal\/#primaryimage","url":"https:\/\/xenonkungen.com\/wp-content\/uploads\/2026\/01\/Small-for-web-and-ppt-BS_WFPIO-403_NIGHT_BREAKER_LED_SMART_HB3_2x_Versatz_01.jpg","contentUrl":"https:\/\/xenonkungen.com\/wp-content\/uploads\/2026\/01\/Small-for-web-and-ppt-BS_WFPIO-403_NIGHT_BREAKER_LED_SMART_HB3_2x_Versatz_01.jpg","width":1024,"height":1024},{"@type":"BreadcrumbList","@id":"https:\/\/xenonkungen.com\/produkt\/night-breaker-smart-hb3-street-legal\/#breadcrumb","itemListElement":[{"@type":"ListItem","position":1,"name":"Hem","item":"https:\/\/xenonkungen.com\/"},{"@type":"ListItem","position":2,"name":"Shop","item":"https:\/\/xenonkungen.com\/shop\/"},{"@type":"ListItem","position":3,"name":"NIGHT BREAKER SMART HB3 | Street Legal"}]},{"@type":"WebSite","@id":"https:\/\/xenonkungen.com\/#website","url":"https:\/\/xenonkungen.com\/","name":"Xenonkungen","description":"","potentialAction":[{"@type":"SearchAction","target":{"@type":"EntryPoint","urlTemplate":"https:\/\/xenonkungen.com\/?s={search_term_string}"},"query-input":{"@type":"PropertyValueSpecification","valueRequired":true,"valueName":"search_term_string"}}],"inLanguage":"es"}]}},"taxonomy_info":{"product_brand":[{"value":108,"label":"OSRAM"}],"product_cat":[{"value":2451,"label":"Led-konvertering"},{"value":733,"label":"Halvljus \/ Helljus"}],"pa_faktisk-effekts-forbrukning":[{"value":1701,"label":"21"}],"pa_fargtemperatur":[{"value":188,"label":"6000K"}],"pa_godkannande":[{"value":193,"label":"ABG"},{"value":191,"label":"E-m\u00e4rkt"},{"value":192,"label":"ECE"}],"pa_lampsockel-kontakt":[{"value":741,"label":"9005, HB3"}],"pa_volt-v":[{"value":159,"label":"12"}]},"featured_image_src_large":["https:\/\/xenonkungen.com\/wp-content\/uploads\/2026\/01\/Small-for-web-and-ppt-BS_WFPIO-403_NIGHT_BREAKER_LED_SMART_HB3_2x_Versatz_01.jpg",1024,1024,false],"author_info":[],"comment_info":0,"_links":{"self":[{"href":"https:\/\/xenonkungen.com\/es\/wp-json\/wp\/v2\/product\/24973","targetHints":{"allow":["GET"]}}],"collection":[{"href":"https:\/\/xenonkungen.com\/es\/wp-json\/wp\/v2\/product"}],"about":[{"href":"https:\/\/xenonkungen.com\/es\/wp-json\/wp\/v2\/types\/product"}],"replies":[{"embeddable":true,"href":"https:\/\/xenonkungen.com\/es\/wp-json\/wp\/v2\/comments?post=24973"}],"wp:featuredmedia":[{"embeddable":true,"href":"https:\/\/xenonkungen.com\/es\/wp-json\/wp\/v2\/media\/24979"}],"wp:attachment":[{"href":"https:\/\/xenonkungen.com\/es\/wp-json\/wp\/v2\/media?parent=24973"}],"wp:term":[{"taxonomy":"anvandningsomrade","embeddable":true,"href":"https:\/\/xenonkungen.com\/es\/wp-json\/wp\/v2\/anvandningsomrade?post=24973"},{"taxonomy":"bilmarken","embeddable":true,"href":"https:\/\/xenonkungen.com\/es\/wp-json\/wp\/v2\/bilmarken?post=24973"},{"taxonomy":"product_brand","embeddable":true,"href":"https:\/\/xenonkungen.com\/es\/wp-json\/wp\/v2\/product_brand?post=24973"},{"taxonomy":"product_cat","embeddable":true,"href":"https:\/\/xenonkungen.com\/es\/wp-json\/wp\/v2\/product_cat?post=24973"},{"taxonomy":"product_tag","embeddable":true,"href":"https:\/\/xenonkungen.com\/es\/wp-json\/wp\/v2\/product_tag?post=24973"}],"curies":[{"name":"wp","href":"https:\/\/api.w.org\/{rel}","templated":true}]}}