{"id":2508,"date":"2025-04-15T08:38:32","date_gmt":"2025-04-15T08:38:32","guid":{"rendered":"https:\/\/xenonkungen.com\/product\/relahallare-for-minirela\/"},"modified":"2026-03-04T16:34:09","modified_gmt":"2026-03-04T15:34:09","slug":"portareles-para-minirele","status":"publish","type":"product","link":"https:\/\/xenonkungen.com\/es\/producto\/portareles-para-minirele\/","title":{"rendered":"Soporte para mini rel\u00e9"},"content":{"rendered":"<h1>Soporte para mini rel\u00e9s: \u00a1Instalaci\u00f3n suave, segura y sencilla!<\/h1>\n<p>\u00bfQuieres uno? <strong>soporte de rel\u00e9 fiable y duradero<\/strong> \u00bfQui\u00e9n realiza la instalaci\u00f3n? <strong>m\u00e1s simple, m\u00e1s bonito y m\u00e1s eficiente<\/strong>? Nuestro <strong>Soportes de rel\u00e9s de alta calidad para mini rel\u00e9s<\/strong> \u00a1Es la soluci\u00f3n perfecta para ti!<\/p>","protected":false},"excerpt":{"rendered":"<p>Portarrel\u00e9s para minirrel\u00e9s: \u00a1Instalaci\u00f3n sencilla, segura y sin complicaciones! \u00bfBusca un portarrel\u00e9s fiable y duradero que facilite su instalaci\u00f3n, sea m\u00e1s ordenada y eficiente? \u00a1Nuestro portarrel\u00e9s de alta calidad para minirrel\u00e9s es la soluci\u00f3n perfecta!<\/p>","protected":false},"featured_media":2509,"comment_status":"closed","ping_status":"open","template":"","meta":{"_acf_changed":false,"_smort_price_nok":"170","_smort_price_dkk":"108","_smort_price_eur":"14.45","_smort_sale_price_nok":"","_smort_sale_price_dkk":"","_smort_sale_price_eur":"","smort_restorder":"","shipmondo_restorder":"","_kad_blocks_custom_css":"","_kad_blocks_head_custom_js":"","_kad_blocks_body_custom_js":"","_kad_blocks_footer_custom_js":"","smort_custom_pricelist_1":"89.04","smort_custom_pricelist_2":"76.32","smort_custom_pricelist_3":"63.6","smort_custom_pricelist_4":"127.2","smort_custom_pricelist_5":"76.32"},"anvandningsomrade":[],"bilmarken":[],"product_brand":[117],"product_cat":[2468,390],"product_tag":[],"class_list":{"0":"post-2508","1":"product","2":"type-product","3":"status-publish","4":"has-post-thumbnail","6":"product_brand-xenonkungen","7":"product_cat-rela","8":"product_cat-installation","10":"first","11":"instock","12":"taxable","13":"shipping-taxable","14":"purchasable","15":"product-type-simple"},"bundled_by":[],"bundle_stock_status":"instock","bundle_stock_quantity":198,"bundle_virtual":false,"bundle_layout":"","bundle_add_to_cart_form_location":"","bundle_editable_in_cart":false,"bundle_sold_individually_context":"","bundle_item_grouping":"","bundle_min_size":"","bundle_max_size":"","bundle_price":[],"bundled_items":[],"bundle_sell_ids":[],"acf":[],"yoast_head":"<!-- This site is optimized with the Yoast SEO plugin v27.0 - https:\/\/yoast.com\/product\/yoast-seo-wordpress\/ -->\n<title>Rel\u00e4h\u00e5llare f\u00f6r minirel\u00e4 - Xenonkungen<\/title>\n<meta name=\"robots\" content=\"index, follow, max-snippet:-1, max-image-preview:large, max-video-preview:-1\" \/>\n<link rel=\"canonical\" href=\"https:\/\/xenonkungen.com\/es\/producto\/portareles-para-minirele\/\" \/>\n<meta property=\"og:locale\" content=\"es_ES\" \/>\n<meta property=\"og:type\" content=\"article\" \/>\n<meta property=\"og:title\" content=\"Rel\u00e4h\u00e5llare f\u00f6r minirel\u00e4 - Xenonkungen\" \/>\n<meta property=\"og:description\" content=\"Rel\u00e4h\u00e5llare f\u00f6r Minirel\u00e4 \u2013 Smidig, S\u00e4ker och Enkel Installation! Vill du ha en p\u00e5litlig och h\u00e5llbar rel\u00e4h\u00e5llare som g\u00f6r din installation enklare, snyggare och mer effektiv? V\u00e5r h\u00f6gkvalitativa rel\u00e4h\u00e5llare f\u00f6r minirel\u00e4er \u00e4r den perfekta l\u00f6sningen f\u00f6r dig!\" \/>\n<meta property=\"og:url\" content=\"https:\/\/xenonkungen.com\/es\/producto\/portareles-para-minirele\/\" \/>\n<meta property=\"og:site_name\" content=\"Xenonkungen\" \/>\n<meta property=\"article:modified_time\" content=\"2026-03-04T15:34:09+00:00\" \/>\n<meta property=\"og:image\" content=\"https:\/\/xenonkungen.com\/wp-content\/uploads\/2025\/04\/freecompress-4Lc3sNib-scaled.png\" \/>\n\t<meta property=\"og:image:width\" content=\"2560\" \/>\n\t<meta property=\"og:image:height\" content=\"2560\" \/>\n\t<meta property=\"og:image:type\" content=\"image\/png\" \/>\n<meta name=\"twitter:card\" content=\"summary_large_image\" \/>\n<script type=\"application\/ld+json\" class=\"yoast-schema-graph\">{\"@context\":\"https:\/\/schema.org\",\"@graph\":[{\"@type\":\"WebPage\",\"@id\":\"https:\/\/xenonkungen.com\/nl\/product\/relahallare-for-minirela\/\",\"url\":\"https:\/\/xenonkungen.com\/nl\/product\/relahallare-for-minirela\/\",\"name\":\"Rel\u00e4h\u00e5llare f\u00f6r minirel\u00e4 - Xenonkungen\",\"isPartOf\":{\"@id\":\"https:\/\/xenonkungen.com\/#website\"},\"primaryImageOfPage\":{\"@id\":\"https:\/\/xenonkungen.com\/nl\/product\/relahallare-for-minirela\/#primaryimage\"},\"image\":{\"@id\":\"https:\/\/xenonkungen.com\/nl\/product\/relahallare-for-minirela\/#primaryimage\"},\"thumbnailUrl\":\"https:\/\/xenonkungen.com\/wp-content\/uploads\/2025\/04\/freecompress-4Lc3sNib-scaled.png\",\"datePublished\":\"2025-04-15T08:38:32+00:00\",\"dateModified\":\"2026-03-04T15:34:09+00:00\",\"breadcrumb\":{\"@id\":\"https:\/\/xenonkungen.com\/nl\/product\/relahallare-for-minirela\/#breadcrumb\"},\"inLanguage\":\"es\",\"potentialAction\":[{\"@type\":\"ReadAction\",\"target\":[\"https:\/\/xenonkungen.com\/nl\/product\/relahallare-for-minirela\/\"]}]},{\"@type\":\"ImageObject\",\"inLanguage\":\"es\",\"@id\":\"https:\/\/xenonkungen.com\/nl\/product\/relahallare-for-minirela\/#primaryimage\",\"url\":\"https:\/\/xenonkungen.com\/wp-content\/uploads\/2025\/04\/freecompress-4Lc3sNib-scaled.png\",\"contentUrl\":\"https:\/\/xenonkungen.com\/wp-content\/uploads\/2025\/04\/freecompress-4Lc3sNib-scaled.png\",\"width\":2560,\"height\":2560},{\"@type\":\"BreadcrumbList\",\"@id\":\"https:\/\/xenonkungen.com\/nl\/product\/relahallare-for-minirela\/#breadcrumb\",\"itemListElement\":[{\"@type\":\"ListItem\",\"position\":1,\"name\":\"Hem\",\"item\":\"https:\/\/xenonkungen.com\/\"},{\"@type\":\"ListItem\",\"position\":2,\"name\":\"Shop\",\"item\":\"https:\/\/xenonkungen.com\/shop\/\"},{\"@type\":\"ListItem\",\"position\":3,\"name\":\"Rel\u00e4h\u00e5llare f\u00f6r minirel\u00e4\"}]},{\"@type\":\"WebSite\",\"@id\":\"https:\/\/xenonkungen.com\/#website\",\"url\":\"https:\/\/xenonkungen.com\/\",\"name\":\"Xenonkungen\",\"description\":\"\",\"potentialAction\":[{\"@type\":\"SearchAction\",\"target\":{\"@type\":\"EntryPoint\",\"urlTemplate\":\"https:\/\/xenonkungen.com\/?s={search_term_string}\"},\"query-input\":{\"@type\":\"PropertyValueSpecification\",\"valueRequired\":true,\"valueName\":\"search_term_string\"}}],\"inLanguage\":\"es\"}]}<\/script>\n<!-- \/ Yoast SEO plugin. -->","yoast_head_json":{"title":"Soporte de rel\u00e9 para mini rel\u00e9 - Xenonkungen","robots":{"index":"index","follow":"follow","max-snippet":"max-snippet:-1","max-image-preview":"max-image-preview:large","max-video-preview":"max-video-preview:-1"},"canonical":"https:\/\/xenonkungen.com\/es\/producto\/portareles-para-minirele\/","og_locale":"es_ES","og_type":"article","og_title":"Rel\u00e4h\u00e5llare f\u00f6r minirel\u00e4 - Xenonkungen","og_description":"Rel\u00e4h\u00e5llare f\u00f6r Minirel\u00e4 \u2013 Smidig, S\u00e4ker och Enkel Installation! Vill du ha en p\u00e5litlig och h\u00e5llbar rel\u00e4h\u00e5llare som g\u00f6r din installation enklare, snyggare och mer effektiv? V\u00e5r h\u00f6gkvalitativa rel\u00e4h\u00e5llare f\u00f6r minirel\u00e4er \u00e4r den perfekta l\u00f6sningen f\u00f6r dig!","og_url":"https:\/\/xenonkungen.com\/es\/producto\/portareles-para-minirele\/","og_site_name":"Xenonkungen","article_modified_time":"2026-03-04T15:34:09+00:00","og_image":[{"width":2560,"height":2560,"url":"https:\/\/xenonkungen.com\/wp-content\/uploads\/2025\/04\/freecompress-4Lc3sNib-scaled.png","type":"image\/png"}],"twitter_card":"summary_large_image","schema":{"@context":"https:\/\/schema.org","@graph":[{"@type":"WebPage","@id":"https:\/\/xenonkungen.com\/nl\/product\/relahallare-for-minirela\/","url":"https:\/\/xenonkungen.com\/nl\/product\/relahallare-for-minirela\/","name":"Soporte de rel\u00e9 para mini rel\u00e9 - Xenonkungen","isPartOf":{"@id":"https:\/\/xenonkungen.com\/#website"},"primaryImageOfPage":{"@id":"https:\/\/xenonkungen.com\/nl\/product\/relahallare-for-minirela\/#primaryimage"},"image":{"@id":"https:\/\/xenonkungen.com\/nl\/product\/relahallare-for-minirela\/#primaryimage"},"thumbnailUrl":"https:\/\/xenonkungen.com\/wp-content\/uploads\/2025\/04\/freecompress-4Lc3sNib-scaled.png","datePublished":"2025-04-15T08:38:32+00:00","dateModified":"2026-03-04T15:34:09+00:00","breadcrumb":{"@id":"https:\/\/xenonkungen.com\/nl\/product\/relahallare-for-minirela\/#breadcrumb"},"inLanguage":"es","potentialAction":[{"@type":"ReadAction","target":["https:\/\/xenonkungen.com\/nl\/product\/relahallare-for-minirela\/"]}]},{"@type":"ImageObject","inLanguage":"es","@id":"https:\/\/xenonkungen.com\/nl\/product\/relahallare-for-minirela\/#primaryimage","url":"https:\/\/xenonkungen.com\/wp-content\/uploads\/2025\/04\/freecompress-4Lc3sNib-scaled.png","contentUrl":"https:\/\/xenonkungen.com\/wp-content\/uploads\/2025\/04\/freecompress-4Lc3sNib-scaled.png","width":2560,"height":2560},{"@type":"BreadcrumbList","@id":"https:\/\/xenonkungen.com\/nl\/product\/relahallare-for-minirela\/#breadcrumb","itemListElement":[{"@type":"ListItem","position":1,"name":"Hem","item":"https:\/\/xenonkungen.com\/"},{"@type":"ListItem","position":2,"name":"Shop","item":"https:\/\/xenonkungen.com\/shop\/"},{"@type":"ListItem","position":3,"name":"Rel\u00e4h\u00e5llare f\u00f6r minirel\u00e4"}]},{"@type":"WebSite","@id":"https:\/\/xenonkungen.com\/#website","url":"https:\/\/xenonkungen.com\/","name":"Xenonkungen","description":"","potentialAction":[{"@type":"SearchAction","target":{"@type":"EntryPoint","urlTemplate":"https:\/\/xenonkungen.com\/?s={search_term_string}"},"query-input":{"@type":"PropertyValueSpecification","valueRequired":true,"valueName":"search_term_string"}}],"inLanguage":"es"}]}},"taxonomy_info":{"product_brand":[{"value":117,"label":"Xenonkungen"}],"product_cat":[{"value":2468,"label":"Rel\u00e4"},{"value":390,"label":"Installation"}]},"featured_image_src_large":["https:\/\/xenonkungen.com\/wp-content\/uploads\/2025\/04\/freecompress-4Lc3sNib-1024x1024.png",1024,1024,true],"author_info":[],"comment_info":0,"_links":{"self":[{"href":"https:\/\/xenonkungen.com\/es\/wp-json\/wp\/v2\/product\/2508","targetHints":{"allow":["GET"]}}],"collection":[{"href":"https:\/\/xenonkungen.com\/es\/wp-json\/wp\/v2\/product"}],"about":[{"href":"https:\/\/xenonkungen.com\/es\/wp-json\/wp\/v2\/types\/product"}],"replies":[{"embeddable":true,"href":"https:\/\/xenonkungen.com\/es\/wp-json\/wp\/v2\/comments?post=2508"}],"wp:featuredmedia":[{"embeddable":true,"href":"https:\/\/xenonkungen.com\/es\/wp-json\/wp\/v2\/media\/2509"}],"wp:attachment":[{"href":"https:\/\/xenonkungen.com\/es\/wp-json\/wp\/v2\/media?parent=2508"}],"wp:term":[{"taxonomy":"anvandningsomrade","embeddable":true,"href":"https:\/\/xenonkungen.com\/es\/wp-json\/wp\/v2\/anvandningsomrade?post=2508"},{"taxonomy":"bilmarken","embeddable":true,"href":"https:\/\/xenonkungen.com\/es\/wp-json\/wp\/v2\/bilmarken?post=2508"},{"taxonomy":"product_brand","embeddable":true,"href":"https:\/\/xenonkungen.com\/es\/wp-json\/wp\/v2\/product_brand?post=2508"},{"taxonomy":"product_cat","embeddable":true,"href":"https:\/\/xenonkungen.com\/es\/wp-json\/wp\/v2\/product_cat?post=2508"},{"taxonomy":"product_tag","embeddable":true,"href":"https:\/\/xenonkungen.com\/es\/wp-json\/wp\/v2\/product_tag?post=2508"}],"curies":[{"name":"wp","href":"https:\/\/api.w.org\/{rel}","templated":true}]}}